{"id":37867,"date":"2025-04-23T11:34:08","date_gmt":"2025-04-23T14:34:08","guid":{"rendered":"https:\/\/israelitaedu.com.br\/marketing\/?page_id=37867"},"modified":"2026-04-10T11:28:19","modified_gmt":"2026-04-10T14:28:19","slug":"cardapio-educacao-infantil-2026","status":"publish","type":"page","link":"https:\/\/israelitaedu.com.br\/marketing\/cardapio-educacao-infantil-2026\/","title":{"rendered":"Card\u00e1pio Educa\u00e7\u00e3o Infantil"},"content":{"rendered":"\t\t<div data-elementor-type=\"wp-page\" data-elementor-id=\"37867\" class=\"elementor elementor-37867\" data-elementor-post-type=\"page\">\n\t\t\t\t<div class=\"elementor-element elementor-element-a660d8f e-flex e-con-boxed e-con e-parent\" data-id=\"a660d8f\" data-element_type=\"container\" data-e-type=\"container\">\n\t\t\t\t\t<div class=\"e-con-inner\">\n\t\t\t\t<div class=\"elementor-element elementor-element-457e5e6 elementor-widget elementor-widget-text-editor\" data-id=\"457e5e6\" data-element_type=\"widget\" data-e-type=\"widget\" data-widget_type=\"text-editor.default\">\n\t\t\t\t\t\t\t\t\t<div class=\"_df_book df-lite\" id=\"df_39786\"  _slug=\"cardapio-ed-infantil-abril-v2\" data-title=\"cardapio-ed-infantil-abril-v2\" wpoptions=\"true\" thumbtype=\"\" ><\/div><script class=\"df-shortcode-script\" nowprocket type=\"application\/javascript\">window.option_df_39786 = {\"outline\":[],\"autoEnableOutline\":\"false\",\"autoEnableThumbnail\":\"false\",\"overwritePDFOutline\":\"false\",\"direction\":\"1\",\"pageSize\":\"0\",\"source\":\"http:\\\/\\\/israelitaedu.com.br\\\/marketing\\\/wp-content\\\/uploads\\\/2026\\\/04\\\/Cardapio-mensal-ABRI.26-Educacao-Infantil-CIB-1.pdf\",\"wpOptions\":\"true\"}; if(window.DFLIP && window.DFLIP.parseBooks){window.DFLIP.parseBooks();}<\/script>\t\t\t\t\t\t\t\t<\/div>\n\t\t\t\t\t<\/div>\n\t\t\t\t<\/div>\n\t\t\t\t<\/div>\n\t\t","protected":false},"excerpt":{"rendered":"","protected":false},"author":5,"featured_media":0,"parent":0,"menu_order":0,"comment_status":"closed","ping_status":"closed","template":"","meta":{"footnotes":""},"class_list":["post-37867","page","type-page","status-publish","hentry"],"_links":{"self":[{"href":"https:\/\/israelitaedu.com.br\/marketing\/wp-json\/wp\/v2\/pages\/37867","targetHints":{"allow":["GET"]}}],"collection":[{"href":"https:\/\/israelitaedu.com.br\/marketing\/wp-json\/wp\/v2\/pages"}],"about":[{"href":"https:\/\/israelitaedu.com.br\/marketing\/wp-json\/wp\/v2\/types\/page"}],"author":[{"embeddable":true,"href":"https:\/\/israelitaedu.com.br\/marketing\/wp-json\/wp\/v2\/users\/5"}],"replies":[{"embeddable":true,"href":"https:\/\/israelitaedu.com.br\/marketing\/wp-json\/wp\/v2\/comments?post=37867"}],"version-history":[{"count":43,"href":"https:\/\/israelitaedu.com.br\/marketing\/wp-json\/wp\/v2\/pages\/37867\/revisions"}],"predecessor-version":[{"id":39791,"href":"https:\/\/israelitaedu.com.br\/marketing\/wp-json\/wp\/v2\/pages\/37867\/revisions\/39791"}],"wp:attachment":[{"href":"https:\/\/israelitaedu.com.br\/marketing\/wp-json\/wp\/v2\/media?parent=37867"}],"curies":[{"name":"wp","href":"https:\/\/api.w.org\/{rel}","templated":true}]}}