{"id":888,"date":"2025-04-22T09:43:46","date_gmt":"2025-04-22T12:43:46","guid":{"rendered":"https:\/\/israelitaedu.com.br\/guiaescolar\/?page_id=888"},"modified":"2026-02-13T18:07:29","modified_gmt":"2026-02-13T21:07:29","slug":"ensino-fundamental-1","status":"publish","type":"page","link":"https:\/\/israelitaedu.com.br\/guiaescolar\/ensino-fundamental-1\/","title":{"rendered":"Ensino Fundamental 1"},"content":{"rendered":"\t\t<div data-elementor-type=\"wp-page\" data-elementor-id=\"888\" class=\"elementor elementor-888\" data-elementor-post-type=\"page\">\n\t\t\t\t<div class=\"elementor-element elementor-element-160cef6f e-flex e-con-boxed e-con e-parent\" data-id=\"160cef6f\" data-element_type=\"container\" data-e-type=\"container\">\n\t\t\t\t\t<div class=\"e-con-inner\">\n\t\t<div class=\"elementor-element elementor-element-760ac3c1 e-con-full e-flex e-con e-child\" data-id=\"760ac3c1\" data-element_type=\"container\" data-e-type=\"container\">\n\t\t\t\t<div class=\"elementor-element elementor-element-5d400ed8 elementor-widget elementor-widget-heading\" data-id=\"5d400ed8\" data-element_type=\"widget\" data-e-type=\"widget\" data-widget_type=\"heading.default\">\n\t\t\t\t<div class=\"elementor-widget-container\">\n\t\t\t\t\t<h2 class=\"elementor-heading-title elementor-size-default\">Ensino Fundamental 1<\/h2>\t\t\t\t<\/div>\n\t\t\t\t<\/div>\n\t\t\t\t<div class=\"elementor-element elementor-element-952cb00 elementor-widget elementor-widget-heading\" data-id=\"952cb00\" data-element_type=\"widget\" data-e-type=\"widget\" data-widget_type=\"heading.default\">\n\t\t\t\t<div class=\"elementor-widget-container\">\n\t\t\t\t\t<h2 class=\"elementor-heading-title elementor-size-default\">1\u00ba ao 5\u00ba ano<\/h2>\t\t\t\t<\/div>\n\t\t\t\t<\/div>\n\t\t\t\t<\/div>\n\t\t<div class=\"elementor-element elementor-element-21c32c0e e-con-full e-flex e-con e-child\" data-id=\"21c32c0e\" data-element_type=\"container\" data-e-type=\"container\">\n\t\t\t\t<div class=\"elementor-element elementor-element-352e7df elementor-widget elementor-widget-text-editor\" data-id=\"352e7df\" data-element_type=\"widget\" data-e-type=\"widget\" data-widget_type=\"text-editor.default\">\n\t\t\t\t<div class=\"elementor-widget-container\">\n\t\t\t\t\t\t\t\t\t<p><span style=\"font-weight: 400;\">O Ensino Fundamental 1 d\u00e1 continuidade \u00e0 forma\u00e7\u00e3o integral iniciada na Educa\u00e7\u00e3o Infantil, ampliando repert\u00f3rios e consolidando aprendizagens nas diferentes \u00e1reas do conhecimento. Nesta etapa,\u00a0 os estudantes desenvolvem habilidades e compet\u00eancias cognitivas e socioemocionais, atrav\u00e9s de desafios que ampliam e aprofundam seus conhecimentos nas diferentes \u00e1reas do conhecimento, de forma interdisciplinar.\u00a0<\/span><\/p><p><span style=\"font-weight: 400;\">Com estrat\u00e9gias de ensino personalizadas, incentivamos os estudantes a serem protagonistas do pr\u00f3prio aprendizado, participando de processos e projetos que despertam sua curiosidade e os preparam para enfrentar os desafios do mundo atual com criatividade e inova\u00e7\u00e3o.<\/span><\/p><p><span style=\"font-weight: 400;\">A equipe de coordena\u00e7\u00e3o do Ensino Fundamental 1 re\u00fane profissionais especializados em dimens\u00f5es pedag\u00f3gicas, educacionais, esportivas e culturais, assegurando uma experi\u00eancia escolar ampla, consistente e alinhada \u00e0 identidade institucional.<\/span><\/p><p><span style=\"font-weight: 400;\">Eliane Beatriz Kuhn \u2013 Coordenadora Administrativo-Pedag\u00f3gica<\/span><span style=\"font-weight: 400;\"><br \/><\/span><span style=\"font-weight: 400;\">Giovanna Gon\u00e7alves de Bortoli \u2013 Coordenadora Educacional<\/span><span style=\"font-weight: 400;\"><br \/><\/span><span style=\"font-weight: 400;\">Graziela Pereira Lopes \u2013 Coordenadora Educacional <\/span><span style=\"font-weight: 400;\"><br \/><\/span><span style=\"font-weight: 400;\">Mariana Wainer e Amanda Chmelnitsky de Mattos \u2013 Coordenadoras de Dan\u00e7a Israeli<\/span><span style=\"font-weight: 400;\"><br \/><\/span><span style=\"font-weight: 400;\">Daniel Brauner \u2013 Coordenador de Esportes<\/span><span style=\"font-weight: 400;\"><br \/><\/span><span style=\"font-weight: 400;\">Katiane Freitas da Cunha \u2013 Secret\u00e1ria de Curso<\/span><\/p><p><span style=\"font-weight: 400;\">Canais de contato via aplicativo:<\/span><span style=\"font-weight: 400;\"><br \/><\/span><b>Coordena\u00e7\u00e3o Ensino Fundamental 1<\/b><b><br \/><\/b><b>Secret\u00e1ria Ensino Fundamental 1\u00a0<\/b><\/p>\t\t\t\t\t\t\t\t<\/div>\n\t\t\t\t<\/div>\n\t\t\t\t<\/div>\n\t\t\t\t\t<\/div>\n\t\t\t\t<\/div>\n\t\t<div class=\"elementor-element elementor-element-c78ae03 e-con-full e-flex e-con e-child\" data-id=\"c78ae03\" data-element_type=\"container\" data-e-type=\"container\">\n\t\t\t\t<div class=\"elementor-element elementor-element-3ed3a047 elementor-widget elementor-widget-heading\" data-id=\"3ed3a047\" data-element_type=\"widget\" data-e-type=\"widget\" data-widget_type=\"heading.default\">\n\t\t\t\t<div class=\"elementor-widget-container\">\n\t\t\t\t\t<h2 class=\"elementor-heading-title elementor-size-default\"><span style=\"font-size: 33px;font-weight: 400;text-align: center\">Navega\u00e7\u00e3o&nbsp;<\/span><span style=\"font-size: 33px;font-weight: 400;text-align: center\">EF1<\/span><\/h2>\t\t\t\t<\/div>\n\t\t\t\t<\/div>\n\t\t<div class=\"elementor-element elementor-element-bee9d32 e-grid e-con-full e-con e-child\" data-id=\"bee9d32\" data-element_type=\"container\" data-e-type=\"container\">\n\t\t\t\t<div class=\"elementor-element elementor-element-66274c18 elementor-widget elementor-widget-html\" data-id=\"66274c18\" data-element_type=\"widget\" data-e-type=\"widget\" data-widget_type=\"html.default\">\n\t\t\t\t<div class=\"elementor-widget-container\">\n\t\t\t\t\t<a href=\"\/guiaescolar\/planos-de-ensino-ensino-fundamental-1\/\" style=\"text-decoration: none;\">\r\n  <button class=\"comic-button\">Planos<br>de Ensino<\/button>\r\n<\/a>\t\t\t\t<\/div>\n\t\t\t\t<\/div>\n\t\t\t\t<div class=\"elementor-element elementor-element-6f330b18 elementor-widget elementor-widget-html\" data-id=\"6f330b18\" data-element_type=\"widget\" data-e-type=\"widget\" data-widget_type=\"html.default\">\n\t\t\t\t<div class=\"elementor-widget-container\">\n\t\t\t\t\t<a href=\"\/guiaescolar\/ensino-fundamental-1\/reunioes-de-turmas\" style=\"text-decoration: none;\">\r\n  <button class=\"comic-button\">Reuni\u00f5es<br> de Turmas<\/button>\r\n<\/a>\t\t\t\t<\/div>\n\t\t\t\t<\/div>\n\t\t\t\t<div class=\"elementor-element elementor-element-4d9dd28a elementor-widget elementor-widget-html\" data-id=\"4d9dd28a\" data-element_type=\"widget\" data-e-type=\"widget\" data-widget_type=\"html.default\">\n\t\t\t\t<div class=\"elementor-widget-container\">\n\t\t\t\t\t<a href=\"\/guiaescolar\/ensino-fundamental-1\/avaliacoes\" style=\"text-decoration: none;\">\r\n  <button class=\"comic-button\">Avalia\u00e7\u00f5es<\/button>\r\n<\/a>\t\t\t\t<\/div>\n\t\t\t\t<\/div>\n\t\t\t\t<div class=\"elementor-element elementor-element-65edabbc elementor-widget elementor-widget-html\" data-id=\"65edabbc\" data-element_type=\"widget\" data-e-type=\"widget\" data-widget_type=\"html.default\">\n\t\t\t\t<div class=\"elementor-widget-container\">\n\t\t\t\t\t<a href=\"\/guiaescolar\/ensino-fundamental-1\/horarios\" style=\"text-decoration: none;\">\r\n  <button class=\"comic-button\">Hor\u00e1rios<\/button>\r\n<\/a>\t\t\t\t<\/div>\n\t\t\t\t<\/div>\n\t\t\t\t<div class=\"elementor-element elementor-element-23cd9beb elementor-widget elementor-widget-html\" data-id=\"23cd9beb\" data-element_type=\"widget\" data-e-type=\"widget\" data-widget_type=\"html.default\">\n\t\t\t\t<div class=\"elementor-widget-container\">\n\t\t\t\t\t<a href=\"\/guiaescolar\/ensino-fundamental-1\/entrada-e-saida\" style=\"text-decoration: none;\">\r\n  <button class=\"comic-button\">Entrada<br>e Sa\u00edda<\/button>\r\n<\/a>\t\t\t\t<\/div>\n\t\t\t\t<\/div>\n\t\t\t\t<div class=\"elementor-element elementor-element-5194f76a elementor-widget elementor-widget-html\" data-id=\"5194f76a\" data-element_type=\"widget\" data-e-type=\"widget\" data-widget_type=\"html.default\">\n\t\t\t\t<div class=\"elementor-widget-container\">\n\t\t\t\t\t<a href=\"\/guiaescolar\/ensino-fundamental-1\/saida-de-estudos\" style=\"text-decoration: none;\">\r\n  <button class=\"comic-button\">Sa\u00eddas<br>de Estudos<\/button>\r\n<\/a>\t\t\t\t<\/div>\n\t\t\t\t<\/div>\n\t\t\t\t<div class=\"elementor-element elementor-element-525711f elementor-widget elementor-widget-html\" data-id=\"525711f\" data-element_type=\"widget\" data-e-type=\"widget\" data-widget_type=\"html.default\">\n\t\t\t\t<div class=\"elementor-widget-container\">\n\t\t\t\t\t<a href=\"\/guiaescolar\/extracurriculares\/\" style=\"text-decoration: none;\">\r\n  <button class=\"comic-button\">Extra-<br>curriculares<\/button>\r\n<\/a>\t\t\t\t<\/div>\n\t\t\t\t<\/div>\n\t\t\t\t<div class=\"elementor-element elementor-element-40067708 elementor-widget elementor-widget-html\" data-id=\"40067708\" data-element_type=\"widget\" data-e-type=\"widget\" data-widget_type=\"html.default\">\n\t\t\t\t<div class=\"elementor-widget-container\">\n\t\t\t\t\t<a href=\"\/guiaescolar\/aee\/\" style=\"text-decoration: none;\">\r\n  <button class=\"comic-button\">AEE<\/button>\r\n<\/a>\t\t\t\t<\/div>\n\t\t\t\t<\/div>\n\t\t\t\t<div class=\"elementor-element elementor-element-9222a21 elementor-widget elementor-widget-html\" data-id=\"9222a21\" data-element_type=\"widget\" data-e-type=\"widget\" data-widget_type=\"html.default\">\n\t\t\t\t<div class=\"elementor-widget-container\">\n\t\t\t\t\t<a href=\"\/guiaescolar\/ensino-fundamental-1\/shabat-com-familias\" style=\"text-decoration: none;\">\r\n  <button class=\"comic-button\">Shabat<br>com Fam\u00edlias<\/button>\r\n<\/a>\t\t\t\t<\/div>\n\t\t\t\t<\/div>\n\t\t\t\t<div class=\"elementor-element elementor-element-9292c91 elementor-widget elementor-widget-html\" data-id=\"9292c91\" data-element_type=\"widget\" data-e-type=\"widget\" data-widget_type=\"html.default\">\n\t\t\t\t<div class=\"elementor-widget-container\">\n\t\t\t\t\t<a href=\"\/guiaescolar\/ensino-fundamental-1\/aniversario\" style=\"text-decoration: none;\">\r\n  <button class=\"comic-button\">Anivers\u00e1rio<\/button>\r\n<\/a>\t\t\t\t<\/div>\n\t\t\t\t<\/div>\n\t\t\t\t<div class=\"elementor-element elementor-element-15b90a19 elementor-widget elementor-widget-html\" data-id=\"15b90a19\" data-element_type=\"widget\" data-e-type=\"widget\" data-widget_type=\"html.default\">\n\t\t\t\t<div class=\"elementor-widget-container\">\n\t\t\t\t\t<a href=\"\/guiaescolar\/ensino-fundamental-1\/lista-de-materiais\" style=\"text-decoration: none;\">\r\n  <button class=\"comic-button\">Lista<br>de Materiais<\/button>\r\n<\/a>\t\t\t\t<\/div>\n\t\t\t\t<\/div>\n\t\t\t\t<div class=\"elementor-element elementor-element-6289b331 elementor-widget elementor-widget-html\" data-id=\"6289b331\" data-element_type=\"widget\" data-e-type=\"widget\" data-widget_type=\"html.default\">\n\t\t\t\t<div class=\"elementor-widget-container\">\n\t\t\t\t\t<a href=\"\/guiaescolar\/ensino-fundamental-1\/plataformas-educacionais\" style=\"text-decoration: none;\">\r\n  <button class=\"comic-button\">Plataformas<br>Educacionais<\/button>\r\n<\/a>\t\t\t\t<\/div>\n\t\t\t\t<\/div>\n\t\t\t\t<div class=\"elementor-element elementor-element-653eef0f elementor-widget elementor-widget-html\" data-id=\"653eef0f\" data-element_type=\"widget\" data-e-type=\"widget\" data-widget_type=\"html.default\">\n\t\t\t\t<div class=\"elementor-widget-container\">\n\t\t\t\t\t<a href=\"\/guiaescolar\/ensino-fundamental-1\/recreacao\" style=\"text-decoration: none;\">\r\n  <button class=\"comic-button\">Recrea\u00e7\u00e3o<\/button>\r\n<\/a>\t\t\t\t<\/div>\n\t\t\t\t<\/div>\n\t\t\t\t<div class=\"elementor-element elementor-element-468d9dd5 elementor-widget elementor-widget-html\" data-id=\"468d9dd5\" data-element_type=\"widget\" data-e-type=\"widget\" data-widget_type=\"html.default\">\n\t\t\t\t<div class=\"elementor-widget-container\">\n\t\t\t\t\t<a href=\"\/guiaescolar\/ensino-fundamental-1\/avaliacoes-externas\" style=\"text-decoration: none;\">\r\n  <button class=\"comic-button\">Avalia\u00e7\u00f5es<br>Externas<\/button>\r\n<\/a>\t\t\t\t<\/div>\n\t\t\t\t<\/div>\n\t\t\t\t<div class=\"elementor-element elementor-element-3ea66b21 elementor-widget elementor-widget-html\" data-id=\"3ea66b21\" data-element_type=\"widget\" data-e-type=\"widget\" data-widget_type=\"html.default\">\n\t\t\t\t<div class=\"elementor-widget-container\">\n\t\t\t\t\t<a href=\"\/guiaescolar\/ensino-fundamental-1\/salas-de-aula-ef1\/\" style=\"text-decoration: none;\">\r\n  <button class=\"comic-button\">Salas<br>de Aula<\/button>\r\n<\/a>\t\t\t\t<\/div>\n\t\t\t\t<\/div>\n\t\t\t\t<div class=\"elementor-element elementor-element-78995331 elementor-widget elementor-widget-html\" data-id=\"78995331\" data-element_type=\"widget\" data-e-type=\"widget\" data-widget_type=\"html.default\">\n\t\t\t\t<div class=\"elementor-widget-container\">\n\t\t\t\t\t<a href=\"\/guiaescolar\/ensino-fundamental-1\/ir-ktana\" style=\"text-decoration: none;\">\r\n  <button class=\"comic-button\">Ir Ktan\u00e1<\/button>\r\n<\/a>\t\t\t\t<\/div>\n\t\t\t\t<\/div>\n\t\t\t\t<\/div>\n\t\t\t\t<\/div>\n\t\t\t\t<\/div>\n\t\t","protected":false},"excerpt":{"rendered":"<p>Ensino Fundamental 1 1\u00ba ao 5\u00ba ano O Ensino Fundamental 1 d\u00e1 continuidade \u00e0 forma\u00e7\u00e3o integral iniciada na Educa\u00e7\u00e3o Infantil, ampliando repert\u00f3rios e consolidando aprendizagens nas diferentes \u00e1reas do conhecimento. Nesta etapa,\u00a0 os estudantes desenvolvem habilidades e compet\u00eancias cognitivas e socioemocionais, atrav\u00e9s de desafios que ampliam e aprofundam seus conhecimentos nas diferentes \u00e1reas do conhecimento, [&hellip;]<\/p>\n","protected":false},"author":6,"featured_media":0,"parent":0,"menu_order":0,"comment_status":"closed","ping_status":"closed","template":"","meta":{"footnotes":""},"class_list":["post-888","page","type-page","status-publish","hentry"],"_links":{"self":[{"href":"https:\/\/israelitaedu.com.br\/guiaescolar\/wp-json\/wp\/v2\/pages\/888","targetHints":{"allow":["GET"]}}],"collection":[{"href":"https:\/\/israelitaedu.com.br\/guiaescolar\/wp-json\/wp\/v2\/pages"}],"about":[{"href":"https:\/\/israelitaedu.com.br\/guiaescolar\/wp-json\/wp\/v2\/types\/page"}],"author":[{"embeddable":true,"href":"https:\/\/israelitaedu.com.br\/guiaescolar\/wp-json\/wp\/v2\/users\/6"}],"replies":[{"embeddable":true,"href":"https:\/\/israelitaedu.com.br\/guiaescolar\/wp-json\/wp\/v2\/comments?post=888"}],"version-history":[{"count":36,"href":"https:\/\/israelitaedu.com.br\/guiaescolar\/wp-json\/wp\/v2\/pages\/888\/revisions"}],"predecessor-version":[{"id":7766,"href":"https:\/\/israelitaedu.com.br\/guiaescolar\/wp-json\/wp\/v2\/pages\/888\/revisions\/7766"}],"wp:attachment":[{"href":"https:\/\/israelitaedu.com.br\/guiaescolar\/wp-json\/wp\/v2\/media?parent=888"}],"curies":[{"name":"wp","href":"https:\/\/api.w.org\/{rel}","templated":true}]}}