{"id":806,"date":"2025-04-17T14:20:18","date_gmt":"2025-04-17T17:20:18","guid":{"rendered":"https:\/\/israelitaedu.com.br\/guiaescolar\/?page_id=806"},"modified":"2025-12-07T22:54:06","modified_gmt":"2025-12-08T01:54:06","slug":"aniversario","status":"publish","type":"page","link":"https:\/\/israelitaedu.com.br\/guiaescolar\/educacao-infantil\/aniversario\/","title":{"rendered":"Anivers\u00e1rio &#8211; EI"},"content":{"rendered":"\t\t<div data-elementor-type=\"wp-page\" data-elementor-id=\"806\" class=\"elementor elementor-806\" data-elementor-post-type=\"page\">\n\t\t\t\t<div class=\"elementor-element elementor-element-58792472 e-flex e-con-boxed e-con e-parent\" data-id=\"58792472\" data-element_type=\"container\" data-e-type=\"container\">\n\t\t\t\t\t<div class=\"e-con-inner\">\n\t\t<div class=\"elementor-element elementor-element-354f87c4 e-con-full e-flex e-con e-child\" data-id=\"354f87c4\" data-element_type=\"container\" data-e-type=\"container\">\n\t\t\t\t<div class=\"elementor-element elementor-element-85a88a4 elementor-widget elementor-widget-heading\" data-id=\"85a88a4\" data-element_type=\"widget\" data-e-type=\"widget\" data-widget_type=\"heading.default\">\n\t\t\t\t<div class=\"elementor-widget-container\">\n\t\t\t\t\t<h2 class=\"elementor-heading-title elementor-size-default\">Anivers\u00e1rios<\/h2>\t\t\t\t<\/div>\n\t\t\t\t<\/div>\n\t\t\t\t<\/div>\n\t\t<div class=\"elementor-element elementor-element-1bf6b578 e-con-full e-flex e-con e-child\" data-id=\"1bf6b578\" data-element_type=\"container\" data-e-type=\"container\">\n\t\t\t\t<div class=\"elementor-element elementor-element-66e6e046 elementor-widget elementor-widget-text-editor\" data-id=\"66e6e046\" data-element_type=\"widget\" data-e-type=\"widget\" data-widget_type=\"text-editor.default\">\n\t\t\t\t<div class=\"elementor-widget-container\">\n\t\t\t\t\t\t\t\t\t<p><span style=\"font-weight: 400;\">As comemora\u00e7\u00f5es de anivers\u00e1rio na Educa\u00e7\u00e3o Infantil seguem orienta\u00e7\u00f5es que garantem organiza\u00e7\u00e3o, bem-estar e equidade para todas as crian\u00e7as.<\/span><\/p>\n<p><b>Agendamento:<\/b><span style=\"font-weight: 400;\"> a celebra\u00e7\u00e3o deve ser combinada com a professora com, no m\u00ednimo,&nbsp; <\/span><b>72 horas de anteced\u00eancia<\/b><span style=\"font-weight: 400;\">.<\/span><\/p>\n<p><b>Participantes:<\/b><span style=\"font-weight: 400;\"> a comemora\u00e7\u00e3o \u00e9 restrita \u00e0 <\/span><b>turma e \u00e0 professora<\/b><span style=\"font-weight: 400;\">.<\/span><\/p>\n<p><b>Convites em sala:<\/b><span style=\"font-weight: 400;\"> n\u00e3o \u00e9 permitida a entrega de convites para festas externas, exceto quando <\/span><b>todos os colegas<\/b><span style=\"font-weight: 400;\"> forem convidados.<\/span><\/p>\n<p><b>Decora\u00e7\u00e3o:<\/b><span style=\"font-weight: 400;\"> n\u00e3o \u00e9 permitido trazer decora\u00e7\u00f5es para a sala.<\/span><\/p>\n<p><b>Lanche:<\/b><span style=\"font-weight: 400;\"> consulte previamente a professora sobre&nbsp; a proposta de lanche a ser enviada, <\/span><b>restri\u00e7\u00f5es alimentares dos colegas e sobre as diretrizes da Escola para alimentos permitidos<\/b><span style=\"font-weight: 400;\">.<\/span><\/p>\n<p><b>Lembrancinhas:<\/b><span style=\"font-weight: 400;\"> n\u00e3o \u00e9 permitida a distribui\u00e7\u00e3o de lembrancinhas no ambiente escolar.<\/span><\/p>\n<p><b>Sa\u00eddas antecipadas:<\/b><span style=\"font-weight: 400;\"> n\u00e3o s\u00e3o permitidas sa\u00eddas da turma para participa\u00e7\u00e3o em festas durante o hor\u00e1rio curricular.<\/span><\/p>\n<p><b>Espa\u00e7os coletivos:<\/b><span style=\"font-weight: 400;\"> comemora\u00e7\u00f5es de anivers\u00e1rio n\u00e3o podem ocorrer nos espa\u00e7os coletivos do Col\u00e9gio.<\/span><\/p>\t\t\t\t\t\t\t\t<\/div>\n\t\t\t\t<\/div>\n\t\t\t\t<div class=\"elementor-element elementor-element-2017aebd elementor-widget elementor-widget-heading\" data-id=\"2017aebd\" data-element_type=\"widget\" data-e-type=\"widget\" data-widget_type=\"heading.default\">\n\t\t\t\t<div class=\"elementor-widget-container\">\n\t\t\t\t\t<h2 class=\"elementor-heading-title elementor-size-default\">Navega\u00e7\u00e3o EI<\/h2>\t\t\t\t<\/div>\n\t\t\t\t<\/div>\n\t\t<div class=\"elementor-element elementor-element-2e3721df e-grid e-con-full e-con e-child\" data-id=\"2e3721df\" data-element_type=\"container\" data-e-type=\"container\">\n\t\t\t\t<div class=\"elementor-element elementor-element-2a9573a1 elementor-widget elementor-widget-html\" data-id=\"2a9573a1\" data-element_type=\"widget\" data-e-type=\"widget\" data-widget_type=\"html.default\">\n\t\t\t\t<div class=\"elementor-widget-container\">\n\t\t\t\t\t<a href=\"\/guiaescolar\/educacao-infantil\/horarios\" style=\"text-decoration: none;\">\r\n  <button class=\"comic-button\">Hor\u00e1rios<\/button>\r\n<\/a>\t\t\t\t<\/div>\n\t\t\t\t<\/div>\n\t\t\t\t<div class=\"elementor-element elementor-element-114f1dfb elementor-widget elementor-widget-html\" data-id=\"114f1dfb\" data-element_type=\"widget\" data-e-type=\"widget\" data-widget_type=\"html.default\">\n\t\t\t\t<div class=\"elementor-widget-container\">\n\t\t\t\t\t<a href=\"\/guiaescolar\/educacao-infantil\/salas-de-aula-educacao-infantil\/\" style=\"text-decoration: none;\">\r\n  <button class=\"comic-button\">Salas<br>de Aula<\/button>\r\n<\/a>\t\t\t\t<\/div>\n\t\t\t\t<\/div>\n\t\t\t\t<div class=\"elementor-element elementor-element-2cbf72b elementor-widget elementor-widget-html\" data-id=\"2cbf72b\" data-element_type=\"widget\" data-e-type=\"widget\" data-widget_type=\"html.default\">\n\t\t\t\t<div class=\"elementor-widget-container\">\n\t\t\t\t\t<a href=\"\/guiaescolar\/educacao-infantil\/entrada-e-saida\" style=\"text-decoration: none;\">\r\n  <button class=\"comic-button\">Entrada<br>e Sa\u00edda<\/button>\r\n<\/a>\t\t\t\t<\/div>\n\t\t\t\t<\/div>\n\t\t\t\t<\/div>\n\t\t<div class=\"elementor-element elementor-element-103330f5 e-grid e-con-full e-con e-child\" data-id=\"103330f5\" data-element_type=\"container\" data-e-type=\"container\">\n\t\t\t\t<div class=\"elementor-element elementor-element-381e471a elementor-widget elementor-widget-html\" data-id=\"381e471a\" data-element_type=\"widget\" data-e-type=\"widget\" data-widget_type=\"html.default\">\n\t\t\t\t<div class=\"elementor-widget-container\">\n\t\t\t\t\t<a href=\"\/guiaescolar\/educacao-infantil\/processo-de-adaptacao\" style=\"text-decoration: none;\">\r\n  <button class=\"comic-button\">Processo<br>de Adapta\u00e7\u00e3o<\/button>\r\n<\/a>\t\t\t\t<\/div>\n\t\t\t\t<\/div>\n\t\t\t\t<div class=\"elementor-element elementor-element-158f5688 elementor-widget elementor-widget-html\" data-id=\"158f5688\" data-element_type=\"widget\" data-e-type=\"widget\" data-widget_type=\"html.default\">\n\t\t\t\t<div class=\"elementor-widget-container\">\n\t\t\t\t\t<a href=\"\/guiaescolar\/educacao-infantil\/turno-complementar\" style=\"text-decoration: none;\">\r\n  <button class=\"comic-button\">Turno<br>Complementar<\/button>\r\n<\/a>\t\t\t\t<\/div>\n\t\t\t\t<\/div>\n\t\t\t\t<div class=\"elementor-element elementor-element-507ecd4f elementor-widget elementor-widget-html\" data-id=\"507ecd4f\" data-element_type=\"widget\" data-e-type=\"widget\" data-widget_type=\"html.default\">\n\t\t\t\t<div class=\"elementor-widget-container\">\n\t\t\t\t\t<a href=\"\/guiaescolar\/educacao-infantil\/lista-de-materiais\" style=\"text-decoration: none;\">\r\n  <button class=\"comic-button\">Lista<br>de Materiais<\/button>\r\n<\/a>\t\t\t\t<\/div>\n\t\t\t\t<\/div>\n\t\t\t\t<\/div>\n\t\t<div class=\"elementor-element elementor-element-3d87c728 e-grid e-con-full e-con e-child\" data-id=\"3d87c728\" data-element_type=\"container\" data-e-type=\"container\">\n\t\t\t\t<div class=\"elementor-element elementor-element-7f9f687 elementor-widget elementor-widget-html\" data-id=\"7f9f687\" data-element_type=\"widget\" data-e-type=\"widget\" data-widget_type=\"html.default\">\n\t\t\t\t<div class=\"elementor-widget-container\">\n\t\t\t\t\t<a href=\"\/guiaescolar\/extracurriculares\/\" style=\"text-decoration: none;\">\r\n  <button class=\"comic-button\">Extra-<br>curriculares<\/button>\r\n<\/a>\t\t\t\t<\/div>\n\t\t\t\t<\/div>\n\t\t\t\t<div class=\"elementor-element elementor-element-2ddd0d07 elementor-widget elementor-widget-html\" data-id=\"2ddd0d07\" data-element_type=\"widget\" data-e-type=\"widget\" data-widget_type=\"html.default\">\n\t\t\t\t<div class=\"elementor-widget-container\">\n\t\t\t\t\t<a href=\"\/guiaescolar\/educacao-infantil\/aniversario\" style=\"text-decoration: none;\">\r\n  <button class=\"comic-button\">Anivers\u00e1rio<\/button>\r\n<\/a>\t\t\t\t<\/div>\n\t\t\t\t<\/div>\n\t\t\t\t<div class=\"elementor-element elementor-element-40ab16de elementor-widget elementor-widget-html\" data-id=\"40ab16de\" data-element_type=\"widget\" data-e-type=\"widget\" data-widget_type=\"html.default\">\n\t\t\t\t<div class=\"elementor-widget-container\">\n\t\t\t\t\t<a href=\"\/guiaescolar\/educacao-infantil\/saida-de-estudos\" style=\"text-decoration: none;\">\r\n  <button class=\"comic-button\">Sa\u00eddas<br>de Estudos<\/button>\r\n<\/a>\t\t\t\t<\/div>\n\t\t\t\t<\/div>\n\t\t\t\t<\/div>\n\t\t<div class=\"elementor-element elementor-element-7a3ace88 e-grid e-con-full e-con e-child\" data-id=\"7a3ace88\" data-element_type=\"container\" data-e-type=\"container\">\n\t\t\t\t<div class=\"elementor-element elementor-element-54fc4df elementor-widget elementor-widget-html\" data-id=\"54fc4df\" data-element_type=\"widget\" data-e-type=\"widget\" data-widget_type=\"html.default\">\n\t\t\t\t<div class=\"elementor-widget-container\">\n\t\t\t\t\t<a href=\"\/guiaescolar\/educacao-infantil\/reunioes-de-turmas\" style=\"text-decoration: none;\">\r\n  <button class=\"comic-button\">Reuni\u00f5es<br> de Turmas<\/button>\r\n<\/a>\t\t\t\t<\/div>\n\t\t\t\t<\/div>\n\t\t\t\t<div class=\"elementor-element elementor-element-3eb6608f elementor-widget elementor-widget-html\" data-id=\"3eb6608f\" data-element_type=\"widget\" data-e-type=\"widget\" data-widget_type=\"html.default\">\n\t\t\t\t<div class=\"elementor-widget-container\">\n\t\t\t\t\t<a href=\"\/guiaescolar\/educacao-infantil\/shabat-com-familias\" style=\"text-decoration: none;\">\r\n  <button class=\"comic-button\">Shabat<br>com Fam\u00edlias<\/button>\r\n<\/a>\t\t\t\t<\/div>\n\t\t\t\t<\/div>\n\t\t\t\t<\/div>\n\t\t\t\t<\/div>\n\t\t\t\t\t<\/div>\n\t\t\t\t<\/div>\n\t\t\t\t<\/div>\n\t\t","protected":false},"excerpt":{"rendered":"<p>Anivers\u00e1rios As comemora\u00e7\u00f5es de anivers\u00e1rio na Educa\u00e7\u00e3o Infantil seguem orienta\u00e7\u00f5es que garantem organiza\u00e7\u00e3o, bem-estar e equidade para todas as crian\u00e7as. Agendamento: a celebra\u00e7\u00e3o deve ser combinada com a professora com, no m\u00ednimo,&nbsp; 72 horas de anteced\u00eancia. Participantes: a comemora\u00e7\u00e3o \u00e9 restrita \u00e0 turma e \u00e0 professora. Convites em sala: n\u00e3o \u00e9 permitida a entrega de [&hellip;]<\/p>\n","protected":false},"author":6,"featured_media":0,"parent":300,"menu_order":0,"comment_status":"closed","ping_status":"closed","template":"","meta":{"footnotes":""},"class_list":["post-806","page","type-page","status-publish","hentry"],"_links":{"self":[{"href":"https:\/\/israelitaedu.com.br\/guiaescolar\/wp-json\/wp\/v2\/pages\/806","targetHints":{"allow":["GET"]}}],"collection":[{"href":"https:\/\/israelitaedu.com.br\/guiaescolar\/wp-json\/wp\/v2\/pages"}],"about":[{"href":"https:\/\/israelitaedu.com.br\/guiaescolar\/wp-json\/wp\/v2\/types\/page"}],"author":[{"embeddable":true,"href":"https:\/\/israelitaedu.com.br\/guiaescolar\/wp-json\/wp\/v2\/users\/6"}],"replies":[{"embeddable":true,"href":"https:\/\/israelitaedu.com.br\/guiaescolar\/wp-json\/wp\/v2\/comments?post=806"}],"version-history":[{"count":15,"href":"https:\/\/israelitaedu.com.br\/guiaescolar\/wp-json\/wp\/v2\/pages\/806\/revisions"}],"predecessor-version":[{"id":5965,"href":"https:\/\/israelitaedu.com.br\/guiaescolar\/wp-json\/wp\/v2\/pages\/806\/revisions\/5965"}],"up":[{"embeddable":true,"href":"https:\/\/israelitaedu.com.br\/guiaescolar\/wp-json\/wp\/v2\/pages\/300"}],"wp:attachment":[{"href":"https:\/\/israelitaedu.com.br\/guiaescolar\/wp-json\/wp\/v2\/media?parent=806"}],"curies":[{"name":"wp","href":"https:\/\/api.w.org\/{rel}","templated":true}]}}