{"id":777,"date":"2025-04-17T13:23:27","date_gmt":"2025-04-17T16:23:27","guid":{"rendered":"https:\/\/israelitaedu.com.br\/guiaescolar\/?page_id=777"},"modified":"2025-12-01T15:24:19","modified_gmt":"2025-12-01T18:24:19","slug":"extra-curriculares","status":"publish","type":"page","link":"https:\/\/israelitaedu.com.br\/guiaescolar\/educacao-infantil\/extra-curriculares\/","title":{"rendered":"Extracurriculares &#8211; EI"},"content":{"rendered":"\t\t<div data-elementor-type=\"wp-page\" data-elementor-id=\"777\" class=\"elementor elementor-777\" data-elementor-post-type=\"page\">\n\t\t\t\t<div class=\"elementor-element elementor-element-54b2704f e-flex e-con-boxed e-con e-parent\" data-id=\"54b2704f\" data-element_type=\"container\" data-e-type=\"container\">\n\t\t\t\t\t<div class=\"e-con-inner\">\n\t\t<div class=\"elementor-element elementor-element-23e8a6c4 e-con-full e-flex e-con e-child\" data-id=\"23e8a6c4\" data-element_type=\"container\" data-e-type=\"container\">\n\t\t\t\t<div class=\"elementor-element elementor-element-40d47b29 elementor-widget elementor-widget-heading\" data-id=\"40d47b29\" data-element_type=\"widget\" data-e-type=\"widget\" data-widget_type=\"heading.default\">\n\t\t\t\t<div class=\"elementor-widget-container\">\n\t\t\t\t\t<h2 class=\"elementor-heading-title elementor-size-default\">Extracurriculares<\/h2>\t\t\t\t<\/div>\n\t\t\t\t<\/div>\n\t\t\t\t<\/div>\n\t\t<div class=\"elementor-element elementor-element-c575a83 e-con-full e-flex e-con e-child\" data-id=\"c575a83\" data-element_type=\"container\" data-e-type=\"container\">\n\t\t\t\t<div class=\"elementor-element elementor-element-2cdc68cd elementor-widget elementor-widget-text-editor\" data-id=\"2cdc68cd\" data-element_type=\"widget\" data-e-type=\"widget\" data-widget_type=\"text-editor.default\">\n\t\t\t\t<div class=\"elementor-widget-container\">\n\t\t\t\t\t\t\t\t\t<h4><b>Forma\u00e7\u00e3o Complementar \/ Extracurriculares<\/b><\/h4>\n<p><span style=\"font-weight: 400;\">As atividades extracurriculares da Educa\u00e7\u00e3o Infantil s\u00e3o oferecidas a partir do <\/span><b>Maternal 3<\/b><span style=\"font-weight: 400;\">, de segunda a quinta-feira, das <\/span><b>18h \u00e0s 19h<\/b><span style=\"font-weight: 400;\">. Elas ampliam a experi\u00eancia escolar com viv\u00eancias de movimento, express\u00e3o, cria\u00e7\u00e3o e conviv\u00eancia, adequadas a cada faixa et\u00e1ria.<\/span><\/p>\n<p><span style=\"font-weight: 400;\">As modalidades incluem <\/span><b>Gin\u00e1stica Art\u00edstica e R\u00edtmica, Jud\u00f4, Futebol, Patina\u00e7\u00e3o, M\u00fasica<\/b><span style=\"font-weight: 400;\">, entre outras, conduzidas por profissionais especializados.<\/span><\/p>\n<h4><b>Matr\u00edculas<\/b><\/h4>\n<p><span style=\"font-weight: 400;\">As matr\u00edculas estar\u00e3o abertas de 6 a 10 de janeiro e podem ser realizadas pelo Portal dos Pais ou pelo aplicativo. As vagas s\u00e3o limitadas e organizadas por faixa et\u00e1ria.<\/span><\/p>\n<p><span style=\"font-weight: 400;\">Ap\u00f3s esse per\u00edodo, as inscri\u00e7\u00f5es podem ser feitas pela <\/span><b>Secretaria Escolar<\/b><span style=\"font-weight: 400;\"> ou pelo <\/span><b>Aplicativo<\/b><span style=\"font-weight: 400;\"> (Canal Atividades Extracurriculares)<\/span><b>. As vagas s\u00e3o limitadas e organizadas por faixa et\u00e1ria.<\/b><\/p>\n<ul>\n<li style=\"font-weight: 400;\" aria-level=\"1\"><span style=\"font-weight: 400;\">Importante: Para efetuar a matr\u00edcula, \u00e9 necess\u00e1rio que a <\/span><b>rematr\u00edcula<\/b><span style=\"font-weight: 400;\"> (ou a matr\u00edcula de novos estudantes) j\u00e1 esteja conclu\u00edda.<\/span><\/li>\n<\/ul>\t\t\t\t\t\t\t\t<\/div>\n\t\t\t\t<\/div>\n\t\t\t\t<div class=\"elementor-element elementor-element-7573394a elementor-widget elementor-widget-heading\" data-id=\"7573394a\" data-element_type=\"widget\" data-e-type=\"widget\" data-widget_type=\"heading.default\">\n\t\t\t\t<div class=\"elementor-widget-container\">\n\t\t\t\t\t<h2 class=\"elementor-heading-title elementor-size-default\">Navega\u00e7\u00e3o EI<\/h2>\t\t\t\t<\/div>\n\t\t\t\t<\/div>\n\t\t<div class=\"elementor-element elementor-element-213fec2b e-grid e-con-full e-con e-child\" data-id=\"213fec2b\" data-element_type=\"container\" data-e-type=\"container\">\n\t\t\t\t<div class=\"elementor-element elementor-element-7a25ce7f elementor-widget elementor-widget-html\" data-id=\"7a25ce7f\" data-element_type=\"widget\" data-e-type=\"widget\" data-widget_type=\"html.default\">\n\t\t\t\t<div class=\"elementor-widget-container\">\n\t\t\t\t\t<a href=\"\/guiaescolar\/educacao-infantil\/horarios\" style=\"text-decoration: none;\">\r\n  <button class=\"comic-button\">Hor\u00e1rios<\/button>\r\n<\/a>\t\t\t\t<\/div>\n\t\t\t\t<\/div>\n\t\t\t\t<div class=\"elementor-element elementor-element-6554f94a elementor-widget elementor-widget-html\" data-id=\"6554f94a\" data-element_type=\"widget\" data-e-type=\"widget\" data-widget_type=\"html.default\">\n\t\t\t\t<div class=\"elementor-widget-container\">\n\t\t\t\t\t<a href=\"\/guiaescolar\/educacao-infantil\/salas-de-aula-educacao-infantil\/\" style=\"text-decoration: none;\">\r\n  <button class=\"comic-button\">Salas<br>de Aula<\/button>\r\n<\/a>\t\t\t\t<\/div>\n\t\t\t\t<\/div>\n\t\t\t\t<div class=\"elementor-element elementor-element-5030e6c0 elementor-widget elementor-widget-html\" data-id=\"5030e6c0\" data-element_type=\"widget\" data-e-type=\"widget\" data-widget_type=\"html.default\">\n\t\t\t\t<div class=\"elementor-widget-container\">\n\t\t\t\t\t<a href=\"\/guiaescolar\/educacao-infantil\/entrada-e-saida\" style=\"text-decoration: none;\">\r\n  <button class=\"comic-button\">Entrada<br>e Sa\u00edda<\/button>\r\n<\/a>\t\t\t\t<\/div>\n\t\t\t\t<\/div>\n\t\t\t\t<\/div>\n\t\t<div class=\"elementor-element elementor-element-5ff32052 e-grid e-con-full e-con e-child\" data-id=\"5ff32052\" data-element_type=\"container\" data-e-type=\"container\">\n\t\t\t\t<div class=\"elementor-element elementor-element-65b13ce2 elementor-widget elementor-widget-html\" data-id=\"65b13ce2\" data-element_type=\"widget\" data-e-type=\"widget\" data-widget_type=\"html.default\">\n\t\t\t\t<div class=\"elementor-widget-container\">\n\t\t\t\t\t<a href=\"\/guiaescolar\/educacao-infantil\/processo-de-adaptacao\" style=\"text-decoration: none;\">\r\n  <button class=\"comic-button\">Processo<br>de Adapta\u00e7\u00e3o<\/button>\r\n<\/a>\t\t\t\t<\/div>\n\t\t\t\t<\/div>\n\t\t\t\t<div class=\"elementor-element elementor-element-2cc9672d elementor-widget elementor-widget-html\" data-id=\"2cc9672d\" data-element_type=\"widget\" data-e-type=\"widget\" data-widget_type=\"html.default\">\n\t\t\t\t<div class=\"elementor-widget-container\">\n\t\t\t\t\t<a href=\"\/guiaescolar\/educacao-infantil\/turno-complementar\" style=\"text-decoration: none;\">\r\n  <button class=\"comic-button\">Turno<br>Complementar<\/button>\r\n<\/a>\t\t\t\t<\/div>\n\t\t\t\t<\/div>\n\t\t\t\t<div class=\"elementor-element elementor-element-41d6e99a elementor-widget elementor-widget-html\" data-id=\"41d6e99a\" data-element_type=\"widget\" data-e-type=\"widget\" data-widget_type=\"html.default\">\n\t\t\t\t<div class=\"elementor-widget-container\">\n\t\t\t\t\t<a href=\"\/guiaescolar\/educacao-infantil\/lista-de-materiais\" style=\"text-decoration: none;\">\r\n  <button class=\"comic-button\">Lista<br>de Materiais<\/button>\r\n<\/a>\t\t\t\t<\/div>\n\t\t\t\t<\/div>\n\t\t\t\t<\/div>\n\t\t<div class=\"elementor-element elementor-element-f2b71a5 e-grid e-con-full e-con e-child\" data-id=\"f2b71a5\" data-element_type=\"container\" data-e-type=\"container\">\n\t\t\t\t<div class=\"elementor-element elementor-element-38eb3369 elementor-widget elementor-widget-html\" data-id=\"38eb3369\" data-element_type=\"widget\" data-e-type=\"widget\" data-widget_type=\"html.default\">\n\t\t\t\t<div class=\"elementor-widget-container\">\n\t\t\t\t\t<a href=\"\/guiaescolar\/educacao-infantil\/extra-curriculares\" style=\"text-decoration: none;\">\r\n  <button class=\"comic-button\">Extra-<br>curriculares<\/button>\r\n<\/a>\t\t\t\t<\/div>\n\t\t\t\t<\/div>\n\t\t\t\t<div class=\"elementor-element elementor-element-37f6b422 elementor-widget elementor-widget-html\" data-id=\"37f6b422\" data-element_type=\"widget\" data-e-type=\"widget\" data-widget_type=\"html.default\">\n\t\t\t\t<div class=\"elementor-widget-container\">\n\t\t\t\t\t<a href=\"\/guiaescolar\/educacao-infantil\/saida-de-estudos\" style=\"text-decoration: none;\">\r\n  <button class=\"comic-button\">Sa\u00eddas<br>de Estudos<\/button>\r\n<\/a>\t\t\t\t<\/div>\n\t\t\t\t<\/div>\n\t\t\t\t<div class=\"elementor-element elementor-element-2beed697 elementor-widget elementor-widget-html\" data-id=\"2beed697\" data-element_type=\"widget\" data-e-type=\"widget\" data-widget_type=\"html.default\">\n\t\t\t\t<div class=\"elementor-widget-container\">\n\t\t\t\t\t<a href=\"\/guiaescolar\/educacao-infantil\/aniversario\" style=\"text-decoration: none;\">\r\n  <button class=\"comic-button\">Anivers\u00e1rio<\/button>\r\n<\/a>\t\t\t\t<\/div>\n\t\t\t\t<\/div>\n\t\t\t\t<\/div>\n\t\t<div class=\"elementor-element elementor-element-361b86a3 e-grid e-con-full e-con e-child\" data-id=\"361b86a3\" data-element_type=\"container\" data-e-type=\"container\">\n\t\t\t\t<div class=\"elementor-element elementor-element-39dc528f elementor-widget elementor-widget-html\" data-id=\"39dc528f\" data-element_type=\"widget\" data-e-type=\"widget\" data-widget_type=\"html.default\">\n\t\t\t\t<div class=\"elementor-widget-container\">\n\t\t\t\t\t<a href=\"\/guiaescolar\/educacao-infantil\/reunioes-de-turmas\" style=\"text-decoration: none;\">\r\n  <button class=\"comic-button\">Reuni\u00f5es<br> de Turmas<\/button>\r\n<\/a>\t\t\t\t<\/div>\n\t\t\t\t<\/div>\n\t\t\t\t<div class=\"elementor-element elementor-element-35728475 elementor-widget elementor-widget-html\" data-id=\"35728475\" data-element_type=\"widget\" data-e-type=\"widget\" data-widget_type=\"html.default\">\n\t\t\t\t<div class=\"elementor-widget-container\">\n\t\t\t\t\t<a href=\"\/guiaescolar\/educacao-infantil\/shabat-com-familias\" style=\"text-decoration: none;\">\r\n  <button class=\"comic-button\">Shabat<br>com Fam\u00edlias<\/button>\r\n<\/a>\t\t\t\t<\/div>\n\t\t\t\t<\/div>\n\t\t\t\t<\/div>\n\t\t\t\t<\/div>\n\t\t\t\t\t<\/div>\n\t\t\t\t<\/div>\n\t\t\t\t<\/div>\n\t\t","protected":false},"excerpt":{"rendered":"<p>Extracurriculares Forma\u00e7\u00e3o Complementar \/ Extracurriculares As atividades extracurriculares da Educa\u00e7\u00e3o Infantil s\u00e3o oferecidas a partir do Maternal 3, de segunda a quinta-feira, das 18h \u00e0s 19h. Elas ampliam a experi\u00eancia escolar com viv\u00eancias de movimento, express\u00e3o, cria\u00e7\u00e3o e conviv\u00eancia, adequadas a cada faixa et\u00e1ria. As modalidades incluem Gin\u00e1stica Art\u00edstica e R\u00edtmica, Jud\u00f4, Futebol, Patina\u00e7\u00e3o, M\u00fasica, [&hellip;]<\/p>\n","protected":false},"author":6,"featured_media":0,"parent":300,"menu_order":0,"comment_status":"closed","ping_status":"closed","template":"","meta":{"footnotes":""},"class_list":["post-777","page","type-page","status-publish","hentry"],"_links":{"self":[{"href":"https:\/\/israelitaedu.com.br\/guiaescolar\/wp-json\/wp\/v2\/pages\/777","targetHints":{"allow":["GET"]}}],"collection":[{"href":"https:\/\/israelitaedu.com.br\/guiaescolar\/wp-json\/wp\/v2\/pages"}],"about":[{"href":"https:\/\/israelitaedu.com.br\/guiaescolar\/wp-json\/wp\/v2\/types\/page"}],"author":[{"embeddable":true,"href":"https:\/\/israelitaedu.com.br\/guiaescolar\/wp-json\/wp\/v2\/users\/6"}],"replies":[{"embeddable":true,"href":"https:\/\/israelitaedu.com.br\/guiaescolar\/wp-json\/wp\/v2\/comments?post=777"}],"version-history":[{"count":9,"href":"https:\/\/israelitaedu.com.br\/guiaescolar\/wp-json\/wp\/v2\/pages\/777\/revisions"}],"predecessor-version":[{"id":5657,"href":"https:\/\/israelitaedu.com.br\/guiaescolar\/wp-json\/wp\/v2\/pages\/777\/revisions\/5657"}],"up":[{"embeddable":true,"href":"https:\/\/israelitaedu.com.br\/guiaescolar\/wp-json\/wp\/v2\/pages\/300"}],"wp:attachment":[{"href":"https:\/\/israelitaedu.com.br\/guiaescolar\/wp-json\/wp\/v2\/media?parent=777"}],"curies":[{"name":"wp","href":"https:\/\/api.w.org\/{rel}","templated":true}]}}