{"id":685,"date":"2025-04-17T12:35:31","date_gmt":"2025-04-17T15:35:31","guid":{"rendered":"https:\/\/israelitaedu.com.br\/guiaescolar\/?page_id=685"},"modified":"2025-12-22T08:41:30","modified_gmt":"2025-12-22T11:41:30","slug":"materiais-m2","status":"publish","type":"page","link":"https:\/\/israelitaedu.com.br\/guiaescolar\/educacao-infantil\/lista-de-materiais\/materiais-m2\/","title":{"rendered":"Materiais &#8211; Maternal 2"},"content":{"rendered":"\t\t<div data-elementor-type=\"wp-page\" data-elementor-id=\"685\" class=\"elementor elementor-685\" data-elementor-post-type=\"page\">\n\t\t\t\t<div class=\"elementor-element elementor-element-69e06c82 e-flex e-con-boxed e-con e-parent\" data-id=\"69e06c82\" data-element_type=\"container\" data-e-type=\"container\">\n\t\t\t\t\t<div class=\"e-con-inner\">\n\t\t<div class=\"elementor-element elementor-element-2b97b470 e-con-full e-flex e-con e-child\" data-id=\"2b97b470\" data-element_type=\"container\" data-e-type=\"container\">\n\t\t\t\t<div class=\"elementor-element elementor-element-ef13b4f elementor-widget elementor-widget-heading\" data-id=\"ef13b4f\" data-element_type=\"widget\" data-e-type=\"widget\" data-widget_type=\"heading.default\">\n\t\t\t\t<div class=\"elementor-widget-container\">\n\t\t\t\t\t<h2 class=\"elementor-heading-title elementor-size-default\">GUIA ESCOLAR<\/h2>\t\t\t\t<\/div>\n\t\t\t\t<\/div>\n\t\t\t\t<\/div>\n\t\t<div class=\"elementor-element elementor-element-59229f08 e-con-full e-flex e-con e-child\" data-id=\"59229f08\" data-element_type=\"container\" data-e-type=\"container\">\n\t\t\t\t<div class=\"elementor-element elementor-element-6d25792f elementor-widget elementor-widget-heading\" data-id=\"6d25792f\" data-element_type=\"widget\" data-e-type=\"widget\" data-widget_type=\"heading.default\">\n\t\t\t\t<div class=\"elementor-widget-container\">\n\t\t\t\t\t<h2 class=\"elementor-heading-title elementor-size-default\">Lista de Materiais<\/h2>\t\t\t\t<\/div>\n\t\t\t\t<\/div>\n\t\t\t\t<div class=\"elementor-element elementor-element-65ff8d9c elementor-widget elementor-widget-heading\" data-id=\"65ff8d9c\" data-element_type=\"widget\" data-e-type=\"widget\" data-widget_type=\"heading.default\">\n\t\t\t\t<div class=\"elementor-widget-container\">\n\t\t\t\t\t<h2 class=\"elementor-heading-title elementor-size-default\">Maternal 2<\/h2>\t\t\t\t<\/div>\n\t\t\t\t<\/div>\n\t\t<div class=\"elementor-element elementor-element-7937ff4f e-con-full e-flex e-con e-child\" data-id=\"7937ff4f\" data-element_type=\"container\" data-e-type=\"container\">\n\t\t\t\t<div class=\"elementor-element elementor-element-494b25f9 elementor-widget elementor-widget-text-editor\" data-id=\"494b25f9\" data-element_type=\"widget\" data-e-type=\"widget\" data-widget_type=\"text-editor.default\">\n\t\t\t\t<div class=\"elementor-widget-container\">\n\t\t\t\t\t\t\t\t\t<p>Os materiais escolares adotados para 2026 estar\u00e3o dispon\u00edveis para venda na loja Letral, localizada na escola.\u00a0<strong>Em raz\u00e3o de obras, a loja estar\u00e1 temporariamente localizada na Sala de M\u00fasica.\u00a0<\/strong> Informa\u00e7\u00f5es e or\u00e7amentos pelo WhatsApp 51 9819-9186. A loja tamb\u00e9m faz a entrega direta em sala de aula, do maternal 1 ao 5\u00ba ano.<\/p><p>Caso a fam\u00edlia prefira, poder\u00e1 adquirir o material em outro estabelecimento at\u00e9 o in\u00edcio do ano letivo.<\/p>\t\t\t\t\t\t\t\t<\/div>\n\t\t\t\t<\/div>\n\t\t\t\t<\/div>\n\t\t\t\t<\/div>\n\t\t<div class=\"elementor-element elementor-element-4cdbbc7 e-con-full forcar-cor-texto-preto e-flex e-con e-child\" data-id=\"4cdbbc7\" data-element_type=\"container\" data-e-type=\"container\" data-settings=\"{&quot;background_background&quot;:&quot;classic&quot;}\">\n\t\t<div class=\"elementor-element elementor-element-269539f9 e-con-full e-flex e-con e-child\" data-id=\"269539f9\" data-element_type=\"container\" data-e-type=\"container\">\n\t\t\t\t<div class=\"elementor-element elementor-element-306c9cfa elementor-widget elementor-widget-heading\" data-id=\"306c9cfa\" data-element_type=\"widget\" data-e-type=\"widget\" data-widget_type=\"heading.default\">\n\t\t\t\t<div class=\"elementor-widget-container\">\n\t\t\t\t\t<h2 class=\"elementor-heading-title elementor-size-default\">ITENS DIVERSOS<\/h2>\t\t\t\t<\/div>\n\t\t\t\t<\/div>\n\t\t\t\t<div class=\"elementor-element elementor-element-32f8d0fc elementor-widget elementor-widget-text-editor\" data-id=\"32f8d0fc\" data-element_type=\"widget\" data-e-type=\"widget\" data-widget_type=\"text-editor.default\">\n\t\t\t\t<div class=\"elementor-widget-container\">\n\t\t\t\t\t\t\t\t\t<p>Devem ser entregues ao longo da primeira semana de aula, para a professora tutora.<\/p><p>&#8211; 1 Pasta cat\u00e1logo A4 com 40 sacos pl\u00e1sticos (para avalia\u00e7\u00e3o escolar);<\/p><p>&#8211; 50 folhas de desenho A3 gramatura 180g;<\/p><p>&#8211; 100 folhas de desenho A4 gramatura 180g;<\/p><p>&#8211; 20 folhas kraft tamanho A3 gramatura 180g;<\/p><p>&#8211; 1 pacote de papel Color Set neon tamanho A4 \u2013 gramatura 120g;<\/p><p>&#8211; 1 folha papel cartaz (cor variada);<\/p><p>&#8211; 2 potes de 500g de massa de modelar;<\/p><p>&#8211; 1 pote de areia m\u00e1gica;\u00a0<\/p><p>&#8211; 1 Pote de Slime 180g;<\/p><p>&#8211; 01 saco de areia fina colorida;\u00a0<\/p><p>&#8211; 1 pote de tinta guache (exceto branco);<\/p><p>&#8211; Giz de Cera Pi\u00e3o, Little Creatives, 4 Cores;<\/p><p>&#8211; 2 Canetas hidrogr\u00e1ficas preta 4,0mm 850 Junior;<\/p><p>&#8211; 2 tubos cola l\u00edquida 100g;<\/p><p>&#8211; 1 conjunto de 6 cores tinta guache bast\u00e3o;\u00a0<\/p><p>&#8211; 1 conjunto de tinta guache neon 6 cores;<\/p><p>&#8211; 1 pincel chato escolar cabo curto n\u00ba16<\/p><p>&#8211; 1 rolo de espuma 4cm;<\/p><p>&#8211; 1 avental de pintura manga longa;<\/p><p>&#8211; 1 Kip\u00e1 (para meninos)<\/p><div>\u00a0<\/div>\t\t\t\t\t\t\t\t<\/div>\n\t\t\t\t<\/div>\n\t\t\t\t<\/div>\n\t\t<div class=\"elementor-element elementor-element-1d1f568d e-con-full e-flex e-con e-child\" data-id=\"1d1f568d\" data-element_type=\"container\" data-e-type=\"container\">\n\t\t\t\t<div class=\"elementor-element elementor-element-66db8e10 elementor-widget elementor-widget-heading\" data-id=\"66db8e10\" data-element_type=\"widget\" data-e-type=\"widget\" data-widget_type=\"heading.default\">\n\t\t\t\t<div class=\"elementor-widget-container\">\n\t\t\t\t\t<h2 class=\"elementor-heading-title elementor-size-default\">ITENS DA MOCHILA<\/h2>\t\t\t\t<\/div>\n\t\t\t\t<\/div>\n\t\t\t\t<div class=\"elementor-element elementor-element-39b0f7a8 elementor-widget elementor-widget-text-editor\" data-id=\"39b0f7a8\" data-element_type=\"widget\" data-e-type=\"widget\" data-widget_type=\"text-editor.default\">\n\t\t\t\t<div class=\"elementor-widget-container\">\n\t\t\t\t\t\t\t\t\t<p>\u00c9 de responsabilidade da fam\u00edlia manter a mochila diariamente organizada com:<\/p><p>\u2013 1 garrafa para \u00e1gua (identificado com o nome)<\/p><p>\u2013 Fraldas descart\u00e1veis, suficientes para o dia<\/p><p>\u2013 1 pacote de len\u00e7o umedecido<\/p><p>\u2013 1 pomada para assaduras\u00a0(no caso de a crian\u00e7a utilizar)<\/p><p>\u2013 1 escova de cabelo<\/p><p>\u2013 1 caixa de len\u00e7o de papel<\/p><p>\u2013 1 saquinho imperme\u00e1vel para colocar as roupas sujas<\/p><p>\u2013 Mudas de roupas da esta\u00e7\u00e3o (sugerimos incluir um par de cal\u00e7ados extra na mochila)<\/p>\t\t\t\t\t\t\t\t<\/div>\n\t\t\t\t<\/div>\n\t\t\t\t<\/div>\n\t\t<div class=\"elementor-element elementor-element-6cdccab3 e-con-full e-flex e-con e-child\" data-id=\"6cdccab3\" data-element_type=\"container\" data-e-type=\"container\">\n\t\t\t\t<div class=\"elementor-element elementor-element-1c427cae elementor-widget elementor-widget-heading\" data-id=\"1c427cae\" data-element_type=\"widget\" data-e-type=\"widget\" data-widget_type=\"heading.default\">\n\t\t\t\t<div class=\"elementor-widget-container\">\n\t\t\t\t\t<h2 class=\"elementor-heading-title elementor-size-default\">ITENS DE USO PESSOAL<\/h2>\t\t\t\t<\/div>\n\t\t\t\t<\/div>\n\t\t\t\t<div class=\"elementor-element elementor-element-33b2d841 elementor-widget elementor-widget-text-editor\" data-id=\"33b2d841\" data-element_type=\"widget\" data-e-type=\"widget\" data-widget_type=\"text-editor.default\">\n\t\t\t\t<div class=\"elementor-widget-container\">\n\t\t\t\t\t\t\t\t\t<p>Entregar semanalmente para a professora:<\/p><p>\u2013 1 jogo de len\u00e7ol + 1 travesseiro pequeno, acondicionados em uma embalagem de tecido (identificados com nome da crian\u00e7a)<\/p><p>OBS: Nas sextas-feiras, os len\u00e7\u00f3is e a fronha retornar\u00e3o na mochila para higieniza\u00e7\u00e3o.<\/p>\t\t\t\t\t\t\t\t<\/div>\n\t\t\t\t<\/div>\n\t\t\t\t<\/div>\n\t\t<div class=\"elementor-element elementor-element-74e93543 e-con-full e-flex e-con e-child\" data-id=\"74e93543\" data-element_type=\"container\" data-e-type=\"container\">\n\t\t\t\t<div class=\"elementor-element elementor-element-52f6b495 elementor-widget elementor-widget-heading\" data-id=\"52f6b495\" data-element_type=\"widget\" data-e-type=\"widget\" data-widget_type=\"heading.default\">\n\t\t\t\t<div class=\"elementor-widget-container\">\n\t\t\t\t\t<h2 class=\"elementor-heading-title elementor-size-default\">CONJUNTO PEDAG\u00d3GICO<\/h2>\t\t\t\t<\/div>\n\t\t\t\t<\/div>\n\t\t\t\t<div class=\"elementor-element elementor-element-419e46ef elementor-widget elementor-widget-text-editor\" data-id=\"419e46ef\" data-element_type=\"widget\" data-e-type=\"widget\" data-widget_type=\"text-editor.default\">\n\t\t\t\t<div class=\"elementor-widget-container\">\n\t\t\t\t\t\t\t\t\t<p>A composi\u00e7\u00e3o dos espa\u00e7os na Educa\u00e7\u00e3o Infantil oportuniza o desenvolvimento integral da crian\u00e7a, auxiliando em suas potencialidades e oportunizando aquisi\u00e7\u00e3o de novas habilidades motoras, cognitivas e afetivas. Anualmente, escolhemos novos elementos para compor contextos de aprendizagem, de forma personalizada para a turma. <br \/><br \/>Visando facilitar a log\u00edstica das fam\u00edlias, o valor referente a este conjunto pedag\u00f3gico (R$100,00) ser\u00e1 inclu\u00eddo no boleto de cobran\u00e7a da mensalidade com vencimento no m\u00eas de mar\u00e7o.<\/p>\t\t\t\t\t\t\t\t<\/div>\n\t\t\t\t<\/div>\n\t\t\t\t<\/div>\n\t\t<div class=\"elementor-element elementor-element-aead462 e-con-full e-flex e-con e-child\" data-id=\"aead462\" data-element_type=\"container\" data-e-type=\"container\">\n\t\t\t\t<div class=\"elementor-element elementor-element-d0f068c elementor-widget elementor-widget-heading\" data-id=\"d0f068c\" data-element_type=\"widget\" data-e-type=\"widget\" data-widget_type=\"heading.default\">\n\t\t\t\t<div class=\"elementor-widget-container\">\n\t\t\t\t\t<h2 class=\"elementor-heading-title elementor-size-default\">UNIFORME ESCOLAR<\/h2>\t\t\t\t<\/div>\n\t\t\t\t<\/div>\n\t\t\t\t<div class=\"elementor-element elementor-element-843843f elementor-widget elementor-widget-text-editor\" data-id=\"843843f\" data-element_type=\"widget\" data-e-type=\"widget\" data-widget_type=\"text-editor.default\">\n\t\t\t\t<div class=\"elementor-widget-container\">\n\t\t\t\t\t\t\t\t\t<p>Uso di\u00e1rio <br>&#8211; O uso do uniforme escolar padronizado \u00e9 obrigat\u00f3rio; <br>&#8211; O uniforme do Israelita apresenta uma variedade em pe\u00e7as e materiais para proporcionar conforto e prote\u00e7\u00e3o para as diferentes faixas et\u00e1rias; <br>&#8211; Comp\u00f5em tamb\u00e9m o vestu\u00e1rio permitido para uso escolar cal\u00e7a e\/ou bermudas na cor preto, sem estampas e cal\u00e7a jeans em dias que n\u00e3o h\u00e1 pr\u00e1tica de esportes; <br>&#8211; Nos dias de baixas temperaturas \u00e9 permitido o uso de qualquer casaco por cima do moletom e\/ou blus\u00e3o do uniforme (independente de pertencer ou n\u00e3o a cole\u00e7\u00e3o oficial de uniforme da institui\u00e7\u00e3o).<\/p>\t\t\t\t\t\t\t\t<\/div>\n\t\t\t\t<\/div>\n\t\t\t\t<\/div>\n\t\t\t\t<\/div>\n\t\t<div class=\"elementor-element elementor-element-72ee8d72 e-con-full e-flex e-con e-child\" data-id=\"72ee8d72\" data-element_type=\"container\" data-e-type=\"container\">\n\t\t\t\t<div class=\"elementor-element elementor-element-13ca8817 elementor-widget elementor-widget-text-editor\" data-id=\"13ca8817\" data-element_type=\"widget\" data-e-type=\"widget\" data-widget_type=\"text-editor.default\">\n\t\t\t\t<div class=\"elementor-widget-container\">\n\t\t\t\t\t\t\t\t\t<p>Em caso de d\u00favidas, entre em contato pelo aplicativo, no canal Central de Relacionamento.<\/p>\t\t\t\t\t\t\t\t<\/div>\n\t\t\t\t<\/div>\n\t\t<div class=\"elementor-element elementor-element-ae8c0ab e-con-full e-flex e-con e-child\" data-id=\"ae8c0ab\" data-element_type=\"container\" data-e-type=\"container\">\n\t\t\t\t<div class=\"elementor-element elementor-element-546402be elementor-widget elementor-widget-heading\" data-id=\"546402be\" data-element_type=\"widget\" data-e-type=\"widget\" data-widget_type=\"heading.default\">\n\t\t\t\t<div class=\"elementor-widget-container\">\n\t\t\t\t\t<h2 class=\"elementor-heading-title elementor-size-default\"><span style=\"font-size: 33px;font-weight: 400;text-align: center\">Navega\u00e7\u00e3o&nbsp;<\/span><span style=\"font-size: 33px;font-weight: 400;text-align: center\">EI<\/span><\/h2>\t\t\t\t<\/div>\n\t\t\t\t<\/div>\n\t\t<div class=\"elementor-element elementor-element-62eeff69 e-grid e-con-full e-con e-child\" data-id=\"62eeff69\" data-element_type=\"container\" data-e-type=\"container\">\n\t\t\t\t<div class=\"elementor-element elementor-element-495c5286 elementor-widget elementor-widget-html\" data-id=\"495c5286\" data-element_type=\"widget\" data-e-type=\"widget\" data-widget_type=\"html.default\">\n\t\t\t\t<div class=\"elementor-widget-container\">\n\t\t\t\t\t<a href=\"\/guiaescolar\/educacao-infantil\/horarios\" style=\"text-decoration: none;\">\r\n  <button class=\"comic-button\">Hor\u00e1rios<\/button>\r\n<\/a>\t\t\t\t<\/div>\n\t\t\t\t<\/div>\n\t\t\t\t<div class=\"elementor-element elementor-element-1d6e017a elementor-widget elementor-widget-html\" data-id=\"1d6e017a\" data-element_type=\"widget\" data-e-type=\"widget\" data-widget_type=\"html.default\">\n\t\t\t\t<div class=\"elementor-widget-container\">\n\t\t\t\t\t<a href=\"\/guiaescolar\/educacao-infantil\/salas-de-aula-educacao-infantil\/\" style=\"text-decoration: none;\">\r\n  <button class=\"comic-button\">Salas<br>de Aula<\/button>\r\n<\/a>\t\t\t\t<\/div>\n\t\t\t\t<\/div>\n\t\t\t\t<div class=\"elementor-element elementor-element-211559e4 elementor-widget elementor-widget-html\" data-id=\"211559e4\" data-element_type=\"widget\" data-e-type=\"widget\" data-widget_type=\"html.default\">\n\t\t\t\t<div class=\"elementor-widget-container\">\n\t\t\t\t\t<a href=\"\/guiaescolar\/educacao-infantil\/entrada-e-saida\" style=\"text-decoration: none;\">\r\n  <button class=\"comic-button\">Entrada<br>e Sa\u00edda<\/button>\r\n<\/a>\t\t\t\t<\/div>\n\t\t\t\t<\/div>\n\t\t\t\t<\/div>\n\t\t<div class=\"elementor-element elementor-element-63974ff9 e-grid e-con-full e-con e-child\" data-id=\"63974ff9\" data-element_type=\"container\" data-e-type=\"container\">\n\t\t\t\t<div class=\"elementor-element elementor-element-5df1c861 elementor-widget elementor-widget-html\" data-id=\"5df1c861\" data-element_type=\"widget\" data-e-type=\"widget\" data-widget_type=\"html.default\">\n\t\t\t\t<div class=\"elementor-widget-container\">\n\t\t\t\t\t<a href=\"\/guiaescolar\/educacao-infantil\/processo-de-adaptacao\" style=\"text-decoration: none;\">\r\n  <button class=\"comic-button\">Processo<br>de Adapta\u00e7\u00e3o<\/button>\r\n<\/a>\t\t\t\t<\/div>\n\t\t\t\t<\/div>\n\t\t\t\t<div class=\"elementor-element elementor-element-425fec2 elementor-widget elementor-widget-html\" data-id=\"425fec2\" data-element_type=\"widget\" data-e-type=\"widget\" data-widget_type=\"html.default\">\n\t\t\t\t<div class=\"elementor-widget-container\">\n\t\t\t\t\t<a href=\"\/guiaescolar\/educacao-infantil\/turno-complementar\" style=\"text-decoration: none;\">\r\n  <button class=\"comic-button\">Turno<br>Complementar<\/button>\r\n<\/a>\t\t\t\t<\/div>\n\t\t\t\t<\/div>\n\t\t\t\t<div class=\"elementor-element elementor-element-64ec17b5 elementor-widget elementor-widget-html\" data-id=\"64ec17b5\" data-element_type=\"widget\" data-e-type=\"widget\" data-widget_type=\"html.default\">\n\t\t\t\t<div class=\"elementor-widget-container\">\n\t\t\t\t\t<a href=\"\/guiaescolar\/educacao-infantil\/lista-de-materiais\" style=\"text-decoration: none;\">\r\n  <button class=\"comic-button\">Lista<br>de Materiais<\/button>\r\n<\/a>\t\t\t\t<\/div>\n\t\t\t\t<\/div>\n\t\t\t\t<\/div>\n\t\t<div class=\"elementor-element elementor-element-3bccdb55 e-grid e-con-full e-con e-child\" data-id=\"3bccdb55\" data-element_type=\"container\" data-e-type=\"container\">\n\t\t\t\t<div class=\"elementor-element elementor-element-7c304841 elementor-widget elementor-widget-html\" data-id=\"7c304841\" data-element_type=\"widget\" data-e-type=\"widget\" data-widget_type=\"html.default\">\n\t\t\t\t<div class=\"elementor-widget-container\">\n\t\t\t\t\t<a href=\"\/guiaescolar\/educacao-infantil\/extra-curriculares\" style=\"text-decoration: none;\">\r\n  <button class=\"comic-button\">Extra-<br>curriculares<\/button>\r\n<\/a>\t\t\t\t<\/div>\n\t\t\t\t<\/div>\n\t\t\t\t<div class=\"elementor-element elementor-element-6079238c elementor-widget elementor-widget-html\" data-id=\"6079238c\" data-element_type=\"widget\" data-e-type=\"widget\" data-widget_type=\"html.default\">\n\t\t\t\t<div class=\"elementor-widget-container\">\n\t\t\t\t\t<a href=\"\/guiaescolar\/educacao-infantil\/saida-de-estudos\" style=\"text-decoration: none;\">\r\n  <button class=\"comic-button\">Sa\u00eddas<br>de Estudos<\/button>\r\n<\/a>\t\t\t\t<\/div>\n\t\t\t\t<\/div>\n\t\t\t\t<div class=\"elementor-element elementor-element-7a5bcd6e elementor-widget elementor-widget-html\" data-id=\"7a5bcd6e\" data-element_type=\"widget\" data-e-type=\"widget\" data-widget_type=\"html.default\">\n\t\t\t\t<div class=\"elementor-widget-container\">\n\t\t\t\t\t<a href=\"\/guiaescolar\/educacao-infantil\/aniversario\" style=\"text-decoration: none;\">\r\n  <button class=\"comic-button\">Anivers\u00e1rio<\/button>\r\n<\/a>\t\t\t\t<\/div>\n\t\t\t\t<\/div>\n\t\t\t\t<\/div>\n\t\t<div class=\"elementor-element elementor-element-3279bbb5 e-grid e-con-full e-con e-child\" data-id=\"3279bbb5\" data-element_type=\"container\" data-e-type=\"container\">\n\t\t\t\t<div class=\"elementor-element elementor-element-6b7a999e elementor-widget elementor-widget-html\" data-id=\"6b7a999e\" data-element_type=\"widget\" data-e-type=\"widget\" data-widget_type=\"html.default\">\n\t\t\t\t<div class=\"elementor-widget-container\">\n\t\t\t\t\t<a href=\"\/guiaescolar\/educacao-infantil\/reunioes-de-turmas\" style=\"text-decoration: none;\">\r\n  <button class=\"comic-button\">Reuni\u00f5es<br> de Turmas<\/button>\r\n<\/a>\t\t\t\t<\/div>\n\t\t\t\t<\/div>\n\t\t\t\t<div class=\"elementor-element elementor-element-5b9a1193 elementor-widget elementor-widget-html\" data-id=\"5b9a1193\" data-element_type=\"widget\" data-e-type=\"widget\" data-widget_type=\"html.default\">\n\t\t\t\t<div class=\"elementor-widget-container\">\n\t\t\t\t\t<a href=\"\/guiaescolar\/educacao-infantil\/shabat-com-familias\" style=\"text-decoration: none;\">\r\n  <button class=\"comic-button\">Shabat<br>com Fam\u00edlias<\/button>\r\n<\/a>\t\t\t\t<\/div>\n\t\t\t\t<\/div>\n\t\t\t\t<\/div>\n\t\t\t\t<\/div>\n\t\t\t\t<\/div>\n\t\t\t\t\t<\/div>\n\t\t\t\t<\/div>\n\t\t\t\t<\/div>\n\t\t","protected":false},"excerpt":{"rendered":"<p>GUIA ESCOLAR Lista de Materiais Maternal 2 Os materiais escolares adotados para 2026 estar\u00e3o dispon\u00edveis para venda na loja Letral, localizada na escola.\u00a0Em raz\u00e3o de obras, a loja estar\u00e1 temporariamente localizada na Sala de M\u00fasica.\u00a0 Informa\u00e7\u00f5es e or\u00e7amentos pelo WhatsApp 51 9819-9186. A loja tamb\u00e9m faz a entrega direta em sala de aula, do maternal [&hellip;]<\/p>\n","protected":false},"author":6,"featured_media":0,"parent":663,"menu_order":0,"comment_status":"closed","ping_status":"closed","template":"","meta":{"footnotes":""},"class_list":["post-685","page","type-page","status-publish","hentry"],"_links":{"self":[{"href":"https:\/\/israelitaedu.com.br\/guiaescolar\/wp-json\/wp\/v2\/pages\/685","targetHints":{"allow":["GET"]}}],"collection":[{"href":"https:\/\/israelitaedu.com.br\/guiaescolar\/wp-json\/wp\/v2\/pages"}],"about":[{"href":"https:\/\/israelitaedu.com.br\/guiaescolar\/wp-json\/wp\/v2\/types\/page"}],"author":[{"embeddable":true,"href":"https:\/\/israelitaedu.com.br\/guiaescolar\/wp-json\/wp\/v2\/users\/6"}],"replies":[{"embeddable":true,"href":"https:\/\/israelitaedu.com.br\/guiaescolar\/wp-json\/wp\/v2\/comments?post=685"}],"version-history":[{"count":18,"href":"https:\/\/israelitaedu.com.br\/guiaescolar\/wp-json\/wp\/v2\/pages\/685\/revisions"}],"predecessor-version":[{"id":6733,"href":"https:\/\/israelitaedu.com.br\/guiaescolar\/wp-json\/wp\/v2\/pages\/685\/revisions\/6733"}],"up":[{"embeddable":true,"href":"https:\/\/israelitaedu.com.br\/guiaescolar\/wp-json\/wp\/v2\/pages\/663"}],"wp:attachment":[{"href":"https:\/\/israelitaedu.com.br\/guiaescolar\/wp-json\/wp\/v2\/media?parent=685"}],"curies":[{"name":"wp","href":"https:\/\/api.w.org\/{rel}","templated":true}]}}