{"id":673,"date":"2025-04-17T12:25:00","date_gmt":"2025-04-17T15:25:00","guid":{"rendered":"https:\/\/israelitaedu.com.br\/guiaescolar\/?page_id=673"},"modified":"2025-12-22T08:38:06","modified_gmt":"2025-12-22T11:38:06","slug":"materiais-m1","status":"publish","type":"page","link":"https:\/\/israelitaedu.com.br\/guiaescolar\/educacao-infantil\/lista-de-materiais\/materiais-m1\/","title":{"rendered":"Materiais &#8211; Maternal 1"},"content":{"rendered":"\t\t<div data-elementor-type=\"wp-page\" data-elementor-id=\"673\" class=\"elementor elementor-673\" data-elementor-post-type=\"page\">\n\t\t\t\t<div class=\"elementor-element elementor-element-53775a12 e-flex e-con-boxed e-con e-parent\" data-id=\"53775a12\" data-element_type=\"container\" data-e-type=\"container\">\n\t\t\t\t\t<div class=\"e-con-inner\">\n\t\t<div class=\"elementor-element elementor-element-32a45ea e-con-full e-flex e-con e-child\" data-id=\"32a45ea\" data-element_type=\"container\" data-e-type=\"container\">\n\t\t\t\t<div class=\"elementor-element elementor-element-365b2204 elementor-widget elementor-widget-heading\" data-id=\"365b2204\" data-element_type=\"widget\" data-e-type=\"widget\" data-widget_type=\"heading.default\">\n\t\t\t\t<div class=\"elementor-widget-container\">\n\t\t\t\t\t<h2 class=\"elementor-heading-title elementor-size-default\">GUIA ESCOLAR<\/h2>\t\t\t\t<\/div>\n\t\t\t\t<\/div>\n\t\t\t\t<\/div>\n\t\t<div class=\"elementor-element elementor-element-5c8672e8 e-con-full e-flex e-con e-child\" data-id=\"5c8672e8\" data-element_type=\"container\" data-e-type=\"container\">\n\t\t\t\t<div class=\"elementor-element elementor-element-7b01b7dc elementor-widget elementor-widget-heading\" data-id=\"7b01b7dc\" data-element_type=\"widget\" data-e-type=\"widget\" data-widget_type=\"heading.default\">\n\t\t\t\t<div class=\"elementor-widget-container\">\n\t\t\t\t\t<h2 class=\"elementor-heading-title elementor-size-default\">Lista de Materiais<\/h2>\t\t\t\t<\/div>\n\t\t\t\t<\/div>\n\t\t\t\t<div class=\"elementor-element elementor-element-a9cbbde elementor-widget elementor-widget-heading\" data-id=\"a9cbbde\" data-element_type=\"widget\" data-e-type=\"widget\" data-widget_type=\"heading.default\">\n\t\t\t\t<div class=\"elementor-widget-container\">\n\t\t\t\t\t<h2 class=\"elementor-heading-title elementor-size-default\">Maternal 1<\/h2>\t\t\t\t<\/div>\n\t\t\t\t<\/div>\n\t\t<div class=\"elementor-element elementor-element-68536760 e-con-full e-flex e-con e-child\" data-id=\"68536760\" data-element_type=\"container\" data-e-type=\"container\">\n\t\t\t\t<div class=\"elementor-element elementor-element-9b61732 elementor-widget elementor-widget-text-editor\" data-id=\"9b61732\" data-element_type=\"widget\" data-e-type=\"widget\" data-widget_type=\"text-editor.default\">\n\t\t\t\t<div class=\"elementor-widget-container\">\n\t\t\t\t\t\t\t\t\t<p>Os materiais escolares adotados para 2026 estar\u00e3o dispon\u00edveis para venda na loja Letral, localizada na escola.\u00a0<strong>Em raz\u00e3o de obras, a loja estar\u00e1 temporariamente localizada na Sala de M\u00fasica.\u00a0<\/strong> Informa\u00e7\u00f5es e or\u00e7amentos pelo WhatsApp 51 9819-9186. A loja tamb\u00e9m faz a entrega direta em sala de aula, do maternal 1 ao 5\u00ba ano.<\/p><p>Caso a fam\u00edlia prefira, poder\u00e1 adquirir o material em outro estabelecimento at\u00e9 o in\u00edcio do ano letivo.<\/p>\t\t\t\t\t\t\t\t<\/div>\n\t\t\t\t<\/div>\n\t\t\t\t<\/div>\n\t\t\t\t<\/div>\n\t\t<div class=\"elementor-element elementor-element-380907e e-con-full forcar-cor-texto-preto e-flex e-con e-child\" data-id=\"380907e\" data-element_type=\"container\" data-e-type=\"container\" data-settings=\"{&quot;background_background&quot;:&quot;classic&quot;}\">\n\t\t<div class=\"elementor-element elementor-element-64ba1d65 e-con-full e-flex e-con e-child\" data-id=\"64ba1d65\" data-element_type=\"container\" data-e-type=\"container\">\n\t\t\t\t<div class=\"elementor-element elementor-element-b017edc elementor-widget elementor-widget-heading\" data-id=\"b017edc\" data-element_type=\"widget\" data-e-type=\"widget\" data-widget_type=\"heading.default\">\n\t\t\t\t<div class=\"elementor-widget-container\">\n\t\t\t\t\t<h2 class=\"elementor-heading-title elementor-size-default\">ITENS DIVERSOS<\/h2>\t\t\t\t<\/div>\n\t\t\t\t<\/div>\n\t\t\t\t<div class=\"elementor-element elementor-element-54ea1ce elementor-widget elementor-widget-text-editor\" data-id=\"54ea1ce\" data-element_type=\"widget\" data-e-type=\"widget\" data-widget_type=\"text-editor.default\">\n\t\t\t\t<div class=\"elementor-widget-container\">\n\t\t\t\t\t\t\t\t\t<p>Devem ser entregues ao longo da primeira semana de aula, para a professora tutora.<\/p><p>&#8211; 1 Pasta cat\u00e1logo A4 com 40 sacos pl\u00e1sticos (para avalia\u00e7\u00e3o escolar);<\/p><p>&#8211; 50 folhas de desenho A3 gramatura 180g;<\/p><p>&#8211; 50 folhas de desenho A4 gramatura 180g;<\/p><p>&#8211; 1 pacote de papel color set A4 gramatura 120g;<\/p><p>&#8211; 1 folha papel cartaz (cor variada);<\/p><p>&#8211; 1 folha de lixa gr\u00e3o 150;<\/p><p>&#8211; 2 folhas de papel celofane (cor variada);<\/p><p>&#8211; 2 potes de 500g de massinha de modelar;<\/p><p>&#8211; 1 pote de areia m\u00e1gica 550g;<\/p><p>&#8211; 1 pote de tinta guache (cor prim\u00e1ria);<\/p><p>&#8211; 1 pote de tinta guache branca;<\/p><p>&#8211; 1 pote de tinta guache preta;<\/p><p>&#8211; 1 conjunto de 6 cores tinta guache bast\u00e3o;<\/p><p>&#8211; 1 Tinta Guache Bast\u00e3o Guache Bast\u00e3o 06 Cores Neon;<\/p><p>&#8211; Giz de Cera Meu Primeiro Giz 6 Cores;<\/p><p>&#8211; 1 Pote de Slime 180g;<\/p><p>&#8211; 2 tubos de cola l\u00edquida 100g;<\/p><p>&#8211; 1 avental de pintura manga longa;<\/p><p>&#8211; 1 Kip\u00e1 (para meninos)<\/p><div>\u00a0<\/div>\t\t\t\t\t\t\t\t<\/div>\n\t\t\t\t<\/div>\n\t\t\t\t<\/div>\n\t\t<div class=\"elementor-element elementor-element-9f72c71 e-con-full e-flex e-con e-child\" data-id=\"9f72c71\" data-element_type=\"container\" data-e-type=\"container\">\n\t\t\t\t<div class=\"elementor-element elementor-element-464bcb8 elementor-widget elementor-widget-heading\" data-id=\"464bcb8\" data-element_type=\"widget\" data-e-type=\"widget\" data-widget_type=\"heading.default\">\n\t\t\t\t<div class=\"elementor-widget-container\">\n\t\t\t\t\t<h2 class=\"elementor-heading-title elementor-size-default\">ITENS DA MOCHILA<\/h2>\t\t\t\t<\/div>\n\t\t\t\t<\/div>\n\t\t\t\t<div class=\"elementor-element elementor-element-dbf55a0 elementor-widget elementor-widget-text-editor\" data-id=\"dbf55a0\" data-element_type=\"widget\" data-e-type=\"widget\" data-widget_type=\"text-editor.default\">\n\t\t\t\t<div class=\"elementor-widget-container\">\n\t\t\t\t\t\t\t\t\t<p>\u00c9 de responsabilidade da fam\u00edlia manter a mochila diariamente organizada com:<\/p><p>&#8211; 1 garrafa para \u00e1gua (identificado com o nome);\u00a0<\/p><p>&#8211; Fraldas descart\u00e1veis, suficientes para o dia;\u00a0<\/p><p>&#8211; 1 pacote de len\u00e7o umedecido;\u00a0<\/p><p>&#8211; 1 pomada para assaduras;\u00a0<\/p><p>&#8211; 1 escova de cabelo;\u00a0<\/p><p>&#8211; 1 caixa de len\u00e7o de papel;\u00a0<\/p><p>&#8211; 1 saquinho imperme\u00e1vel para colocar as roupas sujas;\u00a0<\/p><p>&#8211; Mudas de roupas da esta\u00e7\u00e3o (sugerimos incluir um par de cal\u00e7ados extra na mochila).<\/p><div>\u00a0<\/div>\t\t\t\t\t\t\t\t<\/div>\n\t\t\t\t<\/div>\n\t\t\t\t<\/div>\n\t\t<div class=\"elementor-element elementor-element-d2ce599 e-con-full e-flex e-con e-child\" data-id=\"d2ce599\" data-element_type=\"container\" data-e-type=\"container\">\n\t\t\t\t<div class=\"elementor-element elementor-element-ab99457 elementor-widget elementor-widget-heading\" data-id=\"ab99457\" data-element_type=\"widget\" data-e-type=\"widget\" data-widget_type=\"heading.default\">\n\t\t\t\t<div class=\"elementor-widget-container\">\n\t\t\t\t\t<h2 class=\"elementor-heading-title elementor-size-default\">ITENS DE USO PESSOAL<\/h2>\t\t\t\t<\/div>\n\t\t\t\t<\/div>\n\t\t\t\t<div class=\"elementor-element elementor-element-d89e4b4 elementor-widget elementor-widget-text-editor\" data-id=\"d89e4b4\" data-element_type=\"widget\" data-e-type=\"widget\" data-widget_type=\"text-editor.default\">\n\t\t\t\t<div class=\"elementor-widget-container\">\n\t\t\t\t\t\t\t\t\t<p><span data-contrast=\"auto\">Entregar semanalmente para a professora:\u00a0<\/span><\/p><p>&#8211; 01 jogo de len\u00e7ol e 1 travesseiro pequeno, acondicionados em uma embalagem de tecido (identificados com nome da crian\u00e7a);\u00a0<\/p><p>&#8211; 01 sabonete l\u00edquido pequeno.\u00a0<\/p><p>OBS: Nas sextas-feiras, os len\u00e7\u00f3is e a fronha retornar\u00e3o na mochila para higieniza\u00e7\u00e3o.<\/p><p><span style=\"font-size: 1rem;\">\u00a0<\/span><\/p>\t\t\t\t\t\t\t\t<\/div>\n\t\t\t\t<\/div>\n\t\t\t\t<\/div>\n\t\t<div class=\"elementor-element elementor-element-932ec19 e-con-full e-flex e-con e-child\" data-id=\"932ec19\" data-element_type=\"container\" data-e-type=\"container\">\n\t\t\t\t<div class=\"elementor-element elementor-element-8a88933 elementor-widget elementor-widget-heading\" data-id=\"8a88933\" data-element_type=\"widget\" data-e-type=\"widget\" data-widget_type=\"heading.default\">\n\t\t\t\t<div class=\"elementor-widget-container\">\n\t\t\t\t\t<h2 class=\"elementor-heading-title elementor-size-default\">CONJUNTO PEDAG\u00d3GICO<\/h2>\t\t\t\t<\/div>\n\t\t\t\t<\/div>\n\t\t\t\t<div class=\"elementor-element elementor-element-621764f elementor-widget elementor-widget-text-editor\" data-id=\"621764f\" data-element_type=\"widget\" data-e-type=\"widget\" data-widget_type=\"text-editor.default\">\n\t\t\t\t<div class=\"elementor-widget-container\">\n\t\t\t\t\t\t\t\t\t<p>A composi\u00e7\u00e3o dos espa\u00e7os na Educa\u00e7\u00e3o Infantil oportuniza o desenvolvimento integral da crian\u00e7a, auxiliando em suas potencialidades e oportunizando aquisi\u00e7\u00e3o de novas habilidades motoras, cognitivas e afetivas. Anualmente, escolhemos novos elementos para compor contextos de aprendizagem, de forma personalizada para a turma. <br \/><br \/>Visando facilitar a log\u00edstica das fam\u00edlias, o valor referente a este conjunto pedag\u00f3gico (R$100,00) ser\u00e1 inclu\u00eddo no boleto de cobran\u00e7a da mensalidade com vencimento no m\u00eas de mar\u00e7o.<\/p>\t\t\t\t\t\t\t\t<\/div>\n\t\t\t\t<\/div>\n\t\t\t\t<\/div>\n\t\t<div class=\"elementor-element elementor-element-7f17c46 e-con-full e-flex e-con e-child\" data-id=\"7f17c46\" data-element_type=\"container\" data-e-type=\"container\">\n\t\t\t\t<div class=\"elementor-element elementor-element-3b491a7 elementor-widget elementor-widget-heading\" data-id=\"3b491a7\" data-element_type=\"widget\" data-e-type=\"widget\" data-widget_type=\"heading.default\">\n\t\t\t\t<div class=\"elementor-widget-container\">\n\t\t\t\t\t<h2 class=\"elementor-heading-title elementor-size-default\">UNIFORME ESCOLAR<\/h2>\t\t\t\t<\/div>\n\t\t\t\t<\/div>\n\t\t\t\t<div class=\"elementor-element elementor-element-cd7ac71 elementor-widget elementor-widget-text-editor\" data-id=\"cd7ac71\" data-element_type=\"widget\" data-e-type=\"widget\" data-widget_type=\"text-editor.default\">\n\t\t\t\t<div class=\"elementor-widget-container\">\n\t\t\t\t\t\t\t\t\t<p>Uso di\u00e1rio&nbsp;<\/p><p>&#8211; O uso do uniforme escolar padronizado \u00e9 obrigat\u00f3rio;&nbsp;<\/p><p>&#8211; O uniforme do Israelita apresenta uma variedade em pe\u00e7as e materiais para proporcionar conforto e prote\u00e7\u00e3o para as diferentes faixas et\u00e1rias;&nbsp;<\/p><p>&#8211; Comp\u00f5em tamb\u00e9m o vestu\u00e1rio permitido para uso escolar cal\u00e7a e\/ou bermudas na cor preto, sem estampas e cal\u00e7a jeans em dias que n\u00e3o h\u00e1 pr\u00e1tica de esportes;&nbsp;<\/p><p>&#8211; Permitimos que o agasalho (casaco) de inverno, utilizado em dias de baixas temperaturas n\u00e3o perten\u00e7a a cole\u00e7\u00e3o oficial de uniforme da institui\u00e7\u00e3o.<\/p><div><br><\/div>\t\t\t\t\t\t\t\t<\/div>\n\t\t\t\t<\/div>\n\t\t\t\t<\/div>\n\t\t\t\t<\/div>\n\t\t<div class=\"elementor-element elementor-element-8588099 e-con-full e-flex e-con e-child\" data-id=\"8588099\" data-element_type=\"container\" data-e-type=\"container\">\n\t\t\t\t<div class=\"elementor-element elementor-element-928ce1a elementor-widget elementor-widget-text-editor\" data-id=\"928ce1a\" data-element_type=\"widget\" data-e-type=\"widget\" data-widget_type=\"text-editor.default\">\n\t\t\t\t<div class=\"elementor-widget-container\">\n\t\t\t\t\t\t\t\t\t<p>Em caso de d\u00favidas, entre em contato pelo aplicativo, no canal Central de Relacionamento.<\/p>\t\t\t\t\t\t\t\t<\/div>\n\t\t\t\t<\/div>\n\t\t<div class=\"elementor-element elementor-element-0a478d7 e-con-full e-flex e-con e-child\" data-id=\"0a478d7\" data-element_type=\"container\" data-e-type=\"container\">\n\t\t\t\t<div class=\"elementor-element elementor-element-58891dda elementor-widget elementor-widget-heading\" data-id=\"58891dda\" data-element_type=\"widget\" data-e-type=\"widget\" data-widget_type=\"heading.default\">\n\t\t\t\t<div class=\"elementor-widget-container\">\n\t\t\t\t\t<h2 class=\"elementor-heading-title elementor-size-default\"><span style=\"font-size: 33px;font-weight: 400;text-align: center\">Navega\u00e7\u00e3o&nbsp;<\/span><span style=\"font-size: 33px;font-weight: 400;text-align: center\">EI<\/span><\/h2>\t\t\t\t<\/div>\n\t\t\t\t<\/div>\n\t\t<div class=\"elementor-element elementor-element-65ef17bb e-grid e-con-full e-con e-child\" data-id=\"65ef17bb\" data-element_type=\"container\" data-e-type=\"container\">\n\t\t\t\t<div class=\"elementor-element elementor-element-5dfc9631 elementor-widget elementor-widget-html\" data-id=\"5dfc9631\" data-element_type=\"widget\" data-e-type=\"widget\" data-widget_type=\"html.default\">\n\t\t\t\t<div class=\"elementor-widget-container\">\n\t\t\t\t\t<a href=\"\/guiaescolar\/educacao-infantil\/horarios\" style=\"text-decoration: none;\">\r\n  <button class=\"comic-button\">Hor\u00e1rios<\/button>\r\n<\/a>\t\t\t\t<\/div>\n\t\t\t\t<\/div>\n\t\t\t\t<div class=\"elementor-element elementor-element-61490b41 elementor-widget elementor-widget-html\" data-id=\"61490b41\" data-element_type=\"widget\" data-e-type=\"widget\" data-widget_type=\"html.default\">\n\t\t\t\t<div class=\"elementor-widget-container\">\n\t\t\t\t\t<a href=\"\/guiaescolar\/educacao-infantil\/salas-de-aula-educacao-infantil\/\" style=\"text-decoration: none;\">\r\n  <button class=\"comic-button\">Salas<br>de Aula<\/button>\r\n<\/a>\t\t\t\t<\/div>\n\t\t\t\t<\/div>\n\t\t\t\t<div class=\"elementor-element elementor-element-5671291b elementor-widget elementor-widget-html\" data-id=\"5671291b\" data-element_type=\"widget\" data-e-type=\"widget\" data-widget_type=\"html.default\">\n\t\t\t\t<div class=\"elementor-widget-container\">\n\t\t\t\t\t<a href=\"\/guiaescolar\/educacao-infantil\/entrada-e-saida\" style=\"text-decoration: none;\">\r\n  <button class=\"comic-button\">Entrada<br>e Sa\u00edda<\/button>\r\n<\/a>\t\t\t\t<\/div>\n\t\t\t\t<\/div>\n\t\t\t\t<\/div>\n\t\t<div class=\"elementor-element elementor-element-6949e489 e-grid e-con-full e-con e-child\" data-id=\"6949e489\" data-element_type=\"container\" data-e-type=\"container\">\n\t\t\t\t<div class=\"elementor-element elementor-element-4a80a3db elementor-widget elementor-widget-html\" data-id=\"4a80a3db\" data-element_type=\"widget\" data-e-type=\"widget\" data-widget_type=\"html.default\">\n\t\t\t\t<div class=\"elementor-widget-container\">\n\t\t\t\t\t<a href=\"\/guiaescolar\/educacao-infantil\/processo-de-adaptacao\" style=\"text-decoration: none;\">\r\n  <button class=\"comic-button\">Processo<br>de Adapta\u00e7\u00e3o<\/button>\r\n<\/a>\t\t\t\t<\/div>\n\t\t\t\t<\/div>\n\t\t\t\t<div class=\"elementor-element elementor-element-2bf62687 elementor-widget elementor-widget-html\" data-id=\"2bf62687\" data-element_type=\"widget\" data-e-type=\"widget\" data-widget_type=\"html.default\">\n\t\t\t\t<div class=\"elementor-widget-container\">\n\t\t\t\t\t<a href=\"\/guiaescolar\/educacao-infantil\/turno-complementar\" style=\"text-decoration: none;\">\r\n  <button class=\"comic-button\">Turno<br>Complementar<\/button>\r\n<\/a>\t\t\t\t<\/div>\n\t\t\t\t<\/div>\n\t\t\t\t<div class=\"elementor-element elementor-element-26a20c4a elementor-widget elementor-widget-html\" data-id=\"26a20c4a\" data-element_type=\"widget\" data-e-type=\"widget\" data-widget_type=\"html.default\">\n\t\t\t\t<div class=\"elementor-widget-container\">\n\t\t\t\t\t<a href=\"\/guiaescolar\/educacao-infantil\/lista-de-materiais\" style=\"text-decoration: none;\">\r\n  <button class=\"comic-button\">Lista<br>de Materiais<\/button>\r\n<\/a>\t\t\t\t<\/div>\n\t\t\t\t<\/div>\n\t\t\t\t<\/div>\n\t\t<div class=\"elementor-element elementor-element-36e5f13 e-grid e-con-full e-con e-child\" data-id=\"36e5f13\" data-element_type=\"container\" data-e-type=\"container\">\n\t\t\t\t<div class=\"elementor-element elementor-element-67664a30 elementor-widget elementor-widget-html\" data-id=\"67664a30\" data-element_type=\"widget\" data-e-type=\"widget\" data-widget_type=\"html.default\">\n\t\t\t\t<div class=\"elementor-widget-container\">\n\t\t\t\t\t<a href=\"\/guiaescolar\/educacao-infantil\/extra-curriculares\" style=\"text-decoration: none;\">\r\n  <button class=\"comic-button\">Extra-<br>curriculares<\/button>\r\n<\/a>\t\t\t\t<\/div>\n\t\t\t\t<\/div>\n\t\t\t\t<div class=\"elementor-element elementor-element-2241b646 elementor-widget elementor-widget-html\" data-id=\"2241b646\" data-element_type=\"widget\" data-e-type=\"widget\" data-widget_type=\"html.default\">\n\t\t\t\t<div class=\"elementor-widget-container\">\n\t\t\t\t\t<a href=\"\/guiaescolar\/educacao-infantil\/saida-de-estudos\" style=\"text-decoration: none;\">\r\n  <button class=\"comic-button\">Sa\u00eddas<br>de Estudos<\/button>\r\n<\/a>\t\t\t\t<\/div>\n\t\t\t\t<\/div>\n\t\t\t\t<div class=\"elementor-element elementor-element-56449142 elementor-widget elementor-widget-html\" data-id=\"56449142\" data-element_type=\"widget\" data-e-type=\"widget\" data-widget_type=\"html.default\">\n\t\t\t\t<div class=\"elementor-widget-container\">\n\t\t\t\t\t<a href=\"\/guiaescolar\/educacao-infantil\/aniversario\" style=\"text-decoration: none;\">\r\n  <button class=\"comic-button\">Anivers\u00e1rio<\/button>\r\n<\/a>\t\t\t\t<\/div>\n\t\t\t\t<\/div>\n\t\t\t\t<\/div>\n\t\t<div class=\"elementor-element elementor-element-1048450d e-grid e-con-full e-con e-child\" data-id=\"1048450d\" data-element_type=\"container\" data-e-type=\"container\">\n\t\t\t\t<div class=\"elementor-element elementor-element-7b9beecc elementor-widget elementor-widget-html\" data-id=\"7b9beecc\" data-element_type=\"widget\" data-e-type=\"widget\" data-widget_type=\"html.default\">\n\t\t\t\t<div class=\"elementor-widget-container\">\n\t\t\t\t\t<a href=\"\/guiaescolar\/educacao-infantil\/reunioes-de-turmas\" style=\"text-decoration: none;\">\r\n  <button class=\"comic-button\">Reuni\u00f5es<br> de Turmas<\/button>\r\n<\/a>\t\t\t\t<\/div>\n\t\t\t\t<\/div>\n\t\t\t\t<div class=\"elementor-element elementor-element-7a6c98c4 elementor-widget elementor-widget-html\" data-id=\"7a6c98c4\" data-element_type=\"widget\" data-e-type=\"widget\" data-widget_type=\"html.default\">\n\t\t\t\t<div class=\"elementor-widget-container\">\n\t\t\t\t\t<a href=\"\/guiaescolar\/educacao-infantil\/shabat-com-familias\" style=\"text-decoration: none;\">\r\n  <button class=\"comic-button\">Shabat<br>com Fam\u00edlias<\/button>\r\n<\/a>\t\t\t\t<\/div>\n\t\t\t\t<\/div>\n\t\t\t\t<\/div>\n\t\t\t\t<\/div>\n\t\t\t\t<\/div>\n\t\t\t\t\t<\/div>\n\t\t\t\t<\/div>\n\t\t\t\t<\/div>\n\t\t","protected":false},"excerpt":{"rendered":"<p>GUIA ESCOLAR Lista de Materiais Maternal 1 Os materiais escolares adotados para 2026 estar\u00e3o dispon\u00edveis para venda na loja Letral, localizada na escola.\u00a0Em raz\u00e3o de obras, a loja estar\u00e1 temporariamente localizada na Sala de M\u00fasica.\u00a0 Informa\u00e7\u00f5es e or\u00e7amentos pelo WhatsApp 51 9819-9186. A loja tamb\u00e9m faz a entrega direta em sala de aula, do maternal [&hellip;]<\/p>\n","protected":false},"author":6,"featured_media":0,"parent":663,"menu_order":0,"comment_status":"closed","ping_status":"closed","template":"","meta":{"footnotes":""},"class_list":["post-673","page","type-page","status-publish","hentry"],"_links":{"self":[{"href":"https:\/\/israelitaedu.com.br\/guiaescolar\/wp-json\/wp\/v2\/pages\/673","targetHints":{"allow":["GET"]}}],"collection":[{"href":"https:\/\/israelitaedu.com.br\/guiaescolar\/wp-json\/wp\/v2\/pages"}],"about":[{"href":"https:\/\/israelitaedu.com.br\/guiaescolar\/wp-json\/wp\/v2\/types\/page"}],"author":[{"embeddable":true,"href":"https:\/\/israelitaedu.com.br\/guiaescolar\/wp-json\/wp\/v2\/users\/6"}],"replies":[{"embeddable":true,"href":"https:\/\/israelitaedu.com.br\/guiaescolar\/wp-json\/wp\/v2\/comments?post=673"}],"version-history":[{"count":24,"href":"https:\/\/israelitaedu.com.br\/guiaescolar\/wp-json\/wp\/v2\/pages\/673\/revisions"}],"predecessor-version":[{"id":6729,"href":"https:\/\/israelitaedu.com.br\/guiaescolar\/wp-json\/wp\/v2\/pages\/673\/revisions\/6729"}],"up":[{"embeddable":true,"href":"https:\/\/israelitaedu.com.br\/guiaescolar\/wp-json\/wp\/v2\/pages\/663"}],"wp:attachment":[{"href":"https:\/\/israelitaedu.com.br\/guiaescolar\/wp-json\/wp\/v2\/media?parent=673"}],"curies":[{"name":"wp","href":"https:\/\/api.w.org\/{rel}","templated":true}]}}