{"id":58,"date":"2025-04-16T13:38:47","date_gmt":"2025-04-16T16:38:47","guid":{"rendered":"https:\/\/israelitaedu.com.br\/guiaescolar\/?page_id=58"},"modified":"2025-12-19T16:57:10","modified_gmt":"2025-12-19T19:57:10","slug":"saude","status":"publish","type":"page","link":"https:\/\/israelitaedu.com.br\/guiaescolar\/saude\/","title":{"rendered":"Sa\u00fade"},"content":{"rendered":"\t\t<div data-elementor-type=\"wp-page\" data-elementor-id=\"58\" class=\"elementor elementor-58\" data-elementor-post-type=\"page\">\n\t\t\t\t<div class=\"elementor-element elementor-element-580d7ef2 e-flex e-con-boxed e-con e-parent\" data-id=\"580d7ef2\" data-element_type=\"container\" data-e-type=\"container\">\n\t\t\t\t\t<div class=\"e-con-inner\">\n\t\t<div class=\"elementor-element elementor-element-4a8912d9 e-con-full e-flex e-con e-child\" data-id=\"4a8912d9\" data-element_type=\"container\" data-e-type=\"container\">\n\t\t\t\t<div class=\"elementor-element elementor-element-7ea14272 elementor-widget elementor-widget-heading\" data-id=\"7ea14272\" data-element_type=\"widget\" data-e-type=\"widget\" data-widget_type=\"heading.default\">\n\t\t\t\t<div class=\"elementor-widget-container\">\n\t\t\t\t\t<h2 class=\"elementor-heading-title elementor-size-default\">Sa\u00fade<\/h2>\t\t\t\t<\/div>\n\t\t\t\t<\/div>\n\t\t\t\t<div class=\"elementor-element elementor-element-74aa648a elementor-widget elementor-widget-text-editor\" data-id=\"74aa648a\" data-element_type=\"widget\" data-e-type=\"widget\" data-widget_type=\"text-editor.default\">\n\t\t\t\t<div class=\"elementor-widget-container\">\n\t\t\t\t\t\t\t\t\t<p>O Col\u00e9gio Israelita Brasileiro disp\u00f5e de um Posto de Enfermagem com profissionais habilitados para prestar primeiros socorros e administrar medicamentos mediante <b>receita m\u00e9dica.<\/b> Para um atendimento seguro, a <b>ficha de sa\u00fade<\/b> deve estar sempre atualizada na Secretaria Escolar.<\/p><p>A equipe \u00e9 composta por uma enfermeira e uma t\u00e9cnica de enfermagem, sob supervis\u00e3o do <b>Comit\u00ea M\u00e9dico<\/b> (Dra. Fabiane Kahan e enfermeira Margarita Rubin Unikowski).<\/p><p>Em intercorr\u00eancias de sa\u00fade, a fam\u00edlia \u00e9 comunicada por telefone e\/ou aplicativo. Em casos de urg\u00eancia grave, e se n\u00e3o houver contato imediato com a fam\u00edlia, a Escola poder\u00e1 acionar o <b>SAMU<\/b> para garantir o pronto atendimento ao estudante.<\/p>\t\t\t\t\t\t\t\t<\/div>\n\t\t\t\t<\/div>\n\t\t\t\t<div class=\"elementor-element elementor-element-9ddf178 elementor-arrows-position-inside elementor-widget elementor-widget-image-carousel\" data-id=\"9ddf178\" data-element_type=\"widget\" data-e-type=\"widget\" data-settings=\"{&quot;slides_to_show&quot;:&quot;1&quot;,&quot;navigation&quot;:&quot;arrows&quot;,&quot;autoplay&quot;:&quot;yes&quot;,&quot;pause_on_hover&quot;:&quot;yes&quot;,&quot;pause_on_interaction&quot;:&quot;yes&quot;,&quot;autoplay_speed&quot;:5000,&quot;infinite&quot;:&quot;yes&quot;,&quot;effect&quot;:&quot;slide&quot;,&quot;speed&quot;:500}\" data-widget_type=\"image-carousel.default\">\n\t\t\t\t<div class=\"elementor-widget-container\">\n\t\t\t\t\t\t\t<div class=\"elementor-image-carousel-wrapper swiper\" role=\"region\" aria-roledescription=\"carousel\" aria-label=\"Image Carousel\" dir=\"ltr\">\n\t\t\t<div class=\"elementor-image-carousel swiper-wrapper\" aria-live=\"off\">\n\t\t\t\t\t\t\t\t<div class=\"swiper-slide\" role=\"group\" aria-roledescription=\"slide\" aria-label=\"1 de 4\"><figure class=\"swiper-slide-inner\"><img decoding=\"async\" class=\"swiper-slide-image\" src=\"https:\/\/israelitaedu.com.br\/guiaescolar\/wp-content\/uploads\/2025\/04\/enfermaria-2-2-scaled-1.jpg\" alt=\"enfermaria-2-2-scaled.jpg\" \/><\/figure><\/div><div class=\"swiper-slide\" role=\"group\" aria-roledescription=\"slide\" aria-label=\"2 de 4\"><figure class=\"swiper-slide-inner\"><img decoding=\"async\" class=\"swiper-slide-image\" src=\"https:\/\/israelitaedu.com.br\/guiaescolar\/wp-content\/uploads\/2025\/04\/enfermaria-5-2-scaled-2.jpg\" alt=\"enfermaria-5-2-scaled.jpg\" \/><\/figure><\/div><div class=\"swiper-slide\" role=\"group\" aria-roledescription=\"slide\" aria-label=\"3 de 4\"><figure class=\"swiper-slide-inner\"><img decoding=\"async\" class=\"swiper-slide-image\" src=\"https:\/\/israelitaedu.com.br\/guiaescolar\/wp-content\/uploads\/2025\/04\/enfermaria-10-2-scaled-2.jpg\" alt=\"enfermaria-10-2-scaled.jpg\" \/><\/figure><\/div><div class=\"swiper-slide\" role=\"group\" aria-roledescription=\"slide\" aria-label=\"4 de 4\"><figure class=\"swiper-slide-inner\"><img decoding=\"async\" class=\"swiper-slide-image\" src=\"https:\/\/israelitaedu.com.br\/guiaescolar\/wp-content\/uploads\/2025\/04\/DSC_0001-scaled-2.jpg\" alt=\"DSC_0001-scaled.jpg\" \/><\/figure><\/div>\t\t\t<\/div>\n\t\t\t\t\t\t\t\t\t\t\t\t<div class=\"elementor-swiper-button elementor-swiper-button-prev\" role=\"button\" tabindex=\"0\">\n\t\t\t\t\t\t<svg aria-hidden=\"true\" class=\"e-font-icon-svg e-eicon-chevron-left\" viewBox=\"0 0 1000 1000\" xmlns=\"http:\/\/www.w3.org\/2000\/svg\"><path d=\"M646 125C629 125 613 133 604 142L308 442C296 454 292 471 292 487 292 504 296 521 308 533L604 854C617 867 629 875 646 875 663 875 679 871 692 858 704 846 713 829 713 812 713 796 708 779 692 767L438 487 692 225C700 217 708 204 708 187 708 171 704 154 692 142 675 129 663 125 646 125Z\"><\/path><\/svg>\t\t\t\t\t<\/div>\n\t\t\t\t\t<div class=\"elementor-swiper-button elementor-swiper-button-next\" role=\"button\" tabindex=\"0\">\n\t\t\t\t\t\t<svg aria-hidden=\"true\" class=\"e-font-icon-svg e-eicon-chevron-right\" viewBox=\"0 0 1000 1000\" xmlns=\"http:\/\/www.w3.org\/2000\/svg\"><path d=\"M696 533C708 521 713 504 713 487 713 471 708 454 696 446L400 146C388 133 375 125 354 125 338 125 325 129 313 142 300 154 292 171 292 187 292 204 296 221 308 233L563 492 304 771C292 783 288 800 288 817 288 833 296 850 308 863 321 871 338 875 354 875 371 875 388 867 400 854L696 533Z\"><\/path><\/svg>\t\t\t\t\t<\/div>\n\t\t\t\t\n\t\t\t\t\t\t\t\t\t<\/div>\n\t\t\t\t\t\t<\/div>\n\t\t\t\t<\/div>\n\t\t\t\t<div class=\"elementor-element elementor-element-cea3978 elementor-widget elementor-widget-heading\" data-id=\"cea3978\" data-element_type=\"widget\" data-e-type=\"widget\" data-widget_type=\"heading.default\">\n\t\t\t\t<div class=\"elementor-widget-container\">\n\t\t\t\t\t<h4 class=\"elementor-heading-title elementor-size-default\">Estudantes com quest\u00f5es de sa\u00fade<\/h4>\t\t\t\t<\/div>\n\t\t\t\t<\/div>\n\t\t\t\t<div class=\"elementor-element elementor-element-4e0a851 elementor-widget elementor-widget-text-editor\" data-id=\"4e0a851\" data-element_type=\"widget\" data-e-type=\"widget\" data-widget_type=\"text-editor.default\">\n\t\t\t\t<div class=\"elementor-widget-container\">\n\t\t\t\t\t\t\t\t\t<p><span style=\"font-weight: 400;\">Estudantes com febre, doen\u00e7as infectocontagiosas ou em per\u00edodo de recupera\u00e7\u00e3o devem permanecer em casa at\u00e9 a plena melhora. Ao identificar qualquer enfermidade, a fam\u00edlia deve informar o Col\u00e9gio pelo aplicativo (Canais Coordena\u00e7\u00e3o da Etapa ou Relacionamento).<\/span><\/p><p><br \/><span style=\"font-weight: 400;\">Para o retorno \u00e0s aulas, \u00e9 necess\u00e1rio apresentar <\/span><b>atestado m\u00e9dico<\/b><span style=\"font-weight: 400;\"> comprovando que o estudante est\u00e1 apto a frequentar a Escola. Esse cuidado visa proteger a sa\u00fade do estudante e prevenir a transmiss\u00e3o de doen\u00e7as entre os colegas.<\/span><\/p>\t\t\t\t\t\t\t\t<\/div>\n\t\t\t\t<\/div>\n\t\t\t\t<div class=\"elementor-element elementor-element-c4f8c8c elementor-widget elementor-widget-heading\" data-id=\"c4f8c8c\" data-element_type=\"widget\" data-e-type=\"widget\" data-widget_type=\"heading.default\">\n\t\t\t\t<div class=\"elementor-widget-container\">\n\t\t\t\t\t<h4 class=\"elementor-heading-title elementor-size-default\">Administra\u00e7\u00e3o de medicamentos<\/h4>\t\t\t\t<\/div>\n\t\t\t\t<\/div>\n\t\t\t\t<div class=\"elementor-element elementor-element-9d4f34e elementor-widget elementor-widget-text-editor\" data-id=\"9d4f34e\" data-element_type=\"widget\" data-e-type=\"widget\" data-widget_type=\"text-editor.default\">\n\t\t\t\t<div class=\"elementor-widget-container\">\n\t\t\t\t\t\t\t\t\t<p>Quando houver necessidade de uso de medicamentos durante o hor\u00e1rio escolar, o protocolo \u00e9:<\/p><ul><li>aviso formal \u00e0 Coordena\u00e7\u00e3o da Etapa;<\/li><li>entrega do medicamento \u00e0 Enfermaria, devidamente acondicionado em sacola pl\u00e1stica identificada com nome, turma, hor\u00e1rio de administra\u00e7\u00e3o e receita m\u00e9dica;<\/li><\/ul><p>Estudantes com alergias alimentares ou doen\u00e7as cr\u00f4nicas (como asma) podem manter na Enfermaria a medica\u00e7\u00e3o de crise, acompanhada de receita e termo de consentimento.<\/p><div>\u00a0<\/div>\t\t\t\t\t\t\t\t<\/div>\n\t\t\t\t<\/div>\n\t\t\t\t<div class=\"elementor-element elementor-element-2b88532 elementor-widget elementor-widget-heading\" data-id=\"2b88532\" data-element_type=\"widget\" data-e-type=\"widget\" data-widget_type=\"heading.default\">\n\t\t\t\t<div class=\"elementor-widget-container\">\n\t\t\t\t\t<h4 class=\"elementor-heading-title elementor-size-default\">Uso de medica\u00e7\u00e3o cont\u00ednua<\/h4>\t\t\t\t<\/div>\n\t\t\t\t<\/div>\n\t\t\t\t<div class=\"elementor-element elementor-element-f8e5a92 elementor-widget elementor-widget-text-editor\" data-id=\"f8e5a92\" data-element_type=\"widget\" data-e-type=\"widget\" data-widget_type=\"text-editor.default\">\n\t\t\t\t<div class=\"elementor-widget-container\">\n\t\t\t\t\t\t\t\t\t<p>Estudantes que fazem uso de medica\u00e7\u00e3o cont\u00ednua devem manter a Enfermaria informada e entregar:<\/p><ul><li>medica\u00e7\u00e3o acondicionada e devidamente identificada;<\/li><li>receita m\u00e9dica atualizada a cada 3 meses;<\/li><li>termo de consentimento atualizado anualmente.<\/li><\/ul><p>\u00a0<\/p><p>Esses procedimentos seguem o protocolo de seguran\u00e7a medicamentosa definido pelo Comit\u00ea de Sa\u00fade do CIB, assegurando o cuidado e a prote\u00e7\u00e3o de todos os estudantes.<\/p><p>\u00c9 responsabilidade da fam\u00edlia comunicar qualquer mudan\u00e7a de dose ou hor\u00e1rio.<\/p><p>Toda administra\u00e7\u00e3o de medicamentos durante o per\u00edodo escolar \u00e9 realizada exclusivamente na Enfermaria, com acompanhamento da profissional de sa\u00fade.<\/p>\t\t\t\t\t\t\t\t<\/div>\n\t\t\t\t<\/div>\n\t\t\t\t<\/div>\n\t\t\t\t\t<\/div>\n\t\t\t\t<\/div>\n\t\t\t\t<\/div>\n\t\t","protected":false},"excerpt":{"rendered":"<p>Sa\u00fade O Col\u00e9gio Israelita Brasileiro disp\u00f5e de um Posto de Enfermagem com profissionais habilitados para prestar primeiros socorros e administrar medicamentos mediante receita m\u00e9dica. Para um atendimento seguro, a ficha de sa\u00fade deve estar sempre atualizada na Secretaria Escolar. A equipe \u00e9 composta por uma enfermeira e uma t\u00e9cnica de enfermagem, sob supervis\u00e3o do Comit\u00ea [&hellip;]<\/p>\n","protected":false},"author":1,"featured_media":0,"parent":0,"menu_order":0,"comment_status":"closed","ping_status":"closed","template":"","meta":{"footnotes":""},"class_list":["post-58","page","type-page","status-publish","hentry"],"_links":{"self":[{"href":"https:\/\/israelitaedu.com.br\/guiaescolar\/wp-json\/wp\/v2\/pages\/58","targetHints":{"allow":["GET"]}}],"collection":[{"href":"https:\/\/israelitaedu.com.br\/guiaescolar\/wp-json\/wp\/v2\/pages"}],"about":[{"href":"https:\/\/israelitaedu.com.br\/guiaescolar\/wp-json\/wp\/v2\/types\/page"}],"author":[{"embeddable":true,"href":"https:\/\/israelitaedu.com.br\/guiaescolar\/wp-json\/wp\/v2\/users\/1"}],"replies":[{"embeddable":true,"href":"https:\/\/israelitaedu.com.br\/guiaescolar\/wp-json\/wp\/v2\/comments?post=58"}],"version-history":[{"count":9,"href":"https:\/\/israelitaedu.com.br\/guiaescolar\/wp-json\/wp\/v2\/pages\/58\/revisions"}],"predecessor-version":[{"id":6726,"href":"https:\/\/israelitaedu.com.br\/guiaescolar\/wp-json\/wp\/v2\/pages\/58\/revisions\/6726"}],"wp:attachment":[{"href":"https:\/\/israelitaedu.com.br\/guiaescolar\/wp-json\/wp\/v2\/media?parent=58"}],"curies":[{"name":"wp","href":"https:\/\/api.w.org\/{rel}","templated":true}]}}