{"id":5737,"date":"2025-12-01T17:35:12","date_gmt":"2025-12-01T20:35:12","guid":{"rendered":"https:\/\/israelitaedu.com.br\/guiaescolar\/?page_id=5737"},"modified":"2025-12-01T17:39:59","modified_gmt":"2025-12-01T20:39:59","slug":"jogos-ir-ktana","status":"publish","type":"page","link":"https:\/\/israelitaedu.com.br\/guiaescolar\/jogos-ir-ktana\/","title":{"rendered":"Jogos Ir Ktana"},"content":{"rendered":"\t\t<div data-elementor-type=\"wp-page\" data-elementor-id=\"5737\" class=\"elementor elementor-5737\" data-elementor-post-type=\"page\">\n\t\t\t\t<div class=\"elementor-element elementor-element-98363f4 e-con-full e-flex e-con e-child\" data-id=\"98363f4\" data-element_type=\"container\" data-e-type=\"container\">\n\t\t\t\t<div class=\"elementor-element elementor-element-42d3c29 elementor-widget elementor-widget-heading\" data-id=\"42d3c29\" data-element_type=\"widget\" data-e-type=\"widget\" data-widget_type=\"heading.default\">\n\t\t\t\t<div class=\"elementor-widget-container\">\n\t\t\t\t\t<h2 class=\"elementor-heading-title elementor-size-default\">Jogos Ir  Ktan\u00e1<\/h2>\t\t\t\t<\/div>\n\t\t\t\t<\/div>\n\t\t<div class=\"elementor-element elementor-element-5fa0230 e-con-full e-flex e-con e-child\" data-id=\"5fa0230\" data-element_type=\"container\" data-e-type=\"container\">\n\t\t\t\t<div class=\"elementor-element elementor-element-470b4ab elementor-widget elementor-widget-text-editor\" data-id=\"470b4ab\" data-element_type=\"widget\" data-e-type=\"widget\" data-widget_type=\"text-editor.default\">\n\t\t\t\t<div class=\"elementor-widget-container\">\n\t\t\t\t\t\t\t\t\t<p><strong>Ensino Fundamental 1<\/strong><\/p><p>Os Jogos da Ir Ktan\u00e1 re\u00fanem, ao longo de cinco dias, atividades esportivas competitivas e colaborativas planejadas pela equipe de Educa\u00e7\u00e3o F\u00edsica e pelos professores do EF1. Com intencionalidade pedag\u00f3gica, os jogos promovem integra\u00e7\u00e3o entre turmas e uma conviv\u00eancia positiva, valorizando o respeito \u00e0s regras, o engajamento individual e a participa\u00e7\u00e3o no coletivo, articulando ludicidade e aprendizagem.<\/p>\t\t\t\t\t\t\t\t<\/div>\n\t\t\t\t<\/div>\n\t\t\t\t<\/div>\n\t\t\t\t<\/div>\n\t\t\t\t<\/div>\n\t\t","protected":false},"excerpt":{"rendered":"<p>Jogos Ir Ktan\u00e1 Ensino Fundamental 1 Os Jogos da Ir Ktan\u00e1 re\u00fanem, ao longo de cinco dias, atividades esportivas competitivas e colaborativas planejadas pela equipe de Educa\u00e7\u00e3o F\u00edsica e pelos professores do EF1. Com intencionalidade pedag\u00f3gica, os jogos promovem integra\u00e7\u00e3o entre turmas e uma conviv\u00eancia positiva, valorizando o respeito \u00e0s regras, o engajamento individual e [&hellip;]<\/p>\n","protected":false},"author":15,"featured_media":0,"parent":0,"menu_order":0,"comment_status":"closed","ping_status":"closed","template":"","meta":{"footnotes":""},"class_list":["post-5737","page","type-page","status-publish","hentry"],"_links":{"self":[{"href":"https:\/\/israelitaedu.com.br\/guiaescolar\/wp-json\/wp\/v2\/pages\/5737","targetHints":{"allow":["GET"]}}],"collection":[{"href":"https:\/\/israelitaedu.com.br\/guiaescolar\/wp-json\/wp\/v2\/pages"}],"about":[{"href":"https:\/\/israelitaedu.com.br\/guiaescolar\/wp-json\/wp\/v2\/types\/page"}],"author":[{"embeddable":true,"href":"https:\/\/israelitaedu.com.br\/guiaescolar\/wp-json\/wp\/v2\/users\/15"}],"replies":[{"embeddable":true,"href":"https:\/\/israelitaedu.com.br\/guiaescolar\/wp-json\/wp\/v2\/comments?post=5737"}],"version-history":[{"count":4,"href":"https:\/\/israelitaedu.com.br\/guiaescolar\/wp-json\/wp\/v2\/pages\/5737\/revisions"}],"predecessor-version":[{"id":5745,"href":"https:\/\/israelitaedu.com.br\/guiaescolar\/wp-json\/wp\/v2\/pages\/5737\/revisions\/5745"}],"wp:attachment":[{"href":"https:\/\/israelitaedu.com.br\/guiaescolar\/wp-json\/wp\/v2\/media?parent=5737"}],"curies":[{"name":"wp","href":"https:\/\/api.w.org\/{rel}","templated":true}]}}