{"id":5731,"date":"2025-12-01T17:22:51","date_gmt":"2025-12-01T20:22:51","guid":{"rendered":"https:\/\/israelitaedu.com.br\/guiaescolar\/?page_id=5731"},"modified":"2025-12-09T09:35:17","modified_gmt":"2025-12-09T12:35:17","slug":"leoes-do-cib","status":"publish","type":"page","link":"https:\/\/israelitaedu.com.br\/guiaescolar\/leoes-do-cib\/","title":{"rendered":"Le\u00f5es do CIB"},"content":{"rendered":"\t\t<div data-elementor-type=\"wp-page\" data-elementor-id=\"5731\" class=\"elementor elementor-5731\" data-elementor-post-type=\"page\">\n\t\t\t\t<div class=\"elementor-element elementor-element-c39af16 e-con-full e-flex e-con e-child\" data-id=\"c39af16\" data-element_type=\"container\" data-e-type=\"container\">\n\t\t\t\t<div class=\"elementor-element elementor-element-1f6310a elementor-widget elementor-widget-heading\" data-id=\"1f6310a\" data-element_type=\"widget\" data-e-type=\"widget\" data-widget_type=\"heading.default\">\n\t\t\t\t<div class=\"elementor-widget-container\">\n\t\t\t\t\t<h2 class=\"elementor-heading-title elementor-size-default\">Le\u00f5es do CIB<\/h2>\t\t\t\t<\/div>\n\t\t\t\t<\/div>\n\t\t<div class=\"elementor-element elementor-element-3d8ad3c e-con-full e-flex e-con e-child\" data-id=\"3d8ad3c\" data-element_type=\"container\" data-e-type=\"container\">\n\t\t\t\t<div class=\"elementor-element elementor-element-decc9ff elementor-widget elementor-widget-text-editor\" data-id=\"decc9ff\" data-element_type=\"widget\" data-e-type=\"widget\" data-widget_type=\"text-editor.default\">\n\t\t\t\t<div class=\"elementor-widget-container\">\n\t\t\t\t\t\t\t\t\t<p><span style=\"font-weight: 400;\">O <\/span><i><span style=\"font-weight: 400;\">Trof\u00e9u Le\u00f5es do CIB<\/span><\/i><span style=\"font-weight: 400;\"> apresenta a nova identidade do esporte na escola, composta por logomarca, mascote e uniforme. A iniciativa celebra nossa trajet\u00f3ria no esporte e reafirma o compromisso de fortalecer, com energia renovada, a cultura esportiva da Escola.<\/span><\/p><p><span style=\"font-weight: 400;\">A marca simboliza esp\u00edrito de equipe, dedica\u00e7\u00e3o e pertencimento, inspirando os estudantes a vivenciarem o esporte com orgulho e prop\u00f3sito.<\/span><\/p>\t\t\t\t\t\t\t\t<\/div>\n\t\t\t\t<\/div>\n\t\t\t\t<\/div>\n\t\t<div class=\"elementor-element elementor-element-07be670 e-flex e-con-boxed e-con e-child\" data-id=\"07be670\" data-element_type=\"container\" data-e-type=\"container\">\n\t\t\t\t\t<div class=\"e-con-inner\">\n\t\t\t\t<div class=\"elementor-element elementor-element-230b03b elementor-widget elementor-widget-image\" data-id=\"230b03b\" data-element_type=\"widget\" data-e-type=\"widget\" data-widget_type=\"image.default\">\n\t\t\t\t<div class=\"elementor-widget-container\">\n\t\t\t\t\t\t\t\t\t\t\t\t\t\t\t<img fetchpriority=\"high\" decoding=\"async\" width=\"2560\" height=\"847\" src=\"https:\/\/israelitaedu.com.br\/guiaescolar\/wp-content\/uploads\/2025\/12\/ViverEsporte-Elementos-17-scaled.png\" class=\"attachment-full size-full wp-image-6359\" alt=\"\" srcset=\"https:\/\/israelitaedu.com.br\/guiaescolar\/wp-content\/uploads\/2025\/12\/ViverEsporte-Elementos-17-scaled.png 2560w, https:\/\/israelitaedu.com.br\/guiaescolar\/wp-content\/uploads\/2025\/12\/ViverEsporte-Elementos-17-300x99.png 300w, https:\/\/israelitaedu.com.br\/guiaescolar\/wp-content\/uploads\/2025\/12\/ViverEsporte-Elementos-17-1024x339.png 1024w, https:\/\/israelitaedu.com.br\/guiaescolar\/wp-content\/uploads\/2025\/12\/ViverEsporte-Elementos-17-768x254.png 768w, https:\/\/israelitaedu.com.br\/guiaescolar\/wp-content\/uploads\/2025\/12\/ViverEsporte-Elementos-17-1536x508.png 1536w, https:\/\/israelitaedu.com.br\/guiaescolar\/wp-content\/uploads\/2025\/12\/ViverEsporte-Elementos-17-2048x678.png 2048w\" sizes=\"(max-width: 2560px) 100vw, 2560px\" \/>\t\t\t\t\t\t\t\t\t\t\t\t\t\t\t<\/div>\n\t\t\t\t<\/div>\n\t\t\t\t\t<\/div>\n\t\t\t\t<\/div>\n\t\t\t\t<\/div>\n\t\t\t\t<\/div>\n\t\t","protected":false},"excerpt":{"rendered":"<p>Le\u00f5es do CIB O Trof\u00e9u Le\u00f5es do CIB apresenta a nova identidade do esporte na escola, composta por logomarca, mascote e uniforme. A iniciativa celebra nossa trajet\u00f3ria no esporte e reafirma o compromisso de fortalecer, com energia renovada, a cultura esportiva da Escola. A marca simboliza esp\u00edrito de equipe, dedica\u00e7\u00e3o e pertencimento, inspirando os estudantes [&hellip;]<\/p>\n","protected":false},"author":15,"featured_media":0,"parent":0,"menu_order":0,"comment_status":"closed","ping_status":"closed","template":"","meta":{"footnotes":""},"class_list":["post-5731","page","type-page","status-publish","hentry"],"_links":{"self":[{"href":"https:\/\/israelitaedu.com.br\/guiaescolar\/wp-json\/wp\/v2\/pages\/5731","targetHints":{"allow":["GET"]}}],"collection":[{"href":"https:\/\/israelitaedu.com.br\/guiaescolar\/wp-json\/wp\/v2\/pages"}],"about":[{"href":"https:\/\/israelitaedu.com.br\/guiaescolar\/wp-json\/wp\/v2\/types\/page"}],"author":[{"embeddable":true,"href":"https:\/\/israelitaedu.com.br\/guiaescolar\/wp-json\/wp\/v2\/users\/15"}],"replies":[{"embeddable":true,"href":"https:\/\/israelitaedu.com.br\/guiaescolar\/wp-json\/wp\/v2\/comments?post=5731"}],"version-history":[{"count":7,"href":"https:\/\/israelitaedu.com.br\/guiaescolar\/wp-json\/wp\/v2\/pages\/5731\/revisions"}],"predecessor-version":[{"id":6362,"href":"https:\/\/israelitaedu.com.br\/guiaescolar\/wp-json\/wp\/v2\/pages\/5731\/revisions\/6362"}],"wp:attachment":[{"href":"https:\/\/israelitaedu.com.br\/guiaescolar\/wp-json\/wp\/v2\/media?parent=5731"}],"curies":[{"name":"wp","href":"https:\/\/api.w.org\/{rel}","templated":true}]}}