{"id":5728,"date":"2025-12-01T16:48:00","date_gmt":"2025-12-01T19:48:00","guid":{"rendered":"https:\/\/israelitaedu.com.br\/guiaescolar\/?page_id=5728"},"modified":"2025-12-05T16:21:13","modified_gmt":"2025-12-05T19:21:13","slug":"esportes","status":"publish","type":"page","link":"https:\/\/israelitaedu.com.br\/guiaescolar\/esportes\/","title":{"rendered":"Esportes"},"content":{"rendered":"\t\t<div data-elementor-type=\"wp-page\" data-elementor-id=\"5728\" class=\"elementor elementor-5728\" data-elementor-post-type=\"page\">\n\t\t\t\t<div class=\"elementor-element elementor-element-115fe117 e-flex e-con-boxed e-con e-parent\" data-id=\"115fe117\" data-element_type=\"container\" data-e-type=\"container\">\n\t\t\t\t\t<div class=\"e-con-inner\">\n\t\t\t\t<div class=\"elementor-element elementor-element-2cac626d elementor-widget elementor-widget-text-editor\" data-id=\"2cac626d\" data-element_type=\"widget\" data-e-type=\"widget\" data-widget_type=\"text-editor.default\">\n\t\t\t\t<div class=\"elementor-widget-container\">\n\t\t\t\t\t\t\t\t\t\n<p><\/p>\n\n\n\n<p><\/p>\n\t\t\t\t\t\t\t\t<\/div>\n\t\t\t\t<\/div>\n\t\t\t\t\t<\/div>\n\t\t\t\t<\/div>\n\t\t<div class=\"elementor-element elementor-element-f0b5fe7 e-flex e-con-boxed e-con e-parent\" data-id=\"f0b5fe7\" data-element_type=\"container\" data-e-type=\"container\">\n\t\t\t\t\t<div class=\"e-con-inner\">\n\t\t<div class=\"elementor-element elementor-element-0d115b3 e-con-full e-flex e-con e-child\" data-id=\"0d115b3\" data-element_type=\"container\" data-e-type=\"container\">\n\t\t\t\t<div class=\"elementor-element elementor-element-08fdfde elementor-widget elementor-widget-heading\" data-id=\"08fdfde\" data-element_type=\"widget\" data-e-type=\"widget\" data-widget_type=\"heading.default\">\n\t\t\t\t<div class=\"elementor-widget-container\">\n\t\t\t\t\t<h2 class=\"elementor-heading-title elementor-size-default\">Esportes<\/h2>\t\t\t\t<\/div>\n\t\t\t\t<\/div>\n\t\t<div class=\"elementor-element elementor-element-2740684 e-con-full e-flex e-con e-child\" data-id=\"2740684\" data-element_type=\"container\" data-e-type=\"container\">\n\t\t\t\t<div class=\"elementor-element elementor-element-634ebd8 elementor-widget elementor-widget-text-editor\" data-id=\"634ebd8\" data-element_type=\"widget\" data-e-type=\"widget\" data-widget_type=\"text-editor.default\">\n\t\t\t\t<div class=\"elementor-widget-container\">\n\t\t\t\t\t\t\t\t\t<p><span style=\"font-weight: 400;\">O esporte no CIB integra forma\u00e7\u00e3o, conviv\u00eancia e desenvolvimento integral. As iniciativas esportivas da Escola fortalecem valores como supera\u00e7\u00e3o, respeito, colabora\u00e7\u00e3o e compromisso com o coletivo, articulando movimento, bem-estar e experi\u00eancias educativas significativas ao longo das etapas de ensino.<\/span><\/p>\t\t\t\t\t\t\t\t<\/div>\n\t\t\t\t<\/div>\n\t\t<div class=\"elementor-element elementor-element-cc8c521 e-con-full e-flex e-con e-child\" data-id=\"cc8c521\" data-element_type=\"container\" data-e-type=\"container\">\n\t\t\t\t<div class=\"elementor-element elementor-element-2e30383 elementor-widget elementor-widget-html\" data-id=\"2e30383\" data-element_type=\"widget\" data-e-type=\"widget\" data-widget_type=\"html.default\">\n\t\t\t\t<div class=\"elementor-widget-container\">\n\t\t\t\t\t<a href=\"https:\/\/israelitaedu.com.br\/guiaescolar\/semana-chai\/\" style=\"text-decoration: none;\">\r\n  <button class=\"comic-button-e\">Semana Chai<\/button>\r\n<\/a>\r\n\t\t\t\t<\/div>\n\t\t\t\t<\/div>\n\t\t\t\t<div class=\"elementor-element elementor-element-2792f9d elementor-widget elementor-widget-html\" data-id=\"2792f9d\" data-element_type=\"widget\" data-e-type=\"widget\" data-widget_type=\"html.default\">\n\t\t\t\t<div class=\"elementor-widget-container\">\n\t\t\t\t\t<a href=\"\/guiaescolar\/leoes-do-cib\" style=\"text-decoration: none;\">\r\n  <button class=\"comic-button-e\">Le\u00f5es do Cib<\/button>\r\n<\/a>\r\n\t\t\t\t<\/div>\n\t\t\t\t<\/div>\n\t\t\t\t<div class=\"elementor-element elementor-element-2f7a772 elementor-widget elementor-widget-html\" data-id=\"2f7a772\" data-element_type=\"widget\" data-e-type=\"widget\" data-widget_type=\"html.default\">\n\t\t\t\t<div class=\"elementor-widget-container\">\n\t\t\t\t\t<a href=\"\/guiaescolar\/jogos-ir-ktana\" style=\"text-decoration: none;\">\r\n  <button class=\"comic-button-e\">Jogos Ir Ktan\u00e1<\/button>\r\n<\/a>\r\n\t\t\t\t<\/div>\n\t\t\t\t<\/div>\n\t\t\t\t<\/div>\n\t\t\t\t<\/div>\n\t\t\t\t<\/div>\n\t\t\t\t\t<\/div>\n\t\t\t\t<\/div>\n\t\t\t\t<\/div>\n\t\t","protected":false},"excerpt":{"rendered":"<p>Esportes O esporte no CIB integra forma\u00e7\u00e3o, conviv\u00eancia e desenvolvimento integral. As iniciativas esportivas da Escola fortalecem valores como supera\u00e7\u00e3o, respeito, colabora\u00e7\u00e3o e compromisso com o coletivo, articulando movimento, bem-estar e experi\u00eancias educativas significativas ao longo das etapas de ensino. Semana Chai Le\u00f5es do Cib Jogos Ir Ktan\u00e1<\/p>\n","protected":false},"author":15,"featured_media":0,"parent":0,"menu_order":0,"comment_status":"closed","ping_status":"closed","template":"","meta":{"footnotes":""},"class_list":["post-5728","page","type-page","status-publish","hentry"],"_links":{"self":[{"href":"https:\/\/israelitaedu.com.br\/guiaescolar\/wp-json\/wp\/v2\/pages\/5728","targetHints":{"allow":["GET"]}}],"collection":[{"href":"https:\/\/israelitaedu.com.br\/guiaescolar\/wp-json\/wp\/v2\/pages"}],"about":[{"href":"https:\/\/israelitaedu.com.br\/guiaescolar\/wp-json\/wp\/v2\/types\/page"}],"author":[{"embeddable":true,"href":"https:\/\/israelitaedu.com.br\/guiaescolar\/wp-json\/wp\/v2\/users\/15"}],"replies":[{"embeddable":true,"href":"https:\/\/israelitaedu.com.br\/guiaescolar\/wp-json\/wp\/v2\/comments?post=5728"}],"version-history":[{"count":13,"href":"https:\/\/israelitaedu.com.br\/guiaescolar\/wp-json\/wp\/v2\/pages\/5728\/revisions"}],"predecessor-version":[{"id":5916,"href":"https:\/\/israelitaedu.com.br\/guiaescolar\/wp-json\/wp\/v2\/pages\/5728\/revisions\/5916"}],"wp:attachment":[{"href":"https:\/\/israelitaedu.com.br\/guiaescolar\/wp-json\/wp\/v2\/media?parent=5728"}],"curies":[{"name":"wp","href":"https:\/\/api.w.org\/{rel}","templated":true}]}}