{"id":571,"date":"2025-04-17T11:56:07","date_gmt":"2025-04-17T14:56:07","guid":{"rendered":"https:\/\/israelitaedu.com.br\/guiaescolar\/?page_id=571"},"modified":"2025-12-22T14:50:44","modified_gmt":"2025-12-22T17:50:44","slug":"turno-complementar","status":"publish","type":"page","link":"https:\/\/israelitaedu.com.br\/guiaescolar\/educacao-infantil\/turno-complementar\/","title":{"rendered":"Turno Complementar"},"content":{"rendered":"\t\t<div data-elementor-type=\"wp-page\" data-elementor-id=\"571\" class=\"elementor elementor-571\" data-elementor-post-type=\"page\">\n\t\t\t\t<div class=\"elementor-element elementor-element-74b91cfb e-flex e-con-boxed e-con e-parent\" data-id=\"74b91cfb\" data-element_type=\"container\" data-e-type=\"container\">\n\t\t\t\t\t<div class=\"e-con-inner\">\n\t\t<div class=\"elementor-element elementor-element-35e19ce e-con-full e-flex e-con e-child\" data-id=\"35e19ce\" data-element_type=\"container\" data-e-type=\"container\">\n\t\t\t\t<div class=\"elementor-element elementor-element-331a3c43 elementor-widget elementor-widget-heading\" data-id=\"331a3c43\" data-element_type=\"widget\" data-e-type=\"widget\" data-widget_type=\"heading.default\">\n\t\t\t\t<div class=\"elementor-widget-container\">\n\t\t\t\t\t<h2 class=\"elementor-heading-title elementor-size-default\"><span>Turno Complementar<\/span><\/h2>\t\t\t\t<\/div>\n\t\t\t\t<\/div>\n\t\t\t\t<\/div>\n\t\t<div class=\"elementor-element elementor-element-7b367649 e-con-full e-flex e-con e-child\" data-id=\"7b367649\" data-element_type=\"container\" data-e-type=\"container\">\n\t\t\t\t<div class=\"elementor-element elementor-element-337eb31e elementor-widget elementor-widget-text-editor\" data-id=\"337eb31e\" data-element_type=\"widget\" data-e-type=\"widget\" data-widget_type=\"text-editor.default\">\n\t\t\t\t<div class=\"elementor-widget-container\">\n\t\t\t\t\t\t\t\t\t<p><span style=\"font-weight: 400;\">O Turno Complementar da Educa\u00e7\u00e3o Infantil amplia a experi\u00eancia escolar das crian\u00e7as do Maternal 1 ao N\u00edvel B, oferecendo um per\u00edodo da manh\u00e3 estruturado e pedagogicamente orientado. Das <\/span><b>7h30 \u00e0s 13h10<\/b><span style=\"font-weight: 400;\">, as crian\u00e7as vivenciam um ambiente acolhedor e seguro, combinando acolhimento, conviv\u00eancia e propostas variadas de aprendizagem.<\/span><\/p><p><span style=\"font-weight: 400;\">A programa\u00e7\u00e3o integra artes, literatura judaica, movimento, m\u00fasica, jud\u00f4, gin\u00e1stica e experi\u00eancias explorat\u00f3rias que favorecem autonomia, conviv\u00eancia e amplia\u00e7\u00e3o de repert\u00f3rios. O tempo ampliado torna-se, assim, uma continuidade qualificada da jornada escolar.<\/span><\/p><p><span style=\"font-weight: 400;\">A contrata\u00e7\u00e3o \u00e9 realizada para <\/span><b>dias fixos da semana<\/b><span style=\"font-weight: 400;\">, escolhidos pela fam\u00edlia no momento da matr\u00edcula. Essa regularidade assegura continuidade nas experi\u00eancias e <\/span><span style=\"font-weight: 400;\">organiza\u00e7\u00e3o da jornada escolar, proporcionando um ambiente est\u00e1vel e bem estruturado.<\/span><\/p><p><span style=\"font-weight: 400;\">Atividades e hor\u00e1rios<\/span><\/p>\t\t\t\t\t\t\t\t<\/div>\n\t\t\t\t<\/div>\n\t\t\t\t<div class=\"elementor-element elementor-element-d9a6a62 elementor-widget elementor-widget-image\" data-id=\"d9a6a62\" data-element_type=\"widget\" data-e-type=\"widget\" data-widget_type=\"image.default\">\n\t\t\t\t<div class=\"elementor-widget-container\">\n\t\t\t\t\t\t\t\t\t\t\t\t\t\t\t<img fetchpriority=\"high\" decoding=\"async\" width=\"1692\" height=\"845\" src=\"https:\/\/israelitaedu.com.br\/guiaescolar\/wp-content\/uploads\/2025\/12\/Proposta_Padrao-de-tabelas.png\" class=\"attachment-full size-full wp-image-6851\" alt=\"\" srcset=\"https:\/\/israelitaedu.com.br\/guiaescolar\/wp-content\/uploads\/2025\/12\/Proposta_Padrao-de-tabelas.png 1692w, https:\/\/israelitaedu.com.br\/guiaescolar\/wp-content\/uploads\/2025\/12\/Proposta_Padrao-de-tabelas-300x150.png 300w, https:\/\/israelitaedu.com.br\/guiaescolar\/wp-content\/uploads\/2025\/12\/Proposta_Padrao-de-tabelas-1024x511.png 1024w, https:\/\/israelitaedu.com.br\/guiaescolar\/wp-content\/uploads\/2025\/12\/Proposta_Padrao-de-tabelas-768x384.png 768w, https:\/\/israelitaedu.com.br\/guiaescolar\/wp-content\/uploads\/2025\/12\/Proposta_Padrao-de-tabelas-1536x767.png 1536w\" sizes=\"(max-width: 1692px) 100vw, 1692px\" \/>\t\t\t\t\t\t\t\t\t\t\t\t\t\t\t<\/div>\n\t\t\t\t<\/div>\n\t\t\t\t<div class=\"elementor-element elementor-element-90f2596 elementor-widget elementor-widget-text-editor\" data-id=\"90f2596\" data-element_type=\"widget\" data-e-type=\"widget\" data-widget_type=\"text-editor.default\">\n\t\t\t\t<div class=\"elementor-widget-container\">\n\t\t\t\t\t\t\t\t\t<p><span style=\"font-weight: 400;\">1\u00d7 na semana R$ 422,00\u00a0<\/span><\/p><p><span style=\"font-weight: 400;\">2\u00d7 na semana R$ 720,00\u00a0<\/span><\/p><p><span style=\"font-weight: 400;\">3\u00d7 na semana R$ 1.238,00\u00a0<\/span><\/p><p><span style=\"font-weight: 400;\">4\u00d7 na semana R$ 1.304,00\u00a0<\/span><\/p><p><span style=\"font-weight: 400;\">5\u00d7 na semana R$ 1.631,00\u00a0<\/span><\/p><p><span style=\"font-weight: 400;\">As refei\u00e7\u00f5es (lanche e almo\u00e7o) n\u00e3o est\u00e3o inclu\u00eddas nos valores. O pagamento \u00e9 realizado diretamente ao restaurante, via boleto banc\u00e1rio.<\/span><\/p><p><span style=\"font-weight: 400;\">Matr\u00edculas<\/span><\/p><p><span style=\"font-weight: 400;\">As matr\u00edculas para o Turno Complementar podem ser realizadas pelo <\/span><b>Portal dos Pais<\/b><span style=\"font-weight: 400;\"> (dispon\u00edvel no site do Col\u00e9gio); pelo <\/span><b>Aplicativo <\/b><span style=\"font-weight: 400;\">(Canal Secretaria Escolar);\u00a0 ou presencialmente na<\/span><b> Secretaria Escolar<\/b><span style=\"font-weight: 400;\">.<\/span><\/p><p><a href=\"https:\/\/drive.google.com\/file\/d\/1c71R0GpiXp8kLidZHcK9ZXLBb0no9bRy\/view?usp=sharing\"><span style=\"font-weight: 400;\">Clique aqui<\/span><\/a><span style=\"font-weight: 400;\"> para acessar o tutorial de matr\u00edculas do Turno Complementar.<\/span><span style=\"font-weight: 400;\"><br \/><\/span><\/p><p>\u00a0<\/p><h4><b>Informa\u00e7\u00f5es Operacionais<\/b><\/h4><p><span style=\"font-weight: 400;\">Dias de participa\u00e7\u00e3o<\/span><\/p><p><span style=\"font-weight: 400;\">A participa\u00e7\u00e3o ocorre em <\/span><b>dias fixos da semana,<\/b><span style=\"font-weight: 400;\"> definidos pela fam\u00edlia no momento da matr\u00edcula.<\/span><\/p><p><span style=\"font-weight: 400;\">Essa regularidade garante previsibilidade, organiza\u00e7\u00e3o da jornada escolar e adequado planejamento das atividades e da alimenta\u00e7\u00e3o.<\/span><\/p><h3><b>Refei\u00e7\u00f5es<\/b><\/h3><p><span style=\"font-weight: 400;\">O lanche \u00e9 <\/span><b>inclu\u00eddo<\/b><span style=\"font-weight: 400;\"> no Turno Complementar e servido na sala de aula, acompanhado pela equipe da etapa.<\/span><\/p><p><span style=\"font-weight: 400;\">O almo\u00e7o \u00e9 <\/span><b>cobrado conforme os dias de consumo<\/b><span style=\"font-weight: 400;\"> e tamb\u00e9m realizado na sala de aula.<\/span><\/p><p><span style=\"font-weight: 400;\">As fam\u00edlias podem buscar a crian\u00e7a para almo\u00e7ar \u00e0s <\/span><b>11h<\/b><span style=\"font-weight: 400;\">, desde que combinado previamente com a equipe.<\/span><\/p><p><b>N\u00e3o \u00e9 permitido<\/b><span style=\"font-weight: 400;\"> enviar alimentos de casa, em alinhamento \u00e0s diretrizes alimentares do turno regular.<\/span><\/p><h3><b>Chegada<\/b><\/h3><p><span style=\"font-weight: 400;\">As crian\u00e7as podem chegar a partir das <\/span><b>7h30<\/b><span style=\"font-weight: 400;\">.<\/span><span style=\"font-weight: 400;\"><br \/><\/span><span style=\"font-weight: 400;\">A entrada posterior \u00e9 permitida e a equipe permanece dispon\u00edvel para receb\u00ea-las.<\/span><\/p>\t\t\t\t\t\t\t\t<\/div>\n\t\t\t\t<\/div>\n\t\t\t\t<div class=\"elementor-element elementor-element-694a7c8 elementor-widget elementor-widget-text-editor\" data-id=\"694a7c8\" data-element_type=\"widget\" data-e-type=\"widget\" data-widget_type=\"text-editor.default\">\n\t\t\t\t<div class=\"elementor-widget-container\">\n\t\t\t\t\t\t\t\t\t<h2 style=\"text-align: center;\"><span style=\"color: #ffffff; font-family: Albert Sans, sans-serif;\"><span style=\"font-size: 33px;\">Navega\u00e7\u00e3o EI<\/span><\/span><\/h2>\t\t\t\t\t\t\t\t<\/div>\n\t\t\t\t<\/div>\n\t\t<div class=\"elementor-element elementor-element-65a629d e-grid e-con-full e-con e-child\" data-id=\"65a629d\" data-element_type=\"container\" data-e-type=\"container\">\n\t\t\t\t<div class=\"elementor-element elementor-element-4e543e3a elementor-widget elementor-widget-html\" data-id=\"4e543e3a\" data-element_type=\"widget\" data-e-type=\"widget\" data-widget_type=\"html.default\">\n\t\t\t\t<div class=\"elementor-widget-container\">\n\t\t\t\t\t<a href=\"\/guiaescolar\/educacao-infantil\/horarios\" style=\"text-decoration: none;\">\r\n  <button class=\"comic-button\">Hor\u00e1rios<\/button>\r\n<\/a>\t\t\t\t<\/div>\n\t\t\t\t<\/div>\n\t\t\t\t<div class=\"elementor-element elementor-element-666c0887 elementor-widget elementor-widget-html\" data-id=\"666c0887\" data-element_type=\"widget\" data-e-type=\"widget\" data-widget_type=\"html.default\">\n\t\t\t\t<div class=\"elementor-widget-container\">\n\t\t\t\t\t<a href=\"\/guiaescolar\/educacao-infantil\/salas-de-aula-educacao-infantil\/\" style=\"text-decoration: none;\">\r\n  <button class=\"comic-button\">Salas<br>de Aula<\/button>\r\n<\/a>\t\t\t\t<\/div>\n\t\t\t\t<\/div>\n\t\t\t\t<div class=\"elementor-element elementor-element-6b3ecbc5 elementor-widget elementor-widget-html\" data-id=\"6b3ecbc5\" data-element_type=\"widget\" data-e-type=\"widget\" data-widget_type=\"html.default\">\n\t\t\t\t<div class=\"elementor-widget-container\">\n\t\t\t\t\t<a href=\"\/guiaescolar\/educacao-infantil\/entrada-e-saida\" style=\"text-decoration: none;\">\r\n  <button class=\"comic-button\">Entrada<br>e Sa\u00edda<\/button>\r\n<\/a>\t\t\t\t<\/div>\n\t\t\t\t<\/div>\n\t\t\t\t<\/div>\n\t\t<div class=\"elementor-element elementor-element-1463bc1d e-grid e-con-full e-con e-child\" data-id=\"1463bc1d\" data-element_type=\"container\" data-e-type=\"container\">\n\t\t\t\t<div class=\"elementor-element elementor-element-7d97bb07 elementor-widget elementor-widget-html\" data-id=\"7d97bb07\" data-element_type=\"widget\" data-e-type=\"widget\" data-widget_type=\"html.default\">\n\t\t\t\t<div class=\"elementor-widget-container\">\n\t\t\t\t\t<a href=\"\/guiaescolar\/educacao-infantil\/processo-de-adaptacao\" style=\"text-decoration: none;\">\r\n  <button class=\"comic-button\">Processo<br>de Adapta\u00e7\u00e3o<\/button>\r\n<\/a>\t\t\t\t<\/div>\n\t\t\t\t<\/div>\n\t\t\t\t<div class=\"elementor-element elementor-element-21dbd65b elementor-widget elementor-widget-html\" data-id=\"21dbd65b\" data-element_type=\"widget\" data-e-type=\"widget\" data-widget_type=\"html.default\">\n\t\t\t\t<div class=\"elementor-widget-container\">\n\t\t\t\t\t<a href=\"\/guiaescolar\/educacao-infantil\/turno-complementar\" style=\"text-decoration: none;\">\r\n  <button class=\"comic-button\">Turno<br>Complementar<\/button>\r\n<\/a>\t\t\t\t<\/div>\n\t\t\t\t<\/div>\n\t\t\t\t<div class=\"elementor-element elementor-element-6305e76 elementor-widget elementor-widget-html\" data-id=\"6305e76\" data-element_type=\"widget\" data-e-type=\"widget\" data-widget_type=\"html.default\">\n\t\t\t\t<div class=\"elementor-widget-container\">\n\t\t\t\t\t<a href=\"\/guiaescolar\/educacao-infantil\/lista-de-materiais\" style=\"text-decoration: none;\">\r\n  <button class=\"comic-button\">Lista<br>de Materiais<\/button>\r\n<\/a>\t\t\t\t<\/div>\n\t\t\t\t<\/div>\n\t\t\t\t<\/div>\n\t\t<div class=\"elementor-element elementor-element-11ec97f3 e-grid e-con-full e-con e-child\" data-id=\"11ec97f3\" data-element_type=\"container\" data-e-type=\"container\">\n\t\t\t\t<div class=\"elementor-element elementor-element-fdd245e elementor-widget elementor-widget-html\" data-id=\"fdd245e\" data-element_type=\"widget\" data-e-type=\"widget\" data-widget_type=\"html.default\">\n\t\t\t\t<div class=\"elementor-widget-container\">\n\t\t\t\t\t<a href=\"\/guiaescolar\/extracurriculares\/\" style=\"text-decoration: none;\">\r\n  <button class=\"comic-button\">Extra-<br>curriculares<\/button>\r\n<\/a>\t\t\t\t<\/div>\n\t\t\t\t<\/div>\n\t\t\t\t<div class=\"elementor-element elementor-element-64a7da79 elementor-widget elementor-widget-html\" data-id=\"64a7da79\" data-element_type=\"widget\" data-e-type=\"widget\" data-widget_type=\"html.default\">\n\t\t\t\t<div class=\"elementor-widget-container\">\n\t\t\t\t\t<a href=\"\/guiaescolar\/educacao-infantil\/aniversario\" style=\"text-decoration: none;\">\r\n  <button class=\"comic-button\">Anivers\u00e1rio<\/button>\r\n<\/a>\t\t\t\t<\/div>\n\t\t\t\t<\/div>\n\t\t\t\t<div class=\"elementor-element elementor-element-40b439b9 elementor-widget elementor-widget-html\" data-id=\"40b439b9\" data-element_type=\"widget\" data-e-type=\"widget\" data-widget_type=\"html.default\">\n\t\t\t\t<div class=\"elementor-widget-container\">\n\t\t\t\t\t<a href=\"\/guiaescolar\/educacao-infantil\/saida-de-estudos\" style=\"text-decoration: none;\">\r\n  <button class=\"comic-button\">Sa\u00eddas<br>de Estudos<\/button>\r\n<\/a>\t\t\t\t<\/div>\n\t\t\t\t<\/div>\n\t\t\t\t<\/div>\n\t\t<div class=\"elementor-element elementor-element-774a7d1c e-grid e-con-full e-con e-child\" data-id=\"774a7d1c\" data-element_type=\"container\" data-e-type=\"container\">\n\t\t\t\t<div class=\"elementor-element elementor-element-40decc4d elementor-widget elementor-widget-html\" data-id=\"40decc4d\" data-element_type=\"widget\" data-e-type=\"widget\" data-widget_type=\"html.default\">\n\t\t\t\t<div class=\"elementor-widget-container\">\n\t\t\t\t\t<a href=\"\/guiaescolar\/educacao-infantil\/reunioes-de-turmas\" style=\"text-decoration: none;\">\r\n  <button class=\"comic-button\">Reuni\u00f5es<br> de Turmas<\/button>\r\n<\/a>\t\t\t\t<\/div>\n\t\t\t\t<\/div>\n\t\t\t\t<div class=\"elementor-element elementor-element-75e2fd4b elementor-widget elementor-widget-html\" data-id=\"75e2fd4b\" data-element_type=\"widget\" data-e-type=\"widget\" data-widget_type=\"html.default\">\n\t\t\t\t<div class=\"elementor-widget-container\">\n\t\t\t\t\t<a href=\"\/guiaescolar\/educacao-infantil\/shabat-com-familias\" style=\"text-decoration: none;\">\r\n  <button class=\"comic-button\">Shabat<br>com Fam\u00edlias<\/button>\r\n<\/a>\t\t\t\t<\/div>\n\t\t\t\t<\/div>\n\t\t\t\t<\/div>\n\t\t\t\t<\/div>\n\t\t\t\t\t<\/div>\n\t\t\t\t<\/div>\n\t\t\t\t<\/div>\n\t\t","protected":false},"excerpt":{"rendered":"<p>Turno Complementar O Turno Complementar da Educa\u00e7\u00e3o Infantil amplia a experi\u00eancia escolar das crian\u00e7as do Maternal 1 ao N\u00edvel B, oferecendo um per\u00edodo da manh\u00e3 estruturado e pedagogicamente orientado. Das 7h30 \u00e0s 13h10, as crian\u00e7as vivenciam um ambiente acolhedor e seguro, combinando acolhimento, conviv\u00eancia e propostas variadas de aprendizagem. A programa\u00e7\u00e3o integra artes, literatura judaica, [&hellip;]<\/p>\n","protected":false},"author":4,"featured_media":0,"parent":300,"menu_order":0,"comment_status":"closed","ping_status":"closed","template":"","meta":{"footnotes":""},"class_list":["post-571","page","type-page","status-publish","hentry"],"_links":{"self":[{"href":"https:\/\/israelitaedu.com.br\/guiaescolar\/wp-json\/wp\/v2\/pages\/571","targetHints":{"allow":["GET"]}}],"collection":[{"href":"https:\/\/israelitaedu.com.br\/guiaescolar\/wp-json\/wp\/v2\/pages"}],"about":[{"href":"https:\/\/israelitaedu.com.br\/guiaescolar\/wp-json\/wp\/v2\/types\/page"}],"author":[{"embeddable":true,"href":"https:\/\/israelitaedu.com.br\/guiaescolar\/wp-json\/wp\/v2\/users\/4"}],"replies":[{"embeddable":true,"href":"https:\/\/israelitaedu.com.br\/guiaescolar\/wp-json\/wp\/v2\/comments?post=571"}],"version-history":[{"count":30,"href":"https:\/\/israelitaedu.com.br\/guiaescolar\/wp-json\/wp\/v2\/pages\/571\/revisions"}],"predecessor-version":[{"id":6855,"href":"https:\/\/israelitaedu.com.br\/guiaescolar\/wp-json\/wp\/v2\/pages\/571\/revisions\/6855"}],"up":[{"embeddable":true,"href":"https:\/\/israelitaedu.com.br\/guiaescolar\/wp-json\/wp\/v2\/pages\/300"}],"wp:attachment":[{"href":"https:\/\/israelitaedu.com.br\/guiaescolar\/wp-json\/wp\/v2\/media?parent=571"}],"curies":[{"name":"wp","href":"https:\/\/api.w.org\/{rel}","templated":true}]}}