{"id":5407,"date":"2025-12-01T11:56:41","date_gmt":"2025-12-01T14:56:41","guid":{"rendered":"https:\/\/israelitaedu.com.br\/guiaescolar\/?page_id=5407"},"modified":"2025-12-10T17:21:10","modified_gmt":"2025-12-10T20:21:10","slug":"avaliacao","status":"publish","type":"page","link":"https:\/\/israelitaedu.com.br\/guiaescolar\/avaliacao\/","title":{"rendered":"Avalia\u00e7\u00e3o"},"content":{"rendered":"\t\t<div data-elementor-type=\"wp-page\" data-elementor-id=\"5407\" class=\"elementor elementor-5407\" data-elementor-post-type=\"page\">\n\t\t\t\t<div class=\"elementor-element elementor-element-de0b48c e-flex e-con-boxed e-con e-parent\" data-id=\"de0b48c\" data-element_type=\"container\" data-e-type=\"container\">\n\t\t\t\t\t<div class=\"e-con-inner\">\n\t\t<div class=\"elementor-element elementor-element-c22ca4f e-con-full e-flex e-con e-child\" data-id=\"c22ca4f\" data-element_type=\"container\" data-e-type=\"container\">\n\t\t\t\t<div class=\"elementor-element elementor-element-a9823f6 elementor-widget elementor-widget-heading\" data-id=\"a9823f6\" data-element_type=\"widget\" data-e-type=\"widget\" data-widget_type=\"heading.default\">\n\t\t\t\t<div class=\"elementor-widget-container\">\n\t\t\t\t\t<h2 class=\"elementor-heading-title elementor-size-default\">Avalia\u00e7\u00e3o<\/h2>\t\t\t\t<\/div>\n\t\t\t\t<\/div>\n\t\t\t\t<\/div>\n\t\t<div class=\"elementor-element elementor-element-0a01e6c e-con-full e-flex e-con e-child\" data-id=\"0a01e6c\" data-element_type=\"container\" data-e-type=\"container\">\n\t\t\t\t<div class=\"elementor-element elementor-element-7fc3fbb elementor-widget elementor-widget-text-editor\" data-id=\"7fc3fbb\" data-element_type=\"widget\" data-e-type=\"widget\" data-widget_type=\"text-editor.default\">\n\t\t\t\t<div class=\"elementor-widget-container\">\n\t\t\t\t\t\t\t\t\t<p>A avalia\u00e7\u00e3o no CIB \u00e9 cont\u00ednua e formativa, orientada para compreender percursos, identificar avan\u00e7os e necessidades e qualificar as pr\u00e1ticas de ensino. Organizada em dois semestres, articula diferentes instrumentos e evid\u00eancias, sempre alinhada aos Planos de Ensino e \u00e0s diretrizes curriculares de cada etapa.<br \/>O processo avaliativo contempla tr\u00eas fun\u00e7\u00f5es complementares:<br \/>Diagn\u00f3stica, para identificar repert\u00f3rios iniciais;<br \/>Formativa, para acompanhar o desenvolvimento ao longo do percurso;<br \/>Somativa, para registrar os n\u00edveis de profici\u00eancia ao final dos ciclos.<br \/>Esse modelo garante intencionalidade, acompanhamento pedag\u00f3gico consistente e visibilidade ao desenvolvimento dos estudantes, fortalecendo a aprendizagem em todas as etapas.<\/p>\t\t\t\t\t\t\t\t<\/div>\n\t\t\t\t<\/div>\n\t\t\t\t<div class=\"elementor-element elementor-element-127382c elementor-widget elementor-widget-heading\" data-id=\"127382c\" data-element_type=\"widget\" data-e-type=\"widget\" data-widget_type=\"heading.default\">\n\t\t\t\t<div class=\"elementor-widget-container\">\n\t\t\t\t\t<h2 class=\"elementor-heading-title elementor-size-default\">Relat\u00f3rio de Avalia\u00e7\u00e3o<\/h2>\t\t\t\t<\/div>\n\t\t\t\t<\/div>\n\t\t\t\t<div class=\"elementor-element elementor-element-b33ec3b elementor-widget elementor-widget-text-editor\" data-id=\"b33ec3b\" data-element_type=\"widget\" data-e-type=\"widget\" data-widget_type=\"text-editor.default\">\n\t\t\t\t<div class=\"elementor-widget-container\">\n\t\t\t\t\t\t\t\t\t<p><span style=\"font-weight: 400;\">A avalia\u00e7\u00e3o \u00e9 registrada ao longo dos dois semestres e comunicada \u00e0s fam\u00edlias por meio do <\/span><b>Relat\u00f3rio de Avalia\u00e7\u00e3o<\/b><span style=\"font-weight: 400;\">, documento oficial que sintetiza o percurso do estudante.<\/span><\/p><p><b>No Ensino M\u00e9dio, <\/b><span style=\"font-weight: 400;\">\u00a0o Relat\u00f3rio apresenta as habilidades desenvolvidas e seus respectivos <\/span><b>n\u00edveis de profici\u00eancia<\/b><span style=\"font-weight: 400;\">, indicando o grau de dom\u00ednio e complexidade alcan\u00e7ados.<\/span><\/p>\t\t\t\t\t\t\t\t<\/div>\n\t\t\t\t<\/div>\n\t\t\t\t<div class=\"elementor-element elementor-element-cfae5ed elementor-widget elementor-widget-heading\" data-id=\"cfae5ed\" data-element_type=\"widget\" data-e-type=\"widget\" data-widget_type=\"heading.default\">\n\t\t\t\t<div class=\"elementor-widget-container\">\n\t\t\t\t\t<h2 class=\"elementor-heading-title elementor-size-default\">Escala de Profici\u00eancia<\/h2>\t\t\t\t<\/div>\n\t\t\t\t<\/div>\n\t\t\t\t<div class=\"elementor-element elementor-element-e912ad2 elementor-widget elementor-widget-text-editor\" data-id=\"e912ad2\" data-element_type=\"widget\" data-e-type=\"widget\" data-widget_type=\"text-editor.default\">\n\t\t\t\t<div class=\"elementor-widget-container\">\n\t\t\t\t\t\t\t\t\t<span style=\"font-weight: 400;\">As habilidades s\u00e3o traduzidas em descritores organizados em uma escala de profici\u00eancia, que expressa o n\u00edvel de dom\u00ednio do estudante.<\/span>\n\n<table data-path-to-node=\"2\">\n<thead>\n<tr>\n<td><strong>N\u00edvel de Profici\u00eancia<\/strong><\/td>\n<td><strong>C\u00f3digo<\/strong><\/td>\n<td><strong>Descri\u00e7\u00e3o<\/strong><\/td>\n<\/tr>\n<\/thead>\n<tbody>\n<tr>\n<td><span data-path-to-node=\"2,1,0,0\"><b>AVAN\u00c7ADO<\/b><\/span><\/td>\n<td><span data-path-to-node=\"2,1,1,0\"><b>A<\/b><\/span><\/td>\n<td><span data-path-to-node=\"2,1,2,0\">O discente demonstra um <b>entendimento sofisticado<\/b> e uma <b>aplicabilidade em situa\u00e7\u00f5es complexas<\/b>, dos conceitos, atitudes e\/ou procedimentos relevantes \u00e0 aprendizagem esperada.<\/span><\/td>\n<\/tr>\n<tr>\n<td><span data-path-to-node=\"2,2,0,0\"><b>PROFICIENTE<\/b><\/span><\/td>\n<td><span data-path-to-node=\"2,2,1,0\"><b>P<\/b><\/span><\/td>\n<td><span data-path-to-node=\"2,2,2,0\">O discente demonstra um <b>entendimento consistente<\/b> e uma <b>s\u00f3lida aplicabilidade<\/b> dos conceitos, atitudes e\/ou procedimentos relevantes \u00e0 aprendizagem esperada.<\/span><\/td>\n<\/tr>\n<tr>\n<td><span data-path-to-node=\"2,3,0,0\"><b>B\u00c1SICO<\/b><\/span><\/td>\n<td><span data-path-to-node=\"2,3,1,0\"><b>B<\/b><\/span><\/td>\n<td><span data-path-to-node=\"2,3,2,0\">O discente demonstra um <b>entendimento suficiente<\/b> e uma <b>aplicabilidade parcial<\/b> dos conceitos, atitudes e\/ou procedimentos relevantes \u00e0 aprendizagem esperada.<\/span><\/td>\n<\/tr>\n<tr>\n<td><span data-path-to-node=\"2,4,0,0\"><b>INSUFICIENTE<\/b><\/span><\/td>\n<td><span data-path-to-node=\"2,4,1,0\"><b>I<\/b><\/span><\/td>\n<td><span data-path-to-node=\"2,4,2,0\">O discente demonstra um <b>entendimento inicial<\/b> e uma <b>restrita aplicabilidade<\/b> dos conceitos, atitudes e\/ou procedimentos relevantes \u00e0 aprendizagem esperada.<\/span><\/td>\n<\/tr>\n<tr>\n<td><span data-path-to-node=\"2,5,0,0\"><b>Aus\u00eancia de profici\u00eancia<\/b><\/span><\/td>\n<td><span data-path-to-node=\"2,5,1,0\"><b>C\u00f3digo<\/b><\/span><\/td>\n<td><span data-path-to-node=\"2,5,2,0\"><b>Descri\u00e7\u00e3o<\/b><\/span><\/td>\n<\/tr>\n<tr>\n<td><span data-path-to-node=\"2,6,0,0\"><b>N\u00c3O REALIZADO<\/b><\/span><\/td>\n<td><span data-path-to-node=\"2,6,1,0\"><b>NR<\/b><\/span><\/td>\n<td><span data-path-to-node=\"2,6,2,0\">N\u00e3o houve entrega\/produ\u00e7\u00e3o de evid\u00eancias do aprendizado por parte do discente, impossibilitando confirmar a compreens\u00e3o dos conceitos e o desenvolvimento da habilidade<\/span><\/td>\n<\/tr>\n<tr>\n<td><span data-path-to-node=\"2,7,0,0\"><b>N\u00c3O AVALIADO<\/b><\/span><\/td>\n<td><span data-path-to-node=\"2,7,1,0\"><b>NA<\/b><\/span><\/td>\n<td><span data-path-to-node=\"2,7,2,0\">O discente n\u00e3o foi avaliado, nesta habilidade, por parte da escola.<\/span><\/td>\n<\/tr>\n<\/tbody>\n<\/table>\t\t\t\t\t\t\t\t<\/div>\n\t\t\t\t<\/div>\n\t\t\t\t<\/div>\n\t\t\t\t\t<\/div>\n\t\t\t\t<\/div>\n\t\t<div class=\"elementor-element elementor-element-a7e22c8 e-con-full e-flex e-con e-child\" data-id=\"a7e22c8\" data-element_type=\"container\" data-e-type=\"container\">\n\t\t\t\t<div class=\"elementor-element elementor-element-edb7de7 elementor-widget elementor-widget-heading\" data-id=\"edb7de7\" data-element_type=\"widget\" data-e-type=\"widget\" data-widget_type=\"heading.default\">\n\t\t\t\t<div class=\"elementor-widget-container\">\n\t\t\t\t\t<h2 class=\"elementor-heading-title elementor-size-default\"><h2 style=\"color:white\"> Navega\u00e7\u00e3o EM <\/h2><\/h2>\t\t\t\t<\/div>\n\t\t\t\t<\/div>\n\t\t<div class=\"elementor-element elementor-element-66b9585 e-grid e-con-full e-con e-child\" data-id=\"66b9585\" data-element_type=\"container\" data-e-type=\"container\">\n\t\t\t\t<div class=\"elementor-element elementor-element-1e34dd2 elementor-widget elementor-widget-html\" data-id=\"1e34dd2\" data-element_type=\"widget\" data-e-type=\"widget\" data-widget_type=\"html.default\">\n\t\t\t\t<div class=\"elementor-widget-container\">\n\t\t\t\t\t<a href=\"\/guiaescolar\/ensino-medio\/planos-de-ensino\" style=\"text-decoration: none;\">\r\n  <button class=\"comic-button\">Planos<br>de Ensino<\/button>\r\n<\/a>\t\t\t\t<\/div>\n\t\t\t\t<\/div>\n\t\t\t\t<div class=\"elementor-element elementor-element-ffc17f0 elementor-widget elementor-widget-html\" data-id=\"ffc17f0\" data-element_type=\"widget\" data-e-type=\"widget\" data-widget_type=\"html.default\">\n\t\t\t\t<div class=\"elementor-widget-container\">\n\t\t\t\t\t<a href=\"\/guiaescolar\/avaliacao\" style=\"text-decoration: none;\">\r\n  <button class=\"comic-button\">Avalia\u00e7\u00e3o<\/button>\r\n<\/a>\t\t\t\t<\/div>\n\t\t\t\t<\/div>\n\t\t\t\t<div class=\"elementor-element elementor-element-0d76ddd elementor-widget elementor-widget-html\" data-id=\"0d76ddd\" data-element_type=\"widget\" data-e-type=\"widget\" data-widget_type=\"html.default\">\n\t\t\t\t<div class=\"elementor-widget-container\">\n\t\t\t\t\t<a href=\"\/guiaescolar\/ensino-medio\/reunioes-de-turmas\" style=\"text-decoration: none;\">\r\n  <button class=\"comic-button\">Reuni\u00f5es de<br>Turmas<\/button>\r\n<\/a>\t\t\t\t<\/div>\n\t\t\t\t<\/div>\n\t\t\t\t<div class=\"elementor-element elementor-element-8f07eaf elementor-widget elementor-widget-html\" data-id=\"8f07eaf\" data-element_type=\"widget\" data-e-type=\"widget\" data-widget_type=\"html.default\">\n\t\t\t\t<div class=\"elementor-widget-container\">\n\t\t\t\t\t<a href=\"\/guiaescolar\/ensino-medio\/horarios\" style=\"text-decoration: none;\">\r\n  <button class=\"comic-button\">Hor\u00e1rios<\/button>\r\n<\/a>\t\t\t\t<\/div>\n\t\t\t\t<\/div>\n\t\t\t\t<div class=\"elementor-element elementor-element-3484fb6 elementor-widget elementor-widget-html\" data-id=\"3484fb6\" data-element_type=\"widget\" data-e-type=\"widget\" data-widget_type=\"html.default\">\n\t\t\t\t<div class=\"elementor-widget-container\">\n\t\t\t\t\t<a href=\"\/guiaescolar\/ensino-medio\/entrada-e-saida\" style=\"text-decoration: none;\">\r\n  <button class=\"comic-button\">Entrada<br>e Sa\u00edda<\/button>\r\n<\/a>\t\t\t\t<\/div>\n\t\t\t\t<\/div>\n\t\t\t\t<div class=\"elementor-element elementor-element-718ab99 elementor-widget elementor-widget-html\" data-id=\"718ab99\" data-element_type=\"widget\" data-e-type=\"widget\" data-widget_type=\"html.default\">\n\t\t\t\t<div class=\"elementor-widget-container\">\n\t\t\t\t\t<a href=\"\/guiaescolar\/ensino-medio\/saida-de-estudos\" style=\"text-decoration: none;\">\r\n  <button class=\"comic-button\">Sa\u00eddas de<br>Estudos<\/button>\r\n<\/a>\t\t\t\t<\/div>\n\t\t\t\t<\/div>\n\t\t\t\t<div class=\"elementor-element elementor-element-f523976 elementor-widget elementor-widget-html\" data-id=\"f523976\" data-element_type=\"widget\" data-e-type=\"widget\" data-widget_type=\"html.default\">\n\t\t\t\t<div class=\"elementor-widget-container\">\n\t\t\t\t\t<a href=\"\/guiaescolar\/ensino-medio\/extra-curriculares\" style=\"text-decoration: none;\">\r\n  <button class=\"comic-button\">Extra-<br>curriculares<\/button>\r\n<\/a>\t\t\t\t<\/div>\n\t\t\t\t<\/div>\n\t\t\t\t<div class=\"elementor-element elementor-element-6cd57bd elementor-widget elementor-widget-html\" data-id=\"6cd57bd\" data-element_type=\"widget\" data-e-type=\"widget\" data-widget_type=\"html.default\">\n\t\t\t\t<div class=\"elementor-widget-container\">\n\t\t\t\t\t<a href=\"\/guiaescolar\/aee\/\" style=\"text-decoration: none;\">\r\n  <button class=\"comic-button\">AEE<\/button>\r\n<\/a>\t\t\t\t<\/div>\n\t\t\t\t<\/div>\n\t\t\t\t<div class=\"elementor-element elementor-element-33933b5 elementor-widget elementor-widget-html\" data-id=\"33933b5\" data-element_type=\"widget\" data-e-type=\"widget\" data-widget_type=\"html.default\">\n\t\t\t\t<div class=\"elementor-widget-container\">\n\t\t\t\t\t<a href=\"\/guiaescolar\/reunioes-pedagogicas\" style=\"text-decoration: none;\">\r\n  <button class=\"comic-button\">Reuni\u00f5es<br>Pedag\u00f3gicas<\/button>\r\n<\/a>\t\t\t\t<\/div>\n\t\t\t\t<\/div>\n\t\t\t\t<div class=\"elementor-element elementor-element-27530ef elementor-widget elementor-widget-html\" data-id=\"27530ef\" data-element_type=\"widget\" data-e-type=\"widget\" data-widget_type=\"html.default\">\n\t\t\t\t<div class=\"elementor-widget-container\">\n\t\t\t\t\t<a href=\"\/guiaescolar\/ensino-medio\/avaliacoes-externas\" style=\"text-decoration: none;\">\r\n  <button class=\"comic-button\">Avalia\u00e7\u00f5es<br>Externas<\/button>\r\n<\/a>\t\t\t\t<\/div>\n\t\t\t\t<\/div>\n\t\t\t\t<div class=\"elementor-element elementor-element-d7ee578 elementor-widget elementor-widget-html\" data-id=\"d7ee578\" data-element_type=\"widget\" data-e-type=\"widget\" data-widget_type=\"html.default\">\n\t\t\t\t<div class=\"elementor-widget-container\">\n\t\t\t\t\t<a href=\"\/guiaescolar\/ensino-medio\/eletivas\" style=\"text-decoration: none;\">\r\n  <button class=\"comic-button\">Eletivas<\/button>\r\n<\/a>\t\t\t\t<\/div>\n\t\t\t\t<\/div>\n\t\t\t\t<div class=\"elementor-element elementor-element-6da9253 elementor-widget elementor-widget-html\" data-id=\"6da9253\" data-element_type=\"widget\" data-e-type=\"widget\" data-widget_type=\"html.default\">\n\t\t\t\t<div class=\"elementor-widget-container\">\n\t\t\t\t\t<a href=\"\/guiaescolar\/ensino-medio\/itinerarios-formativos\" style=\"text-decoration: none;\">\r\n  <button class=\"comic-button\">Itiner\u00e1rios<br>Formativos<\/button>\r\n<\/a>\t\t\t\t<\/div>\n\t\t\t\t<\/div>\n\t\t\t\t<div class=\"elementor-element elementor-element-8caac66 elementor-widget elementor-widget-html\" data-id=\"8caac66\" data-element_type=\"widget\" data-e-type=\"widget\" data-widget_type=\"html.default\">\n\t\t\t\t<div class=\"elementor-widget-container\">\n\t\t\t\t\t<a href=\"\/guiaescolar\/ensino-medio\/salas-de-aula\" style=\"text-decoration: none;\">\r\n  <button class=\"comic-button\">Salas<br>de Aula<\/button>\r\n<\/a>\t\t\t\t<\/div>\n\t\t\t\t<\/div>\n\t\t\t\t<div class=\"elementor-element elementor-element-38779bb elementor-widget elementor-widget-html\" data-id=\"38779bb\" data-element_type=\"widget\" data-e-type=\"widget\" data-widget_type=\"html.default\">\n\t\t\t\t<div class=\"elementor-widget-container\">\n\t\t\t\t\t<a href=\"\/guiaescolar\/ensino-medio\/lista-de-materiais\" style=\"text-decoration: none;\">\r\n  <button class=\"comic-button\">Lista de<br>Materiais<\/button>\r\n<\/a>\t\t\t\t<\/div>\n\t\t\t\t<\/div>\n\t\t\t\t<div class=\"elementor-element elementor-element-f2cf3a8 elementor-widget elementor-widget-html\" data-id=\"f2cf3a8\" data-element_type=\"widget\" data-e-type=\"widget\" data-widget_type=\"html.default\">\n\t\t\t\t<div class=\"elementor-widget-container\">\n\t\t\t\t\t<a href=\"\/guiaescolar\/ensino-medio\/semana-das-trajetorias\" style=\"text-decoration: none;\">\r\n  <button class=\"comic-button\">Semana das<br>Trajet\u00f3rias<\/button>\r\n<\/a>\t\t\t\t<\/div>\n\t\t\t\t<\/div>\n\t\t\t\t<div class=\"elementor-element elementor-element-34fd81f elementor-widget elementor-widget-html\" data-id=\"34fd81f\" data-element_type=\"widget\" data-e-type=\"widget\" data-widget_type=\"html.default\">\n\t\t\t\t<div class=\"elementor-widget-container\">\n\t\t\t\t\t<a href=\"\/guiaescolar\/ensino-medio\/plataformas-educacionais\" style=\"text-decoration: none;\">\r\n  <button class=\"comic-button\">Plataformas<br>Educacionais<\/button>\r\n<\/a>\t\t\t\t<\/div>\n\t\t\t\t<\/div>\n\t\t\t\t<div class=\"elementor-element elementor-element-3cbf89f elementor-widget elementor-widget-html\" data-id=\"3cbf89f\" data-element_type=\"widget\" data-e-type=\"widget\" data-widget_type=\"html.default\">\n\t\t\t\t<div class=\"elementor-widget-container\">\n\t\t\t\t\t<a href=\"\/guiaescolar\/ensino-fundamental-2\/amo\" style=\"text-decoration: none;\">\r\n  <button class=\"comic-button\">AMO<\/button>\r\n<\/a>\t\t\t\t<\/div>\n\t\t\t\t<\/div>\n\t\t\t\t<\/div>\n\t\t\t\t<\/div>\n\t\t\t\t<\/div>\n\t\t","protected":false},"excerpt":{"rendered":"<p>Avalia\u00e7\u00e3o A avalia\u00e7\u00e3o no CIB \u00e9 cont\u00ednua e formativa, orientada para compreender percursos, identificar avan\u00e7os e necessidades e qualificar as pr\u00e1ticas de ensino. Organizada em dois semestres, articula diferentes instrumentos e evid\u00eancias, sempre alinhada aos Planos de Ensino e \u00e0s diretrizes curriculares de cada etapa.O processo avaliativo contempla tr\u00eas fun\u00e7\u00f5es complementares:Diagn\u00f3stica, para identificar repert\u00f3rios iniciais;Formativa, [&hellip;]<\/p>\n","protected":false},"author":15,"featured_media":0,"parent":0,"menu_order":0,"comment_status":"closed","ping_status":"closed","template":"","meta":{"footnotes":""},"class_list":["post-5407","page","type-page","status-publish","hentry"],"_links":{"self":[{"href":"https:\/\/israelitaedu.com.br\/guiaescolar\/wp-json\/wp\/v2\/pages\/5407","targetHints":{"allow":["GET"]}}],"collection":[{"href":"https:\/\/israelitaedu.com.br\/guiaescolar\/wp-json\/wp\/v2\/pages"}],"about":[{"href":"https:\/\/israelitaedu.com.br\/guiaescolar\/wp-json\/wp\/v2\/types\/page"}],"author":[{"embeddable":true,"href":"https:\/\/israelitaedu.com.br\/guiaescolar\/wp-json\/wp\/v2\/users\/15"}],"replies":[{"embeddable":true,"href":"https:\/\/israelitaedu.com.br\/guiaescolar\/wp-json\/wp\/v2\/comments?post=5407"}],"version-history":[{"count":19,"href":"https:\/\/israelitaedu.com.br\/guiaescolar\/wp-json\/wp\/v2\/pages\/5407\/revisions"}],"predecessor-version":[{"id":6491,"href":"https:\/\/israelitaedu.com.br\/guiaescolar\/wp-json\/wp\/v2\/pages\/5407\/revisions\/6491"}],"wp:attachment":[{"href":"https:\/\/israelitaedu.com.br\/guiaescolar\/wp-json\/wp\/v2\/media?parent=5407"}],"curies":[{"name":"wp","href":"https:\/\/api.w.org\/{rel}","templated":true}]}}