{"id":54,"date":"2025-04-16T13:38:16","date_gmt":"2025-04-16T16:38:16","guid":{"rendered":"https:\/\/israelitaedu.com.br\/guiaescolar\/?page_id=54"},"modified":"2026-04-10T13:07:13","modified_gmt":"2026-04-10T16:07:13","slug":"uniforme","status":"publish","type":"page","link":"https:\/\/israelitaedu.com.br\/guiaescolar\/uniforme\/","title":{"rendered":"Uniforme"},"content":{"rendered":"\t\t<div data-elementor-type=\"wp-page\" data-elementor-id=\"54\" class=\"elementor elementor-54\" data-elementor-post-type=\"page\">\n\t\t\t\t<div class=\"elementor-element elementor-element-2b7d12bf e-flex e-con-boxed e-con e-parent\" data-id=\"2b7d12bf\" data-element_type=\"container\" data-e-type=\"container\">\n\t\t\t\t\t<div class=\"e-con-inner\">\n\t\t<div class=\"elementor-element elementor-element-d60e630 e-con-full e-flex e-con e-child\" data-id=\"d60e630\" data-element_type=\"container\" data-e-type=\"container\">\n\t\t\t\t<div class=\"elementor-element elementor-element-7ba3b62c elementor-widget elementor-widget-heading\" data-id=\"7ba3b62c\" data-element_type=\"widget\" data-e-type=\"widget\" data-widget_type=\"heading.default\">\n\t\t\t\t<div class=\"elementor-widget-container\">\n\t\t\t\t\t<h2 class=\"elementor-heading-title elementor-size-default\">Uniforme<\/h2>\t\t\t\t<\/div>\n\t\t\t\t<\/div>\n\t\t\t\t<div class=\"elementor-element elementor-element-30afabf elementor-widget elementor-widget-text-editor\" data-id=\"30afabf\" data-element_type=\"widget\" data-e-type=\"widget\" data-widget_type=\"text-editor.default\">\n\t\t\t\t<div class=\"elementor-widget-container\">\n\t\t\t\t\t\t\t\t\t<p><span style=\"font-weight: 400;\">O uso do uniforme \u00e9 obrigat\u00f3rio para estudantes da Educa\u00e7\u00e3o Infantil ao 9\u00ba ano. No Ensino M\u00e9dio, o uso \u00e9 opcional.<\/span><\/p><p><span style=\"font-weight: 400;\">Os uniformes do Col\u00e9gio Israelita Brasileiro s\u00e3o produzidos e comercializados pela <\/span><b>Top Sul Uniformes<\/b><span style=\"font-weight: 400;\">:<\/span><span style=\"font-weight: 400;\"><br \/><\/span><b>Rua Vicente da Fontoura, 2214<\/b><\/p><p><b>Telefone:<\/b><span style=\"font-weight: 400;\"> (51) 3333.3131<\/span><\/p>\t\t\t\t\t\t\t\t<\/div>\n\t\t\t\t<\/div>\n\t\t\t\t<div class=\"elementor-element elementor-element-a01364e elementor-widget__width-initial elementor-widget elementor-widget-image\" data-id=\"a01364e\" data-element_type=\"widget\" data-e-type=\"widget\" data-widget_type=\"image.default\">\n\t\t\t\t<div class=\"elementor-widget-container\">\n\t\t\t\t\t\t\t\t\t\t\t\t\t\t\t<img fetchpriority=\"high\" decoding=\"async\" width=\"768\" height=\"432\" src=\"https:\/\/israelitaedu.com.br\/guiaescolar\/wp-content\/uploads\/2025\/04\/ED-ESPECIAL-768x432-1.webp\" class=\"attachment-medium_large size-medium_large wp-image-224\" alt=\"\" srcset=\"https:\/\/israelitaedu.com.br\/guiaescolar\/wp-content\/uploads\/2025\/04\/ED-ESPECIAL-768x432-1.webp 768w, https:\/\/israelitaedu.com.br\/guiaescolar\/wp-content\/uploads\/2025\/04\/ED-ESPECIAL-768x432-1-300x169.webp 300w\" sizes=\"(max-width: 768px) 100vw, 768px\" \/>\t\t\t\t\t\t\t\t\t\t\t\t\t\t\t<\/div>\n\t\t\t\t<\/div>\n\t\t\t\t<\/div>\n\t\t<div class=\"elementor-element elementor-element-497d83bd e-con-full e-flex e-con e-child\" data-id=\"497d83bd\" data-element_type=\"container\" data-e-type=\"container\">\n\t\t\t\t<div class=\"elementor-element elementor-element-62ca222d elementor-widget elementor-widget-text-editor\" data-id=\"62ca222d\" data-element_type=\"widget\" data-e-type=\"widget\" data-widget_type=\"text-editor.default\">\n\t\t\t\t<div class=\"elementor-widget-container\">\n\t\t\t\t\t\t\t\t\t<div style=\"align-self: auto; flex: 0 1 auto; order: 0; place-content: normal; align-items: normal; flex-flow: row; gap: 20px; --widgets-spacing: 20px 20px; --widgets-spacing-row: 20px; --widgets-spacing-column: 20px; margin-bottom: 0px; transition: background 0.3s, border 0.3s, border-radius 0.3s, box-shadow 0.3s, transform 0.4s; --kit-widget-spacing: 0px; max-width: 100%;\" data-id=\"be6df8f\" data-element_type=\"widget\" data-widget_type=\"text-editor.default\"><p style=\"color: #ffffff; font-family: 'Albert Sans', sans-serif; font-weight: 400;\">Vestu\u00e1rio<b> permitido<\/b><\/p><p style=\"color: #ffffff; font-family: 'Albert Sans', sans-serif; font-weight: 400;\"><span style=\"font-weight: 400;\">Al\u00e9m das pe\u00e7as do uniforme, s\u00e3o permitidos:<\/span><\/p><ul style=\"color: #ffffff; font-family: 'Albert Sans', sans-serif; font-weight: 400;\"><li style=\"font-weight: 400;\" aria-level=\"1\"><span style=\"font-weight: 400;\">cal\u00e7as e bermudas pretas, sem estampas;<\/span><\/li><li style=\"font-weight: 400;\" aria-level=\"1\"><span style=\"font-weight: 400;\">cal\u00e7a jeans em dias sem pr\u00e1tica esportiva.<\/span><\/li><\/ul><p style=\"color: #ffffff; font-family: 'Albert Sans', sans-serif; font-weight: 400;\"><span style=\"font-weight: 400;\">Em dias de baixa temperatura, podem ser utilizados agasalhos que n\u00e3o perten\u00e7am \u00e0 cole\u00e7\u00e3o oficial, desde que adequados ao ambiente escolar.<\/span><\/p><p style=\"color: #ffffff; font-family: 'Albert Sans', sans-serif; font-weight: 400;\"><b>Cal\u00e7ados<\/b><\/p><p style=\"color: #ffffff; font-family: 'Albert Sans', sans-serif; font-weight: 400;\"><span style=\"font-weight: 400;\">Recomenda-se o uso de <\/span><b>t\u00eanis<\/b><span style=\"font-weight: 400;\">, por conforto e seguran\u00e7a nas atividades di\u00e1rias.<\/span><\/p><p style=\"color: #ffffff; font-family: 'Albert Sans', sans-serif; font-weight: 400;\"><span style=\"font-weight: 400;\">T\u00eanis com rodinhas <\/span><b>n\u00e3o s\u00e3o permitidos<\/b><span style=\"font-weight: 400;\">.<\/span><\/p><p><b>Identifica\u00e7\u00e3o<\/b><\/p><p><span style=\"font-weight: 400;\">Todas as pe\u00e7as devem estar identificadas com o nome e a turma do estudante, facilitando a devolu\u00e7\u00e3o de itens perdidos.<\/span><\/p><p><b>Feira de Uniformes<\/b><\/p><p><span style=\"font-weight: 400;\">Promovida pelo Conselho de Pais, a <\/span><b>Feira de Doa\u00e7\u00e3o de Uniformes<\/b><span style=\"font-weight: 400;\"> ocorre duas vezes ao ano, no p\u00e1tio do Col\u00e9gio. As datas s\u00e3o divulgadas previamente no aplicativo.<\/span><\/p><p><strong>IMPORTANTE &#8211; SOBRE DOA\u00c7\u00d5ES:\u00a0<\/strong><br \/><br \/>Solicitamos que os itens de uniforme escolar do CIB n\u00e3o sejam destinados a doa\u00e7\u00f5es para a comunidade ampla (externa).<br \/><br \/>O uniforme escolar \u00e9 um dos instrumentos utilizados para o controle de seguran\u00e7a nos acessos ao Col\u00e9gio, sendo importante que seu uso permane\u00e7a restrito \u00e0 nossa comunidade escolar.<br \/><br \/>As fam\u00edlias que desejarem doar esses itens, pedimos que o fa\u00e7am exclusivamente na escola, na caixa de coleta localizada no p\u00e1tio coberto, ao lado da quadra de esportes. Os uniformes arrecadados ser\u00e3o destinados \u00e0s fam\u00edlias do CIB, por meio da Feira de Uniformes, e aqueles que n\u00e3o estiverem em condi\u00e7\u00f5es de uso ter\u00e3o o descarte realizado de forma adequada.<br \/><br \/><\/p><\/div>\t\t\t\t\t\t\t\t<\/div>\n\t\t\t\t<\/div>\n\t\t\t\t<\/div>\n\t\t\t\t\t<\/div>\n\t\t\t\t<\/div>\n\t\t\t\t<\/div>\n\t\t","protected":false},"excerpt":{"rendered":"<p>Uniforme O uso do uniforme \u00e9 obrigat\u00f3rio para estudantes da Educa\u00e7\u00e3o Infantil ao 9\u00ba ano. No Ensino M\u00e9dio, o uso \u00e9 opcional. Os uniformes do Col\u00e9gio Israelita Brasileiro s\u00e3o produzidos e comercializados pela Top Sul Uniformes:Rua Vicente da Fontoura, 2214 Telefone: (51) 3333.3131 Vestu\u00e1rio permitido Al\u00e9m das pe\u00e7as do uniforme, s\u00e3o permitidos: cal\u00e7as e bermudas [&hellip;]<\/p>\n","protected":false},"author":1,"featured_media":0,"parent":0,"menu_order":0,"comment_status":"closed","ping_status":"closed","template":"","meta":{"footnotes":""},"class_list":["post-54","page","type-page","status-publish","hentry"],"_links":{"self":[{"href":"https:\/\/israelitaedu.com.br\/guiaescolar\/wp-json\/wp\/v2\/pages\/54","targetHints":{"allow":["GET"]}}],"collection":[{"href":"https:\/\/israelitaedu.com.br\/guiaescolar\/wp-json\/wp\/v2\/pages"}],"about":[{"href":"https:\/\/israelitaedu.com.br\/guiaescolar\/wp-json\/wp\/v2\/types\/page"}],"author":[{"embeddable":true,"href":"https:\/\/israelitaedu.com.br\/guiaescolar\/wp-json\/wp\/v2\/users\/1"}],"replies":[{"embeddable":true,"href":"https:\/\/israelitaedu.com.br\/guiaescolar\/wp-json\/wp\/v2\/comments?post=54"}],"version-history":[{"count":21,"href":"https:\/\/israelitaedu.com.br\/guiaescolar\/wp-json\/wp\/v2\/pages\/54\/revisions"}],"predecessor-version":[{"id":8882,"href":"https:\/\/israelitaedu.com.br\/guiaescolar\/wp-json\/wp\/v2\/pages\/54\/revisions\/8882"}],"wp:attachment":[{"href":"https:\/\/israelitaedu.com.br\/guiaescolar\/wp-json\/wp\/v2\/media?parent=54"}],"curies":[{"name":"wp","href":"https:\/\/api.w.org\/{rel}","templated":true}]}}