{"id":5331,"date":"2025-12-01T09:48:14","date_gmt":"2025-12-01T12:48:14","guid":{"rendered":"https:\/\/israelitaedu.com.br\/guiaescolar\/?page_id=5331"},"modified":"2025-12-08T15:58:06","modified_gmt":"2025-12-08T18:58:06","slug":"avaliacoes-ef2","status":"publish","type":"page","link":"https:\/\/israelitaedu.com.br\/guiaescolar\/avaliacoes-ef2\/","title":{"rendered":"Avalia\u00e7\u00f5es EF2"},"content":{"rendered":"\t\t<div data-elementor-type=\"wp-page\" data-elementor-id=\"5331\" class=\"elementor elementor-5331\" data-elementor-post-type=\"page\">\n\t\t\t\t<div class=\"elementor-element elementor-element-126977c e-flex e-con-boxed e-con e-parent\" data-id=\"126977c\" data-element_type=\"container\" data-e-type=\"container\">\n\t\t\t\t\t<div class=\"e-con-inner\">\n\t\t<div class=\"elementor-element elementor-element-9bb44b1 e-con-full e-flex e-con e-child\" data-id=\"9bb44b1\" data-element_type=\"container\" data-e-type=\"container\">\n\t\t\t\t<div class=\"elementor-element elementor-element-4327719 elementor-widget elementor-widget-heading\" data-id=\"4327719\" data-element_type=\"widget\" data-e-type=\"widget\" data-widget_type=\"heading.default\">\n\t\t\t\t<div class=\"elementor-widget-container\">\n\t\t\t\t\t<h2 class=\"elementor-heading-title elementor-size-default\">Avalia\u00e7\u00e3o<\/h2>\t\t\t\t<\/div>\n\t\t\t\t<\/div>\n\t\t\t\t<\/div>\n\t\t<div class=\"elementor-element elementor-element-68bad76 e-con-full e-flex e-con e-child\" data-id=\"68bad76\" data-element_type=\"container\" data-e-type=\"container\">\n\t\t\t\t<div class=\"elementor-element elementor-element-faece9a elementor-widget elementor-widget-text-editor\" data-id=\"faece9a\" data-element_type=\"widget\" data-e-type=\"widget\" data-widget_type=\"text-editor.default\">\n\t\t\t\t<div class=\"elementor-widget-container\">\n\t\t\t\t\t\t\t\t\t<p>A avalia\u00e7\u00e3o no CIB \u00e9 cont\u00ednua e formativa, orientada para compreender percursos, identificar avan\u00e7os e necessidades e qualificar as pr\u00e1ticas de ensino. Organizada em dois semestres, articula diferentes instrumentos e evid\u00eancias, sempre alinhada aos Planos de Ensino e \u00e0s diretrizes curriculares de cada etapa.<br \/>O processo avaliativo contempla tr\u00eas fun\u00e7\u00f5es complementares:<br \/>Diagn\u00f3stica, para identificar repert\u00f3rios iniciais;<br \/>Formativa, para acompanhar o desenvolvimento ao longo do percurso;<br \/>Somativa, para registrar os n\u00edveis de profici\u00eancia ao final dos ciclos.<br \/>Esse modelo garante intencionalidade, acompanhamento pedag\u00f3gico consistente e visibilidade ao desenvolvimento dos estudantes, fortalecendo a aprendizagem em todas as etapas.<\/p>\t\t\t\t\t\t\t\t<\/div>\n\t\t\t\t<\/div>\n\t\t\t\t<div class=\"elementor-element elementor-element-9bcdc41 elementor-widget elementor-widget-heading\" data-id=\"9bcdc41\" data-element_type=\"widget\" data-e-type=\"widget\" data-widget_type=\"heading.default\">\n\t\t\t\t<div class=\"elementor-widget-container\">\n\t\t\t\t\t<h2 class=\"elementor-heading-title elementor-size-default\">Relat\u00f3rio de Avalia\u00e7\u00e3o<\/h2>\t\t\t\t<\/div>\n\t\t\t\t<\/div>\n\t\t\t\t<div class=\"elementor-element elementor-element-f5180d2 elementor-widget elementor-widget-text-editor\" data-id=\"f5180d2\" data-element_type=\"widget\" data-e-type=\"widget\" data-widget_type=\"text-editor.default\">\n\t\t\t\t<div class=\"elementor-widget-container\">\n\t\t\t\t\t\t\t\t\t<p><span style=\"font-weight: 400;\">A avalia\u00e7\u00e3o \u00e9 registrada ao longo dos dois semestres e comunicada \u00e0s fam\u00edlias por meio do <\/span><b>Relat\u00f3rio de Avalia\u00e7\u00e3o<\/b><span style=\"font-weight: 400;\">, documento oficial que sintetiza o percurso do estudante.<\/span><\/p><p><b>No Ensino Fundamental 2, <\/b><span style=\"font-weight: 400;\">\u00a0o Relat\u00f3rio apresenta as habilidades desenvolvidas e seus respectivos <\/span><b>n\u00edveis de profici\u00eancia<\/b><span style=\"font-weight: 400;\">, indicando o grau de dom\u00ednio e complexidade alcan\u00e7ados.<\/span><\/p>\t\t\t\t\t\t\t\t<\/div>\n\t\t\t\t<\/div>\n\t\t\t\t<div class=\"elementor-element elementor-element-e04c871 elementor-widget elementor-widget-heading\" data-id=\"e04c871\" data-element_type=\"widget\" data-e-type=\"widget\" data-widget_type=\"heading.default\">\n\t\t\t\t<div class=\"elementor-widget-container\">\n\t\t\t\t\t<h2 class=\"elementor-heading-title elementor-size-default\">Escala de Profici\u00eancia<\/h2>\t\t\t\t<\/div>\n\t\t\t\t<\/div>\n\t\t\t\t<div class=\"elementor-element elementor-element-7a7010d elementor-widget elementor-widget-text-editor\" data-id=\"7a7010d\" data-element_type=\"widget\" data-e-type=\"widget\" data-widget_type=\"text-editor.default\">\n\t\t\t\t<div class=\"elementor-widget-container\">\n\t\t\t\t\t\t\t\t\t<p>As habilidades s\u00e3o traduzidas em descritores organizados em uma escala de profici\u00eancia, que expressa o n\u00edvel de dom\u00ednio do estudante.<\/p>\t\t\t\t\t\t\t\t<\/div>\n\t\t\t\t<\/div>\n\t\t\t\t<div class=\"elementor-element elementor-element-d855356 elementor-widget elementor-widget-text-editor\" data-id=\"d855356\" data-element_type=\"widget\" data-e-type=\"widget\" data-widget_type=\"text-editor.default\">\n\t\t\t\t<div class=\"elementor-widget-container\">\n\t\t\t\t\t\t\t\t\t<table data-path-to-node=\"2\"><thead><tr><td><strong>N\u00edvel de Profici\u00eancia<\/strong><\/td><td><strong>C\u00f3digo<\/strong><\/td><td><strong>Descri\u00e7\u00e3o<\/strong><\/td><\/tr><\/thead><tbody><tr><td><span data-path-to-node=\"2,1,0,0\"><b>AVAN\u00c7ADO<\/b><\/span><\/td><td><span data-path-to-node=\"2,1,1,0\"><b>A<\/b><\/span><\/td><td><span data-path-to-node=\"2,1,2,0\">O discente demonstra um <b>entendimento sofisticado<\/b> e uma <b>aplicabilidade em situa\u00e7\u00f5es complexas<\/b>, dos conceitos, atitudes e\/ou procedimentos relevantes \u00e0 aprendizagem esperada.<\/span><\/td><\/tr><tr><td><span data-path-to-node=\"2,2,0,0\"><b>PROFICIENTE<\/b><\/span><\/td><td><span data-path-to-node=\"2,2,1,0\"><b>P<\/b><\/span><\/td><td><span data-path-to-node=\"2,2,2,0\">O discente demonstra um <b>entendimento consistente<\/b> e uma <b>s\u00f3lida aplicabilidade<\/b> dos conceitos, atitudes e\/ou procedimentos relevantes \u00e0 aprendizagem esperada.<\/span><\/td><\/tr><tr><td><span data-path-to-node=\"2,3,0,0\"><b>B\u00c1SICO<\/b><\/span><\/td><td><span data-path-to-node=\"2,3,1,0\"><b>B<\/b><\/span><\/td><td><span data-path-to-node=\"2,3,2,0\">O discente demonstra um <b>entendimento suficiente<\/b> e uma <b>aplicabilidade parcial<\/b> dos conceitos, atitudes e\/ou procedimentos relevantes \u00e0 aprendizagem esperada.<\/span><\/td><\/tr><tr><td><span data-path-to-node=\"2,4,0,0\"><b>INSUFICIENTE<\/b><\/span><\/td><td><span data-path-to-node=\"2,4,1,0\"><b>I<\/b><\/span><\/td><td><span data-path-to-node=\"2,4,2,0\">O discente demonstra um <b>entendimento inicial<\/b> e uma <b>restrita aplicabilidade<\/b> dos conceitos, atitudes e\/ou procedimentos relevantes \u00e0 aprendizagem esperada.<\/span><\/td><\/tr><tr><td><span data-path-to-node=\"2,5,0,0\"><b>Aus\u00eancia de profici\u00eancia<\/b><\/span><\/td><td><span data-path-to-node=\"2,5,1,0\"><b>C\u00f3digo<\/b><\/span><\/td><td><span data-path-to-node=\"2,5,2,0\"><b>Descri\u00e7\u00e3o<\/b><\/span><\/td><\/tr><tr><td><span data-path-to-node=\"2,6,0,0\"><b>N\u00c3O REALIZADO<\/b><\/span><\/td><td><span data-path-to-node=\"2,6,1,0\"><b>NR<\/b><\/span><\/td><td><span data-path-to-node=\"2,6,2,0\">N\u00e3o houve entrega\/produ\u00e7\u00e3o de evid\u00eancias do aprendizado por parte do discente, impossibilitando confirmar a compreens\u00e3o dos conceitos e o desenvolvimento da habilidade<\/span><\/td><\/tr><tr><td><span data-path-to-node=\"2,7,0,0\"><b>N\u00c3O AVALIADO<\/b><\/span><\/td><td><span data-path-to-node=\"2,7,1,0\"><b>NA<\/b><\/span><\/td><td><span data-path-to-node=\"2,7,2,0\">O discente n\u00e3o foi avaliado, nesta habilidade, por parte da escola.<\/span><\/td><\/tr><\/tbody><\/table>\t\t\t\t\t\t\t\t<\/div>\n\t\t\t\t<\/div>\n\t\t\t\t<\/div>\n\t\t\t\t\t<\/div>\n\t\t\t\t<\/div>\n\t\t<div class=\"elementor-element elementor-element-cc35847 e-flex e-con-boxed e-con e-child\" data-id=\"cc35847\" data-element_type=\"container\" data-e-type=\"container\">\n\t\t\t\t\t<div class=\"e-con-inner\">\n\t\t\t\t<div class=\"elementor-element elementor-element-beaa1e8 elementor-widget elementor-widget-heading\" data-id=\"beaa1e8\" data-element_type=\"widget\" data-e-type=\"widget\" data-widget_type=\"heading.default\">\n\t\t\t\t<div class=\"elementor-widget-container\">\n\t\t\t\t\t<h2 class=\"elementor-heading-title elementor-size-default\">Navega\u00e7\u00e3o EF2<\/h2>\t\t\t\t<\/div>\n\t\t\t\t<\/div>\n\t\t<div class=\"elementor-element elementor-element-37a0088 e-grid e-con-full e-con e-child\" data-id=\"37a0088\" data-element_type=\"container\" data-e-type=\"container\">\n\t\t\t\t<div class=\"elementor-element elementor-element-7e0273e elementor-widget elementor-widget-html\" data-id=\"7e0273e\" data-element_type=\"widget\" data-e-type=\"widget\" data-widget_type=\"html.default\">\n\t\t\t\t<div class=\"elementor-widget-container\">\n\t\t\t\t\t<a href=\"\/guiaescolar\/ensino-fundamental-2\/horarios\" style=\"text-decoration: none;\">\r\n  <button class=\"comic-button\">Hor\u00e1rios<\/button>\r\n<\/a>\t\t\t\t<\/div>\n\t\t\t\t<\/div>\n\t\t\t\t<div class=\"elementor-element elementor-element-c73c311 elementor-widget elementor-widget-html\" data-id=\"c73c311\" data-element_type=\"widget\" data-e-type=\"widget\" data-widget_type=\"html.default\">\n\t\t\t\t<div class=\"elementor-widget-container\">\n\t\t\t\t\t<a href=\"\/guiaescolar\/ensino-fundamental-2\/salas-de-aula\/\" style=\"text-decoration: none;\">\r\n  <button class=\"comic-button\">Salas<br>de Aula<\/button>\r\n<\/a>\t\t\t\t<\/div>\n\t\t\t\t<\/div>\n\t\t\t\t<div class=\"elementor-element elementor-element-d55200d elementor-widget elementor-widget-html\" data-id=\"d55200d\" data-element_type=\"widget\" data-e-type=\"widget\" data-widget_type=\"html.default\">\n\t\t\t\t<div class=\"elementor-widget-container\">\n\t\t\t\t\t<a href=\"\/guiaescolar\/ensino-fundamental-2\/entrada-e-saida\" style=\"text-decoration: none;\">\r\n  <button class=\"comic-button\">Entrada<br>e Sa\u00edda<\/button>\r\n<\/a>\t\t\t\t<\/div>\n\t\t\t\t<\/div>\n\t\t\t\t<\/div>\n\t\t<div class=\"elementor-element elementor-element-90d1f90 e-grid e-con-full e-con e-child\" data-id=\"90d1f90\" data-element_type=\"container\" data-e-type=\"container\">\n\t\t\t\t<div class=\"elementor-element elementor-element-e5d3354 elementor-widget elementor-widget-html\" data-id=\"e5d3354\" data-element_type=\"widget\" data-e-type=\"widget\" data-widget_type=\"html.default\">\n\t\t\t\t<div class=\"elementor-widget-container\">\n\t\t\t\t\t<a href=\"\/guiaescolar\/ensino-fundamental-2\/eletivas\" style=\"text-decoration: none;\">\r\n  <button class=\"comic-button\">Eletivas<\/button>\r\n<\/a>\t\t\t\t<\/div>\n\t\t\t\t<\/div>\n\t\t\t\t<div class=\"elementor-element elementor-element-38db809 elementor-widget elementor-widget-html\" data-id=\"38db809\" data-element_type=\"widget\" data-e-type=\"widget\" data-widget_type=\"html.default\">\n\t\t\t\t<div class=\"elementor-widget-container\">\n\t\t\t\t\t<a href=\"\/guiaescolar\/ensino-fundamental-2\/lista-de-materiais\" style=\"text-decoration: none;\">\r\n  <button class=\"comic-button\">Lista<br>de Materiais<\/button>\r\n<\/a>\t\t\t\t<\/div>\n\t\t\t\t<\/div>\n\t\t\t\t<div class=\"elementor-element elementor-element-5a46a70 elementor-widget elementor-widget-html\" data-id=\"5a46a70\" data-element_type=\"widget\" data-e-type=\"widget\" data-widget_type=\"html.default\">\n\t\t\t\t<div class=\"elementor-widget-container\">\n\t\t\t\t\t<a href=\"\/guiaescolar\/avaliacoes-ef2\" style=\"text-decoration: none;\">\r\n  <button class=\"comic-button\">Avalia\u00e7\u00f5es<\/button>\r\n<\/a>\t\t\t\t<\/div>\n\t\t\t\t<\/div>\n\t\t\t\t<\/div>\n\t\t<div class=\"elementor-element elementor-element-ceae3b5 e-grid e-con-full e-con e-child\" data-id=\"ceae3b5\" data-element_type=\"container\" data-e-type=\"container\">\n\t\t\t\t<div class=\"elementor-element elementor-element-79c7deb elementor-widget elementor-widget-html\" data-id=\"79c7deb\" data-element_type=\"widget\" data-e-type=\"widget\" data-widget_type=\"html.default\">\n\t\t\t\t<div class=\"elementor-widget-container\">\n\t\t\t\t\t<a href=\"\/guiaescolar\/ensino-fundamental-2\/plataformas-educacionais\" style=\"text-decoration: none;\">\r\n  <button class=\"comic-button\">Plataformas<br>Educacionais<\/button>\r\n<\/a>\t\t\t\t<\/div>\n\t\t\t\t<\/div>\n\t\t\t\t<div class=\"elementor-element elementor-element-7d7999d elementor-widget elementor-widget-html\" data-id=\"7d7999d\" data-element_type=\"widget\" data-e-type=\"widget\" data-widget_type=\"html.default\">\n\t\t\t\t<div class=\"elementor-widget-container\">\n\t\t\t\t\t<a href=\"\/guiaescolar\/ensino-fundamental-2\/saida-de-estudos\" style=\"text-decoration: none;\">\r\n  <button class=\"comic-button\">Sa\u00eddas<br>de Estudos<\/button>\r\n<\/a>\t\t\t\t<\/div>\n\t\t\t\t<\/div>\n\t\t\t\t<div class=\"elementor-element elementor-element-74a9f4e elementor-widget elementor-widget-html\" data-id=\"74a9f4e\" data-element_type=\"widget\" data-e-type=\"widget\" data-widget_type=\"html.default\">\n\t\t\t\t<div class=\"elementor-widget-container\">\n\t\t\t\t\t<a href=\"\/guiaescolar\/extracurriculares\/\" style=\"text-decoration: none;\">\r\n  <button class=\"comic-button\">Extra-<br>curriculares<\/button>\r\n<\/a>\t\t\t\t<\/div>\n\t\t\t\t<\/div>\n\t\t\t\t<\/div>\n\t\t<div class=\"elementor-element elementor-element-7b8e86f e-grid e-con-full e-con e-child\" data-id=\"7b8e86f\" data-element_type=\"container\" data-e-type=\"container\">\n\t\t\t\t<div class=\"elementor-element elementor-element-5b1154b elementor-widget elementor-widget-html\" data-id=\"5b1154b\" data-element_type=\"widget\" data-e-type=\"widget\" data-widget_type=\"html.default\">\n\t\t\t\t<div class=\"elementor-widget-container\">\n\t\t\t\t\t<a href=\"\/guiaescolar\/ensino-fundamental-2\/reunioes-de-turmas\" style=\"text-decoration: none;\">\r\n  <button class=\"comic-button\">Reuni\u00f5es<br> de Turmas<\/button>\r\n<\/a>\t\t\t\t<\/div>\n\t\t\t\t<\/div>\n\t\t\t\t<div class=\"elementor-element elementor-element-679da48 elementor-widget elementor-widget-html\" data-id=\"679da48\" data-element_type=\"widget\" data-e-type=\"widget\" data-widget_type=\"html.default\">\n\t\t\t\t<div class=\"elementor-widget-container\">\n\t\t\t\t\t<a href=\"\/guiaescolar\/ensino-fundamental-2\/cerimonias-tefilin\" style=\"text-decoration: none;\">\r\n  <button class=\"comic-button\">Cerim\u00f4nias<br>Tefilin<\/button>\r\n<\/a>\t\t\t\t<\/div>\n\t\t\t\t<\/div>\n\t\t\t\t<div class=\"elementor-element elementor-element-3c2cae0 elementor-widget elementor-widget-html\" data-id=\"3c2cae0\" data-element_type=\"widget\" data-e-type=\"widget\" data-widget_type=\"html.default\">\n\t\t\t\t<div class=\"elementor-widget-container\">\n\t\t\t\t\t<a href=\"\/guiaescolar\/ensino-fundamental-2\/amo\" style=\"text-decoration: none;\">\r\n  <button class=\"comic-button\">AMO<\/button>\r\n<\/a>\t\t\t\t<\/div>\n\t\t\t\t<\/div>\n\t\t\t\t<\/div>\n\t\t<div class=\"elementor-element elementor-element-7098025 e-grid e-con-full e-con e-child\" data-id=\"7098025\" data-element_type=\"container\" data-e-type=\"container\">\n\t\t\t\t<div class=\"elementor-element elementor-element-fd9a2b6 elementor-widget elementor-widget-html\" data-id=\"fd9a2b6\" data-element_type=\"widget\" data-e-type=\"widget\" data-widget_type=\"html.default\">\n\t\t\t\t<div class=\"elementor-widget-container\">\n\t\t\t\t\t<a href=\"\/guiaescolar\/ensino-fundamental-2\/planos-de-ensino\" style=\"text-decoration: none;\">\r\n  <button class=\"comic-button\">Planos<br>de Ensino<\/button>\r\n<\/a>\t\t\t\t<\/div>\n\t\t\t\t<\/div>\n\t\t\t\t<div class=\"elementor-element elementor-element-8b114c0 elementor-widget elementor-widget-html\" data-id=\"8b114c0\" data-element_type=\"widget\" data-e-type=\"widget\" data-widget_type=\"html.default\">\n\t\t\t\t<div class=\"elementor-widget-container\">\n\t\t\t\t\t<a href=\"\/guiaescolar\/ensino-fundamental-2\/avaliacoes-externas\" style=\"text-decoration: none;\">\r\n  <button class=\"comic-button\">Avalia\u00e7\u00f5es<br>Externas<\/button>\r\n<\/a>\t\t\t\t<\/div>\n\t\t\t\t<\/div>\n\t\t\t\t<div class=\"elementor-element elementor-element-ea41b53 elementor-widget elementor-widget-html\" data-id=\"ea41b53\" data-element_type=\"widget\" data-e-type=\"widget\" data-widget_type=\"html.default\">\n\t\t\t\t<div class=\"elementor-widget-container\">\n\t\t\t\t\t<a href=\"\/guiaescolar\/aee\/\" style=\"text-decoration: none;\">\r\n  <button class=\"comic-button\">AEE<\/button>\r\n<\/a>\t\t\t\t<\/div>\n\t\t\t\t<\/div>\n\t\t\t\t<\/div>\n\t\t\t\t\t<\/div>\n\t\t\t\t<\/div>\n\t\t\t\t<\/div>\n\t\t","protected":false},"excerpt":{"rendered":"<p>Avalia\u00e7\u00e3o A avalia\u00e7\u00e3o no CIB \u00e9 cont\u00ednua e formativa, orientada para compreender percursos, identificar avan\u00e7os e necessidades e qualificar as pr\u00e1ticas de ensino. Organizada em dois semestres, articula diferentes instrumentos e evid\u00eancias, sempre alinhada aos Planos de Ensino e \u00e0s diretrizes curriculares de cada etapa.O processo avaliativo contempla tr\u00eas fun\u00e7\u00f5es complementares:Diagn\u00f3stica, para identificar repert\u00f3rios iniciais;Formativa, [&hellip;]<\/p>\n","protected":false},"author":15,"featured_media":0,"parent":0,"menu_order":0,"comment_status":"closed","ping_status":"closed","template":"","meta":{"footnotes":""},"class_list":["post-5331","page","type-page","status-publish","hentry"],"_links":{"self":[{"href":"https:\/\/israelitaedu.com.br\/guiaescolar\/wp-json\/wp\/v2\/pages\/5331","targetHints":{"allow":["GET"]}}],"collection":[{"href":"https:\/\/israelitaedu.com.br\/guiaescolar\/wp-json\/wp\/v2\/pages"}],"about":[{"href":"https:\/\/israelitaedu.com.br\/guiaescolar\/wp-json\/wp\/v2\/types\/page"}],"author":[{"embeddable":true,"href":"https:\/\/israelitaedu.com.br\/guiaescolar\/wp-json\/wp\/v2\/users\/15"}],"replies":[{"embeddable":true,"href":"https:\/\/israelitaedu.com.br\/guiaescolar\/wp-json\/wp\/v2\/comments?post=5331"}],"version-history":[{"count":25,"href":"https:\/\/israelitaedu.com.br\/guiaescolar\/wp-json\/wp\/v2\/pages\/5331\/revisions"}],"predecessor-version":[{"id":6304,"href":"https:\/\/israelitaedu.com.br\/guiaescolar\/wp-json\/wp\/v2\/pages\/5331\/revisions\/6304"}],"wp:attachment":[{"href":"https:\/\/israelitaedu.com.br\/guiaescolar\/wp-json\/wp\/v2\/media?parent=5331"}],"curies":[{"name":"wp","href":"https:\/\/api.w.org\/{rel}","templated":true}]}}