{"id":50,"date":"2025-04-16T13:37:48","date_gmt":"2025-04-16T16:37:48","guid":{"rendered":"https:\/\/israelitaedu.com.br\/guiaescolar\/?page_id=50"},"modified":"2026-03-19T16:49:12","modified_gmt":"2026-03-19T19:49:12","slug":"acesso-e-transito","status":"publish","type":"page","link":"https:\/\/israelitaedu.com.br\/guiaescolar\/acesso-e-transito\/","title":{"rendered":"Acesso e Tr\u00e2nsito"},"content":{"rendered":"\t\t<div data-elementor-type=\"wp-page\" data-elementor-id=\"50\" class=\"elementor elementor-50\" data-elementor-post-type=\"page\">\n\t\t\t\t<div class=\"elementor-element elementor-element-768602c9 e-flex e-con-boxed e-con e-parent\" data-id=\"768602c9\" data-element_type=\"container\" data-e-type=\"container\">\n\t\t\t\t\t<div class=\"e-con-inner\">\n\t\t<div class=\"elementor-element elementor-element-791f5072 e-flex e-con-boxed e-con e-child\" data-id=\"791f5072\" data-element_type=\"container\" data-e-type=\"container\">\n\t\t\t\t\t<div class=\"e-con-inner\">\n\t\t\t\t<div class=\"elementor-element elementor-element-42edfe77 elementor-widget elementor-widget-heading\" data-id=\"42edfe77\" data-element_type=\"widget\" data-e-type=\"widget\" data-widget_type=\"heading.default\">\n\t\t\t\t<div class=\"elementor-widget-container\">\n\t\t\t\t\t<h2 class=\"elementor-heading-title elementor-size-default\">Acesso e Tr\u00e2nsito<\/h2>\t\t\t\t<\/div>\n\t\t\t\t<\/div>\n\t\t<div class=\"elementor-element elementor-element-6e5722f e-con-full e-flex e-con e-child\" data-id=\"6e5722f\" data-element_type=\"container\" data-e-type=\"container\">\n\t\t\t\t<div class=\"elementor-element elementor-element-7c58d8c6 elementor-widget elementor-widget-text-editor\" data-id=\"7c58d8c6\" data-element_type=\"widget\" data-e-type=\"widget\" data-widget_type=\"text-editor.default\">\n\t\t\t\t<div class=\"elementor-widget-container\">\n\t\t\t\t\t\t\t\t\t<p style=\"font-family: 'Albert Sans', sans-serif;\">A organiza\u00e7\u00e3o da chegada e sa\u00edda \u00e9 parte central da seguran\u00e7a no Col\u00e9gio Israelita Brasileiro. Os procedimentos abaixo orientam o uso dos espa\u00e7os de circula\u00e7\u00e3o do Col\u00e9gio.<\/p>\t\t\t\t\t\t\t\t<\/div>\n\t\t\t\t<\/div>\n\t\t\t\t<\/div>\n\t\t\t\t<div class=\"elementor-element elementor-element-4486a2bb elementor-widget__width-initial elementor-widget elementor-widget-image\" data-id=\"4486a2bb\" data-element_type=\"widget\" data-e-type=\"widget\" data-widget_type=\"image.default\">\n\t\t\t\t<div class=\"elementor-widget-container\">\n\t\t\t\t\t\t\t\t\t\t\t\t\t\t\t<img fetchpriority=\"high\" decoding=\"async\" width=\"2560\" height=\"1707\" src=\"https:\/\/israelitaedu.com.br\/guiaescolar\/wp-content\/uploads\/2025\/12\/DRIVE-scaled.jpg\" class=\"attachment-full size-full wp-image-6720\" alt=\"\" srcset=\"https:\/\/israelitaedu.com.br\/guiaescolar\/wp-content\/uploads\/2025\/12\/DRIVE-scaled.jpg 2560w, https:\/\/israelitaedu.com.br\/guiaescolar\/wp-content\/uploads\/2025\/12\/DRIVE-300x200.jpg 300w, https:\/\/israelitaedu.com.br\/guiaescolar\/wp-content\/uploads\/2025\/12\/DRIVE-1024x683.jpg 1024w, https:\/\/israelitaedu.com.br\/guiaescolar\/wp-content\/uploads\/2025\/12\/DRIVE-768x512.jpg 768w, https:\/\/israelitaedu.com.br\/guiaescolar\/wp-content\/uploads\/2025\/12\/DRIVE-1536x1024.jpg 1536w, https:\/\/israelitaedu.com.br\/guiaescolar\/wp-content\/uploads\/2025\/12\/DRIVE-2048x1365.jpg 2048w\" sizes=\"(max-width: 2560px) 100vw, 2560px\" \/>\t\t\t\t\t\t\t\t\t\t\t\t\t\t\t<\/div>\n\t\t\t\t<\/div>\n\t\t\t\t\t<\/div>\n\t\t\t\t<\/div>\n\t\t<div class=\"elementor-element elementor-element-70a3de67 e-flex e-con-boxed e-con e-child\" data-id=\"70a3de67\" data-element_type=\"container\" data-e-type=\"container\">\n\t\t\t\t\t<div class=\"e-con-inner\">\n\t\t\t\t<div class=\"elementor-element elementor-element-db7155d elementor-widget elementor-widget-heading\" data-id=\"db7155d\" data-element_type=\"widget\" data-e-type=\"widget\" data-widget_type=\"heading.default\">\n\t\t\t\t<div class=\"elementor-widget-container\">\n\t\t\t\t\t<h2 class=\"elementor-heading-title elementor-size-default\">Drive-thru<\/h2>\t\t\t\t<\/div>\n\t\t\t\t<\/div>\n\t\t\t\t<div class=\"elementor-element elementor-element-8a61627 elementor-widget elementor-widget-text-editor\" data-id=\"8a61627\" data-element_type=\"widget\" data-e-type=\"widget\" data-widget_type=\"text-editor.default\">\n\t\t\t\t<div class=\"elementor-widget-container\">\n\t\t\t\t\t\t\t\t\t<p style=\"font-family: 'Albert Sans', sans-serif;\">O drive-thru funciona para entrada e sa\u00edda dos estudantes do Ensino Fundamental e do Ensino M\u00e9dio.<\/p>\t\t\t\t\t\t\t\t<\/div>\n\t\t\t\t<\/div>\n\t\t<div class=\"elementor-element elementor-element-17606c7 e-con-full e-flex e-con e-child\" data-id=\"17606c7\" data-element_type=\"container\" data-e-type=\"container\">\n\t\t\t\t<div class=\"elementor-element elementor-element-7ae29bf elementor-widget elementor-widget-heading\" data-id=\"7ae29bf\" data-element_type=\"widget\" data-e-type=\"widget\" data-widget_type=\"heading.default\">\n\t\t\t\t<div class=\"elementor-widget-container\">\n\t\t\t\t\t<h2 class=\"elementor-heading-title elementor-size-default\">Hor\u00e1rios:<\/h2>\t\t\t\t<\/div>\n\t\t\t\t<\/div>\n\t\t\t\t<div class=\"elementor-element elementor-element-31aaefb elementor-widget elementor-widget-text-editor\" data-id=\"31aaefb\" data-element_type=\"widget\" data-e-type=\"widget\" data-widget_type=\"text-editor.default\">\n\t\t\t\t<div class=\"elementor-widget-container\">\n\t\t\t\t\t\t\t\t\t<p>Entrada: <strong>7h \u00e0s 8h10\u00a0\u00a0<br \/><\/strong>Sa\u00edda:<strong> 15h30 \u00e0s 16h <\/strong><br \/>(ap\u00f3s esse hor\u00e1rio, as fam\u00edlias devem buscar o estudante dentro do espa\u00e7o escolar).<\/p><p>**Durante a opera\u00e7\u00e3o do drive-thru, o estudante ser\u00e1 chamado apenas ap\u00f3s a chegada do respons\u00e1vel. N\u00e3o \u00e9 permitido que o estudante que aguarde na escadaria.<\/p>\t\t\t\t\t\t\t\t<\/div>\n\t\t\t\t<\/div>\n\t\t\t\t<div class=\"elementor-element elementor-element-c0952cc elementor-widget-divider--view-line elementor-widget elementor-widget-divider\" data-id=\"c0952cc\" data-element_type=\"widget\" data-e-type=\"widget\" data-widget_type=\"divider.default\">\n\t\t\t\t<div class=\"elementor-widget-container\">\n\t\t\t\t\t\t\t<div class=\"elementor-divider\">\n\t\t\t<span class=\"elementor-divider-separator\">\n\t\t\t\t\t\t<\/span>\n\t\t<\/div>\n\t\t\t\t\t\t<\/div>\n\t\t\t\t<\/div>\n\t\t\t\t<div class=\"elementor-element elementor-element-fa44b95 elementor-widget elementor-widget-text-editor\" data-id=\"fa44b95\" data-element_type=\"widget\" data-e-type=\"widget\" data-widget_type=\"text-editor.default\">\n\t\t\t\t<div class=\"elementor-widget-container\">\n\t\t\t\t\t\t\t\t\t<p>Para estudantes do 1\u00ba ano, recomenda-se acompanhamento at\u00e9 a sala de aula\u00a0 nas primeiras semanas do per\u00edodo letivo.\u00a0<\/p>\t\t\t\t\t\t\t\t<\/div>\n\t\t\t\t<\/div>\n\t\t\t\t<div class=\"elementor-element elementor-element-41a4fa2 elementor-widget elementor-widget-button\" data-id=\"41a4fa2\" data-element_type=\"widget\" data-e-type=\"widget\" data-widget_type=\"button.default\">\n\t\t\t\t<div class=\"elementor-widget-container\">\n\t\t\t\t\t\t\t\t\t<div class=\"elementor-button-wrapper\">\n\t\t\t\t\t<a class=\"elementor-button elementor-button-link elementor-size-sm\" href=\"https:\/\/israelitaedu.com.br\/guiaescolar\/drive\/\">\n\t\t\t\t\t\t<span class=\"elementor-button-content-wrapper\">\n\t\t\t\t\t\t\t\t\t<span class=\"elementor-button-text\">Clique aqui para orienta\u00e7\u00f5es completas.<\/span>\n\t\t\t\t\t<\/span>\n\t\t\t\t\t<\/a>\n\t\t\t\t<\/div>\n\t\t\t\t\t\t\t\t<\/div>\n\t\t\t\t<\/div>\n\t\t\t\t<\/div>\n\t\t<div class=\"elementor-element elementor-element-eaee8e6 e-con-full e-flex e-con e-child\" data-id=\"eaee8e6\" data-element_type=\"container\" data-e-type=\"container\">\n\t\t<div class=\"elementor-element elementor-element-15b362d e-con-full e-flex e-con e-child\" data-id=\"15b362d\" data-element_type=\"container\" data-e-type=\"container\">\n\t\t\t\t<div class=\"elementor-element elementor-element-e52a68d elementor-widget elementor-widget-heading\" data-id=\"e52a68d\" data-element_type=\"widget\" data-e-type=\"widget\" data-widget_type=\"heading.default\">\n\t\t\t\t<div class=\"elementor-widget-container\">\n\t\t\t\t\t<h2 class=\"elementor-heading-title elementor-size-default\">Sa\u00eddas fora do hor\u00e1rio do drive-thru<\/h2>\t\t\t\t<\/div>\n\t\t\t\t<\/div>\n\t\t\t\t<div class=\"elementor-element elementor-element-41f0b33 elementor-widget elementor-widget-text-editor\" data-id=\"41f0b33\" data-element_type=\"widget\" data-e-type=\"widget\" data-widget_type=\"text-editor.default\">\n\t\t\t\t<div class=\"elementor-widget-container\">\n\t\t\t\t\t\t\t\t\t<p>Para alunos do 1\u00ba ao 5\u00ba ano, retiradas fora do hor\u00e1rio do drive-thru devem ser feitas, obrigatoriamente, dentro do Col\u00e9gio, garantindo seguran\u00e7a e registro adequado.<\/p>\t\t\t\t\t\t\t\t<\/div>\n\t\t\t\t<\/div>\n\t\t\t\t<div class=\"elementor-element elementor-element-e25c4b9 elementor-widget elementor-widget-button\" data-id=\"e25c4b9\" data-element_type=\"widget\" data-e-type=\"widget\" data-widget_type=\"button.default\">\n\t\t\t\t<div class=\"elementor-widget-container\">\n\t\t\t\t\t\t\t\t\t<div class=\"elementor-button-wrapper\">\n\t\t\t\t\t<a class=\"elementor-button elementor-button-link elementor-size-sm\" href=\"https:\/\/israelitaedu.com.br\/guiaescolar\/ensino-fundamental-1\/entrada-e-saida\/drive-ef1\/\">\n\t\t\t\t\t\t<span class=\"elementor-button-content-wrapper\">\n\t\t\t\t\t\t\t\t\t<span class=\"elementor-button-text\">Clique aqui para saber mais<\/span>\n\t\t\t\t\t<\/span>\n\t\t\t\t\t<\/a>\n\t\t\t\t<\/div>\n\t\t\t\t\t\t\t\t<\/div>\n\t\t\t\t<\/div>\n\t\t\t\t<\/div>\n\t\t\t\t<div class=\"elementor-element elementor-element-96020e1 elementor-widget-divider--view-line elementor-widget elementor-widget-divider\" data-id=\"96020e1\" data-element_type=\"widget\" data-e-type=\"widget\" data-widget_type=\"divider.default\">\n\t\t\t\t<div class=\"elementor-widget-container\">\n\t\t\t\t\t\t\t<div class=\"elementor-divider\">\n\t\t\t<span class=\"elementor-divider-separator\">\n\t\t\t\t\t\t<\/span>\n\t\t<\/div>\n\t\t\t\t\t\t<\/div>\n\t\t\t\t<\/div>\n\t\t\t\t<\/div>\n\t\t<div class=\"elementor-element elementor-element-f86fff3 e-con-full e-flex e-con e-child\" data-id=\"f86fff3\" data-element_type=\"container\" data-e-type=\"container\">\n\t\t\t\t<div class=\"elementor-element elementor-element-f2835ad elementor-widget elementor-widget-heading\" data-id=\"f2835ad\" data-element_type=\"widget\" data-e-type=\"widget\" data-widget_type=\"heading.default\">\n\t\t\t\t<div class=\"elementor-widget-container\">\n\t\t\t\t\t<h2 class=\"elementor-heading-title elementor-size-default\">Estacionamento<\/h2>\t\t\t\t<\/div>\n\t\t\t\t<\/div>\n\t\t\t\t<div class=\"elementor-element elementor-element-9ade3f2 elementor-widget elementor-widget-text-editor\" data-id=\"9ade3f2\" data-element_type=\"widget\" data-e-type=\"widget\" data-widget_type=\"text-editor.default\">\n\t\t\t\t<div class=\"elementor-widget-container\">\n\t\t\t\t\t\t\t\t\tNos hor\u00e1rios das <strong> 12h \u00e0s 13h30 e de 17h30 \u00e0s 19h30<\/strong>, o uso do estacionamento \u00e9 exclusivo para as fam\u00edlias da Educa\u00e7\u00e3o Infantil, mediante credenciamento pr\u00e9vio (fornecido pela Secretaria Escolar) e pagamento de uma taxa mensal de <strong>R$180,00.<\/strong>\n<br>\nDemais hor\u00e1rios: regime rotativo, dispon\u00edvel para todas as etapas de ensino, com cobran\u00e7a de R$10,00 por hora de utiliza\u00e7\u00e3o.\t\t\t\t\t\t\t\t<\/div>\n\t\t\t\t<\/div>\n\t\t<div class=\"elementor-element elementor-element-395a9c6 e-con-full e-flex e-con e-child\" data-id=\"395a9c6\" data-element_type=\"container\" data-e-type=\"container\">\n\t\t\t\t<div class=\"elementor-element elementor-element-884a1e5 elementor-widget elementor-widget-text-editor\" data-id=\"884a1e5\" data-element_type=\"widget\" data-e-type=\"widget\" data-widget_type=\"text-editor.default\">\n\t\t\t\t<div class=\"elementor-widget-container\">\n\t\t\t\t\t\t\t\t\t<p><span class=\"titulos\"> Regras de uso e funcionamento<\/span><\/p><p>Regime rotativo, sem vagas fixas, de uso exclusivo das fam\u00edlias do CIB;<br \/>Acesso exclusivo para ve\u00edculos identificados pela Escola;<br \/>Acesso ao pr\u00e9dio pela \u00e1rea da Educa\u00e7\u00e3o Infantil, mediante reconhecimento facial;<br \/>Encerramento das opera\u00e7\u00f5es di\u00e1rias: \u00e0s 20h;<br \/><strong>Port\u00e3o 1: entrada de ve\u00edculos;<\/strong><br \/><strong>Port\u00e3o 2: sa\u00edda de ve\u00edculos.<\/strong><\/p>\t\t\t\t\t\t\t\t<\/div>\n\t\t\t\t<\/div>\n\t\t\t\t<div class=\"elementor-element elementor-element-23417e9 elementor-widget elementor-widget-button\" data-id=\"23417e9\" data-element_type=\"widget\" data-e-type=\"widget\" data-widget_type=\"button.default\">\n\t\t\t\t<div class=\"elementor-widget-container\">\n\t\t\t\t\t\t\t\t\t<div class=\"elementor-button-wrapper\">\n\t\t\t\t\t<a class=\"elementor-button elementor-button-link elementor-size-sm\" href=\"https:\/\/israelitaedu.com.br\/guiaescolar\/estacionamento\/\" target=\"_blank\">\n\t\t\t\t\t\t<span class=\"elementor-button-content-wrapper\">\n\t\t\t\t\t\t\t\t\t<span class=\"elementor-button-text\">Clique aqui para as condi\u00e7\u00f5es de uso e formul\u00e1rio de inscri\u00e7\u00e3o.<\/span>\n\t\t\t\t\t<\/span>\n\t\t\t\t\t<\/a>\n\t\t\t\t<\/div>\n\t\t\t\t\t\t\t\t<\/div>\n\t\t\t\t<\/div>\n\t\t\t\t<\/div>\n\t\t\t\t<\/div>\n\t\t\t\t<div class=\"elementor-element elementor-element-064582c elementor-widget-divider--view-line elementor-widget elementor-widget-divider\" data-id=\"064582c\" data-element_type=\"widget\" data-e-type=\"widget\" data-widget_type=\"divider.default\">\n\t\t\t\t<div class=\"elementor-widget-container\">\n\t\t\t\t\t\t\t<div class=\"elementor-divider\">\n\t\t\t<span class=\"elementor-divider-separator\">\n\t\t\t\t\t\t<\/span>\n\t\t<\/div>\n\t\t\t\t\t\t<\/div>\n\t\t\t\t<\/div>\n\t\t<div class=\"elementor-element elementor-element-a0fb207 e-con-full e-flex e-con e-child\" data-id=\"a0fb207\" data-element_type=\"container\" data-e-type=\"container\">\n\t\t\t\t<div class=\"elementor-element elementor-element-d0114d1 elementor-widget elementor-widget-heading\" data-id=\"d0114d1\" data-element_type=\"widget\" data-e-type=\"widget\" data-widget_type=\"heading.default\">\n\t\t\t\t<div class=\"elementor-widget-container\">\n\t\t\t\t\t<h2 class=\"elementor-heading-title elementor-size-default\">Reconhecimento Facial<\/h2>\t\t\t\t<\/div>\n\t\t\t\t<\/div>\n\t\t\t\t<div class=\"elementor-element elementor-element-45e1866 elementor-widget elementor-widget-text-editor\" data-id=\"45e1866\" data-element_type=\"widget\" data-e-type=\"widget\" data-widget_type=\"text-editor.default\">\n\t\t\t\t<div class=\"elementor-widget-container\">\n\t\t\t\t\t\t\t\t\t<p>O acesso ao Col\u00e9gio \u00e9 realizado <strong>exclusivamente pelas roletas com sistema de reconhecimento facial.<\/strong><br \/>Visitantes utilizam o acesso monitorado (\u201cpulm\u00e3o\u201d).<br \/>Pessoas autorizadas a buscar estudantes devem enviar foto para cadastro.<\/p>\t\t\t\t\t\t\t\t<\/div>\n\t\t\t\t<\/div>\n\t\t\t\t<div class=\"elementor-element elementor-element-c1e2a4a elementor-widget elementor-widget-button\" data-id=\"c1e2a4a\" data-element_type=\"widget\" data-e-type=\"widget\" data-widget_type=\"button.default\">\n\t\t\t\t<div class=\"elementor-widget-container\">\n\t\t\t\t\t\t\t\t\t<div class=\"elementor-button-wrapper\">\n\t\t\t\t\t<a class=\"elementor-button elementor-button-link elementor-size-sm\" href=\"https:\/\/israelitaedu.com.br\/marketing\/acesso-roletas\/\">\n\t\t\t\t\t\t<span class=\"elementor-button-content-wrapper\">\n\t\t\t\t\t\t\t\t\t<span class=\"elementor-button-text\">Clique aqui para acessar as orienta\u00e7\u00f5es para cadastro do reconhecimento facial.<\/span>\n\t\t\t\t\t<\/span>\n\t\t\t\t\t<\/a>\n\t\t\t\t<\/div>\n\t\t\t\t\t\t\t\t<\/div>\n\t\t\t\t<\/div>\n\t\t\t\t<div class=\"elementor-element elementor-element-4f45eb8 elementor-widget elementor-widget-button\" data-id=\"4f45eb8\" data-element_type=\"widget\" data-e-type=\"widget\" data-widget_type=\"button.default\">\n\t\t\t\t<div class=\"elementor-widget-container\">\n\t\t\t\t\t\t\t\t\t<div class=\"elementor-button-wrapper\">\n\t\t\t\t\t<a class=\"elementor-button elementor-button-link elementor-size-sm\" href=\"https:\/\/israelitaedu.com.br\/marketing\/acesso-roletas\/\">\n\t\t\t\t\t\t<span class=\"elementor-button-content-wrapper\">\n\t\t\t\t\t\t\t\t\t<span class=\"elementor-button-text\">Clique aqui para acessar orienta\u00e7\u00f5es sobre o uso da roleta.<\/span>\n\t\t\t\t\t<\/span>\n\t\t\t\t\t<\/a>\n\t\t\t\t<\/div>\n\t\t\t\t\t\t\t\t<\/div>\n\t\t\t\t<\/div>\n\t\t\t\t<div class=\"elementor-element elementor-element-faf1b98 elementor-widget elementor-widget-text-editor\" data-id=\"faf1b98\" data-element_type=\"widget\" data-e-type=\"widget\" data-widget_type=\"text-editor.default\">\n\t\t\t\t<div class=\"elementor-widget-container\">\n\t\t\t\t\t\t\t\t\t<p <span class=\"titulos\"> Mais informa\u00e7\u00f5es sobre o acesso de cada etapa de ensino e sa\u00eddas antecipadas <\/span>\t\t\t\t\t\t\t\t<\/div>\n\t\t\t\t<\/div>\n\t\t\t\t<\/div>\n\t\t<div class=\"elementor-element elementor-element-247dbd3 e-grid e-con-full e-con e-child\" data-id=\"247dbd3\" data-element_type=\"container\" data-e-type=\"container\">\n\t\t\t\t<div class=\"elementor-element elementor-element-a1ec508 elementor-widget elementor-widget-html\" data-id=\"a1ec508\" data-element_type=\"widget\" data-e-type=\"widget\" data-widget_type=\"html.default\">\n\t\t\t\t<div class=\"elementor-widget-container\">\n\t\t\t\t\t<a href=\"\/guiaescolar\/educacao-infantil\/entrada-e-saida\/\" style=\"text-decoration: none;\">\r\n  <button class=\"comic-button\">EDUCA\u00c7\u00c3O <br>INFANTIL<\/button>\r\n<\/a>\t\t\t\t<\/div>\n\t\t\t\t<\/div>\n\t\t\t\t<div class=\"elementor-element elementor-element-9d85203 elementor-widget elementor-widget-html\" data-id=\"9d85203\" data-element_type=\"widget\" data-e-type=\"widget\" data-widget_type=\"html.default\">\n\t\t\t\t<div class=\"elementor-widget-container\">\n\t\t\t\t\t<a href=\"\/guiaescolar\/ensino-fundamental-1\/entrada-e-saida\/\" style=\"text-decoration: none;\">\r\n  <button class=\"comic-button\">ENSINO <br>FUNDAMENTAL 1<\/button>\r\n<\/a>\t\t\t\t<\/div>\n\t\t\t\t<\/div>\n\t\t\t\t<div class=\"elementor-element elementor-element-8a1d516 elementor-widget elementor-widget-html\" data-id=\"8a1d516\" data-element_type=\"widget\" data-e-type=\"widget\" data-widget_type=\"html.default\">\n\t\t\t\t<div class=\"elementor-widget-container\">\n\t\t\t\t\t<a href=\"\/guiaescolar\/ensino-fundamental-2\/entrada-e-saida\/\" style=\"text-decoration: none;\">\r\n  <button class=\"comic-button\">ENSINO <br>FUNDAMENTAL 2\r\n<\/button>\r\n<\/a>\t\t\t\t<\/div>\n\t\t\t\t<\/div>\n\t\t\t\t<div class=\"elementor-element elementor-element-24c025b elementor-widget elementor-widget-html\" data-id=\"24c025b\" data-element_type=\"widget\" data-e-type=\"widget\" data-widget_type=\"html.default\">\n\t\t\t\t<div class=\"elementor-widget-container\">\n\t\t\t\t\t<a href=\"\/guiaescolar\/ensino-medio\/entrada-e-saida\/\" style=\"text-decoration: none;\">\r\n  <button class=\"comic-button\">ENSINO<br> M\u00c9DIO<\/button>\r\n<\/a>\t\t\t\t<\/div>\n\t\t\t\t<\/div>\n\t\t\t\t<\/div>\n\t\t\t\t<div class=\"elementor-element elementor-element-f36406c elementor-widget-divider--view-line elementor-widget elementor-widget-divider\" data-id=\"f36406c\" data-element_type=\"widget\" data-e-type=\"widget\" data-widget_type=\"divider.default\">\n\t\t\t\t<div class=\"elementor-widget-container\">\n\t\t\t\t\t\t\t<div class=\"elementor-divider\">\n\t\t\t<span class=\"elementor-divider-separator\">\n\t\t\t\t\t\t<\/span>\n\t\t<\/div>\n\t\t\t\t\t\t<\/div>\n\t\t\t\t<\/div>\n\t\t\t\t<div class=\"elementor-element elementor-element-af4391c elementor-widget elementor-widget-image\" data-id=\"af4391c\" data-element_type=\"widget\" data-e-type=\"widget\" data-widget_type=\"image.default\">\n\t\t\t\t<div class=\"elementor-widget-container\">\n\t\t\t\t\t\t\t\t\t\t\t\t\t\t\t<img decoding=\"async\" width=\"768\" height=\"768\" src=\"https:\/\/israelitaedu.com.br\/guiaescolar\/wp-content\/uploads\/2025\/04\/CardDigital-1-768x768-1.webp\" class=\"attachment-large size-large wp-image-215\" alt=\"\" srcset=\"https:\/\/israelitaedu.com.br\/guiaescolar\/wp-content\/uploads\/2025\/04\/CardDigital-1-768x768-1.webp 768w, https:\/\/israelitaedu.com.br\/guiaescolar\/wp-content\/uploads\/2025\/04\/CardDigital-1-768x768-1-300x300.webp 300w, https:\/\/israelitaedu.com.br\/guiaescolar\/wp-content\/uploads\/2025\/04\/CardDigital-1-768x768-1-150x150.webp 150w\" sizes=\"(max-width: 768px) 100vw, 768px\" \/>\t\t\t\t\t\t\t\t\t\t\t\t\t\t\t<\/div>\n\t\t\t\t<\/div>\n\t\t\t\t\t<\/div>\n\t\t\t\t<\/div>\n\t\t\t\t\t<\/div>\n\t\t\t\t<\/div>\n\t\t<div class=\"elementor-element elementor-element-36eb287 e-con-full e-flex e-con e-child\" data-id=\"36eb287\" data-element_type=\"container\" data-e-type=\"container\">\n\t\t\t\t<div class=\"elementor-element elementor-element-dcf32a3 elementor-widget elementor-widget-heading\" data-id=\"dcf32a3\" data-element_type=\"widget\" data-e-type=\"widget\" data-widget_type=\"heading.default\">\n\t\t\t\t<div class=\"elementor-widget-container\">\n\t\t\t\t\t<h2 class=\"elementor-heading-title elementor-size-default\">Boas pr\u00e1ticas<\/h2>\t\t\t\t<\/div>\n\t\t\t\t<\/div>\n\t\t\t\t<div class=\"elementor-element elementor-element-264ef59 elementor-widget elementor-widget-text-editor\" data-id=\"264ef59\" data-element_type=\"widget\" data-e-type=\"widget\" data-widget_type=\"text-editor.default\">\n\t\t\t\t<div class=\"elementor-widget-container\">\n\t\t\t\t\t\t\t\t\t<p>Incentivamos caronas solid\u00e1rias, aten\u00e7\u00e3o aos hor\u00e1rios de maior movimento e respeito \u00e0s normas de tr\u00e2nsito para manter o fluxo seguro e organizado.<\/p>\t\t\t\t\t\t\t\t<\/div>\n\t\t\t\t<\/div>\n\t\t\t\t<\/div>\n\t\t\t\t<\/div>\n\t\t","protected":false},"excerpt":{"rendered":"<p>Acesso e Tr\u00e2nsito A organiza\u00e7\u00e3o da chegada e sa\u00edda \u00e9 parte central da seguran\u00e7a no Col\u00e9gio Israelita Brasileiro. Os procedimentos abaixo orientam o uso dos espa\u00e7os de circula\u00e7\u00e3o do Col\u00e9gio. Drive-thru O drive-thru funciona para entrada e sa\u00edda dos estudantes do Ensino Fundamental e do Ensino M\u00e9dio. Hor\u00e1rios: Entrada: 7h \u00e0s 8h10\u00a0\u00a0Sa\u00edda: 15h30 \u00e0s 16h [&hellip;]<\/p>\n","protected":false},"author":1,"featured_media":0,"parent":0,"menu_order":0,"comment_status":"closed","ping_status":"closed","template":"","meta":{"footnotes":""},"class_list":["post-50","page","type-page","status-publish","hentry"],"_links":{"self":[{"href":"https:\/\/israelitaedu.com.br\/guiaescolar\/wp-json\/wp\/v2\/pages\/50","targetHints":{"allow":["GET"]}}],"collection":[{"href":"https:\/\/israelitaedu.com.br\/guiaescolar\/wp-json\/wp\/v2\/pages"}],"about":[{"href":"https:\/\/israelitaedu.com.br\/guiaescolar\/wp-json\/wp\/v2\/types\/page"}],"author":[{"embeddable":true,"href":"https:\/\/israelitaedu.com.br\/guiaescolar\/wp-json\/wp\/v2\/users\/1"}],"replies":[{"embeddable":true,"href":"https:\/\/israelitaedu.com.br\/guiaescolar\/wp-json\/wp\/v2\/comments?post=50"}],"version-history":[{"count":51,"href":"https:\/\/israelitaedu.com.br\/guiaescolar\/wp-json\/wp\/v2\/pages\/50\/revisions"}],"predecessor-version":[{"id":8482,"href":"https:\/\/israelitaedu.com.br\/guiaescolar\/wp-json\/wp\/v2\/pages\/50\/revisions\/8482"}],"wp:attachment":[{"href":"https:\/\/israelitaedu.com.br\/guiaescolar\/wp-json\/wp\/v2\/media?parent=50"}],"curies":[{"name":"wp","href":"https:\/\/api.w.org\/{rel}","templated":true}]}}