{"id":481,"date":"2025-04-17T11:22:17","date_gmt":"2025-04-17T14:22:17","guid":{"rendered":"https:\/\/israelitaedu.com.br\/guiaescolar\/?page_id=481"},"modified":"2026-03-19T16:46:59","modified_gmt":"2026-03-19T19:46:59","slug":"entrada-e-saida","status":"publish","type":"page","link":"https:\/\/israelitaedu.com.br\/guiaescolar\/educacao-infantil\/entrada-e-saida\/","title":{"rendered":"Entrada e Sa\u00edda"},"content":{"rendered":"\t\t<div data-elementor-type=\"wp-page\" data-elementor-id=\"481\" class=\"elementor elementor-481\" data-elementor-post-type=\"page\">\n\t\t\t\t<div class=\"elementor-element elementor-element-1cb3c01 e-flex e-con-boxed e-con e-parent\" data-id=\"1cb3c01\" data-element_type=\"container\" data-e-type=\"container\">\n\t\t\t\t\t<div class=\"e-con-inner\">\n\t\t<div class=\"elementor-element elementor-element-415f06e e-con-full e-flex e-con e-child\" data-id=\"415f06e\" data-element_type=\"container\" data-e-type=\"container\">\n\t\t\t\t<div class=\"elementor-element elementor-element-233cd8f elementor-widget elementor-widget-heading\" data-id=\"233cd8f\" data-element_type=\"widget\" data-e-type=\"widget\" data-widget_type=\"heading.default\">\n\t\t\t\t<div class=\"elementor-widget-container\">\n\t\t\t\t\t<h2 class=\"elementor-heading-title elementor-size-default\">Entrada e Sa\u00edda<\/h2>\t\t\t\t<\/div>\n\t\t\t\t<\/div>\n\t\t\t\t<div class=\"elementor-element elementor-element-befca50 elementor-widget elementor-widget-text-editor\" data-id=\"befca50\" data-element_type=\"widget\" data-e-type=\"widget\" data-widget_type=\"text-editor.default\">\n\t\t\t\t<div class=\"elementor-widget-container\">\n\t\t\t\t\t\t\t\t\t<p><strong>Hor\u00e1rios de acesso<\/strong><\/p><p><strong>Segunda a quinta-feira:<\/strong> 13h10 \u00e0s 17h50<br \/><strong>Sexta-feira:<\/strong> 13h10 \u00e0s 17h<br \/>O acesso dos estudantes da Educa\u00e7\u00e3o Infantil ocorre pelo <strong>Port\u00e3o S\u00e3o Vicente \u2013 Fundos<\/strong>, pelo <strong>estacionamento<\/strong> (para ve\u00edculos credenciados) ou pela entrada principal (pelo acesso controlado denominado &#8220;pulm\u00e3o&#8221;). A entrada \u00e9 sempre realizada <strong>com a presen\u00e7a de um adulto.<\/strong><br \/>Todas as pessoas autorizadas a retirar o estudante devem enviar foto para cadastro no sistema de reconhecimento facial.<\/p><p><strong>Reconhecimento facial:<\/strong> <a href=\"https:\/\/israelitaedu.com.br\/marketing\/acesso-roletas\/\">Clique aqui para orienta\u00e7\u00f5es.<\/a><br \/><strong>Uso das roletas:<\/strong> <a href=\"https:\/\/israelitaedu.com.br\/marketing\/?e-landing-page=uso-roletas\">Clique aqui para orienta\u00e7\u00f5es.<\/a><\/p><p><strong>Roleta de acesso<\/strong><br \/>Foto Roleta de acesso<\/p><p><strong>Autoriza\u00e7\u00e3o de Sa\u00edda<\/strong><br \/>A retirada dos estudantes \u00e9 permitida <strong>apenas<\/strong> \u00e0s pessoas previamente autorizadas pelas fam\u00edlias.<\/p><p>Quando outra pessoa precisar realizar a retirada, a fam\u00edlia deve registrar a autoriza\u00e7\u00e3o no aplicativo no canal <strong>Autoriza\u00e7\u00e3o de Sa\u00edda \u2013 Educa\u00e7\u00e3o Infantil<\/strong>, com <strong>m\u00ednimo de 1 hora de anteced\u00eancia.<\/strong><br \/>Os dados de contato e a lista de respons\u00e1veis autorizados devem estar sempre atualizados na <strong>Secretaria Escolar.<\/strong><br \/>Para <strong>sa\u00eddas antecipadas<\/strong> ou <strong>entradas tardias por motivo m\u00e9dico<\/strong>, o registro deve ser feito no mesmo canal. Entradas tardias justificadas n\u00e3o geram san\u00e7\u00e3o.<\/p>\t\t\t\t\t\t\t\t<\/div>\n\t\t\t\t<\/div>\n\t\t\t\t<div class=\"elementor-element elementor-element-5042c3c elementor-widget elementor-widget-button\" data-id=\"5042c3c\" data-element_type=\"widget\" data-e-type=\"widget\" data-widget_type=\"button.default\">\n\t\t\t\t<div class=\"elementor-widget-container\">\n\t\t\t\t\t\t\t\t\t<div class=\"elementor-button-wrapper\">\n\t\t\t\t\t<a class=\"elementor-button elementor-button-link elementor-size-sm\" href=\"\/guiaescolar\/estacionamentoei\/\">\n\t\t\t\t\t\t<span class=\"elementor-button-content-wrapper\">\n\t\t\t\t\t\t\t\t\t<span class=\"elementor-button-text\">Estacionamento<\/span>\n\t\t\t\t\t<\/span>\n\t\t\t\t\t<\/a>\n\t\t\t\t<\/div>\n\t\t\t\t\t\t\t\t<\/div>\n\t\t\t\t<\/div>\n\t\t\t\t<div class=\"elementor-element elementor-element-65ee4c53 elementor-widget elementor-widget-heading\" data-id=\"65ee4c53\" data-element_type=\"widget\" data-e-type=\"widget\" data-widget_type=\"heading.default\">\n\t\t\t\t<div class=\"elementor-widget-container\">\n\t\t\t\t\t<h2 class=\"elementor-heading-title elementor-size-default\">Navega\u00e7\u00e3o EI<\/h2>\t\t\t\t<\/div>\n\t\t\t\t<\/div>\n\t\t<div class=\"elementor-element elementor-element-3f4141b8 e-grid e-con-full e-con e-child\" data-id=\"3f4141b8\" data-element_type=\"container\" data-e-type=\"container\">\n\t\t\t\t<div class=\"elementor-element elementor-element-41ea2eae elementor-widget elementor-widget-html\" data-id=\"41ea2eae\" data-element_type=\"widget\" data-e-type=\"widget\" data-widget_type=\"html.default\">\n\t\t\t\t<div class=\"elementor-widget-container\">\n\t\t\t\t\t<a href=\"\/guiaescolar\/educacao-infantil\/horarios\" style=\"text-decoration: none;\">\r\n  <button class=\"comic-button\">Hor\u00e1rios<\/button>\r\n<\/a>\t\t\t\t<\/div>\n\t\t\t\t<\/div>\n\t\t\t\t<div class=\"elementor-element elementor-element-124c6236 elementor-widget elementor-widget-html\" data-id=\"124c6236\" data-element_type=\"widget\" data-e-type=\"widget\" data-widget_type=\"html.default\">\n\t\t\t\t<div class=\"elementor-widget-container\">\n\t\t\t\t\t<a href=\"\/guiaescolar\/educacao-infantil\/salas-de-aula-educacao-infantil\/\" style=\"text-decoration: none;\">\r\n  <button class=\"comic-button\">Salas<br>de Aula<\/button>\r\n<\/a>\t\t\t\t<\/div>\n\t\t\t\t<\/div>\n\t\t\t\t<div class=\"elementor-element elementor-element-6474964e elementor-widget elementor-widget-html\" data-id=\"6474964e\" data-element_type=\"widget\" data-e-type=\"widget\" data-widget_type=\"html.default\">\n\t\t\t\t<div class=\"elementor-widget-container\">\n\t\t\t\t\t<a href=\"\/guiaescolar\/educacao-infantil\/entrada-e-saida\" style=\"text-decoration: none;\">\r\n  <button class=\"comic-button\">Entrada<br>e Sa\u00edda<\/button>\r\n<\/a>\t\t\t\t<\/div>\n\t\t\t\t<\/div>\n\t\t\t\t<\/div>\n\t\t<div class=\"elementor-element elementor-element-1448fc89 e-grid e-con-full e-con e-child\" data-id=\"1448fc89\" data-element_type=\"container\" data-e-type=\"container\">\n\t\t\t\t<div class=\"elementor-element elementor-element-7efa6036 elementor-widget elementor-widget-html\" data-id=\"7efa6036\" data-element_type=\"widget\" data-e-type=\"widget\" data-widget_type=\"html.default\">\n\t\t\t\t<div class=\"elementor-widget-container\">\n\t\t\t\t\t<a href=\"\/guiaescolar\/educacao-infantil\/processo-de-adaptacao\" style=\"text-decoration: none;\">\r\n  <button class=\"comic-button\">Processo<br>de Adapta\u00e7\u00e3o<\/button>\r\n<\/a>\t\t\t\t<\/div>\n\t\t\t\t<\/div>\n\t\t\t\t<div class=\"elementor-element elementor-element-7402ac9c elementor-widget elementor-widget-html\" data-id=\"7402ac9c\" data-element_type=\"widget\" data-e-type=\"widget\" data-widget_type=\"html.default\">\n\t\t\t\t<div class=\"elementor-widget-container\">\n\t\t\t\t\t<a href=\"\/guiaescolar\/educacao-infantil\/turno-complementar\" style=\"text-decoration: none;\">\r\n  <button class=\"comic-button\">Turno<br>Complementar<\/button>\r\n<\/a>\t\t\t\t<\/div>\n\t\t\t\t<\/div>\n\t\t\t\t<div class=\"elementor-element elementor-element-4af5f3e2 elementor-widget elementor-widget-html\" data-id=\"4af5f3e2\" data-element_type=\"widget\" data-e-type=\"widget\" data-widget_type=\"html.default\">\n\t\t\t\t<div class=\"elementor-widget-container\">\n\t\t\t\t\t<a href=\"\/guiaescolar\/educacao-infantil\/lista-de-materiais\" style=\"text-decoration: none;\">\r\n  <button class=\"comic-button\">Lista<br>de Materiais<\/button>\r\n<\/a>\t\t\t\t<\/div>\n\t\t\t\t<\/div>\n\t\t\t\t<\/div>\n\t\t<div class=\"elementor-element elementor-element-35b45eaf e-grid e-con-full e-con e-child\" data-id=\"35b45eaf\" data-element_type=\"container\" data-e-type=\"container\">\n\t\t\t\t<div class=\"elementor-element elementor-element-4ff6c38 elementor-widget elementor-widget-html\" data-id=\"4ff6c38\" data-element_type=\"widget\" data-e-type=\"widget\" data-widget_type=\"html.default\">\n\t\t\t\t<div class=\"elementor-widget-container\">\n\t\t\t\t\t<a href=\"\/guiaescolar\/extracurriculares\/\" style=\"text-decoration: none;\">\r\n  <button class=\"comic-button\">Extra-<br>curriculares<\/button>\r\n<\/a>\t\t\t\t<\/div>\n\t\t\t\t<\/div>\n\t\t\t\t<div class=\"elementor-element elementor-element-44e99cfd elementor-widget elementor-widget-html\" data-id=\"44e99cfd\" data-element_type=\"widget\" data-e-type=\"widget\" data-widget_type=\"html.default\">\n\t\t\t\t<div class=\"elementor-widget-container\">\n\t\t\t\t\t<a href=\"\/guiaescolar\/educacao-infantil\/aniversario\" style=\"text-decoration: none;\">\r\n  <button class=\"comic-button\">Anivers\u00e1rio<\/button>\r\n<\/a>\t\t\t\t<\/div>\n\t\t\t\t<\/div>\n\t\t\t\t<div class=\"elementor-element elementor-element-1ed2829d elementor-widget elementor-widget-html\" data-id=\"1ed2829d\" data-element_type=\"widget\" data-e-type=\"widget\" data-widget_type=\"html.default\">\n\t\t\t\t<div class=\"elementor-widget-container\">\n\t\t\t\t\t<a href=\"\/guiaescolar\/educacao-infantil\/saida-de-estudos\" style=\"text-decoration: none;\">\r\n  <button class=\"comic-button\">Sa\u00eddas<br>de Estudos<\/button>\r\n<\/a>\t\t\t\t<\/div>\n\t\t\t\t<\/div>\n\t\t\t\t<\/div>\n\t\t<div class=\"elementor-element elementor-element-20e616b4 e-grid e-con-full e-con e-child\" data-id=\"20e616b4\" data-element_type=\"container\" data-e-type=\"container\">\n\t\t\t\t<div class=\"elementor-element elementor-element-d625a8 elementor-widget elementor-widget-html\" data-id=\"d625a8\" data-element_type=\"widget\" data-e-type=\"widget\" data-widget_type=\"html.default\">\n\t\t\t\t<div class=\"elementor-widget-container\">\n\t\t\t\t\t<a href=\"\/guiaescolar\/educacao-infantil\/reunioes-de-turmas\" style=\"text-decoration: none;\">\r\n  <button class=\"comic-button\">Reuni\u00f5es<br> de Turmas<\/button>\r\n<\/a>\t\t\t\t<\/div>\n\t\t\t\t<\/div>\n\t\t\t\t<div class=\"elementor-element elementor-element-468afeba elementor-widget elementor-widget-html\" data-id=\"468afeba\" data-element_type=\"widget\" data-e-type=\"widget\" data-widget_type=\"html.default\">\n\t\t\t\t<div class=\"elementor-widget-container\">\n\t\t\t\t\t<a href=\"\/guiaescolar\/educacao-infantil\/shabat-com-familias\" style=\"text-decoration: none;\">\r\n  <button class=\"comic-button\">Shabat<br>com Fam\u00edlias<\/button>\r\n<\/a>\t\t\t\t<\/div>\n\t\t\t\t<\/div>\n\t\t\t\t<\/div>\n\t\t\t\t<\/div>\n\t\t\t\t\t<\/div>\n\t\t\t\t<\/div>\n\t\t\t\t<\/div>\n\t\t","protected":false},"excerpt":{"rendered":"<p>Entrada e Sa\u00edda Hor\u00e1rios de acesso Segunda a quinta-feira: 13h10 \u00e0s 17h50Sexta-feira: 13h10 \u00e0s 17hO acesso dos estudantes da Educa\u00e7\u00e3o Infantil ocorre pelo Port\u00e3o S\u00e3o Vicente \u2013 Fundos, pelo estacionamento (para ve\u00edculos credenciados) ou pela entrada principal (pelo acesso controlado denominado &#8220;pulm\u00e3o&#8221;). A entrada \u00e9 sempre realizada com a presen\u00e7a de um adulto.Todas as pessoas [&hellip;]<\/p>\n","protected":false},"author":4,"featured_media":0,"parent":300,"menu_order":0,"comment_status":"closed","ping_status":"closed","template":"","meta":{"footnotes":""},"class_list":["post-481","page","type-page","status-publish","hentry"],"_links":{"self":[{"href":"https:\/\/israelitaedu.com.br\/guiaescolar\/wp-json\/wp\/v2\/pages\/481","targetHints":{"allow":["GET"]}}],"collection":[{"href":"https:\/\/israelitaedu.com.br\/guiaescolar\/wp-json\/wp\/v2\/pages"}],"about":[{"href":"https:\/\/israelitaedu.com.br\/guiaescolar\/wp-json\/wp\/v2\/types\/page"}],"author":[{"embeddable":true,"href":"https:\/\/israelitaedu.com.br\/guiaescolar\/wp-json\/wp\/v2\/users\/4"}],"replies":[{"embeddable":true,"href":"https:\/\/israelitaedu.com.br\/guiaescolar\/wp-json\/wp\/v2\/comments?post=481"}],"version-history":[{"count":21,"href":"https:\/\/israelitaedu.com.br\/guiaescolar\/wp-json\/wp\/v2\/pages\/481\/revisions"}],"predecessor-version":[{"id":8479,"href":"https:\/\/israelitaedu.com.br\/guiaescolar\/wp-json\/wp\/v2\/pages\/481\/revisions\/8479"}],"up":[{"embeddable":true,"href":"https:\/\/israelitaedu.com.br\/guiaescolar\/wp-json\/wp\/v2\/pages\/300"}],"wp:attachment":[{"href":"https:\/\/israelitaedu.com.br\/guiaescolar\/wp-json\/wp\/v2\/media?parent=481"}],"curies":[{"name":"wp","href":"https:\/\/api.w.org\/{rel}","templated":true}]}}