{"id":46,"date":"2025-04-16T13:37:01","date_gmt":"2025-04-16T16:37:01","guid":{"rendered":"https:\/\/israelitaedu.com.br\/guiaescolar\/?page_id=46"},"modified":"2025-12-01T09:13:28","modified_gmt":"2025-12-01T12:13:28","slug":"viver-israelita","status":"publish","type":"page","link":"https:\/\/israelitaedu.com.br\/guiaescolar\/viver-israelita\/","title":{"rendered":"Viver Israelita"},"content":{"rendered":"\t\t<div data-elementor-type=\"wp-page\" data-elementor-id=\"46\" class=\"elementor elementor-46\" data-elementor-post-type=\"page\">\n\t\t\t\t<div class=\"elementor-element elementor-element-8e760df e-flex e-con-boxed e-con e-parent\" data-id=\"8e760df\" data-element_type=\"container\" data-e-type=\"container\">\n\t\t\t\t\t<div class=\"e-con-inner\">\n\t\t<div class=\"elementor-element elementor-element-78eae463 e-con-full e-flex e-con e-child\" data-id=\"78eae463\" data-element_type=\"container\" data-e-type=\"container\">\n\t\t\t\t<div class=\"elementor-element elementor-element-270dadc0 elementor-widget elementor-widget-heading\" data-id=\"270dadc0\" data-element_type=\"widget\" data-e-type=\"widget\" data-widget_type=\"heading.default\">\n\t\t\t\t<div class=\"elementor-widget-container\">\n\t\t\t\t\t<h2 class=\"elementor-heading-title elementor-size-default\"><span>Viver Israelita<\/span><\/h2>\t\t\t\t<\/div>\n\t\t\t\t<\/div>\n\t\t\t\t<\/div>\n\t\t<div class=\"elementor-element elementor-element-75ba3e76 e-con-full e-flex e-con e-child\" data-id=\"75ba3e76\" data-element_type=\"container\" data-e-type=\"container\">\n\t\t\t\t<div class=\"elementor-element elementor-element-e473d73 elementor-widget elementor-widget-text-editor\" data-id=\"e473d73\" data-element_type=\"widget\" data-e-type=\"widget\" data-widget_type=\"text-editor.default\">\n\t\t\t\t<div class=\"elementor-widget-container\">\n\t\t\t\t\t\t\t\t\t<p style=\"font-family: 'Albert Sans', sans-serif;\"><span style=\"font-weight: 400;\">Uma forma\u00e7\u00e3o que integra valores, conviv\u00eancia e conhecimento para formar protagonistas. Essa \u00e9 a experi\u00eancia do Viver Israelita, expressa em nossa proposta pedag\u00f3gica, o <\/span><b>CIB21<\/b><\/p>\t\t\t\t\t\t\t\t<\/div>\n\t\t\t\t<\/div>\n\t\t\t\t<div class=\"elementor-element elementor-element-9dd4a20 elementor-widget elementor-widget-image\" data-id=\"9dd4a20\" data-element_type=\"widget\" data-e-type=\"widget\" data-widget_type=\"image.default\">\n\t\t\t\t<div class=\"elementor-widget-container\">\n\t\t\t\t\t\t\t\t\t\t\t\t\t\t\t<img fetchpriority=\"high\" decoding=\"async\" width=\"800\" height=\"767\" src=\"https:\/\/israelitaedu.com.br\/guiaescolar\/wp-content\/uploads\/2025\/12\/Mandala-1024x982.png\" class=\"attachment-large size-large wp-image-5323\" alt=\"\" srcset=\"https:\/\/israelitaedu.com.br\/guiaescolar\/wp-content\/uploads\/2025\/12\/Mandala-1024x982.png 1024w, https:\/\/israelitaedu.com.br\/guiaescolar\/wp-content\/uploads\/2025\/12\/Mandala-300x288.png 300w, https:\/\/israelitaedu.com.br\/guiaescolar\/wp-content\/uploads\/2025\/12\/Mandala-768x736.png 768w, https:\/\/israelitaedu.com.br\/guiaescolar\/wp-content\/uploads\/2025\/12\/Mandala-1536x1473.png 1536w, https:\/\/israelitaedu.com.br\/guiaescolar\/wp-content\/uploads\/2025\/12\/Mandala-2048x1964.png 2048w\" sizes=\"(max-width: 800px) 100vw, 800px\" \/>\t\t\t\t\t\t\t\t\t\t\t\t\t\t\t<\/div>\n\t\t\t\t<\/div>\n\t\t\t\t<div class=\"elementor-element elementor-element-3730b3d elementor-widget elementor-widget-text-editor\" data-id=\"3730b3d\" data-element_type=\"widget\" data-e-type=\"widget\" data-widget_type=\"text-editor.default\">\n\t\t\t\t<div class=\"elementor-widget-container\">\n\t\t\t\t\t\t\t\t\t<p style=\"font-family: 'Albert Sans', sans-serif;\"><span style=\"font-weight: 400;\">A mandala sintetiza os cinco atributos que orientam nossa proposta pedag\u00f3gica: Valores Judaicos, Proposta Pedag\u00f3gica Autoral, Desenvolvimento Integral, Personaliza\u00e7\u00e3o do Ensino e Bilinguismo, compondo uma vis\u00e3o integrada que articula identidade, cultura e aprendizagem.<\/span><\/p>\t\t\t\t\t\t\t\t<\/div>\n\t\t\t\t<\/div>\n\t\t\t\t<\/div>\n\t\t\t\t\t<\/div>\n\t\t\t\t<\/div>\n\t\t\t\t<\/div>\n\t\t","protected":false},"excerpt":{"rendered":"<p>Viver Israelita Uma forma\u00e7\u00e3o que integra valores, conviv\u00eancia e conhecimento para formar protagonistas. Essa \u00e9 a experi\u00eancia do Viver Israelita, expressa em nossa proposta pedag\u00f3gica, o CIB21 A mandala sintetiza os cinco atributos que orientam nossa proposta pedag\u00f3gica: Valores Judaicos, Proposta Pedag\u00f3gica Autoral, Desenvolvimento Integral, Personaliza\u00e7\u00e3o do Ensino e Bilinguismo, compondo uma vis\u00e3o integrada que [&hellip;]<\/p>\n","protected":false},"author":1,"featured_media":0,"parent":0,"menu_order":0,"comment_status":"closed","ping_status":"closed","template":"","meta":{"footnotes":""},"class_list":["post-46","page","type-page","status-publish","hentry"],"_links":{"self":[{"href":"https:\/\/israelitaedu.com.br\/guiaescolar\/wp-json\/wp\/v2\/pages\/46","targetHints":{"allow":["GET"]}}],"collection":[{"href":"https:\/\/israelitaedu.com.br\/guiaescolar\/wp-json\/wp\/v2\/pages"}],"about":[{"href":"https:\/\/israelitaedu.com.br\/guiaescolar\/wp-json\/wp\/v2\/types\/page"}],"author":[{"embeddable":true,"href":"https:\/\/israelitaedu.com.br\/guiaescolar\/wp-json\/wp\/v2\/users\/1"}],"replies":[{"embeddable":true,"href":"https:\/\/israelitaedu.com.br\/guiaescolar\/wp-json\/wp\/v2\/comments?post=46"}],"version-history":[{"count":12,"href":"https:\/\/israelitaedu.com.br\/guiaescolar\/wp-json\/wp\/v2\/pages\/46\/revisions"}],"predecessor-version":[{"id":5326,"href":"https:\/\/israelitaedu.com.br\/guiaescolar\/wp-json\/wp\/v2\/pages\/46\/revisions\/5326"}],"wp:attachment":[{"href":"https:\/\/israelitaedu.com.br\/guiaescolar\/wp-json\/wp\/v2\/media?parent=46"}],"curies":[{"name":"wp","href":"https:\/\/api.w.org\/{rel}","templated":true}]}}