{"id":44,"date":"2025-04-16T13:36:47","date_gmt":"2025-04-16T16:36:47","guid":{"rendered":"https:\/\/israelitaedu.com.br\/guiaescolar\/?page_id=44"},"modified":"2025-11-26T12:06:05","modified_gmt":"2025-11-26T15:06:05","slug":"codigo-de-convivencia","status":"publish","type":"page","link":"https:\/\/israelitaedu.com.br\/guiaescolar\/codigo-de-convivencia\/","title":{"rendered":"C\u00f3digo de Conviv\u00eancia"},"content":{"rendered":"\t\t<div data-elementor-type=\"wp-page\" data-elementor-id=\"44\" class=\"elementor elementor-44\" data-elementor-post-type=\"page\">\n\t\t\t\t<div class=\"elementor-element elementor-element-2c853858 e-flex e-con-boxed e-con e-parent\" data-id=\"2c853858\" data-element_type=\"container\" data-e-type=\"container\">\n\t\t\t\t\t<div class=\"e-con-inner\">\n\t\t<div class=\"elementor-element elementor-element-775ced11 e-con-full e-flex e-con e-child\" data-id=\"775ced11\" data-element_type=\"container\" data-e-type=\"container\">\n\t\t\t\t<div class=\"elementor-element elementor-element-74fb9fac elementor-widget elementor-widget-heading\" data-id=\"74fb9fac\" data-element_type=\"widget\" data-e-type=\"widget\" data-widget_type=\"heading.default\">\n\t\t\t\t<div class=\"elementor-widget-container\">\n\t\t\t\t\t<h2 class=\"elementor-heading-title elementor-size-default\">C\u00f3digo de Conduta e Conviv\u00eancia<\/h2>\t\t\t\t<\/div>\n\t\t\t\t<\/div>\n\t\t\t\t<div class=\"elementor-element elementor-element-03aaf72 elementor-widget elementor-widget-text-editor\" data-id=\"03aaf72\" data-element_type=\"widget\" data-e-type=\"widget\" data-widget_type=\"text-editor.default\">\n\t\t\t\t<div class=\"elementor-widget-container\">\n\t\t\t\t\t\t\t\t\t<p>O C\u00f3digo de Conduta e Conviv\u00eancia re\u00fane as diretrizes que orientam a vida escolar e regulam a conviv\u00eancia no Col\u00e9gio Israelita Brasileiro, em conson\u00e2ncia com o Regimento Escolar. O documento apresenta princ\u00edpios, responsabilidades e procedimentos que organizam as rela\u00e7\u00f5es no ambiente escolar e contribuem para uma cultura de disciplina, respeito e corresponsabilidade.<\/p><p>Ele complementa as informa\u00e7\u00f5es deste Guia e deve ser consultado sempre que houver d\u00favidas sobre pr\u00e1ticas de conviv\u00eancia ou sobre as regras escolares.<\/p><div><br><\/div>\t\t\t\t\t\t\t\t<\/div>\n\t\t\t\t<\/div>\n\t\t\t\t<\/div>\n\t\t\t\t\t<\/div>\n\t\t\t\t<\/div>\n\t\t<div class=\"elementor-element elementor-element-cd2294e e-flex e-con-boxed e-con e-parent\" data-id=\"cd2294e\" data-element_type=\"container\" data-e-type=\"container\">\n\t\t\t\t\t<div class=\"e-con-inner\">\n\t\t\t\t<div class=\"elementor-element elementor-element-6f8a034 elementor-widget elementor-widget-shortcode\" data-id=\"6f8a034\" data-element_type=\"widget\" data-e-type=\"widget\" data-widget_type=\"shortcode.default\">\n\t\t\t\t<div class=\"elementor-widget-container\">\n\t\t\t\t\t\t\t<div class=\"elementor-shortcode\"><div class=\"_df_book df-lite\" id=\"df_179\"  _slug=\"codigo-de-conduta-2025\" data-title=\"codigo-de-conduta-2025\" wpoptions=\"true\" thumbtype=\"\" ><\/div><script class=\"df-shortcode-script\" nowprocket type=\"application\/javascript\">window.option_df_179 = {\"outline\":[],\"backgroundColor\":\"123274\",\"viewerType\":\"slider\",\"autoEnableOutline\":\"false\",\"autoEnableThumbnail\":\"false\",\"overwritePDFOutline\":\"false\",\"direction\":\"1\",\"pageSize\":\"0\",\"soundEnable\":\"false\",\"source\":\"http:\\\/\\\/israelitaedu.com.br\\\/guiaescolar\\\/wp-content\\\/uploads\\\/2025\\\/04\\\/Codigo-de-Conduta-e-Convivencia-2025-4-1-1.pdf\",\"wpOptions\":\"true\"}; if(window.DFLIP && window.DFLIP.parseBooks){window.DFLIP.parseBooks();}<\/script> <\/div>\n\t\t\t\t\t\t<\/div>\n\t\t\t\t<\/div>\n\t\t\t\t\t<\/div>\n\t\t\t\t<\/div>\n\t\t\t\t<\/div>\n\t\t","protected":false},"excerpt":{"rendered":"<p>C\u00f3digo de Conduta e Conviv\u00eancia O C\u00f3digo de Conduta e Conviv\u00eancia re\u00fane as diretrizes que orientam a vida escolar e regulam a conviv\u00eancia no Col\u00e9gio Israelita Brasileiro, em conson\u00e2ncia com o Regimento Escolar. O documento apresenta princ\u00edpios, responsabilidades e procedimentos que organizam as rela\u00e7\u00f5es no ambiente escolar e contribuem para uma cultura de disciplina, respeito [&hellip;]<\/p>\n","protected":false},"author":1,"featured_media":0,"parent":0,"menu_order":0,"comment_status":"closed","ping_status":"closed","template":"","meta":{"footnotes":""},"class_list":["post-44","page","type-page","status-publish","hentry"],"_links":{"self":[{"href":"https:\/\/israelitaedu.com.br\/guiaescolar\/wp-json\/wp\/v2\/pages\/44","targetHints":{"allow":["GET"]}}],"collection":[{"href":"https:\/\/israelitaedu.com.br\/guiaescolar\/wp-json\/wp\/v2\/pages"}],"about":[{"href":"https:\/\/israelitaedu.com.br\/guiaescolar\/wp-json\/wp\/v2\/types\/page"}],"author":[{"embeddable":true,"href":"https:\/\/israelitaedu.com.br\/guiaescolar\/wp-json\/wp\/v2\/users\/1"}],"replies":[{"embeddable":true,"href":"https:\/\/israelitaedu.com.br\/guiaescolar\/wp-json\/wp\/v2\/comments?post=44"}],"version-history":[{"count":9,"href":"https:\/\/israelitaedu.com.br\/guiaescolar\/wp-json\/wp\/v2\/pages\/44\/revisions"}],"predecessor-version":[{"id":4959,"href":"https:\/\/israelitaedu.com.br\/guiaescolar\/wp-json\/wp\/v2\/pages\/44\/revisions\/4959"}],"wp:attachment":[{"href":"https:\/\/israelitaedu.com.br\/guiaescolar\/wp-json\/wp\/v2\/media?parent=44"}],"curies":[{"name":"wp","href":"https:\/\/api.w.org\/{rel}","templated":true}]}}