{"id":42,"date":"2025-04-16T13:36:26","date_gmt":"2025-04-16T16:36:26","guid":{"rendered":"https:\/\/israelitaedu.com.br\/guiaescolar\/?page_id=42"},"modified":"2025-11-25T14:39:38","modified_gmt":"2025-11-25T17:39:38","slug":"aplicativo","status":"publish","type":"page","link":"https:\/\/israelitaedu.com.br\/guiaescolar\/aplicativo\/","title":{"rendered":"Aplicativo"},"content":{"rendered":"\t\t<div data-elementor-type=\"wp-page\" data-elementor-id=\"42\" class=\"elementor elementor-42\" data-elementor-post-type=\"page\">\n\t\t\t\t<div class=\"elementor-element elementor-element-57e52832 e-flex e-con-boxed e-con e-parent\" data-id=\"57e52832\" data-element_type=\"container\" data-e-type=\"container\">\n\t\t\t\t\t<div class=\"e-con-inner\">\n\t\t<div class=\"elementor-element elementor-element-3f5156b0 e-flex e-con-boxed e-con e-child\" data-id=\"3f5156b0\" data-element_type=\"container\" data-e-type=\"container\">\n\t\t\t\t\t<div class=\"e-con-inner\">\n\t\t\t\t<div class=\"elementor-element elementor-element-348fd1d3 elementor-widget elementor-widget-heading\" data-id=\"348fd1d3\" data-element_type=\"widget\" data-e-type=\"widget\" data-widget_type=\"heading.default\">\n\t\t\t\t<div class=\"elementor-widget-container\">\n\t\t\t\t\t<h2 class=\"elementor-heading-title elementor-size-default\">Aplicativo<\/h2>\t\t\t\t<\/div>\n\t\t\t\t<\/div>\n\t\t\t\t<div class=\"elementor-element elementor-element-d16e278 elementor-widget elementor-widget-text-editor\" data-id=\"d16e278\" data-element_type=\"widget\" data-e-type=\"widget\" data-widget_type=\"text-editor.default\">\n\t\t\t\t<div class=\"elementor-widget-container\">\n\t\t\t\t\t\t\t\t\t<p>O aplicativo do Col\u00e9gio Israelita Brasileiro \u00e9 a principal plataforma de comunica\u00e7\u00e3o entre as fam\u00edlias e a escola. Nele, \u00e9 poss\u00edvel acessar informa\u00e7\u00f5es da rotina escolar, comunicados, orienta\u00e7\u00f5es pedag\u00f3gicas e administrativas, al\u00e9m dos canais de atendimento de todos os setores. O ambiente tamb\u00e9m permite acompanhar solicita\u00e7\u00f5es e realizar o pagamento das mensalidades.<br \/>Os chamados s\u00e3o respondidos durante o turno curricular, em at\u00e9 48 horas.<br \/>Para situa\u00e7\u00f5es que realmente necessitem de retorno imediato, o contato deve ser realizado pelo telefone (51) 3331-3933.<br \/>Esse procedimento assegura organiza\u00e7\u00e3o e qualidade no atendimento<\/p>\t\t\t\t\t\t\t\t<\/div>\n\t\t\t\t<\/div>\n\t\t\t\t<div class=\"elementor-element elementor-element-f39cf40 elementor-widget elementor-widget-heading\" data-id=\"f39cf40\" data-element_type=\"widget\" data-e-type=\"widget\" data-widget_type=\"heading.default\">\n\t\t\t\t<div class=\"elementor-widget-container\">\n\t\t\t\t\t<h2 class=\"elementor-heading-title elementor-size-default\">Canais de Atendimento<\/h2>\t\t\t\t<\/div>\n\t\t\t\t<\/div>\n\t\t\t\t<div class=\"elementor-element elementor-element-dea4ceb elementor-widget elementor-widget-text-editor\" data-id=\"dea4ceb\" data-element_type=\"widget\" data-e-type=\"widget\" data-widget_type=\"text-editor.default\">\n\t\t\t\t<div class=\"elementor-widget-container\">\n\t\t\t\t\t\t\t\t\t<p>Cada canal do aplicativo possui uma finalidade espec\u00edfica, garantindo precis\u00e3o e agilidade no encaminhamento das demandas.<\/p>\t\t\t\t\t\t\t\t<\/div>\n\t\t\t\t<\/div>\n\t\t\t\t<div class=\"elementor-element elementor-element-5df8fd66 elementor-widget__width-initial elementor-widget elementor-widget-image\" data-id=\"5df8fd66\" data-element_type=\"widget\" data-e-type=\"widget\" data-widget_type=\"image.default\">\n\t\t\t\t<div class=\"elementor-widget-container\">\n\t\t\t\t\t\t\t\t\t\t\t\t\t\t\t<img fetchpriority=\"high\" decoding=\"async\" width=\"768\" height=\"1862\" src=\"https:\/\/israelitaedu.com.br\/guiaescolar\/wp-content\/uploads\/2025\/04\/TABELA-CANAL-DE-RELACIONAMENTO-01-768x1862.webp\" class=\"attachment-medium_large size-medium_large wp-image-172\" alt=\"\" srcset=\"https:\/\/israelitaedu.com.br\/guiaescolar\/wp-content\/uploads\/2025\/04\/TABELA-CANAL-DE-RELACIONAMENTO-01-768x1862.webp 768w, https:\/\/israelitaedu.com.br\/guiaescolar\/wp-content\/uploads\/2025\/04\/TABELA-CANAL-DE-RELACIONAMENTO-01-124x300.webp 124w, https:\/\/israelitaedu.com.br\/guiaescolar\/wp-content\/uploads\/2025\/04\/TABELA-CANAL-DE-RELACIONAMENTO-01-422x1024.webp 422w, https:\/\/israelitaedu.com.br\/guiaescolar\/wp-content\/uploads\/2025\/04\/TABELA-CANAL-DE-RELACIONAMENTO-01-633x1536.webp 633w, https:\/\/israelitaedu.com.br\/guiaescolar\/wp-content\/uploads\/2025\/04\/TABELA-CANAL-DE-RELACIONAMENTO-01-845x2048.png 845w, https:\/\/israelitaedu.com.br\/guiaescolar\/wp-content\/uploads\/2025\/04\/TABELA-CANAL-DE-RELACIONAMENTO-01-scaled.webp 792w\" sizes=\"(max-width: 768px) 100vw, 768px\" \/>\t\t\t\t\t\t\t\t\t\t\t\t\t\t\t<\/div>\n\t\t\t\t<\/div>\n\t\t\t\t\t<\/div>\n\t\t\t\t<\/div>\n\t\t<div class=\"elementor-element elementor-element-383d825 e-con-full e-flex e-con e-child\" data-id=\"383d825\" data-element_type=\"container\" data-e-type=\"container\">\n\t\t\t\t<div class=\"elementor-element elementor-element-748dda3 elementor-widget elementor-widget-heading\" data-id=\"748dda3\" data-element_type=\"widget\" data-e-type=\"widget\" data-widget_type=\"heading.default\">\n\t\t\t\t<div class=\"elementor-widget-container\">\n\t\t\t\t\t<h2 class=\"elementor-heading-title elementor-size-default\">Links \u00dateis<\/h2>\t\t\t\t<\/div>\n\t\t\t\t<\/div>\n\t\t\t\t<\/div>\n\t\t<div class=\"elementor-element elementor-element-7a87028d e-grid e-con-full e-con e-child\" data-id=\"7a87028d\" data-element_type=\"container\" data-e-type=\"container\">\n\t\t\t\t<div class=\"elementor-element elementor-element-1f722ba3 elementor-widget elementor-widget-html\" data-id=\"1f722ba3\" data-element_type=\"widget\" data-e-type=\"widget\" data-widget_type=\"html.default\">\n\t\t\t\t<div class=\"elementor-widget-container\">\n\t\t\t\t\t<a href=\"\/guiaescolar\/tutorial-app\" style=\"text-decoration: none;\">\r\n  <button class=\"comic-button\">Tutorial<\/button>\r\n<\/a>\t\t\t\t<\/div>\n\t\t\t\t<\/div>\n\t\t\t\t<div class=\"elementor-element elementor-element-348ddee4 elementor-widget elementor-widget-html\" data-id=\"348ddee4\" data-element_type=\"widget\" data-e-type=\"widget\" data-widget_type=\"html.default\">\n\t\t\t\t<div class=\"elementor-widget-container\">\n\t\t\t\t\t<a href=\"https:\/\/play.google.com\/store\/apps\/details?id=br.com.gvdasa.gvapp.israelita&pli=1\" style=\"text-decoration: none;\">\r\n  <button class=\"comic-button\">Baixe na<br>Google Play<\/button>\r\n<\/a>\t\t\t\t<\/div>\n\t\t\t\t<\/div>\n\t\t\t\t<div class=\"elementor-element elementor-element-43dfdf27 elementor-widget elementor-widget-html\" data-id=\"43dfdf27\" data-element_type=\"widget\" data-e-type=\"widget\" data-widget_type=\"html.default\">\n\t\t\t\t<div class=\"elementor-widget-container\">\n\t\t\t\t\t<a href=\"https:\/\/apps.apple.com\/br\/app\/col%C3%A9gio-israelita-brasileiro\/id6475052242\" style=\"text-decoration: none;\">\r\n  <button class=\"comic-button\">Baixe na<br>App Store<\/button>\r\n<\/a>\t\t\t\t<\/div>\n\t\t\t\t<\/div>\n\t\t\t\t<\/div>\n\t\t\t\t\t<\/div>\n\t\t\t\t<\/div>\n\t\t\t\t<\/div>\n\t\t","protected":false},"excerpt":{"rendered":"<p>Aplicativo O aplicativo do Col\u00e9gio Israelita Brasileiro \u00e9 a principal plataforma de comunica\u00e7\u00e3o entre as fam\u00edlias e a escola. Nele, \u00e9 poss\u00edvel acessar informa\u00e7\u00f5es da rotina escolar, comunicados, orienta\u00e7\u00f5es pedag\u00f3gicas e administrativas, al\u00e9m dos canais de atendimento de todos os setores. O ambiente tamb\u00e9m permite acompanhar solicita\u00e7\u00f5es e realizar o pagamento das mensalidades.Os chamados s\u00e3o [&hellip;]<\/p>\n","protected":false},"author":1,"featured_media":0,"parent":0,"menu_order":0,"comment_status":"closed","ping_status":"closed","template":"","meta":{"footnotes":""},"class_list":["post-42","page","type-page","status-publish","hentry"],"_links":{"self":[{"href":"https:\/\/israelitaedu.com.br\/guiaescolar\/wp-json\/wp\/v2\/pages\/42","targetHints":{"allow":["GET"]}}],"collection":[{"href":"https:\/\/israelitaedu.com.br\/guiaescolar\/wp-json\/wp\/v2\/pages"}],"about":[{"href":"https:\/\/israelitaedu.com.br\/guiaescolar\/wp-json\/wp\/v2\/types\/page"}],"author":[{"embeddable":true,"href":"https:\/\/israelitaedu.com.br\/guiaescolar\/wp-json\/wp\/v2\/users\/1"}],"replies":[{"embeddable":true,"href":"https:\/\/israelitaedu.com.br\/guiaescolar\/wp-json\/wp\/v2\/comments?post=42"}],"version-history":[{"count":39,"href":"https:\/\/israelitaedu.com.br\/guiaescolar\/wp-json\/wp\/v2\/pages\/42\/revisions"}],"predecessor-version":[{"id":4655,"href":"https:\/\/israelitaedu.com.br\/guiaescolar\/wp-json\/wp\/v2\/pages\/42\/revisions\/4655"}],"wp:attachment":[{"href":"https:\/\/israelitaedu.com.br\/guiaescolar\/wp-json\/wp\/v2\/media?parent=42"}],"curies":[{"name":"wp","href":"https:\/\/api.w.org\/{rel}","templated":true}]}}