{"id":38,"date":"2025-04-16T13:35:56","date_gmt":"2025-04-16T16:35:56","guid":{"rendered":"https:\/\/israelitaedu.com.br\/guiaescolar\/?page_id=38"},"modified":"2025-12-01T16:10:52","modified_gmt":"2025-12-01T19:10:52","slug":"boas-vindas","status":"publish","type":"page","link":"https:\/\/israelitaedu.com.br\/guiaescolar\/boas-vindas\/","title":{"rendered":"Boas-vindas"},"content":{"rendered":"\t\t<div data-elementor-type=\"wp-page\" data-elementor-id=\"38\" class=\"elementor elementor-38\" data-elementor-post-type=\"page\">\n\t\t\t\t<div class=\"elementor-element elementor-element-120a5b61 e-flex e-con-boxed e-con e-parent\" data-id=\"120a5b61\" data-element_type=\"container\" data-e-type=\"container\">\n\t\t\t\t\t<div class=\"e-con-inner\">\n\t\t<div class=\"elementor-element elementor-element-1fc146e2 e-con-full e-flex e-con e-child\" data-id=\"1fc146e2\" data-element_type=\"container\" data-e-type=\"container\">\n\t\t\t\t<div class=\"elementor-element elementor-element-6c096968 elementor-widget elementor-widget-heading\" data-id=\"6c096968\" data-element_type=\"widget\" data-e-type=\"widget\" data-widget_type=\"heading.default\">\n\t\t\t\t<div class=\"elementor-widget-container\">\n\t\t\t\t\t<h2 class=\"elementor-heading-title elementor-size-default\">Mensagem da Dire\u00e7\u00e3o<\/h2>\t\t\t\t<\/div>\n\t\t\t\t<\/div>\n\t\t\t\t<\/div>\n\t\t<div class=\"elementor-element elementor-element-4b8825af e-con-full e-flex e-con e-child\" data-id=\"4b8825af\" data-element_type=\"container\" data-e-type=\"container\">\n\t\t\t\t<div class=\"elementor-element elementor-element-910243a elementor-widget elementor-widget-text-editor\" data-id=\"910243a\" data-element_type=\"widget\" data-e-type=\"widget\" data-widget_type=\"text-editor.default\">\n\t\t\t\t<div class=\"elementor-widget-container\">\n\t\t\t\t\t\t\t\t\t<p>O Col\u00e9gio Israelita Brasileiro inicia o ano letivo de 2026 reafirmando a centralidade de um princ\u00edpio que orienta nossa pr\u00e1tica educativa: formamos protagonistas. Entendemos o protagonismo como a capacidade de compreender o mundo, posicionar-se com responsabilidade e tomar decis\u00f5es sustentadas por conhecimento, valores e sensibilidade.<\/p><p>O CIB21, nossa proposta pedag\u00f3gica, promove experi\u00eancias de ensino e de aprendizagem que desenvolvem autonomia intelectual, pensamento cr\u00edtico e a capacidade de fazer escolhas fundamentadas, formando estudantes comprometidos com o mundo que os cerca.<\/p><p>A identidade judaica, presente na conviv\u00eancia e no cotidiano escolar, sustenta uma vis\u00e3o que valoriza o di\u00e1logo, a reflex\u00e3o e o compromisso com o coletivo. Nesse ambiente, cada estudante encontra condi\u00e7\u00f5es para desenvolver suas potencialidades e assumir um papel ativo em sua pr\u00f3pria forma\u00e7\u00e3o.<\/p><p>Com essa perspectiva, iniciamos 2026 fortalecendo pr\u00e1ticas que ampliam a autonomia intelectual, o discernimento e a ag\u00eancia dos estudantes, reafirmando nosso compromisso com uma forma\u00e7\u00e3o que prepara protagonistas capazes de intervir no mundo com consist\u00eancia e prop\u00f3sito.<\/p><p><b>Um excelente ano para todos n\u00f3s.<\/b><\/p><p><b>\u00a0<\/b><\/p><p>Roseli Jacoby \u2013 Diretora Executiva<\/p><p>M\u00e1rcia Terres \u2013 Diretora Pedag\u00f3gica<\/p><p>Ilana Eilberg \u2013 Vice-Diretora de Educa\u00e7\u00e3o Judaica<\/p>\t\t\t\t\t\t\t\t<\/div>\n\t\t\t\t<\/div>\n\t\t\t\t<\/div>\n\t\t\t\t\t<\/div>\n\t\t\t\t<\/div>\n\t\t\t\t<\/div>\n\t\t","protected":false},"excerpt":{"rendered":"<p>Mensagem da Dire\u00e7\u00e3o O Col\u00e9gio Israelita Brasileiro inicia o ano letivo de 2026 reafirmando a centralidade de um princ\u00edpio que orienta nossa pr\u00e1tica educativa: formamos protagonistas. Entendemos o protagonismo como a capacidade de compreender o mundo, posicionar-se com responsabilidade e tomar decis\u00f5es sustentadas por conhecimento, valores e sensibilidade. O CIB21, nossa proposta pedag\u00f3gica, promove experi\u00eancias [&hellip;]<\/p>\n","protected":false},"author":1,"featured_media":0,"parent":0,"menu_order":0,"comment_status":"closed","ping_status":"closed","template":"","meta":{"footnotes":""},"class_list":["post-38","page","type-page","status-publish","hentry"],"_links":{"self":[{"href":"https:\/\/israelitaedu.com.br\/guiaescolar\/wp-json\/wp\/v2\/pages\/38","targetHints":{"allow":["GET"]}}],"collection":[{"href":"https:\/\/israelitaedu.com.br\/guiaescolar\/wp-json\/wp\/v2\/pages"}],"about":[{"href":"https:\/\/israelitaedu.com.br\/guiaescolar\/wp-json\/wp\/v2\/types\/page"}],"author":[{"embeddable":true,"href":"https:\/\/israelitaedu.com.br\/guiaescolar\/wp-json\/wp\/v2\/users\/1"}],"replies":[{"embeddable":true,"href":"https:\/\/israelitaedu.com.br\/guiaescolar\/wp-json\/wp\/v2\/comments?post=38"}],"version-history":[{"count":27,"href":"https:\/\/israelitaedu.com.br\/guiaescolar\/wp-json\/wp\/v2\/pages\/38\/revisions"}],"predecessor-version":[{"id":5711,"href":"https:\/\/israelitaedu.com.br\/guiaescolar\/wp-json\/wp\/v2\/pages\/38\/revisions\/5711"}],"wp:attachment":[{"href":"https:\/\/israelitaedu.com.br\/guiaescolar\/wp-json\/wp\/v2\/media?parent=38"}],"curies":[{"name":"wp","href":"https:\/\/api.w.org\/{rel}","templated":true}]}}