{"id":323,"date":"2025-04-17T10:37:03","date_gmt":"2025-04-17T13:37:03","guid":{"rendered":"https:\/\/israelitaedu.com.br\/guiaescolar\/?page_id=323"},"modified":"2026-02-23T15:21:22","modified_gmt":"2026-02-23T18:21:22","slug":"horarios","status":"publish","type":"page","link":"https:\/\/israelitaedu.com.br\/guiaescolar\/educacao-infantil\/horarios\/","title":{"rendered":"Hor\u00e1rios"},"content":{"rendered":"\t\t<div data-elementor-type=\"wp-page\" data-elementor-id=\"323\" class=\"elementor elementor-323\" data-elementor-post-type=\"page\">\n\t\t\t\t<div class=\"elementor-element elementor-element-638a82ae e-flex e-con-boxed e-con e-parent\" data-id=\"638a82ae\" data-element_type=\"container\" data-e-type=\"container\">\n\t\t\t\t\t<div class=\"e-con-inner\">\n\t\t<div class=\"elementor-element elementor-element-3beef442 e-con-full e-flex e-con e-child\" data-id=\"3beef442\" data-element_type=\"container\" data-e-type=\"container\">\n\t\t\t\t<div class=\"elementor-element elementor-element-4734454c elementor-widget elementor-widget-heading\" data-id=\"4734454c\" data-element_type=\"widget\" data-e-type=\"widget\" data-widget_type=\"heading.default\">\n\t\t\t\t<div class=\"elementor-widget-container\">\n\t\t\t\t\t<h2 class=\"elementor-heading-title elementor-size-default\">Hor\u00e1rios<\/h2>\t\t\t\t<\/div>\n\t\t\t\t<\/div>\n\t\t<div class=\"elementor-element elementor-element-7e2f9cba e-con-full e-flex e-con e-child\" data-id=\"7e2f9cba\" data-element_type=\"container\" data-e-type=\"container\">\n\t\t\t\t<div class=\"elementor-element elementor-element-2c5597e8 elementor-widget elementor-widget-text-editor\" data-id=\"2c5597e8\" data-element_type=\"widget\" data-e-type=\"widget\" data-widget_type=\"text-editor.default\">\n\t\t\t\t<div class=\"elementor-widget-container\">\n\t\t\t\t\t\t\t\t\t<h4><u>2026<\/u><\/h4><p><b>Curricular<\/b><\/p><p><span style=\"font-weight: 400;\">Segunda a quinta-feira: 13h10 \u00e0s 17h50<\/span><span style=\"font-weight: 400;\"><br \/><\/span><span style=\"font-weight: 400;\">Sexta-feira: 13h10 \u00e0s 17h <\/span><\/p><p><b>Turno Complementar <\/b><span style=\"font-weight: 400;\">(opcional) <\/span><span style=\"font-weight: 400;\"><br \/><\/span><span style=\"font-weight: 400;\">7h30 \u00e0s 13h\u00a0<\/span><\/p><p><b>Atividades Extracurriculares <\/b><span style=\"font-weight: 400;\">(opcional)\u00a0<\/span><\/p><p><span style=\"font-weight: 400;\">18h \u00e0s 19h, de segunda a quinta-feira<\/span><\/p><p><span style=\"font-weight: 400;\">Os hor\u00e1rios curriculares, detalhados por turma,\u00a0 s\u00e3o apresentados nos quadros a seguir.<\/span><\/p>\t\t\t\t\t\t\t\t<\/div>\n\t\t\t\t<\/div>\n\t\t\t\t<\/div>\n\t\t<div class=\"elementor-element elementor-element-5919c01 e-con-full e-flex e-con e-child\" data-id=\"5919c01\" data-element_type=\"container\" data-e-type=\"container\" id=\"m1-01\">\n\t\t\t\t<div class=\"elementor-element elementor-element-b05afa7 elementor-widget elementor-widget-heading\" data-id=\"b05afa7\" data-element_type=\"widget\" data-e-type=\"widget\" data-widget_type=\"heading.default\">\n\t\t\t\t<div class=\"elementor-widget-container\">\n\t\t\t\t\t<h2 class=\"elementor-heading-title elementor-size-default\">Maternal 1 - Turma 001 | Pera<\/h2>\t\t\t\t<\/div>\n\t\t\t\t<\/div>\n\t\t\t\t<div class=\"elementor-element elementor-element-e49e799 elementor-widget elementor-widget-image\" data-id=\"e49e799\" data-element_type=\"widget\" data-e-type=\"widget\" data-widget_type=\"image.default\">\n\t\t\t\t<div class=\"elementor-widget-container\">\n\t\t\t\t\t\t\t\t\t\t\t\t\t\t\t<img fetchpriority=\"high\" decoding=\"async\" width=\"873\" height=\"563\" src=\"https:\/\/israelitaedu.com.br\/guiaescolar\/wp-content\/uploads\/2026\/02\/M1_001_PERA.png\" class=\"attachment-full size-full wp-image-8062\" alt=\"\" srcset=\"https:\/\/israelitaedu.com.br\/guiaescolar\/wp-content\/uploads\/2026\/02\/M1_001_PERA.png 873w, https:\/\/israelitaedu.com.br\/guiaescolar\/wp-content\/uploads\/2026\/02\/M1_001_PERA-300x193.png 300w, https:\/\/israelitaedu.com.br\/guiaescolar\/wp-content\/uploads\/2026\/02\/M1_001_PERA-768x495.png 768w\" sizes=\"(max-width: 873px) 100vw, 873px\" \/>\t\t\t\t\t\t\t\t\t\t\t\t\t\t\t<\/div>\n\t\t\t\t<\/div>\n\t\t\t\t<div class=\"elementor-element elementor-element-66ed26c elementor-view-default elementor-widget elementor-widget-icon\" data-id=\"66ed26c\" data-element_type=\"widget\" data-e-type=\"widget\" data-widget_type=\"icon.default\">\n\t\t\t\t<div class=\"elementor-widget-container\">\n\t\t\t\t\t\t\t<div class=\"elementor-icon-wrapper\">\n\t\t\t<a class=\"elementor-icon\" href=\"#navegue\">\n\t\t\t<svg aria-hidden=\"true\" class=\"e-font-icon-svg e-fas-angle-up\" viewBox=\"0 0 320 512\" xmlns=\"http:\/\/www.w3.org\/2000\/svg\"><path d=\"M177 159.7l136 136c9.4 9.4 9.4 24.6 0 33.9l-22.6 22.6c-9.4 9.4-24.6 9.4-33.9 0L160 255.9l-96.4 96.4c-9.4 9.4-24.6 9.4-33.9 0L7 329.7c-9.4-9.4-9.4-24.6 0-33.9l136-136c9.4-9.5 24.6-9.5 34-.1z\"><\/path><\/svg>\t\t\t<\/a>\n\t\t<\/div>\n\t\t\t\t\t\t<\/div>\n\t\t\t\t<\/div>\n\t\t\t\t<\/div>\n\t\t<div class=\"elementor-element elementor-element-3c47084 e-con-full e-flex e-con e-child\" data-id=\"3c47084\" data-element_type=\"container\" data-e-type=\"container\" id=\"m1-02\">\n\t\t\t\t<div class=\"elementor-element elementor-element-c51548c elementor-widget elementor-widget-heading\" data-id=\"c51548c\" data-element_type=\"widget\" data-e-type=\"widget\" data-widget_type=\"heading.default\">\n\t\t\t\t<div class=\"elementor-widget-container\">\n\t\t\t\t\t<h2 class=\"elementor-heading-title elementor-size-default\">Maternal 1 - Turma 002 | Ma\u00e7\u00e3 Verde<\/h2>\t\t\t\t<\/div>\n\t\t\t\t<\/div>\n\t\t\t\t<div class=\"elementor-element elementor-element-640ab8d elementor-widget elementor-widget-image\" data-id=\"640ab8d\" data-element_type=\"widget\" data-e-type=\"widget\" data-widget_type=\"image.default\">\n\t\t\t\t<div class=\"elementor-widget-container\">\n\t\t\t\t\t\t\t\t\t\t\t\t\t\t\t<img decoding=\"async\" width=\"869\" height=\"564\" src=\"https:\/\/israelitaedu.com.br\/guiaescolar\/wp-content\/uploads\/2026\/02\/M1_002_MACA.png\" class=\"attachment-full size-full wp-image-8063\" alt=\"\" srcset=\"https:\/\/israelitaedu.com.br\/guiaescolar\/wp-content\/uploads\/2026\/02\/M1_002_MACA.png 869w, https:\/\/israelitaedu.com.br\/guiaescolar\/wp-content\/uploads\/2026\/02\/M1_002_MACA-300x195.png 300w, https:\/\/israelitaedu.com.br\/guiaescolar\/wp-content\/uploads\/2026\/02\/M1_002_MACA-768x498.png 768w\" sizes=\"(max-width: 869px) 100vw, 869px\" \/>\t\t\t\t\t\t\t\t\t\t\t\t\t\t\t<\/div>\n\t\t\t\t<\/div>\n\t\t\t\t<div class=\"elementor-element elementor-element-62f0294 elementor-view-default elementor-widget elementor-widget-icon\" data-id=\"62f0294\" data-element_type=\"widget\" data-e-type=\"widget\" data-widget_type=\"icon.default\">\n\t\t\t\t<div class=\"elementor-widget-container\">\n\t\t\t\t\t\t\t<div class=\"elementor-icon-wrapper\">\n\t\t\t<a class=\"elementor-icon\" href=\"#navegue\">\n\t\t\t<svg aria-hidden=\"true\" class=\"e-font-icon-svg e-fas-angle-up\" viewBox=\"0 0 320 512\" xmlns=\"http:\/\/www.w3.org\/2000\/svg\"><path d=\"M177 159.7l136 136c9.4 9.4 9.4 24.6 0 33.9l-22.6 22.6c-9.4 9.4-24.6 9.4-33.9 0L160 255.9l-96.4 96.4c-9.4 9.4-24.6 9.4-33.9 0L7 329.7c-9.4-9.4-9.4-24.6 0-33.9l136-136c9.4-9.5 24.6-9.5 34-.1z\"><\/path><\/svg>\t\t\t<\/a>\n\t\t<\/div>\n\t\t\t\t\t\t<\/div>\n\t\t\t\t<\/div>\n\t\t\t\t<\/div>\n\t\t<div class=\"elementor-element elementor-element-47fabcc e-con-full e-flex e-con e-child\" data-id=\"47fabcc\" data-element_type=\"container\" data-e-type=\"container\" id=\"m2-01\">\n\t\t\t\t<div class=\"elementor-element elementor-element-1a7f124 elementor-widget elementor-widget-heading\" data-id=\"1a7f124\" data-element_type=\"widget\" data-e-type=\"widget\" data-widget_type=\"heading.default\">\n\t\t\t\t<div class=\"elementor-widget-container\">\n\t\t\t\t\t<h2 class=\"elementor-heading-title elementor-size-default\">Maternal 2 - Turma 003 | Morango<\/h2>\t\t\t\t<\/div>\n\t\t\t\t<\/div>\n\t\t\t\t<div class=\"elementor-element elementor-element-6f6d44b elementor-widget elementor-widget-image\" data-id=\"6f6d44b\" data-element_type=\"widget\" data-e-type=\"widget\" data-widget_type=\"image.default\">\n\t\t\t\t<div class=\"elementor-widget-container\">\n\t\t\t\t\t\t\t\t\t\t\t\t\t\t\t<img decoding=\"async\" width=\"871\" height=\"566\" src=\"https:\/\/israelitaedu.com.br\/guiaescolar\/wp-content\/uploads\/2026\/02\/M2_003_MORANGO.png\" class=\"attachment-full size-full wp-image-8064\" alt=\"\" srcset=\"https:\/\/israelitaedu.com.br\/guiaescolar\/wp-content\/uploads\/2026\/02\/M2_003_MORANGO.png 871w, https:\/\/israelitaedu.com.br\/guiaescolar\/wp-content\/uploads\/2026\/02\/M2_003_MORANGO-300x195.png 300w, https:\/\/israelitaedu.com.br\/guiaescolar\/wp-content\/uploads\/2026\/02\/M2_003_MORANGO-768x499.png 768w\" sizes=\"(max-width: 871px) 100vw, 871px\" \/>\t\t\t\t\t\t\t\t\t\t\t\t\t\t\t<\/div>\n\t\t\t\t<\/div>\n\t\t\t\t<div class=\"elementor-element elementor-element-42b75c7 elementor-view-default elementor-widget elementor-widget-icon\" data-id=\"42b75c7\" data-element_type=\"widget\" data-e-type=\"widget\" data-widget_type=\"icon.default\">\n\t\t\t\t<div class=\"elementor-widget-container\">\n\t\t\t\t\t\t\t<div class=\"elementor-icon-wrapper\">\n\t\t\t<a class=\"elementor-icon\" href=\"#navegue\">\n\t\t\t<svg aria-hidden=\"true\" class=\"e-font-icon-svg e-fas-angle-up\" viewBox=\"0 0 320 512\" xmlns=\"http:\/\/www.w3.org\/2000\/svg\"><path d=\"M177 159.7l136 136c9.4 9.4 9.4 24.6 0 33.9l-22.6 22.6c-9.4 9.4-24.6 9.4-33.9 0L160 255.9l-96.4 96.4c-9.4 9.4-24.6 9.4-33.9 0L7 329.7c-9.4-9.4-9.4-24.6 0-33.9l136-136c9.4-9.5 24.6-9.5 34-.1z\"><\/path><\/svg>\t\t\t<\/a>\n\t\t<\/div>\n\t\t\t\t\t\t<\/div>\n\t\t\t\t<\/div>\n\t\t\t\t<\/div>\n\t\t<div class=\"elementor-element elementor-element-d7f4371 e-con-full e-flex e-con e-child\" data-id=\"d7f4371\" data-element_type=\"container\" data-e-type=\"container\" id=\"m2-02\">\n\t\t\t\t<div class=\"elementor-element elementor-element-23241ae elementor-widget elementor-widget-heading\" data-id=\"23241ae\" data-element_type=\"widget\" data-e-type=\"widget\" data-widget_type=\"heading.default\">\n\t\t\t\t<div class=\"elementor-widget-container\">\n\t\t\t\t\t<h2 class=\"elementor-heading-title elementor-size-default\">Maternal 2 - Turma 004 | Melancia<\/h2>\t\t\t\t<\/div>\n\t\t\t\t<\/div>\n\t\t\t\t<div class=\"elementor-element elementor-element-4e9730c elementor-widget elementor-widget-image\" data-id=\"4e9730c\" data-element_type=\"widget\" data-e-type=\"widget\" data-widget_type=\"image.default\">\n\t\t\t\t<div class=\"elementor-widget-container\">\n\t\t\t\t\t\t\t\t\t\t\t\t\t\t\t<img loading=\"lazy\" decoding=\"async\" width=\"755\" height=\"492\" src=\"https:\/\/israelitaedu.com.br\/guiaescolar\/wp-content\/uploads\/2026\/02\/M2_004_MELANCIA.png\" class=\"attachment-full size-full wp-image-8065\" alt=\"\" srcset=\"https:\/\/israelitaedu.com.br\/guiaescolar\/wp-content\/uploads\/2026\/02\/M2_004_MELANCIA.png 755w, https:\/\/israelitaedu.com.br\/guiaescolar\/wp-content\/uploads\/2026\/02\/M2_004_MELANCIA-300x195.png 300w\" sizes=\"(max-width: 755px) 100vw, 755px\" \/>\t\t\t\t\t\t\t\t\t\t\t\t\t\t\t<\/div>\n\t\t\t\t<\/div>\n\t\t\t\t<div class=\"elementor-element elementor-element-80efb53 elementor-view-default elementor-widget elementor-widget-icon\" data-id=\"80efb53\" data-element_type=\"widget\" data-e-type=\"widget\" data-widget_type=\"icon.default\">\n\t\t\t\t<div class=\"elementor-widget-container\">\n\t\t\t\t\t\t\t<div class=\"elementor-icon-wrapper\">\n\t\t\t<a class=\"elementor-icon\" href=\"#navegue\">\n\t\t\t<svg aria-hidden=\"true\" class=\"e-font-icon-svg e-fas-angle-up\" viewBox=\"0 0 320 512\" xmlns=\"http:\/\/www.w3.org\/2000\/svg\"><path d=\"M177 159.7l136 136c9.4 9.4 9.4 24.6 0 33.9l-22.6 22.6c-9.4 9.4-24.6 9.4-33.9 0L160 255.9l-96.4 96.4c-9.4 9.4-24.6 9.4-33.9 0L7 329.7c-9.4-9.4-9.4-24.6 0-33.9l136-136c9.4-9.5 24.6-9.5 34-.1z\"><\/path><\/svg>\t\t\t<\/a>\n\t\t<\/div>\n\t\t\t\t\t\t<\/div>\n\t\t\t\t<\/div>\n\t\t\t\t<\/div>\n\t\t<div class=\"elementor-element elementor-element-09557f0 e-con-full e-flex e-con e-child\" data-id=\"09557f0\" data-element_type=\"container\" data-e-type=\"container\" id=\"m3-01\">\n\t\t\t\t<div class=\"elementor-element elementor-element-346d609 elementor-widget elementor-widget-heading\" data-id=\"346d609\" data-element_type=\"widget\" data-e-type=\"widget\" data-widget_type=\"heading.default\">\n\t\t\t\t<div class=\"elementor-widget-container\">\n\t\t\t\t\t<h2 class=\"elementor-heading-title elementor-size-default\">Maternal 3 - Turma 005 | Uva<\/h2>\t\t\t\t<\/div>\n\t\t\t\t<\/div>\n\t\t\t\t<div class=\"elementor-element elementor-element-a3ed76a elementor-widget elementor-widget-image\" data-id=\"a3ed76a\" data-element_type=\"widget\" data-e-type=\"widget\" data-widget_type=\"image.default\">\n\t\t\t\t<div class=\"elementor-widget-container\">\n\t\t\t\t\t\t\t\t\t\t\t\t\t\t\t<img loading=\"lazy\" decoding=\"async\" width=\"757\" height=\"496\" src=\"https:\/\/israelitaedu.com.br\/guiaescolar\/wp-content\/uploads\/2026\/02\/M3_005_UVA.png\" class=\"attachment-full size-full wp-image-8066\" alt=\"\" srcset=\"https:\/\/israelitaedu.com.br\/guiaescolar\/wp-content\/uploads\/2026\/02\/M3_005_UVA.png 757w, https:\/\/israelitaedu.com.br\/guiaescolar\/wp-content\/uploads\/2026\/02\/M3_005_UVA-300x197.png 300w\" sizes=\"(max-width: 757px) 100vw, 757px\" \/>\t\t\t\t\t\t\t\t\t\t\t\t\t\t\t<\/div>\n\t\t\t\t<\/div>\n\t\t\t\t<div class=\"elementor-element elementor-element-aa819f4 elementor-view-default elementor-widget elementor-widget-icon\" data-id=\"aa819f4\" data-element_type=\"widget\" data-e-type=\"widget\" data-widget_type=\"icon.default\">\n\t\t\t\t<div class=\"elementor-widget-container\">\n\t\t\t\t\t\t\t<div class=\"elementor-icon-wrapper\">\n\t\t\t<a class=\"elementor-icon\" href=\"#navegue\">\n\t\t\t<svg aria-hidden=\"true\" class=\"e-font-icon-svg e-fas-angle-up\" viewBox=\"0 0 320 512\" xmlns=\"http:\/\/www.w3.org\/2000\/svg\"><path d=\"M177 159.7l136 136c9.4 9.4 9.4 24.6 0 33.9l-22.6 22.6c-9.4 9.4-24.6 9.4-33.9 0L160 255.9l-96.4 96.4c-9.4 9.4-24.6 9.4-33.9 0L7 329.7c-9.4-9.4-9.4-24.6 0-33.9l136-136c9.4-9.5 24.6-9.5 34-.1z\"><\/path><\/svg>\t\t\t<\/a>\n\t\t<\/div>\n\t\t\t\t\t\t<\/div>\n\t\t\t\t<\/div>\n\t\t\t\t<\/div>\n\t\t<div class=\"elementor-element elementor-element-1d8a1df e-con-full e-flex e-con e-child\" data-id=\"1d8a1df\" data-element_type=\"container\" data-e-type=\"container\" id=\"m3-02\">\n\t\t\t\t<div class=\"elementor-element elementor-element-8453199 elementor-widget elementor-widget-heading\" data-id=\"8453199\" data-element_type=\"widget\" data-e-type=\"widget\" data-widget_type=\"heading.default\">\n\t\t\t\t<div class=\"elementor-widget-container\">\n\t\t\t\t\t<h2 class=\"elementor-heading-title elementor-size-default\">Maternal 3 - Turma 006 | Laranja<\/h2>\t\t\t\t<\/div>\n\t\t\t\t<\/div>\n\t\t\t\t<div class=\"elementor-element elementor-element-3691cfb elementor-widget elementor-widget-image\" data-id=\"3691cfb\" data-element_type=\"widget\" data-e-type=\"widget\" data-widget_type=\"image.default\">\n\t\t\t\t<div class=\"elementor-widget-container\">\n\t\t\t\t\t\t\t\t\t\t\t\t\t\t\t<img loading=\"lazy\" decoding=\"async\" width=\"755\" height=\"492\" src=\"https:\/\/israelitaedu.com.br\/guiaescolar\/wp-content\/uploads\/2026\/02\/M3_006_LARANJA.png\" class=\"attachment-full size-full wp-image-8067\" alt=\"\" srcset=\"https:\/\/israelitaedu.com.br\/guiaescolar\/wp-content\/uploads\/2026\/02\/M3_006_LARANJA.png 755w, https:\/\/israelitaedu.com.br\/guiaescolar\/wp-content\/uploads\/2026\/02\/M3_006_LARANJA-300x195.png 300w\" sizes=\"(max-width: 755px) 100vw, 755px\" \/>\t\t\t\t\t\t\t\t\t\t\t\t\t\t\t<\/div>\n\t\t\t\t<\/div>\n\t\t\t\t<div class=\"elementor-element elementor-element-183a9e4 elementor-view-default elementor-widget elementor-widget-icon\" data-id=\"183a9e4\" data-element_type=\"widget\" data-e-type=\"widget\" data-widget_type=\"icon.default\">\n\t\t\t\t<div class=\"elementor-widget-container\">\n\t\t\t\t\t\t\t<div class=\"elementor-icon-wrapper\">\n\t\t\t<a class=\"elementor-icon\" href=\"#navegue\">\n\t\t\t<svg aria-hidden=\"true\" class=\"e-font-icon-svg e-fas-angle-up\" viewBox=\"0 0 320 512\" xmlns=\"http:\/\/www.w3.org\/2000\/svg\"><path d=\"M177 159.7l136 136c9.4 9.4 9.4 24.6 0 33.9l-22.6 22.6c-9.4 9.4-24.6 9.4-33.9 0L160 255.9l-96.4 96.4c-9.4 9.4-24.6 9.4-33.9 0L7 329.7c-9.4-9.4-9.4-24.6 0-33.9l136-136c9.4-9.5 24.6-9.5 34-.1z\"><\/path><\/svg>\t\t\t<\/a>\n\t\t<\/div>\n\t\t\t\t\t\t<\/div>\n\t\t\t\t<\/div>\n\t\t\t\t<\/div>\n\t\t<div class=\"elementor-element elementor-element-9491c33 e-con-full e-flex e-con e-child\" data-id=\"9491c33\" data-element_type=\"container\" data-e-type=\"container\" id=\"na-01\">\n\t\t\t\t<div class=\"elementor-element elementor-element-fcd6dfe elementor-widget elementor-widget-heading\" data-id=\"fcd6dfe\" data-element_type=\"widget\" data-e-type=\"widget\" data-widget_type=\"heading.default\">\n\t\t\t\t<div class=\"elementor-widget-container\">\n\t\t\t\t\t<h2 class=\"elementor-heading-title elementor-size-default\">N\u00edvel A - Turma 007 | Abacate<\/h2>\t\t\t\t<\/div>\n\t\t\t\t<\/div>\n\t\t\t\t<div class=\"elementor-element elementor-element-777b94d elementor-widget elementor-widget-image\" data-id=\"777b94d\" data-element_type=\"widget\" data-e-type=\"widget\" data-widget_type=\"image.default\">\n\t\t\t\t<div class=\"elementor-widget-container\">\n\t\t\t\t\t\t\t\t\t\t\t\t\t\t\t<img loading=\"lazy\" decoding=\"async\" width=\"652\" height=\"428\" src=\"https:\/\/israelitaedu.com.br\/guiaescolar\/wp-content\/uploads\/2026\/02\/NA_007_ABACATE.png\" class=\"attachment-full size-full wp-image-8068\" alt=\"\" srcset=\"https:\/\/israelitaedu.com.br\/guiaescolar\/wp-content\/uploads\/2026\/02\/NA_007_ABACATE.png 652w, https:\/\/israelitaedu.com.br\/guiaescolar\/wp-content\/uploads\/2026\/02\/NA_007_ABACATE-300x197.png 300w\" sizes=\"(max-width: 652px) 100vw, 652px\" \/>\t\t\t\t\t\t\t\t\t\t\t\t\t\t\t<\/div>\n\t\t\t\t<\/div>\n\t\t\t\t<div class=\"elementor-element elementor-element-f421a0a elementor-view-default elementor-widget elementor-widget-icon\" data-id=\"f421a0a\" data-element_type=\"widget\" data-e-type=\"widget\" data-widget_type=\"icon.default\">\n\t\t\t\t<div class=\"elementor-widget-container\">\n\t\t\t\t\t\t\t<div class=\"elementor-icon-wrapper\">\n\t\t\t<a class=\"elementor-icon\" href=\"#navegue\">\n\t\t\t<svg aria-hidden=\"true\" class=\"e-font-icon-svg e-fas-angle-up\" viewBox=\"0 0 320 512\" xmlns=\"http:\/\/www.w3.org\/2000\/svg\"><path d=\"M177 159.7l136 136c9.4 9.4 9.4 24.6 0 33.9l-22.6 22.6c-9.4 9.4-24.6 9.4-33.9 0L160 255.9l-96.4 96.4c-9.4 9.4-24.6 9.4-33.9 0L7 329.7c-9.4-9.4-9.4-24.6 0-33.9l136-136c9.4-9.5 24.6-9.5 34-.1z\"><\/path><\/svg>\t\t\t<\/a>\n\t\t<\/div>\n\t\t\t\t\t\t<\/div>\n\t\t\t\t<\/div>\n\t\t\t\t<\/div>\n\t\t<div class=\"elementor-element elementor-element-feb7da1 e-con-full e-flex e-con e-child\" data-id=\"feb7da1\" data-element_type=\"container\" data-e-type=\"container\" id=\"na-02\">\n\t\t\t\t<div class=\"elementor-element elementor-element-ef68469 elementor-widget elementor-widget-heading\" data-id=\"ef68469\" data-element_type=\"widget\" data-e-type=\"widget\" data-widget_type=\"heading.default\">\n\t\t\t\t<div class=\"elementor-widget-container\">\n\t\t\t\t\t<h2 class=\"elementor-heading-title elementor-size-default\">N\u00edvel A - Turma 008 | Framboesa<\/h2>\t\t\t\t<\/div>\n\t\t\t\t<\/div>\n\t\t\t\t<div class=\"elementor-element elementor-element-9fb29f8 elementor-widget elementor-widget-image\" data-id=\"9fb29f8\" data-element_type=\"widget\" data-e-type=\"widget\" data-widget_type=\"image.default\">\n\t\t\t\t<div class=\"elementor-widget-container\">\n\t\t\t\t\t\t\t\t\t\t\t\t\t\t\t<img loading=\"lazy\" decoding=\"async\" width=\"757\" height=\"490\" src=\"https:\/\/israelitaedu.com.br\/guiaescolar\/wp-content\/uploads\/2026\/02\/NA_008_FRAMBOESA.png\" class=\"attachment-full size-full wp-image-8069\" alt=\"\" srcset=\"https:\/\/israelitaedu.com.br\/guiaescolar\/wp-content\/uploads\/2026\/02\/NA_008_FRAMBOESA.png 757w, https:\/\/israelitaedu.com.br\/guiaescolar\/wp-content\/uploads\/2026\/02\/NA_008_FRAMBOESA-300x194.png 300w\" sizes=\"(max-width: 757px) 100vw, 757px\" \/>\t\t\t\t\t\t\t\t\t\t\t\t\t\t\t<\/div>\n\t\t\t\t<\/div>\n\t\t\t\t<div class=\"elementor-element elementor-element-d900850 elementor-view-default elementor-widget elementor-widget-icon\" data-id=\"d900850\" data-element_type=\"widget\" data-e-type=\"widget\" data-widget_type=\"icon.default\">\n\t\t\t\t<div class=\"elementor-widget-container\">\n\t\t\t\t\t\t\t<div class=\"elementor-icon-wrapper\">\n\t\t\t<a class=\"elementor-icon\" href=\"#navegue\">\n\t\t\t<svg aria-hidden=\"true\" class=\"e-font-icon-svg e-fas-angle-up\" viewBox=\"0 0 320 512\" xmlns=\"http:\/\/www.w3.org\/2000\/svg\"><path d=\"M177 159.7l136 136c9.4 9.4 9.4 24.6 0 33.9l-22.6 22.6c-9.4 9.4-24.6 9.4-33.9 0L160 255.9l-96.4 96.4c-9.4 9.4-24.6 9.4-33.9 0L7 329.7c-9.4-9.4-9.4-24.6 0-33.9l136-136c9.4-9.5 24.6-9.5 34-.1z\"><\/path><\/svg>\t\t\t<\/a>\n\t\t<\/div>\n\t\t\t\t\t\t<\/div>\n\t\t\t\t<\/div>\n\t\t\t\t<\/div>\n\t\t<div class=\"elementor-element elementor-element-e07d021 e-con-full e-flex e-con e-child\" data-id=\"e07d021\" data-element_type=\"container\" data-e-type=\"container\" id=\"nb-01\">\n\t\t\t\t<div class=\"elementor-element elementor-element-8cbb6f5 elementor-widget elementor-widget-heading\" data-id=\"8cbb6f5\" data-element_type=\"widget\" data-e-type=\"widget\" data-widget_type=\"heading.default\">\n\t\t\t\t<div class=\"elementor-widget-container\">\n\t\t\t\t\t<h2 class=\"elementor-heading-title elementor-size-default\">N\u00edvel B - Turma 009 | Rom\u00e3<\/h2>\t\t\t\t<\/div>\n\t\t\t\t<\/div>\n\t\t\t\t<div class=\"elementor-element elementor-element-ca79d46 elementor-widget elementor-widget-image\" data-id=\"ca79d46\" data-element_type=\"widget\" data-e-type=\"widget\" data-widget_type=\"image.default\">\n\t\t\t\t<div class=\"elementor-widget-container\">\n\t\t\t\t\t\t\t\t\t\t\t\t\t\t\t<img loading=\"lazy\" decoding=\"async\" width=\"764\" height=\"501\" src=\"https:\/\/israelitaedu.com.br\/guiaescolar\/wp-content\/uploads\/2026\/02\/NB_009_ROMA.png\" class=\"attachment-full size-full wp-image-8070\" alt=\"\" srcset=\"https:\/\/israelitaedu.com.br\/guiaescolar\/wp-content\/uploads\/2026\/02\/NB_009_ROMA.png 764w, https:\/\/israelitaedu.com.br\/guiaescolar\/wp-content\/uploads\/2026\/02\/NB_009_ROMA-300x197.png 300w\" sizes=\"(max-width: 764px) 100vw, 764px\" \/>\t\t\t\t\t\t\t\t\t\t\t\t\t\t\t<\/div>\n\t\t\t\t<\/div>\n\t\t\t\t<div class=\"elementor-element elementor-element-f160493 elementor-view-default elementor-widget elementor-widget-icon\" data-id=\"f160493\" data-element_type=\"widget\" data-e-type=\"widget\" data-widget_type=\"icon.default\">\n\t\t\t\t<div class=\"elementor-widget-container\">\n\t\t\t\t\t\t\t<div class=\"elementor-icon-wrapper\">\n\t\t\t<a class=\"elementor-icon\" href=\"#navegue\">\n\t\t\t<svg aria-hidden=\"true\" class=\"e-font-icon-svg e-fas-angle-up\" viewBox=\"0 0 320 512\" xmlns=\"http:\/\/www.w3.org\/2000\/svg\"><path d=\"M177 159.7l136 136c9.4 9.4 9.4 24.6 0 33.9l-22.6 22.6c-9.4 9.4-24.6 9.4-33.9 0L160 255.9l-96.4 96.4c-9.4 9.4-24.6 9.4-33.9 0L7 329.7c-9.4-9.4-9.4-24.6 0-33.9l136-136c9.4-9.5 24.6-9.5 34-.1z\"><\/path><\/svg>\t\t\t<\/a>\n\t\t<\/div>\n\t\t\t\t\t\t<\/div>\n\t\t\t\t<\/div>\n\t\t\t\t<\/div>\n\t\t<div class=\"elementor-element elementor-element-d9adc75 e-con-full e-flex e-con e-child\" data-id=\"d9adc75\" data-element_type=\"container\" data-e-type=\"container\" id=\"nb-02\">\n\t\t\t\t<div class=\"elementor-element elementor-element-3ab3362 elementor-widget elementor-widget-heading\" data-id=\"3ab3362\" data-element_type=\"widget\" data-e-type=\"widget\" data-widget_type=\"heading.default\">\n\t\t\t\t<div class=\"elementor-widget-container\">\n\t\t\t\t\t<h2 class=\"elementor-heading-title elementor-size-default\">N\u00edvel B - Turma 010 | T\u00e2mara<\/h2>\t\t\t\t<\/div>\n\t\t\t\t<\/div>\n\t\t\t\t<div class=\"elementor-element elementor-element-c52311c elementor-widget elementor-widget-image\" data-id=\"c52311c\" data-element_type=\"widget\" data-e-type=\"widget\" data-widget_type=\"image.default\">\n\t\t\t\t<div class=\"elementor-widget-container\">\n\t\t\t\t\t\t\t\t\t\t\t\t\t\t\t<img loading=\"lazy\" decoding=\"async\" width=\"757\" height=\"493\" src=\"https:\/\/israelitaedu.com.br\/guiaescolar\/wp-content\/uploads\/2026\/02\/NB_010_TAMARA.png\" class=\"attachment-full size-full wp-image-8071\" alt=\"\" srcset=\"https:\/\/israelitaedu.com.br\/guiaescolar\/wp-content\/uploads\/2026\/02\/NB_010_TAMARA.png 757w, https:\/\/israelitaedu.com.br\/guiaescolar\/wp-content\/uploads\/2026\/02\/NB_010_TAMARA-300x195.png 300w\" sizes=\"(max-width: 757px) 100vw, 757px\" \/>\t\t\t\t\t\t\t\t\t\t\t\t\t\t\t<\/div>\n\t\t\t\t<\/div>\n\t\t\t\t<div class=\"elementor-element elementor-element-942ff13 elementor-view-default elementor-widget elementor-widget-icon\" data-id=\"942ff13\" data-element_type=\"widget\" data-e-type=\"widget\" data-widget_type=\"icon.default\">\n\t\t\t\t<div class=\"elementor-widget-container\">\n\t\t\t\t\t\t\t<div class=\"elementor-icon-wrapper\">\n\t\t\t<a class=\"elementor-icon\" href=\"#navegue\">\n\t\t\t<svg aria-hidden=\"true\" class=\"e-font-icon-svg e-fas-angle-up\" viewBox=\"0 0 320 512\" xmlns=\"http:\/\/www.w3.org\/2000\/svg\"><path d=\"M177 159.7l136 136c9.4 9.4 9.4 24.6 0 33.9l-22.6 22.6c-9.4 9.4-24.6 9.4-33.9 0L160 255.9l-96.4 96.4c-9.4 9.4-24.6 9.4-33.9 0L7 329.7c-9.4-9.4-9.4-24.6 0-33.9l136-136c9.4-9.5 24.6-9.5 34-.1z\"><\/path><\/svg>\t\t\t<\/a>\n\t\t<\/div>\n\t\t\t\t\t\t<\/div>\n\t\t\t\t<\/div>\n\t\t\t\t<\/div>\n\t\t\t\t<\/div>\n\t\t\t\t\t<\/div>\n\t\t\t\t<\/div>\n\t\t\t\t<\/div>\n\t\t","protected":false},"excerpt":{"rendered":"<p>Hor\u00e1rios 2026 Curricular Segunda a quinta-feira: 13h10 \u00e0s 17h50Sexta-feira: 13h10 \u00e0s 17h Turno Complementar (opcional) 7h30 \u00e0s 13h\u00a0 Atividades Extracurriculares (opcional)\u00a0 18h \u00e0s 19h, de segunda a quinta-feira Os hor\u00e1rios curriculares, detalhados por turma,\u00a0 s\u00e3o apresentados nos quadros a seguir. Maternal 1 &#8211; Turma 001 | Pera Maternal 1 &#8211; Turma 002 | Ma\u00e7\u00e3 Verde [&hellip;]<\/p>\n","protected":false},"author":6,"featured_media":0,"parent":300,"menu_order":0,"comment_status":"closed","ping_status":"closed","template":"","meta":{"footnotes":""},"class_list":["post-323","page","type-page","status-publish","hentry"],"_links":{"self":[{"href":"https:\/\/israelitaedu.com.br\/guiaescolar\/wp-json\/wp\/v2\/pages\/323","targetHints":{"allow":["GET"]}}],"collection":[{"href":"https:\/\/israelitaedu.com.br\/guiaescolar\/wp-json\/wp\/v2\/pages"}],"about":[{"href":"https:\/\/israelitaedu.com.br\/guiaescolar\/wp-json\/wp\/v2\/types\/page"}],"author":[{"embeddable":true,"href":"https:\/\/israelitaedu.com.br\/guiaescolar\/wp-json\/wp\/v2\/users\/6"}],"replies":[{"embeddable":true,"href":"https:\/\/israelitaedu.com.br\/guiaescolar\/wp-json\/wp\/v2\/comments?post=323"}],"version-history":[{"count":63,"href":"https:\/\/israelitaedu.com.br\/guiaescolar\/wp-json\/wp\/v2\/pages\/323\/revisions"}],"predecessor-version":[{"id":8074,"href":"https:\/\/israelitaedu.com.br\/guiaescolar\/wp-json\/wp\/v2\/pages\/323\/revisions\/8074"}],"up":[{"embeddable":true,"href":"https:\/\/israelitaedu.com.br\/guiaescolar\/wp-json\/wp\/v2\/pages\/300"}],"wp:attachment":[{"href":"https:\/\/israelitaedu.com.br\/guiaescolar\/wp-json\/wp\/v2\/media?parent=323"}],"curies":[{"name":"wp","href":"https:\/\/api.w.org\/{rel}","templated":true}]}}