{"id":2572,"date":"2025-08-26T11:36:04","date_gmt":"2025-08-26T14:36:04","guid":{"rendered":"https:\/\/israelitaedu.com.br\/guiaescolar\/?page_id=2572"},"modified":"2026-01-05T14:20:24","modified_gmt":"2026-01-05T17:20:24","slug":"semana-chai","status":"publish","type":"page","link":"https:\/\/israelitaedu.com.br\/guiaescolar\/semana-chai\/","title":{"rendered":"Semana Chai"},"content":{"rendered":"\t\t<div data-elementor-type=\"wp-page\" data-elementor-id=\"2572\" class=\"elementor elementor-2572\" data-elementor-post-type=\"page\">\n\t\t\t\t<div class=\"elementor-element elementor-element-579619c e-flex e-con-boxed e-con e-parent\" data-id=\"579619c\" data-element_type=\"container\" data-e-type=\"container\" data-settings=\"{&quot;background_background&quot;:&quot;classic&quot;}\">\n\t\t\t\t\t<div class=\"e-con-inner\">\n\t\t<div class=\"elementor-element elementor-element-d2023f4 e-con-full e-flex e-con e-child\" data-id=\"d2023f4\" data-element_type=\"container\" data-e-type=\"container\">\n\t\t\t\t<div class=\"elementor-element elementor-element-8d20ea3 elementor-widget elementor-widget-image\" data-id=\"8d20ea3\" data-element_type=\"widget\" data-e-type=\"widget\" data-widget_type=\"image.default\">\n\t\t\t\t<div class=\"elementor-widget-container\">\n\t\t\t\t\t\t\t\t\t\t\t\t\t\t\t<img decoding=\"async\" width=\"150\" height=\"150\" src=\"https:\/\/israelitaedu.com.br\/guiaescolar\/wp-content\/uploads\/2025\/08\/Logo-Semana-Chai-2025-150x150.png\" class=\"attachment-thumbnail size-thumbnail wp-image-2601\" alt=\"\" \/>\t\t\t\t\t\t\t\t\t\t\t\t\t\t\t<\/div>\n\t\t\t\t<\/div>\n\t\t\t\t<\/div>\n\t\t<div class=\"elementor-element elementor-element-f59045d e-con-full e-flex e-con e-child\" data-id=\"f59045d\" data-element_type=\"container\" data-e-type=\"container\">\n\t\t\t\t<div class=\"elementor-element elementor-element-a11ce74 elementor-widget elementor-widget-text-editor\" data-id=\"a11ce74\" data-element_type=\"widget\" data-e-type=\"widget\" data-widget_type=\"text-editor.default\">\n\t\t\t\t<div class=\"elementor-widget-container\">\n\t\t\t\t\t\t\t\t\t<h3><span style=\"font-weight: 400;\">Semana Chai \u2013 Uma experi\u00eancia de integra\u00e7\u00e3o, coopera\u00e7\u00e3o e movimento<\/span><\/h3><p><span style=\"font-weight: 400;\">A Semana Chai \u00e9 um projeto do Col\u00e9gio Israelita Brasileiro que re\u00fane atividades esportivas, acad\u00eamicas e sociais em uma programa\u00e7\u00e3o especial para os alunos do 6\u00ba ano do Ensino Fundamental \u00e0 3\u00aa s\u00e9rie do Ensino M\u00e9dio.<\/span><\/p><p><span style=\"font-weight: 400;\">Ao longo da semana, as turmas participam de desafios e competi\u00e7\u00f5es que estimulam a criatividade, o trabalho em equipe e o esp\u00edrito de coopera\u00e7\u00e3o, fortalecendo o v\u00ednculo entre os estudantes e incentivando o engajamento em atividades coletivas, em duplas e individuais, sempre em um ambiente saud\u00e1vel e de aprendizado.<\/span><\/p><p><span style=\"font-weight: 400;\">Mais do que um evento esportivo, a Semana Chai promove aprendizados significativos, integrando divers\u00e3o, movimento e valores educativos. \u00c9 um momento em que cada estudante tem a oportunidade de colocar em pr\u00e1tica atitudes de respeito, colabora\u00e7\u00e3o e solidariedade, vivenciando de forma concreta o que aprende em sala de aula.<\/span><\/p><p><span style=\"font-weight: 400;\">Porque aprender tamb\u00e9m \u00e9 se mover, conviver e crescer juntos.<\/span><\/p><p>atividades coletivas, individuais e em duplas, representando suas turmas em um ambiente saud\u00e1vel e de aprendizado.<\/p>\t\t\t\t\t\t\t\t<\/div>\n\t\t\t\t<\/div>\n\t\t\t\t<\/div>\n\t\t<div class=\"elementor-element elementor-element-bfbafda e-grid e-con-full e-con e-child\" data-id=\"bfbafda\" data-element_type=\"container\" data-e-type=\"container\" data-settings=\"{&quot;background_background&quot;:&quot;classic&quot;}\">\n\t\t<a class=\"elementor-element elementor-element-c18afb0 e-con-full e-flex e-con e-child\" data-id=\"c18afb0\" data-element_type=\"container\" data-e-type=\"container\" data-settings=\"{&quot;background_background&quot;:&quot;classic&quot;}\">\n\t\t\t\t<div class=\"elementor-element elementor-element-320c8ff elementor-widget elementor-widget-heading\" data-id=\"320c8ff\" data-element_type=\"widget\" data-e-type=\"widget\" data-widget_type=\"heading.default\">\n\t\t\t\t<div class=\"elementor-widget-container\">\n\t\t\t\t\t<h2 class=\"elementor-heading-title elementor-size-default\">CRONOGRAMA DE ATIVIDADES<\/h2>\t\t\t\t<\/div>\n\t\t\t\t<\/div>\n\t\t\t\t<\/a>\n\t\t<a class=\"elementor-element elementor-element-7071352 e-con-full e-flex e-con e-child\" data-id=\"7071352\" data-element_type=\"container\" data-e-type=\"container\" data-settings=\"{&quot;background_background&quot;:&quot;classic&quot;}\">\n\t\t\t\t<div class=\"elementor-element elementor-element-3e7318e elementor-widget elementor-widget-heading\" data-id=\"3e7318e\" data-element_type=\"widget\" data-e-type=\"widget\" data-widget_type=\"heading.default\">\n\t\t\t\t<div class=\"elementor-widget-container\">\n\t\t\t\t\t<h2 class=\"elementor-heading-title elementor-size-default\">REGULAMENTO GERAL EF2<\/h2>\t\t\t\t<\/div>\n\t\t\t\t<\/div>\n\t\t\t\t<\/a>\n\t\t<a class=\"elementor-element elementor-element-7205985 e-con-full e-flex e-con e-child\" data-id=\"7205985\" data-element_type=\"container\" data-e-type=\"container\" data-settings=\"{&quot;background_background&quot;:&quot;classic&quot;}\">\n\t\t\t\t<div class=\"elementor-element elementor-element-91527c9 elementor-widget elementor-widget-heading\" data-id=\"91527c9\" data-element_type=\"widget\" data-e-type=\"widget\" data-widget_type=\"heading.default\">\n\t\t\t\t<div class=\"elementor-widget-container\">\n\t\t\t\t\t<h2 class=\"elementor-heading-title elementor-size-default\">REGULAMENTO GERAL EM<\/h2>\t\t\t\t<\/div>\n\t\t\t\t<\/div>\n\t\t\t\t<\/a>\n\t\t<a class=\"elementor-element elementor-element-b4ed52f e-con-full e-flex e-con e-child\" data-id=\"b4ed52f\" data-element_type=\"container\" data-e-type=\"container\" data-settings=\"{&quot;background_background&quot;:&quot;classic&quot;}\">\n\t\t\t\t<div class=\"elementor-element elementor-element-0de0dc4 elementor-widget elementor-widget-heading\" data-id=\"0de0dc4\" data-element_type=\"widget\" data-e-type=\"widget\" data-widget_type=\"heading.default\">\n\t\t\t\t<div class=\"elementor-widget-container\">\n\t\t\t\t\t<h2 class=\"elementor-heading-title elementor-size-default\">TAREFA EXTRA<\/h2>\t\t\t\t<\/div>\n\t\t\t\t<\/div>\n\t\t\t\t<\/a>\n\t\t<a class=\"elementor-element elementor-element-d26dfae e-con-full e-flex e-con e-child\" data-id=\"d26dfae\" data-element_type=\"container\" data-e-type=\"container\" data-settings=\"{&quot;background_background&quot;:&quot;classic&quot;}\">\n\t\t\t\t<div class=\"elementor-element elementor-element-a0d3f1b elementor-widget elementor-widget-heading\" data-id=\"a0d3f1b\" data-element_type=\"widget\" data-e-type=\"widget\" data-widget_type=\"heading.default\">\n\t\t\t\t<div class=\"elementor-widget-container\">\n\t\t\t\t\t<h2 class=\"elementor-heading-title elementor-size-default\">AUTORIZA\u00c7\u00c3O <\/h2>\t\t\t\t<\/div>\n\t\t\t\t<\/div>\n\t\t\t\t<\/a>\n\t\t\t\t<\/div>\n\t\t\t\t\t<\/div>\n\t\t\t\t<\/div>\n\t\t\t\t<\/div>\n\t\t","protected":false},"excerpt":{"rendered":"<p>Semana Chai \u2013 Uma experi\u00eancia de integra\u00e7\u00e3o, coopera\u00e7\u00e3o e movimento A Semana Chai \u00e9 um projeto do Col\u00e9gio Israelita Brasileiro que re\u00fane atividades esportivas, acad\u00eamicas e sociais em uma programa\u00e7\u00e3o especial para os alunos do 6\u00ba ano do Ensino Fundamental \u00e0 3\u00aa s\u00e9rie do Ensino M\u00e9dio. Ao longo da semana, as turmas participam de desafios [&hellip;]<\/p>\n","protected":false},"author":15,"featured_media":0,"parent":0,"menu_order":0,"comment_status":"closed","ping_status":"closed","template":"","meta":{"footnotes":""},"class_list":["post-2572","page","type-page","status-publish","hentry"],"_links":{"self":[{"href":"https:\/\/israelitaedu.com.br\/guiaescolar\/wp-json\/wp\/v2\/pages\/2572","targetHints":{"allow":["GET"]}}],"collection":[{"href":"https:\/\/israelitaedu.com.br\/guiaescolar\/wp-json\/wp\/v2\/pages"}],"about":[{"href":"https:\/\/israelitaedu.com.br\/guiaescolar\/wp-json\/wp\/v2\/types\/page"}],"author":[{"embeddable":true,"href":"https:\/\/israelitaedu.com.br\/guiaescolar\/wp-json\/wp\/v2\/users\/15"}],"replies":[{"embeddable":true,"href":"https:\/\/israelitaedu.com.br\/guiaescolar\/wp-json\/wp\/v2\/comments?post=2572"}],"version-history":[{"count":55,"href":"https:\/\/israelitaedu.com.br\/guiaescolar\/wp-json\/wp\/v2\/pages\/2572\/revisions"}],"predecessor-version":[{"id":6864,"href":"https:\/\/israelitaedu.com.br\/guiaescolar\/wp-json\/wp\/v2\/pages\/2572\/revisions\/6864"}],"wp:attachment":[{"href":"https:\/\/israelitaedu.com.br\/guiaescolar\/wp-json\/wp\/v2\/media?parent=2572"}],"curies":[{"name":"wp","href":"https:\/\/api.w.org\/{rel}","templated":true}]}}