{"id":2173,"date":"2025-05-19T16:45:21","date_gmt":"2025-05-19T19:45:21","guid":{"rendered":"https:\/\/israelitaedu.com.br\/guiaescolar\/?page_id=2173"},"modified":"2026-04-15T09:39:36","modified_gmt":"2026-04-15T12:39:36","slug":"planos-de-ensino-ensino-fundamental-1","status":"publish","type":"page","link":"https:\/\/israelitaedu.com.br\/guiaescolar\/planos-de-ensino-ensino-fundamental-1\/","title":{"rendered":"Planos de Ensino | Ensino Fundamental 1"},"content":{"rendered":"\t\t<div data-elementor-type=\"wp-page\" data-elementor-id=\"2173\" class=\"elementor elementor-2173\" data-elementor-post-type=\"page\">\n\t\t\t\t<div class=\"elementor-element elementor-element-daa44e1 e-flex e-con-boxed e-con e-parent\" data-id=\"daa44e1\" data-element_type=\"container\" data-e-type=\"container\" data-settings=\"{&quot;background_background&quot;:&quot;classic&quot;}\">\n\t\t\t\t\t<div class=\"e-con-inner\">\n\t\t<div class=\"elementor-element elementor-element-aa0187e e-con-full e-flex e-con e-child\" data-id=\"aa0187e\" data-element_type=\"container\" data-e-type=\"container\">\n\t\t\t\t<div class=\"elementor-element elementor-element-d3316f2 elementor-widget elementor-widget-heading\" data-id=\"d3316f2\" data-element_type=\"widget\" data-e-type=\"widget\" data-widget_type=\"heading.default\">\n\t\t\t\t<div class=\"elementor-widget-container\">\n\t\t\t\t\t<h2 class=\"elementor-heading-title elementor-size-default\">Planos de Ensino<\/h2>\t\t\t\t<\/div>\n\t\t\t\t<\/div>\n\t\t\t\t<div class=\"elementor-element elementor-element-cd7f117 elementor-widget elementor-widget-text-editor\" data-id=\"cd7f117\" data-element_type=\"widget\" data-e-type=\"widget\" data-widget_type=\"text-editor.default\">\n\t\t\t\t<div class=\"elementor-widget-container\">\n\t\t\t\t\t\t\t\t\t<p><span style=\"font-weight: 400;\">Os Planos de Ensino apresentam a estrutura curricular de cada s\u00e9rie, organizada por \u00e1reas do conhecimento e componentes curriculares. Cada documento re\u00fane os conte\u00fados nucleares, as habilidades previstas para o ano letivo, os descritores por n\u00edveis de profici\u00eancia e a bibliografia de refer\u00eancia.<\/span><\/p><p><span style=\"font-weight: 400;\">Selecione o ano desejado para acessar o plano correspondente.<\/span><\/p>\t\t\t\t\t\t\t\t<\/div>\n\t\t\t\t<\/div>\n\t\t\t\t<div class=\"elementor-element elementor-element-6dfcb02 elementor-widget elementor-widget-heading\" data-id=\"6dfcb02\" data-element_type=\"widget\" data-e-type=\"widget\" data-widget_type=\"heading.default\">\n\t\t\t\t<div class=\"elementor-widget-container\">\n\t\t\t\t\t<h2 class=\"elementor-heading-title elementor-size-default\">1\u00b0 Semestre<\/h2>\t\t\t\t<\/div>\n\t\t\t\t<\/div>\n\t\t<div class=\"elementor-element elementor-element-bc7eecd e-grid e-con-full e-con e-child\" data-id=\"bc7eecd\" data-element_type=\"container\" data-e-type=\"container\">\n\t\t\t\t<div class=\"elementor-element elementor-element-e03b972 elementor-widget elementor-widget-html\" data-id=\"e03b972\" data-element_type=\"widget\" data-e-type=\"widget\" data-widget_type=\"html.default\">\n\t\t\t\t<div class=\"elementor-widget-container\">\n\t\t\t\t\t<a href=\"https:\/\/israelitaedu.com.br\/guiaescolar\/planos-de-ensino-2026-1ano\/\r\n\" style=\"text-decoration: none;\">\r\n  <button class=\"comic-button\">1\u00ba ano<\/button>\r\n<\/a>\t\t\t\t<\/div>\n\t\t\t\t<\/div>\n\t\t\t\t<div class=\"elementor-element elementor-element-a70081f elementor-widget elementor-widget-html\" data-id=\"a70081f\" data-element_type=\"widget\" data-e-type=\"widget\" data-widget_type=\"html.default\">\n\t\t\t\t<div class=\"elementor-widget-container\">\n\t\t\t\t\t<a href=\"https:\/\/israelitaedu.com.br\/guiaescolar\/planos-de-ensino-2026-2-ano\/\" style=\"text-decoration: none;\">\r\n  <button class=\"comic-button\">2\u00ba ano<\/button>\r\n<\/a>\t\t\t\t<\/div>\n\t\t\t\t<\/div>\n\t\t\t\t<div class=\"elementor-element elementor-element-e7043b4 elementor-widget elementor-widget-html\" data-id=\"e7043b4\" data-element_type=\"widget\" data-e-type=\"widget\" data-widget_type=\"html.default\">\n\t\t\t\t<div class=\"elementor-widget-container\">\n\t\t\t\t\t<a href=\"https:\/\/israelitaedu.com.br\/guiaescolar\/planos-de-ensino-2026-3-ano\/\" style=\"text-decoration: none;\">\r\n  <button class=\"comic-button\">3\u00ba ano<\/button>\r\n<\/a>\t\t\t\t<\/div>\n\t\t\t\t<\/div>\n\t\t\t\t<div class=\"elementor-element elementor-element-011de48 elementor-widget elementor-widget-html\" data-id=\"011de48\" data-element_type=\"widget\" data-e-type=\"widget\" data-widget_type=\"html.default\">\n\t\t\t\t<div class=\"elementor-widget-container\">\n\t\t\t\t\t<a href=\"https:\/\/israelitaedu.com.br\/guiaescolar\/planos-de-ensino-2026-4-ano\/\" style=\"text-decoration: none;\">\r\n  <button class=\"comic-button\">4\u00ba ano<\/button>\r\n<\/a>\t\t\t\t<\/div>\n\t\t\t\t<\/div>\n\t\t\t\t<div class=\"elementor-element elementor-element-0523d3c elementor-widget elementor-widget-html\" data-id=\"0523d3c\" data-element_type=\"widget\" data-e-type=\"widget\" data-widget_type=\"html.default\">\n\t\t\t\t<div class=\"elementor-widget-container\">\n\t\t\t\t\t<a href=\"https:\/\/israelitaedu.com.br\/guiaescolar\/planos-de-ensino-5-ano\/\r\n\" style=\"text-decoration: none;\">\r\n  <button class=\"comic-button\">5\u00ba ano<\/button>\r\n<\/a>\t\t\t\t<\/div>\n\t\t\t\t<\/div>\n\t\t\t\t<\/div>\n\t\t\t\t<div class=\"elementor-element elementor-element-3371eb4 elementor-widget elementor-widget-heading\" data-id=\"3371eb4\" data-element_type=\"widget\" data-e-type=\"widget\" data-widget_type=\"heading.default\">\n\t\t\t\t<div class=\"elementor-widget-container\">\n\t\t\t\t\t<h2 class=\"elementor-heading-title elementor-size-default\">2\u00b0 Semestre<\/h2>\t\t\t\t<\/div>\n\t\t\t\t<\/div>\n\t\t<div class=\"elementor-element elementor-element-f7c3aaa e-grid e-con-full e-con e-child\" data-id=\"f7c3aaa\" data-element_type=\"container\" data-e-type=\"container\">\n\t\t\t\t<div class=\"elementor-element elementor-element-d5c2d3b elementor-widget elementor-widget-html\" data-id=\"d5c2d3b\" data-element_type=\"widget\" data-e-type=\"widget\" data-widget_type=\"html.default\">\n\t\t\t\t<div class=\"elementor-widget-container\">\n\t\t\t\t\t<a href=\"https:\/\/israelitaedu.com.br\/guiaescolar\/plano-de-ensino-1-ano-2\/\r\n\" style=\"text-decoration: none;\">\r\n  <button class=\"comic-button\">1\u00ba ano<\/button>\r\n<\/a>\t\t\t\t<\/div>\n\t\t\t\t<\/div>\n\t\t\t\t<div class=\"elementor-element elementor-element-f769f43 elementor-widget elementor-widget-html\" data-id=\"f769f43\" data-element_type=\"widget\" data-e-type=\"widget\" data-widget_type=\"html.default\">\n\t\t\t\t<div class=\"elementor-widget-container\">\n\t\t\t\t\t<a href=\"https:\/\/israelitaedu.com.br\/guiaescolar\/plano-de-ensino-2-ano-2\/\" style=\"text-decoration: none;\">\r\n  <button class=\"comic-button\">2\u00ba ano<\/button>\r\n<\/a>\t\t\t\t<\/div>\n\t\t\t\t<\/div>\n\t\t\t\t<div class=\"elementor-element elementor-element-32d0a9d elementor-widget elementor-widget-html\" data-id=\"32d0a9d\" data-element_type=\"widget\" data-e-type=\"widget\" data-widget_type=\"html.default\">\n\t\t\t\t<div class=\"elementor-widget-container\">\n\t\t\t\t\t<a href=\"https:\/\/israelitaedu.com.br\/guiaescolar\/plano-de-ensino-3-ano-2\/\" style=\"text-decoration: none;\">\r\n  <button class=\"comic-button\">3\u00ba ano<\/button>\r\n<\/a>\t\t\t\t<\/div>\n\t\t\t\t<\/div>\n\t\t\t\t<div class=\"elementor-element elementor-element-f3ce9b9 elementor-widget elementor-widget-html\" data-id=\"f3ce9b9\" data-element_type=\"widget\" data-e-type=\"widget\" data-widget_type=\"html.default\">\n\t\t\t\t<div class=\"elementor-widget-container\">\n\t\t\t\t\t<a href=\"https:\/\/israelitaedu.com.br\/guiaescolar\/planos-de-ensino-2026-4-ano-2\/\" style=\"text-decoration: none;\">\r\n  <button class=\"comic-button\">4\u00ba ano<\/button>\r\n<\/a>\t\t\t\t<\/div>\n\t\t\t\t<\/div>\n\t\t\t\t<div class=\"elementor-element elementor-element-912aac2 elementor-widget elementor-widget-html\" data-id=\"912aac2\" data-element_type=\"widget\" data-e-type=\"widget\" data-widget_type=\"html.default\">\n\t\t\t\t<div class=\"elementor-widget-container\">\n\t\t\t\t\t<a href=\"https:\/\/israelitaedu.com.br\/guiaescolar\/plano-de-ensino-5-ano-2\/\r\n\" style=\"text-decoration: none;\">\r\n  <button class=\"comic-button\">5\u00ba ano<\/button>\r\n<\/a>\t\t\t\t<\/div>\n\t\t\t\t<\/div>\n\t\t\t\t<\/div>\n\t\t\t\t<\/div>\n\t\t\t\t\t<\/div>\n\t\t\t\t<\/div>\n\t\t<div class=\"elementor-element elementor-element-592646c3 e-con-full e-flex e-con e-child\" data-id=\"592646c3\" data-element_type=\"container\" data-e-type=\"container\">\n\t\t\t\t<div class=\"elementor-element elementor-element-6424bab3 elementor-widget elementor-widget-heading\" data-id=\"6424bab3\" data-element_type=\"widget\" data-e-type=\"widget\" data-widget_type=\"heading.default\">\n\t\t\t\t<div class=\"elementor-widget-container\">\n\t\t\t\t\t<h2 class=\"elementor-heading-title elementor-size-default\"><span style=\"font-size: 33px;font-weight: 400;text-align: center\">Navega\u00e7\u00e3o&nbsp;<\/span><span style=\"font-size: 33px;font-weight: 400;text-align: center\">EF1<\/span><\/h2>\t\t\t\t<\/div>\n\t\t\t\t<\/div>\n\t\t<div class=\"elementor-element elementor-element-2126f9af e-grid e-con-full e-con e-child\" data-id=\"2126f9af\" data-element_type=\"container\" data-e-type=\"container\">\n\t\t\t\t<div class=\"elementor-element elementor-element-108f848c elementor-widget elementor-widget-html\" data-id=\"108f848c\" data-element_type=\"widget\" data-e-type=\"widget\" data-widget_type=\"html.default\">\n\t\t\t\t<div class=\"elementor-widget-container\">\n\t\t\t\t\t<a href=\"\/guiaescolar\/ensino-fundamental-1\/horarios\" style=\"text-decoration: none;\">\r\n  <button class=\"comic-button\">Hor\u00e1rios<\/button>\r\n<\/a>\t\t\t\t<\/div>\n\t\t\t\t<\/div>\n\t\t\t\t<div class=\"elementor-element elementor-element-7480d4e3 elementor-widget elementor-widget-html\" data-id=\"7480d4e3\" data-element_type=\"widget\" data-e-type=\"widget\" data-widget_type=\"html.default\">\n\t\t\t\t<div class=\"elementor-widget-container\">\n\t\t\t\t\t<a href=\"\/guiaescolar\/ensino-fundamental-1\/salas-de-aula-ef1\/\" style=\"text-decoration: none;\">\r\n  <button class=\"comic-button\">Salas<br>de Aula<\/button>\r\n<\/a>\t\t\t\t<\/div>\n\t\t\t\t<\/div>\n\t\t\t\t<div class=\"elementor-element elementor-element-1dab6002 elementor-widget elementor-widget-html\" data-id=\"1dab6002\" data-element_type=\"widget\" data-e-type=\"widget\" data-widget_type=\"html.default\">\n\t\t\t\t<div class=\"elementor-widget-container\">\n\t\t\t\t\t<a href=\"\/guiaescolar\/ensino-fundamental-1\/entrada-e-saida\" style=\"text-decoration: none;\">\r\n  <button class=\"comic-button\">Entrada<br>e Sa\u00edda<\/button>\r\n<\/a>\t\t\t\t<\/div>\n\t\t\t\t<\/div>\n\t\t\t\t<\/div>\n\t\t<div class=\"elementor-element elementor-element-279d275b e-grid e-con-full e-con e-child\" data-id=\"279d275b\" data-element_type=\"container\" data-e-type=\"container\">\n\t\t\t\t<div class=\"elementor-element elementor-element-11e436f3 elementor-widget elementor-widget-html\" data-id=\"11e436f3\" data-element_type=\"widget\" data-e-type=\"widget\" data-widget_type=\"html.default\">\n\t\t\t\t<div class=\"elementor-widget-container\">\n\t\t\t\t\t<a href=\"\/guiaescolar\/ensino-fundamental-1\/recreacao\" style=\"text-decoration: none;\">\r\n  <button class=\"comic-button\">Recrea\u00e7\u00e3o<\/button>\r\n<\/a>\t\t\t\t<\/div>\n\t\t\t\t<\/div>\n\t\t\t\t<div class=\"elementor-element elementor-element-7584398e elementor-widget elementor-widget-html\" data-id=\"7584398e\" data-element_type=\"widget\" data-e-type=\"widget\" data-widget_type=\"html.default\">\n\t\t\t\t<div class=\"elementor-widget-container\">\n\t\t\t\t\t<a href=\"\/guiaescolar\/ensino-fundamental-1\/avaliacoes\" style=\"text-decoration: none;\">\r\n  <button class=\"comic-button\">Avalia\u00e7\u00f5es<\/button>\r\n<\/a>\t\t\t\t<\/div>\n\t\t\t\t<\/div>\n\t\t\t\t<div class=\"elementor-element elementor-element-7e6b2a39 elementor-widget elementor-widget-html\" data-id=\"7e6b2a39\" data-element_type=\"widget\" data-e-type=\"widget\" data-widget_type=\"html.default\">\n\t\t\t\t<div class=\"elementor-widget-container\">\n\t\t\t\t\t<a href=\"\/guiaescolar\/ensino-fundamental-1\/lista-de-materiais\" style=\"text-decoration: none;\">\r\n  <button class=\"comic-button\">Lista<br>de Materiais<\/button>\r\n<\/a>\t\t\t\t<\/div>\n\t\t\t\t<\/div>\n\t\t\t\t<\/div>\n\t\t<div class=\"elementor-element elementor-element-73247cd3 e-grid e-con-full e-con e-child\" data-id=\"73247cd3\" data-element_type=\"container\" data-e-type=\"container\">\n\t\t\t\t<div class=\"elementor-element elementor-element-4c565a8 elementor-widget elementor-widget-html\" data-id=\"4c565a8\" data-element_type=\"widget\" data-e-type=\"widget\" data-widget_type=\"html.default\">\n\t\t\t\t<div class=\"elementor-widget-container\">\n\t\t\t\t\t<a href=\"\/guiaescolar\/extracurriculares\/\" style=\"text-decoration: none;\">\r\n  <button class=\"comic-button\">Extra-<br>curriculares<\/button>\r\n<\/a>\t\t\t\t<\/div>\n\t\t\t\t<\/div>\n\t\t\t\t<div class=\"elementor-element elementor-element-363ffc08 elementor-widget elementor-widget-html\" data-id=\"363ffc08\" data-element_type=\"widget\" data-e-type=\"widget\" data-widget_type=\"html.default\">\n\t\t\t\t<div class=\"elementor-widget-container\">\n\t\t\t\t\t<a href=\"\/guiaescolar\/ensino-fundamental-1\/saida-de-estudos\" style=\"text-decoration: none;\">\r\n  <button class=\"comic-button\">Sa\u00eddas<br>de Estudos<\/button>\r\n<\/a>\t\t\t\t<\/div>\n\t\t\t\t<\/div>\n\t\t\t\t<div class=\"elementor-element elementor-element-1caae492 elementor-widget elementor-widget-html\" data-id=\"1caae492\" data-element_type=\"widget\" data-e-type=\"widget\" data-widget_type=\"html.default\">\n\t\t\t\t<div class=\"elementor-widget-container\">\n\t\t\t\t\t<a href=\"\/guiaescolar\/ensino-fundamental-1\/plataformas-educacionais\" style=\"text-decoration: none;\">\r\n  <button class=\"comic-button\">Plataformas<br>Educacionais<\/button>\r\n<\/a>\t\t\t\t<\/div>\n\t\t\t\t<\/div>\n\t\t\t\t<\/div>\n\t\t<div class=\"elementor-element elementor-element-2b7cabf3 e-grid e-con-full e-con e-child\" data-id=\"2b7cabf3\" data-element_type=\"container\" data-e-type=\"container\">\n\t\t\t\t<div class=\"elementor-element elementor-element-6fdc2add elementor-widget elementor-widget-html\" data-id=\"6fdc2add\" data-element_type=\"widget\" data-e-type=\"widget\" data-widget_type=\"html.default\">\n\t\t\t\t<div class=\"elementor-widget-container\">\n\t\t\t\t\t<a href=\"\/guiaescolar\/ensino-fundamental-1\/aniversario\" style=\"text-decoration: none;\">\r\n  <button class=\"comic-button\">Anivers\u00e1rio<\/button>\r\n<\/a>\t\t\t\t<\/div>\n\t\t\t\t<\/div>\n\t\t\t\t<div class=\"elementor-element elementor-element-188c8059 elementor-widget elementor-widget-html\" data-id=\"188c8059\" data-element_type=\"widget\" data-e-type=\"widget\" data-widget_type=\"html.default\">\n\t\t\t\t<div class=\"elementor-widget-container\">\n\t\t\t\t\t<a href=\"\/guiaescolar\/ensino-fundamental-1\/reunioes-de-turmas\" style=\"text-decoration: none;\">\r\n  <button class=\"comic-button\">Reuni\u00f5es<br> de Turmas<\/button>\r\n<\/a>\t\t\t\t<\/div>\n\t\t\t\t<\/div>\n\t\t\t\t<div class=\"elementor-element elementor-element-4a4df9b4 elementor-widget elementor-widget-html\" data-id=\"4a4df9b4\" data-element_type=\"widget\" data-e-type=\"widget\" data-widget_type=\"html.default\">\n\t\t\t\t<div class=\"elementor-widget-container\">\n\t\t\t\t\t<a href=\"\/guiaescolar\/ensino-fundamental-1\/ir-ktana\" style=\"text-decoration: none;\">\r\n  <button class=\"comic-button\">Ir Ktan\u00e1<\/button>\r\n<\/a>\t\t\t\t<\/div>\n\t\t\t\t<\/div>\n\t\t\t\t<\/div>\n\t\t<div class=\"elementor-element elementor-element-776565cd e-grid e-con-full e-con e-child\" data-id=\"776565cd\" data-element_type=\"container\" data-e-type=\"container\">\n\t\t\t\t<div class=\"elementor-element elementor-element-42670015 elementor-widget elementor-widget-html\" data-id=\"42670015\" data-element_type=\"widget\" data-e-type=\"widget\" data-widget_type=\"html.default\">\n\t\t\t\t<div class=\"elementor-widget-container\">\n\t\t\t\t\t<a href=\"\/guiaescolar\/ensino-fundamental-1\/shabat-com-familias\" style=\"text-decoration: none;\">\r\n  <button class=\"comic-button\">Shabat<br>com Fam\u00edlias<\/button>\r\n<\/a>\t\t\t\t<\/div>\n\t\t\t\t<\/div>\n\t\t\t\t<div class=\"elementor-element elementor-element-510feb6 elementor-widget elementor-widget-html\" data-id=\"510feb6\" data-element_type=\"widget\" data-e-type=\"widget\" data-widget_type=\"html.default\">\n\t\t\t\t<div class=\"elementor-widget-container\">\n\t\t\t\t\t<a href=\"\/guiaescolar\/planos-de-ensino-ensino-fundamental-1\/\" style=\"text-decoration: none;\">\r\n  <button class=\"comic-button\">Planos<br>de Ensino<\/button>\r\n<\/a>\t\t\t\t<\/div>\n\t\t\t\t<\/div>\n\t\t\t\t<div class=\"elementor-element elementor-element-26d1d00d elementor-widget elementor-widget-html\" data-id=\"26d1d00d\" data-element_type=\"widget\" data-e-type=\"widget\" data-widget_type=\"html.default\">\n\t\t\t\t<div class=\"elementor-widget-container\">\n\t\t\t\t\t<a href=\"\/guiaescolar\/aee\/\" style=\"text-decoration: none;\">\r\n  <button class=\"comic-button\">AEE<\/button>\r\n<\/a>\t\t\t\t<\/div>\n\t\t\t\t<\/div>\n\t\t\t\t<\/div>\n\t\t<div class=\"elementor-element elementor-element-65622760 e-grid e-con-full e-con e-child\" data-id=\"65622760\" data-element_type=\"container\" data-e-type=\"container\">\n\t\t\t\t<div class=\"elementor-element elementor-element-db4e1dc elementor-widget elementor-widget-html\" data-id=\"db4e1dc\" data-element_type=\"widget\" data-e-type=\"widget\" data-widget_type=\"html.default\">\n\t\t\t\t<div class=\"elementor-widget-container\">\n\t\t\t\t\t<a href=\"\/guiaescolar\/ensino-fundamental-1\/avaliacoes-externas\" style=\"text-decoration: none;\">\r\n  <button class=\"comic-button\">Avalia\u00e7\u00f5es<br>Externas<\/button>\r\n<\/a>\t\t\t\t<\/div>\n\t\t\t\t<\/div>\n\t\t\t\t<\/div>\n\t\t\t\t<\/div>\n\t\t\t\t<\/div>\n\t\t","protected":false},"excerpt":{"rendered":"<p>Planos de Ensino Os Planos de Ensino apresentam a estrutura curricular de cada s\u00e9rie, organizada por \u00e1reas do conhecimento e componentes curriculares. Cada documento re\u00fane os conte\u00fados nucleares, as habilidades previstas para o ano letivo, os descritores por n\u00edveis de profici\u00eancia e a bibliografia de refer\u00eancia. Selecione o ano desejado para acessar o plano correspondente. [&hellip;]<\/p>\n","protected":false},"author":4,"featured_media":0,"parent":0,"menu_order":0,"comment_status":"closed","ping_status":"closed","template":"","meta":{"footnotes":""},"class_list":["post-2173","page","type-page","status-publish","hentry"],"_links":{"self":[{"href":"https:\/\/israelitaedu.com.br\/guiaescolar\/wp-json\/wp\/v2\/pages\/2173","targetHints":{"allow":["GET"]}}],"collection":[{"href":"https:\/\/israelitaedu.com.br\/guiaescolar\/wp-json\/wp\/v2\/pages"}],"about":[{"href":"https:\/\/israelitaedu.com.br\/guiaescolar\/wp-json\/wp\/v2\/types\/page"}],"author":[{"embeddable":true,"href":"https:\/\/israelitaedu.com.br\/guiaescolar\/wp-json\/wp\/v2\/users\/4"}],"replies":[{"embeddable":true,"href":"https:\/\/israelitaedu.com.br\/guiaescolar\/wp-json\/wp\/v2\/comments?post=2173"}],"version-history":[{"count":71,"href":"https:\/\/israelitaedu.com.br\/guiaescolar\/wp-json\/wp\/v2\/pages\/2173\/revisions"}],"predecessor-version":[{"id":9061,"href":"https:\/\/israelitaedu.com.br\/guiaescolar\/wp-json\/wp\/v2\/pages\/2173\/revisions\/9061"}],"wp:attachment":[{"href":"https:\/\/israelitaedu.com.br\/guiaescolar\/wp-json\/wp\/v2\/media?parent=2173"}],"curies":[{"name":"wp","href":"https:\/\/api.w.org\/{rel}","templated":true}]}}