{"id":1816,"date":"2025-04-23T12:48:49","date_gmt":"2025-04-23T15:48:49","guid":{"rendered":"https:\/\/israelitaedu.com.br\/guiaescolar\/?page_id=1816"},"modified":"2025-12-08T16:19:53","modified_gmt":"2025-12-08T19:19:53","slug":"aee","status":"publish","type":"page","link":"https:\/\/israelitaedu.com.br\/guiaescolar\/aee\/","title":{"rendered":"AEE"},"content":{"rendered":"\t\t<div data-elementor-type=\"wp-page\" data-elementor-id=\"1816\" class=\"elementor elementor-1816\" data-elementor-post-type=\"page\">\n\t\t\t\t<div class=\"elementor-element elementor-element-31d1423 e-flex e-con-boxed e-con e-parent\" data-id=\"31d1423\" data-element_type=\"container\" data-e-type=\"container\">\n\t\t\t\t\t<div class=\"e-con-inner\">\n\t\t<div class=\"elementor-element elementor-element-44cb4221 e-con-full e-flex e-con e-child\" data-id=\"44cb4221\" data-element_type=\"container\" data-e-type=\"container\">\n\t\t\t\t<div class=\"elementor-element elementor-element-494af720 elementor-widget elementor-widget-heading\" data-id=\"494af720\" data-element_type=\"widget\" data-e-type=\"widget\" data-widget_type=\"heading.default\">\n\t\t\t\t<div class=\"elementor-widget-container\">\n\t\t\t\t\t<h2 class=\"elementor-heading-title elementor-size-default\">Atendimento Educacional \n<br>Especializado (AEE)<\/h2>\t\t\t\t<\/div>\n\t\t\t\t<\/div>\n\t\t\t\t<div class=\"elementor-element elementor-element-3496b52 elementor-widget elementor-widget-image\" data-id=\"3496b52\" data-element_type=\"widget\" data-e-type=\"widget\" data-widget_type=\"image.default\">\n\t\t\t\t<div class=\"elementor-widget-container\">\n\t\t\t\t\t\t\t\t\t\t\t\t\t\t\t<img fetchpriority=\"high\" decoding=\"async\" width=\"800\" height=\"596\" src=\"https:\/\/israelitaedu.com.br\/guiaescolar\/wp-content\/uploads\/2025\/04\/WhatsApp-Image-2024-11-27-at-08.16.38-1.jpeg\" class=\"attachment-large size-large wp-image-1819\" alt=\"\" srcset=\"https:\/\/israelitaedu.com.br\/guiaescolar\/wp-content\/uploads\/2025\/04\/WhatsApp-Image-2024-11-27-at-08.16.38-1.jpeg 887w, https:\/\/israelitaedu.com.br\/guiaescolar\/wp-content\/uploads\/2025\/04\/WhatsApp-Image-2024-11-27-at-08.16.38-1-300x224.jpeg 300w, https:\/\/israelitaedu.com.br\/guiaescolar\/wp-content\/uploads\/2025\/04\/WhatsApp-Image-2024-11-27-at-08.16.38-1-768x572.jpeg 768w\" sizes=\"(max-width: 800px) 100vw, 800px\" \/>\t\t\t\t\t\t\t\t\t\t\t\t\t\t\t<\/div>\n\t\t\t\t<\/div>\n\t\t\t\t<\/div>\n\t\t<div class=\"elementor-element elementor-element-517d071f e-con-full e-flex e-con e-child\" data-id=\"517d071f\" data-element_type=\"container\" data-e-type=\"container\">\n\t\t\t\t<div class=\"elementor-element elementor-element-15564ddc elementor-widget elementor-widget-text-editor\" data-id=\"15564ddc\" data-element_type=\"widget\" data-e-type=\"widget\" data-widget_type=\"text-editor.default\">\n\t\t\t\t<div class=\"elementor-widget-container\">\n\t\t\t\t\t\t\t\t\t<p><span style=\"font-weight: 400;\">A avalia\u00e7\u00e3o dos estudantes atendidos pelo AEE \u00e9 realizada de forma articulada entre os professores da turma, docentes do AEE e equipe pedag\u00f3gica, seguindo o Plano de Desenvolvimento Individualiza<\/span><span style=\"font-weight: 400;\">do (PDI),<\/span><span style=\"font-weight: 400;\"> o <\/span><span style=\"font-weight: 400;\">Plano de Ensino Individualizado (PEI) e\u00a0 Plano de Enriquecimento Curricular (PEC, com foco <\/span><span style=\"font-weight: 400;\">em assegurar participa\u00e7\u00e3o, desenvolvimento e pertencimento ao grupo.<\/span><\/p><p><span style=\"font-weight: 400;\">Em conson\u00e2ncia com esta premissa, a carga hor\u00e1ria poder\u00e1 ser flexibilizada quando condi\u00e7\u00f5es de sa\u00fade f\u00edsica ou mental, devidamente atestadas e avaliadas com a equipe pedag\u00f3gica e o AEE, indicarem a impossibilidade da perman\u00eancia do estudante na escola durante o tempo di\u00e1rio previsto.\u00a0<\/span><\/p><p><span style=\"font-weight: 400;\">A avalia\u00e7\u00e3o pode assumir formato descritivo quando necess\u00e1rio, registrando habilidades alcan\u00e7adas. Habilidades do Plano de Ensino n\u00e3o aplic\u00e1veis ao estudante ser\u00e3o identificadas como \u201cNA\u201d. Habilidades com adapta\u00e7\u00f5es e descritas em pareceres descritivos s\u00e3o identificadas com \u201cPD\u201d.<\/span><\/p>\t\t\t\t\t\t\t\t<\/div>\n\t\t\t\t<\/div>\n\t\t\t\t<\/div>\n\t\t\t\t\t<\/div>\n\t\t\t\t<\/div>\n\t\t\t\t<\/div>\n\t\t","protected":false},"excerpt":{"rendered":"<p>Atendimento Educacional Especializado (AEE) A avalia\u00e7\u00e3o dos estudantes atendidos pelo AEE \u00e9 realizada de forma articulada entre os professores da turma, docentes do AEE e equipe pedag\u00f3gica, seguindo o Plano de Desenvolvimento Individualizado (PDI), o Plano de Ensino Individualizado (PEI) e\u00a0 Plano de Enriquecimento Curricular (PEC, com foco em assegurar participa\u00e7\u00e3o, desenvolvimento e pertencimento ao [&hellip;]<\/p>\n","protected":false},"author":6,"featured_media":0,"parent":0,"menu_order":0,"comment_status":"closed","ping_status":"closed","template":"","meta":{"footnotes":""},"class_list":["post-1816","page","type-page","status-publish","hentry"],"_links":{"self":[{"href":"https:\/\/israelitaedu.com.br\/guiaescolar\/wp-json\/wp\/v2\/pages\/1816","targetHints":{"allow":["GET"]}}],"collection":[{"href":"https:\/\/israelitaedu.com.br\/guiaescolar\/wp-json\/wp\/v2\/pages"}],"about":[{"href":"https:\/\/israelitaedu.com.br\/guiaescolar\/wp-json\/wp\/v2\/types\/page"}],"author":[{"embeddable":true,"href":"https:\/\/israelitaedu.com.br\/guiaescolar\/wp-json\/wp\/v2\/users\/6"}],"replies":[{"embeddable":true,"href":"https:\/\/israelitaedu.com.br\/guiaescolar\/wp-json\/wp\/v2\/comments?post=1816"}],"version-history":[{"count":12,"href":"https:\/\/israelitaedu.com.br\/guiaescolar\/wp-json\/wp\/v2\/pages\/1816\/revisions"}],"predecessor-version":[{"id":6316,"href":"https:\/\/israelitaedu.com.br\/guiaescolar\/wp-json\/wp\/v2\/pages\/1816\/revisions\/6316"}],"wp:attachment":[{"href":"https:\/\/israelitaedu.com.br\/guiaescolar\/wp-json\/wp\/v2\/media?parent=1816"}],"curies":[{"name":"wp","href":"https:\/\/api.w.org\/{rel}","templated":true}]}}