{"id":1802,"date":"2025-04-23T12:39:46","date_gmt":"2025-04-23T15:39:46","guid":{"rendered":"https:\/\/israelitaedu.com.br\/guiaescolar\/?page_id=1802"},"modified":"2025-11-25T17:06:15","modified_gmt":"2025-11-25T20:06:15","slug":"servicos","status":"publish","type":"page","link":"https:\/\/israelitaedu.com.br\/guiaescolar\/servicos\/","title":{"rendered":"Servi\u00e7os"},"content":{"rendered":"\t\t<div data-elementor-type=\"wp-page\" data-elementor-id=\"1802\" class=\"elementor elementor-1802\" data-elementor-post-type=\"page\">\n\t\t\t\t<div class=\"elementor-element elementor-element-4c83f789 e-flex e-con-boxed e-con e-parent\" data-id=\"4c83f789\" data-element_type=\"container\" data-e-type=\"container\">\n\t\t\t\t\t<div class=\"e-con-inner\">\n\t\t<div class=\"elementor-element elementor-element-1f957ef4 e-con-full e-flex e-con e-child\" data-id=\"1f957ef4\" data-element_type=\"container\" data-e-type=\"container\">\n\t\t\t\t<div class=\"elementor-element elementor-element-6534dd76 elementor-widget elementor-widget-heading\" data-id=\"6534dd76\" data-element_type=\"widget\" data-e-type=\"widget\" data-widget_type=\"heading.default\">\n\t\t\t\t<div class=\"elementor-widget-container\">\n\t\t\t\t\t<h2 class=\"elementor-heading-title elementor-size-default\">Servi\u00e7os de Atendimento<\/h2>\t\t\t\t<\/div>\n\t\t\t\t<\/div>\n\t\t\t\t<\/div>\n\t\t<div class=\"elementor-element elementor-element-0565e62 e-con-full e-flex e-con e-child\" data-id=\"0565e62\" data-element_type=\"container\" data-e-type=\"container\">\n\t\t\t\t<div class=\"elementor-element elementor-element-974f174 elementor-widget elementor-widget-text-editor\" data-id=\"974f174\" data-element_type=\"widget\" data-e-type=\"widget\" data-widget_type=\"text-editor.default\">\n\t\t\t\t<div class=\"elementor-widget-container\">\n\t\t\t\t\t\t\t\t\t<h4><strong>Biblioteca<\/strong><\/h4><p><span data-contrast=\"auto\">A Biblioteca Henrique Kiperman \u00e9 um espa\u00e7o de refer\u00eancia para estudos, pesquisa e leitura, acess\u00edvel a toda a comunidade escolar: estudantes, fam\u00edlias e profissionais. <a href=\"https:\/\/bit.ly\/biblioteca-cib\">Clique aqui<\/a> <span style=\"font-weight: 400;\">para mais informa\u00e7\u00f5es sobre uso e protocolos da Biblioteca.<\/span><\/span><\/p><p><b>Hor\u00e1rio de funcionamento<\/b><\/p><p><span style=\"font-weight: 400;\">Segunda a quinta-feira:\u00a0 7h30 \u00e0s 18h30<\/span><\/p><p><span style=\"font-weight: 400;\">Sexta-feira: 7h30 \u00e0s 17h<\/span><\/p><p><b><span data-contrast=\"auto\">Aplicativo<\/span><\/b><span data-contrast=\"auto\">\u00a0<\/span><\/p><p><span style=\"font-weight: 400;\">Canal Biblioteca<\/span><\/p>\t\t\t\t\t\t\t\t<\/div>\n\t\t\t\t<\/div>\n\t\t\t\t<\/div>\n\t\t<div class=\"elementor-element elementor-element-785b0bce e-con-full e-flex e-con e-child\" data-id=\"785b0bce\" data-element_type=\"container\" data-e-type=\"container\">\n\t\t\t\t<div class=\"elementor-element elementor-element-332aa389 elementor-widget elementor-widget-text-editor\" data-id=\"332aa389\" data-element_type=\"widget\" data-e-type=\"widget\" data-widget_type=\"text-editor.default\">\n\t\t\t\t<div class=\"elementor-widget-container\">\n\t\t\t\t\t\t\t\t\t<h4><strong>Central de Relacionamento<\/strong><\/h4><p><span data-contrast=\"auto\">A Central de Relacionamento realiza o primeiro contato e recep\u00e7\u00e3o de novas fam\u00edlias, al\u00e9m de monitorar e manter o relacionamento com aquelas j\u00e1 integradas \u00e0 comunidade escolar. \u00c9 o setor respons\u00e1vel pelo acompanhamento de matr\u00edculas, visitas e pelo encaminhamento de demandas das fam\u00edlias para os setores espec\u00edficos do Col\u00e9gio.<\/span><\/p><p><span data-contrast=\"auto\"><b>Hor\u00e1rio de funcionamento<\/b><\/span><span data-contrast=\"auto\">\u00a0<\/span><\/p><p><span style=\"font-weight: 400;\">Segunda a quinta-feira: 8h \u00e0s 18h<\/span><\/p><p><span style=\"font-weight: 400;\">Sexta-feira, das 8h \u00e0s 17h<\/span><\/p><p><span data-contrast=\"auto\"><b>Aplicativo<\/b><\/span><span data-contrast=\"auto\">\u00a0<\/span><\/p><p><span data-contrast=\"auto\"><span style=\"font-weight: 400;\">Canal Central de Relacionamento<\/span><\/span><span data-contrast=\"auto\">\u00a0<\/span><\/p><p><span data-contrast=\"auto\"><b>E-mail<\/b><\/span>\u00a0<\/p><p><a href=\"mailto:relacionamento@colegioisraelita.com.br\"><span data-contrast=\"none\">relacionamento@colegioisraelita.com.br<\/span><\/a><span data-ccp-props=\"{&quot;134233117&quot;:false,&quot;134233118&quot;:false,&quot;335551550&quot;:1,&quot;335551620&quot;:1,&quot;335559738&quot;:0,&quot;335559739&quot;:0}\">\u00a0<\/span><\/p>\t\t\t\t\t\t\t\t<\/div>\n\t\t\t\t<\/div>\n\t\t\t\t<\/div>\n\t\t<div class=\"elementor-element elementor-element-99b631b e-con-full e-flex e-con e-child\" data-id=\"99b631b\" data-element_type=\"container\" data-e-type=\"container\">\n\t\t\t\t<div class=\"elementor-element elementor-element-75867cf elementor-widget elementor-widget-text-editor\" data-id=\"75867cf\" data-element_type=\"widget\" data-e-type=\"widget\" data-widget_type=\"text-editor.default\">\n\t\t\t\t<div class=\"elementor-widget-container\">\n\t\t\t\t\t\t\t\t\t<h4><strong>Secret\u00e1ria da Etapa de Ensino<\/strong><\/h4><p>A Secret\u00e1ria da Etapa de Ensino oferece suporte direto \u00e0 Coordena\u00e7\u00e3o, assegurando o funcionamento organizado da rotina administrativa da etapa. \u00c9 respons\u00e1vel por orientar estudantes e fam\u00edlias sobre procedimentos escolares, registrar entradas e sa\u00eddas fora do hor\u00e1rio regular, operacionalizar autoriza\u00e7\u00f5es de sa\u00eddas de estudo e apoiar a log\u00edstica de atividades e eventos do Col\u00e9gio.<\/p><p><b>Hor\u00e1rio de funcionamento<\/b><span data-contrast=\"auto\">\u00a0<\/span><\/p><p><span data-ccp-props=\"{&quot;134233117&quot;:false,&quot;134233118&quot;:false,&quot;335551550&quot;:1,&quot;335551620&quot;:1,&quot;335559738&quot;:0,&quot;335559739&quot;:0}\"><span style=\"font-weight: 400;\">Conforme o hor\u00e1rio da etapa de ensino <\/span><\/span><\/p><p><b><span data-contrast=\"auto\">Aplicativo<\/span><\/b><\/p><p><span style=\"font-weight: 400;\">Canal Secret\u00e1ria da Etapa de Ensino<\/span><\/p>\t\t\t\t\t\t\t\t<\/div>\n\t\t\t\t<\/div>\n\t\t\t\t<div class=\"elementor-element elementor-element-f1207c4 elementor-widget elementor-widget-text-editor\" data-id=\"f1207c4\" data-element_type=\"widget\" data-e-type=\"widget\" data-widget_type=\"text-editor.default\">\n\t\t\t\t<div class=\"elementor-widget-container\">\n\t\t\t\t\t\t\t\t\t<h4><strong>Achados e Perdidos<\/strong><\/h4><p><span style=\"font-weight: 400;\">Todos os itens encontrados nas depend\u00eancias do Col\u00e9gio s\u00e3o encaminhados ao setor de \u201cAchados e Perdidos\u201d. Para facilitar a localiza\u00e7\u00e3o de objetos (inclusive uniformes), \u00e9 essencial que estejam devidamente identificados. O Col\u00e9gio n\u00e3o se responsabiliza por objetos pessoais esquecidos e recomenda que n\u00e3o sejam trazidos itens de valor.<\/span><\/p><p><b><span data-contrast=\"auto\">Respons\u00e1vel<\/span><\/b><\/p><p><span data-ccp-props=\"{&quot;134233117&quot;:false,&quot;134233118&quot;:false,&quot;335551550&quot;:1,&quot;335551620&quot;:1,&quot;335559738&quot;:0,&quot;335559739&quot;:0}\"><span style=\"font-weight: 400;\">Apoio Escolar<\/span><\/span><\/p><p><b><span data-contrast=\"auto\">Hor\u00e1rio<\/span><\/b><\/p><p><span data-ccp-props=\"{&quot;134233117&quot;:false,&quot;134233118&quot;:false,&quot;335551550&quot;:1,&quot;335551620&quot;:1,&quot;335559738&quot;:0,&quot;335559739&quot;:0}\"><span style=\"font-weight: 400;\">Segunda a quinta-feira:\u00a0 8h \u00e0s 16h<\/span><\/span><\/p><p><b><span data-contrast=\"auto\">Aplicativo<\/span><\/b><\/p><p><span data-contrast=\"auto\"><span style=\"font-weight: 400;\">Canal Achados e Perdidos <\/span><\/span><\/p>\t\t\t\t\t\t\t\t<\/div>\n\t\t\t\t<\/div>\n\t\t\t\t<div class=\"elementor-element elementor-element-4bb7aed elementor-widget elementor-widget-text-editor\" data-id=\"4bb7aed\" data-element_type=\"widget\" data-e-type=\"widget\" data-widget_type=\"text-editor.default\">\n\t\t\t\t<div class=\"elementor-widget-container\">\n\t\t\t\t\t\t\t\t\t<h4><strong>Secretaria Escolar<\/strong><\/h4><p><span style=\"font-weight: 400;\">Dispon\u00edvel para o p\u00fablico em geral, a Secretaria Escolar fornece informa\u00e7\u00f5es sobre os <\/span><span style=\"font-weight: 400;\">estudantes<\/span><span style=\"font-weight: 400;\">, documentos escolares e demais atendimentos administrativos. <\/span><\/p><p><b>Hor\u00e1rio de funcionamento<\/b><\/p><p><span style=\"font-weight: 400;\">Segunda a quinta-feira: 7h30 \u00e0s 18h<\/span><\/p><p><span style=\"font-weight: 400;\">Sexta-feira: 7h30 \u00e0s 17h <\/span><\/p><p><b><span data-contrast=\"auto\">Aplicativo<\/span><\/b><\/p><p><span data-ccp-props=\"{&quot;134233117&quot;:false,&quot;134233118&quot;:false,&quot;335551550&quot;:1,&quot;335551620&quot;:1,&quot;335559738&quot;:0,&quot;335559739&quot;:0}\"><span style=\"font-weight: 400;\">Canal Secretaria Escolar <\/span><\/span><\/p><p><b><span data-contrast=\"auto\">E-mail<\/span><\/b><\/p><p><a href=\"mailto:secretaria@colegioisraelita.com.br\"><span data-contrast=\"none\">secretaria@colegioisraelita.com.br<\/span><\/a><span data-ccp-props=\"{&quot;134233117&quot;:false,&quot;134233118&quot;:false,&quot;335551550&quot;:1,&quot;335551620&quot;:1,&quot;335559738&quot;:0,&quot;335559739&quot;:0}\">\u00a0<\/span><\/p>\t\t\t\t\t\t\t\t<\/div>\n\t\t\t\t<\/div>\n\t\t\t\t<div class=\"elementor-element elementor-element-3e8b860 elementor-widget elementor-widget-text-editor\" data-id=\"3e8b860\" data-element_type=\"widget\" data-e-type=\"widget\" data-widget_type=\"text-editor.default\">\n\t\t\t\t<div class=\"elementor-widget-container\">\n\t\t\t\t\t\t\t\t\t<h4><strong>Seguran\u00e7a<\/strong><\/h4><p><span style=\"font-weight: 400;\">Equipe dedicada \u00e0 seguran\u00e7a 24 horas, que monitora acessos, espa\u00e7os internos e arredores do Col\u00e9gio, al\u00e9m de organizar o fluxo de entrada e sa\u00edda de ve\u00edculos no CIB.<\/span><\/p>\t\t\t\t\t\t\t\t<\/div>\n\t\t\t\t<\/div>\n\t\t\t\t<div class=\"elementor-element elementor-element-971b796 elementor-widget elementor-widget-text-editor\" data-id=\"971b796\" data-element_type=\"widget\" data-e-type=\"widget\" data-widget_type=\"text-editor.default\">\n\t\t\t\t<div class=\"elementor-widget-container\">\n\t\t\t\t\t\t\t\t\t<h4>Tecnologias Educacionais<\/h4><p><span style=\"font-weight: 400;\">Localizado no terceiro andar, o setor de Tecnologias Educacionais gerencia as plataformas educacionais, garantindo usabilidade e acessibilidade para <\/span><span style=\"font-weight: 400;\">estudantes<\/span><span style=\"font-weight: 400;\"> e professores. Trabalha em parceria com a equipe de TI para assegurar o funcionamento e a integra\u00e7\u00e3o eficaz das tecnologias do Col\u00e9gio. <\/span><\/p><p><b>Hor\u00e1rio de funcionamento<\/b><\/p><p><span style=\"font-weight: 400;\">Segunda a quinta-feira: 7h30 \u00e0s 18h<\/span><\/p><p><span style=\"font-weight: 400;\">Sexta-feira:\u00a0 7h30 \u00e0s 17h <\/span><\/p><p><b><span data-contrast=\"auto\">Aplicativo<\/span><\/b><\/p><p><span style=\"font-weight: 400;\">Canal Tecnologias Educacionais <\/span><\/p>\t\t\t\t\t\t\t\t<\/div>\n\t\t\t\t<\/div>\n\t\t\t\t<div class=\"elementor-element elementor-element-17a6e4a elementor-widget elementor-widget-text-editor\" data-id=\"17a6e4a\" data-element_type=\"widget\" data-e-type=\"widget\" data-widget_type=\"text-editor.default\">\n\t\t\t\t<div class=\"elementor-widget-container\">\n\t\t\t\t\t\t\t\t\t<h4><strong>Tesouraria<\/strong><\/h4><p><span style=\"font-weight: 400;\">A Tesouraria trata de assuntos financeiros, como pagamento de mensalidades, d\u00favidas sobre boletos e cobran\u00e7as de taxas para sa\u00eddas de estudos. <\/span><\/p><p><span data-contrast=\"auto\"><b>Hor\u00e1rio de funcionamento<\/b><\/span><\/p><p><span style=\"font-weight: 400;\">Segunda a quinta-feira: 7h30 \u00e0s 18h<\/span><\/p><p><span style=\"font-weight: 400;\">Sexta-feira: 7h30 \u00e0s 17h<\/span><\/p><p><b><span data-contrast=\"auto\">Aplicativo<\/span><\/b><\/p><p><span style=\"font-weight: 400;\">Canal Tesouraria<\/span><\/p>\t\t\t\t\t\t\t\t<\/div>\n\t\t\t\t<\/div>\n\t\t\t\t<\/div>\n\t\t\t\t\t<\/div>\n\t\t\t\t<\/div>\n\t\t\t\t<\/div>\n\t\t","protected":false},"excerpt":{"rendered":"<p>Servi\u00e7os de Atendimento Biblioteca A Biblioteca Henrique Kiperman \u00e9 um espa\u00e7o de refer\u00eancia para estudos, pesquisa e leitura, acess\u00edvel a toda a comunidade escolar: estudantes, fam\u00edlias e profissionais. Clique aqui para mais informa\u00e7\u00f5es sobre uso e protocolos da Biblioteca. Hor\u00e1rio de funcionamento Segunda a quinta-feira:\u00a0 7h30 \u00e0s 18h30 Sexta-feira: 7h30 \u00e0s 17h Aplicativo\u00a0 Canal Biblioteca [&hellip;]<\/p>\n","protected":false},"author":6,"featured_media":0,"parent":0,"menu_order":0,"comment_status":"closed","ping_status":"closed","template":"","meta":{"footnotes":""},"class_list":["post-1802","page","type-page","status-publish","hentry"],"_links":{"self":[{"href":"https:\/\/israelitaedu.com.br\/guiaescolar\/wp-json\/wp\/v2\/pages\/1802","targetHints":{"allow":["GET"]}}],"collection":[{"href":"https:\/\/israelitaedu.com.br\/guiaescolar\/wp-json\/wp\/v2\/pages"}],"about":[{"href":"https:\/\/israelitaedu.com.br\/guiaescolar\/wp-json\/wp\/v2\/types\/page"}],"author":[{"embeddable":true,"href":"https:\/\/israelitaedu.com.br\/guiaescolar\/wp-json\/wp\/v2\/users\/6"}],"replies":[{"embeddable":true,"href":"https:\/\/israelitaedu.com.br\/guiaescolar\/wp-json\/wp\/v2\/comments?post=1802"}],"version-history":[{"count":19,"href":"https:\/\/israelitaedu.com.br\/guiaescolar\/wp-json\/wp\/v2\/pages\/1802\/revisions"}],"predecessor-version":[{"id":4694,"href":"https:\/\/israelitaedu.com.br\/guiaescolar\/wp-json\/wp\/v2\/pages\/1802\/revisions\/4694"}],"wp:attachment":[{"href":"https:\/\/israelitaedu.com.br\/guiaescolar\/wp-json\/wp\/v2\/media?parent=1802"}],"curies":[{"name":"wp","href":"https:\/\/api.w.org\/{rel}","templated":true}]}}