{"id":1730,"date":"2025-04-23T11:53:02","date_gmt":"2025-04-23T14:53:02","guid":{"rendered":"https:\/\/israelitaedu.com.br\/guiaescolar\/?page_id=1730"},"modified":"2026-01-08T16:25:57","modified_gmt":"2026-01-08T19:25:57","slug":"3-serie","status":"publish","type":"page","link":"https:\/\/israelitaedu.com.br\/guiaescolar\/ensino-medio\/lista-de-materiais\/3-serie\/","title":{"rendered":"Lista de Materiais &#8211; 3\u00ba s\u00e9rie"},"content":{"rendered":"\t\t<div data-elementor-type=\"wp-page\" data-elementor-id=\"1730\" class=\"elementor elementor-1730\" data-elementor-post-type=\"page\">\n\t\t\t\t<div class=\"elementor-element elementor-element-52d25427 e-flex e-con-boxed e-con e-parent\" data-id=\"52d25427\" data-element_type=\"container\" data-e-type=\"container\">\n\t\t\t\t\t<div class=\"e-con-inner\">\n\t\t<div class=\"elementor-element elementor-element-6bb5628a e-con-full e-flex e-con e-child\" data-id=\"6bb5628a\" data-element_type=\"container\" data-e-type=\"container\">\n\t\t\t\t<div class=\"elementor-element elementor-element-6152102 elementor-widget elementor-widget-heading\" data-id=\"6152102\" data-element_type=\"widget\" data-e-type=\"widget\" data-widget_type=\"heading.default\">\n\t\t\t\t<div class=\"elementor-widget-container\">\n\t\t\t\t\t<h2 class=\"elementor-heading-title elementor-size-default\">GUIA ESCOLAR<\/h2>\t\t\t\t<\/div>\n\t\t\t\t<\/div>\n\t\t\t\t<\/div>\n\t\t<div class=\"elementor-element elementor-element-187232ef e-con-full e-flex e-con e-child\" data-id=\"187232ef\" data-element_type=\"container\" data-e-type=\"container\">\n\t\t\t\t<div class=\"elementor-element elementor-element-19f5532a elementor-widget elementor-widget-heading\" data-id=\"19f5532a\" data-element_type=\"widget\" data-e-type=\"widget\" data-widget_type=\"heading.default\">\n\t\t\t\t<div class=\"elementor-widget-container\">\n\t\t\t\t\t<h2 class=\"elementor-heading-title elementor-size-default\">Lista de Materiais<\/h2>\t\t\t\t<\/div>\n\t\t\t\t<\/div>\n\t\t\t\t<div class=\"elementor-element elementor-element-56398a54 elementor-widget elementor-widget-heading\" data-id=\"56398a54\" data-element_type=\"widget\" data-e-type=\"widget\" data-widget_type=\"heading.default\">\n\t\t\t\t<div class=\"elementor-widget-container\">\n\t\t\t\t\t<h2 class=\"elementor-heading-title elementor-size-default\">3\u00ba s\u00e9rie<\/h2>\t\t\t\t<\/div>\n\t\t\t\t<\/div>\n\t\t<div class=\"elementor-element elementor-element-4bf9a4e5 e-con-full e-flex e-con e-child\" data-id=\"4bf9a4e5\" data-element_type=\"container\" data-e-type=\"container\">\n\t\t\t\t<div class=\"elementor-element elementor-element-c4d5c7c elementor-widget elementor-widget-text-editor\" data-id=\"c4d5c7c\" data-element_type=\"widget\" data-e-type=\"widget\" data-widget_type=\"text-editor.default\">\n\t\t\t\t<div class=\"elementor-widget-container\">\n\t\t\t\t\t\t\t\t\t<p>Os materiais escolares adotados para 2026 estar\u00e3o dispon\u00edveis para venda na loja Letral, localizada na escola.\u00a0<strong>Em raz\u00e3o de obras, a loja estar\u00e1 temporariamente localizada na Sala de M\u00fasica. <\/strong>Informa\u00e7\u00f5es e or\u00e7amentos pelo WhatsApp 51 9819-9186.\u00a0<\/p><p>Caso a fam\u00edlia prefira, poder\u00e1 adquirir o material em outro estabelecimento at\u00e9 o in\u00edcio do ano letivo.<\/p>\t\t\t\t\t\t\t\t<\/div>\n\t\t\t\t<\/div>\n\t\t\t\t<\/div>\n\t\t\t\t<\/div>\n\t\t<div class=\"elementor-element elementor-element-54856c3 e-con-full forcar-cor-texto-preto e-flex e-con e-child\" data-id=\"54856c3\" data-element_type=\"container\" data-e-type=\"container\" data-settings=\"{&quot;background_background&quot;:&quot;classic&quot;}\">\n\t\t<div class=\"elementor-element elementor-element-76c93cb0 e-con-full e-flex e-con e-child\" data-id=\"76c93cb0\" data-element_type=\"container\" data-e-type=\"container\">\n\t\t\t\t<div class=\"elementor-element elementor-element-42c17bab elementor-widget elementor-widget-heading\" data-id=\"42c17bab\" data-element_type=\"widget\" data-e-type=\"widget\" data-widget_type=\"heading.default\">\n\t\t\t\t<div class=\"elementor-widget-container\">\n\t\t\t\t\t<h2 class=\"elementor-heading-title elementor-size-default\">TECNOLOGIA DIGITAL<\/h2>\t\t\t\t<\/div>\n\t\t\t\t<\/div>\n\t\t\t\t<div class=\"elementor-element elementor-element-2123dd25 elementor-widget elementor-widget-text-editor\" data-id=\"2123dd25\" data-element_type=\"widget\" data-e-type=\"widget\" data-widget_type=\"text-editor.default\">\n\t\t\t\t<div class=\"elementor-widget-container\">\n\t\t\t\t\t\t\t\t\t<p>A partir de 2026, as atividades pedag\u00f3gicas que demandarem o uso de tecnologia ser\u00e3o atendidas pelos laborat\u00f3rios m\u00f3veis do Col\u00e9gio, compostos por notebooks, Chromebooks e iPads. Al\u00e9m disso, os estudantes poder\u00e3o utilizar seus pr\u00f3prios dispositivos eletr\u00f4nicos, sempre que essa possibilidade estiver prevista no planejamento pedag\u00f3gico e mediante orienta\u00e7\u00e3o pr\u00e9via do professor respons\u00e1vel.<\/p>\t\t\t\t\t\t\t\t<\/div>\n\t\t\t\t<\/div>\n\t\t\t\t<\/div>\n\t\t<div class=\"elementor-element elementor-element-66d13666 e-con-full e-flex e-con e-child\" data-id=\"66d13666\" data-element_type=\"container\" data-e-type=\"container\">\n\t\t\t\t<div class=\"elementor-element elementor-element-66997cdc elementor-widget elementor-widget-heading\" data-id=\"66997cdc\" data-element_type=\"widget\" data-e-type=\"widget\" data-widget_type=\"heading.default\">\n\t\t\t\t<div class=\"elementor-widget-container\">\n\t\t\t\t\t<h2 class=\"elementor-heading-title elementor-size-default\">ITENS DA MOCHILA<\/h2>\t\t\t\t<\/div>\n\t\t\t\t<\/div>\n\t\t\t\t<div class=\"elementor-element elementor-element-2d9289f9 elementor-widget elementor-widget-text-editor\" data-id=\"2d9289f9\" data-element_type=\"widget\" data-e-type=\"widget\" data-widget_type=\"text-editor.default\">\n\t\t\t\t<div class=\"elementor-widget-container\">\n\t\t\t\t\t\t\t\t\t<p><b><span data-contrast=\"auto\">\u00c9 DE RESPONSABILIDADE DO ALUNO MANTER A MOCHILA DIARIAMENTE ORGANIZADA COM:\u00a0<\/span><\/b><span data-ccp-props=\"{&quot;335559739&quot;:0}\">\u00a0<\/span><\/p><p><span data-contrast=\"auto\">Cadernos, conforme a prefer\u00eancia de organiza\u00e7\u00e3o dos estudantes, complementando a utiliza\u00e7\u00e3o das tecnologias digitais.\u00a0<\/span><span data-ccp-props=\"{&quot;335559739&quot;:0}\">\u00a0<\/span><\/p><p><span data-contrast=\"auto\">S\u00e3o materiais sugeridos para complementar o uso dos cadernos:\u00a0<\/span><span data-ccp-props=\"{&quot;335559739&quot;:0}\">\u00a0<\/span><\/p><p><span data-contrast=\"auto\">\u2013 L\u00e1pis\u00a0<\/span><\/p><p><span data-contrast=\"auto\">\u2013 Canetas\u00a0<\/span><\/p><p><span data-contrast=\"auto\">\u2013 Apontador\u00a0<\/span><\/p><p><span data-contrast=\"auto\">\u2013 Cola\u00a0<\/span><\/p><p><span data-contrast=\"auto\">\u2013 Borracha\u00a0<\/span><\/p><p><span data-contrast=\"auto\">\u2013 R\u00e9gua de 30cm\u00a0<\/span><\/p><p><span data-contrast=\"auto\">\u2013 Kip\u00e1<\/span><\/p><p><span data-contrast=\"auto\"><span style=\"font-size: 1rem;\">\u2013 Tabela peri\u00f3dica atualizada\u00a0 \u00a0 \u00a0 \u00a0 \u00a0 \u00a0<\/span><br \/><\/span><\/p><p>\u2013 Jaleco para laborat\u00f3rio<\/p>\t\t\t\t\t\t\t\t<\/div>\n\t\t\t\t<\/div>\n\t\t\t\t<\/div>\n\t\t<div class=\"elementor-element elementor-element-66331adc e-con-full e-flex e-con e-child\" data-id=\"66331adc\" data-element_type=\"container\" data-e-type=\"container\">\n\t\t\t\t<div class=\"elementor-element elementor-element-40c9ae31 elementor-widget elementor-widget-heading\" data-id=\"40c9ae31\" data-element_type=\"widget\" data-e-type=\"widget\" data-widget_type=\"heading.default\">\n\t\t\t\t<div class=\"elementor-widget-container\">\n\t\t\t\t\t<h2 class=\"elementor-heading-title elementor-size-default\">MATERIAIS DID\u00c1TICOS E LITER\u00c1RIOS<\/h2>\t\t\t\t<\/div>\n\t\t\t\t<\/div>\n\t\t\t\t<div class=\"elementor-element elementor-element-6f151216 elementor-widget elementor-widget-text-editor\" data-id=\"6f151216\" data-element_type=\"widget\" data-e-type=\"widget\" data-widget_type=\"text-editor.default\">\n\t\t\t\t<div class=\"elementor-widget-container\">\n\t\t\t\t\t\t\t\t\t<p>O material did\u00e1tico (apostilas) dos componentes curriculares, estar\u00e1 dispon\u00edvel para compra na Secretaria Escolar conforme comunica\u00e7\u00f5es que ser\u00e3o enviadas no in\u00edcio do ano letivo.<\/p>\n<p><b>Literatura<\/b><\/p>\n<p>&#8211; 1\u00ba semestre: <br>\u201c<b>Mas em que mundo tu vive?<\/b>\u201d\u2013 Jos\u00e9 Falero, Editora Todavia <br>\u201cO<b> dem\u00f4mio familiar<\/b>\u201d, Jos\u00e9 de Alencar (qualquer editora)<br>Leitura livre &#8211; leitura escolhida por cada aluno<br><br>Seleta de can\u00e7\u00f5es de Lupic\u00ednio Rodrigues (link para o \u00e1lbum ser\u00e1 publicado no Google Sala de Aula)<br>\u201c<b>Mrs. Dalloway<\/b>\u201d, Virginia Woolf (qualquer editora)<\/p>\n<p><br>&#8211; 2\u00ba semestre:<br>\u201c<b>O avesso da pele<\/b>\u201d, Jeferson Ten\u00f3rio, Companhia das Letras<\/p>\n<p>Leitura Nova UFRGS 1<\/p>\n<p>Leitura Nova UFRGS 2<\/p>\n<p>Leitura Nova UFRGS 3<\/p>\t\t\t\t\t\t\t\t<\/div>\n\t\t\t\t<\/div>\n\t\t\t\t<\/div>\n\t\t\t\t<\/div>\n\t\t<div class=\"elementor-element elementor-element-4f68dc7c e-con-full e-flex e-con e-child\" data-id=\"4f68dc7c\" data-element_type=\"container\" data-e-type=\"container\">\n\t\t\t\t<div class=\"elementor-element elementor-element-5c38d957 elementor-widget elementor-widget-text-editor\" data-id=\"5c38d957\" data-element_type=\"widget\" data-e-type=\"widget\" data-widget_type=\"text-editor.default\">\n\t\t\t\t<div class=\"elementor-widget-container\">\n\t\t\t\t\t\t\t\t\t<p>Em caso de d\u00favidas, entre em contato pelo aplicativo, no canal Central de Relacionamento.<\/p>\t\t\t\t\t\t\t\t<\/div>\n\t\t\t\t<\/div>\n\t\t\t\t<div class=\"elementor-element elementor-element-2d7c6473 elementor-widget elementor-widget-heading\" data-id=\"2d7c6473\" data-element_type=\"widget\" data-e-type=\"widget\" data-widget_type=\"heading.default\">\n\t\t\t\t<div class=\"elementor-widget-container\">\n\t\t\t\t\t<h2 class=\"elementor-heading-title elementor-size-default\">Navega\u00e7\u00e3o EM<\/h2>\t\t\t\t<\/div>\n\t\t\t\t<\/div>\n\t\t<div class=\"elementor-element elementor-element-497595d6 e-grid e-con-full e-con e-child\" data-id=\"497595d6\" data-element_type=\"container\" data-e-type=\"container\">\n\t\t\t\t<div class=\"elementor-element elementor-element-34b8982 elementor-widget elementor-widget-html\" data-id=\"34b8982\" data-element_type=\"widget\" data-e-type=\"widget\" data-widget_type=\"html.default\">\n\t\t\t\t<div class=\"elementor-widget-container\">\n\t\t\t\t\t<a href=\"\/guiaescolar\/ensino-medio\/horarios\" style=\"text-decoration: none;\">\r\n  <button class=\"comic-button\">Hor\u00e1rios<\/button>\r\n<\/a>\t\t\t\t<\/div>\n\t\t\t\t<\/div>\n\t\t\t\t<div class=\"elementor-element elementor-element-64a2db22 elementor-widget elementor-widget-html\" data-id=\"64a2db22\" data-element_type=\"widget\" data-e-type=\"widget\" data-widget_type=\"html.default\">\n\t\t\t\t<div class=\"elementor-widget-container\">\n\t\t\t\t\t<a href=\"\/guiaescolar\/ensino-medio\/salas-de-aula\" style=\"text-decoration: none;\">\r\n  <button class=\"comic-button\">Salas<br>de Aula<\/button>\r\n<\/a>\t\t\t\t<\/div>\n\t\t\t\t<\/div>\n\t\t\t\t<div class=\"elementor-element elementor-element-251ef29d elementor-widget elementor-widget-html\" data-id=\"251ef29d\" data-element_type=\"widget\" data-e-type=\"widget\" data-widget_type=\"html.default\">\n\t\t\t\t<div class=\"elementor-widget-container\">\n\t\t\t\t\t<a href=\"\/guiaescolar\/ensino-medio\/entrada-e-saida\" style=\"text-decoration: none;\">\r\n  <button class=\"comic-button\">Entrada<br>e Sa\u00edda<\/button>\r\n<\/a>\t\t\t\t<\/div>\n\t\t\t\t<\/div>\n\t\t\t\t<\/div>\n\t\t<div class=\"elementor-element elementor-element-159c6977 e-grid e-con-full e-con e-child\" data-id=\"159c6977\" data-element_type=\"container\" data-e-type=\"container\">\n\t\t\t\t<div class=\"elementor-element elementor-element-1567292e elementor-widget elementor-widget-html\" data-id=\"1567292e\" data-element_type=\"widget\" data-e-type=\"widget\" data-widget_type=\"html.default\">\n\t\t\t\t<div class=\"elementor-widget-container\">\n\t\t\t\t\t<a href=\"\/guiaescolar\/ensino-medio\/itinerarios-formativos\" style=\"text-decoration: none;\">\r\n  <button class=\"comic-button\">Itiner\u00e1rios<br>Formativos<\/button>\r\n<\/a>\t\t\t\t<\/div>\n\t\t\t\t<\/div>\n\t\t\t\t<div class=\"elementor-element elementor-element-4385aefe elementor-widget elementor-widget-html\" data-id=\"4385aefe\" data-element_type=\"widget\" data-e-type=\"widget\" data-widget_type=\"html.default\">\n\t\t\t\t<div class=\"elementor-widget-container\">\n\t\t\t\t\t<a href=\"\/guiaescolar\/ensino-medio\/eletivas\" style=\"text-decoration: none;\">\r\n  <button class=\"comic-button\">Eletivas<\/button>\r\n<\/a>\t\t\t\t<\/div>\n\t\t\t\t<\/div>\n\t\t\t\t<div class=\"elementor-element elementor-element-1af91f03 elementor-widget elementor-widget-html\" data-id=\"1af91f03\" data-element_type=\"widget\" data-e-type=\"widget\" data-widget_type=\"html.default\">\n\t\t\t\t<div class=\"elementor-widget-container\">\n\t\t\t\t\t<a href=\"\/guiaescolar\/ensino-medio\/avaliacoes-externas\" style=\"text-decoration: none;\">\r\n  <button class=\"comic-button\">Avalia\u00e7\u00f5es<br>Externas<\/button>\r\n<\/a>\t\t\t\t<\/div>\n\t\t\t\t<\/div>\n\t\t\t\t<div class=\"elementor-element elementor-element-54730619 elementor-widget elementor-widget-html\" data-id=\"54730619\" data-element_type=\"widget\" data-e-type=\"widget\" data-widget_type=\"html.default\">\n\t\t\t\t<div class=\"elementor-widget-container\">\n\t\t\t\t\t<a href=\"\/guiaescolar\/ensino-medio\/simulados\" style=\"text-decoration: none;\">\r\n  <button class=\"comic-button\">Simulados<\/button>\r\n<\/a>\t\t\t\t<\/div>\n\t\t\t\t<\/div>\n\t\t\t\t<div class=\"elementor-element elementor-element-4683d73f elementor-widget elementor-widget-html\" data-id=\"4683d73f\" data-element_type=\"widget\" data-e-type=\"widget\" data-widget_type=\"html.default\">\n\t\t\t\t<div class=\"elementor-widget-container\">\n\t\t\t\t\t<a href=\"\/guiaescolar\/ensino-medio\/lista-de-materiais\" style=\"text-decoration: none;\">\r\n  <button class=\"comic-button\">Lista de<br>Materiais<\/button>\r\n<\/a>\t\t\t\t<\/div>\n\t\t\t\t<\/div>\n\t\t\t\t<div class=\"elementor-element elementor-element-68f859fa elementor-widget elementor-widget-html\" data-id=\"68f859fa\" data-element_type=\"widget\" data-e-type=\"widget\" data-widget_type=\"html.default\">\n\t\t\t\t<div class=\"elementor-widget-container\">\n\t\t\t\t\t<a href=\"\/guiaescolar\/ensino-medio\/extra-curriculares\" style=\"text-decoration: none;\">\r\n  <button class=\"comic-button\">Extra-<br>curriculares<\/button>\r\n<\/a>\t\t\t\t<\/div>\n\t\t\t\t<\/div>\n\t\t\t\t<\/div>\n\t\t<div class=\"elementor-element elementor-element-359212ca e-grid e-con-full e-con e-child\" data-id=\"359212ca\" data-element_type=\"container\" data-e-type=\"container\">\n\t\t\t\t<div class=\"elementor-element elementor-element-21527b4a elementor-widget elementor-widget-html\" data-id=\"21527b4a\" data-element_type=\"widget\" data-e-type=\"widget\" data-widget_type=\"html.default\">\n\t\t\t\t<div class=\"elementor-widget-container\">\n\t\t\t\t\t<a href=\"\/guiaescolar\/ensino-medio\/plataformas-educacionais\" style=\"text-decoration: none;\">\r\n  <button class=\"comic-button\">Plataformas<br>Educacionais<\/button>\r\n<\/a>\t\t\t\t<\/div>\n\t\t\t\t<\/div>\n\t\t\t\t<div class=\"elementor-element elementor-element-511eaabf elementor-widget elementor-widget-html\" data-id=\"511eaabf\" data-element_type=\"widget\" data-e-type=\"widget\" data-widget_type=\"html.default\">\n\t\t\t\t<div class=\"elementor-widget-container\">\n\t\t\t\t\t<a href=\"\/guiaescolar\/ensino-medio\/saida-de-estudos\" style=\"text-decoration: none;\">\r\n  <button class=\"comic-button\">Sa\u00eddas de<br>Estudos<\/button>\r\n<\/a>\t\t\t\t<\/div>\n\t\t\t\t<\/div>\n\t\t\t\t<div class=\"elementor-element elementor-element-30c76473 elementor-widget elementor-widget-html\" data-id=\"30c76473\" data-element_type=\"widget\" data-e-type=\"widget\" data-widget_type=\"html.default\">\n\t\t\t\t<div class=\"elementor-widget-container\">\n\t\t\t\t\t<a href=\"\/guiaescolar\/ensino-medio\/reunioes-de-turmas\" style=\"text-decoration: none;\">\r\n  <button class=\"comic-button\">Reuni\u00f5es de<br>Turmas<\/button>\r\n<\/a>\t\t\t\t<\/div>\n\t\t\t\t<\/div>\n\t\t\t\t<\/div>\n\t\t<div class=\"elementor-element elementor-element-45725e6d e-grid e-con-full e-con e-child\" data-id=\"45725e6d\" data-element_type=\"container\" data-e-type=\"container\">\n\t\t\t\t<div class=\"elementor-element elementor-element-1fe70aa1 elementor-widget elementor-widget-html\" data-id=\"1fe70aa1\" data-element_type=\"widget\" data-e-type=\"widget\" data-widget_type=\"html.default\">\n\t\t\t\t<div class=\"elementor-widget-container\">\n\t\t\t\t\t<a href=\"\/guiaescolar\/ensino-fundamental-2\/amo\" style=\"text-decoration: none;\">\r\n  <button class=\"comic-button\">AMO<\/button>\r\n<\/a>\t\t\t\t<\/div>\n\t\t\t\t<\/div>\n\t\t\t\t<div class=\"elementor-element elementor-element-1df079bd elementor-widget elementor-widget-html\" data-id=\"1df079bd\" data-element_type=\"widget\" data-e-type=\"widget\" data-widget_type=\"html.default\">\n\t\t\t\t<div class=\"elementor-widget-container\">\n\t\t\t\t\t<a href=\"\/guiaescolar\/ensino-medio\/planos-de-ensino\" style=\"text-decoration: none;\">\r\n  <button class=\"comic-button\">Planos<br>de Ensino<\/button>\r\n<\/a>\t\t\t\t<\/div>\n\t\t\t\t<\/div>\n\t\t\t\t<div class=\"elementor-element elementor-element-fce943e elementor-widget elementor-widget-html\" data-id=\"fce943e\" data-element_type=\"widget\" data-e-type=\"widget\" data-widget_type=\"html.default\">\n\t\t\t\t<div class=\"elementor-widget-container\">\n\t\t\t\t\t<a href=\"\/guiaescolar\/ensino-medio\/semana-das-trajetorias\" style=\"text-decoration: none;\">\r\n  <button class=\"comic-button\">Semana das<br>Trajet\u00f3rias<\/button>\r\n<\/a>\t\t\t\t<\/div>\n\t\t\t\t<\/div>\n\t\t\t\t<\/div>\n\t\t\t\t<\/div>\n\t\t\t\t\t<\/div>\n\t\t\t\t<\/div>\n\t\t\t\t<\/div>\n\t\t","protected":false},"excerpt":{"rendered":"<p>GUIA ESCOLAR Lista de Materiais 3\u00ba s\u00e9rie Os materiais escolares adotados para 2026 estar\u00e3o dispon\u00edveis para venda na loja Letral, localizada na escola.\u00a0Em raz\u00e3o de obras, a loja estar\u00e1 temporariamente localizada na Sala de M\u00fasica. Informa\u00e7\u00f5es e or\u00e7amentos pelo WhatsApp 51 9819-9186.\u00a0 Caso a fam\u00edlia prefira, poder\u00e1 adquirir o material em outro estabelecimento at\u00e9 o [&hellip;]<\/p>\n","protected":false},"author":6,"featured_media":0,"parent":1658,"menu_order":0,"comment_status":"closed","ping_status":"closed","template":"","meta":{"footnotes":""},"class_list":["post-1730","page","type-page","status-publish","hentry"],"_links":{"self":[{"href":"https:\/\/israelitaedu.com.br\/guiaescolar\/wp-json\/wp\/v2\/pages\/1730","targetHints":{"allow":["GET"]}}],"collection":[{"href":"https:\/\/israelitaedu.com.br\/guiaescolar\/wp-json\/wp\/v2\/pages"}],"about":[{"href":"https:\/\/israelitaedu.com.br\/guiaescolar\/wp-json\/wp\/v2\/types\/page"}],"author":[{"embeddable":true,"href":"https:\/\/israelitaedu.com.br\/guiaescolar\/wp-json\/wp\/v2\/users\/6"}],"replies":[{"embeddable":true,"href":"https:\/\/israelitaedu.com.br\/guiaescolar\/wp-json\/wp\/v2\/comments?post=1730"}],"version-history":[{"count":15,"href":"https:\/\/israelitaedu.com.br\/guiaescolar\/wp-json\/wp\/v2\/pages\/1730\/revisions"}],"predecessor-version":[{"id":6899,"href":"https:\/\/israelitaedu.com.br\/guiaescolar\/wp-json\/wp\/v2\/pages\/1730\/revisions\/6899"}],"up":[{"embeddable":true,"href":"https:\/\/israelitaedu.com.br\/guiaescolar\/wp-json\/wp\/v2\/pages\/1658"}],"wp:attachment":[{"href":"https:\/\/israelitaedu.com.br\/guiaescolar\/wp-json\/wp\/v2\/media?parent=1730"}],"curies":[{"name":"wp","href":"https:\/\/api.w.org\/{rel}","templated":true}]}}