{"id":1721,"date":"2025-04-23T11:48:52","date_gmt":"2025-04-23T14:48:52","guid":{"rendered":"https:\/\/israelitaedu.com.br\/guiaescolar\/?page_id=1721"},"modified":"2026-01-08T16:23:51","modified_gmt":"2026-01-08T19:23:51","slug":"2-serie","status":"publish","type":"page","link":"https:\/\/israelitaedu.com.br\/guiaescolar\/ensino-medio\/lista-de-materiais\/2-serie\/","title":{"rendered":"Lista de Materiais &#8211; 2\u00ba s\u00e9rie"},"content":{"rendered":"\t\t<div data-elementor-type=\"wp-page\" data-elementor-id=\"1721\" class=\"elementor elementor-1721\" data-elementor-post-type=\"page\">\n\t\t\t\t<div class=\"elementor-element elementor-element-467f1dd5 e-flex e-con-boxed e-con e-parent\" data-id=\"467f1dd5\" data-element_type=\"container\" data-e-type=\"container\">\n\t\t\t\t\t<div class=\"e-con-inner\">\n\t\t<div class=\"elementor-element elementor-element-5890d1a8 e-con-full e-flex e-con e-child\" data-id=\"5890d1a8\" data-element_type=\"container\" data-e-type=\"container\">\n\t\t\t\t<div class=\"elementor-element elementor-element-74c55e5b elementor-widget elementor-widget-heading\" data-id=\"74c55e5b\" data-element_type=\"widget\" data-e-type=\"widget\" data-widget_type=\"heading.default\">\n\t\t\t\t<div class=\"elementor-widget-container\">\n\t\t\t\t\t<h2 class=\"elementor-heading-title elementor-size-default\">GUIA ESCOLAR<\/h2>\t\t\t\t<\/div>\n\t\t\t\t<\/div>\n\t\t\t\t<\/div>\n\t\t<div class=\"elementor-element elementor-element-66abce11 e-con-full e-flex e-con e-child\" data-id=\"66abce11\" data-element_type=\"container\" data-e-type=\"container\">\n\t\t\t\t<div class=\"elementor-element elementor-element-3083edc elementor-widget elementor-widget-heading\" data-id=\"3083edc\" data-element_type=\"widget\" data-e-type=\"widget\" data-widget_type=\"heading.default\">\n\t\t\t\t<div class=\"elementor-widget-container\">\n\t\t\t\t\t<h2 class=\"elementor-heading-title elementor-size-default\">Lista de Materiais<\/h2>\t\t\t\t<\/div>\n\t\t\t\t<\/div>\n\t\t\t\t<div class=\"elementor-element elementor-element-4d6e5511 elementor-widget elementor-widget-heading\" data-id=\"4d6e5511\" data-element_type=\"widget\" data-e-type=\"widget\" data-widget_type=\"heading.default\">\n\t\t\t\t<div class=\"elementor-widget-container\">\n\t\t\t\t\t<h2 class=\"elementor-heading-title elementor-size-default\">2\u00ba s\u00e9rie<\/h2>\t\t\t\t<\/div>\n\t\t\t\t<\/div>\n\t\t<div class=\"elementor-element elementor-element-19459685 e-con-full e-flex e-con e-child\" data-id=\"19459685\" data-element_type=\"container\" data-e-type=\"container\">\n\t\t\t\t<div class=\"elementor-element elementor-element-7fe20225 elementor-widget elementor-widget-text-editor\" data-id=\"7fe20225\" data-element_type=\"widget\" data-e-type=\"widget\" data-widget_type=\"text-editor.default\">\n\t\t\t\t<div class=\"elementor-widget-container\">\n\t\t\t\t\t\t\t\t\t<p>Os materiais escolares adotados para 2026 estar\u00e3o dispon\u00edveis para venda na loja Letral, localizada na escola.\u00a0<strong>Em raz\u00e3o de obras, a loja estar\u00e1 temporariamente localizada na Sala de M\u00fasica. <\/strong>Informa\u00e7\u00f5es e or\u00e7amentos pelo WhatsApp 51 9819-9186.\u00a0<\/p><p>Caso a fam\u00edlia prefira, poder\u00e1 adquirir o material em outro estabelecimento at\u00e9 o in\u00edcio do ano letivo.<\/p>\t\t\t\t\t\t\t\t<\/div>\n\t\t\t\t<\/div>\n\t\t\t\t<\/div>\n\t\t\t\t<\/div>\n\t\t<div class=\"elementor-element elementor-element-d0c9df2 e-con-full forcar-cor-texto-preto e-flex e-con e-child\" data-id=\"d0c9df2\" data-element_type=\"container\" data-e-type=\"container\" data-settings=\"{&quot;background_background&quot;:&quot;classic&quot;}\">\n\t\t<div class=\"elementor-element elementor-element-76575513 e-con-full e-flex e-con e-child\" data-id=\"76575513\" data-element_type=\"container\" data-e-type=\"container\">\n\t\t\t\t<div class=\"elementor-element elementor-element-6122a9ce elementor-widget elementor-widget-heading\" data-id=\"6122a9ce\" data-element_type=\"widget\" data-e-type=\"widget\" data-widget_type=\"heading.default\">\n\t\t\t\t<div class=\"elementor-widget-container\">\n\t\t\t\t\t<h2 class=\"elementor-heading-title elementor-size-default\">TECNOLOGIA DIGITAL<\/h2>\t\t\t\t<\/div>\n\t\t\t\t<\/div>\n\t\t\t\t<div class=\"elementor-element elementor-element-385716e9 elementor-widget elementor-widget-text-editor\" data-id=\"385716e9\" data-element_type=\"widget\" data-e-type=\"widget\" data-widget_type=\"text-editor.default\">\n\t\t\t\t<div class=\"elementor-widget-container\">\n\t\t\t\t\t\t\t\t\t<p>A partir de 2026, as atividades pedag\u00f3gicas que demandarem o uso de tecnologia ser\u00e3o atendidas pelos laborat\u00f3rios m\u00f3veis do Col\u00e9gio, compostos por notebooks, Chromebooks e iPads. Al\u00e9m disso, os estudantes poder\u00e3o utilizar seus pr\u00f3prios dispositivos eletr\u00f4nicos, sempre que essa possibilidade estiver prevista no planejamento pedag\u00f3gico e mediante orienta\u00e7\u00e3o pr\u00e9via do professor respons\u00e1vel.<\/p>\t\t\t\t\t\t\t\t<\/div>\n\t\t\t\t<\/div>\n\t\t\t\t<\/div>\n\t\t<div class=\"elementor-element elementor-element-7c4bf013 e-con-full e-flex e-con e-child\" data-id=\"7c4bf013\" data-element_type=\"container\" data-e-type=\"container\">\n\t\t\t\t<div class=\"elementor-element elementor-element-513eabf9 elementor-widget elementor-widget-heading\" data-id=\"513eabf9\" data-element_type=\"widget\" data-e-type=\"widget\" data-widget_type=\"heading.default\">\n\t\t\t\t<div class=\"elementor-widget-container\">\n\t\t\t\t\t<h2 class=\"elementor-heading-title elementor-size-default\">ITENS DA MOCHILA<\/h2>\t\t\t\t<\/div>\n\t\t\t\t<\/div>\n\t\t\t\t<div class=\"elementor-element elementor-element-451f2a25 elementor-widget elementor-widget-text-editor\" data-id=\"451f2a25\" data-element_type=\"widget\" data-e-type=\"widget\" data-widget_type=\"text-editor.default\">\n\t\t\t\t<div class=\"elementor-widget-container\">\n\t\t\t\t\t\t\t\t\t<p><b><span data-contrast=\"auto\">\u00c9 DE RESPONSABILIDADE DO ALUNO MANTER A MOCHILA DIARIAMENTE ORGANIZADA COM<\/span><\/b><span data-contrast=\"auto\">:\u00a0<\/span><span data-ccp-props=\"{&quot;335559739&quot;:0}\">\u00a0<\/span><\/p><p><span data-contrast=\"auto\">Cadernos, conforme a prefer\u00eancia de organiza\u00e7\u00e3o dos estudantes, complementando a utiliza\u00e7\u00e3o das tecnologias digitais.\u00a0<\/span><span data-ccp-props=\"{&quot;335559739&quot;:0}\">\u00a0<\/span><\/p><p><span data-contrast=\"auto\">S\u00e3o materiais sugeridos para complementar o uso dos cadernos:\u00a0<\/span><span data-ccp-props=\"{&quot;335559739&quot;:0}\">\u00a0<\/span><\/p><p><span data-contrast=\"auto\">\u2013 L\u00e1pis\u00a0<\/span><\/p><p><span data-contrast=\"auto\">\u2013 Canetas\u00a0<\/span><\/p><p><span data-contrast=\"auto\">\u2013 Apontador\u00a0<\/span><\/p><p><span data-contrast=\"auto\">\u2013 Cola\u00a0<\/span><\/p><p><span data-contrast=\"auto\">\u2013 Borracha\u00a0<\/span><\/p><p><span data-contrast=\"auto\">\u2013 R\u00e9gua de 30cm\u00a0<\/span><\/p><p><span data-contrast=\"auto\">\u2013 Kip\u00e1<\/span><\/p><p><span data-contrast=\"auto\">\u2013 Jaleco para laborat\u00f3rio\u00a0<\/span><\/p><p><span data-contrast=\"auto\">\u2013 Tabela peri\u00f3dica atualizada<\/span><\/p>\t\t\t\t\t\t\t\t<\/div>\n\t\t\t\t<\/div>\n\t\t\t\t<\/div>\n\t\t<div class=\"elementor-element elementor-element-59c32cf0 e-con-full e-flex e-con e-child\" data-id=\"59c32cf0\" data-element_type=\"container\" data-e-type=\"container\">\n\t\t\t\t<div class=\"elementor-element elementor-element-7c1e6c7a elementor-widget elementor-widget-heading\" data-id=\"7c1e6c7a\" data-element_type=\"widget\" data-e-type=\"widget\" data-widget_type=\"heading.default\">\n\t\t\t\t<div class=\"elementor-widget-container\">\n\t\t\t\t\t<h2 class=\"elementor-heading-title elementor-size-default\">MATERIAIS DID\u00c1TICOS E LITER\u00c1RIOS<\/h2>\t\t\t\t<\/div>\n\t\t\t\t<\/div>\n\t\t\t\t<div class=\"elementor-element elementor-element-269bf2e9 elementor-widget elementor-widget-text-editor\" data-id=\"269bf2e9\" data-element_type=\"widget\" data-e-type=\"widget\" data-widget_type=\"text-editor.default\">\n\t\t\t\t<div class=\"elementor-widget-container\">\n\t\t\t\t\t\t\t\t\t<p>O material did\u00e1tico (apostilas) dos componentes curriculares, estar\u00e1 dispon\u00edvel para compra na Secretaria Escolar conforme comunica\u00e7\u00f5es que ser\u00e3o enviadas no in\u00edcio do ano letivo.<\/p><p><b>Ingl\u00eas<\/b><\/p><p>\u2013 <b>Teste TOEFL ITP:<\/b> Exame internacional para avaliar a profici\u00eancia lingu\u00edstica dos alunos em L\u00edngua Inglesa. O teste ser\u00e1 realizado no Col\u00e9gio, em data a ser marcada, com prepara\u00e7\u00e3o ao longo do ano; comp\u00f5e as avalia\u00e7\u00f5es curriculares previstas para o pr\u00f3ximo ano letivo e integra o projeto de l\u00edngua inglesa da 2\u00aa s\u00e9rie. O score obtido tem validade de 2 anos e pode ser usado em processos de mobilidade acad\u00eamica para o exterior. Visando facilitar a log\u00edstica das fam\u00edlias, o valor referente ao exame ser\u00e1 inclu\u00eddo nos boletos de cobran\u00e7a da mensalidade, em quatro parcelas, com vencimento nos meses de abril, maio, junho e julho.<\/p><p><b>Filosofia <br \/><\/b><br \/>\u2013 1\u00ba e 2\u00ba Semestres: <br \/>\u201c<b>Justi\u00e7a: O que \u00e9 fazer a coisa certa<\/b>\u201d, Michael J. Sandel, Editora Civiliza\u00e7\u00e3o Brasileira <br \/>Cultura Judaica <br \/>\u201c<b>O Impasse de 1967: a esquerda e a direita em Israel e o legado da guerra dos seis dias<\/b>\u201d, Micah Goodman, Editora \u00c9 Realiza\u00e7\u00f5es <br \/>\u2013 1\u00ba semestre: <br \/>\u201c<b>Sumchi: uma f\u00e1bula de amor e aventura<\/b>\u201d, Am\u00f3s Oz, Editora Companhia das Letras<\/p><p>\u2013 2\u00ba semestre: <br \/>\u201c<b>Meu Pai: e o fim dos judeus da Bessar\u00e1bia<\/b>\u201d, Samuel Fux e Jacques Fux, Editora Perspectiva<\/p><p>Literatura <br \/>\u2013 1\u00ba semestre: <br \/>\u201c<b>Mas em que mundo tu vive?<\/b>\u201d, Jos\u00e9 Falero<br \/>\u201c<b>Brasil pandeiro<\/b>\u201d, Novos Baianos (link do \u00e1lbum ser\u00e1 postado no Google Sala de Aula)<br \/>Leitura livre &#8211; leitura escolhida por cada aluno<br \/><br \/>Sele\u00e7\u00e3o de contos rom\u00e2nticos, fornecida pelo Col\u00e9gio<br \/>\u201c<b>O dem\u00f4nio familiar<\/b>\u201d, Jos\u00e9 de Alencar (qualquer editora)<\/p><p>\u2013 2\u00ba semestre: <br \/>\u201c<b>Quincas Borba<\/b>\u201d, Machado de Assis (qualquer edi\u00e7\u00e3o)<br \/>\u201c<b>V\u00e1rias hist\u00f3rias<\/b>\u201d, Machado de Assis (qualquer edi\u00e7\u00e3o)<br \/>Leitura Nova UFRGS &#8211; leitura a ser definida<\/p><p><br \/>* <i>Lista de livros a escolher: romances-reportagem, biografias, di\u00e1rios. <\/i><br \/>\u201c<b>A mercadoria mais preciosa<\/b>\u201d, Jean-Claude Grumberg, Editora Todavia<br \/>\u201c<b>A sociedade da neve<\/b>\u201d, Pablo Vierci <br \/>\u201c<b>Arrastados<\/b>\u201d, Daniela Arbex<br \/>&#8220;<b>Todo dia a mesma noite<\/b>&#8220;, Daniela Arbex<br \/>&#8220;<b>Holocasto brasileiro<\/b>&#8220;, Daniela Arbex<br \/>\u201c<b>Abusado<\/b>\u201d , Caco Barcellos <br \/>\u201c<b>Rota 66: a pol\u00edcia que mata<\/b>\u201d , Caco Barcellos <br \/>\u201c<b>Carcereiros<\/b>\u201d , Drauzio Varela<br \/>\u201c<b>Esta\u00e7\u00e3o Carandiru<\/b>\u201d , Drauzio Varela<br \/>\u201c<b>Prisioneiras<\/b>\u201d, Drauzio Varela<br \/>\u201c<b>\u00c9 isto um homem?<\/b>\u201d , Primo Levi <br \/>\u201c<b>Garotas mortas<\/b>\u201d , Selva Almada <br \/>\u201c<b>Quarto de despejo: di\u00e1rio de uma favelada<\/b>\u201d , Carolina Maria de Jesus <br \/>\u201c<b>O povo do abismo<\/b>\u201d , Jack London <br \/>\u201c<b>Os da minha rua<\/b>\u201d , Ondjaki <br \/>\u201c<b>Sou eu mais livre, ent\u00e3o: di\u00e1rio de um preso pol\u00edtico angolano<\/b>\u201d , Luaty Beir\u00e3o <br \/>\u201c<b>A sangue frio<\/b>\u201d , Truman Capote <br \/>\u201c<b>Vozes de Thcern\u00f3bil<\/b>\u201d , Svetlana Aleksi\u00e9vitch<br \/>&#8220;<b>Bordados<\/b>&#8220;, Marjani Sartrapi <br \/>&#8220;<b>Pers\u00e9polis<\/b>&#8220;, Marjani Sartrapi<br \/>&#8220;<b>Heimat<\/b>&#8220;, Nora Krug<\/p>\t\t\t\t\t\t\t\t<\/div>\n\t\t\t\t<\/div>\n\t\t\t\t<\/div>\n\t\t\t\t<\/div>\n\t\t<div class=\"elementor-element elementor-element-6b40e48 e-con-full e-flex e-con e-child\" data-id=\"6b40e48\" data-element_type=\"container\" data-e-type=\"container\">\n\t\t\t\t<div class=\"elementor-element elementor-element-b6b85df elementor-widget elementor-widget-text-editor\" data-id=\"b6b85df\" data-element_type=\"widget\" data-e-type=\"widget\" data-widget_type=\"text-editor.default\">\n\t\t\t\t<div class=\"elementor-widget-container\">\n\t\t\t\t\t\t\t\t\t<p>Em caso de d\u00favidas, entre em contato pelo aplicativo, no canal Central de Relacionamento.<\/p>\t\t\t\t\t\t\t\t<\/div>\n\t\t\t\t<\/div>\n\t\t\t\t<div class=\"elementor-element elementor-element-3e1f1d9e elementor-widget elementor-widget-heading\" data-id=\"3e1f1d9e\" data-element_type=\"widget\" data-e-type=\"widget\" data-widget_type=\"heading.default\">\n\t\t\t\t<div class=\"elementor-widget-container\">\n\t\t\t\t\t<h2 class=\"elementor-heading-title elementor-size-default\"><h2 data-elementor-setting-key=\"title\" data-pen-placeholder=\"Digite aqui...\" style=\", sans-serif;font-weight: 600;text-align: center\"><span style=\"color: WHITE;font-size: 33px;font-weight: 400\">Navega\u00e7\u00e3o&nbsp;<\/span><span style=\"font-size: 33px;font-weight: 400\">EM<\/span><span style=\"font-size: 2rem;text-align: start\"><\/span><\/h2><\/h2>\t\t\t\t<\/div>\n\t\t\t\t<\/div>\n\t\t<div class=\"elementor-element elementor-element-59785ea6 e-grid e-con-full e-con e-child\" data-id=\"59785ea6\" data-element_type=\"container\" data-e-type=\"container\">\n\t\t\t\t<div class=\"elementor-element elementor-element-4f86afb7 elementor-widget elementor-widget-html\" data-id=\"4f86afb7\" data-element_type=\"widget\" data-e-type=\"widget\" data-widget_type=\"html.default\">\n\t\t\t\t<div class=\"elementor-widget-container\">\n\t\t\t\t\t<a href=\"\/guiaescolar\/ensino-medio\/horarios\" style=\"text-decoration: none;\">\r\n  <button class=\"comic-button\">Hor\u00e1rios<\/button>\r\n<\/a>\t\t\t\t<\/div>\n\t\t\t\t<\/div>\n\t\t\t\t<div class=\"elementor-element elementor-element-f18ab94 elementor-widget elementor-widget-html\" data-id=\"f18ab94\" data-element_type=\"widget\" data-e-type=\"widget\" data-widget_type=\"html.default\">\n\t\t\t\t<div class=\"elementor-widget-container\">\n\t\t\t\t\t<a href=\"\/guiaescolar\/ensino-medio\/salas-de-aula\" style=\"text-decoration: none;\">\r\n  <button class=\"comic-button\">Salas<br>de Aula<\/button>\r\n<\/a>\t\t\t\t<\/div>\n\t\t\t\t<\/div>\n\t\t\t\t<div class=\"elementor-element elementor-element-2be5144a elementor-widget elementor-widget-html\" data-id=\"2be5144a\" data-element_type=\"widget\" data-e-type=\"widget\" data-widget_type=\"html.default\">\n\t\t\t\t<div class=\"elementor-widget-container\">\n\t\t\t\t\t<a href=\"\/guiaescolar\/ensino-medio\/entrada-e-saida\" style=\"text-decoration: none;\">\r\n  <button class=\"comic-button\">Entrada<br>e Sa\u00edda<\/button>\r\n<\/a>\t\t\t\t<\/div>\n\t\t\t\t<\/div>\n\t\t\t\t<\/div>\n\t\t<div class=\"elementor-element elementor-element-1d954975 e-grid e-con-full e-con e-child\" data-id=\"1d954975\" data-element_type=\"container\" data-e-type=\"container\">\n\t\t\t\t<div class=\"elementor-element elementor-element-33f138e8 elementor-widget elementor-widget-html\" data-id=\"33f138e8\" data-element_type=\"widget\" data-e-type=\"widget\" data-widget_type=\"html.default\">\n\t\t\t\t<div class=\"elementor-widget-container\">\n\t\t\t\t\t<a href=\"\/guiaescolar\/ensino-medio\/itinerarios-formativos\" style=\"text-decoration: none;\">\r\n  <button class=\"comic-button\">Itiner\u00e1rios<br>Formativos<\/button>\r\n<\/a>\t\t\t\t<\/div>\n\t\t\t\t<\/div>\n\t\t\t\t<div class=\"elementor-element elementor-element-1a2e3977 elementor-widget elementor-widget-html\" data-id=\"1a2e3977\" data-element_type=\"widget\" data-e-type=\"widget\" data-widget_type=\"html.default\">\n\t\t\t\t<div class=\"elementor-widget-container\">\n\t\t\t\t\t<a href=\"\/guiaescolar\/ensino-medio\/eletivas\" style=\"text-decoration: none;\">\r\n  <button class=\"comic-button\">Eletivas<\/button>\r\n<\/a>\t\t\t\t<\/div>\n\t\t\t\t<\/div>\n\t\t\t\t<div class=\"elementor-element elementor-element-5a5622fc elementor-widget elementor-widget-html\" data-id=\"5a5622fc\" data-element_type=\"widget\" data-e-type=\"widget\" data-widget_type=\"html.default\">\n\t\t\t\t<div class=\"elementor-widget-container\">\n\t\t\t\t\t<a href=\"\/guiaescolar\/ensino-medio\/avaliacoes-externas\" style=\"text-decoration: none;\">\r\n  <button class=\"comic-button\">Avalia\u00e7\u00f5es<br>Externas<\/button>\r\n<\/a>\t\t\t\t<\/div>\n\t\t\t\t<\/div>\n\t\t\t\t<div class=\"elementor-element elementor-element-197a0f7c elementor-widget elementor-widget-html\" data-id=\"197a0f7c\" data-element_type=\"widget\" data-e-type=\"widget\" data-widget_type=\"html.default\">\n\t\t\t\t<div class=\"elementor-widget-container\">\n\t\t\t\t\t<a href=\"\/guiaescolar\/ensino-medio\/simulados\" style=\"text-decoration: none;\">\r\n  <button class=\"comic-button\">Simulados<\/button>\r\n<\/a>\t\t\t\t<\/div>\n\t\t\t\t<\/div>\n\t\t\t\t<div class=\"elementor-element elementor-element-5641df44 elementor-widget elementor-widget-html\" data-id=\"5641df44\" data-element_type=\"widget\" data-e-type=\"widget\" data-widget_type=\"html.default\">\n\t\t\t\t<div class=\"elementor-widget-container\">\n\t\t\t\t\t<a href=\"\/guiaescolar\/ensino-medio\/lista-de-materiais\" style=\"text-decoration: none;\">\r\n  <button class=\"comic-button\">Lista de<br>Materiais<\/button>\r\n<\/a>\t\t\t\t<\/div>\n\t\t\t\t<\/div>\n\t\t\t\t<div class=\"elementor-element elementor-element-1606642b elementor-widget elementor-widget-html\" data-id=\"1606642b\" data-element_type=\"widget\" data-e-type=\"widget\" data-widget_type=\"html.default\">\n\t\t\t\t<div class=\"elementor-widget-container\">\n\t\t\t\t\t<a href=\"\/guiaescolar\/ensino-medio\/extra-curriculares\" style=\"text-decoration: none;\">\r\n  <button class=\"comic-button\">Extra-<br>curriculares<\/button>\r\n<\/a>\t\t\t\t<\/div>\n\t\t\t\t<\/div>\n\t\t\t\t<\/div>\n\t\t<div class=\"elementor-element elementor-element-41c25a03 e-grid e-con-full e-con e-child\" data-id=\"41c25a03\" data-element_type=\"container\" data-e-type=\"container\">\n\t\t\t\t<div class=\"elementor-element elementor-element-14242493 elementor-widget elementor-widget-html\" data-id=\"14242493\" data-element_type=\"widget\" data-e-type=\"widget\" data-widget_type=\"html.default\">\n\t\t\t\t<div class=\"elementor-widget-container\">\n\t\t\t\t\t<a href=\"\/guiaescolar\/ensino-medio\/plataformas-educacionais\" style=\"text-decoration: none;\">\r\n  <button class=\"comic-button\">Plataformas<br>Educacionais<\/button>\r\n<\/a>\t\t\t\t<\/div>\n\t\t\t\t<\/div>\n\t\t\t\t<div class=\"elementor-element elementor-element-466458c5 elementor-widget elementor-widget-html\" data-id=\"466458c5\" data-element_type=\"widget\" data-e-type=\"widget\" data-widget_type=\"html.default\">\n\t\t\t\t<div class=\"elementor-widget-container\">\n\t\t\t\t\t<a href=\"\/guiaescolar\/ensino-medio\/saida-de-estudos\" style=\"text-decoration: none;\">\r\n  <button class=\"comic-button\">Sa\u00eddas de<br>Estudos<\/button>\r\n<\/a>\t\t\t\t<\/div>\n\t\t\t\t<\/div>\n\t\t\t\t<div class=\"elementor-element elementor-element-213cf8e4 elementor-widget elementor-widget-html\" data-id=\"213cf8e4\" data-element_type=\"widget\" data-e-type=\"widget\" data-widget_type=\"html.default\">\n\t\t\t\t<div class=\"elementor-widget-container\">\n\t\t\t\t\t<a href=\"\/guiaescolar\/ensino-medio\/reunioes-de-turmas\" style=\"text-decoration: none;\">\r\n  <button class=\"comic-button\">Reuni\u00f5es de<br>Turmas<\/button>\r\n<\/a>\t\t\t\t<\/div>\n\t\t\t\t<\/div>\n\t\t\t\t<\/div>\n\t\t<div class=\"elementor-element elementor-element-17537f34 e-grid e-con-full e-con e-child\" data-id=\"17537f34\" data-element_type=\"container\" data-e-type=\"container\">\n\t\t\t\t<div class=\"elementor-element elementor-element-540ebc83 elementor-widget elementor-widget-html\" data-id=\"540ebc83\" data-element_type=\"widget\" data-e-type=\"widget\" data-widget_type=\"html.default\">\n\t\t\t\t<div class=\"elementor-widget-container\">\n\t\t\t\t\t<a href=\"\/guiaescolar\/ensino-fundamental-2\/amo\" style=\"text-decoration: none;\">\r\n  <button class=\"comic-button\">AMO<\/button>\r\n<\/a>\t\t\t\t<\/div>\n\t\t\t\t<\/div>\n\t\t\t\t<div class=\"elementor-element elementor-element-4ddef86f elementor-widget elementor-widget-html\" data-id=\"4ddef86f\" data-element_type=\"widget\" data-e-type=\"widget\" data-widget_type=\"html.default\">\n\t\t\t\t<div class=\"elementor-widget-container\">\n\t\t\t\t\t<a href=\"\/guiaescolar\/ensino-medio\/planos-de-ensino\" style=\"text-decoration: none;\">\r\n  <button class=\"comic-button\">Planos<br>de Ensino<\/button>\r\n<\/a>\t\t\t\t<\/div>\n\t\t\t\t<\/div>\n\t\t\t\t<div class=\"elementor-element elementor-element-6705e3b8 elementor-widget elementor-widget-html\" data-id=\"6705e3b8\" data-element_type=\"widget\" data-e-type=\"widget\" data-widget_type=\"html.default\">\n\t\t\t\t<div class=\"elementor-widget-container\">\n\t\t\t\t\t<a href=\"\/guiaescolar\/ensino-medio\/semana-das-trajetorias\" style=\"text-decoration: none;\">\r\n  <button class=\"comic-button\">Semana das<br>Trajet\u00f3rias<\/button>\r\n<\/a>\t\t\t\t<\/div>\n\t\t\t\t<\/div>\n\t\t\t\t<\/div>\n\t\t\t\t<\/div>\n\t\t\t\t\t<\/div>\n\t\t\t\t<\/div>\n\t\t\t\t<\/div>\n\t\t","protected":false},"excerpt":{"rendered":"<p>GUIA ESCOLAR Lista de Materiais 2\u00ba s\u00e9rie Os materiais escolares adotados para 2026 estar\u00e3o dispon\u00edveis para venda na loja Letral, localizada na escola.\u00a0Em raz\u00e3o de obras, a loja estar\u00e1 temporariamente localizada na Sala de M\u00fasica. Informa\u00e7\u00f5es e or\u00e7amentos pelo WhatsApp 51 9819-9186.\u00a0 Caso a fam\u00edlia prefira, poder\u00e1 adquirir o material em outro estabelecimento at\u00e9 o [&hellip;]<\/p>\n","protected":false},"author":6,"featured_media":0,"parent":1658,"menu_order":0,"comment_status":"closed","ping_status":"closed","template":"","meta":{"footnotes":""},"class_list":["post-1721","page","type-page","status-publish","hentry"],"_links":{"self":[{"href":"https:\/\/israelitaedu.com.br\/guiaescolar\/wp-json\/wp\/v2\/pages\/1721","targetHints":{"allow":["GET"]}}],"collection":[{"href":"https:\/\/israelitaedu.com.br\/guiaescolar\/wp-json\/wp\/v2\/pages"}],"about":[{"href":"https:\/\/israelitaedu.com.br\/guiaescolar\/wp-json\/wp\/v2\/types\/page"}],"author":[{"embeddable":true,"href":"https:\/\/israelitaedu.com.br\/guiaescolar\/wp-json\/wp\/v2\/users\/6"}],"replies":[{"embeddable":true,"href":"https:\/\/israelitaedu.com.br\/guiaescolar\/wp-json\/wp\/v2\/comments?post=1721"}],"version-history":[{"count":15,"href":"https:\/\/israelitaedu.com.br\/guiaescolar\/wp-json\/wp\/v2\/pages\/1721\/revisions"}],"predecessor-version":[{"id":6896,"href":"https:\/\/israelitaedu.com.br\/guiaescolar\/wp-json\/wp\/v2\/pages\/1721\/revisions\/6896"}],"up":[{"embeddable":true,"href":"https:\/\/israelitaedu.com.br\/guiaescolar\/wp-json\/wp\/v2\/pages\/1658"}],"wp:attachment":[{"href":"https:\/\/israelitaedu.com.br\/guiaescolar\/wp-json\/wp\/v2\/media?parent=1721"}],"curies":[{"name":"wp","href":"https:\/\/api.w.org\/{rel}","templated":true}]}}