{"id":1703,"date":"2025-04-23T11:43:31","date_gmt":"2025-04-23T14:43:31","guid":{"rendered":"https:\/\/israelitaedu.com.br\/guiaescolar\/?page_id=1703"},"modified":"2026-01-08T16:21:37","modified_gmt":"2026-01-08T19:21:37","slug":"1-serie","status":"publish","type":"page","link":"https:\/\/israelitaedu.com.br\/guiaescolar\/ensino-medio\/lista-de-materiais\/1-serie\/","title":{"rendered":"Lista de Materiais &#8211;  1\u00ba s\u00e9rie"},"content":{"rendered":"\t\t<div data-elementor-type=\"wp-page\" data-elementor-id=\"1703\" class=\"elementor elementor-1703\" data-elementor-post-type=\"page\">\n\t\t\t\t<div class=\"elementor-element elementor-element-d34bceb e-flex e-con-boxed e-con e-parent\" data-id=\"d34bceb\" data-element_type=\"container\" data-e-type=\"container\">\n\t\t\t\t\t<div class=\"e-con-inner\">\n\t\t<div class=\"elementor-element elementor-element-66023d83 e-con-full e-flex e-con e-child\" data-id=\"66023d83\" data-element_type=\"container\" data-e-type=\"container\">\n\t\t\t\t<div class=\"elementor-element elementor-element-2443a214 elementor-widget elementor-widget-heading\" data-id=\"2443a214\" data-element_type=\"widget\" data-e-type=\"widget\" data-widget_type=\"heading.default\">\n\t\t\t\t<div class=\"elementor-widget-container\">\n\t\t\t\t\t<h2 class=\"elementor-heading-title elementor-size-default\">GUIA ESCOLAR<\/h2>\t\t\t\t<\/div>\n\t\t\t\t<\/div>\n\t\t\t\t<\/div>\n\t\t<div class=\"elementor-element elementor-element-5218d62d e-con-full e-flex e-con e-child\" data-id=\"5218d62d\" data-element_type=\"container\" data-e-type=\"container\">\n\t\t\t\t<div class=\"elementor-element elementor-element-54b6b85f elementor-widget elementor-widget-heading\" data-id=\"54b6b85f\" data-element_type=\"widget\" data-e-type=\"widget\" data-widget_type=\"heading.default\">\n\t\t\t\t<div class=\"elementor-widget-container\">\n\t\t\t\t\t<h2 class=\"elementor-heading-title elementor-size-default\">Lista de Materiais<\/h2>\t\t\t\t<\/div>\n\t\t\t\t<\/div>\n\t\t\t\t<div class=\"elementor-element elementor-element-4bc644f elementor-widget elementor-widget-heading\" data-id=\"4bc644f\" data-element_type=\"widget\" data-e-type=\"widget\" data-widget_type=\"heading.default\">\n\t\t\t\t<div class=\"elementor-widget-container\">\n\t\t\t\t\t<h2 class=\"elementor-heading-title elementor-size-default\">1\u00ba s\u00e9rie<\/h2>\t\t\t\t<\/div>\n\t\t\t\t<\/div>\n\t\t<div class=\"elementor-element elementor-element-15644349 e-con-full e-flex e-con e-child\" data-id=\"15644349\" data-element_type=\"container\" data-e-type=\"container\">\n\t\t\t\t<div class=\"elementor-element elementor-element-6801e4d5 elementor-widget elementor-widget-text-editor\" data-id=\"6801e4d5\" data-element_type=\"widget\" data-e-type=\"widget\" data-widget_type=\"text-editor.default\">\n\t\t\t\t<div class=\"elementor-widget-container\">\n\t\t\t\t\t\t\t\t\t<p>Os materiais escolares adotados para 2026 estar\u00e3o dispon\u00edveis para venda na loja Letral, localizada na escola.\u00a0<strong>Em raz\u00e3o de obras, a loja estar\u00e1 temporariamente localizada na Sala de M\u00fasica. <\/strong>Informa\u00e7\u00f5es e or\u00e7amentos pelo WhatsApp 51 9819-9186.\u00a0<\/p><p>Caso a fam\u00edlia prefira, poder\u00e1 adquirir o material em outro estabelecimento at\u00e9 o in\u00edcio do ano letivo.<\/p>\t\t\t\t\t\t\t\t<\/div>\n\t\t\t\t<\/div>\n\t\t\t\t<\/div>\n\t\t\t\t<\/div>\n\t\t<div class=\"elementor-element elementor-element-ae47715 e-con-full forcar-cor-texto-preto e-flex e-con e-child\" data-id=\"ae47715\" data-element_type=\"container\" data-e-type=\"container\" data-settings=\"{&quot;background_background&quot;:&quot;classic&quot;}\">\n\t\t<div class=\"elementor-element elementor-element-5f86887a e-con-full e-flex e-con e-child\" data-id=\"5f86887a\" data-element_type=\"container\" data-e-type=\"container\">\n\t\t\t\t<div class=\"elementor-element elementor-element-5899e23e elementor-widget elementor-widget-heading\" data-id=\"5899e23e\" data-element_type=\"widget\" data-e-type=\"widget\" data-widget_type=\"heading.default\">\n\t\t\t\t<div class=\"elementor-widget-container\">\n\t\t\t\t\t<h2 class=\"elementor-heading-title elementor-size-default\">TECNOLOGIA DIGITAL<\/h2>\t\t\t\t<\/div>\n\t\t\t\t<\/div>\n\t\t\t\t<div class=\"elementor-element elementor-element-762cb6d elementor-widget elementor-widget-text-editor\" data-id=\"762cb6d\" data-element_type=\"widget\" data-e-type=\"widget\" data-widget_type=\"text-editor.default\">\n\t\t\t\t<div class=\"elementor-widget-container\">\n\t\t\t\t\t\t\t\t\t<p>A partir de 2026, as atividades pedag\u00f3gicas que demandarem o uso de tecnologia ser\u00e3o atendidas pelos laborat\u00f3rios m\u00f3veis do Col\u00e9gio, compostos por notebooks, Chromebooks e iPads. Al\u00e9m disso, os estudantes poder\u00e3o utilizar seus pr\u00f3prios dispositivos eletr\u00f4nicos, sempre que essa possibilidade estiver prevista no planejamento pedag\u00f3gico e mediante orienta\u00e7\u00e3o pr\u00e9via do professor respons\u00e1vel.<\/p>\t\t\t\t\t\t\t\t<\/div>\n\t\t\t\t<\/div>\n\t\t\t\t<\/div>\n\t\t<div class=\"elementor-element elementor-element-1b436141 e-con-full e-flex e-con e-child\" data-id=\"1b436141\" data-element_type=\"container\" data-e-type=\"container\">\n\t\t\t\t<div class=\"elementor-element elementor-element-51847786 elementor-widget elementor-widget-heading\" data-id=\"51847786\" data-element_type=\"widget\" data-e-type=\"widget\" data-widget_type=\"heading.default\">\n\t\t\t\t<div class=\"elementor-widget-container\">\n\t\t\t\t\t<h2 class=\"elementor-heading-title elementor-size-default\">ITENS DA MOCHILA<\/h2>\t\t\t\t<\/div>\n\t\t\t\t<\/div>\n\t\t\t\t<div class=\"elementor-element elementor-element-27d065e9 elementor-widget elementor-widget-text-editor\" data-id=\"27d065e9\" data-element_type=\"widget\" data-e-type=\"widget\" data-widget_type=\"text-editor.default\">\n\t\t\t\t<div class=\"elementor-widget-container\">\n\t\t\t\t\t\t\t\t\t<p><b><span data-contrast=\"auto\">\u00c9 DE RESPONSABILIDADE DO ALUNO MANTER A MOCHILA DIARIAMENTE ORGANIZADA COM:\u00a0<\/span><\/b><span data-ccp-props=\"{&quot;335559739&quot;:0}\">\u00a0<\/span><\/p><p><span data-contrast=\"auto\">Cadernos, conforme a prefer\u00eancia de organiza\u00e7\u00e3o dos estudantes, complementando a utiliza\u00e7\u00e3o das tecnologias digitais e garrafa de \u00e1gua.\u00a0<\/span><span data-ccp-props=\"{&quot;335559739&quot;:0}\">\u00a0<\/span><\/p><p><span data-contrast=\"auto\">S\u00e3o materiais sugeridos para complementar o uso dos cadernos:\u00a0<\/span><span data-ccp-props=\"{&quot;335559739&quot;:0}\">\u00a0<\/span><\/p><p><span data-contrast=\"auto\">\u2013 L\u00e1pis\u00a0<\/span><\/p><p><span data-contrast=\"auto\">\u2013 Canetas<\/span><\/p><p><span data-contrast=\"auto\">\u2013 Apontador<\/span><\/p><p><span data-contrast=\"auto\">\u2013 Cola<\/span><\/p><p><span data-contrast=\"auto\">\u2013 Borracha<\/span><\/p><p><span data-contrast=\"auto\">\u2013 R\u00e9gua de 30cm<\/span><\/p><p><span data-contrast=\"auto\">\u2013 Kip\u00e1<\/span><\/p><p><span data-contrast=\"auto\">\u2013 Jaleco para laborat\u00f3rio<br \/><\/span><\/p><p><span data-contrast=\"auto\">\u2013 Tabela peri\u00f3dica atualizada<br \/><br \/><\/span><\/p>\t\t\t\t\t\t\t\t<\/div>\n\t\t\t\t<\/div>\n\t\t\t\t<\/div>\n\t\t<div class=\"elementor-element elementor-element-ccea4c2 e-con-full e-flex e-con e-child\" data-id=\"ccea4c2\" data-element_type=\"container\" data-e-type=\"container\">\n\t\t\t\t<div class=\"elementor-element elementor-element-dbdc7a4 elementor-widget elementor-widget-heading\" data-id=\"dbdc7a4\" data-element_type=\"widget\" data-e-type=\"widget\" data-widget_type=\"heading.default\">\n\t\t\t\t<div class=\"elementor-widget-container\">\n\t\t\t\t\t<h2 class=\"elementor-heading-title elementor-size-default\">MATERIAIS DID\u00c1TICOS E LITER\u00c1RIOS<\/h2>\t\t\t\t<\/div>\n\t\t\t\t<\/div>\n\t\t\t\t<div class=\"elementor-element elementor-element-0409246 elementor-widget elementor-widget-text-editor\" data-id=\"0409246\" data-element_type=\"widget\" data-e-type=\"widget\" data-widget_type=\"text-editor.default\">\n\t\t\t\t<div class=\"elementor-widget-container\">\n\t\t\t\t\t\t\t\t\t<p>O material did\u00e1tico (apostilas) dos componentes curriculares, estar\u00e1 dispon\u00edvel para compra na Secretaria Escolar conforme comunica\u00e7\u00f5es que ser\u00e3o enviadas no in\u00edcio do ano letivo.<\/p><p><strong>Filosofia<\/strong>\u00a0<\/p><p>\u2013 1\u00ba e 2\u00ba Semestre<\/p><p>\u201cJusti\u00e7a: O que \u00e9 fazer a coisa certa\u201d, Michael J. Sandel, Editora Civiliza\u00e7\u00e3o Brasileira.<span style=\"font-size: 1rem;\">\u00a0<\/span><\/p><p><strong>Cultura Judaica<\/strong><\/p><p><span data-contrast=\"auto\">LIVRO DID\u00c1TICO DE APOIO AO ESTUDO DO HOLOCAUSTO\u00a0<\/span><span data-ccp-props=\"{&quot;335559739&quot;:0}\">\u00a0<\/span><\/p><p><strong>\u201cEnsinando sobre o holocausto na escola\u201d<\/strong><span data-contrast=\"auto\">,\u00a0<em>Nilton Mullet Pereira e Ilton Gitz<\/em>,\u00a0<\/span><span data-contrast=\"auto\">Editora Penso<\/span><span data-ccp-props=\"{&quot;335559739&quot;:0}\">\u00a0<\/span><\/p><p>\u2013 1\u00ba semestre:\u00a0<\/p><p><span data-contrast=\"auto\">O PENSAMENTO JUDAICO ATRAV\u00c9S DA LITERATURA<\/span><span data-ccp-props=\"{&quot;335559739&quot;:0}\">\u00a0<\/span><\/p><p><strong>\u201cVida e Valores do Povo Judeu atrav\u00e9s de suas hist\u00f3rias: da B\u00edblia at\u00e9 o S\u00e9culo XX\u201d<\/strong><span data-contrast=\"auto\">,<em>\u00a0Ilse Wofchuk (org.)<\/em>\u00a0Colet\u00e2nea disponibilizada pelo Col\u00e9gio, na plataforma de estudo dos alunos<\/span><span data-ccp-props=\"{&quot;335559739&quot;:0}\">\u00a0<\/span><\/p><p><strong>\u201cO Dibuk\u201d<\/strong><span data-contrast=\"auto\">,\u00a0<em>An-Ski Sch<\/em>,\u00a0<\/span><span data-contrast=\"auto\">Editora Perspectiva\u00a0<\/span><span data-ccp-props=\"{&quot;335559739&quot;:0}\">\u00a0<\/span><\/p><p>\u2013 2\u00ba semestre:\u00a0<\/p><p><span data-contrast=\"auto\">LITERATURA DE\/SOBRE O HOLOCAUSTO\u00a0<\/span><span data-ccp-props=\"{&quot;335559739&quot;:0}\">\u00a0<\/span><\/p><p><strong>\u201cMaus: a hist\u00f3ria de um sobrevivente\u201d<\/strong><span data-contrast=\"auto\">,<em>\u00a0Art Spiegelman<\/em>,\u00a0<\/span><span data-contrast=\"auto\">Editora Companhia das Letras<\/span><\/p><p><strong>\u201c\u00c9 isto um homem?\u201d<\/strong>,<span data-contrast=\"auto\"><em>\u00a0Primo Levi<\/em>,\u00a0<\/span><span data-contrast=\"auto\">Editora Rocco\u00a0<\/span><span data-ccp-props=\"{&quot;335559739&quot;:0}\">\u00a0<\/span><\/p><p><strong>\u201cEm busca de sentido: um psic\u00f3logo no campo de concentra\u00e7\u00e3o\u201d<\/strong><span data-contrast=\"auto\">,<em>\u00a0Viktor Frankl<\/em>,\u00a0<\/span><span data-contrast=\"auto\">Editora Vozes<\/span><span data-ccp-props=\"{&quot;335559739&quot;:0}\">\u00a0<\/span><\/p><p><strong>Literatura\u00a0\u00a0<\/strong><\/p><p>\u2013 1\u00ba semestre:\u00a0<\/p><p>\u201cO \u00f3dio que voc\u00ea semeia\u201d, Angie Thomas (editora Galera)<\/p><p>\u201cA mercadoria mais preciosa\u201d, Jean-Claude Grumberg, Editora Todavia (livro ser\u00e1 trabalho pelos componentes curriculares de Literatura e de Cultura Judaica)<\/p><p>Leitura Livre &#8211; leitura escolhida por cada aluno<\/p><p>\u201c\u00c9dipo Rei\u201d, S\u00f3focles (qualquer editora)<\/p><p>\u201cGota d\u2019\u00e1gua\u201d, Chico Buarque e Paulo Pontes (Editora Civiliza\u00e7\u00e3o Brasileira)<\/p><p>\u2013 2\u00ba semestre:<\/p><p>\u201cBrasil pandeiro\u201d, Novos Baianos (link do \u00e1lbum ser\u00e1 postado no Google Sala de Aula)<\/p><p>Sele\u00e7\u00e3o de poesias, fornecida pelo Col\u00e9gio<\/p><p>\u201cO homem bicenten\u00e1rio\u201d, Isaac Asimov (qualquer edi\u00e7\u00e3o)<\/p><p><span style=\"font-size: 1rem;\">\u00a0<\/span><\/p><p><span style=\"font-size: 1rem;\">Livro escolhido a partir de lista de livros de diferentes g\u00eaneros liter\u00e1rios (romance, terror, suspense etc.)*<\/span><\/p><p>\u201cA diferen\u00e7a invis\u00edvel\u201d, Mademoiselle Caroline e Julie Dachez, Editora Nemo\u00a0<\/p><p>TERROR<\/p><p>\u201cA assombra\u00e7\u00e3o na casa da colina\u201d, Shirley Jackson<\/p><p>SUSPENSE<\/p><p>\u201cCan\u00e7\u00e3o de ninar\u201d, Le\u00efla Slimani<\/p><p>DRAMA<\/p><p>\u201cExtremamente alto &amp; incrivelmente perto\u201d, Jonathan Safran Foer. Editora Rocco.<\/p><p>ROMANCE<\/p><p>\u201cOrgulho e preconceito\u201d, Jane Austen<\/p><p>DISTOPIA\/DRAMA<\/p><p>\u201cO conto da aia\u201d, Margaret Atwood<\/p><p>DISTOPIA\/HUMOR<\/p><p>\u201cVamos comprar um poeta\u201d, Afonso Cruz\u00a0<\/p><p>POLICIAL<\/p><p>\u201cAssassinato no Expresso Oriente\u201d, Agatha Christie<\/p><p>FIC\u00c7\u00c3O CIENT\u00cdFICA<\/p><p>\u201cGuia do mochileiro das gal\u00e1xias\u201d, Douglas Adams<\/p><p>HQ<\/p><p>\u201cAngola Janga\u201d, Marcelo D\u2019Salete<\/p><p>MEM\u00d3RIAS<\/p><p>\u201cFeliz ano velho\u201d, Marcelo Rubens Paiva<\/p><div>\u00a0<\/div>\t\t\t\t\t\t\t\t<\/div>\n\t\t\t\t<\/div>\n\t\t\t\t<\/div>\n\t\t\t\t<\/div>\n\t\t<div class=\"elementor-element elementor-element-f8faa5a e-con-full e-flex e-con e-child\" data-id=\"f8faa5a\" data-element_type=\"container\" data-e-type=\"container\">\n\t\t\t\t<div class=\"elementor-element elementor-element-399755f8 elementor-widget elementor-widget-text-editor\" data-id=\"399755f8\" data-element_type=\"widget\" data-e-type=\"widget\" data-widget_type=\"text-editor.default\">\n\t\t\t\t<div class=\"elementor-widget-container\">\n\t\t\t\t\t\t\t\t\t<p>Em caso de d\u00favidas, entre em contato pelo aplicativo, no canal Central de Relacionamento.<\/p>\t\t\t\t\t\t\t\t<\/div>\n\t\t\t\t<\/div>\n\t\t\t\t<div class=\"elementor-element elementor-element-4f891aeb elementor-widget elementor-widget-heading\" data-id=\"4f891aeb\" data-element_type=\"widget\" data-e-type=\"widget\" data-widget_type=\"heading.default\">\n\t\t\t\t<div class=\"elementor-widget-container\">\n\t\t\t\t\t<h2 class=\"elementor-heading-title elementor-size-default\">Navega\u00e7\u00e3o EM<\/h2>\t\t\t\t<\/div>\n\t\t\t\t<\/div>\n\t\t<div class=\"elementor-element elementor-element-396ee21 e-grid e-con-full e-con e-child\" data-id=\"396ee21\" data-element_type=\"container\" data-e-type=\"container\">\n\t\t\t\t<div class=\"elementor-element elementor-element-9b889db elementor-widget elementor-widget-html\" data-id=\"9b889db\" data-element_type=\"widget\" data-e-type=\"widget\" data-widget_type=\"html.default\">\n\t\t\t\t<div class=\"elementor-widget-container\">\n\t\t\t\t\t<a href=\"\/guiaescolar\/ensino-medio\/horarios\" style=\"text-decoration: none;\">\r\n  <button class=\"comic-button\">Hor\u00e1rios<\/button>\r\n<\/a>\t\t\t\t<\/div>\n\t\t\t\t<\/div>\n\t\t\t\t<div class=\"elementor-element elementor-element-3550212b elementor-widget elementor-widget-html\" data-id=\"3550212b\" data-element_type=\"widget\" data-e-type=\"widget\" data-widget_type=\"html.default\">\n\t\t\t\t<div class=\"elementor-widget-container\">\n\t\t\t\t\t<a href=\"\/guiaescolar\/ensino-medio\/salas-de-aula\" style=\"text-decoration: none;\">\r\n  <button class=\"comic-button\">Salas<br>de Aula<\/button>\r\n<\/a>\t\t\t\t<\/div>\n\t\t\t\t<\/div>\n\t\t\t\t<div class=\"elementor-element elementor-element-3361454f elementor-widget elementor-widget-html\" data-id=\"3361454f\" data-element_type=\"widget\" data-e-type=\"widget\" data-widget_type=\"html.default\">\n\t\t\t\t<div class=\"elementor-widget-container\">\n\t\t\t\t\t<a href=\"\/guiaescolar\/ensino-medio\/entrada-e-saida\" style=\"text-decoration: none;\">\r\n  <button class=\"comic-button\">Entrada<br>e Sa\u00edda<\/button>\r\n<\/a>\t\t\t\t<\/div>\n\t\t\t\t<\/div>\n\t\t\t\t<\/div>\n\t\t<div class=\"elementor-element elementor-element-742c6c78 e-grid e-con-full e-con e-child\" data-id=\"742c6c78\" data-element_type=\"container\" data-e-type=\"container\">\n\t\t\t\t<div class=\"elementor-element elementor-element-4d5f9807 elementor-widget elementor-widget-html\" data-id=\"4d5f9807\" data-element_type=\"widget\" data-e-type=\"widget\" data-widget_type=\"html.default\">\n\t\t\t\t<div class=\"elementor-widget-container\">\n\t\t\t\t\t<a href=\"\/guiaescolar\/ensino-medio\/itinerarios-formativos\" style=\"text-decoration: none;\">\r\n  <button class=\"comic-button\">Itiner\u00e1rios<br>Formativos<\/button>\r\n<\/a>\t\t\t\t<\/div>\n\t\t\t\t<\/div>\n\t\t\t\t<div class=\"elementor-element elementor-element-34c3703b elementor-widget elementor-widget-html\" data-id=\"34c3703b\" data-element_type=\"widget\" data-e-type=\"widget\" data-widget_type=\"html.default\">\n\t\t\t\t<div class=\"elementor-widget-container\">\n\t\t\t\t\t<a href=\"\/guiaescolar\/ensino-medio\/eletivas\" style=\"text-decoration: none;\">\r\n  <button class=\"comic-button\">Eletivas<\/button>\r\n<\/a>\t\t\t\t<\/div>\n\t\t\t\t<\/div>\n\t\t\t\t<div class=\"elementor-element elementor-element-73dd1f05 elementor-widget elementor-widget-html\" data-id=\"73dd1f05\" data-element_type=\"widget\" data-e-type=\"widget\" data-widget_type=\"html.default\">\n\t\t\t\t<div class=\"elementor-widget-container\">\n\t\t\t\t\t<a href=\"\/guiaescolar\/ensino-medio\/avaliacoes-externas\" style=\"text-decoration: none;\">\r\n  <button class=\"comic-button\">Avalia\u00e7\u00f5es<br>Externas<\/button>\r\n<\/a>\t\t\t\t<\/div>\n\t\t\t\t<\/div>\n\t\t\t\t<div class=\"elementor-element elementor-element-1fcb6434 elementor-widget elementor-widget-html\" data-id=\"1fcb6434\" data-element_type=\"widget\" data-e-type=\"widget\" data-widget_type=\"html.default\">\n\t\t\t\t<div class=\"elementor-widget-container\">\n\t\t\t\t\t<a href=\"\/guiaescolar\/ensino-medio\/simulados\" style=\"text-decoration: none;\">\r\n  <button class=\"comic-button\">Simulados<\/button>\r\n<\/a>\t\t\t\t<\/div>\n\t\t\t\t<\/div>\n\t\t\t\t<div class=\"elementor-element elementor-element-21d1babb elementor-widget elementor-widget-html\" data-id=\"21d1babb\" data-element_type=\"widget\" data-e-type=\"widget\" data-widget_type=\"html.default\">\n\t\t\t\t<div class=\"elementor-widget-container\">\n\t\t\t\t\t<a href=\"\/guiaescolar\/ensino-medio\/lista-de-materiais\" style=\"text-decoration: none;\">\r\n  <button class=\"comic-button\">Lista de<br>Materiais<\/button>\r\n<\/a>\t\t\t\t<\/div>\n\t\t\t\t<\/div>\n\t\t\t\t<div class=\"elementor-element elementor-element-559727d7 elementor-widget elementor-widget-html\" data-id=\"559727d7\" data-element_type=\"widget\" data-e-type=\"widget\" data-widget_type=\"html.default\">\n\t\t\t\t<div class=\"elementor-widget-container\">\n\t\t\t\t\t<a href=\"\/guiaescolar\/ensino-medio\/extra-curriculares\" style=\"text-decoration: none;\">\r\n  <button class=\"comic-button\">Extra-<br>curriculares<\/button>\r\n<\/a>\t\t\t\t<\/div>\n\t\t\t\t<\/div>\n\t\t\t\t<\/div>\n\t\t<div class=\"elementor-element elementor-element-5e2b082e e-grid e-con-full e-con e-child\" data-id=\"5e2b082e\" data-element_type=\"container\" data-e-type=\"container\">\n\t\t\t\t<div class=\"elementor-element elementor-element-35b99cc2 elementor-widget elementor-widget-html\" data-id=\"35b99cc2\" data-element_type=\"widget\" data-e-type=\"widget\" data-widget_type=\"html.default\">\n\t\t\t\t<div class=\"elementor-widget-container\">\n\t\t\t\t\t<a href=\"\/guiaescolar\/ensino-medio\/plataformas-educacionais\" style=\"text-decoration: none;\">\r\n  <button class=\"comic-button\">Plataformas<br>Educacionais<\/button>\r\n<\/a>\t\t\t\t<\/div>\n\t\t\t\t<\/div>\n\t\t\t\t<div class=\"elementor-element elementor-element-2950bf68 elementor-widget elementor-widget-html\" data-id=\"2950bf68\" data-element_type=\"widget\" data-e-type=\"widget\" data-widget_type=\"html.default\">\n\t\t\t\t<div class=\"elementor-widget-container\">\n\t\t\t\t\t<a href=\"\/guiaescolar\/ensino-medio\/saida-de-estudos\" style=\"text-decoration: none;\">\r\n  <button class=\"comic-button\">Sa\u00eddas de<br>Estudos<\/button>\r\n<\/a>\t\t\t\t<\/div>\n\t\t\t\t<\/div>\n\t\t\t\t<div class=\"elementor-element elementor-element-e5820b7 elementor-widget elementor-widget-html\" data-id=\"e5820b7\" data-element_type=\"widget\" data-e-type=\"widget\" data-widget_type=\"html.default\">\n\t\t\t\t<div class=\"elementor-widget-container\">\n\t\t\t\t\t<a href=\"\/guiaescolar\/ensino-medio\/reunioes-de-turmas\" style=\"text-decoration: none;\">\r\n  <button class=\"comic-button\">Reuni\u00f5es de<br>Turmas<\/button>\r\n<\/a>\t\t\t\t<\/div>\n\t\t\t\t<\/div>\n\t\t\t\t<\/div>\n\t\t<div class=\"elementor-element elementor-element-719b7f27 e-grid e-con-full e-con e-child\" data-id=\"719b7f27\" data-element_type=\"container\" data-e-type=\"container\">\n\t\t\t\t<div class=\"elementor-element elementor-element-5b883e8d elementor-widget elementor-widget-html\" data-id=\"5b883e8d\" data-element_type=\"widget\" data-e-type=\"widget\" data-widget_type=\"html.default\">\n\t\t\t\t<div class=\"elementor-widget-container\">\n\t\t\t\t\t<a href=\"\/guiaescolar\/ensino-fundamental-2\/amo\" style=\"text-decoration: none;\">\r\n  <button class=\"comic-button\">AMO<\/button>\r\n<\/a>\t\t\t\t<\/div>\n\t\t\t\t<\/div>\n\t\t\t\t<div class=\"elementor-element elementor-element-50952edb elementor-widget elementor-widget-html\" data-id=\"50952edb\" data-element_type=\"widget\" data-e-type=\"widget\" data-widget_type=\"html.default\">\n\t\t\t\t<div class=\"elementor-widget-container\">\n\t\t\t\t\t<a href=\"\/guiaescolar\/ensino-medio\/planos-de-ensino\" style=\"text-decoration: none;\">\r\n  <button class=\"comic-button\">Planos<br>de Ensino<\/button>\r\n<\/a>\t\t\t\t<\/div>\n\t\t\t\t<\/div>\n\t\t\t\t<div class=\"elementor-element elementor-element-611ce952 elementor-widget elementor-widget-html\" data-id=\"611ce952\" data-element_type=\"widget\" data-e-type=\"widget\" data-widget_type=\"html.default\">\n\t\t\t\t<div class=\"elementor-widget-container\">\n\t\t\t\t\t<a href=\"\/guiaescolar\/ensino-medio\/semana-das-trajetorias\" style=\"text-decoration: none;\">\r\n  <button class=\"comic-button\">Semana das<br>Trajet\u00f3rias<\/button>\r\n<\/a>\t\t\t\t<\/div>\n\t\t\t\t<\/div>\n\t\t\t\t<\/div>\n\t\t\t\t<\/div>\n\t\t\t\t\t<\/div>\n\t\t\t\t<\/div>\n\t\t\t\t<\/div>\n\t\t","protected":false},"excerpt":{"rendered":"<p>GUIA ESCOLAR Lista de Materiais 1\u00ba s\u00e9rie Os materiais escolares adotados para 2026 estar\u00e3o dispon\u00edveis para venda na loja Letral, localizada na escola.\u00a0Em raz\u00e3o de obras, a loja estar\u00e1 temporariamente localizada na Sala de M\u00fasica. Informa\u00e7\u00f5es e or\u00e7amentos pelo WhatsApp 51 9819-9186.\u00a0 Caso a fam\u00edlia prefira, poder\u00e1 adquirir o material em outro estabelecimento at\u00e9 o [&hellip;]<\/p>\n","protected":false},"author":6,"featured_media":0,"parent":1658,"menu_order":0,"comment_status":"closed","ping_status":"closed","template":"","meta":{"footnotes":""},"class_list":["post-1703","page","type-page","status-publish","hentry"],"_links":{"self":[{"href":"https:\/\/israelitaedu.com.br\/guiaescolar\/wp-json\/wp\/v2\/pages\/1703","targetHints":{"allow":["GET"]}}],"collection":[{"href":"https:\/\/israelitaedu.com.br\/guiaescolar\/wp-json\/wp\/v2\/pages"}],"about":[{"href":"https:\/\/israelitaedu.com.br\/guiaescolar\/wp-json\/wp\/v2\/types\/page"}],"author":[{"embeddable":true,"href":"https:\/\/israelitaedu.com.br\/guiaescolar\/wp-json\/wp\/v2\/users\/6"}],"replies":[{"embeddable":true,"href":"https:\/\/israelitaedu.com.br\/guiaescolar\/wp-json\/wp\/v2\/comments?post=1703"}],"version-history":[{"count":27,"href":"https:\/\/israelitaedu.com.br\/guiaescolar\/wp-json\/wp\/v2\/pages\/1703\/revisions"}],"predecessor-version":[{"id":6893,"href":"https:\/\/israelitaedu.com.br\/guiaescolar\/wp-json\/wp\/v2\/pages\/1703\/revisions\/6893"}],"up":[{"embeddable":true,"href":"https:\/\/israelitaedu.com.br\/guiaescolar\/wp-json\/wp\/v2\/pages\/1658"}],"wp:attachment":[{"href":"https:\/\/israelitaedu.com.br\/guiaescolar\/wp-json\/wp\/v2\/media?parent=1703"}],"curies":[{"name":"wp","href":"https:\/\/api.w.org\/{rel}","templated":true}]}}