{"id":1635,"date":"2025-04-23T11:15:20","date_gmt":"2025-04-23T14:15:20","guid":{"rendered":"https:\/\/israelitaedu.com.br\/guiaescolar\/?page_id=1635"},"modified":"2026-02-04T11:15:37","modified_gmt":"2026-02-04T14:15:37","slug":"eletivas","status":"publish","type":"page","link":"https:\/\/israelitaedu.com.br\/guiaescolar\/ensino-medio\/eletivas\/","title":{"rendered":"Eletivas &#8211; EM"},"content":{"rendered":"\t\t<div data-elementor-type=\"wp-page\" data-elementor-id=\"1635\" class=\"elementor elementor-1635\" data-elementor-post-type=\"page\">\n\t\t\t\t<div class=\"elementor-element elementor-element-3e103375 e-flex e-con-boxed e-con e-parent\" data-id=\"3e103375\" data-element_type=\"container\" data-e-type=\"container\">\n\t\t\t\t\t<div class=\"e-con-inner\">\n\t\t<div class=\"elementor-element elementor-element-4c610051 e-con-full e-flex e-con e-child\" data-id=\"4c610051\" data-element_type=\"container\" data-e-type=\"container\">\n\t\t\t\t<div class=\"elementor-element elementor-element-12ded8a elementor-widget elementor-widget-heading\" data-id=\"12ded8a\" data-element_type=\"widget\" data-e-type=\"widget\" data-widget_type=\"heading.default\">\n\t\t\t\t<div class=\"elementor-widget-container\">\n\t\t\t\t\t<h2 class=\"elementor-heading-title elementor-size-default\">Eletivas<\/h2>\t\t\t\t<\/div>\n\t\t\t\t<\/div>\n\t\t\t\t<\/div>\n\t\t<div class=\"elementor-element elementor-element-2041d7c7 e-con-full e-flex e-con e-child\" data-id=\"2041d7c7\" data-element_type=\"container\" data-e-type=\"container\">\n\t\t\t\t<div class=\"elementor-element elementor-element-bcb642e elementor-widget elementor-widget-text-editor\" data-id=\"bcb642e\" data-element_type=\"widget\" data-e-type=\"widget\" data-widget_type=\"text-editor.default\">\n\t\t\t\t<div class=\"elementor-widget-container\">\n\t\t\t\t\t\t\t\t\t<p><span style=\"font-weight: 400;\">Nas 1\u00aa e 2\u00aa s\u00e9ries, os componentes de Artes e Educa\u00e7\u00e3o F\u00edsica s\u00e3o ofertados por meio de eletivas, permitindo que os estudantes escolham, dentro das op\u00e7\u00f5es dispon\u00edveis, uma eletiva por componente. Ambos permanecem <\/span><b>obrigat\u00f3rios<\/b><span style=\"font-weight: 400;\"> no curr\u00edculo, n\u00e3o sendo poss\u00edvel optar por n\u00e3o curs\u00e1-los.<\/span><\/p><p><span style=\"font-weight: 400;\">As eletivas ocorrem no turno da tarde, em fun\u00e7\u00e3o da organiza\u00e7\u00e3o flex\u00edvel da grade hor\u00e1ria. A avalia\u00e7\u00e3o \u00e9 realizada por habilidades, e os estudantes recebem conceitos ao final de cada semestre, conforme o padr\u00e3o adotado nas demais disciplinas.<\/span><\/p><p><img fetchpriority=\"high\" decoding=\"async\" class=\"aligncenter size-full wp-image-7117\" src=\"http:\/\/israelitaedu.com.br\/guiaescolar\/wp-content\/uploads\/2026\/02\/eletivas_ed_artistica_2026.png\" alt=\"\" width=\"897\" height=\"513\" srcset=\"https:\/\/israelitaedu.com.br\/guiaescolar\/wp-content\/uploads\/2026\/02\/eletivas_ed_artistica_2026.png 897w, https:\/\/israelitaedu.com.br\/guiaescolar\/wp-content\/uploads\/2026\/02\/eletivas_ed_artistica_2026-300x172.png 300w, https:\/\/israelitaedu.com.br\/guiaescolar\/wp-content\/uploads\/2026\/02\/eletivas_ed_artistica_2026-768x439.png 768w\" sizes=\"(max-width: 897px) 100vw, 897px\" \/><\/p><p><img decoding=\"async\" class=\"aligncenter size-full wp-image-7121\" src=\"http:\/\/israelitaedu.com.br\/guiaescolar\/wp-content\/uploads\/2026\/02\/eletivas_ed_fisica_2026.png\" alt=\"\" width=\"1093\" height=\"652\" srcset=\"https:\/\/israelitaedu.com.br\/guiaescolar\/wp-content\/uploads\/2026\/02\/eletivas_ed_fisica_2026.png 1093w, https:\/\/israelitaedu.com.br\/guiaescolar\/wp-content\/uploads\/2026\/02\/eletivas_ed_fisica_2026-300x179.png 300w, https:\/\/israelitaedu.com.br\/guiaescolar\/wp-content\/uploads\/2026\/02\/eletivas_ed_fisica_2026-1024x611.png 1024w, https:\/\/israelitaedu.com.br\/guiaescolar\/wp-content\/uploads\/2026\/02\/eletivas_ed_fisica_2026-768x458.png 768w\" sizes=\"(max-width: 1093px) 100vw, 1093px\" \/><\/p><p>\u00a0<\/p><p><span style=\"font-weight: 400;\">Na 3\u00aa s\u00e9rie, a oferta da tarde \u00e9 composta pelos <\/span><a href=\"https:\/\/israelitaedu.com.br\/guiaescolar\/ensino-medio\/itinerarios-formativos\/\"><b>Percursos de Aprofundamento<\/b><\/a><span style=\"font-weight: 400;\">, que integram o curr\u00edculo e t\u00eam como foco o desenvolvimento de habilidades relevantes aos cen\u00e1rios contempor\u00e2neos, com \u00eanfase na prepara\u00e7\u00e3o para processos seletivos e continuidade acad\u00eamica. A escolha de <\/span><b>um<\/b><span style=\"font-weight: 400;\"> percurso \u00e9 <\/span><b>obrigat\u00f3ria<\/b><span style=\"font-weight: 400;\">, n\u00e3o havendo possibilidade de dispensa. Assim como nas demais \u00e1reas, os percursos s\u00e3o avaliados por habilidades, com conceitos ao final de cada semestre.<\/span><\/p>\t\t\t\t\t\t\t\t<\/div>\n\t\t\t\t<\/div>\n\t\t\t\t<\/div>\n\t\t\t\t\t<\/div>\n\t\t\t\t<\/div>\n\t\t<div class=\"elementor-element elementor-element-7435929 e-con-full e-flex e-con e-child\" data-id=\"7435929\" data-element_type=\"container\" data-e-type=\"container\">\n\t\t\t\t<div class=\"elementor-element elementor-element-c7b077c elementor-widget elementor-widget-heading\" data-id=\"c7b077c\" data-element_type=\"widget\" data-e-type=\"widget\" data-widget_type=\"heading.default\">\n\t\t\t\t<div class=\"elementor-widget-container\">\n\t\t\t\t\t<h2 class=\"elementor-heading-title elementor-size-default\"><h2 style=\"color:white\"> Navega\u00e7\u00e3o EM <\/h2><\/h2>\t\t\t\t<\/div>\n\t\t\t\t<\/div>\n\t\t<div class=\"elementor-element elementor-element-ac3d883 e-grid e-con-full e-con e-child\" data-id=\"ac3d883\" data-element_type=\"container\" data-e-type=\"container\">\n\t\t\t\t<div class=\"elementor-element elementor-element-c9f0f34 elementor-widget elementor-widget-html\" data-id=\"c9f0f34\" data-element_type=\"widget\" data-e-type=\"widget\" data-widget_type=\"html.default\">\n\t\t\t\t<div class=\"elementor-widget-container\">\n\t\t\t\t\t<a href=\"\/guiaescolar\/ensino-medio\/horarios\" style=\"text-decoration: none;\">\r\n  <button class=\"comic-button\">Hor\u00e1rios<\/button>\r\n<\/a>\t\t\t\t<\/div>\n\t\t\t\t<\/div>\n\t\t\t\t<div class=\"elementor-element elementor-element-8cc2f1d elementor-widget elementor-widget-html\" data-id=\"8cc2f1d\" data-element_type=\"widget\" data-e-type=\"widget\" data-widget_type=\"html.default\">\n\t\t\t\t<div class=\"elementor-widget-container\">\n\t\t\t\t\t<a href=\"\/guiaescolar\/ensino-medio\/salas-de-aula\" style=\"text-decoration: none;\">\r\n  <button class=\"comic-button\">Salas<br>de Aula<\/button>\r\n<\/a>\t\t\t\t<\/div>\n\t\t\t\t<\/div>\n\t\t\t\t<div class=\"elementor-element elementor-element-46ba740 elementor-widget elementor-widget-html\" data-id=\"46ba740\" data-element_type=\"widget\" data-e-type=\"widget\" data-widget_type=\"html.default\">\n\t\t\t\t<div class=\"elementor-widget-container\">\n\t\t\t\t\t<a href=\"\/guiaescolar\/ensino-medio\/entrada-e-saida\" style=\"text-decoration: none;\">\r\n  <button class=\"comic-button\">Entrada<br>e Sa\u00edda<\/button>\r\n<\/a>\t\t\t\t<\/div>\n\t\t\t\t<\/div>\n\t\t\t\t<\/div>\n\t\t<div class=\"elementor-element elementor-element-c70a3c1 e-grid e-con-full e-con e-child\" data-id=\"c70a3c1\" data-element_type=\"container\" data-e-type=\"container\">\n\t\t\t\t<div class=\"elementor-element elementor-element-d88bfab elementor-widget elementor-widget-html\" data-id=\"d88bfab\" data-element_type=\"widget\" data-e-type=\"widget\" data-widget_type=\"html.default\">\n\t\t\t\t<div class=\"elementor-widget-container\">\n\t\t\t\t\t<a href=\"\/guiaescolar\/ensino-medio\/itinerarios-formativos\" style=\"text-decoration: none;\">\r\n  <button class=\"comic-button\">Itiner\u00e1rios<br>Formativos<\/button>\r\n<\/a>\t\t\t\t<\/div>\n\t\t\t\t<\/div>\n\t\t\t\t<div class=\"elementor-element elementor-element-83354f3 elementor-widget elementor-widget-html\" data-id=\"83354f3\" data-element_type=\"widget\" data-e-type=\"widget\" data-widget_type=\"html.default\">\n\t\t\t\t<div class=\"elementor-widget-container\">\n\t\t\t\t\t<a href=\"\/guiaescolar\/ensino-medio\/eletivas\" style=\"text-decoration: none;\">\r\n  <button class=\"comic-button\">Eletivas<\/button>\r\n<\/a>\t\t\t\t<\/div>\n\t\t\t\t<\/div>\n\t\t\t\t<div class=\"elementor-element elementor-element-112b589 elementor-widget elementor-widget-html\" data-id=\"112b589\" data-element_type=\"widget\" data-e-type=\"widget\" data-widget_type=\"html.default\">\n\t\t\t\t<div class=\"elementor-widget-container\">\n\t\t\t\t\t<a href=\"\/guiaescolar\/avaliacao\" style=\"text-decoration: none;\">\r\n  <button class=\"comic-button\">Avalia\u00e7\u00e3o<\/button>\r\n<\/a>\t\t\t\t<\/div>\n\t\t\t\t<\/div>\n\t\t\t\t<\/div>\n\t\t<div class=\"elementor-element elementor-element-ef7adaf e-grid e-con-full e-con e-child\" data-id=\"ef7adaf\" data-element_type=\"container\" data-e-type=\"container\">\n\t\t\t\t<div class=\"elementor-element elementor-element-29e13da elementor-widget elementor-widget-html\" data-id=\"29e13da\" data-element_type=\"widget\" data-e-type=\"widget\" data-widget_type=\"html.default\">\n\t\t\t\t<div class=\"elementor-widget-container\">\n\t\t\t\t\t<a href=\"\/guiaescolar\/ensino-medio\/lista-de-materiais\" style=\"text-decoration: none;\">\r\n  <button class=\"comic-button\">Lista de<br>Materiais<\/button>\r\n<\/a>\t\t\t\t<\/div>\n\t\t\t\t<\/div>\n\t\t\t\t<div class=\"elementor-element elementor-element-101ba3a elementor-widget elementor-widget-html\" data-id=\"101ba3a\" data-element_type=\"widget\" data-e-type=\"widget\" data-widget_type=\"html.default\">\n\t\t\t\t<div class=\"elementor-widget-container\">\n\t\t\t\t\t<a href=\"\/guiaescolar\/ensino-medio\/extra-curriculares\" style=\"text-decoration: none;\">\r\n  <button class=\"comic-button\">Extra-<br>curriculares<\/button>\r\n<\/a>\t\t\t\t<\/div>\n\t\t\t\t<\/div>\n\t\t\t\t<div class=\"elementor-element elementor-element-ac2a2f2 elementor-widget elementor-widget-html\" data-id=\"ac2a2f2\" data-element_type=\"widget\" data-e-type=\"widget\" data-widget_type=\"html.default\">\n\t\t\t\t<div class=\"elementor-widget-container\">\n\t\t\t\t\t<a href=\"\/guiaescolar\/ensino-medio\/plataformas-educacionais\" style=\"text-decoration: none;\">\r\n  <button class=\"comic-button\">Plataformas<br>Educacionais<\/button>\r\n<\/a>\t\t\t\t<\/div>\n\t\t\t\t<\/div>\n\t\t\t\t<\/div>\n\t\t<div class=\"elementor-element elementor-element-8bb8f06 e-grid e-con-full e-con e-child\" data-id=\"8bb8f06\" data-element_type=\"container\" data-e-type=\"container\">\n\t\t\t\t<div class=\"elementor-element elementor-element-14fb366 elementor-widget elementor-widget-html\" data-id=\"14fb366\" data-element_type=\"widget\" data-e-type=\"widget\" data-widget_type=\"html.default\">\n\t\t\t\t<div class=\"elementor-widget-container\">\n\t\t\t\t\t<a href=\"\/guiaescolar\/ensino-medio\/saida-de-estudos\" style=\"text-decoration: none;\">\r\n  <button class=\"comic-button\">Sa\u00eddas de<br>Estudos<\/button>\r\n<\/a>\t\t\t\t<\/div>\n\t\t\t\t<\/div>\n\t\t\t\t<div class=\"elementor-element elementor-element-811a1c3 elementor-widget elementor-widget-html\" data-id=\"811a1c3\" data-element_type=\"widget\" data-e-type=\"widget\" data-widget_type=\"html.default\">\n\t\t\t\t<div class=\"elementor-widget-container\">\n\t\t\t\t\t<a href=\"\/guiaescolar\/ensino-medio\/reunioes-de-turmas\" style=\"text-decoration: none;\">\r\n  <button class=\"comic-button\">Reuni\u00f5es de<br>Turmas<\/button>\r\n<\/a>\t\t\t\t<\/div>\n\t\t\t\t<\/div>\n\t\t\t\t<div class=\"elementor-element elementor-element-ed92eef elementor-widget elementor-widget-html\" data-id=\"ed92eef\" data-element_type=\"widget\" data-e-type=\"widget\" data-widget_type=\"html.default\">\n\t\t\t\t<div class=\"elementor-widget-container\">\n\t\t\t\t\t<a href=\"\/guiaescolar\/ensino-fundamental-2\/amo\" style=\"text-decoration: none;\">\r\n  <button class=\"comic-button\">AMO<\/button>\r\n<\/a>\t\t\t\t<\/div>\n\t\t\t\t<\/div>\n\t\t\t\t<\/div>\n\t\t<div class=\"elementor-element elementor-element-4589ae5 e-grid e-con-full e-con e-child\" data-id=\"4589ae5\" data-element_type=\"container\" data-e-type=\"container\">\n\t\t\t\t<div class=\"elementor-element elementor-element-9e12ea6 elementor-widget elementor-widget-html\" data-id=\"9e12ea6\" data-element_type=\"widget\" data-e-type=\"widget\" data-widget_type=\"html.default\">\n\t\t\t\t<div class=\"elementor-widget-container\">\n\t\t\t\t\t<a href=\"\/guiaescolar\/ensino-medio\/planos-de-ensino\" style=\"text-decoration: none;\">\r\n  <button class=\"comic-button\">Planos<br>de Ensino<\/button>\r\n<\/a>\t\t\t\t<\/div>\n\t\t\t\t<\/div>\n\t\t\t\t<div class=\"elementor-element elementor-element-0ed295a elementor-widget elementor-widget-html\" data-id=\"0ed295a\" data-element_type=\"widget\" data-e-type=\"widget\" data-widget_type=\"html.default\">\n\t\t\t\t<div class=\"elementor-widget-container\">\n\t\t\t\t\t<a href=\"\/guiaescolar\/ensino-medio\/semana-das-trajetorias\" style=\"text-decoration: none;\">\r\n  <button class=\"comic-button\">Semana das<br>Trajet\u00f3rias<\/button>\r\n<\/a>\t\t\t\t<\/div>\n\t\t\t\t<\/div>\n\t\t\t\t<div class=\"elementor-element elementor-element-eb468ef elementor-widget elementor-widget-html\" data-id=\"eb468ef\" data-element_type=\"widget\" data-e-type=\"widget\" data-widget_type=\"html.default\">\n\t\t\t\t<div class=\"elementor-widget-container\">\n\t\t\t\t\t<a href=\"\/guiaescolar\/reunioes-pedagogicas\" style=\"text-decoration: none;\">\r\n  <button class=\"comic-button\">Reuni\u00f5es<br>Pedag\u00f3gicas<\/button>\r\n<\/a>\t\t\t\t<\/div>\n\t\t\t\t<\/div>\n\t\t\t\t<\/div>\n\t\t<div class=\"elementor-element elementor-element-e56e960 e-grid e-con-full e-con e-child\" data-id=\"e56e960\" data-element_type=\"container\" data-e-type=\"container\">\n\t\t\t\t<div class=\"elementor-element elementor-element-892fbd0 elementor-widget elementor-widget-html\" data-id=\"892fbd0\" data-element_type=\"widget\" data-e-type=\"widget\" data-widget_type=\"html.default\">\n\t\t\t\t<div class=\"elementor-widget-container\">\n\t\t\t\t\t<a href=\"\/guiaescolar\/aee\/\" style=\"text-decoration: none;\">\r\n  <button class=\"comic-button\">AEE<\/button>\r\n<\/a>\t\t\t\t<\/div>\n\t\t\t\t<\/div>\n\t\t\t\t<div class=\"elementor-element elementor-element-2152f49 elementor-widget elementor-widget-html\" data-id=\"2152f49\" data-element_type=\"widget\" data-e-type=\"widget\" data-widget_type=\"html.default\">\n\t\t\t\t<div class=\"elementor-widget-container\">\n\t\t\t\t\t<a href=\"\/guiaescolar\/ensino-medio\/avaliacoes-externas\" style=\"text-decoration: none;\">\r\n  <button class=\"comic-button\">Avalia\u00e7\u00f5es<br>Externas<\/button>\r\n<\/a>\t\t\t\t<\/div>\n\t\t\t\t<\/div>\n\t\t\t\t<\/div>\n\t\t\t\t<\/div>\n\t\t\t\t<\/div>\n\t\t","protected":false},"excerpt":{"rendered":"<p>Eletivas Nas 1\u00aa e 2\u00aa s\u00e9ries, os componentes de Artes e Educa\u00e7\u00e3o F\u00edsica s\u00e3o ofertados por meio de eletivas, permitindo que os estudantes escolham, dentro das op\u00e7\u00f5es dispon\u00edveis, uma eletiva por componente. Ambos permanecem obrigat\u00f3rios no curr\u00edculo, n\u00e3o sendo poss\u00edvel optar por n\u00e3o curs\u00e1-los. As eletivas ocorrem no turno da tarde, em fun\u00e7\u00e3o da organiza\u00e7\u00e3o [&hellip;]<\/p>\n","protected":false},"author":4,"featured_media":0,"parent":1559,"menu_order":0,"comment_status":"closed","ping_status":"closed","template":"","meta":{"footnotes":""},"class_list":["post-1635","page","type-page","status-publish","hentry"],"_links":{"self":[{"href":"https:\/\/israelitaedu.com.br\/guiaescolar\/wp-json\/wp\/v2\/pages\/1635","targetHints":{"allow":["GET"]}}],"collection":[{"href":"https:\/\/israelitaedu.com.br\/guiaescolar\/wp-json\/wp\/v2\/pages"}],"about":[{"href":"https:\/\/israelitaedu.com.br\/guiaescolar\/wp-json\/wp\/v2\/types\/page"}],"author":[{"embeddable":true,"href":"https:\/\/israelitaedu.com.br\/guiaescolar\/wp-json\/wp\/v2\/users\/4"}],"replies":[{"embeddable":true,"href":"https:\/\/israelitaedu.com.br\/guiaescolar\/wp-json\/wp\/v2\/comments?post=1635"}],"version-history":[{"count":24,"href":"https:\/\/israelitaedu.com.br\/guiaescolar\/wp-json\/wp\/v2\/pages\/1635\/revisions"}],"predecessor-version":[{"id":7127,"href":"https:\/\/israelitaedu.com.br\/guiaescolar\/wp-json\/wp\/v2\/pages\/1635\/revisions\/7127"}],"up":[{"embeddable":true,"href":"https:\/\/israelitaedu.com.br\/guiaescolar\/wp-json\/wp\/v2\/pages\/1559"}],"wp:attachment":[{"href":"https:\/\/israelitaedu.com.br\/guiaescolar\/wp-json\/wp\/v2\/media?parent=1635"}],"curies":[{"name":"wp","href":"https:\/\/api.w.org\/{rel}","templated":true}]}}