{"id":1617,"date":"2025-04-23T11:09:37","date_gmt":"2025-04-23T14:09:37","guid":{"rendered":"https:\/\/israelitaedu.com.br\/guiaescolar\/?page_id=1617"},"modified":"2026-02-25T11:49:19","modified_gmt":"2026-02-25T14:49:19","slug":"itinerarios-formativos","status":"publish","type":"page","link":"https:\/\/israelitaedu.com.br\/guiaescolar\/ensino-medio\/itinerarios-formativos\/","title":{"rendered":"Itiner\u00e1rios Formativos &#8211; EM"},"content":{"rendered":"\t\t<div data-elementor-type=\"wp-page\" data-elementor-id=\"1617\" class=\"elementor elementor-1617\" data-elementor-post-type=\"page\">\n\t\t\t\t<div class=\"elementor-element elementor-element-2751488 e-flex e-con-boxed e-con e-parent\" data-id=\"2751488\" data-element_type=\"container\" data-e-type=\"container\">\n\t\t\t\t\t<div class=\"e-con-inner\">\n\t\t<div class=\"elementor-element elementor-element-9e83f8b e-con-full e-flex e-con e-child\" data-id=\"9e83f8b\" data-element_type=\"container\" data-e-type=\"container\">\n\t\t\t\t<div class=\"elementor-element elementor-element-18caae1f elementor-widget elementor-widget-heading\" data-id=\"18caae1f\" data-element_type=\"widget\" data-e-type=\"widget\" data-widget_type=\"heading.default\">\n\t\t\t\t<div class=\"elementor-widget-container\">\n\t\t\t\t\t<h2 class=\"elementor-heading-title elementor-size-default\">Itiner\u00e1rios Formativos <\/h2>\t\t\t\t<\/div>\n\t\t\t\t<\/div>\n\t\t\t\t<\/div>\n\t\t<div class=\"elementor-element elementor-element-a63be2f e-con-full e-flex e-con e-child\" data-id=\"a63be2f\" data-element_type=\"container\" data-e-type=\"container\">\n\t\t\t\t<div class=\"elementor-element elementor-element-a876203 elementor-widget elementor-widget-text-editor\" data-id=\"a876203\" data-element_type=\"widget\" data-e-type=\"widget\" data-widget_type=\"text-editor.default\">\n\t\t\t\t<div class=\"elementor-widget-container\">\n\t\t\t\t\t\t\t\t\t<p><b>Os Itiner\u00e1rios Formativos integram o LIFE (Laborat\u00f3rio de Inova\u00e7\u00e3o e Forma\u00e7\u00e3o de Empreendedores) e comp\u00f5em a parte diversificada do Ensino M\u00e9dio, conforme as diretrizes nacionais vigentes.<\/b><b><br \/><\/b><span style=\"font-weight: 400;\"> S\u00e3o organizados a partir de temas e conceitos estruturados de maneira interdisciplinar, em alinhamento ao que determina a legisla\u00e7\u00e3o para o aprofundamento das \u00e1reas do conhecimento e para a articula\u00e7\u00e3o entre forma\u00e7\u00e3o geral e escolha formativa.<\/span><\/p><p><span style=\"font-weight: 400;\">Os itiner\u00e1rios exploram campos de conhecimento que dialogam com o mundo contempor\u00e2neo e com os interesses dos estudantes, <\/span><b>observando a carga hor\u00e1ria m\u00ednima e a possibilidade de escolhas previstas pela legisla\u00e7\u00e3o<\/b><span style=\"font-weight: 400;\">.<\/span><\/p><p style=\"font-family: 'Albert Sans', sans-serif;\"><span style=\"font-weight: 400;\">Combinam <\/span><b>rigor acad\u00eamico, investiga\u00e7\u00e3o orientada e atividades pr\u00e1ticas<\/b><span style=\"font-weight: 400;\">, promovendo aprofundamento conceitual e ampliando repert\u00f3rios relevantes para projetos acad\u00eamicos e profissionais futuros.<br \/><\/span><\/p><p><b>Oferta do LIFE na 1\u00aa e 2\u00aa s\u00e9ries do Ensino M\u00e9dio<\/b><\/p><p><b>1\u00aa s\u00e9rie<\/b><b><br \/><\/b><span style=\"font-weight: 400;\">Aulas semanais \u00e0s <\/span><b>ter\u00e7as-feiras<\/b><span style=\"font-weight: 400;\">, das <\/span><b>14h \u00e0s 17h15<\/b><span style=\"font-weight: 400;\">.<\/span><\/p><p><b>2\u00aa s\u00e9rie<\/b><b><br \/><\/b><span style=\"font-weight: 400;\">Aulas semanais \u00e0s <\/span><b>quintas-feiras<\/b><span style=\"font-weight: 400;\">, das <\/span><b>14h \u00e0s 17h15<\/b><span style=\"font-weight: 400;\">.<\/span><\/p><p><img fetchpriority=\"high\" decoding=\"async\" class=\"aligncenter size-full wp-image-8083\" src=\"http:\/\/israelitaedu.com.br\/guiaescolar\/wp-content\/uploads\/2026\/02\/life_EM.png\" alt=\"\" width=\"822\" height=\"613\" srcset=\"https:\/\/israelitaedu.com.br\/guiaescolar\/wp-content\/uploads\/2026\/02\/life_EM.png 822w, https:\/\/israelitaedu.com.br\/guiaescolar\/wp-content\/uploads\/2026\/02\/life_EM-300x224.png 300w, https:\/\/israelitaedu.com.br\/guiaescolar\/wp-content\/uploads\/2026\/02\/life_EM-768x573.png 768w\" sizes=\"(max-width: 822px) 100vw, 822px\" \/><\/p>\t\t\t\t\t\t\t\t<\/div>\n\t\t\t\t<\/div>\n\t\t\t\t<div class=\"elementor-element elementor-element-7ebe332 elementor-widget elementor-widget-text-editor\" data-id=\"7ebe332\" data-element_type=\"widget\" data-e-type=\"widget\" data-widget_type=\"text-editor.default\">\n\t\t\t\t<div class=\"elementor-widget-container\">\n\t\t\t\t\t\t\t\t\t<h4 style=\"font-family: 'Albert Sans', sans-serif; color: #ffffff; text-align: center;\"><strong>Percursos de Aprofundamento \u2013 3\u00aa s\u00e9rie<\/strong><\/h4><p><span style=\"font-weight: 400;\">Os Percursos de Aprofundamento integram os itiner\u00e1rios formativos e comp\u00f5em a parte diversificada obrigat\u00f3ria do Ensino M\u00e9dio. Na 3\u00aa s\u00e9rie, os estudantes devem escolher ao menos um percurso, organizado no turno da tarde.<\/span><\/p><p><b>3\u00aa s\u00e9rie:<\/b><span style=\"font-weight: 400;\"> Aulas semanais de segunda a sexta-feira, a partir das 14h15min, conforme as op\u00e7\u00f5es de percursos de aprofundamento escolhidos pelos estudantes.<\/span><\/p><p><span style=\"font-weight: 400;\">Essas trilhas aprofundam \u00e1reas espec\u00edficas do conhecimento e permitem que os estudantes desenvolvam compet\u00eancias acad\u00eamicas e investigativas alinhadas \u00e0s suas perspectivas de continuidade formativa e projetos de vida.<\/span><\/p><p><img decoding=\"async\" class=\"aligncenter wp-image-8121 size-full\" src=\"http:\/\/israelitaedu.com.br\/guiaescolar\/wp-content\/uploads\/2026\/02\/pa_novo.png\" alt=\"\" width=\"957\" height=\"688\" srcset=\"https:\/\/israelitaedu.com.br\/guiaescolar\/wp-content\/uploads\/2026\/02\/pa_novo.png 957w, https:\/\/israelitaedu.com.br\/guiaescolar\/wp-content\/uploads\/2026\/02\/pa_novo-300x216.png 300w, https:\/\/israelitaedu.com.br\/guiaescolar\/wp-content\/uploads\/2026\/02\/pa_novo-768x552.png 768w\" sizes=\"(max-width: 957px) 100vw, 957px\" \/><\/p>\t\t\t\t\t\t\t\t<\/div>\n\t\t\t\t<\/div>\n\t\t\t\t<\/div>\n\t\t\t\t\t<\/div>\n\t\t\t\t<\/div>\n\t\t<div class=\"elementor-element elementor-element-5eb9f6d e-con-full e-flex e-con e-child\" data-id=\"5eb9f6d\" data-element_type=\"container\" data-e-type=\"container\">\n\t\t\t\t<div class=\"elementor-element elementor-element-5064c12 elementor-widget elementor-widget-heading\" data-id=\"5064c12\" data-element_type=\"widget\" data-e-type=\"widget\" data-widget_type=\"heading.default\">\n\t\t\t\t<div class=\"elementor-widget-container\">\n\t\t\t\t\t<h2 class=\"elementor-heading-title elementor-size-default\"><h2 style=\"color:white\"> Navega\u00e7\u00e3o EM <\/h2><\/h2>\t\t\t\t<\/div>\n\t\t\t\t<\/div>\n\t\t<div class=\"elementor-element elementor-element-8052811 e-grid e-con-full e-con e-child\" data-id=\"8052811\" data-element_type=\"container\" data-e-type=\"container\">\n\t\t\t\t<div class=\"elementor-element elementor-element-34b57fc elementor-widget elementor-widget-html\" data-id=\"34b57fc\" data-element_type=\"widget\" data-e-type=\"widget\" data-widget_type=\"html.default\">\n\t\t\t\t<div class=\"elementor-widget-container\">\n\t\t\t\t\t<a href=\"\/guiaescolar\/ensino-medio\/horarios\" style=\"text-decoration: none;\">\r\n  <button class=\"comic-button\">Hor\u00e1rios<\/button>\r\n<\/a>\t\t\t\t<\/div>\n\t\t\t\t<\/div>\n\t\t\t\t<div class=\"elementor-element elementor-element-6f1f07b elementor-widget elementor-widget-html\" data-id=\"6f1f07b\" data-element_type=\"widget\" data-e-type=\"widget\" data-widget_type=\"html.default\">\n\t\t\t\t<div class=\"elementor-widget-container\">\n\t\t\t\t\t<a href=\"\/guiaescolar\/ensino-medio\/salas-de-aula\" style=\"text-decoration: none;\">\r\n  <button class=\"comic-button\">Salas<br>de Aula<\/button>\r\n<\/a>\t\t\t\t<\/div>\n\t\t\t\t<\/div>\n\t\t\t\t<div class=\"elementor-element elementor-element-95792d9 elementor-widget elementor-widget-html\" data-id=\"95792d9\" data-element_type=\"widget\" data-e-type=\"widget\" data-widget_type=\"html.default\">\n\t\t\t\t<div class=\"elementor-widget-container\">\n\t\t\t\t\t<a href=\"\/guiaescolar\/ensino-medio\/entrada-e-saida\" style=\"text-decoration: none;\">\r\n  <button class=\"comic-button\">Entrada<br>e Sa\u00edda<\/button>\r\n<\/a>\t\t\t\t<\/div>\n\t\t\t\t<\/div>\n\t\t\t\t<\/div>\n\t\t<div class=\"elementor-element elementor-element-a1b4a6b e-grid e-con-full e-con e-child\" data-id=\"a1b4a6b\" data-element_type=\"container\" data-e-type=\"container\">\n\t\t\t\t<div class=\"elementor-element elementor-element-aa28553 elementor-widget elementor-widget-html\" data-id=\"aa28553\" data-element_type=\"widget\" data-e-type=\"widget\" data-widget_type=\"html.default\">\n\t\t\t\t<div class=\"elementor-widget-container\">\n\t\t\t\t\t<a href=\"\/guiaescolar\/ensino-medio\/itinerarios-formativos\" style=\"text-decoration: none;\">\r\n  <button class=\"comic-button\">Itiner\u00e1rios<br>Formativos<\/button>\r\n<\/a>\t\t\t\t<\/div>\n\t\t\t\t<\/div>\n\t\t\t\t<div class=\"elementor-element elementor-element-559392b elementor-widget elementor-widget-html\" data-id=\"559392b\" data-element_type=\"widget\" data-e-type=\"widget\" data-widget_type=\"html.default\">\n\t\t\t\t<div class=\"elementor-widget-container\">\n\t\t\t\t\t<a href=\"\/guiaescolar\/ensino-medio\/eletivas\" style=\"text-decoration: none;\">\r\n  <button class=\"comic-button\">Eletivas<\/button>\r\n<\/a>\t\t\t\t<\/div>\n\t\t\t\t<\/div>\n\t\t\t\t<div class=\"elementor-element elementor-element-988af8c elementor-widget elementor-widget-html\" data-id=\"988af8c\" data-element_type=\"widget\" data-e-type=\"widget\" data-widget_type=\"html.default\">\n\t\t\t\t<div class=\"elementor-widget-container\">\n\t\t\t\t\t<a href=\"\/guiaescolar\/avaliacao\" style=\"text-decoration: none;\">\r\n  <button class=\"comic-button\">Avalia\u00e7\u00e3o<\/button>\r\n<\/a>\t\t\t\t<\/div>\n\t\t\t\t<\/div>\n\t\t\t\t<\/div>\n\t\t<div class=\"elementor-element elementor-element-1c4741a e-grid e-con-full e-con e-child\" data-id=\"1c4741a\" data-element_type=\"container\" data-e-type=\"container\">\n\t\t\t\t<div class=\"elementor-element elementor-element-40831d8 elementor-widget elementor-widget-html\" data-id=\"40831d8\" data-element_type=\"widget\" data-e-type=\"widget\" data-widget_type=\"html.default\">\n\t\t\t\t<div class=\"elementor-widget-container\">\n\t\t\t\t\t<a href=\"\/guiaescolar\/ensino-medio\/lista-de-materiais\" style=\"text-decoration: none;\">\r\n  <button class=\"comic-button\">Lista de<br>Materiais<\/button>\r\n<\/a>\t\t\t\t<\/div>\n\t\t\t\t<\/div>\n\t\t\t\t<div class=\"elementor-element elementor-element-50a3ac1 elementor-widget elementor-widget-html\" data-id=\"50a3ac1\" data-element_type=\"widget\" data-e-type=\"widget\" data-widget_type=\"html.default\">\n\t\t\t\t<div class=\"elementor-widget-container\">\n\t\t\t\t\t<a href=\"\/guiaescolar\/ensino-medio\/extra-curriculares\" style=\"text-decoration: none;\">\r\n  <button class=\"comic-button\">Extra-<br>curriculares<\/button>\r\n<\/a>\t\t\t\t<\/div>\n\t\t\t\t<\/div>\n\t\t\t\t<div class=\"elementor-element elementor-element-fdd911d elementor-widget elementor-widget-html\" data-id=\"fdd911d\" data-element_type=\"widget\" data-e-type=\"widget\" data-widget_type=\"html.default\">\n\t\t\t\t<div class=\"elementor-widget-container\">\n\t\t\t\t\t<a href=\"\/guiaescolar\/ensino-medio\/plataformas-educacionais\" style=\"text-decoration: none;\">\r\n  <button class=\"comic-button\">Plataformas<br>Educacionais<\/button>\r\n<\/a>\t\t\t\t<\/div>\n\t\t\t\t<\/div>\n\t\t\t\t<\/div>\n\t\t<div class=\"elementor-element elementor-element-302a6f3 e-grid e-con-full e-con e-child\" data-id=\"302a6f3\" data-element_type=\"container\" data-e-type=\"container\">\n\t\t\t\t<div class=\"elementor-element elementor-element-b48ffcf elementor-widget elementor-widget-html\" data-id=\"b48ffcf\" data-element_type=\"widget\" data-e-type=\"widget\" data-widget_type=\"html.default\">\n\t\t\t\t<div class=\"elementor-widget-container\">\n\t\t\t\t\t<a href=\"\/guiaescolar\/ensino-medio\/saida-de-estudos\" style=\"text-decoration: none;\">\r\n  <button class=\"comic-button\">Sa\u00eddas de<br>Estudos<\/button>\r\n<\/a>\t\t\t\t<\/div>\n\t\t\t\t<\/div>\n\t\t\t\t<div class=\"elementor-element elementor-element-2ce6a35 elementor-widget elementor-widget-html\" data-id=\"2ce6a35\" data-element_type=\"widget\" data-e-type=\"widget\" data-widget_type=\"html.default\">\n\t\t\t\t<div class=\"elementor-widget-container\">\n\t\t\t\t\t<a href=\"\/guiaescolar\/ensino-medio\/reunioes-de-turmas\" style=\"text-decoration: none;\">\r\n  <button class=\"comic-button\">Reuni\u00f5es de<br>Turmas<\/button>\r\n<\/a>\t\t\t\t<\/div>\n\t\t\t\t<\/div>\n\t\t\t\t<div class=\"elementor-element elementor-element-daf3b68 elementor-widget elementor-widget-html\" data-id=\"daf3b68\" data-element_type=\"widget\" data-e-type=\"widget\" data-widget_type=\"html.default\">\n\t\t\t\t<div class=\"elementor-widget-container\">\n\t\t\t\t\t<a href=\"\/guiaescolar\/ensino-fundamental-2\/amo\" style=\"text-decoration: none;\">\r\n  <button class=\"comic-button\">AMO<\/button>\r\n<\/a>\t\t\t\t<\/div>\n\t\t\t\t<\/div>\n\t\t\t\t<\/div>\n\t\t<div class=\"elementor-element elementor-element-226b75a e-grid e-con-full e-con e-child\" data-id=\"226b75a\" data-element_type=\"container\" data-e-type=\"container\">\n\t\t\t\t<div class=\"elementor-element elementor-element-1bccf5c elementor-widget elementor-widget-html\" data-id=\"1bccf5c\" data-element_type=\"widget\" data-e-type=\"widget\" data-widget_type=\"html.default\">\n\t\t\t\t<div class=\"elementor-widget-container\">\n\t\t\t\t\t<a href=\"\/guiaescolar\/ensino-medio\/planos-de-ensino\" style=\"text-decoration: none;\">\r\n  <button class=\"comic-button\">Planos<br>de Ensino<\/button>\r\n<\/a>\t\t\t\t<\/div>\n\t\t\t\t<\/div>\n\t\t\t\t<div class=\"elementor-element elementor-element-a231fd3 elementor-widget elementor-widget-html\" data-id=\"a231fd3\" data-element_type=\"widget\" data-e-type=\"widget\" data-widget_type=\"html.default\">\n\t\t\t\t<div class=\"elementor-widget-container\">\n\t\t\t\t\t<a href=\"\/guiaescolar\/ensino-medio\/semana-das-trajetorias\" style=\"text-decoration: none;\">\r\n  <button class=\"comic-button\">Semana das<br>Trajet\u00f3rias<\/button>\r\n<\/a>\t\t\t\t<\/div>\n\t\t\t\t<\/div>\n\t\t\t\t<div class=\"elementor-element elementor-element-1ce9094 elementor-widget elementor-widget-html\" data-id=\"1ce9094\" data-element_type=\"widget\" data-e-type=\"widget\" data-widget_type=\"html.default\">\n\t\t\t\t<div class=\"elementor-widget-container\">\n\t\t\t\t\t<a href=\"\/guiaescolar\/reunioes-pedagogicas\" style=\"text-decoration: none;\">\r\n  <button class=\"comic-button\">Reuni\u00f5es<br>Pedag\u00f3gicas<\/button>\r\n<\/a>\t\t\t\t<\/div>\n\t\t\t\t<\/div>\n\t\t\t\t<\/div>\n\t\t<div class=\"elementor-element elementor-element-1cde334 e-grid e-con-full e-con e-child\" data-id=\"1cde334\" data-element_type=\"container\" data-e-type=\"container\">\n\t\t\t\t<div class=\"elementor-element elementor-element-7d23c96 elementor-widget elementor-widget-html\" data-id=\"7d23c96\" data-element_type=\"widget\" data-e-type=\"widget\" data-widget_type=\"html.default\">\n\t\t\t\t<div class=\"elementor-widget-container\">\n\t\t\t\t\t<a href=\"\/guiaescolar\/aee\/\" style=\"text-decoration: none;\">\r\n  <button class=\"comic-button\">AEE<\/button>\r\n<\/a>\t\t\t\t<\/div>\n\t\t\t\t<\/div>\n\t\t\t\t<div class=\"elementor-element elementor-element-f272a3c elementor-widget elementor-widget-html\" data-id=\"f272a3c\" data-element_type=\"widget\" data-e-type=\"widget\" data-widget_type=\"html.default\">\n\t\t\t\t<div class=\"elementor-widget-container\">\n\t\t\t\t\t<a href=\"\/guiaescolar\/ensino-medio\/avaliacoes-externas\" style=\"text-decoration: none;\">\r\n  <button class=\"comic-button\">Avalia\u00e7\u00f5es<br>Externas<\/button>\r\n<\/a>\t\t\t\t<\/div>\n\t\t\t\t<\/div>\n\t\t\t\t<\/div>\n\t\t\t\t<\/div>\n\t\t\t\t<\/div>\n\t\t","protected":false},"excerpt":{"rendered":"<p>Itiner\u00e1rios Formativos Os Itiner\u00e1rios Formativos integram o LIFE (Laborat\u00f3rio de Inova\u00e7\u00e3o e Forma\u00e7\u00e3o de Empreendedores) e comp\u00f5em a parte diversificada do Ensino M\u00e9dio, conforme as diretrizes nacionais vigentes. S\u00e3o organizados a partir de temas e conceitos estruturados de maneira interdisciplinar, em alinhamento ao que determina a legisla\u00e7\u00e3o para o aprofundamento das \u00e1reas do conhecimento e [&hellip;]<\/p>\n","protected":false},"author":4,"featured_media":0,"parent":1559,"menu_order":0,"comment_status":"closed","ping_status":"closed","template":"","meta":{"footnotes":""},"class_list":["post-1617","page","type-page","status-publish","hentry"],"_links":{"self":[{"href":"https:\/\/israelitaedu.com.br\/guiaescolar\/wp-json\/wp\/v2\/pages\/1617","targetHints":{"allow":["GET"]}}],"collection":[{"href":"https:\/\/israelitaedu.com.br\/guiaescolar\/wp-json\/wp\/v2\/pages"}],"about":[{"href":"https:\/\/israelitaedu.com.br\/guiaescolar\/wp-json\/wp\/v2\/types\/page"}],"author":[{"embeddable":true,"href":"https:\/\/israelitaedu.com.br\/guiaescolar\/wp-json\/wp\/v2\/users\/4"}],"replies":[{"embeddable":true,"href":"https:\/\/israelitaedu.com.br\/guiaescolar\/wp-json\/wp\/v2\/comments?post=1617"}],"version-history":[{"count":36,"href":"https:\/\/israelitaedu.com.br\/guiaescolar\/wp-json\/wp\/v2\/pages\/1617\/revisions"}],"predecessor-version":[{"id":8124,"href":"https:\/\/israelitaedu.com.br\/guiaescolar\/wp-json\/wp\/v2\/pages\/1617\/revisions\/8124"}],"up":[{"embeddable":true,"href":"https:\/\/israelitaedu.com.br\/guiaescolar\/wp-json\/wp\/v2\/pages\/1559"}],"wp:attachment":[{"href":"https:\/\/israelitaedu.com.br\/guiaescolar\/wp-json\/wp\/v2\/media?parent=1617"}],"curies":[{"name":"wp","href":"https:\/\/api.w.org\/{rel}","templated":true}]}}