{"id":1466,"date":"2025-04-23T10:17:14","date_gmt":"2025-04-23T13:17:14","guid":{"rendered":"https:\/\/israelitaedu.com.br\/guiaescolar\/?page_id=1466"},"modified":"2026-01-13T15:41:55","modified_gmt":"2026-01-13T18:41:55","slug":"reunioes-de-turmas","status":"publish","type":"page","link":"https:\/\/israelitaedu.com.br\/guiaescolar\/ensino-fundamental-2\/reunioes-de-turmas\/","title":{"rendered":"Reuni\u00f5es de Turma Ensino Fundamental &#8211; 2"},"content":{"rendered":"\t\t<div data-elementor-type=\"wp-page\" data-elementor-id=\"1466\" class=\"elementor elementor-1466\" data-elementor-post-type=\"page\">\n\t\t\t\t<div class=\"elementor-element elementor-element-45cfc41f e-flex e-con-boxed e-con e-parent\" data-id=\"45cfc41f\" data-element_type=\"container\" data-e-type=\"container\">\n\t\t\t\t\t<div class=\"e-con-inner\">\n\t\t<div class=\"elementor-element elementor-element-745a7a18 e-con-full e-flex e-con e-child\" data-id=\"745a7a18\" data-element_type=\"container\" data-e-type=\"container\">\n\t\t\t\t<div class=\"elementor-element elementor-element-1abfc85d elementor-widget elementor-widget-heading\" data-id=\"1abfc85d\" data-element_type=\"widget\" data-e-type=\"widget\" data-widget_type=\"heading.default\">\n\t\t\t\t<div class=\"elementor-widget-container\">\n\t\t\t\t\t<h2 class=\"elementor-heading-title elementor-size-default\">Reuni\u00f5es Pedag\u00f3gicas com fam\u00edlias\n<\/h2>\t\t\t\t<\/div>\n\t\t\t\t<\/div>\n\t\t\t\t<div class=\"elementor-element elementor-element-0311710 elementor-widget elementor-widget-text-editor\" data-id=\"0311710\" data-element_type=\"widget\" data-e-type=\"widget\" data-widget_type=\"text-editor.default\">\n\t\t\t\t<div class=\"elementor-widget-container\">\n\t\t\t\t\t\t\t\t\t<p><span style=\"font-weight: 400;\">As Reuni\u00f5es Pedag\u00f3gicas com Fam\u00edlias apresentam a organiza\u00e7\u00e3o pedag\u00f3gica da etapa, as devolutivas sobre o percurso acad\u00eamico e formativo dos estudantes e as proje\u00e7\u00f5es de aprendizagem para o per\u00edodo seguinte. S\u00e3o encontros que oferecem \u00e0s fam\u00edlias uma vis\u00e3o das metas curriculares e dos processos de acompanhamento escolar.<\/span><\/p><p>6\u00ba ano \u2013 10\/3<br \/>17h30min: 62 e 64 (audit\u00f3rio)<br \/>18h30min: 61 e 63 (audit\u00f3rio)<\/p><p>7\u00ba ano \u2013 10\/3<br \/>17h30min: 71 e 73 (audit\u00f3rio)<br \/>18h30min: 72 (audit\u00f3rio)<\/p><p>8\u00ba ano \u2013 24\/3<br \/>17h30min: 81, 82 e 83 (audit\u00f3rio)<\/p><p>9\u00ba ano \u2013 24\/3<br \/>18h30min: 91 e 92 (audit\u00f3rio)<\/p>\t\t\t\t\t\t\t\t<\/div>\n\t\t\t\t<\/div>\n\t\t\t\t<\/div>\n\t\t\t\t\t<\/div>\n\t\t\t\t<\/div>\n\t\t<div class=\"elementor-element elementor-element-8888836 e-flex e-con-boxed e-con e-child\" data-id=\"8888836\" data-element_type=\"container\" data-e-type=\"container\">\n\t\t\t\t\t<div class=\"e-con-inner\">\n\t\t\t\t<div class=\"elementor-element elementor-element-f0a6abd elementor-widget elementor-widget-heading\" data-id=\"f0a6abd\" data-element_type=\"widget\" data-e-type=\"widget\" data-widget_type=\"heading.default\">\n\t\t\t\t<div class=\"elementor-widget-container\">\n\t\t\t\t\t<h2 class=\"elementor-heading-title elementor-size-default\">Navega\u00e7\u00e3o EF2<\/h2>\t\t\t\t<\/div>\n\t\t\t\t<\/div>\n\t\t<div class=\"elementor-element elementor-element-b65ceb9 e-grid e-con-full e-con e-child\" data-id=\"b65ceb9\" data-element_type=\"container\" data-e-type=\"container\">\n\t\t\t\t<div class=\"elementor-element elementor-element-7eb3347 elementor-widget elementor-widget-html\" data-id=\"7eb3347\" data-element_type=\"widget\" data-e-type=\"widget\" data-widget_type=\"html.default\">\n\t\t\t\t<div class=\"elementor-widget-container\">\n\t\t\t\t\t<a href=\"\/guiaescolar\/ensino-fundamental-2\/horarios\" style=\"text-decoration: none;\">\r\n  <button class=\"comic-button\">Hor\u00e1rios<\/button>\r\n<\/a>\t\t\t\t<\/div>\n\t\t\t\t<\/div>\n\t\t\t\t<div class=\"elementor-element elementor-element-f965946 elementor-widget elementor-widget-html\" data-id=\"f965946\" data-element_type=\"widget\" data-e-type=\"widget\" data-widget_type=\"html.default\">\n\t\t\t\t<div class=\"elementor-widget-container\">\n\t\t\t\t\t<a href=\"\/guiaescolar\/ensino-fundamental-2\/salas-de-aula\/\" style=\"text-decoration: none;\">\r\n  <button class=\"comic-button\">Salas<br>de Aula<\/button>\r\n<\/a>\t\t\t\t<\/div>\n\t\t\t\t<\/div>\n\t\t\t\t<div class=\"elementor-element elementor-element-b4ea986 elementor-widget elementor-widget-html\" data-id=\"b4ea986\" data-element_type=\"widget\" data-e-type=\"widget\" data-widget_type=\"html.default\">\n\t\t\t\t<div class=\"elementor-widget-container\">\n\t\t\t\t\t<a href=\"\/guiaescolar\/ensino-fundamental-2\/entrada-e-saida\" style=\"text-decoration: none;\">\r\n  <button class=\"comic-button\">Entrada<br>e Sa\u00edda<\/button>\r\n<\/a>\t\t\t\t<\/div>\n\t\t\t\t<\/div>\n\t\t\t\t<\/div>\n\t\t<div class=\"elementor-element elementor-element-6784565 e-grid e-con-full e-con e-child\" data-id=\"6784565\" data-element_type=\"container\" data-e-type=\"container\">\n\t\t\t\t<div class=\"elementor-element elementor-element-6e5a8d7 elementor-widget elementor-widget-html\" data-id=\"6e5a8d7\" data-element_type=\"widget\" data-e-type=\"widget\" data-widget_type=\"html.default\">\n\t\t\t\t<div class=\"elementor-widget-container\">\n\t\t\t\t\t<a href=\"\/guiaescolar\/ensino-fundamental-2\/eletivas\" style=\"text-decoration: none;\">\r\n  <button class=\"comic-button\">Eletivas<\/button>\r\n<\/a>\t\t\t\t<\/div>\n\t\t\t\t<\/div>\n\t\t\t\t<div class=\"elementor-element elementor-element-4d776e8 elementor-widget elementor-widget-html\" data-id=\"4d776e8\" data-element_type=\"widget\" data-e-type=\"widget\" data-widget_type=\"html.default\">\n\t\t\t\t<div class=\"elementor-widget-container\">\n\t\t\t\t\t<a href=\"\/guiaescolar\/ensino-fundamental-2\/lista-de-materiais\" style=\"text-decoration: none;\">\r\n  <button class=\"comic-button\">Lista<br>de Materiais<\/button>\r\n<\/a>\t\t\t\t<\/div>\n\t\t\t\t<\/div>\n\t\t\t\t<div class=\"elementor-element elementor-element-f9bdd9b elementor-widget elementor-widget-html\" data-id=\"f9bdd9b\" data-element_type=\"widget\" data-e-type=\"widget\" data-widget_type=\"html.default\">\n\t\t\t\t<div class=\"elementor-widget-container\">\n\t\t\t\t\t<a href=\"\/guiaescolar\/avaliacoes-ef2\" style=\"text-decoration: none;\">\r\n  <button class=\"comic-button\">Avalia\u00e7\u00e3o<\/button>\r\n<\/a>\t\t\t\t<\/div>\n\t\t\t\t<\/div>\n\t\t\t\t<\/div>\n\t\t<div class=\"elementor-element elementor-element-3946151 e-grid e-con-full e-con e-child\" data-id=\"3946151\" data-element_type=\"container\" data-e-type=\"container\">\n\t\t\t\t<div class=\"elementor-element elementor-element-b294b43 elementor-widget elementor-widget-html\" data-id=\"b294b43\" data-element_type=\"widget\" data-e-type=\"widget\" data-widget_type=\"html.default\">\n\t\t\t\t<div class=\"elementor-widget-container\">\n\t\t\t\t\t<a href=\"\/guiaescolar\/ensino-fundamental-2\/plataformas-educacionais\" style=\"text-decoration: none;\">\r\n  <button class=\"comic-button\">Plataformas<br>Educacionais<\/button>\r\n<\/a>\t\t\t\t<\/div>\n\t\t\t\t<\/div>\n\t\t\t\t<div class=\"elementor-element elementor-element-9a9ceb7 elementor-widget elementor-widget-html\" data-id=\"9a9ceb7\" data-element_type=\"widget\" data-e-type=\"widget\" data-widget_type=\"html.default\">\n\t\t\t\t<div class=\"elementor-widget-container\">\n\t\t\t\t\t<a href=\"\/guiaescolar\/ensino-fundamental-2\/saida-de-estudos\" style=\"text-decoration: none;\">\r\n  <button class=\"comic-button\">Sa\u00eddas<br>de Estudos<\/button>\r\n<\/a>\t\t\t\t<\/div>\n\t\t\t\t<\/div>\n\t\t\t\t<div class=\"elementor-element elementor-element-db08499 elementor-widget elementor-widget-html\" data-id=\"db08499\" data-element_type=\"widget\" data-e-type=\"widget\" data-widget_type=\"html.default\">\n\t\t\t\t<div class=\"elementor-widget-container\">\n\t\t\t\t\t<a href=\"\/guiaescolar\/extracurriculares\/\" style=\"text-decoration: none;\">\r\n  <button class=\"comic-button\">Extra-<br>curriculares<\/button>\r\n<\/a>\t\t\t\t<\/div>\n\t\t\t\t<\/div>\n\t\t\t\t<\/div>\n\t\t<div class=\"elementor-element elementor-element-49b8b4c e-grid e-con-full e-con e-child\" data-id=\"49b8b4c\" data-element_type=\"container\" data-e-type=\"container\">\n\t\t\t\t<div class=\"elementor-element elementor-element-756bd74 elementor-widget elementor-widget-html\" data-id=\"756bd74\" data-element_type=\"widget\" data-e-type=\"widget\" data-widget_type=\"html.default\">\n\t\t\t\t<div class=\"elementor-widget-container\">\n\t\t\t\t\t<a href=\"\/guiaescolar\/ensino-fundamental-2\/reunioes-de-turmas\" style=\"text-decoration: none;\">\r\n  <button class=\"comic-button\">Reuni\u00f5es<br> de Turmas<\/button>\r\n<\/a>\t\t\t\t<\/div>\n\t\t\t\t<\/div>\n\t\t\t\t<div class=\"elementor-element elementor-element-bd8d270 elementor-widget elementor-widget-html\" data-id=\"bd8d270\" data-element_type=\"widget\" data-e-type=\"widget\" data-widget_type=\"html.default\">\n\t\t\t\t<div class=\"elementor-widget-container\">\n\t\t\t\t\t<a href=\"\/guiaescolar\/ensino-fundamental-2\/cerimonias-tefilin\" style=\"text-decoration: none;\">\r\n  <button class=\"comic-button\">Cerim\u00f4nias<br>Tefilin<\/button>\r\n<\/a>\t\t\t\t<\/div>\n\t\t\t\t<\/div>\n\t\t\t\t<div class=\"elementor-element elementor-element-342acff elementor-widget elementor-widget-html\" data-id=\"342acff\" data-element_type=\"widget\" data-e-type=\"widget\" data-widget_type=\"html.default\">\n\t\t\t\t<div class=\"elementor-widget-container\">\n\t\t\t\t\t<a href=\"\/guiaescolar\/ensino-fundamental-2\/amo\" style=\"text-decoration: none;\">\r\n  <button class=\"comic-button\">AMO<\/button>\r\n<\/a>\t\t\t\t<\/div>\n\t\t\t\t<\/div>\n\t\t\t\t<\/div>\n\t\t<div class=\"elementor-element elementor-element-52cc3db e-grid e-con-full e-con e-child\" data-id=\"52cc3db\" data-element_type=\"container\" data-e-type=\"container\">\n\t\t\t\t<div class=\"elementor-element elementor-element-061ac6c elementor-widget elementor-widget-html\" data-id=\"061ac6c\" data-element_type=\"widget\" data-e-type=\"widget\" data-widget_type=\"html.default\">\n\t\t\t\t<div class=\"elementor-widget-container\">\n\t\t\t\t\t<a href=\"\/guiaescolar\/ensino-fundamental-2\/planos-de-ensino\" style=\"text-decoration: none;\">\r\n  <button class=\"comic-button\">Planos<br>de Ensino<\/button>\r\n<\/a>\t\t\t\t<\/div>\n\t\t\t\t<\/div>\n\t\t\t\t<div class=\"elementor-element elementor-element-332e58c elementor-widget elementor-widget-html\" data-id=\"332e58c\" data-element_type=\"widget\" data-e-type=\"widget\" data-widget_type=\"html.default\">\n\t\t\t\t<div class=\"elementor-widget-container\">\n\t\t\t\t\t<a href=\"\/guiaescolar\/ensino-fundamental-2\/avaliacoes-externas\" style=\"text-decoration: none;\">\r\n  <button class=\"comic-button\">Avalia\u00e7\u00f5es<br>Externas<\/button>\r\n<\/a>\t\t\t\t<\/div>\n\t\t\t\t<\/div>\n\t\t\t\t<div class=\"elementor-element elementor-element-f839279 elementor-widget elementor-widget-html\" data-id=\"f839279\" data-element_type=\"widget\" data-e-type=\"widget\" data-widget_type=\"html.default\">\n\t\t\t\t<div class=\"elementor-widget-container\">\n\t\t\t\t\t<a href=\"\/guiaescolar\/aee\/\" style=\"text-decoration: none;\">\r\n  <button class=\"comic-button\">AEE<\/button>\r\n<\/a>\t\t\t\t<\/div>\n\t\t\t\t<\/div>\n\t\t\t\t<\/div>\n\t\t\t\t\t<\/div>\n\t\t\t\t<\/div>\n\t\t\t\t<\/div>\n\t\t","protected":false},"excerpt":{"rendered":"<p>Reuni\u00f5es Pedag\u00f3gicas com fam\u00edlias As Reuni\u00f5es Pedag\u00f3gicas com Fam\u00edlias apresentam a organiza\u00e7\u00e3o pedag\u00f3gica da etapa, as devolutivas sobre o percurso acad\u00eamico e formativo dos estudantes e as proje\u00e7\u00f5es de aprendizagem para o per\u00edodo seguinte. S\u00e3o encontros que oferecem \u00e0s fam\u00edlias uma vis\u00e3o das metas curriculares e dos processos de acompanhamento escolar. 6\u00ba ano \u2013 10\/317h30min: [&hellip;]<\/p>\n","protected":false},"author":4,"featured_media":0,"parent":1272,"menu_order":0,"comment_status":"closed","ping_status":"closed","template":"","meta":{"footnotes":""},"class_list":["post-1466","page","type-page","status-publish","hentry"],"_links":{"self":[{"href":"https:\/\/israelitaedu.com.br\/guiaescolar\/wp-json\/wp\/v2\/pages\/1466","targetHints":{"allow":["GET"]}}],"collection":[{"href":"https:\/\/israelitaedu.com.br\/guiaescolar\/wp-json\/wp\/v2\/pages"}],"about":[{"href":"https:\/\/israelitaedu.com.br\/guiaescolar\/wp-json\/wp\/v2\/types\/page"}],"author":[{"embeddable":true,"href":"https:\/\/israelitaedu.com.br\/guiaescolar\/wp-json\/wp\/v2\/users\/4"}],"replies":[{"embeddable":true,"href":"https:\/\/israelitaedu.com.br\/guiaescolar\/wp-json\/wp\/v2\/comments?post=1466"}],"version-history":[{"count":30,"href":"https:\/\/israelitaedu.com.br\/guiaescolar\/wp-json\/wp\/v2\/pages\/1466\/revisions"}],"predecessor-version":[{"id":6936,"href":"https:\/\/israelitaedu.com.br\/guiaescolar\/wp-json\/wp\/v2\/pages\/1466\/revisions\/6936"}],"up":[{"embeddable":true,"href":"https:\/\/israelitaedu.com.br\/guiaescolar\/wp-json\/wp\/v2\/pages\/1272"}],"wp:attachment":[{"href":"https:\/\/israelitaedu.com.br\/guiaescolar\/wp-json\/wp\/v2\/media?parent=1466"}],"curies":[{"name":"wp","href":"https:\/\/api.w.org\/{rel}","templated":true}]}}