{"id":1420,"date":"2025-04-23T10:05:53","date_gmt":"2025-04-23T13:05:53","guid":{"rendered":"https:\/\/israelitaedu.com.br\/guiaescolar\/?page_id=1420"},"modified":"2025-12-01T14:52:26","modified_gmt":"2025-12-01T17:52:26","slug":"extra-curriculares","status":"publish","type":"page","link":"https:\/\/israelitaedu.com.br\/guiaescolar\/ensino-fundamental-2\/extra-curriculares\/","title":{"rendered":"Extracurriculares &#8211; EF2"},"content":{"rendered":"\t\t<div data-elementor-type=\"wp-page\" data-elementor-id=\"1420\" class=\"elementor elementor-1420\" data-elementor-post-type=\"page\">\n\t\t\t\t<div class=\"elementor-element elementor-element-64c489c2 e-flex e-con-boxed e-con e-parent\" data-id=\"64c489c2\" data-element_type=\"container\" data-e-type=\"container\">\n\t\t\t\t\t<div class=\"e-con-inner\">\n\t\t<div class=\"elementor-element elementor-element-3eea1e01 e-con-full e-flex e-con e-child\" data-id=\"3eea1e01\" data-element_type=\"container\" data-e-type=\"container\">\n\t\t\t\t<div class=\"elementor-element elementor-element-3c394167 elementor-widget elementor-widget-heading\" data-id=\"3c394167\" data-element_type=\"widget\" data-e-type=\"widget\" data-widget_type=\"heading.default\">\n\t\t\t\t<div class=\"elementor-widget-container\">\n\t\t\t\t\t<h2 class=\"elementor-heading-title elementor-size-default\">Forma\u00e7\u00e3o Complementar \/ Extracurriculares\n<\/h2>\t\t\t\t<\/div>\n\t\t\t\t<\/div>\n\t\t\t\t<div class=\"elementor-element elementor-element-276b676 elementor-widget elementor-widget-image\" data-id=\"276b676\" data-element_type=\"widget\" data-e-type=\"widget\" data-widget_type=\"image.default\">\n\t\t\t\t<div class=\"elementor-widget-container\">\n\t\t\t\t\t\t\t\t\t\t\t\t\t\t\t<img fetchpriority=\"high\" decoding=\"async\" width=\"800\" height=\"534\" src=\"https:\/\/israelitaedu.com.br\/guiaescolar\/wp-content\/uploads\/2025\/04\/IMG_3715-scaled-1-1024x683.jpg\" class=\"attachment-large size-large wp-image-1445\" alt=\"\" srcset=\"https:\/\/israelitaedu.com.br\/guiaescolar\/wp-content\/uploads\/2025\/04\/IMG_3715-scaled-1-1024x683.jpg 1024w, https:\/\/israelitaedu.com.br\/guiaescolar\/wp-content\/uploads\/2025\/04\/IMG_3715-scaled-1-300x200.jpg 300w, https:\/\/israelitaedu.com.br\/guiaescolar\/wp-content\/uploads\/2025\/04\/IMG_3715-scaled-1-768x512.jpg 768w, https:\/\/israelitaedu.com.br\/guiaescolar\/wp-content\/uploads\/2025\/04\/IMG_3715-scaled-1-1536x1024.jpg 1536w, https:\/\/israelitaedu.com.br\/guiaescolar\/wp-content\/uploads\/2025\/04\/IMG_3715-scaled-1-2048x1366.jpg 2048w\" sizes=\"(max-width: 800px) 100vw, 800px\" \/>\t\t\t\t\t\t\t\t\t\t\t\t\t\t\t<\/div>\n\t\t\t\t<\/div>\n\t\t\t\t<div class=\"elementor-element elementor-element-24b4a84 elementor-widget elementor-widget-text-editor\" data-id=\"24b4a84\" data-element_type=\"widget\" data-e-type=\"widget\" data-widget_type=\"text-editor.default\">\n\t\t\t\t<div class=\"elementor-widget-container\">\n\t\t\t\t\t\t\t\t\t<p><span style=\"font-weight: 400;\">As atividades extracurriculares do Ensino Fundamental 2 ocorrem de segunda a quinta-feira, das <\/span><b>15h40 \u00e0s 17h50<\/b><span style=\"font-weight: 400;\">, ampliando a experi\u00eancia educativa dos estudantes com propostas que favorecem express\u00e3o, movimento, cria\u00e7\u00e3o e desenvolvimento de interesses pessoais.<\/span><\/p><p>\u00a0<\/p><p><span style=\"font-weight: 400;\">As modalidades incluem <\/span><b>Gin\u00e1stica Art\u00edstica e R\u00edtmica, Jud\u00f4, Futebol, Patina\u00e7\u00e3o, M\u00fasica<\/b><span style=\"font-weight: 400;\">, entre outras conduzidas por profissionais especializados. As ofertas anuais podem ser consultadas no <\/span><b>cronograma de atividades<\/b><span style=\"font-weight: 400;\">.<\/span><\/p>\t\t\t\t\t\t\t\t<\/div>\n\t\t\t\t<\/div>\n\t\t<div class=\"elementor-element elementor-element-9cbf1bf e-con-full e-flex e-con e-child\" data-id=\"9cbf1bf\" data-element_type=\"container\" data-e-type=\"container\">\n\t\t\t\t<div class=\"elementor-element elementor-element-8a7fb43 elementor-widget elementor-widget-html\" data-id=\"8a7fb43\" data-element_type=\"widget\" data-e-type=\"widget\" data-widget_type=\"html.default\">\n\t\t\t\t<div class=\"elementor-widget-container\">\n\t\t\t\t\t<a href=\"https:\/\/israelitaedu.com.br\/marketing\/extracurriculares-2025\/\" style=\"text-decoration: none;\">\r\n  <button class=\"comic-button-e\">Cronograma e Ofertas<\/button>\r\n<\/a>\r\n\t\t\t\t<\/div>\n\t\t\t\t<\/div>\n\t\t\t\t<\/div>\n\t\t\t\t<\/div>\n\t\t<div class=\"elementor-element elementor-element-60e122f e-con-full e-flex e-con e-child\" data-id=\"60e122f\" data-element_type=\"container\" data-e-type=\"container\">\n\t\t\t\t<div class=\"elementor-element elementor-element-125f195f elementor-widget elementor-widget-text-editor\" data-id=\"125f195f\" data-element_type=\"widget\" data-e-type=\"widget\" data-widget_type=\"text-editor.default\">\n\t\t\t\t<div class=\"elementor-widget-container\">\n\t\t\t\t\t\t\t\t\t<p><b>Matr\u00edculas<\/b><b><br \/><\/b><span style=\"font-weight: 400;\"> As matr\u00edculas estar\u00e3o abertas de <\/span><b>6 a 10 de janeiro<\/b><span style=\"font-weight: 400;\"> e podem ser realizadas pelo <\/span><b>Portal dos Pais<\/b><span style=\"font-weight: 400;\"> ou pelo <\/span><b>Aplicativo<\/b><span style=\"font-weight: 400;\">. As vagas s\u00e3o limitadas e organizadas por faixa et\u00e1ria.<\/span><span style=\"font-weight: 400;\"><br \/><\/span><span style=\"font-weight: 400;\">Ap\u00f3s esse per\u00edodo, as inscri\u00e7\u00f5es podem ser feitas na Secretaria Escolar ou pelo <\/span><b>Aplicativo<\/b><span style=\"font-weight: 400;\"> (Canal Atividades Extracurriculares).<\/span><\/p><p><span style=\"font-weight: 400;\">Para efetivar a inscri\u00e7\u00e3o nas atividades, \u00e9 necess\u00e1rio que a <\/span><b>rematr\u00edcula (ou matr\u00edcula para novos estudantes)<\/b><span style=\"font-weight: 400;\"> esteja conclu\u00edda.<\/span><\/p>\t\t\t\t\t\t\t\t<\/div>\n\t\t\t\t<\/div>\n\t\t\t\t<\/div>\n\t\t\t\t\t<\/div>\n\t\t\t\t<\/div>\n\t\t<div class=\"elementor-element elementor-element-1c528ca e-flex e-con-boxed e-con e-child\" data-id=\"1c528ca\" data-element_type=\"container\" data-e-type=\"container\">\n\t\t\t\t\t<div class=\"e-con-inner\">\n\t\t\t\t<div class=\"elementor-element elementor-element-5acff28 elementor-widget elementor-widget-heading\" data-id=\"5acff28\" data-element_type=\"widget\" data-e-type=\"widget\" data-widget_type=\"heading.default\">\n\t\t\t\t<div class=\"elementor-widget-container\">\n\t\t\t\t\t<h2 class=\"elementor-heading-title elementor-size-default\">Navega\u00e7\u00e3o EF2<\/h2>\t\t\t\t<\/div>\n\t\t\t\t<\/div>\n\t\t<div class=\"elementor-element elementor-element-87e8b78 e-grid e-con-full e-con e-child\" data-id=\"87e8b78\" data-element_type=\"container\" data-e-type=\"container\">\n\t\t\t\t<div class=\"elementor-element elementor-element-87ab3eb elementor-widget elementor-widget-html\" data-id=\"87ab3eb\" data-element_type=\"widget\" data-e-type=\"widget\" data-widget_type=\"html.default\">\n\t\t\t\t<div class=\"elementor-widget-container\">\n\t\t\t\t\t<a href=\"\/guiaescolar\/ensino-fundamental-2\/horarios\" style=\"text-decoration: none;\">\r\n  <button class=\"comic-button\">Hor\u00e1rios<\/button>\r\n<\/a>\t\t\t\t<\/div>\n\t\t\t\t<\/div>\n\t\t\t\t<div class=\"elementor-element elementor-element-743adce elementor-widget elementor-widget-html\" data-id=\"743adce\" data-element_type=\"widget\" data-e-type=\"widget\" data-widget_type=\"html.default\">\n\t\t\t\t<div class=\"elementor-widget-container\">\n\t\t\t\t\t<a href=\"\/guiaescolar\/ensino-fundamental-2\/salas-de-aula\/\" style=\"text-decoration: none;\">\r\n  <button class=\"comic-button\">Salas<br>de Aula<\/button>\r\n<\/a>\t\t\t\t<\/div>\n\t\t\t\t<\/div>\n\t\t\t\t<div class=\"elementor-element elementor-element-90c662c elementor-widget elementor-widget-html\" data-id=\"90c662c\" data-element_type=\"widget\" data-e-type=\"widget\" data-widget_type=\"html.default\">\n\t\t\t\t<div class=\"elementor-widget-container\">\n\t\t\t\t\t<a href=\"\/guiaescolar\/ensino-fundamental-2\/entrada-e-saida\" style=\"text-decoration: none;\">\r\n  <button class=\"comic-button\">Entrada<br>e Sa\u00edda<\/button>\r\n<\/a>\t\t\t\t<\/div>\n\t\t\t\t<\/div>\n\t\t\t\t<\/div>\n\t\t<div class=\"elementor-element elementor-element-3b18b1b e-grid e-con-full e-con e-child\" data-id=\"3b18b1b\" data-element_type=\"container\" data-e-type=\"container\">\n\t\t\t\t<div class=\"elementor-element elementor-element-a2bc321 elementor-widget elementor-widget-html\" data-id=\"a2bc321\" data-element_type=\"widget\" data-e-type=\"widget\" data-widget_type=\"html.default\">\n\t\t\t\t<div class=\"elementor-widget-container\">\n\t\t\t\t\t<a href=\"\/guiaescolar\/ensino-fundamental-2\/eletivas\" style=\"text-decoration: none;\">\r\n  <button class=\"comic-button\">Eletivas<\/button>\r\n<\/a>\t\t\t\t<\/div>\n\t\t\t\t<\/div>\n\t\t\t\t<div class=\"elementor-element elementor-element-4b3e15a elementor-widget elementor-widget-html\" data-id=\"4b3e15a\" data-element_type=\"widget\" data-e-type=\"widget\" data-widget_type=\"html.default\">\n\t\t\t\t<div class=\"elementor-widget-container\">\n\t\t\t\t\t<a href=\"\/guiaescolar\/ensino-fundamental-2\/lista-de-materiais\" style=\"text-decoration: none;\">\r\n  <button class=\"comic-button\">Lista<br>de Materiais<\/button>\r\n<\/a>\t\t\t\t<\/div>\n\t\t\t\t<\/div>\n\t\t\t\t<div class=\"elementor-element elementor-element-bf6ce6a elementor-widget elementor-widget-html\" data-id=\"bf6ce6a\" data-element_type=\"widget\" data-e-type=\"widget\" data-widget_type=\"html.default\">\n\t\t\t\t<div class=\"elementor-widget-container\">\n\t\t\t\t\t<a href=\"\/guiaescolar\/avaliacoes-ef2\" style=\"text-decoration: none;\">\r\n  <button class=\"comic-button\">Avalia\u00e7\u00e3o<\/button>\r\n<\/a>\t\t\t\t<\/div>\n\t\t\t\t<\/div>\n\t\t\t\t<\/div>\n\t\t<div class=\"elementor-element elementor-element-4ac5797 e-grid e-con-full e-con e-child\" data-id=\"4ac5797\" data-element_type=\"container\" data-e-type=\"container\">\n\t\t\t\t<div class=\"elementor-element elementor-element-e241ca2 elementor-widget elementor-widget-html\" data-id=\"e241ca2\" data-element_type=\"widget\" data-e-type=\"widget\" data-widget_type=\"html.default\">\n\t\t\t\t<div class=\"elementor-widget-container\">\n\t\t\t\t\t<a href=\"\/guiaescolar\/ensino-fundamental-2\/extra-curriculares\" style=\"text-decoration: none;\">\r\n  <button class=\"comic-button\">Extra-<br>curriculares<\/button>\r\n<\/a>\t\t\t\t<\/div>\n\t\t\t\t<\/div>\n\t\t\t\t<div class=\"elementor-element elementor-element-38e00b2 elementor-widget elementor-widget-html\" data-id=\"38e00b2\" data-element_type=\"widget\" data-e-type=\"widget\" data-widget_type=\"html.default\">\n\t\t\t\t<div class=\"elementor-widget-container\">\n\t\t\t\t\t<a href=\"\/guiaescolar\/ensino-fundamental-2\/plataformas-educacionais\" style=\"text-decoration: none;\">\r\n  <button class=\"comic-button\">Plataformas<br>Educacionais<\/button>\r\n<\/a>\t\t\t\t<\/div>\n\t\t\t\t<\/div>\n\t\t\t\t<div class=\"elementor-element elementor-element-e6793a7 elementor-widget elementor-widget-html\" data-id=\"e6793a7\" data-element_type=\"widget\" data-e-type=\"widget\" data-widget_type=\"html.default\">\n\t\t\t\t<div class=\"elementor-widget-container\">\n\t\t\t\t\t<a href=\"\/guiaescolar\/ensino-fundamental-2\/saida-de-estudos\" style=\"text-decoration: none;\">\r\n  <button class=\"comic-button\">Sa\u00eddas<br>de Estudos<\/button>\r\n<\/a>\t\t\t\t<\/div>\n\t\t\t\t<\/div>\n\t\t\t\t<\/div>\n\t\t<div class=\"elementor-element elementor-element-f65a885 e-grid e-con-full e-con e-child\" data-id=\"f65a885\" data-element_type=\"container\" data-e-type=\"container\">\n\t\t\t\t<div class=\"elementor-element elementor-element-32652a4 elementor-widget elementor-widget-html\" data-id=\"32652a4\" data-element_type=\"widget\" data-e-type=\"widget\" data-widget_type=\"html.default\">\n\t\t\t\t<div class=\"elementor-widget-container\">\n\t\t\t\t\t<a href=\"\/guiaescolar\/ensino-fundamental-2\/reunioes-de-turmas\" style=\"text-decoration: none;\">\r\n  <button class=\"comic-button\">Reuni\u00f5es<br> de Turmas<\/button>\r\n<\/a>\t\t\t\t<\/div>\n\t\t\t\t<\/div>\n\t\t\t\t<div class=\"elementor-element elementor-element-b3a962e elementor-widget elementor-widget-html\" data-id=\"b3a962e\" data-element_type=\"widget\" data-e-type=\"widget\" data-widget_type=\"html.default\">\n\t\t\t\t<div class=\"elementor-widget-container\">\n\t\t\t\t\t<a href=\"\/guiaescolar\/ensino-fundamental-2\/cerimonias-tefilin\" style=\"text-decoration: none;\">\r\n  <button class=\"comic-button\">Cerim\u00f4nias<br>Tefilin<\/button>\r\n<\/a>\t\t\t\t<\/div>\n\t\t\t\t<\/div>\n\t\t\t\t<div class=\"elementor-element elementor-element-e28f0ec elementor-widget elementor-widget-html\" data-id=\"e28f0ec\" data-element_type=\"widget\" data-e-type=\"widget\" data-widget_type=\"html.default\">\n\t\t\t\t<div class=\"elementor-widget-container\">\n\t\t\t\t\t<a href=\"\/guiaescolar\/ensino-fundamental-2\/amo\" style=\"text-decoration: none;\">\r\n  <button class=\"comic-button\">AMO<\/button>\r\n<\/a>\t\t\t\t<\/div>\n\t\t\t\t<\/div>\n\t\t\t\t<\/div>\n\t\t<div class=\"elementor-element elementor-element-9e49619 e-grid e-con-full e-con e-child\" data-id=\"9e49619\" data-element_type=\"container\" data-e-type=\"container\">\n\t\t\t\t<div class=\"elementor-element elementor-element-aa9699a elementor-widget elementor-widget-html\" data-id=\"aa9699a\" data-element_type=\"widget\" data-e-type=\"widget\" data-widget_type=\"html.default\">\n\t\t\t\t<div class=\"elementor-widget-container\">\n\t\t\t\t\t<a href=\"\/guiaescolar\/ensino-fundamental-2\/planos-de-ensino\" style=\"text-decoration: none;\">\r\n  <button class=\"comic-button\">Planos<br>de Ensino<\/button>\r\n<\/a>\t\t\t\t<\/div>\n\t\t\t\t<\/div>\n\t\t\t\t<div class=\"elementor-element elementor-element-a6b3412 elementor-widget elementor-widget-html\" data-id=\"a6b3412\" data-element_type=\"widget\" data-e-type=\"widget\" data-widget_type=\"html.default\">\n\t\t\t\t<div class=\"elementor-widget-container\">\n\t\t\t\t\t<a href=\"\/guiaescolar\/ensino-fundamental-2\/avaliacoes-externas\" style=\"text-decoration: none;\">\r\n  <button class=\"comic-button\">Avalia\u00e7\u00f5es<br>Externas<\/button>\r\n<\/a>\t\t\t\t<\/div>\n\t\t\t\t<\/div>\n\t\t\t\t<div class=\"elementor-element elementor-element-d146b1b elementor-widget elementor-widget-html\" data-id=\"d146b1b\" data-element_type=\"widget\" data-e-type=\"widget\" data-widget_type=\"html.default\">\n\t\t\t\t<div class=\"elementor-widget-container\">\n\t\t\t\t\t<a href=\"\/guiaescolar\/aee\/\" style=\"text-decoration: none;\">\r\n  <button class=\"comic-button\">AEE<\/button>\r\n<\/a>\t\t\t\t<\/div>\n\t\t\t\t<\/div>\n\t\t\t\t<\/div>\n\t\t\t\t\t<\/div>\n\t\t\t\t<\/div>\n\t\t\t\t<\/div>\n\t\t","protected":false},"excerpt":{"rendered":"<p>Forma\u00e7\u00e3o Complementar \/ Extracurriculares As atividades extracurriculares do Ensino Fundamental 2 ocorrem de segunda a quinta-feira, das 15h40 \u00e0s 17h50, ampliando a experi\u00eancia educativa dos estudantes com propostas que favorecem express\u00e3o, movimento, cria\u00e7\u00e3o e desenvolvimento de interesses pessoais. \u00a0 As modalidades incluem Gin\u00e1stica Art\u00edstica e R\u00edtmica, Jud\u00f4, Futebol, Patina\u00e7\u00e3o, M\u00fasica, entre outras conduzidas por profissionais [&hellip;]<\/p>\n","protected":false},"author":6,"featured_media":0,"parent":1272,"menu_order":0,"comment_status":"closed","ping_status":"closed","template":"","meta":{"footnotes":""},"class_list":["post-1420","page","type-page","status-publish","hentry"],"_links":{"self":[{"href":"https:\/\/israelitaedu.com.br\/guiaescolar\/wp-json\/wp\/v2\/pages\/1420","targetHints":{"allow":["GET"]}}],"collection":[{"href":"https:\/\/israelitaedu.com.br\/guiaescolar\/wp-json\/wp\/v2\/pages"}],"about":[{"href":"https:\/\/israelitaedu.com.br\/guiaescolar\/wp-json\/wp\/v2\/types\/page"}],"author":[{"embeddable":true,"href":"https:\/\/israelitaedu.com.br\/guiaescolar\/wp-json\/wp\/v2\/users\/6"}],"replies":[{"embeddable":true,"href":"https:\/\/israelitaedu.com.br\/guiaescolar\/wp-json\/wp\/v2\/comments?post=1420"}],"version-history":[{"count":18,"href":"https:\/\/israelitaedu.com.br\/guiaescolar\/wp-json\/wp\/v2\/pages\/1420\/revisions"}],"predecessor-version":[{"id":5596,"href":"https:\/\/israelitaedu.com.br\/guiaescolar\/wp-json\/wp\/v2\/pages\/1420\/revisions\/5596"}],"up":[{"embeddable":true,"href":"https:\/\/israelitaedu.com.br\/guiaescolar\/wp-json\/wp\/v2\/pages\/1272"}],"wp:attachment":[{"href":"https:\/\/israelitaedu.com.br\/guiaescolar\/wp-json\/wp\/v2\/media?parent=1420"}],"curies":[{"name":"wp","href":"https:\/\/api.w.org\/{rel}","templated":true}]}}