{"id":1396,"date":"2025-04-23T09:43:24","date_gmt":"2025-04-23T12:43:24","guid":{"rendered":"https:\/\/israelitaedu.com.br\/guiaescolar\/?page_id=1396"},"modified":"2026-02-12T18:10:15","modified_gmt":"2026-02-12T21:10:15","slug":"8-ano","status":"publish","type":"page","link":"https:\/\/israelitaedu.com.br\/guiaescolar\/ensino-fundamental-2\/lista-de-materiais\/8-ano\/","title":{"rendered":"Lista de Materiais \u2013 8\u00ba ano"},"content":{"rendered":"\t\t<div data-elementor-type=\"wp-page\" data-elementor-id=\"1396\" class=\"elementor elementor-1396\" data-elementor-post-type=\"page\">\n\t\t\t\t<div class=\"elementor-element elementor-element-5c2beac e-flex e-con-boxed e-con e-parent\" data-id=\"5c2beac\" data-element_type=\"container\" data-e-type=\"container\">\n\t\t\t\t\t<div class=\"e-con-inner\">\n\t\t<div class=\"elementor-element elementor-element-33479bb4 e-con-full e-flex e-con e-child\" data-id=\"33479bb4\" data-element_type=\"container\" data-e-type=\"container\">\n\t\t\t\t<div class=\"elementor-element elementor-element-2d63e8fe elementor-widget elementor-widget-heading\" data-id=\"2d63e8fe\" data-element_type=\"widget\" data-e-type=\"widget\" data-widget_type=\"heading.default\">\n\t\t\t\t<div class=\"elementor-widget-container\">\n\t\t\t\t\t<h2 class=\"elementor-heading-title elementor-size-default\"><div data-id=\"a26a182\" data-element_type=\"widget\" data-widget_type=\"text-editor.default\" style=\"align-self: auto;flex: 0 1 auto;align-items: normal;flex-flow: row;gap: 20px;--widgets-spacing: 20px 20px;--widgets-spacing-row: 20px;--widgets-spacing-column: 20px;, sans-serif;font-weight: 900;--kit-widget-spacing: 0px;margin: 0px 0px -15px;line-height: 41px;max-width: 100%\"><p>Lista de Materiais<br><span style=\"font-size: 36px;font-weight: 400\">8\u00ba ano<\/span><span><\/span><\/p><\/div><\/h2>\t\t\t\t<\/div>\n\t\t\t\t<\/div>\n\t\t\t\t<div class=\"elementor-element elementor-element-156c07e5 elementor-widget elementor-widget-text-editor\" data-id=\"156c07e5\" data-element_type=\"widget\" data-e-type=\"widget\" data-widget_type=\"text-editor.default\">\n\t\t\t\t<div class=\"elementor-widget-container\">\n\t\t\t\t\t\t\t\t\t<p>Os materiais escolares adotados para 2026 estar\u00e3o dispon\u00edveis para venda na loja Letral, localizada na escola.\u00a0<strong>Em raz\u00e3o de obras, a loja estar\u00e1 temporariamente localizada na Sala de M\u00fasica. <\/strong>Informa\u00e7\u00f5es e or\u00e7amentos pelo WhatsApp 51 9819-9186.\u00a0<\/p><p><span style=\"font-weight: 400;\">Caso a fam\u00edlia prefira, poder\u00e1 adquirir o material em outro estabelecimento at\u00e9 o in\u00edcio do ano letivo.\u00a0<\/span><\/p>\t\t\t\t\t\t\t\t<\/div>\n\t\t\t\t<\/div>\n\t\t\t\t<\/div>\n\t\t<div class=\"elementor-element elementor-element-193c51b e-con-full forcar-cor-texto-preto e-flex e-con e-child\" data-id=\"193c51b\" data-element_type=\"container\" data-e-type=\"container\" data-settings=\"{&quot;background_background&quot;:&quot;classic&quot;}\">\n\t\t<div class=\"elementor-element elementor-element-334ff9f2 e-con-full e-flex e-con e-child\" data-id=\"334ff9f2\" data-element_type=\"container\" data-e-type=\"container\">\n\t\t\t\t<div class=\"elementor-element elementor-element-e780fdc elementor-widget elementor-widget-heading\" data-id=\"e780fdc\" data-element_type=\"widget\" data-e-type=\"widget\" data-widget_type=\"heading.default\">\n\t\t\t\t<div class=\"elementor-widget-container\">\n\t\t\t\t\t<h2 class=\"elementor-heading-title elementor-size-default\"><span style=\"color: rgb#6EC1E4;font-size: 26px;text-align: center\">ITENS DIVERSOS<\/span><\/h2>\t\t\t\t<\/div>\n\t\t\t\t<\/div>\n\t\t\t\t<div class=\"elementor-element elementor-element-21f60d1 elementor-widget elementor-widget-text-editor\" data-id=\"21f60d1\" data-element_type=\"widget\" data-e-type=\"widget\" data-widget_type=\"text-editor.default\">\n\t\t\t\t<div class=\"elementor-widget-container\">\n\t\t\t\t\t\t\t\t\t<p><span style=\"font-weight: 400;\">\u00c9 de responsabilidade do aluno manter a mochila e\/ou o locker diariamente organizados com:\u00a0\u00a0<\/span><\/p><p><span style=\"font-weight: 400;\">\u2013 Caderno(s) para 6 componentes curriculares<\/span><\/p><p><span style=\"font-weight: 400;\">\u2013 L\u00e1pis<\/span><\/p><p><span style=\"font-weight: 400;\">\u2013 Canetas<\/span><\/p><p><span style=\"font-weight: 400;\">\u2013 Apontador<\/span><\/p><p><span style=\"font-weight: 400;\">\u2013 Cola bast\u00e3o<\/span><\/p><p><span style=\"font-weight: 400;\">\u2013 Tesoura de ponta redonda<\/span><\/p><p><span style=\"font-weight: 400;\">\u2013 1 caixa de l\u00e1pis de cor 12 cores<\/span><\/p><p><span style=\"font-weight: 400;\">\u2013 1 estojo de canetas hidrocor 12 cores<\/span><\/p><p><span style=\"font-weight: 400;\">\u2013 Kip\u00e1 \u2013 somente para os meninos (dispon\u00edvel com a equipe de Educa\u00e7\u00e3o Judaica)<\/span><\/p><p><span style=\"font-weight: 400;\">\u2013 1 caderno\/di\u00e1rio para estudos liter\u00e1rios<\/span><\/p><p><span style=\"font-weight: 400;\">\u2013 1 pasta pl\u00e1stica com el\u00e1stico (para temas)<\/span><\/p><p><span style=\"font-weight: 400;\">\u2013 1 pasta cat\u00e1logo A4 com 10 sacos (para produ\u00e7\u00e3o textual)<\/span><\/p>\t\t\t\t\t\t\t\t<\/div>\n\t\t\t\t<\/div>\n\t\t\t\t<div class=\"elementor-element elementor-element-6c353b5 elementor-widget elementor-widget-heading\" data-id=\"6c353b5\" data-element_type=\"widget\" data-e-type=\"widget\" data-widget_type=\"heading.default\">\n\t\t\t\t<div class=\"elementor-widget-container\">\n\t\t\t\t\t<h2 class=\"elementor-heading-title elementor-size-default\"><span style=\"color: rgb#6EC1E4;font-size: 26px;text-align: center\">ITENS DIVERSOS POR&nbsp;<\/span><br style=\"color: rgb#6EC1E4;font-size: 26px;text-align: center\"><span style=\"color: rgb#6EC1E4;font-size: 26px;text-align: center\">COMPONENTE CURRICULAR<\/span><\/h2>\t\t\t\t<\/div>\n\t\t\t\t<\/div>\n\t\t\t\t<div class=\"elementor-element elementor-element-3e0ab8e elementor-widget elementor-widget-text-editor\" data-id=\"3e0ab8e\" data-element_type=\"widget\" data-e-type=\"widget\" data-widget_type=\"text-editor.default\">\n\t\t\t\t<div class=\"elementor-widget-container\">\n\t\t\t\t\t\t\t\t\t<p><b>Artes (<em>Se o estudante confirmar matr\u00edcula nas eletivas de Artes Pl\u00e1sticas<\/em>)<\/b><\/p><p><span style=\"font-weight: 400;\">\u2013 1 l\u00e1pis 4 ou 4B<\/span><\/p><p><span style=\"font-weight: 400;\">\u2013 1 borracha slim<\/span><\/p><p><span style=\"font-weight: 400;\">\u2013 1 esfuminho #1 ou #3\u00a0<\/span><\/p><p><b>Matem\u00e1tica\u00a0\u00a0<\/b><\/p><p><span style=\"font-weight: 400;\">\u2013 50 folhas de papel quadriculado (entregar na coordena\u00e7\u00e3o no primeiro dia de aula<\/span><\/p><p><span style=\"font-weight: 400;\">\u2013 1 pasta de arquivo com el\u00e1stico<\/span><\/p><p><span style=\"font-weight: 400;\">\u2013 1 jogo de esquadros<\/span><\/p><p><span style=\"font-weight: 400;\">\u2013 1 transferidor<\/span><\/p><p><span style=\"font-weight: 400;\">\u2013 1 r\u00e9gua de 30cm<\/span><\/p><p><b>Ci\u00eancias<\/b><span style=\"font-weight: 400;\">\u00a0\u00a0<\/span><\/p><p><span style=\"font-weight: 400;\">\u2013 1 jaleco branco 100% algod\u00e3o, manga comprida, na altura do joelho, preferencialmente com el\u00e1stico nos punhos e fechamento com bot\u00f5es na frente.<\/span><\/p>\t\t\t\t\t\t\t\t<\/div>\n\t\t\t\t<\/div>\n\t\t\t\t<div class=\"elementor-element elementor-element-9784558 elementor-widget elementor-widget-heading\" data-id=\"9784558\" data-element_type=\"widget\" data-e-type=\"widget\" data-widget_type=\"heading.default\">\n\t\t\t\t<div class=\"elementor-widget-container\">\n\t\t\t\t\t<h2 class=\"elementor-heading-title elementor-size-default\"><span class=\"TextRun SCXW42532137 BCX0\" lang=\"PT-BR\" xml:lang=\"PT-BR\" data-contrast=\"auto\" style=\"font-size: 26px;text-align: center\">PLATAFORMAS DE&nbsp;<br>APRENDIZAGEM<br>E LIVRO DID\u00c1TICO<\/span><span class=\"EOP SCXW42532137 BCX0\" data-ccp-props=\"{&quot;134233118&quot;:false,&quot;335551550&quot;:6,&quot;335551620&quot;:6,&quot;335559739&quot;:0}\" style=\"font-size: 26px;text-align: center\">&nbsp;<\/span><\/h2>\t\t\t\t<\/div>\n\t\t\t\t<\/div>\n\t\t\t\t<div class=\"elementor-element elementor-element-46e187d elementor-widget elementor-widget-text-editor\" data-id=\"46e187d\" data-element_type=\"widget\" data-e-type=\"widget\" data-widget_type=\"text-editor.default\">\n\t\t\t\t<div class=\"elementor-widget-container\">\n\t\t\t\t\t\t\t\t\t<p><b>Educa\u00e7\u00e3o Tecnol\u00f3gica <\/b><span style=\"font-weight: 400;\">\u00a0<\/span><\/p><p><span style=\"font-weight: 400;\">\u2013 Plataforma Construct 3 (ser\u00e1 utilizada no 8\u00ba e 9\u00ba ano): Plataforma para cria\u00e7\u00e3o de jogos. O investimento de R$35,00 por aluno (anual) <\/span><b>ser\u00e1 inclu\u00eddo no valor de cobran\u00e7a da mensalidade<\/b><span style=\"font-weight: 400;\">.\u00a0<\/span><\/p><p style=\"color: #ffffff; font-family: 'Albert Sans', sans-serif;\">\u00a0<\/p><p><b>Cultura Judaica\u00a0<\/b><\/p><p><span style=\"font-weight: 400;\">\u2013 Plataforma virtual de Ensino de Hebraico: Produ\u00e7\u00e3o americana e israelense, denominada <\/span><b>Bishvil HaIvrit (Caminho do Hebraico)<\/b><span style=\"font-weight: 400;\">. Consiste num programa adequado para a faixa et\u00e1ria, fazendo uso de sofisticados materiais digitais interativos. Visando facilitar a log\u00edstica das fam\u00edlias, <\/span><b>o valor da assinatura anual da plataforma Bishvil Halvrit ser\u00e1 inclu\u00eddo no boleto de cobran\u00e7a da mensalidade com vencimento no m\u00eas de mar\u00e7o.\u00a0<\/b><\/p>\t\t\t\t\t\t\t\t<\/div>\n\t\t\t\t<\/div>\n\t\t\t\t<div class=\"elementor-element elementor-element-b224b6c elementor-widget elementor-widget-heading\" data-id=\"b224b6c\" data-element_type=\"widget\" data-e-type=\"widget\" data-widget_type=\"heading.default\">\n\t\t\t\t<div class=\"elementor-widget-container\">\n\t\t\t\t\t<h2 class=\"elementor-heading-title elementor-size-default\"><span class=\"TextRun SCXW123590199 BCX0\" lang=\"PT-BR\" xml:lang=\"PT-BR\" data-contrast=\"auto\" style=\"color: rgb;font-size: 26px;text-align: center\">MATERIAIS LITER\u00c1RIOS E DID\u00c1TICOS<\/span><\/h2>\t\t\t\t<\/div>\n\t\t\t\t<\/div>\n\t\t\t\t<div class=\"elementor-element elementor-element-cdedba7 elementor-widget elementor-widget-text-editor\" data-id=\"cdedba7\" data-element_type=\"widget\" data-e-type=\"widget\" data-widget_type=\"text-editor.default\">\n\t\t\t\t<div class=\"elementor-widget-container\">\n\t\t\t\t\t\t\t\t\t<p><b>Kit autoral de material did\u00e1tico: <\/b><span style=\"font-weight: 400;\">composto por mapa mental de estudos, livro guia, livreto da \u00e1rea do conhecimento e cards de memoriza\u00e7\u00e3o. O material ser\u00e1 entregue no in\u00edcio de cada um dos semestres, diretamente aos estudantes.\u00a0<\/span><\/p><p>A aquisi\u00e7\u00e3o deve ser feita no site do fornecedor, clicando <strong><a href=\"https:\/\/israelita.editorafractal.com.br\/\">neste link.<\/a><\/strong><\/p><p>Os materiais referentes ao kit do primeiro semestre ser\u00e3o entregues, gradativamente, at\u00e9 a primeira quinzena de abril.<\/p><p>\u00a0<\/p><p><b>L\u00edngua Inglesa\u00a0\u00a0<\/b><\/p><p><span style=\"font-weight: 400;\">\u2013 Harmonize 4 Student\u2019s Book, Oxford<\/span><\/p><p>Dispon\u00edvel para compra\u00a0<strong><a href=\"https:\/\/www.apagina.com.br\/convenios\/colegio-israelita-brasileiro-porto-alegre?sc=3\">neste link<\/a>.<\/strong><\/p><p>Senha do token: israelita2026<\/p><p><b>Cultura Judaica\u00a0<\/b><\/p><p><span style=\"font-weight: 400;\">\u2013 1\u00ba semestre:<\/span><\/p><p><span style=\"font-weight: 400;\">\u201cUma Garrafa no Mar de Gaza\u201d, Val\u00e9rie Zenatti, Editora Companhia das Letras<\/span><\/p><p><span style=\"font-weight: 400;\">\u00a0\u2013 2\u00ba semestre:<\/span><\/p><p><span style=\"font-weight: 400;\">\u201cO segredo do orat\u00f3rio\u201d, Luiza Valente, Editora Record\u00a0<\/span><\/p><p><b>L\u00edngua Portuguesa<\/b><\/p><p><span style=\"font-weight: 400;\">\u2013 1\u00ba semestre<\/span><\/p><p><span style=\"font-weight: 400;\">\u201cAcademia dos casos arquivados\u201d, Jennifer Lynn Barnes, Editora Alt.<\/span><\/p><p><span style=\"font-weight: 400;\">\u201cSenhor das moscas\u201d, William Golding, Companhia das Letras. Selo Alfaguara.<\/span><\/p><p><span style=\"font-weight: 400;\">\u201cLegend: A verdade se tornar\u00e1 lenda\u201d, Marie Lu, Editora Rocco Jovens Leitores<\/span><\/p><p><span style=\"font-weight: 400;\">\u2013 2\u00ba semestre:<\/span><\/p><p><span style=\"font-weight: 400;\">\u201cO m\u00e9dico e o monstro\u201d, Robert Louis Stevenson,<\/span><span style=\"font-weight: 400;\"> L&amp;PM.\u00a0<\/span><\/p><p><span style=\"font-weight: 400;\">\u201cMeu p\u00e9 de laranja lima\u201d, Jos\u00e9 Mauro de Vasconcelos, Editora Melhoramentos.\u00a0<\/span><\/p><p><span style=\"font-weight: 400;\">\u201cMorte e vida severina &#8211; edi\u00e7\u00e3o em quadrinhos\u201d, Jo\u00e3o Cabral de Melo Neto, Companhia das Letras. Selo Quadrinhos na Cia.<\/span><\/p>\t\t\t\t\t\t\t\t<\/div>\n\t\t\t\t<\/div>\n\t\t\t\t<div class=\"elementor-element elementor-element-82bfd1c elementor-widget elementor-widget-text-editor\" data-id=\"82bfd1c\" data-element_type=\"widget\" data-e-type=\"widget\" data-widget_type=\"text-editor.default\">\n\t\t\t\t<div class=\"elementor-widget-container\">\n\t\t\t\t\t\t\t\t\t<p>Em caso de d\u00favidas, entre em contato pelo aplicativo, no canal Central de Relacionamento.<\/p>\t\t\t\t\t\t\t\t<\/div>\n\t\t\t\t<\/div>\n\t\t\t\t<\/div>\n\t\t\t\t<\/div>\n\t\t<div class=\"elementor-element elementor-element-3f6d391 e-flex e-con-boxed e-con e-child\" data-id=\"3f6d391\" data-element_type=\"container\" data-e-type=\"container\">\n\t\t\t\t\t<div class=\"e-con-inner\">\n\t\t\t\t<div class=\"elementor-element elementor-element-57a03a06 elementor-widget elementor-widget-heading\" data-id=\"57a03a06\" data-element_type=\"widget\" data-e-type=\"widget\" data-widget_type=\"heading.default\">\n\t\t\t\t<div class=\"elementor-widget-container\">\n\t\t\t\t\t<h2 class=\"elementor-heading-title elementor-size-default\">Navega\u00e7\u00e3o EF2<\/h2>\t\t\t\t<\/div>\n\t\t\t\t<\/div>\n\t\t<div class=\"elementor-element elementor-element-7859f633 e-grid e-con-full e-con e-child\" data-id=\"7859f633\" data-element_type=\"container\" data-e-type=\"container\">\n\t\t\t\t<div class=\"elementor-element elementor-element-2e83d854 elementor-widget elementor-widget-html\" data-id=\"2e83d854\" data-element_type=\"widget\" data-e-type=\"widget\" data-widget_type=\"html.default\">\n\t\t\t\t<div class=\"elementor-widget-container\">\n\t\t\t\t\t<a href=\"\/guiaescolar\/ensino-fundamental-2\/eletivas\" style=\"text-decoration: none;\">\r\n  <button class=\"comic-button\">Eletivas<\/button>\r\n<\/a>\t\t\t\t<\/div>\n\t\t\t\t<\/div>\n\t\t\t\t<div class=\"elementor-element elementor-element-3feec2c8 elementor-widget elementor-widget-html\" data-id=\"3feec2c8\" data-element_type=\"widget\" data-e-type=\"widget\" data-widget_type=\"html.default\">\n\t\t\t\t<div class=\"elementor-widget-container\">\n\t\t\t\t\t<a href=\"\/guiaescolar\/ensino-fundamental-2\/avaliacoes-externas\" style=\"text-decoration: none;\">\r\n  <button class=\"comic-button\">Avalia\u00e7\u00f5es<br>Externas<\/button>\r\n<\/a>\t\t\t\t<\/div>\n\t\t\t\t<\/div>\n\t\t\t\t<div class=\"elementor-element elementor-element-76a229aa elementor-widget elementor-widget-html\" data-id=\"76a229aa\" data-element_type=\"widget\" data-e-type=\"widget\" data-widget_type=\"html.default\">\n\t\t\t\t<div class=\"elementor-widget-container\">\n\t\t\t\t\t<a href=\"\/guiaescolar\/ensino-fundamental-2\/lista-de-materiais\" style=\"text-decoration: none;\">\r\n  <button class=\"comic-button\">Lista<br>de Materiais<\/button>\r\n<\/a>\t\t\t\t<\/div>\n\t\t\t\t<\/div>\n\t\t\t\t<\/div>\n\t\t<div class=\"elementor-element elementor-element-467adffe e-grid e-con-full e-con e-child\" data-id=\"467adffe\" data-element_type=\"container\" data-e-type=\"container\">\n\t\t\t\t<div class=\"elementor-element elementor-element-12ea5bfc elementor-widget elementor-widget-html\" data-id=\"12ea5bfc\" data-element_type=\"widget\" data-e-type=\"widget\" data-widget_type=\"html.default\">\n\t\t\t\t<div class=\"elementor-widget-container\">\n\t\t\t\t\t<a href=\"\/guiaescolar\/ensino-fundamental-2\/horarios\" style=\"text-decoration: none;\">\r\n  <button class=\"comic-button\">Hor\u00e1rios<\/button>\r\n<\/a>\t\t\t\t<\/div>\n\t\t\t\t<\/div>\n\t\t\t\t<div class=\"elementor-element elementor-element-112e305a elementor-widget elementor-widget-html\" data-id=\"112e305a\" data-element_type=\"widget\" data-e-type=\"widget\" data-widget_type=\"html.default\">\n\t\t\t\t<div class=\"elementor-widget-container\">\n\t\t\t\t\t<a href=\"\/guiaescolar\/ensino-fundamental-2\/salas-de-aula\/\" style=\"text-decoration: none;\">\r\n  <button class=\"comic-button\">Salas<br>de Aula<\/button>\r\n<\/a>\t\t\t\t<\/div>\n\t\t\t\t<\/div>\n\t\t\t\t<div class=\"elementor-element elementor-element-3de1cb62 elementor-widget elementor-widget-html\" data-id=\"3de1cb62\" data-element_type=\"widget\" data-e-type=\"widget\" data-widget_type=\"html.default\">\n\t\t\t\t<div class=\"elementor-widget-container\">\n\t\t\t\t\t<a href=\"\/guiaescolar\/ensino-fundamental-2\/entrada-e-saida\" style=\"text-decoration: none;\">\r\n  <button class=\"comic-button\">Entrada<br>e Sa\u00edda<\/button>\r\n<\/a>\t\t\t\t<\/div>\n\t\t\t\t<\/div>\n\t\t\t\t<\/div>\n\t\t<div class=\"elementor-element elementor-element-7864aaab e-grid e-con-full e-con e-child\" data-id=\"7864aaab\" data-element_type=\"container\" data-e-type=\"container\">\n\t\t\t\t<div class=\"elementor-element elementor-element-3ff1e309 elementor-widget elementor-widget-html\" data-id=\"3ff1e309\" data-element_type=\"widget\" data-e-type=\"widget\" data-widget_type=\"html.default\">\n\t\t\t\t<div class=\"elementor-widget-container\">\n\t\t\t\t\t<a href=\"\/guiaescolar\/ensino-fundamental-2\/extra-curriculares\" style=\"text-decoration: none;\">\r\n  <button class=\"comic-button\">Extra-<br>curriculares<\/button>\r\n<\/a>\t\t\t\t<\/div>\n\t\t\t\t<\/div>\n\t\t\t\t<div class=\"elementor-element elementor-element-4c3aa707 elementor-widget elementor-widget-html\" data-id=\"4c3aa707\" data-element_type=\"widget\" data-e-type=\"widget\" data-widget_type=\"html.default\">\n\t\t\t\t<div class=\"elementor-widget-container\">\n\t\t\t\t\t<a href=\"\/guiaescolar\/ensino-fundamental-2\/plataformas-educacionais\" style=\"text-decoration: none;\">\r\n  <button class=\"comic-button\">Plataformas<br>Educacionais<\/button>\r\n<\/a>\t\t\t\t<\/div>\n\t\t\t\t<\/div>\n\t\t\t\t<div class=\"elementor-element elementor-element-53beff9d elementor-widget elementor-widget-html\" data-id=\"53beff9d\" data-element_type=\"widget\" data-e-type=\"widget\" data-widget_type=\"html.default\">\n\t\t\t\t<div class=\"elementor-widget-container\">\n\t\t\t\t\t<a href=\"\/guiaescolar\/ensino-fundamental-2\/saida-de-estudos\" style=\"text-decoration: none;\">\r\n  <button class=\"comic-button\">Sa\u00eddas<br>de Estudos<\/button>\r\n<\/a>\t\t\t\t<\/div>\n\t\t\t\t<\/div>\n\t\t\t\t<\/div>\n\t\t<div class=\"elementor-element elementor-element-416c6e62 e-grid e-con-full e-con e-child\" data-id=\"416c6e62\" data-element_type=\"container\" data-e-type=\"container\">\n\t\t\t\t<div class=\"elementor-element elementor-element-4b7b8df0 elementor-widget elementor-widget-html\" data-id=\"4b7b8df0\" data-element_type=\"widget\" data-e-type=\"widget\" data-widget_type=\"html.default\">\n\t\t\t\t<div class=\"elementor-widget-container\">\n\t\t\t\t\t<a href=\"\/guiaescolar\/ensino-fundamental-2\/reunioes-de-turmas\" style=\"text-decoration: none;\">\r\n  <button class=\"comic-button\">Reuni\u00f5es<br> de Turmas<\/button>\r\n<\/a>\t\t\t\t<\/div>\n\t\t\t\t<\/div>\n\t\t\t\t<div class=\"elementor-element elementor-element-24a09ac8 elementor-widget elementor-widget-html\" data-id=\"24a09ac8\" data-element_type=\"widget\" data-e-type=\"widget\" data-widget_type=\"html.default\">\n\t\t\t\t<div class=\"elementor-widget-container\">\n\t\t\t\t\t<a href=\"\/guiaescolar\/ensino-fundamental-2\/cerimonias-tefilin\" style=\"text-decoration: none;\">\r\n  <button class=\"comic-button\">Cerim\u00f4nias<br>Tefilin<\/button>\r\n<\/a>\t\t\t\t<\/div>\n\t\t\t\t<\/div>\n\t\t\t\t<div class=\"elementor-element elementor-element-4138a788 elementor-widget elementor-widget-html\" data-id=\"4138a788\" data-element_type=\"widget\" data-e-type=\"widget\" data-widget_type=\"html.default\">\n\t\t\t\t<div class=\"elementor-widget-container\">\n\t\t\t\t\t<a href=\"\/guiaescolar\/ensino-fundamental-2\/amo\" style=\"text-decoration: none;\">\r\n  <button class=\"comic-button\">AMO<\/button>\r\n<\/a>\t\t\t\t<\/div>\n\t\t\t\t<\/div>\n\t\t\t\t<\/div>\n\t\t<div class=\"elementor-element elementor-element-1d162cfb e-grid e-con-full e-con e-child\" data-id=\"1d162cfb\" data-element_type=\"container\" data-e-type=\"container\">\n\t\t\t\t<div class=\"elementor-element elementor-element-4d848253 elementor-widget elementor-widget-html\" data-id=\"4d848253\" data-element_type=\"widget\" data-e-type=\"widget\" data-widget_type=\"html.default\">\n\t\t\t\t<div class=\"elementor-widget-container\">\n\t\t\t\t\t<a href=\"\/guiaescolar\/ensino-fundamental-2\/planos-de-ensino\" style=\"text-decoration: none;\">\r\n  <button class=\"comic-button\">Planos<br>de Ensino<\/button>\r\n<\/a>\t\t\t\t<\/div>\n\t\t\t\t<\/div>\n\t\t\t\t<\/div>\n\t\t\t\t\t<\/div>\n\t\t\t\t<\/div>\n\t\t\t\t\t<\/div>\n\t\t\t\t<\/div>\n\t\t\t\t<\/div>\n\t\t","protected":false},"excerpt":{"rendered":"<p>Lista de Materiais8\u00ba ano Os materiais escolares adotados para 2026 estar\u00e3o dispon\u00edveis para venda na loja Letral, localizada na escola.\u00a0Em raz\u00e3o de obras, a loja estar\u00e1 temporariamente localizada na Sala de M\u00fasica. Informa\u00e7\u00f5es e or\u00e7amentos pelo WhatsApp 51 9819-9186.\u00a0 Caso a fam\u00edlia prefira, poder\u00e1 adquirir o material em outro estabelecimento at\u00e9 o in\u00edcio do ano [&hellip;]<\/p>\n","protected":false},"author":4,"featured_media":0,"parent":1380,"menu_order":0,"comment_status":"closed","ping_status":"closed","template":"","meta":{"footnotes":""},"class_list":["post-1396","page","type-page","status-publish","hentry"],"_links":{"self":[{"href":"https:\/\/israelitaedu.com.br\/guiaescolar\/wp-json\/wp\/v2\/pages\/1396","targetHints":{"allow":["GET"]}}],"collection":[{"href":"https:\/\/israelitaedu.com.br\/guiaescolar\/wp-json\/wp\/v2\/pages"}],"about":[{"href":"https:\/\/israelitaedu.com.br\/guiaescolar\/wp-json\/wp\/v2\/types\/page"}],"author":[{"embeddable":true,"href":"https:\/\/israelitaedu.com.br\/guiaescolar\/wp-json\/wp\/v2\/users\/4"}],"replies":[{"embeddable":true,"href":"https:\/\/israelitaedu.com.br\/guiaescolar\/wp-json\/wp\/v2\/comments?post=1396"}],"version-history":[{"count":30,"href":"https:\/\/israelitaedu.com.br\/guiaescolar\/wp-json\/wp\/v2\/pages\/1396\/revisions"}],"predecessor-version":[{"id":7661,"href":"https:\/\/israelitaedu.com.br\/guiaescolar\/wp-json\/wp\/v2\/pages\/1396\/revisions\/7661"}],"up":[{"embeddable":true,"href":"https:\/\/israelitaedu.com.br\/guiaescolar\/wp-json\/wp\/v2\/pages\/1380"}],"wp:attachment":[{"href":"https:\/\/israelitaedu.com.br\/guiaescolar\/wp-json\/wp\/v2\/media?parent=1396"}],"curies":[{"name":"wp","href":"https:\/\/api.w.org\/{rel}","templated":true}]}}