{"id":1363,"date":"2025-04-23T09:26:56","date_gmt":"2025-04-23T12:26:56","guid":{"rendered":"https:\/\/israelitaedu.com.br\/guiaescolar\/?page_id=1363"},"modified":"2025-12-07T23:19:32","modified_gmt":"2025-12-08T02:19:32","slug":"avaliacoes-externas","status":"publish","type":"page","link":"https:\/\/israelitaedu.com.br\/guiaescolar\/ensino-fundamental-2\/avaliacoes-externas\/","title":{"rendered":"Avalia\u00e7\u00f5es Externas &#8211; EF2"},"content":{"rendered":"\t\t<div data-elementor-type=\"wp-page\" data-elementor-id=\"1363\" class=\"elementor elementor-1363\" data-elementor-post-type=\"page\">\n\t\t\t\t<div class=\"elementor-element elementor-element-504edbc9 e-flex e-con-boxed e-con e-parent\" data-id=\"504edbc9\" data-element_type=\"container\" data-e-type=\"container\">\n\t\t\t\t\t<div class=\"e-con-inner\">\n\t\t<div class=\"elementor-element elementor-element-38528340 e-con-full e-flex e-con e-child\" data-id=\"38528340\" data-element_type=\"container\" data-e-type=\"container\">\n\t\t\t\t<div class=\"elementor-element elementor-element-1e8b7031 elementor-widget elementor-widget-heading\" data-id=\"1e8b7031\" data-element_type=\"widget\" data-e-type=\"widget\" data-widget_type=\"heading.default\">\n\t\t\t\t<div class=\"elementor-widget-container\">\n\t\t\t\t\t<h2 class=\"elementor-heading-title elementor-size-default\">Avalia\u00e7\u00f5es Externas<\/h2>\t\t\t\t<\/div>\n\t\t\t\t<\/div>\n\t\t\t\t<div class=\"elementor-element elementor-element-095405f elementor-widget elementor-widget-image\" data-id=\"095405f\" data-element_type=\"widget\" data-e-type=\"widget\" data-widget_type=\"image.default\">\n\t\t\t\t<div class=\"elementor-widget-container\">\n\t\t\t\t\t\t\t\t\t\t\t\t\t\t\t<img fetchpriority=\"high\" decoding=\"async\" width=\"800\" height=\"534\" src=\"https:\/\/israelitaedu.com.br\/guiaescolar\/wp-content\/uploads\/2025\/04\/IMG_5449-scaled-1-1024x683.jpg\" class=\"attachment-large size-large wp-image-1368\" alt=\"\" srcset=\"https:\/\/israelitaedu.com.br\/guiaescolar\/wp-content\/uploads\/2025\/04\/IMG_5449-scaled-1-1024x683.jpg 1024w, https:\/\/israelitaedu.com.br\/guiaescolar\/wp-content\/uploads\/2025\/04\/IMG_5449-scaled-1-300x200.jpg 300w, https:\/\/israelitaedu.com.br\/guiaescolar\/wp-content\/uploads\/2025\/04\/IMG_5449-scaled-1-768x512.jpg 768w, https:\/\/israelitaedu.com.br\/guiaescolar\/wp-content\/uploads\/2025\/04\/IMG_5449-scaled-1-1536x1024.jpg 1536w, https:\/\/israelitaedu.com.br\/guiaescolar\/wp-content\/uploads\/2025\/04\/IMG_5449-scaled-1-2048x1366.jpg 2048w\" sizes=\"(max-width: 800px) 100vw, 800px\" \/>\t\t\t\t\t\t\t\t\t\t\t\t\t\t\t<\/div>\n\t\t\t\t<\/div>\n\t\t\t\t<\/div>\n\t\t\t\t<div class=\"elementor-element elementor-element-acf346e elementor-widget elementor-widget-heading\" data-id=\"acf346e\" data-element_type=\"widget\" data-e-type=\"widget\" data-widget_type=\"heading.default\">\n\t\t\t\t<div class=\"elementor-widget-container\">\n\t\t\t\t\t<h2 class=\"elementor-heading-title elementor-size-default\">Evolucional<\/h2>\t\t\t\t<\/div>\n\t\t\t\t<\/div>\n\t\t<div class=\"elementor-element elementor-element-57aae215 e-con-full e-flex e-con e-child\" data-id=\"57aae215\" data-element_type=\"container\" data-e-type=\"container\">\n\t\t\t\t<div class=\"elementor-element elementor-element-1aff2499 elementor-widget elementor-widget-text-editor\" data-id=\"1aff2499\" data-element_type=\"widget\" data-e-type=\"widget\" data-widget_type=\"text-editor.default\">\n\t\t\t\t<div class=\"elementor-widget-container\">\n\t\t\t\t\t\t\t\t\t<p><span style=\"font-weight: 400;\">O Col\u00e9gio aplica, ao final de cada ano do Ensino Fundamental 2, a avalia\u00e7\u00e3o Evolucional, instrumento externo utilizado por institui\u00e7\u00f5es de refer\u00eancia. A avalia\u00e7\u00e3o contempla as\u00a0 \u00c1reas da\u00a0 Linguagem, Matem\u00e1tica, Ci\u00eancias da Natureza, Ci\u00eancias Humanas e Reda\u00e7\u00e3o, permitindo analisar o desempenho dos estudantes de forma padronizada e compar\u00e1vel. Os resultados oferecem indicadores consistentes para orientar o planejamento pedag\u00f3gico e identificar oportunidades de aprimoramento.<\/span><\/p>\t\t\t\t\t\t\t\t<\/div>\n\t\t\t\t<\/div>\n\t\t\t\t<div class=\"elementor-element elementor-element-c144702 elementor-widget elementor-widget-heading\" data-id=\"c144702\" data-element_type=\"widget\" data-e-type=\"widget\" data-widget_type=\"heading.default\">\n\t\t\t\t<div class=\"elementor-widget-container\">\n\t\t\t\t\t<h2 class=\"elementor-heading-title elementor-size-default\">OXFORD ONLINE PLACEMENT TEST\n<\/h2>\t\t\t\t<\/div>\n\t\t\t\t<\/div>\n\t\t\t\t<div class=\"elementor-element elementor-element-e73946f elementor-widget elementor-widget-text-editor\" data-id=\"e73946f\" data-element_type=\"widget\" data-e-type=\"widget\" data-widget_type=\"text-editor.default\">\n\t\t\t\t<div class=\"elementor-widget-container\">\n\t\t\t\t\t\t\t\t\t<p><span style=\"font-weight: 400;\">Aplicado no 7\u00ba ano, o Oxford Online Placement Test avalia <\/span><i><span style=\"font-weight: 400;\">Use of English <\/span><\/i><span style=\"font-weight: 400;\">(uso de ingl\u00eas) e <\/span><i><span style=\"font-weight: 400;\">Listening <\/span><\/i><span style=\"font-weight: 400;\">(escuta) por meio de uma prova adaptativa que identifica n\u00edveis de profici\u00eancia. O exame fornece uma base s\u00f3lida para acompanhar o crescimento lingu\u00edstico dos estudantes, subsidiar o replanejamento do ensino e orientar estrat\u00e9gias de diferencia\u00e7\u00e3o de acordo com os n\u00edveis identificados em cada habilidade.<\/span><\/p>\t\t\t\t\t\t\t\t<\/div>\n\t\t\t\t<\/div>\n\t\t\t\t<div class=\"elementor-element elementor-element-012d230 elementor-widget elementor-widget-heading\" data-id=\"012d230\" data-element_type=\"widget\" data-e-type=\"widget\" data-widget_type=\"heading.default\">\n\t\t\t\t<div class=\"elementor-widget-container\">\n\t\t\t\t\t<h2 class=\"elementor-heading-title elementor-size-default\">TOEFL Junior (9\u00ba ano)<\/h2>\t\t\t\t<\/div>\n\t\t\t\t<\/div>\n\t\t\t\t<div class=\"elementor-element elementor-element-bd4c306 elementor-widget elementor-widget-text-editor\" data-id=\"bd4c306\" data-element_type=\"widget\" data-e-type=\"widget\" data-widget_type=\"text-editor.default\">\n\t\t\t\t<div class=\"elementor-widget-container\">\n\t\t\t\t\t\t\t\t\t<p><span style=\"font-weight: 400;\">O TOEFL Junior \u00e9 um exame internacional de profici\u00eancia em L\u00edngua Inglesa aplicado no 9\u00ba ano e integrado \u00e0s avalia\u00e7\u00f5es curriculares da etapa. Realizado no Col\u00e9gio, em data a ser comunicada, o exame oferece um diagn\u00f3stico externo consistente, que subsidia estrat\u00e9gias de diferencia\u00e7\u00e3o por n\u00edveis e orienta ajustes pedag\u00f3gicos fundamentados em indicadores de desempenho.\u00a0<\/span><\/p><p><span style=\"font-weight: 400;\">Para facilitar a organiza\u00e7\u00e3o das fam\u00edlias, o valor do exame (R$ 435,00) ser\u00e1 inclu\u00eddo nos boletos de mensalidade, em tr\u00eas parcelas com vencimento em abril, maio e junho.<\/span><\/p>\t\t\t\t\t\t\t\t<\/div>\n\t\t\t\t<\/div>\n\t\t\t\t<div class=\"elementor-element elementor-element-b9f6672 elementor-widget elementor-widget-image\" data-id=\"b9f6672\" data-element_type=\"widget\" data-e-type=\"widget\" data-widget_type=\"image.default\">\n\t\t\t\t<div class=\"elementor-widget-container\">\n\t\t\t\t\t\t\t\t\t\t\t\t\t\t\t<img decoding=\"async\" width=\"800\" height=\"534\" src=\"https:\/\/israelitaedu.com.br\/guiaescolar\/wp-content\/uploads\/2025\/04\/IMG_2638-3-scaled-2-1024x683.jpg\" class=\"attachment-large size-large wp-image-1376\" alt=\"\" srcset=\"https:\/\/israelitaedu.com.br\/guiaescolar\/wp-content\/uploads\/2025\/04\/IMG_2638-3-scaled-2-1024x683.jpg 1024w, https:\/\/israelitaedu.com.br\/guiaescolar\/wp-content\/uploads\/2025\/04\/IMG_2638-3-scaled-2-300x200.jpg 300w, https:\/\/israelitaedu.com.br\/guiaescolar\/wp-content\/uploads\/2025\/04\/IMG_2638-3-scaled-2-768x512.jpg 768w, https:\/\/israelitaedu.com.br\/guiaescolar\/wp-content\/uploads\/2025\/04\/IMG_2638-3-scaled-2-1536x1024.jpg 1536w, https:\/\/israelitaedu.com.br\/guiaescolar\/wp-content\/uploads\/2025\/04\/IMG_2638-3-scaled-2-2048x1366.jpg 2048w\" sizes=\"(max-width: 800px) 100vw, 800px\" \/>\t\t\t\t\t\t\t\t\t\t\t\t\t\t\t<\/div>\n\t\t\t\t<\/div>\n\t\t\t\t<\/div>\n\t\t\t\t\t<\/div>\n\t\t\t\t<\/div>\n\t\t<div class=\"elementor-element elementor-element-d75e4bd e-flex e-con-boxed e-con e-child\" data-id=\"d75e4bd\" data-element_type=\"container\" data-e-type=\"container\">\n\t\t\t\t\t<div class=\"e-con-inner\">\n\t\t\t\t<div class=\"elementor-element elementor-element-3ef39e9 elementor-widget elementor-widget-heading\" data-id=\"3ef39e9\" data-element_type=\"widget\" data-e-type=\"widget\" data-widget_type=\"heading.default\">\n\t\t\t\t<div class=\"elementor-widget-container\">\n\t\t\t\t\t<h2 class=\"elementor-heading-title elementor-size-default\">Navega\u00e7\u00e3o EF2<\/h2>\t\t\t\t<\/div>\n\t\t\t\t<\/div>\n\t\t<div class=\"elementor-element elementor-element-30e9b1b e-grid e-con-full e-con e-child\" data-id=\"30e9b1b\" data-element_type=\"container\" data-e-type=\"container\">\n\t\t\t\t<div class=\"elementor-element elementor-element-2022525 elementor-widget elementor-widget-html\" data-id=\"2022525\" data-element_type=\"widget\" data-e-type=\"widget\" data-widget_type=\"html.default\">\n\t\t\t\t<div class=\"elementor-widget-container\">\n\t\t\t\t\t<a href=\"\/guiaescolar\/ensino-fundamental-2\/horarios\" style=\"text-decoration: none;\">\r\n  <button class=\"comic-button\">Hor\u00e1rios<\/button>\r\n<\/a>\t\t\t\t<\/div>\n\t\t\t\t<\/div>\n\t\t\t\t<div class=\"elementor-element elementor-element-ba006b5 elementor-widget elementor-widget-html\" data-id=\"ba006b5\" data-element_type=\"widget\" data-e-type=\"widget\" data-widget_type=\"html.default\">\n\t\t\t\t<div class=\"elementor-widget-container\">\n\t\t\t\t\t<a href=\"\/guiaescolar\/ensino-fundamental-2\/salas-de-aula\/\" style=\"text-decoration: none;\">\r\n  <button class=\"comic-button\">Salas<br>de Aula<\/button>\r\n<\/a>\t\t\t\t<\/div>\n\t\t\t\t<\/div>\n\t\t\t\t<div class=\"elementor-element elementor-element-aed50e6 elementor-widget elementor-widget-html\" data-id=\"aed50e6\" data-element_type=\"widget\" data-e-type=\"widget\" data-widget_type=\"html.default\">\n\t\t\t\t<div class=\"elementor-widget-container\">\n\t\t\t\t\t<a href=\"\/guiaescolar\/ensino-fundamental-2\/entrada-e-saida\" style=\"text-decoration: none;\">\r\n  <button class=\"comic-button\">Entrada<br>e Sa\u00edda<\/button>\r\n<\/a>\t\t\t\t<\/div>\n\t\t\t\t<\/div>\n\t\t\t\t<\/div>\n\t\t<div class=\"elementor-element elementor-element-a707eb6 e-grid e-con-full e-con e-child\" data-id=\"a707eb6\" data-element_type=\"container\" data-e-type=\"container\">\n\t\t\t\t<div class=\"elementor-element elementor-element-a53f515 elementor-widget elementor-widget-html\" data-id=\"a53f515\" data-element_type=\"widget\" data-e-type=\"widget\" data-widget_type=\"html.default\">\n\t\t\t\t<div class=\"elementor-widget-container\">\n\t\t\t\t\t<a href=\"\/guiaescolar\/ensino-fundamental-2\/eletivas\" style=\"text-decoration: none;\">\r\n  <button class=\"comic-button\">Eletivas<\/button>\r\n<\/a>\t\t\t\t<\/div>\n\t\t\t\t<\/div>\n\t\t\t\t<div class=\"elementor-element elementor-element-b96be77 elementor-widget elementor-widget-html\" data-id=\"b96be77\" data-element_type=\"widget\" data-e-type=\"widget\" data-widget_type=\"html.default\">\n\t\t\t\t<div class=\"elementor-widget-container\">\n\t\t\t\t\t<a href=\"\/guiaescolar\/ensino-fundamental-2\/lista-de-materiais\" style=\"text-decoration: none;\">\r\n  <button class=\"comic-button\">Lista<br>de Materiais<\/button>\r\n<\/a>\t\t\t\t<\/div>\n\t\t\t\t<\/div>\n\t\t\t\t<div class=\"elementor-element elementor-element-649062f elementor-widget elementor-widget-html\" data-id=\"649062f\" data-element_type=\"widget\" data-e-type=\"widget\" data-widget_type=\"html.default\">\n\t\t\t\t<div class=\"elementor-widget-container\">\n\t\t\t\t\t<a href=\"\/guiaescolar\/avaliacoes-ef2\" style=\"text-decoration: none;\">\r\n  <button class=\"comic-button\">Avalia\u00e7\u00e3o<\/button>\r\n<\/a>\t\t\t\t<\/div>\n\t\t\t\t<\/div>\n\t\t\t\t<\/div>\n\t\t<div class=\"elementor-element elementor-element-6f54b96 e-grid e-con-full e-con e-child\" data-id=\"6f54b96\" data-element_type=\"container\" data-e-type=\"container\">\n\t\t\t\t<div class=\"elementor-element elementor-element-5d7d1cb elementor-widget elementor-widget-html\" data-id=\"5d7d1cb\" data-element_type=\"widget\" data-e-type=\"widget\" data-widget_type=\"html.default\">\n\t\t\t\t<div class=\"elementor-widget-container\">\n\t\t\t\t\t<a href=\"\/guiaescolar\/ensino-fundamental-2\/plataformas-educacionais\" style=\"text-decoration: none;\">\r\n  <button class=\"comic-button\">Plataformas<br>Educacionais<\/button>\r\n<\/a>\t\t\t\t<\/div>\n\t\t\t\t<\/div>\n\t\t\t\t<div class=\"elementor-element elementor-element-285ba43 elementor-widget elementor-widget-html\" data-id=\"285ba43\" data-element_type=\"widget\" data-e-type=\"widget\" data-widget_type=\"html.default\">\n\t\t\t\t<div class=\"elementor-widget-container\">\n\t\t\t\t\t<a href=\"\/guiaescolar\/ensino-fundamental-2\/saida-de-estudos\" style=\"text-decoration: none;\">\r\n  <button class=\"comic-button\">Sa\u00eddas<br>de Estudos<\/button>\r\n<\/a>\t\t\t\t<\/div>\n\t\t\t\t<\/div>\n\t\t\t\t<div class=\"elementor-element elementor-element-48cf719 elementor-widget elementor-widget-html\" data-id=\"48cf719\" data-element_type=\"widget\" data-e-type=\"widget\" data-widget_type=\"html.default\">\n\t\t\t\t<div class=\"elementor-widget-container\">\n\t\t\t\t\t<a href=\"\/guiaescolar\/extracurriculares\/\" style=\"text-decoration: none;\">\r\n  <button class=\"comic-button\">Extra-<br>curriculares<\/button>\r\n<\/a>\t\t\t\t<\/div>\n\t\t\t\t<\/div>\n\t\t\t\t<\/div>\n\t\t<div class=\"elementor-element elementor-element-f7fd770 e-grid e-con-full e-con e-child\" data-id=\"f7fd770\" data-element_type=\"container\" data-e-type=\"container\">\n\t\t\t\t<div class=\"elementor-element elementor-element-1579ab9 elementor-widget elementor-widget-html\" data-id=\"1579ab9\" data-element_type=\"widget\" data-e-type=\"widget\" data-widget_type=\"html.default\">\n\t\t\t\t<div class=\"elementor-widget-container\">\n\t\t\t\t\t<a href=\"\/guiaescolar\/ensino-fundamental-2\/reunioes-de-turmas\" style=\"text-decoration: none;\">\r\n  <button class=\"comic-button\">Reuni\u00f5es<br> de Turmas<\/button>\r\n<\/a>\t\t\t\t<\/div>\n\t\t\t\t<\/div>\n\t\t\t\t<div class=\"elementor-element elementor-element-7bd54f3 elementor-widget elementor-widget-html\" data-id=\"7bd54f3\" data-element_type=\"widget\" data-e-type=\"widget\" data-widget_type=\"html.default\">\n\t\t\t\t<div class=\"elementor-widget-container\">\n\t\t\t\t\t<a href=\"\/guiaescolar\/ensino-fundamental-2\/cerimonias-tefilin\" style=\"text-decoration: none;\">\r\n  <button class=\"comic-button\">Cerim\u00f4nias<br>Tefilin<\/button>\r\n<\/a>\t\t\t\t<\/div>\n\t\t\t\t<\/div>\n\t\t\t\t<div class=\"elementor-element elementor-element-4a63f44 elementor-widget elementor-widget-html\" data-id=\"4a63f44\" data-element_type=\"widget\" data-e-type=\"widget\" data-widget_type=\"html.default\">\n\t\t\t\t<div class=\"elementor-widget-container\">\n\t\t\t\t\t<a href=\"\/guiaescolar\/ensino-fundamental-2\/amo\" style=\"text-decoration: none;\">\r\n  <button class=\"comic-button\">AMO<\/button>\r\n<\/a>\t\t\t\t<\/div>\n\t\t\t\t<\/div>\n\t\t\t\t<\/div>\n\t\t<div class=\"elementor-element elementor-element-531e34c e-grid e-con-full e-con e-child\" data-id=\"531e34c\" data-element_type=\"container\" data-e-type=\"container\">\n\t\t\t\t<div class=\"elementor-element elementor-element-f35d33d elementor-widget elementor-widget-html\" data-id=\"f35d33d\" data-element_type=\"widget\" data-e-type=\"widget\" data-widget_type=\"html.default\">\n\t\t\t\t<div class=\"elementor-widget-container\">\n\t\t\t\t\t<a href=\"\/guiaescolar\/ensino-fundamental-2\/planos-de-ensino\" style=\"text-decoration: none;\">\r\n  <button class=\"comic-button\">Planos<br>de Ensino<\/button>\r\n<\/a>\t\t\t\t<\/div>\n\t\t\t\t<\/div>\n\t\t\t\t<div class=\"elementor-element elementor-element-d4375ae elementor-widget elementor-widget-html\" data-id=\"d4375ae\" data-element_type=\"widget\" data-e-type=\"widget\" data-widget_type=\"html.default\">\n\t\t\t\t<div class=\"elementor-widget-container\">\n\t\t\t\t\t<a href=\"\/guiaescolar\/ensino-fundamental-2\/avaliacoes-externas\" style=\"text-decoration: none;\">\r\n  <button class=\"comic-button\">Avalia\u00e7\u00f5es<br>Externas<\/button>\r\n<\/a>\t\t\t\t<\/div>\n\t\t\t\t<\/div>\n\t\t\t\t<div class=\"elementor-element elementor-element-4f904cd elementor-widget elementor-widget-html\" data-id=\"4f904cd\" data-element_type=\"widget\" data-e-type=\"widget\" data-widget_type=\"html.default\">\n\t\t\t\t<div class=\"elementor-widget-container\">\n\t\t\t\t\t<a href=\"\/guiaescolar\/aee\/\" style=\"text-decoration: none;\">\r\n  <button class=\"comic-button\">AEE<\/button>\r\n<\/a>\t\t\t\t<\/div>\n\t\t\t\t<\/div>\n\t\t\t\t<\/div>\n\t\t\t\t\t<\/div>\n\t\t\t\t<\/div>\n\t\t\t\t<\/div>\n\t\t","protected":false},"excerpt":{"rendered":"<p>Avalia\u00e7\u00f5es Externas Evolucional O Col\u00e9gio aplica, ao final de cada ano do Ensino Fundamental 2, a avalia\u00e7\u00e3o Evolucional, instrumento externo utilizado por institui\u00e7\u00f5es de refer\u00eancia. A avalia\u00e7\u00e3o contempla as\u00a0 \u00c1reas da\u00a0 Linguagem, Matem\u00e1tica, Ci\u00eancias da Natureza, Ci\u00eancias Humanas e Reda\u00e7\u00e3o, permitindo analisar o desempenho dos estudantes de forma padronizada e compar\u00e1vel. Os resultados oferecem indicadores [&hellip;]<\/p>\n","protected":false},"author":6,"featured_media":0,"parent":1272,"menu_order":0,"comment_status":"closed","ping_status":"closed","template":"","meta":{"footnotes":""},"class_list":["post-1363","page","type-page","status-publish","hentry"],"_links":{"self":[{"href":"https:\/\/israelitaedu.com.br\/guiaescolar\/wp-json\/wp\/v2\/pages\/1363","targetHints":{"allow":["GET"]}}],"collection":[{"href":"https:\/\/israelitaedu.com.br\/guiaescolar\/wp-json\/wp\/v2\/pages"}],"about":[{"href":"https:\/\/israelitaedu.com.br\/guiaescolar\/wp-json\/wp\/v2\/types\/page"}],"author":[{"embeddable":true,"href":"https:\/\/israelitaedu.com.br\/guiaescolar\/wp-json\/wp\/v2\/users\/6"}],"replies":[{"embeddable":true,"href":"https:\/\/israelitaedu.com.br\/guiaescolar\/wp-json\/wp\/v2\/comments?post=1363"}],"version-history":[{"count":24,"href":"https:\/\/israelitaedu.com.br\/guiaescolar\/wp-json\/wp\/v2\/pages\/1363\/revisions"}],"predecessor-version":[{"id":6076,"href":"https:\/\/israelitaedu.com.br\/guiaescolar\/wp-json\/wp\/v2\/pages\/1363\/revisions\/6076"}],"up":[{"embeddable":true,"href":"https:\/\/israelitaedu.com.br\/guiaescolar\/wp-json\/wp\/v2\/pages\/1272"}],"wp:attachment":[{"href":"https:\/\/israelitaedu.com.br\/guiaescolar\/wp-json\/wp\/v2\/media?parent=1363"}],"curies":[{"name":"wp","href":"https:\/\/api.w.org\/{rel}","templated":true}]}}