{"id":1272,"date":"2025-04-23T07:59:45","date_gmt":"2025-04-23T10:59:45","guid":{"rendered":"https:\/\/israelitaedu.com.br\/guiaescolar\/?page_id=1272"},"modified":"2026-03-31T08:53:28","modified_gmt":"2026-03-31T11:53:28","slug":"ensino-fundamental-2","status":"publish","type":"page","link":"https:\/\/israelitaedu.com.br\/guiaescolar\/ensino-fundamental-2\/","title":{"rendered":"Ensino Fundamental 2"},"content":{"rendered":"\t\t<div data-elementor-type=\"wp-page\" data-elementor-id=\"1272\" class=\"elementor elementor-1272\" data-elementor-post-type=\"page\">\n\t\t\t\t<div class=\"elementor-element elementor-element-535102f9 e-flex e-con-boxed e-con e-parent\" data-id=\"535102f9\" data-element_type=\"container\" data-e-type=\"container\">\n\t\t\t\t\t<div class=\"e-con-inner\">\n\t\t<div class=\"elementor-element elementor-element-44f96d91 e-con-full e-flex e-con e-child\" data-id=\"44f96d91\" data-element_type=\"container\" data-e-type=\"container\">\n\t\t\t\t<div class=\"elementor-element elementor-element-9a4c1a3 elementor-widget elementor-widget-heading\" data-id=\"9a4c1a3\" data-element_type=\"widget\" data-e-type=\"widget\" data-widget_type=\"heading.default\">\n\t\t\t\t<div class=\"elementor-widget-container\">\n\t\t\t\t\t<h2 class=\"elementor-heading-title elementor-size-default\"><div data-id=\"a26a182\" data-element_type=\"widget\" data-widget_type=\"text-editor.default\" style=\"align-self: auto;flex: 0 1 auto;align-items: normal;flex-flow: row;gap: 20px;--widgets-spacing: 20px 20px;--widgets-spacing-row: 20px;--widgets-spacing-column: 20px;, sans-serif;font-weight: 900;--kit-widget-spacing: 0px;margin: 0px 0px -15px;line-height: 41px;max-width: 100%\"><p>Ensino Fundamental 2<\/p><\/div><div data-id=\"62cea7c\" data-element_type=\"widget\" data-widget_type=\"text-editor.default\" style=\"align-self: auto;flex: 0 1 auto;align-items: normal;flex-flow: row;gap: 20px;--widgets-spacing: 20px 20px;--widgets-spacing-row: 20px;--widgets-spacing-column: 20px;, sans-serif;font-weight: 400;--kit-widget-spacing: 0px;margin: -20px 0px 0px;max-width: 100%;font-size: 16px\"><h3 style=\", sans-serif\">6\u00ba ao 9\u00ba ano<span style=\"font-size: 40px;font-weight: 800\"><\/span><\/h3><\/div><\/h2>\t\t\t\t<\/div>\n\t\t\t\t<\/div>\n\t\t\t\t<\/div>\n\t\t<div class=\"elementor-element elementor-element-7d14eb50 e-con-full e-flex e-con e-child\" data-id=\"7d14eb50\" data-element_type=\"container\" data-e-type=\"container\">\n\t\t\t\t<div class=\"elementor-element elementor-element-3fea9bc4 elementor-widget elementor-widget-text-editor\" data-id=\"3fea9bc4\" data-element_type=\"widget\" data-e-type=\"widget\" data-widget_type=\"text-editor.default\">\n\t\t\t\t<div class=\"elementor-widget-container\">\n\t\t\t\t\t\t\t\t\t<p><span style=\"font-weight: 400;\">O Ensino Fundamental 2 aprofunda a trajet\u00f3ria iniciada nos anos iniciais, ampliando conhecimentos, consolidando habilidades e qualificando a capacidade dos estudantes de analisar, interpretar e compreender situa\u00e7\u00f5es mais complexas. A amplia\u00e7\u00e3o das demandas acad\u00eamicas exige participa\u00e7\u00e3o mais ativa nos processos de aprendizagem, favorecendo o desenvolvimento integral em suas dimens\u00f5es cognitivas e socioemocionais.<\/span><\/p><p><span style=\"font-weight: 400;\">As experi\u00eancias de aprendizagem s\u00e3o planejadas de forma contextualizada e significativa, integrando problematiza\u00e7\u00e3o, pesquisa, experimenta\u00e7\u00e3o e sistematiza\u00e7\u00e3o. As \u00e1reas do conhecimento dialogam entre si, articulando teoria e pr\u00e1tica e contribuindo para a constru\u00e7\u00e3o de um repert\u00f3rio s\u00f3lido e relevante.<\/span><\/p><p><span style=\"font-weight: 400;\">O curr\u00edculo flex\u00edvel oferece possibilidades de aprofundamento orientado, de acordo com os interesses e metas dos estudantes, sempre dentro de um percurso formativo estruturado pela Escola.<\/span><\/p><p><span style=\"font-weight: 400;\">A equipe de coordena\u00e7\u00e3o do Ensino Fundamental 2 \u00e9 formada por profissionais especializados em diversas \u00e1reas, dedicados a proporcionar um ambiente educacional completo e integrado para os estudantes.\u00a0<\/span><\/p><p><span style=\"font-weight: 400;\">Daiane Fagundes Moreira \u2013 Coordenadora Administrativo-Pedag\u00f3gica\u00a0<\/span><\/p><p><span style=\"font-weight: 400;\">Ana Luiza Tonial &#8211; Coordenadora\u00a0 Educacional<\/span><\/p><p><span style=\"font-weight: 400;\">Mariana Wainer e Amanda Chmelnitsky de Mattos \u2013 Coordenadoras de Dan\u00e7a Israeli<\/span><\/p><p><span style=\"font-weight: 400;\">Daniel Brauner \u2013 Coordenador de Esportes<\/span><\/p><p><span style=\"font-weight: 400;\">Aline Borba \u2013 Secret\u00e1ria Ensino Fundamental 2<\/span><\/p><p><span style=\"font-weight: 400;\">Canais de contato via aplicativo<\/span><\/p><p><b>Coordena\u00e7\u00e3o Ensino Fundamental 2<\/b><\/p><p><b>Secretaria Ensino Fundamental 2<\/b><\/p>\t\t\t\t\t\t\t\t<\/div>\n\t\t\t\t<\/div>\n\t\t<div class=\"elementor-element elementor-element-6edb142 e-flex e-con-boxed e-con e-child\" data-id=\"6edb142\" data-element_type=\"container\" data-e-type=\"container\">\n\t\t\t\t\t<div class=\"e-con-inner\">\n\t\t\t\t<div class=\"elementor-element elementor-element-aff3b66 elementor-widget elementor-widget-heading\" data-id=\"aff3b66\" data-element_type=\"widget\" data-e-type=\"widget\" data-widget_type=\"heading.default\">\n\t\t\t\t<div class=\"elementor-widget-container\">\n\t\t\t\t\t<h2 class=\"elementor-heading-title elementor-size-default\">Navega\u00e7\u00e3o EF2<\/h2>\t\t\t\t<\/div>\n\t\t\t\t<\/div>\n\t\t<div class=\"elementor-element elementor-element-9f197c2 e-grid e-con-full e-con e-child\" data-id=\"9f197c2\" data-element_type=\"container\" data-e-type=\"container\">\n\t\t\t\t<div class=\"elementor-element elementor-element-3c68c16 elementor-widget elementor-widget-html\" data-id=\"3c68c16\" data-element_type=\"widget\" data-e-type=\"widget\" data-widget_type=\"html.default\">\n\t\t\t\t<div class=\"elementor-widget-container\">\n\t\t\t\t\t<a href=\"\/guiaescolar\/ensino-fundamental-2\/planos-de-ensino\" style=\"text-decoration: none;\">\r\n  <button class=\"comic-button\">Planos<br>de Ensino<\/button>\r\n<\/a>\t\t\t\t<\/div>\n\t\t\t\t<\/div>\n\t\t\t\t<div class=\"elementor-element elementor-element-c2d2651 elementor-widget elementor-widget-html\" data-id=\"c2d2651\" data-element_type=\"widget\" data-e-type=\"widget\" data-widget_type=\"html.default\">\n\t\t\t\t<div class=\"elementor-widget-container\">\n\t\t\t\t\t<a href=\"\/guiaescolar\/avaliacoes-ef2\" style=\"text-decoration: none;\">\r\n  <button class=\"comic-button\">Avalia\u00e7\u00e3o<\/button>\r\n<\/a>\t\t\t\t<\/div>\n\t\t\t\t<\/div>\n\t\t\t\t<div class=\"elementor-element elementor-element-d6fe6b2 elementor-widget elementor-widget-html\" data-id=\"d6fe6b2\" data-element_type=\"widget\" data-e-type=\"widget\" data-widget_type=\"html.default\">\n\t\t\t\t<div class=\"elementor-widget-container\">\n\t\t\t\t\t<a href=\"\/guiaescolar\/ensino-fundamental-2\/reunioes-de-turmas\" style=\"text-decoration: none;\">\r\n  <button class=\"comic-button\">Reuni\u00f5es<br> de Turmas<\/button>\r\n<\/a>\t\t\t\t<\/div>\n\t\t\t\t<\/div>\n\t\t\t\t<div class=\"elementor-element elementor-element-7a542d0 elementor-widget elementor-widget-html\" data-id=\"7a542d0\" data-element_type=\"widget\" data-e-type=\"widget\" data-widget_type=\"html.default\">\n\t\t\t\t<div class=\"elementor-widget-container\">\n\t\t\t\t\t<a href=\"\/guiaescolar\/ensino-fundamental-2\/horarios\" style=\"text-decoration: none;\">\r\n  <button class=\"comic-button\">Hor\u00e1rios<\/button>\r\n<\/a>\t\t\t\t<\/div>\n\t\t\t\t<\/div>\n\t\t\t\t<div class=\"elementor-element elementor-element-aede413 elementor-widget elementor-widget-html\" data-id=\"aede413\" data-element_type=\"widget\" data-e-type=\"widget\" data-widget_type=\"html.default\">\n\t\t\t\t<div class=\"elementor-widget-container\">\n\t\t\t\t\t<a href=\"\/guiaescolar\/ensino-fundamental-2\/entrada-e-saida\" style=\"text-decoration: none;\">\r\n  <button class=\"comic-button\">Entrada<br>e Sa\u00edda<\/button>\r\n<\/a>\t\t\t\t<\/div>\n\t\t\t\t<\/div>\n\t\t\t\t<div class=\"elementor-element elementor-element-4e10355 elementor-widget elementor-widget-html\" data-id=\"4e10355\" data-element_type=\"widget\" data-e-type=\"widget\" data-widget_type=\"html.default\">\n\t\t\t\t<div class=\"elementor-widget-container\">\n\t\t\t\t\t<a href=\"\/guiaescolar\/ensino-fundamental-2\/salas-de-aula\/\" style=\"text-decoration: none;\">\r\n  <button class=\"comic-button\">Salas<br>de Aula<\/button>\r\n<\/a>\t\t\t\t<\/div>\n\t\t\t\t<\/div>\n\t\t\t\t<div class=\"elementor-element elementor-element-c1c4561 elementor-widget elementor-widget-html\" data-id=\"c1c4561\" data-element_type=\"widget\" data-e-type=\"widget\" data-widget_type=\"html.default\">\n\t\t\t\t<div class=\"elementor-widget-container\">\n\t\t\t\t\t<a href=\"\/guiaescolar\/ensino-fundamental-2\/saida-de-estudos\" style=\"text-decoration: none;\">\r\n  <button class=\"comic-button\">Sa\u00eddas<br>de Estudos<\/button>\r\n<\/a>\t\t\t\t<\/div>\n\t\t\t\t<\/div>\n\t\t\t\t<div class=\"elementor-element elementor-element-d387c3b elementor-widget elementor-widget-html\" data-id=\"d387c3b\" data-element_type=\"widget\" data-e-type=\"widget\" data-widget_type=\"html.default\">\n\t\t\t\t<div class=\"elementor-widget-container\">\n\t\t\t\t\t<a href=\"\/guiaescolar\/extracurriculares\/\" style=\"text-decoration: none;\">\r\n  <button class=\"comic-button\">Extra-<br>curriculares<\/button>\r\n<\/a>\t\t\t\t<\/div>\n\t\t\t\t<\/div>\n\t\t\t\t<div class=\"elementor-element elementor-element-c44f342 elementor-widget elementor-widget-html\" data-id=\"c44f342\" data-element_type=\"widget\" data-e-type=\"widget\" data-widget_type=\"html.default\">\n\t\t\t\t<div class=\"elementor-widget-container\">\n\t\t\t\t\t<a href=\"\/guiaescolar\/aee\/\" style=\"text-decoration: none;\">\r\n  <button class=\"comic-button\">AEE<\/button>\r\n<\/a>\t\t\t\t<\/div>\n\t\t\t\t<\/div>\n\t\t\t\t<div class=\"elementor-element elementor-element-1b95f59 elementor-widget elementor-widget-html\" data-id=\"1b95f59\" data-element_type=\"widget\" data-e-type=\"widget\" data-widget_type=\"html.default\">\n\t\t\t\t<div class=\"elementor-widget-container\">\n\t\t\t\t\t<a href=\"\/guiaescolar\/ensino-fundamental-2\/eletivas\" style=\"text-decoration: none;\">\r\n  <button class=\"comic-button\">Eletivas<\/button>\r\n<\/a>\t\t\t\t<\/div>\n\t\t\t\t<\/div>\n\t\t\t\t<div class=\"elementor-element elementor-element-599e3a7 elementor-widget elementor-widget-html\" data-id=\"599e3a7\" data-element_type=\"widget\" data-e-type=\"widget\" data-widget_type=\"html.default\">\n\t\t\t\t<div class=\"elementor-widget-container\">\n\t\t\t\t\t<a href=\"\/guiaescolar\/ensino-fundamental-2\/lista-de-materiais\" style=\"text-decoration: none;\">\r\n  <button class=\"comic-button\">Lista<br>de Materiais<\/button>\r\n<\/a>\t\t\t\t<\/div>\n\t\t\t\t<\/div>\n\t\t\t\t<div class=\"elementor-element elementor-element-59d4090 elementor-widget elementor-widget-html\" data-id=\"59d4090\" data-element_type=\"widget\" data-e-type=\"widget\" data-widget_type=\"html.default\">\n\t\t\t\t<div class=\"elementor-widget-container\">\n\t\t\t\t\t<a href=\"\/guiaescolar\/ensino-fundamental-2\/plataformas-educacionais\" style=\"text-decoration: none;\">\r\n  <button class=\"comic-button\">Plataformas<br>Educacionais<\/button>\r\n<\/a>\t\t\t\t<\/div>\n\t\t\t\t<\/div>\n\t\t\t\t<div class=\"elementor-element elementor-element-601089c elementor-widget elementor-widget-html\" data-id=\"601089c\" data-element_type=\"widget\" data-e-type=\"widget\" data-widget_type=\"html.default\">\n\t\t\t\t<div class=\"elementor-widget-container\">\n\t\t\t\t\t<a href=\"\/guiaescolar\/ensino-fundamental-2\/cerimonias-tefilin\" style=\"text-decoration: none;\">\r\n  <button class=\"comic-button\">Cerim\u00f4nias<br>Tefilin<\/button>\r\n<\/a>\t\t\t\t<\/div>\n\t\t\t\t<\/div>\n\t\t\t\t<div class=\"elementor-element elementor-element-90240a4 elementor-widget elementor-widget-html\" data-id=\"90240a4\" data-element_type=\"widget\" data-e-type=\"widget\" data-widget_type=\"html.default\">\n\t\t\t\t<div class=\"elementor-widget-container\">\n\t\t\t\t\t<a href=\"\/guiaescolar\/ensino-fundamental-2\/amo\" style=\"text-decoration: none;\">\r\n  <button class=\"comic-button\">AMO<\/button>\r\n<\/a>\t\t\t\t<\/div>\n\t\t\t\t<\/div>\n\t\t\t\t<div class=\"elementor-element elementor-element-08d5a41 elementor-widget elementor-widget-html\" data-id=\"08d5a41\" data-element_type=\"widget\" data-e-type=\"widget\" data-widget_type=\"html.default\">\n\t\t\t\t<div class=\"elementor-widget-container\">\n\t\t\t\t\t<a href=\"\/guiaescolar\/ensino-fundamental-2\/avaliacoes-externas\" style=\"text-decoration: none;\">\r\n  <button class=\"comic-button\">Avalia\u00e7\u00f5es<br>Externas<\/button>\r\n<\/a>\t\t\t\t<\/div>\n\t\t\t\t<\/div>\n\t\t\t\t<\/div>\n\t\t<div class=\"elementor-element elementor-element-f49ed26 e-grid e-con-full e-con e-child\" data-id=\"f49ed26\" data-element_type=\"container\" data-e-type=\"container\">\n\t\t\t\t<div class=\"elementor-element elementor-element-f91529e elementor-widget elementor-widget-html\" data-id=\"f91529e\" data-element_type=\"widget\" data-e-type=\"widget\" data-widget_type=\"html.default\">\n\t\t\t\t<div class=\"elementor-widget-container\">\n\t\t\t\t\t<a href=\"\/guiaescolar\/shabat-familias-ef2\/\" style=\"text-decoration: none;\">\r\n  <button class=\"comic-button\">Shabat<br>com Fam\u00edlias<\/button>\r\n<\/a>\t\t\t\t<\/div>\n\t\t\t\t<\/div>\n\t\t\t\t<\/div>\n\t\t\t\t\t<\/div>\n\t\t\t\t<\/div>\n\t\t\t\t<\/div>\n\t\t\t\t\t<\/div>\n\t\t\t\t<\/div>\n\t\t\t\t<\/div>\n\t\t","protected":false},"excerpt":{"rendered":"<p>Ensino Fundamental 2 6\u00ba ao 9\u00ba ano O Ensino Fundamental 2 aprofunda a trajet\u00f3ria iniciada nos anos iniciais, ampliando conhecimentos, consolidando habilidades e qualificando a capacidade dos estudantes de analisar, interpretar e compreender situa\u00e7\u00f5es mais complexas. A amplia\u00e7\u00e3o das demandas acad\u00eamicas exige participa\u00e7\u00e3o mais ativa nos processos de aprendizagem, favorecendo o desenvolvimento integral em suas [&hellip;]<\/p>\n","protected":false},"author":4,"featured_media":0,"parent":0,"menu_order":0,"comment_status":"closed","ping_status":"closed","template":"","meta":{"footnotes":""},"class_list":["post-1272","page","type-page","status-publish","hentry"],"_links":{"self":[{"href":"https:\/\/israelitaedu.com.br\/guiaescolar\/wp-json\/wp\/v2\/pages\/1272","targetHints":{"allow":["GET"]}}],"collection":[{"href":"https:\/\/israelitaedu.com.br\/guiaescolar\/wp-json\/wp\/v2\/pages"}],"about":[{"href":"https:\/\/israelitaedu.com.br\/guiaescolar\/wp-json\/wp\/v2\/types\/page"}],"author":[{"embeddable":true,"href":"https:\/\/israelitaedu.com.br\/guiaescolar\/wp-json\/wp\/v2\/users\/4"}],"replies":[{"embeddable":true,"href":"https:\/\/israelitaedu.com.br\/guiaescolar\/wp-json\/wp\/v2\/comments?post=1272"}],"version-history":[{"count":48,"href":"https:\/\/israelitaedu.com.br\/guiaescolar\/wp-json\/wp\/v2\/pages\/1272\/revisions"}],"predecessor-version":[{"id":8542,"href":"https:\/\/israelitaedu.com.br\/guiaescolar\/wp-json\/wp\/v2\/pages\/1272\/revisions\/8542"}],"wp:attachment":[{"href":"https:\/\/israelitaedu.com.br\/guiaescolar\/wp-json\/wp\/v2\/media?parent=1272"}],"curies":[{"name":"wp","href":"https:\/\/api.w.org\/{rel}","templated":true}]}}