{"id":1175,"date":"2025-04-22T13:28:36","date_gmt":"2025-04-22T16:28:36","guid":{"rendered":"https:\/\/israelitaedu.com.br\/guiaescolar\/?page_id=1175"},"modified":"2026-02-23T11:02:05","modified_gmt":"2026-02-23T14:02:05","slug":"reunioes-de-turmas","status":"publish","type":"page","link":"https:\/\/israelitaedu.com.br\/guiaescolar\/ensino-fundamental-1\/reunioes-de-turmas\/","title":{"rendered":"Reuni\u00f5es de Turmas &#8211; EF1"},"content":{"rendered":"\t\t<div data-elementor-type=\"wp-page\" data-elementor-id=\"1175\" class=\"elementor elementor-1175\" data-elementor-post-type=\"page\">\n\t\t\t\t<div class=\"elementor-element elementor-element-5b790b54 e-flex e-con-boxed e-con e-parent\" data-id=\"5b790b54\" data-element_type=\"container\" data-e-type=\"container\">\n\t\t\t\t\t<div class=\"e-con-inner\">\n\t\t<div class=\"elementor-element elementor-element-468c02cc e-con-full e-flex e-con e-child\" data-id=\"468c02cc\" data-element_type=\"container\" data-e-type=\"container\">\n\t\t\t\t<div class=\"elementor-element elementor-element-ba5a3e3 elementor-widget elementor-widget-heading\" data-id=\"ba5a3e3\" data-element_type=\"widget\" data-e-type=\"widget\" data-widget_type=\"heading.default\">\n\t\t\t\t<div class=\"elementor-widget-container\">\n\t\t\t\t\t<h2 class=\"elementor-heading-title elementor-size-default\">Reuni\u00f5es de Turma\nEnsino Fundamental 1<\/h2>\t\t\t\t<\/div>\n\t\t\t\t<\/div>\n\t\t\t\t<div class=\"elementor-element elementor-element-54aa388a elementor-widget elementor-widget-text-editor\" data-id=\"54aa388a\" data-element_type=\"widget\" data-e-type=\"widget\" data-widget_type=\"text-editor.default\">\n\t\t\t\t<div class=\"elementor-widget-container\">\n\t\t\t\t\t\t\t\t\t<p><span style=\"font-weight: 400;\">As Reuni\u00f5es Pedag\u00f3gicas com Fam\u00edlias s\u00e3o momentos essenciais para apresenta\u00e7\u00e3o das propostas pedag\u00f3gicas da turma, devolutivas sobre o percurso realizado e proje\u00e7\u00f5es de aprendizagem para o per\u00edodo seguinte. Esses encontros fortalecem a parceria entre escola e fam\u00edlias e oferecem uma vis\u00e3o clara e compartilhada sobre o desenvolvimento dos estudantes.<\/span><\/p><p dir=\"ltr\"><strong>REUNI\u00d5ES INICIAIS:<\/strong><span style=\"font-weight: 400;\">\u00a0<\/span><\/p><p dir=\"ltr\"><strong>1\u00ba ANO |\u00a0Reuni\u00e3o\u00a0com fam\u00edlias<\/strong><br \/><strong>Data:<\/strong>\u00a012 de fevereiro<\/p><p dir=\"ltr\"><strong>Turma 11:<\/strong> 15h, sala 102<br \/><strong>Turma 12:<\/strong> 15h, sala 103<br \/><strong>Turma 13:<\/strong> 13h30, sala 104<br \/><strong>Turma 14:<\/strong> 13h30, sala 105<\/p><hr \/><p dir=\"ltr\"><strong>2\u00ba ANO |\u00a0\u00a0Reuni\u00e3o com fam\u00edlias<\/strong><br \/><strong>Data:<\/strong> \u00a024 de fevereiro<\/p><p dir=\"ltr\"><strong>Hor\u00e1rio:<\/strong> 17h<\/p><p dir=\"ltr\">Turma 21: sala 110<br \/>Turma 22: sala 109<br \/>Turma 23: sala 108<br \/>Turma 24: sala 107<\/p><hr \/><p dir=\"ltr\"><strong>3\u00ba ANO |\u00a0\u00a0Reuni\u00e3o com fam\u00edlias<\/strong><\/p><p dir=\"ltr\">Turma 31: 25\/2, 17h, sala 211<br \/>Turma 32: 24\/2, 18h30, sala 210<br \/>Turma 33: 25\/2, 18h30, sala 209<br \/>Turma 34: 24\/2, 18h30, sala 208<\/p><hr \/><p dir=\"ltr\"><strong>4\u00ba ANO |\u00a0\u00a0Reuni\u00e3o com fam\u00edlias<\/strong><\/p><p dir=\"ltr\">Turma 41: 24\/2, 18h30, sala 207<br \/>Turma 42: 25\/2, 17h, sala 206<br \/>Turma 43: 25\/2, 18h30, sala 205<\/p><hr \/><p dir=\"ltr\"><strong>5\u00ba ANO |\u00a0\u00a0Reuni\u00e3o com fam\u00edlias<\/strong><\/p><p dir=\"ltr\">Turma 51: 24\/2, 18h30, sala 204<br \/>Turma 52: 25\/2, 17h, sala 203<br \/>Turma 53: 25\/2, 17h, sala 202<br \/>Turma 54: 25\/2, 18h30, sala 201<span style=\"font-weight: 400;\">\u00a0<\/span><\/p>\t\t\t\t\t\t\t\t<\/div>\n\t\t\t\t<\/div>\n\t\t\t\t<\/div>\n\t\t\t\t\t<\/div>\n\t\t\t\t<\/div>\n\t\t<div class=\"elementor-element elementor-element-57bed4a0 e-con-full e-flex e-con e-child\" data-id=\"57bed4a0\" data-element_type=\"container\" data-e-type=\"container\">\n\t\t\t\t<div class=\"elementor-element elementor-element-7258e9fa elementor-widget elementor-widget-heading\" data-id=\"7258e9fa\" data-element_type=\"widget\" data-e-type=\"widget\" data-widget_type=\"heading.default\">\n\t\t\t\t<div class=\"elementor-widget-container\">\n\t\t\t\t\t<h2 class=\"elementor-heading-title elementor-size-default\"><span style=\"font-size: 33px;font-weight: 400;text-align: center\">Navega\u00e7\u00e3o&nbsp;<\/span><span style=\"font-size: 33px;font-weight: 400;text-align: center\">EF1<\/span><\/h2>\t\t\t\t<\/div>\n\t\t\t\t<\/div>\n\t\t<div class=\"elementor-element elementor-element-26f1948b e-grid e-con-full e-con e-child\" data-id=\"26f1948b\" data-element_type=\"container\" data-e-type=\"container\">\n\t\t\t\t<div class=\"elementor-element elementor-element-b1665f5 elementor-widget elementor-widget-html\" data-id=\"b1665f5\" data-element_type=\"widget\" data-e-type=\"widget\" data-widget_type=\"html.default\">\n\t\t\t\t<div class=\"elementor-widget-container\">\n\t\t\t\t\t<a href=\"\/guiaescolar\/ensino-fundamental-1\/horarios\" style=\"text-decoration: none;\">\r\n  <button class=\"comic-button\">Hor\u00e1rios<\/button>\r\n<\/a>\t\t\t\t<\/div>\n\t\t\t\t<\/div>\n\t\t\t\t<div class=\"elementor-element elementor-element-22868a6b elementor-widget elementor-widget-html\" data-id=\"22868a6b\" data-element_type=\"widget\" data-e-type=\"widget\" data-widget_type=\"html.default\">\n\t\t\t\t<div class=\"elementor-widget-container\">\n\t\t\t\t\t<a href=\"\/guiaescolar\/ensino-fundamental-1\/salas-de-aula-ef1\/\" style=\"text-decoration: none;\">\r\n  <button class=\"comic-button\">Salas<br>de Aula<\/button>\r\n<\/a>\t\t\t\t<\/div>\n\t\t\t\t<\/div>\n\t\t\t\t<div class=\"elementor-element elementor-element-1e8197c4 elementor-widget elementor-widget-html\" data-id=\"1e8197c4\" data-element_type=\"widget\" data-e-type=\"widget\" data-widget_type=\"html.default\">\n\t\t\t\t<div class=\"elementor-widget-container\">\n\t\t\t\t\t<a href=\"\/guiaescolar\/ensino-fundamental-1\/entrada-e-saida\" style=\"text-decoration: none;\">\r\n  <button class=\"comic-button\">Entrada<br>e Sa\u00edda<\/button>\r\n<\/a>\t\t\t\t<\/div>\n\t\t\t\t<\/div>\n\t\t\t\t<\/div>\n\t\t<div class=\"elementor-element elementor-element-2b10b073 e-grid e-con-full e-con e-child\" data-id=\"2b10b073\" data-element_type=\"container\" data-e-type=\"container\">\n\t\t\t\t<div class=\"elementor-element elementor-element-27412d3e elementor-widget elementor-widget-html\" data-id=\"27412d3e\" data-element_type=\"widget\" data-e-type=\"widget\" data-widget_type=\"html.default\">\n\t\t\t\t<div class=\"elementor-widget-container\">\n\t\t\t\t\t<a href=\"\/guiaescolar\/ensino-fundamental-1\/recreacao\" style=\"text-decoration: none;\">\r\n  <button class=\"comic-button\">Recrea\u00e7\u00e3o<\/button>\r\n<\/a>\t\t\t\t<\/div>\n\t\t\t\t<\/div>\n\t\t\t\t<div class=\"elementor-element elementor-element-254710c7 elementor-widget elementor-widget-html\" data-id=\"254710c7\" data-element_type=\"widget\" data-e-type=\"widget\" data-widget_type=\"html.default\">\n\t\t\t\t<div class=\"elementor-widget-container\">\n\t\t\t\t\t<a href=\"\/guiaescolar\/ensino-fundamental-1\/avaliacoes\" style=\"text-decoration: none;\">\r\n  <button class=\"comic-button\">Avalia\u00e7\u00f5es<\/button>\r\n<\/a>\t\t\t\t<\/div>\n\t\t\t\t<\/div>\n\t\t\t\t<div class=\"elementor-element elementor-element-555e9726 elementor-widget elementor-widget-html\" data-id=\"555e9726\" data-element_type=\"widget\" data-e-type=\"widget\" data-widget_type=\"html.default\">\n\t\t\t\t<div class=\"elementor-widget-container\">\n\t\t\t\t\t<a href=\"\/guiaescolar\/ensino-fundamental-1\/lista-de-materiais\" style=\"text-decoration: none;\">\r\n  <button class=\"comic-button\">Lista<br>de Materiais<\/button>\r\n<\/a>\t\t\t\t<\/div>\n\t\t\t\t<\/div>\n\t\t\t\t<\/div>\n\t\t<div class=\"elementor-element elementor-element-7829ebf8 e-grid e-con-full e-con e-child\" data-id=\"7829ebf8\" data-element_type=\"container\" data-e-type=\"container\">\n\t\t\t\t<div class=\"elementor-element elementor-element-1faf647 elementor-widget elementor-widget-html\" data-id=\"1faf647\" data-element_type=\"widget\" data-e-type=\"widget\" data-widget_type=\"html.default\">\n\t\t\t\t<div class=\"elementor-widget-container\">\n\t\t\t\t\t<a href=\"\/guiaescolar\/extracurriculares\/\" style=\"text-decoration: none;\">\r\n  <button class=\"comic-button\">Extra-<br>curriculares<\/button>\r\n<\/a>\t\t\t\t<\/div>\n\t\t\t\t<\/div>\n\t\t\t\t<div class=\"elementor-element elementor-element-24b6080e elementor-widget elementor-widget-html\" data-id=\"24b6080e\" data-element_type=\"widget\" data-e-type=\"widget\" data-widget_type=\"html.default\">\n\t\t\t\t<div class=\"elementor-widget-container\">\n\t\t\t\t\t<a href=\"\/guiaescolar\/ensino-fundamental-1\/saida-de-estudos\" style=\"text-decoration: none;\">\r\n  <button class=\"comic-button\">Sa\u00eddas<br>de Estudos<\/button>\r\n<\/a>\t\t\t\t<\/div>\n\t\t\t\t<\/div>\n\t\t\t\t<div class=\"elementor-element elementor-element-38d1bfe7 elementor-widget elementor-widget-html\" data-id=\"38d1bfe7\" data-element_type=\"widget\" data-e-type=\"widget\" data-widget_type=\"html.default\">\n\t\t\t\t<div class=\"elementor-widget-container\">\n\t\t\t\t\t<a href=\"\/guiaescolar\/ensino-fundamental-1\/plataformas-educacionais\" style=\"text-decoration: none;\">\r\n  <button class=\"comic-button\">Plataformas<br>Educacionais<\/button>\r\n<\/a>\t\t\t\t<\/div>\n\t\t\t\t<\/div>\n\t\t\t\t<\/div>\n\t\t<div class=\"elementor-element elementor-element-626e1020 e-grid e-con-full e-con e-child\" data-id=\"626e1020\" data-element_type=\"container\" data-e-type=\"container\">\n\t\t\t\t<div class=\"elementor-element elementor-element-1f06786c elementor-widget elementor-widget-html\" data-id=\"1f06786c\" data-element_type=\"widget\" data-e-type=\"widget\" data-widget_type=\"html.default\">\n\t\t\t\t<div class=\"elementor-widget-container\">\n\t\t\t\t\t<a href=\"\/guiaescolar\/ensino-fundamental-1\/aniversario\" style=\"text-decoration: none;\">\r\n  <button class=\"comic-button\">Anivers\u00e1rio<\/button>\r\n<\/a>\t\t\t\t<\/div>\n\t\t\t\t<\/div>\n\t\t\t\t<div class=\"elementor-element elementor-element-202f9f8e elementor-widget elementor-widget-html\" data-id=\"202f9f8e\" data-element_type=\"widget\" data-e-type=\"widget\" data-widget_type=\"html.default\">\n\t\t\t\t<div class=\"elementor-widget-container\">\n\t\t\t\t\t<a href=\"\/guiaescolar\/ensino-fundamental-1\/reunioes-de-turmas\" style=\"text-decoration: none;\">\r\n  <button class=\"comic-button\">Reuni\u00f5es<br> de Turmas<\/button>\r\n<\/a>\t\t\t\t<\/div>\n\t\t\t\t<\/div>\n\t\t\t\t<div class=\"elementor-element elementor-element-7d98e535 elementor-widget elementor-widget-html\" data-id=\"7d98e535\" data-element_type=\"widget\" data-e-type=\"widget\" data-widget_type=\"html.default\">\n\t\t\t\t<div class=\"elementor-widget-container\">\n\t\t\t\t\t<a href=\"\/guiaescolar\/ensino-fundamental-1\/ir-ktana\" style=\"text-decoration: none;\">\r\n  <button class=\"comic-button\">Ir Ktan\u00e1<\/button>\r\n<\/a>\t\t\t\t<\/div>\n\t\t\t\t<\/div>\n\t\t\t\t<\/div>\n\t\t<div class=\"elementor-element elementor-element-7ab7b59d e-grid e-con-full e-con e-child\" data-id=\"7ab7b59d\" data-element_type=\"container\" data-e-type=\"container\">\n\t\t\t\t<div class=\"elementor-element elementor-element-6ee47f17 elementor-widget elementor-widget-html\" data-id=\"6ee47f17\" data-element_type=\"widget\" data-e-type=\"widget\" data-widget_type=\"html.default\">\n\t\t\t\t<div class=\"elementor-widget-container\">\n\t\t\t\t\t<a href=\"\/guiaescolar\/ensino-fundamental-1\/shabat-com-familias\" style=\"text-decoration: none;\">\r\n  <button class=\"comic-button\">Shabat<br>com Fam\u00edlias<\/button>\r\n<\/a>\t\t\t\t<\/div>\n\t\t\t\t<\/div>\n\t\t\t\t<div class=\"elementor-element elementor-element-39a41339 elementor-widget elementor-widget-html\" data-id=\"39a41339\" data-element_type=\"widget\" data-e-type=\"widget\" data-widget_type=\"html.default\">\n\t\t\t\t<div class=\"elementor-widget-container\">\n\t\t\t\t\t<a href=\"\/guiaescolar\/planos-de-ensino-ensino-fundamental-1\/\" style=\"text-decoration: none;\">\r\n  <button class=\"comic-button\">Planos<br>de Ensino<\/button>\r\n<\/a>\t\t\t\t<\/div>\n\t\t\t\t<\/div>\n\t\t\t\t<div class=\"elementor-element elementor-element-6214ede0 elementor-widget elementor-widget-html\" data-id=\"6214ede0\" data-element_type=\"widget\" data-e-type=\"widget\" data-widget_type=\"html.default\">\n\t\t\t\t<div class=\"elementor-widget-container\">\n\t\t\t\t\t<a href=\"\/guiaescolar\/aee\/\" style=\"text-decoration: none;\">\r\n  <button class=\"comic-button\">AEE<\/button>\r\n<\/a>\t\t\t\t<\/div>\n\t\t\t\t<\/div>\n\t\t\t\t<\/div>\n\t\t<div class=\"elementor-element elementor-element-66b33fd e-grid e-con-full e-con e-child\" data-id=\"66b33fd\" data-element_type=\"container\" data-e-type=\"container\">\n\t\t\t\t<div class=\"elementor-element elementor-element-6a7d6e9 elementor-widget elementor-widget-html\" data-id=\"6a7d6e9\" data-element_type=\"widget\" data-e-type=\"widget\" data-widget_type=\"html.default\">\n\t\t\t\t<div class=\"elementor-widget-container\">\n\t\t\t\t\t<a href=\"\/guiaescolar\/ensino-fundamental-1\/avaliacoes-externas\" style=\"text-decoration: none;\">\r\n  <button class=\"comic-button\">Avalia\u00e7\u00f5es<br>Externas<\/button>\r\n<\/a>\t\t\t\t<\/div>\n\t\t\t\t<\/div>\n\t\t\t\t<\/div>\n\t\t\t\t<\/div>\n\t\t\t\t<\/div>\n\t\t","protected":false},"excerpt":{"rendered":"<p>Reuni\u00f5es de Turma Ensino Fundamental 1 As Reuni\u00f5es Pedag\u00f3gicas com Fam\u00edlias s\u00e3o momentos essenciais para apresenta\u00e7\u00e3o das propostas pedag\u00f3gicas da turma, devolutivas sobre o percurso realizado e proje\u00e7\u00f5es de aprendizagem para o per\u00edodo seguinte. Esses encontros fortalecem a parceria entre escola e fam\u00edlias e oferecem uma vis\u00e3o clara e compartilhada sobre o desenvolvimento dos estudantes. [&hellip;]<\/p>\n","protected":false},"author":6,"featured_media":0,"parent":888,"menu_order":0,"comment_status":"closed","ping_status":"closed","template":"","meta":{"footnotes":""},"class_list":["post-1175","page","type-page","status-publish","hentry"],"_links":{"self":[{"href":"https:\/\/israelitaedu.com.br\/guiaescolar\/wp-json\/wp\/v2\/pages\/1175","targetHints":{"allow":["GET"]}}],"collection":[{"href":"https:\/\/israelitaedu.com.br\/guiaescolar\/wp-json\/wp\/v2\/pages"}],"about":[{"href":"https:\/\/israelitaedu.com.br\/guiaescolar\/wp-json\/wp\/v2\/types\/page"}],"author":[{"embeddable":true,"href":"https:\/\/israelitaedu.com.br\/guiaescolar\/wp-json\/wp\/v2\/users\/6"}],"replies":[{"embeddable":true,"href":"https:\/\/israelitaedu.com.br\/guiaescolar\/wp-json\/wp\/v2\/comments?post=1175"}],"version-history":[{"count":45,"href":"https:\/\/israelitaedu.com.br\/guiaescolar\/wp-json\/wp\/v2\/pages\/1175\/revisions"}],"predecessor-version":[{"id":8057,"href":"https:\/\/israelitaedu.com.br\/guiaescolar\/wp-json\/wp\/v2\/pages\/1175\/revisions\/8057"}],"up":[{"embeddable":true,"href":"https:\/\/israelitaedu.com.br\/guiaescolar\/wp-json\/wp\/v2\/pages\/888"}],"wp:attachment":[{"href":"https:\/\/israelitaedu.com.br\/guiaescolar\/wp-json\/wp\/v2\/media?parent=1175"}],"curies":[{"name":"wp","href":"https:\/\/api.w.org\/{rel}","templated":true}]}}