{"id":1164,"date":"2025-04-22T13:22:33","date_gmt":"2025-04-22T16:22:33","guid":{"rendered":"https:\/\/israelitaedu.com.br\/guiaescolar\/?page_id=1164"},"modified":"2025-12-07T23:02:18","modified_gmt":"2025-12-08T02:02:18","slug":"aniversario","status":"publish","type":"page","link":"https:\/\/israelitaedu.com.br\/guiaescolar\/ensino-fundamental-1\/aniversario\/","title":{"rendered":"Anivers\u00e1rio &#8211; EF1"},"content":{"rendered":"\t\t<div data-elementor-type=\"wp-page\" data-elementor-id=\"1164\" class=\"elementor elementor-1164\" data-elementor-post-type=\"page\">\n\t\t\t\t<div class=\"elementor-element elementor-element-30e0ec7 e-flex e-con-boxed e-con e-parent\" data-id=\"30e0ec7\" data-element_type=\"container\" data-e-type=\"container\">\n\t\t\t\t\t<div class=\"e-con-inner\">\n\t\t<div class=\"elementor-element elementor-element-269b0bde e-con-full e-flex e-con e-child\" data-id=\"269b0bde\" data-element_type=\"container\" data-e-type=\"container\">\n\t\t\t\t<div class=\"elementor-element elementor-element-738776a8 elementor-widget elementor-widget-heading\" data-id=\"738776a8\" data-element_type=\"widget\" data-e-type=\"widget\" data-widget_type=\"heading.default\">\n\t\t\t\t<div class=\"elementor-widget-container\">\n\t\t\t\t\t<h2 class=\"elementor-heading-title elementor-size-default\">Anivers\u00e1rios<\/h2>\t\t\t\t<\/div>\n\t\t\t\t<\/div>\n\t\t\t\t<div class=\"elementor-element elementor-element-2bf5a0a elementor-widget elementor-widget-heading\" data-id=\"2bf5a0a\" data-element_type=\"widget\" data-e-type=\"widget\" data-widget_type=\"heading.default\">\n\t\t\t\t<div class=\"elementor-widget-container\">\n\t\t\t\t\t<h2 class=\"elementor-heading-title elementor-size-default\">Dentro do CIB\n<\/h2>\t\t\t\t<\/div>\n\t\t\t\t<\/div>\n\t\t\t\t<\/div>\n\t\t<div class=\"elementor-element elementor-element-12b48cc4 e-con-full e-flex e-con e-child\" data-id=\"12b48cc4\" data-element_type=\"container\" data-e-type=\"container\">\n\t\t\t\t<div class=\"elementor-element elementor-element-2122b231 elementor-widget elementor-widget-text-editor\" data-id=\"2122b231\" data-element_type=\"widget\" data-e-type=\"widget\" data-widget_type=\"text-editor.default\">\n\t\t\t\t<div class=\"elementor-widget-container\">\n\t\t\t\t\t\t\t\t\t<p><span data-contrast=\"auto\">Para que as comemora\u00e7\u00f5es de anivers\u00e1rio em sala de aula ocorram de forma organizada e respeitosa, seguem as orienta\u00e7\u00f5es:<\/span><span data-ccp-props=\"{&quot;134233117&quot;:false,&quot;134233118&quot;:false,&quot;335559685&quot;:0,&quot;335559738&quot;:240,&quot;335559739&quot;:240}\">\u00a0<\/span><\/p><p><b>Agendamento:<\/b><span style=\"font-weight: 400;\"> a comemora\u00e7\u00e3o deve ser combinada com a professora com, pelo menos, <\/span><b>72 horas de anteced\u00eancia.\u00a0<\/b><\/p><p><b>Convites:<\/b><span style=\"font-weight: 400;\"> n\u00e3o \u00e9 permitido enviar convites para colegas para comemora\u00e7\u00f5es realizadas na sala de aula.\u00a0<\/span><\/p><p><b>Decora\u00e7\u00e3o:<\/b><span style=\"font-weight: 400;\"> n\u00e3o \u00e9 permitido trazer decora\u00e7\u00f5es para a sala.<\/span><span style=\"font-weight: 400;\"><br \/><\/span><b>Lanche:<\/b><span style=\"font-weight: 400;\"> consulte previamente a professora sobre\u00a0 a proposta de lanche a ser enviada, <\/span><b>restri\u00e7\u00f5es alimentares dos colegas e sobre as diretrizes da Escola para alimentos permitidos<\/b><span style=\"font-weight: 400;\">.<\/span><\/p><p><b>Participantes:<\/b><span style=\"font-weight: 400;\"> a confraterniza\u00e7\u00e3o \u00e9 restrita aos colegas da turma e \u00e0 professora.\u00a0<\/span><\/p><p><b>Convites para festas externas:<\/b><span style=\"font-weight: 400;\"> A distribui\u00e7\u00e3o de convites para festas realizadas fora da escola \u00e9 permitida somente se destinados a todos os colegas da turma; caso contr\u00e1rio, a distribui\u00e7\u00e3o deve ser feita fora do ambiente escolar.\u00a0<\/span><\/p><p><b>Lembrancinhas:<\/b><span style=\"font-weight: 400;\"> n\u00e3o \u00e9 permitida a entrega de lembrancinhas de anivers\u00e1rio ou de outras datas comemorativas no ambiente escolar.\u00a0<\/span><\/p><p><b>Sa\u00eddas antecipadas:<\/b><span style=\"font-weight: 400;\"> sa\u00eddas antecipadas da turma durante o hor\u00e1rio curricular para participa\u00e7\u00e3o em festas de anivers\u00e1rio <\/span><b>n\u00e3o s\u00e3o permitidas<\/b><span style=\"font-weight: 400;\">.\u00a0<\/span><\/p><p><b>Espa\u00e7os coletivos:<\/b><span style=\"font-weight: 400;\"> n\u00e3o \u00e9 permitido realizar comemora\u00e7\u00f5es de anivers\u00e1rios nos espa\u00e7os coletivos do col\u00e9gio.<\/span><\/p>\t\t\t\t\t\t\t\t<\/div>\n\t\t\t\t<\/div>\n\t\t\t\t<div class=\"elementor-element elementor-element-de9bce0 elementor-widget elementor-widget-image\" data-id=\"de9bce0\" data-element_type=\"widget\" data-e-type=\"widget\" data-widget_type=\"image.default\">\n\t\t\t\t<div class=\"elementor-widget-container\">\n\t\t\t\t\t\t\t\t\t\t\t\t\t\t\t<img fetchpriority=\"high\" decoding=\"async\" width=\"800\" height=\"534\" src=\"https:\/\/israelitaedu.com.br\/guiaescolar\/wp-content\/uploads\/2025\/04\/IMG_3091-1024x683-1.jpg\" class=\"attachment-large size-large wp-image-1167\" alt=\"\" srcset=\"https:\/\/israelitaedu.com.br\/guiaescolar\/wp-content\/uploads\/2025\/04\/IMG_3091-1024x683-1.jpg 1024w, https:\/\/israelitaedu.com.br\/guiaescolar\/wp-content\/uploads\/2025\/04\/IMG_3091-1024x683-1-300x200.jpg 300w, https:\/\/israelitaedu.com.br\/guiaescolar\/wp-content\/uploads\/2025\/04\/IMG_3091-1024x683-1-768x512.jpg 768w\" sizes=\"(max-width: 800px) 100vw, 800px\" \/>\t\t\t\t\t\t\t\t\t\t\t\t\t\t\t<\/div>\n\t\t\t\t<\/div>\n\t\t\t\t<div class=\"elementor-element elementor-element-d2c070f elementor-widget elementor-widget-heading\" data-id=\"d2c070f\" data-element_type=\"widget\" data-e-type=\"widget\" data-widget_type=\"heading.default\">\n\t\t\t\t<div class=\"elementor-widget-container\">\n\t\t\t\t\t<h2 class=\"elementor-heading-title elementor-size-default\">Fora do Col\u00e9gio\n<\/h2>\t\t\t\t<\/div>\n\t\t\t\t<\/div>\n\t\t\t\t<div class=\"elementor-element elementor-element-f9d8d20 elementor-widget elementor-widget-text-editor\" data-id=\"f9d8d20\" data-element_type=\"widget\" data-e-type=\"widget\" data-widget_type=\"text-editor.default\">\n\t\t\t\t<div class=\"elementor-widget-container\">\n\t\t\t\t\t\t\t\t\t<p><span style=\"font-weight: 400;\">Para garantir organiza\u00e7\u00e3o e seguran\u00e7a nas sa\u00eddas destinadas a comemora\u00e7\u00f5es externas, devem ser observados os procedimentos abaixo.<\/span><\/p><p><b>Seguem Orienta\u00e7\u00f5es;\u00a0<\/b><\/p><p><b>Hor\u00e1rio de sa\u00edda:<\/b><span style=\"font-weight: 400;\"> a sa\u00edda deve ocorrer \u00e0s 15h15.\u00a0<\/span><\/p><p><b>Autoriza\u00e7\u00e3o de sa\u00edda:<\/b><span style=\"font-weight: 400;\"> enviadas pelo respons\u00e1vel do estudante, via <\/span><b>Aplicativo <\/b><span style=\"font-weight: 400;\">(Canal Autoriza\u00e7\u00e3o de Sa\u00edda \u2013 Ensino Fundamental 1), com <\/span><b>24 horas de anteced\u00eancia<\/b><span style=\"font-weight: 400;\">, informando:<\/span><\/p><ul><li><span style=\"font-weight: 400;\"> nome completo do respons\u00e1vel que far\u00e1 a retirada;<\/span><\/li><li><span style=\"font-weight: 400;\"> turma;<\/span><\/li><li><span style=\"font-weight: 400;\"> data e motivo (comemora\u00e7\u00e3o de anivers\u00e1rio).<\/span><\/li><\/ul><p><b>Informa\u00e7\u00f5es do evento: <\/b><span style=\"font-weight: 400;\">\u00a0o respons\u00e1vel pelo anivers\u00e1rio deve enviar, tamb\u00e9m com 24 horas de anteced\u00eancia, via<\/span><b> Aplicativo<\/b><span style=\"font-weight: 400;\">:<\/span><\/p><ul><li><span style=\"font-weight: 400;\"> lista de estudantes participantes;<\/span><\/li><li><span style=\"font-weight: 400;\"> nome do adulto que acompanhar\u00e1 o grupo no ve\u00edculo;<\/span><\/li><li><span style=\"font-weight: 400;\"> modelo e placa do ve\u00edculo que far\u00e1 o transporte.<\/span><\/li><\/ul><p><b>Aus\u00eancia de Autoriza\u00e7\u00e3o:<\/b><span style=\"font-weight: 400;\">\u00a0 estudantes sem autoriza\u00e7\u00e3o registrada permanecer\u00e3o no Col\u00e9gio, conforme os protocolos de seguran\u00e7a. N\u00e3o ser\u00e3o realizados contatos telef\u00f4nicos para complementa\u00e7\u00f5es. Neste caso, o pr\u00f3prio respons\u00e1vel dever\u00e1 buscar a crian\u00e7a.\u00a0<\/span><\/p><p><b>Formas de autoriza\u00e7\u00e3o n\u00e3o v\u00e1lidas:<\/b><span style=\"font-weight: 400;\"> autoriza\u00e7\u00f5es enviadas por WhatsApp ou por liga\u00e7\u00f5es telef\u00f4nicas n\u00e3o s\u00e3o aceitas para a retirada dos estudantes.<\/span><\/p><p><b>Acompanhamento na sa\u00edda:<\/b><span style=\"font-weight: 400;\"> A sa\u00edda deve ser acompanhada pelo respons\u00e1vel indicado na autoriza\u00e7\u00e3o enviada.\u00a0<\/span><\/p><p><b>Responsabilidade das autoriza\u00e7\u00f5es:<\/b><span style=\"font-weight: 400;\"> cabe \u00e0s fam\u00edlias organizadoras do anivers\u00e1rio coletar e enviar todas as autoriza\u00e7\u00f5es necess\u00e1rias.<\/span><\/p>\t\t\t\t\t\t\t\t<\/div>\n\t\t\t\t<\/div>\n\t\t\t\t<\/div>\n\t\t\t\t\t<\/div>\n\t\t\t\t<\/div>\n\t\t<div class=\"elementor-element elementor-element-285229ef e-con-full e-flex e-con e-child\" data-id=\"285229ef\" data-element_type=\"container\" data-e-type=\"container\">\n\t\t\t\t<div class=\"elementor-element elementor-element-3cbc6f27 elementor-widget elementor-widget-heading\" data-id=\"3cbc6f27\" data-element_type=\"widget\" data-e-type=\"widget\" data-widget_type=\"heading.default\">\n\t\t\t\t<div class=\"elementor-widget-container\">\n\t\t\t\t\t<h2 class=\"elementor-heading-title elementor-size-default\"><span style=\"font-size: 33px;font-weight: 400;text-align: center\">Navega\u00e7\u00e3o&nbsp;<\/span><span style=\"font-size: 33px;font-weight: 400;text-align: center\">EF1<\/span><\/h2>\t\t\t\t<\/div>\n\t\t\t\t<\/div>\n\t\t<div class=\"elementor-element elementor-element-13c995b e-grid e-con-full e-con e-child\" data-id=\"13c995b\" data-element_type=\"container\" data-e-type=\"container\">\n\t\t\t\t<div class=\"elementor-element elementor-element-269ff192 elementor-widget elementor-widget-html\" data-id=\"269ff192\" data-element_type=\"widget\" data-e-type=\"widget\" data-widget_type=\"html.default\">\n\t\t\t\t<div class=\"elementor-widget-container\">\n\t\t\t\t\t<a href=\"\/guiaescolar\/ensino-fundamental-1\/horarios\" style=\"text-decoration: none;\">\r\n  <button class=\"comic-button\">Hor\u00e1rios<\/button>\r\n<\/a>\t\t\t\t<\/div>\n\t\t\t\t<\/div>\n\t\t\t\t<div class=\"elementor-element elementor-element-3b02d2e0 elementor-widget elementor-widget-html\" data-id=\"3b02d2e0\" data-element_type=\"widget\" data-e-type=\"widget\" data-widget_type=\"html.default\">\n\t\t\t\t<div class=\"elementor-widget-container\">\n\t\t\t\t\t<a href=\"\/guiaescolar\/ensino-fundamental-1\/salas-de-aula-ef1\/\" style=\"text-decoration: none;\">\r\n  <button class=\"comic-button\">Salas<br>de Aula<\/button>\r\n<\/a>\t\t\t\t<\/div>\n\t\t\t\t<\/div>\n\t\t\t\t<div class=\"elementor-element elementor-element-7a82b2ec elementor-widget elementor-widget-html\" data-id=\"7a82b2ec\" data-element_type=\"widget\" data-e-type=\"widget\" data-widget_type=\"html.default\">\n\t\t\t\t<div class=\"elementor-widget-container\">\n\t\t\t\t\t<a href=\"\/guiaescolar\/ensino-fundamental-1\/entrada-e-saida\" style=\"text-decoration: none;\">\r\n  <button class=\"comic-button\">Entrada<br>e Sa\u00edda<\/button>\r\n<\/a>\t\t\t\t<\/div>\n\t\t\t\t<\/div>\n\t\t\t\t<\/div>\n\t\t<div class=\"elementor-element elementor-element-9e2318c e-grid e-con-full e-con e-child\" data-id=\"9e2318c\" data-element_type=\"container\" data-e-type=\"container\">\n\t\t\t\t<div class=\"elementor-element elementor-element-500ced3d elementor-widget elementor-widget-html\" data-id=\"500ced3d\" data-element_type=\"widget\" data-e-type=\"widget\" data-widget_type=\"html.default\">\n\t\t\t\t<div class=\"elementor-widget-container\">\n\t\t\t\t\t<a href=\"\/guiaescolar\/ensino-fundamental-1\/recreacao\" style=\"text-decoration: none;\">\r\n  <button class=\"comic-button\">Recrea\u00e7\u00e3o<\/button>\r\n<\/a>\t\t\t\t<\/div>\n\t\t\t\t<\/div>\n\t\t\t\t<div class=\"elementor-element elementor-element-362c19a1 elementor-widget elementor-widget-html\" data-id=\"362c19a1\" data-element_type=\"widget\" data-e-type=\"widget\" data-widget_type=\"html.default\">\n\t\t\t\t<div class=\"elementor-widget-container\">\n\t\t\t\t\t<a href=\"\/guiaescolar\/ensino-fundamental-1\/avaliacoes\" style=\"text-decoration: none;\">\r\n  <button class=\"comic-button\">Avalia\u00e7\u00f5es<\/button>\r\n<\/a>\t\t\t\t<\/div>\n\t\t\t\t<\/div>\n\t\t\t\t<div class=\"elementor-element elementor-element-4abf5f6d elementor-widget elementor-widget-html\" data-id=\"4abf5f6d\" data-element_type=\"widget\" data-e-type=\"widget\" data-widget_type=\"html.default\">\n\t\t\t\t<div class=\"elementor-widget-container\">\n\t\t\t\t\t<a href=\"\/guiaescolar\/ensino-fundamental-1\/lista-de-materiais\" style=\"text-decoration: none;\">\r\n  <button class=\"comic-button\">Lista<br>de Materiais<\/button>\r\n<\/a>\t\t\t\t<\/div>\n\t\t\t\t<\/div>\n\t\t\t\t<\/div>\n\t\t<div class=\"elementor-element elementor-element-46576057 e-grid e-con-full e-con e-child\" data-id=\"46576057\" data-element_type=\"container\" data-e-type=\"container\">\n\t\t\t\t<div class=\"elementor-element elementor-element-1cce207 elementor-widget elementor-widget-html\" data-id=\"1cce207\" data-element_type=\"widget\" data-e-type=\"widget\" data-widget_type=\"html.default\">\n\t\t\t\t<div class=\"elementor-widget-container\">\n\t\t\t\t\t<a href=\"\/guiaescolar\/extracurriculares\/\" style=\"text-decoration: none;\">\r\n  <button class=\"comic-button\">Extra-<br>curriculares<\/button>\r\n<\/a>\t\t\t\t<\/div>\n\t\t\t\t<\/div>\n\t\t\t\t<div class=\"elementor-element elementor-element-6cad144 elementor-widget elementor-widget-html\" data-id=\"6cad144\" data-element_type=\"widget\" data-e-type=\"widget\" data-widget_type=\"html.default\">\n\t\t\t\t<div class=\"elementor-widget-container\">\n\t\t\t\t\t<a href=\"\/guiaescolar\/ensino-fundamental-1\/saida-de-estudos\" style=\"text-decoration: none;\">\r\n  <button class=\"comic-button\">Sa\u00eddas<br>de Estudos<\/button>\r\n<\/a>\t\t\t\t<\/div>\n\t\t\t\t<\/div>\n\t\t\t\t<div class=\"elementor-element elementor-element-2d78ed49 elementor-widget elementor-widget-html\" data-id=\"2d78ed49\" data-element_type=\"widget\" data-e-type=\"widget\" data-widget_type=\"html.default\">\n\t\t\t\t<div class=\"elementor-widget-container\">\n\t\t\t\t\t<a href=\"\/guiaescolar\/ensino-fundamental-1\/plataformas-educacionais\" style=\"text-decoration: none;\">\r\n  <button class=\"comic-button\">Plataformas<br>Educacionais<\/button>\r\n<\/a>\t\t\t\t<\/div>\n\t\t\t\t<\/div>\n\t\t\t\t<\/div>\n\t\t<div class=\"elementor-element elementor-element-20cfe0fb e-grid e-con-full e-con e-child\" data-id=\"20cfe0fb\" data-element_type=\"container\" data-e-type=\"container\">\n\t\t\t\t<div class=\"elementor-element elementor-element-4fe1118f elementor-widget elementor-widget-html\" data-id=\"4fe1118f\" data-element_type=\"widget\" data-e-type=\"widget\" data-widget_type=\"html.default\">\n\t\t\t\t<div class=\"elementor-widget-container\">\n\t\t\t\t\t<a href=\"\/guiaescolar\/ensino-fundamental-1\/aniversario\" style=\"text-decoration: none;\">\r\n  <button class=\"comic-button\">Anivers\u00e1rio<\/button>\r\n<\/a>\t\t\t\t<\/div>\n\t\t\t\t<\/div>\n\t\t\t\t<div class=\"elementor-element elementor-element-541d19ca elementor-widget elementor-widget-html\" data-id=\"541d19ca\" data-element_type=\"widget\" data-e-type=\"widget\" data-widget_type=\"html.default\">\n\t\t\t\t<div class=\"elementor-widget-container\">\n\t\t\t\t\t<a href=\"\/guiaescolar\/ensino-fundamental-1\/reunioes-de-turmas\" style=\"text-decoration: none;\">\r\n  <button class=\"comic-button\">Reuni\u00f5es<br> de Turmas<\/button>\r\n<\/a>\t\t\t\t<\/div>\n\t\t\t\t<\/div>\n\t\t\t\t<div class=\"elementor-element elementor-element-5b4e6d52 elementor-widget elementor-widget-html\" data-id=\"5b4e6d52\" data-element_type=\"widget\" data-e-type=\"widget\" data-widget_type=\"html.default\">\n\t\t\t\t<div class=\"elementor-widget-container\">\n\t\t\t\t\t<a href=\"\/guiaescolar\/ensino-fundamental-1\/ir-ktana\" style=\"text-decoration: none;\">\r\n  <button class=\"comic-button\">Ir Ktan\u00e1<\/button>\r\n<\/a>\t\t\t\t<\/div>\n\t\t\t\t<\/div>\n\t\t\t\t<\/div>\n\t\t<div class=\"elementor-element elementor-element-98d2cca e-grid e-con-full e-con e-child\" data-id=\"98d2cca\" data-element_type=\"container\" data-e-type=\"container\">\n\t\t\t\t<div class=\"elementor-element elementor-element-36ef3186 elementor-widget elementor-widget-html\" data-id=\"36ef3186\" data-element_type=\"widget\" data-e-type=\"widget\" data-widget_type=\"html.default\">\n\t\t\t\t<div class=\"elementor-widget-container\">\n\t\t\t\t\t<a href=\"\/guiaescolar\/ensino-fundamental-1\/shabat-com-familias\" style=\"text-decoration: none;\">\r\n  <button class=\"comic-button\">Shabat<br>com Fam\u00edlias<\/button>\r\n<\/a>\t\t\t\t<\/div>\n\t\t\t\t<\/div>\n\t\t\t\t<div class=\"elementor-element elementor-element-8857f56 elementor-widget elementor-widget-html\" data-id=\"8857f56\" data-element_type=\"widget\" data-e-type=\"widget\" data-widget_type=\"html.default\">\n\t\t\t\t<div class=\"elementor-widget-container\">\n\t\t\t\t\t<a href=\"\/guiaescolar\/planos-de-ensino-ensino-fundamental-1\/\" style=\"text-decoration: none;\">\r\n  <button class=\"comic-button\">Planos<br>de Ensino<\/button>\r\n<\/a>\t\t\t\t<\/div>\n\t\t\t\t<\/div>\n\t\t\t\t<div class=\"elementor-element elementor-element-249fbef elementor-widget elementor-widget-html\" data-id=\"249fbef\" data-element_type=\"widget\" data-e-type=\"widget\" data-widget_type=\"html.default\">\n\t\t\t\t<div class=\"elementor-widget-container\">\n\t\t\t\t\t<a href=\"\/guiaescolar\/aee\/\" style=\"text-decoration: none;\">\r\n  <button class=\"comic-button\">AEE<\/button>\r\n<\/a>\t\t\t\t<\/div>\n\t\t\t\t<\/div>\n\t\t\t\t<\/div>\n\t\t<div class=\"elementor-element elementor-element-5500ec0b e-grid e-con-full e-con e-child\" data-id=\"5500ec0b\" data-element_type=\"container\" data-e-type=\"container\">\n\t\t\t\t<div class=\"elementor-element elementor-element-429e1127 elementor-widget elementor-widget-html\" data-id=\"429e1127\" data-element_type=\"widget\" data-e-type=\"widget\" data-widget_type=\"html.default\">\n\t\t\t\t<div class=\"elementor-widget-container\">\n\t\t\t\t\t<a href=\"\/guiaescolar\/ensino-fundamental-1\/avaliacoes-externas\" style=\"text-decoration: none;\">\r\n  <button class=\"comic-button\">Avalia\u00e7\u00f5es<br>Externas<\/button>\r\n<\/a>\t\t\t\t<\/div>\n\t\t\t\t<\/div>\n\t\t\t\t<\/div>\n\t\t\t\t<\/div>\n\t\t\t\t<\/div>\n\t\t","protected":false},"excerpt":{"rendered":"<p>Anivers\u00e1rios Dentro do CIB Para que as comemora\u00e7\u00f5es de anivers\u00e1rio em sala de aula ocorram de forma organizada e respeitosa, seguem as orienta\u00e7\u00f5es:\u00a0 Agendamento: a comemora\u00e7\u00e3o deve ser combinada com a professora com, pelo menos, 72 horas de anteced\u00eancia.\u00a0 Convites: n\u00e3o \u00e9 permitido enviar convites para colegas para comemora\u00e7\u00f5es realizadas na sala de aula.\u00a0 Decora\u00e7\u00e3o: [&hellip;]<\/p>\n","protected":false},"author":6,"featured_media":0,"parent":888,"menu_order":0,"comment_status":"closed","ping_status":"closed","template":"","meta":{"footnotes":""},"class_list":["post-1164","page","type-page","status-publish","hentry"],"_links":{"self":[{"href":"https:\/\/israelitaedu.com.br\/guiaescolar\/wp-json\/wp\/v2\/pages\/1164","targetHints":{"allow":["GET"]}}],"collection":[{"href":"https:\/\/israelitaedu.com.br\/guiaescolar\/wp-json\/wp\/v2\/pages"}],"about":[{"href":"https:\/\/israelitaedu.com.br\/guiaescolar\/wp-json\/wp\/v2\/types\/page"}],"author":[{"embeddable":true,"href":"https:\/\/israelitaedu.com.br\/guiaescolar\/wp-json\/wp\/v2\/users\/6"}],"replies":[{"embeddable":true,"href":"https:\/\/israelitaedu.com.br\/guiaescolar\/wp-json\/wp\/v2\/comments?post=1164"}],"version-history":[{"count":27,"href":"https:\/\/israelitaedu.com.br\/guiaescolar\/wp-json\/wp\/v2\/pages\/1164\/revisions"}],"predecessor-version":[{"id":6022,"href":"https:\/\/israelitaedu.com.br\/guiaescolar\/wp-json\/wp\/v2\/pages\/1164\/revisions\/6022"}],"up":[{"embeddable":true,"href":"https:\/\/israelitaedu.com.br\/guiaescolar\/wp-json\/wp\/v2\/pages\/888"}],"wp:attachment":[{"href":"https:\/\/israelitaedu.com.br\/guiaescolar\/wp-json\/wp\/v2\/media?parent=1164"}],"curies":[{"name":"wp","href":"https:\/\/api.w.org\/{rel}","templated":true}]}}