{"id":1080,"date":"2025-04-22T12:39:03","date_gmt":"2025-04-22T15:39:03","guid":{"rendered":"https:\/\/israelitaedu.com.br\/guiaescolar\/?page_id=1080"},"modified":"2025-12-22T09:05:53","modified_gmt":"2025-12-22T12:05:53","slug":"5-ano","status":"publish","type":"page","link":"https:\/\/israelitaedu.com.br\/guiaescolar\/ensino-fundamental-1\/lista-de-materiais\/5-ano\/","title":{"rendered":"Lista de Materiais &#8211; 5\u00ba ano"},"content":{"rendered":"\t\t<div data-elementor-type=\"wp-page\" data-elementor-id=\"1080\" class=\"elementor elementor-1080\" data-elementor-post-type=\"page\">\n\t\t\t\t<div class=\"elementor-element elementor-element-908fb3b e-flex e-con-boxed e-con e-parent\" data-id=\"908fb3b\" data-element_type=\"container\" data-e-type=\"container\">\n\t\t\t\t\t<div class=\"e-con-inner\">\n\t\t<div class=\"elementor-element elementor-element-51bcf9d0 e-con-full e-flex e-con e-child\" data-id=\"51bcf9d0\" data-element_type=\"container\" data-e-type=\"container\">\n\t\t\t\t<div class=\"elementor-element elementor-element-6984e337 elementor-widget elementor-widget-heading\" data-id=\"6984e337\" data-element_type=\"widget\" data-e-type=\"widget\" data-widget_type=\"heading.default\">\n\t\t\t\t<div class=\"elementor-widget-container\">\n\t\t\t\t\t<h2 class=\"elementor-heading-title elementor-size-default\">GUIA ESCOLAR<\/h2>\t\t\t\t<\/div>\n\t\t\t\t<\/div>\n\t\t\t\t<\/div>\n\t\t<div class=\"elementor-element elementor-element-d82f8d5 e-con-full e-flex e-con e-child\" data-id=\"d82f8d5\" data-element_type=\"container\" data-e-type=\"container\">\n\t\t\t\t<div class=\"elementor-element elementor-element-295f55b4 elementor-widget elementor-widget-heading\" data-id=\"295f55b4\" data-element_type=\"widget\" data-e-type=\"widget\" data-widget_type=\"heading.default\">\n\t\t\t\t<div class=\"elementor-widget-container\">\n\t\t\t\t\t<h2 class=\"elementor-heading-title elementor-size-default\">Lista de Materiais<\/h2>\t\t\t\t<\/div>\n\t\t\t\t<\/div>\n\t\t\t\t<div class=\"elementor-element elementor-element-2f9b97dd elementor-widget elementor-widget-heading\" data-id=\"2f9b97dd\" data-element_type=\"widget\" data-e-type=\"widget\" data-widget_type=\"heading.default\">\n\t\t\t\t<div class=\"elementor-widget-container\">\n\t\t\t\t\t<h2 class=\"elementor-heading-title elementor-size-default\">5\u00ba ano<\/h2>\t\t\t\t<\/div>\n\t\t\t\t<\/div>\n\t\t<div class=\"elementor-element elementor-element-7b26d1fc e-con-full e-flex e-con e-child\" data-id=\"7b26d1fc\" data-element_type=\"container\" data-e-type=\"container\">\n\t\t\t\t<div class=\"elementor-element elementor-element-479913eb elementor-widget elementor-widget-text-editor\" data-id=\"479913eb\" data-element_type=\"widget\" data-e-type=\"widget\" data-widget_type=\"text-editor.default\">\n\t\t\t\t<div class=\"elementor-widget-container\">\n\t\t\t\t\t\t\t\t\t<p>Os materiais escolares adotados para 2026 estar\u00e3o dispon\u00edveis para venda na loja Letral, localizada na escola.\u00a0<strong>Em raz\u00e3o de obras, a loja estar\u00e1 temporariamente localizada na Sala de M\u00fasica. <\/strong>Informa\u00e7\u00f5es e or\u00e7amentos pelo WhatsApp 51 9819-9186. A loja tamb\u00e9m faz a entrega direta em sala de aula, do maternal 1 ao 5\u00ba ano.<\/p><p>Caso a fam\u00edlia prefira, poder\u00e1 adquirir o material em outro estabelecimento at\u00e9 o in\u00edcio do ano letivo.<\/p>\t\t\t\t\t\t\t\t<\/div>\n\t\t\t\t<\/div>\n\t\t\t\t<\/div>\n\t\t\t\t<\/div>\n\t\t<div class=\"elementor-element elementor-element-04382b1 e-con-full forcar-cor-texto-preto e-flex e-con e-child\" data-id=\"04382b1\" data-element_type=\"container\" data-e-type=\"container\" data-settings=\"{&quot;background_background&quot;:&quot;classic&quot;}\">\n\t\t<div class=\"elementor-element elementor-element-3b5c582e e-con-full e-flex e-con e-child\" data-id=\"3b5c582e\" data-element_type=\"container\" data-e-type=\"container\">\n\t\t\t\t<div class=\"elementor-element elementor-element-752a8e97 elementor-widget elementor-widget-heading\" data-id=\"752a8e97\" data-element_type=\"widget\" data-e-type=\"widget\" data-widget_type=\"heading.default\">\n\t\t\t\t<div class=\"elementor-widget-container\">\n\t\t\t\t\t<h2 class=\"elementor-heading-title elementor-size-default\">ITENS DIVERSOS<\/h2>\t\t\t\t<\/div>\n\t\t\t\t<\/div>\n\t\t\t\t<div class=\"elementor-element elementor-element-64c26fbe elementor-widget elementor-widget-text-editor\" data-id=\"64c26fbe\" data-element_type=\"widget\" data-e-type=\"widget\" data-widget_type=\"text-editor.default\">\n\t\t\t\t<div class=\"elementor-widget-container\">\n\t\t\t\t\t\t\t\t\t<p>Entregar os itens em sacolas identificadas de 18 a 21 de fevereiro para a professora tutora.\u00a0\u00a0<\/p><p>\u2013 4 pastas com espiral com 50 sacos pl\u00e1sticos, sendo uma para L\u00edngua Portuguesa,\u00a0 uma para L\u00edngua Inglesa, uma para Matem\u00e1tica e outra para Ci\u00eancias Humanas e Ci\u00eancias Naturais<\/p><p>\u2013 1 caderno pequeno com 48 folhas para Cultura Judaica<\/p><p>\u2013 150 folhas de desenho A4 120g<\/p><p>\u2013 70 folhas pautadas brancas tamanho A4<\/p><p>\u20131 bloco de folha quadriculada (1X1)\u00a0 com 30 folhas\u00a0<\/p><p>\u2013 50 folhas A3 120g<\/p><p>\u2013 15 sacos pl\u00e1sticos A4<\/p><p>\u2013 1 caixa de massa de modelar com 12 cores soft\u00a0<\/p><p>\u2013 2 pacotes de massa de EVA, 10 cores sortidas<\/p><p>\u2013 2 pacotes de papel colorset A4 80g<\/p><p>\u2013 1 compasso\u00a0<\/p><p>\u2013 1 transferidor 180\u00b0<\/p><p>\u2013 2 gibis\u00a0<\/p><p>\u2013 1 caixa de l\u00e1pis de cor com tons de pele<\/p><p>\u2013 1 fone de ouvido com fio identificado<\/p><div>\u00a0<\/div>\t\t\t\t\t\t\t\t<\/div>\n\t\t\t\t<\/div>\n\t\t\t\t<\/div>\n\t\t<div class=\"elementor-element elementor-element-2459290d e-con-full e-flex e-con e-child\" data-id=\"2459290d\" data-element_type=\"container\" data-e-type=\"container\">\n\t\t\t\t<div class=\"elementor-element elementor-element-57512fd7 elementor-widget elementor-widget-heading\" data-id=\"57512fd7\" data-element_type=\"widget\" data-e-type=\"widget\" data-widget_type=\"heading.default\">\n\t\t\t\t<div class=\"elementor-widget-container\">\n\t\t\t\t\t<h2 class=\"elementor-heading-title elementor-size-default\">ITENS DA MOCHILA<\/h2>\t\t\t\t<\/div>\n\t\t\t\t<\/div>\n\t\t\t\t<div class=\"elementor-element elementor-element-2955b048 elementor-widget elementor-widget-text-editor\" data-id=\"2955b048\" data-element_type=\"widget\" data-e-type=\"widget\" data-widget_type=\"text-editor.default\">\n\t\t\t\t<div class=\"elementor-widget-container\">\n\t\t\t\t\t\t\t\t\t<p>Manter diariamente na mochila, identificando todos os itens e repondo sempre que necess\u00e1rio:\u00a0<\/p><p>\u2013 1 pasta fina e transparente com el\u00e1stico A4<\/p><p>\u2013 4 cadernos universit\u00e1rios de 96 folhas<\/p><p>\u2013 1 caneta marca-texto<\/p><p>\u2013 1 estojo de canetas hidrocor 12 cores<\/p><p>\u2013 1 tubo de cola l\u00edquida<\/p><p>\u2013 1 tubo de cola bast\u00e3o 40g<\/p><p>\u2013 1 r\u00e9gua transparente 30 cm<\/p><p>\u2013 1 apontador com dep\u00f3sito<\/p><p>\u2013 1 caixa de l\u00e1pis de cor 12 cores<\/p><p>\u2013 1 caneta esferogr\u00e1fica preta<\/p><p>\u2013\u00a0 1 caneta esferogr\u00e1fica\u00a0 azul<\/p><p>\u2013 1 borracha macia<\/p><p>\u2013 3 l\u00e1pis pretos n\u00ba 2<\/p><p>\u2013 1 tesoura de ponta redonda<\/p><p>\u2013 2 blocos de notas adesivas tipo post-it de tamanhos diferentes 50 folhas cada<\/p><p>\u2013 1 Kip\u00e1 identificada com o nome do aluno<\/p><p>\u2013 1 necessaire com itens de higiene bucal\u00a0 (escova e creme dental)\u00a0<\/p><p>\u2013 1 garrafa de \u00e1gua<\/p><div>\u00a0<\/div>\t\t\t\t\t\t\t\t<\/div>\n\t\t\t\t<\/div>\n\t\t\t\t<\/div>\n\t\t<div class=\"elementor-element elementor-element-2bde963 e-con-full e-flex e-con e-child\" data-id=\"2bde963\" data-element_type=\"container\" data-e-type=\"container\">\n\t\t\t\t<div class=\"elementor-element elementor-element-43fbb774 elementor-widget elementor-widget-heading\" data-id=\"43fbb774\" data-element_type=\"widget\" data-e-type=\"widget\" data-widget_type=\"heading.default\">\n\t\t\t\t<div class=\"elementor-widget-container\">\n\t\t\t\t\t<h2 class=\"elementor-heading-title elementor-size-default\">MATERIAL DE ARTE \n\n<\/h2>\t\t\t\t<\/div>\n\t\t\t\t<\/div>\n\t\t\t\t<div class=\"elementor-element elementor-element-1fee5cc2 elementor-widget elementor-widget-text-editor\" data-id=\"1fee5cc2\" data-element_type=\"widget\" data-e-type=\"widget\" data-widget_type=\"text-editor.default\">\n\t\t\t\t<div class=\"elementor-widget-container\">\n\t\t\t\t\t\t\t\t\t<p><span data-contrast=\"auto\">A ser entregue em sacola separada e identificada com nome e turma do(a) aluno(a) at\u00e9 10\/3\u00a0<\/span><span data-ccp-props=\"{&quot;134233118&quot;:false,&quot;335559739&quot;:0}\">\u00a0<\/span><\/p><p><span data-contrast=\"auto\">\u2013 1 l\u00e1pis 6B<\/span><\/p><p><span data-contrast=\"auto\">\u2013 1 estojo de caneta hidrocor 12 cores<\/span><\/p><p><span data-contrast=\"auto\">\u2013 15 folhas de desenho A3 120g<\/span><\/p><p><span data-contrast=\"auto\">\u2013 1 pacote de massa de biscuit\u00a0 90gr (cor variada)<\/span><\/p>\t\t\t\t\t\t\t\t<\/div>\n\t\t\t\t<\/div>\n\t\t\t\t<\/div>\n\t\t<div class=\"elementor-element elementor-element-26fb155 e-con-full e-flex e-con e-child\" data-id=\"26fb155\" data-element_type=\"container\" data-e-type=\"container\">\n\t\t\t\t<div class=\"elementor-element elementor-element-9395a7c elementor-widget elementor-widget-heading\" data-id=\"9395a7c\" data-element_type=\"widget\" data-e-type=\"widget\" data-widget_type=\"heading.default\">\n\t\t\t\t<div class=\"elementor-widget-container\">\n\t\t\t\t\t<h2 class=\"elementor-heading-title elementor-size-default\">MATERIAL DE M\u00daSICA\n\n<\/h2>\t\t\t\t<\/div>\n\t\t\t\t<\/div>\n\t\t\t\t<div class=\"elementor-element elementor-element-c0a9bae elementor-widget elementor-widget-text-editor\" data-id=\"c0a9bae\" data-element_type=\"widget\" data-e-type=\"widget\" data-widget_type=\"text-editor.default\">\n\t\t\t\t<div class=\"elementor-widget-container\">\n\t\t\t\t\t\t\t\t\t<p>A ser entregue em sacola separada e identificada com nome e turma do(a) aluno(a) na primeira aula de M\u00fasica<\/p><p>-1 pasta cat\u00e1logo 20 ou 40 folhas A4 para aula de m\u00fasica (sugest\u00e3o: Clear Book)<\/p><p>-Flauta Yamaha Doce Soprano Barroca Original Com Capa Bege identificada<\/p><div>\u00a0<\/div>\t\t\t\t\t\t\t\t<\/div>\n\t\t\t\t<\/div>\n\t\t\t\t<\/div>\n\t\t<div class=\"elementor-element elementor-element-95212b2 e-con-full e-flex e-con e-child\" data-id=\"95212b2\" data-element_type=\"container\" data-e-type=\"container\">\n\t\t\t\t<div class=\"elementor-element elementor-element-4d8d5983 elementor-widget elementor-widget-heading\" data-id=\"4d8d5983\" data-element_type=\"widget\" data-e-type=\"widget\" data-widget_type=\"heading.default\">\n\t\t\t\t<div class=\"elementor-widget-container\">\n\t\t\t\t\t<h2 class=\"elementor-heading-title elementor-size-default\">MATERIAIS DID\u00c1TICOS E LITER\u00c1RIOS<\/h2>\t\t\t\t<\/div>\n\t\t\t\t<\/div>\n\t\t\t\t<div class=\"elementor-element elementor-element-c21fa2a elementor-widget elementor-widget-text-editor\" data-id=\"c21fa2a\" data-element_type=\"widget\" data-e-type=\"widget\" data-widget_type=\"text-editor.default\">\n\t\t\t\t<div class=\"elementor-widget-container\">\n\t\t\t\t\t\t\t\t\t<p>\u2013 Material de Educa\u00e7\u00e3o Tecnol\u00f3gica: o valor referente ao kit rob\u00f3tica (R$ 260,00) ser\u00e1 inclu\u00eddo no boleto de mensalidade com vencimento no m\u00eas de abril\u00a0<\/p><p>OBS: Apenas alunos novos precisam adquirir o kit na secretaria escolar. Demais alunos reaproveitar\u00e3o o material do 4\u00ba ano.\u00a0\u00a0<\/p><p>\u2013 1 livro de literatura infantil em l\u00edngua inglesa (a ser definido no in\u00edcio do ano letivo)<\/p><p>\u2013 1 livro de literatura infantil em l\u00edngua portuguesa para rod\u00edzio liter\u00e1rio (a ser definido no in\u00edcio do ano letivo)<\/p><p>\u2013 1 jogo de tabuleiro ou de cartas em portugu\u00eas ou ingl\u00eas, respeitando a faixa et\u00e1ria (a ser definido na primeira reuni\u00e3o com fam\u00edlias)\u00a0<\/p><p>\u2013 1 Dicion\u00e1rio \u2013 Nova Ortografia, devidamente identificado\u00a0<\/p><p>\u2013 1 livro de literatura infantil de leitura obrigat\u00f3ria de Cultura Judaica a ser solicitado no 2\u00ba semestre<\/p><p>\u2013 Besod HaIvrit (ferramenta pedag\u00f3gica para desenvolvimento da aprendizagem de L\u00edngua Hebraica no componente curricular de Cultura Judaica) + 1 apostila de L\u00edngua Hebraica e Shirim (M\u00fasicas), que ser\u00e1 entregue aos alunos em sala no retorno \u00e0s aulas. Visando facilitar a log\u00edstica das fam\u00edlias, o valor da assinatura anual da plataforma e da Apostila ser\u00e1 inclu\u00eddo no boleto de cobran\u00e7a da mensalidade com vencimento no m\u00eas de mar\u00e7o.<\/p>\t\t\t\t\t\t\t\t<\/div>\n\t\t\t\t<\/div>\n\t\t\t\t<\/div>\n\t\t\t\t<\/div>\n\t\t<div class=\"elementor-element elementor-element-618def71 e-con-full e-flex e-con e-child\" data-id=\"618def71\" data-element_type=\"container\" data-e-type=\"container\">\n\t\t\t\t<div class=\"elementor-element elementor-element-3d215e elementor-widget elementor-widget-text-editor\" data-id=\"3d215e\" data-element_type=\"widget\" data-e-type=\"widget\" data-widget_type=\"text-editor.default\">\n\t\t\t\t<div class=\"elementor-widget-container\">\n\t\t\t\t\t\t\t\t\t<p>Em caso de d\u00favidas, entre em contato pelo aplicativo, no canal Central de Relacionamento.<\/p>\t\t\t\t\t\t\t\t<\/div>\n\t\t\t\t<\/div>\n\t\t\t\t<div class=\"elementor-element elementor-element-497b8c98 elementor-widget elementor-widget-heading\" data-id=\"497b8c98\" data-element_type=\"widget\" data-e-type=\"widget\" data-widget_type=\"heading.default\">\n\t\t\t\t<div class=\"elementor-widget-container\">\n\t\t\t\t\t<h2 class=\"elementor-heading-title elementor-size-default\"><span style=\"font-size: 33px;font-weight: 400;text-align: center\">Navega\u00e7\u00e3o&nbsp;<\/span><span style=\"font-size: 33px;font-weight: 400;text-align: center\">EF1<\/span><\/h2>\t\t\t\t<\/div>\n\t\t\t\t<\/div>\n\t\t<div class=\"elementor-element elementor-element-65a0904b e-grid e-con-full e-con e-child\" data-id=\"65a0904b\" data-element_type=\"container\" data-e-type=\"container\">\n\t\t\t\t<div class=\"elementor-element elementor-element-76bd5afe elementor-widget elementor-widget-html\" data-id=\"76bd5afe\" data-element_type=\"widget\" data-e-type=\"widget\" data-widget_type=\"html.default\">\n\t\t\t\t<div class=\"elementor-widget-container\">\n\t\t\t\t\t<a href=\"\/guiaescolar\/ensino-fundamental-1\/horarios\" style=\"text-decoration: none;\">\r\n  <button class=\"comic-button\">Hor\u00e1rios<\/button>\r\n<\/a>\t\t\t\t<\/div>\n\t\t\t\t<\/div>\n\t\t\t\t<div class=\"elementor-element elementor-element-354c8d54 elementor-widget elementor-widget-html\" data-id=\"354c8d54\" data-element_type=\"widget\" data-e-type=\"widget\" data-widget_type=\"html.default\">\n\t\t\t\t<div class=\"elementor-widget-container\">\n\t\t\t\t\t<a href=\"\/guiaescolar\/ensino-fundamental-1\/salas-de-aula-ef1\/\" style=\"text-decoration: none;\">\r\n  <button class=\"comic-button\">Salas<br>de Aula<\/button>\r\n<\/a>\t\t\t\t<\/div>\n\t\t\t\t<\/div>\n\t\t\t\t<div class=\"elementor-element elementor-element-73866150 elementor-widget elementor-widget-html\" data-id=\"73866150\" data-element_type=\"widget\" data-e-type=\"widget\" data-widget_type=\"html.default\">\n\t\t\t\t<div class=\"elementor-widget-container\">\n\t\t\t\t\t<a href=\"\/guiaescolar\/ensino-fundamental-1\/entrada-e-saida\" style=\"text-decoration: none;\">\r\n  <button class=\"comic-button\">Entrada<br>e Sa\u00edda<\/button>\r\n<\/a>\t\t\t\t<\/div>\n\t\t\t\t<\/div>\n\t\t\t\t<\/div>\n\t\t<div class=\"elementor-element elementor-element-1d7c9d5f e-grid e-con-full e-con e-child\" data-id=\"1d7c9d5f\" data-element_type=\"container\" data-e-type=\"container\">\n\t\t\t\t<div class=\"elementor-element elementor-element-4b6aca68 elementor-widget elementor-widget-html\" data-id=\"4b6aca68\" data-element_type=\"widget\" data-e-type=\"widget\" data-widget_type=\"html.default\">\n\t\t\t\t<div class=\"elementor-widget-container\">\n\t\t\t\t\t<a href=\"\/guiaescolar\/ensino-fundamental-1\/recreacao\" style=\"text-decoration: none;\">\r\n  <button class=\"comic-button\">Recrea\u00e7\u00e3o<\/button>\r\n<\/a>\t\t\t\t<\/div>\n\t\t\t\t<\/div>\n\t\t\t\t<div class=\"elementor-element elementor-element-f4a3c9e elementor-widget elementor-widget-html\" data-id=\"f4a3c9e\" data-element_type=\"widget\" data-e-type=\"widget\" data-widget_type=\"html.default\">\n\t\t\t\t<div class=\"elementor-widget-container\">\n\t\t\t\t\t<a href=\"\/guiaescolar\/ensino-fundamental-1\/avaliacoes-externas\" style=\"text-decoration: none;\">\r\n  <button class=\"comic-button\">Avalia\u00e7\u00f5es<br>Externas<\/button>\r\n<\/a>\t\t\t\t<\/div>\n\t\t\t\t<\/div>\n\t\t\t\t<div class=\"elementor-element elementor-element-7a98a5b0 elementor-widget elementor-widget-html\" data-id=\"7a98a5b0\" data-element_type=\"widget\" data-e-type=\"widget\" data-widget_type=\"html.default\">\n\t\t\t\t<div class=\"elementor-widget-container\">\n\t\t\t\t\t<a href=\"\/guiaescolar\/ensino-fundamental-1\/lista-de-materiais\" style=\"text-decoration: none;\">\r\n  <button class=\"comic-button\">Lista<br>de Materiais<\/button>\r\n<\/a>\t\t\t\t<\/div>\n\t\t\t\t<\/div>\n\t\t\t\t<\/div>\n\t\t<div class=\"elementor-element elementor-element-2ea364e5 e-grid e-con-full e-con e-child\" data-id=\"2ea364e5\" data-element_type=\"container\" data-e-type=\"container\">\n\t\t\t\t<div class=\"elementor-element elementor-element-1d62cd6d elementor-widget elementor-widget-html\" data-id=\"1d62cd6d\" data-element_type=\"widget\" data-e-type=\"widget\" data-widget_type=\"html.default\">\n\t\t\t\t<div class=\"elementor-widget-container\">\n\t\t\t\t\t<a href=\"\/guiaescolar\/ensino-fundamental-1\/extra-curriculares\" style=\"text-decoration: none;\">\r\n  <button class=\"comic-button\">Extra-<br>curriculares<\/button>\r\n<\/a>\t\t\t\t<\/div>\n\t\t\t\t<\/div>\n\t\t\t\t<div class=\"elementor-element elementor-element-10c58fce elementor-widget elementor-widget-html\" data-id=\"10c58fce\" data-element_type=\"widget\" data-e-type=\"widget\" data-widget_type=\"html.default\">\n\t\t\t\t<div class=\"elementor-widget-container\">\n\t\t\t\t\t<a href=\"\/guiaescolar\/ensino-fundamental-1\/plataformas-educacionais\" style=\"text-decoration: none;\">\r\n  <button class=\"comic-button\">Plataformas<br>Educacionais<\/button>\r\n<\/a>\t\t\t\t<\/div>\n\t\t\t\t<\/div>\n\t\t\t\t<div class=\"elementor-element elementor-element-2beaad59 elementor-widget elementor-widget-html\" data-id=\"2beaad59\" data-element_type=\"widget\" data-e-type=\"widget\" data-widget_type=\"html.default\">\n\t\t\t\t<div class=\"elementor-widget-container\">\n\t\t\t\t\t<a href=\"\/guiaescolar\/ensino-fundamental-1\/saida-de-estudos\" style=\"text-decoration: none;\">\r\n  <button class=\"comic-button\">Sa\u00eddas<br>de Estudos<\/button>\r\n<\/a>\t\t\t\t<\/div>\n\t\t\t\t<\/div>\n\t\t\t\t<\/div>\n\t\t<div class=\"elementor-element elementor-element-44f17155 e-grid e-con-full e-con e-child\" data-id=\"44f17155\" data-element_type=\"container\" data-e-type=\"container\">\n\t\t\t\t<div class=\"elementor-element elementor-element-5622c3df elementor-widget elementor-widget-html\" data-id=\"5622c3df\" data-element_type=\"widget\" data-e-type=\"widget\" data-widget_type=\"html.default\">\n\t\t\t\t<div class=\"elementor-widget-container\">\n\t\t\t\t\t<a href=\"\/guiaescolar\/ensino-fundamental-1\/aniversario\" style=\"text-decoration: none;\">\r\n  <button class=\"comic-button\">Anivers\u00e1rio<\/button>\r\n<\/a>\t\t\t\t<\/div>\n\t\t\t\t<\/div>\n\t\t\t\t<div class=\"elementor-element elementor-element-71ee984 elementor-widget elementor-widget-html\" data-id=\"71ee984\" data-element_type=\"widget\" data-e-type=\"widget\" data-widget_type=\"html.default\">\n\t\t\t\t<div class=\"elementor-widget-container\">\n\t\t\t\t\t<a href=\"\/guiaescolar\/ensino-fundamental-1\/reunioes-de-turmas\" style=\"text-decoration: none;\">\r\n  <button class=\"comic-button\">Reuni\u00f5es<br> de Turmas<\/button>\r\n<\/a>\t\t\t\t<\/div>\n\t\t\t\t<\/div>\n\t\t\t\t<div class=\"elementor-element elementor-element-3d64795 elementor-widget elementor-widget-html\" data-id=\"3d64795\" data-element_type=\"widget\" data-e-type=\"widget\" data-widget_type=\"html.default\">\n\t\t\t\t<div class=\"elementor-widget-container\">\n\t\t\t\t\t<a href=\"\/guiaescolar\/ensino-fundamental-1\/ir-ktana\" style=\"text-decoration: none;\">\r\n  <button class=\"comic-button\">Ir Ktan\u00e1<\/button>\r\n<\/a>\t\t\t\t<\/div>\n\t\t\t\t<\/div>\n\t\t\t\t<\/div>\n\t\t<div class=\"elementor-element elementor-element-657e60a2 e-grid e-con-full e-con e-child\" data-id=\"657e60a2\" data-element_type=\"container\" data-e-type=\"container\">\n\t\t\t\t<div class=\"elementor-element elementor-element-761b0af elementor-widget elementor-widget-html\" data-id=\"761b0af\" data-element_type=\"widget\" data-e-type=\"widget\" data-widget_type=\"html.default\">\n\t\t\t\t<div class=\"elementor-widget-container\">\n\t\t\t\t\t<a href=\"\/guiaescolar\/ensino-fundamental-1\/shabat-com-familias\" style=\"text-decoration: none;\">\r\n  <button class=\"comic-button\">Shabat<br>com Fam\u00edlias<\/button>\r\n<\/a>\t\t\t\t<\/div>\n\t\t\t\t<\/div>\n\t\t\t\t<\/div>\n\t\t\t\t<\/div>\n\t\t\t\t\t<\/div>\n\t\t\t\t<\/div>\n\t\t\t\t<\/div>\n\t\t","protected":false},"excerpt":{"rendered":"<p>GUIA ESCOLAR Lista de Materiais 5\u00ba ano Os materiais escolares adotados para 2026 estar\u00e3o dispon\u00edveis para venda na loja Letral, localizada na escola.\u00a0Em raz\u00e3o de obras, a loja estar\u00e1 temporariamente localizada na Sala de M\u00fasica. Informa\u00e7\u00f5es e or\u00e7amentos pelo WhatsApp 51 9819-9186. A loja tamb\u00e9m faz a entrega direta em sala de aula, do maternal [&hellip;]<\/p>\n","protected":false},"author":6,"featured_media":0,"parent":1043,"menu_order":0,"comment_status":"closed","ping_status":"closed","template":"","meta":{"footnotes":""},"class_list":["post-1080","page","type-page","status-publish","hentry"],"_links":{"self":[{"href":"https:\/\/israelitaedu.com.br\/guiaescolar\/wp-json\/wp\/v2\/pages\/1080","targetHints":{"allow":["GET"]}}],"collection":[{"href":"https:\/\/israelitaedu.com.br\/guiaescolar\/wp-json\/wp\/v2\/pages"}],"about":[{"href":"https:\/\/israelitaedu.com.br\/guiaescolar\/wp-json\/wp\/v2\/types\/page"}],"author":[{"embeddable":true,"href":"https:\/\/israelitaedu.com.br\/guiaescolar\/wp-json\/wp\/v2\/users\/6"}],"replies":[{"embeddable":true,"href":"https:\/\/israelitaedu.com.br\/guiaescolar\/wp-json\/wp\/v2\/comments?post=1080"}],"version-history":[{"count":18,"href":"https:\/\/israelitaedu.com.br\/guiaescolar\/wp-json\/wp\/v2\/pages\/1080\/revisions"}],"predecessor-version":[{"id":6757,"href":"https:\/\/israelitaedu.com.br\/guiaescolar\/wp-json\/wp\/v2\/pages\/1080\/revisions\/6757"}],"up":[{"embeddable":true,"href":"https:\/\/israelitaedu.com.br\/guiaescolar\/wp-json\/wp\/v2\/pages\/1043"}],"wp:attachment":[{"href":"https:\/\/israelitaedu.com.br\/guiaescolar\/wp-json\/wp\/v2\/media?parent=1080"}],"curies":[{"name":"wp","href":"https:\/\/api.w.org\/{rel}","templated":true}]}}