{"id":1074,"date":"2025-04-22T12:35:51","date_gmt":"2025-04-22T15:35:51","guid":{"rendered":"https:\/\/israelitaedu.com.br\/guiaescolar\/?page_id=1074"},"modified":"2026-02-09T16:49:47","modified_gmt":"2026-02-09T19:49:47","slug":"4-ano","status":"publish","type":"page","link":"https:\/\/israelitaedu.com.br\/guiaescolar\/ensino-fundamental-1\/lista-de-materiais\/4-ano\/","title":{"rendered":"Lista de Materiais &#8211; 4\u00ba ano"},"content":{"rendered":"\t\t<div data-elementor-type=\"wp-page\" data-elementor-id=\"1074\" class=\"elementor elementor-1074\" data-elementor-post-type=\"page\">\n\t\t\t\t<div class=\"elementor-element elementor-element-65948caa e-flex e-con-boxed e-con e-parent\" data-id=\"65948caa\" data-element_type=\"container\" data-e-type=\"container\">\n\t\t\t\t\t<div class=\"e-con-inner\">\n\t\t<div class=\"elementor-element elementor-element-66d57c12 e-con-full e-flex e-con e-child\" data-id=\"66d57c12\" data-element_type=\"container\" data-e-type=\"container\">\n\t\t\t\t<div class=\"elementor-element elementor-element-72296947 elementor-widget elementor-widget-heading\" data-id=\"72296947\" data-element_type=\"widget\" data-e-type=\"widget\" data-widget_type=\"heading.default\">\n\t\t\t\t<div class=\"elementor-widget-container\">\n\t\t\t\t\t<h2 class=\"elementor-heading-title elementor-size-default\">GUIA ESCOLAR<\/h2>\t\t\t\t<\/div>\n\t\t\t\t<\/div>\n\t\t\t\t<\/div>\n\t\t<div class=\"elementor-element elementor-element-6ed16c21 e-con-full e-flex e-con e-child\" data-id=\"6ed16c21\" data-element_type=\"container\" data-e-type=\"container\">\n\t\t\t\t<div class=\"elementor-element elementor-element-11ad2624 elementor-widget elementor-widget-heading\" data-id=\"11ad2624\" data-element_type=\"widget\" data-e-type=\"widget\" data-widget_type=\"heading.default\">\n\t\t\t\t<div class=\"elementor-widget-container\">\n\t\t\t\t\t<h2 class=\"elementor-heading-title elementor-size-default\">Lista de Materiais<\/h2>\t\t\t\t<\/div>\n\t\t\t\t<\/div>\n\t\t\t\t<div class=\"elementor-element elementor-element-413504fa elementor-widget elementor-widget-heading\" data-id=\"413504fa\" data-element_type=\"widget\" data-e-type=\"widget\" data-widget_type=\"heading.default\">\n\t\t\t\t<div class=\"elementor-widget-container\">\n\t\t\t\t\t<h2 class=\"elementor-heading-title elementor-size-default\">4\u00ba ano<\/h2>\t\t\t\t<\/div>\n\t\t\t\t<\/div>\n\t\t<div class=\"elementor-element elementor-element-4e0ddc3a e-con-full e-flex e-con e-child\" data-id=\"4e0ddc3a\" data-element_type=\"container\" data-e-type=\"container\">\n\t\t\t\t<div class=\"elementor-element elementor-element-69663817 elementor-widget elementor-widget-text-editor\" data-id=\"69663817\" data-element_type=\"widget\" data-e-type=\"widget\" data-widget_type=\"text-editor.default\">\n\t\t\t\t<div class=\"elementor-widget-container\">\n\t\t\t\t\t\t\t\t\t<p>Os materiais escolares adotados para 2026 estar\u00e3o dispon\u00edveis para venda na loja Letral, localizada na escola.\u00a0<strong>Em raz\u00e3o de obras, a loja estar\u00e1 temporariamente localizada na Sala de M\u00fasica.<\/strong> Informa\u00e7\u00f5es e or\u00e7amentos pelo WhatsApp 51 9819-9186. A loja tamb\u00e9m faz a entrega direta em sala de aula, do maternal 1 ao 5\u00ba ano.<\/p><p>Caso a fam\u00edlia prefira, poder\u00e1 adquirir o material em outro estabelecimento at\u00e9 o in\u00edcio do ano letivo.<\/p>\t\t\t\t\t\t\t\t<\/div>\n\t\t\t\t<\/div>\n\t\t\t\t<\/div>\n\t\t\t\t<\/div>\n\t\t<div class=\"elementor-element elementor-element-64314eb e-con-full forcar-cor-texto-preto e-flex e-con e-child\" data-id=\"64314eb\" data-element_type=\"container\" data-e-type=\"container\" data-settings=\"{&quot;background_background&quot;:&quot;classic&quot;}\">\n\t\t<div class=\"elementor-element elementor-element-254bbe8 e-con-full e-flex e-con e-child\" data-id=\"254bbe8\" data-element_type=\"container\" data-e-type=\"container\">\n\t\t\t\t<div class=\"elementor-element elementor-element-3999534d elementor-widget elementor-widget-heading\" data-id=\"3999534d\" data-element_type=\"widget\" data-e-type=\"widget\" data-widget_type=\"heading.default\">\n\t\t\t\t<div class=\"elementor-widget-container\">\n\t\t\t\t\t<h2 class=\"elementor-heading-title elementor-size-default\">ITENS DIVERSOS<\/h2>\t\t\t\t<\/div>\n\t\t\t\t<\/div>\n\t\t\t\t<div class=\"elementor-element elementor-element-5ddacf88 elementor-widget elementor-widget-text-editor\" data-id=\"5ddacf88\" data-element_type=\"widget\" data-e-type=\"widget\" data-widget_type=\"text-editor.default\">\n\t\t\t\t<div class=\"elementor-widget-container\">\n\t\t\t\t\t\t\t\t\t<p>Os itens devem ser entregues em sacolas identificadas de 18 a 21 de fevereiro para a professora tutora.<\/p><p>\u2013 4 pastas cat\u00e1logo com 30 pl\u00e1sticos espessos e espiral tamanho A4 para L\u00edngua Portuguesa,\u00a0 Matem\u00e1tica, L\u00edngua Inglesa e Cultura Judaica<\/p><p>\u2013 1 pasta cat\u00e1logo com 50 pl\u00e1sticos espessos e espiral tamanho A4 para Ci\u00eancias Humanas e Ci\u00eancias Naturais<\/p><p>\u2013 1 caderno pequeno pautado e identificado para\u00a0 Cultura Judaica<\/p><p>\u2013 100 folhas tamanho A3 120g<\/p><p>\u2013 100 folhas tamanho A4 120g<\/p><p>\u2013 1 gibi em ingl\u00eas<\/p><p>\u2013 1 gibi em portugu\u00eas<\/p><p>\u2013 2 caixa de massinha de modelar soft 12 cores<\/p><p>\u2013 1 pacotes de massa de EVA, 10 cores sortidas<\/p><p>\u2013 2 pacotes de papel colorset A4<\/p><p>\u2013 30 folhas brancas quadriculadas 1\u00d71 tamanho A4<\/p><p>\u2013 1 revista com passatempos (adequada \u00e0 faixa et\u00e1ria)<\/p><p>\u2013 1 fone de ouvido identificado<\/p><p>\u2013 1 kip\u00e1 para meninos (identificada com o nome completo)<\/p><p>\u2013 5 envelopes coloridos 10\u00d715<\/p><p>\u2013 10 sacos pl\u00e1sticos espessos A4<\/p><p>\u2013 1 caixa de l\u00e1pis de cor com tons de pele<\/p><div>\u00a0<\/div>\t\t\t\t\t\t\t\t<\/div>\n\t\t\t\t<\/div>\n\t\t\t\t<\/div>\n\t\t<div class=\"elementor-element elementor-element-215d1f69 e-con-full e-flex e-con e-child\" data-id=\"215d1f69\" data-element_type=\"container\" data-e-type=\"container\">\n\t\t\t\t<div class=\"elementor-element elementor-element-4417ae74 elementor-widget elementor-widget-heading\" data-id=\"4417ae74\" data-element_type=\"widget\" data-e-type=\"widget\" data-widget_type=\"heading.default\">\n\t\t\t\t<div class=\"elementor-widget-container\">\n\t\t\t\t\t<h2 class=\"elementor-heading-title elementor-size-default\">ITENS DA MOCHILA<\/h2>\t\t\t\t<\/div>\n\t\t\t\t<\/div>\n\t\t\t\t<div class=\"elementor-element elementor-element-296b215e elementor-widget elementor-widget-text-editor\" data-id=\"296b215e\" data-element_type=\"widget\" data-e-type=\"widget\" data-widget_type=\"text-editor.default\">\n\t\t\t\t<div class=\"elementor-widget-container\">\n\t\t\t\t\t\t\t\t\t<p><span data-contrast=\"auto\">Manter diariamente na mochila, repondo sempre que necess\u00e1rio:<\/span><span data-ccp-props=\"{&quot;134233118&quot;:false,&quot;335559739&quot;:0}\">\u00a0<\/span><\/p><p>\u2013 2 cadernos universit\u00e1rios 96 folhas (A4)<\/p><p>\u2013 1 estojo de canetas hidrocor 12 cores<\/p><p>\u2013 1 caixa de l\u00e1pis de cor 12 cores<\/p><p>\u2013 1 r\u00e9gua transparente 30 cm<\/p><p>\u2013 1 tesoura de ponta redonda<\/p><p>\u2013 1 apontador com dep\u00f3sito<\/p><p>\u2013 1 borracha macia<\/p><p>\u2013 3 l\u00e1pis pretos n\u00ba2<\/p><p>\u2013 1 caneta esferogr\u00e1fica azul ou preta<\/p><p>\u2013 1 caneta marca-texto<\/p><p>\u2013 1 tubo de cola bast\u00e3o 40gr<\/p><p>\u2013 1 pasta fina e transparente com el\u00e1stico A4<\/p><p>\u2013 1 necessaire com itens de higiene bucal (escova e creme dental)<\/p><p>\u2013 1 garrafa de \u00e1gua<\/p><div>\u00a0<\/div>\t\t\t\t\t\t\t\t<\/div>\n\t\t\t\t<\/div>\n\t\t\t\t<\/div>\n\t\t<div class=\"elementor-element elementor-element-4bef0f55 e-con-full e-flex e-con e-child\" data-id=\"4bef0f55\" data-element_type=\"container\" data-e-type=\"container\">\n\t\t\t\t<div class=\"elementor-element elementor-element-761fb17d elementor-widget elementor-widget-heading\" data-id=\"761fb17d\" data-element_type=\"widget\" data-e-type=\"widget\" data-widget_type=\"heading.default\">\n\t\t\t\t<div class=\"elementor-widget-container\">\n\t\t\t\t\t<h2 class=\"elementor-heading-title elementor-size-default\">MATERIAL DE ARTE \n\n<\/h2>\t\t\t\t<\/div>\n\t\t\t\t<\/div>\n\t\t\t\t<div class=\"elementor-element elementor-element-4b9885e1 elementor-widget elementor-widget-text-editor\" data-id=\"4b9885e1\" data-element_type=\"widget\" data-e-type=\"widget\" data-widget_type=\"text-editor.default\">\n\t\t\t\t<div class=\"elementor-widget-container\">\n\t\t\t\t\t\t\t\t\t<p><span data-ccp-props=\"{&quot;134233118&quot;:false,&quot;335559739&quot;:0}\"><span lang=\"PT-BR\" xml:lang=\"PT-BR\" data-contrast=\"auto\">Deve ser entregue em sacola identificada com nome e turma do(a) aluno na primeira aula de Artes:\u00a0<\/span><\/span><\/p><p>\u2013 1 l\u00e1pis 6B<\/p><p>\u2013 1 pacote de argila escolar 1 kg<\/p><p>\u2013 1 estojo de l\u00e1pis de cor 12 cores<\/p><p>\u2013 20 folhas A4 para desenho<\/p><p>\u2013 1 tubo\/pote de tinta t\u00eampera guache\u00a0 de 250ml (cor variada, incluindo branca)\u00a0<\/p>\t\t\t\t\t\t\t\t<\/div>\n\t\t\t\t<\/div>\n\t\t\t\t<\/div>\n\t\t<div class=\"elementor-element elementor-element-5bdfa89 e-con-full e-flex e-con e-child\" data-id=\"5bdfa89\" data-element_type=\"container\" data-e-type=\"container\">\n\t\t\t\t<div class=\"elementor-element elementor-element-5f98c40 elementor-widget elementor-widget-heading\" data-id=\"5f98c40\" data-element_type=\"widget\" data-e-type=\"widget\" data-widget_type=\"heading.default\">\n\t\t\t\t<div class=\"elementor-widget-container\">\n\t\t\t\t\t<h2 class=\"elementor-heading-title elementor-size-default\">MATERIAL DE M\u00daSICA\n<\/h2>\t\t\t\t<\/div>\n\t\t\t\t<\/div>\n\t\t\t\t<div class=\"elementor-element elementor-element-67be1ec elementor-widget elementor-widget-text-editor\" data-id=\"67be1ec\" data-element_type=\"widget\" data-e-type=\"widget\" data-widget_type=\"text-editor.default\">\n\t\t\t\t<div class=\"elementor-widget-container\">\n\t\t\t\t\t\t\t\t\t<p>&#8211; 1 pasta cat\u00e1logo 20 ou 40 folhas A4 para aula de m\u00fasica\u00a0<\/p><p>&#8211; 1 Flauta Yamaha Doce Soprano Barroca Original Com Capa Bege<\/p><div>\u00a0<\/div>\t\t\t\t\t\t\t\t<\/div>\n\t\t\t\t<\/div>\n\t\t\t\t<\/div>\n\t\t<div class=\"elementor-element elementor-element-2133ab58 e-con-full e-flex e-con e-child\" data-id=\"2133ab58\" data-element_type=\"container\" data-e-type=\"container\">\n\t\t\t\t<div class=\"elementor-element elementor-element-fc10085 elementor-widget elementor-widget-heading\" data-id=\"fc10085\" data-element_type=\"widget\" data-e-type=\"widget\" data-widget_type=\"heading.default\">\n\t\t\t\t<div class=\"elementor-widget-container\">\n\t\t\t\t\t<h2 class=\"elementor-heading-title elementor-size-default\">MATERIAIS DID\u00c1TICOS E LITER\u00c1RIOS<\/h2>\t\t\t\t<\/div>\n\t\t\t\t<\/div>\n\t\t\t\t<div class=\"elementor-element elementor-element-b9f1692 elementor-widget elementor-widget-text-editor\" data-id=\"b9f1692\" data-element_type=\"widget\" data-e-type=\"widget\" data-widget_type=\"text-editor.default\">\n\t\t\t\t<div class=\"elementor-widget-container\">\n\t\t\t\t\t\t\t\t\t<p>\u2013 1 Dicion\u00e1rio \u2013 Nova Ortografia- identificado com nome e turma do(a) aluno(a)<\/p><p>\u2013 1 livro de literatura infantil em l\u00edngua portuguesa para rod\u00edzio liter\u00e1rio (a ser definido no in\u00edcio do ano letivo)<\/p><p>\u2013 1 livro de literatura infantil em l\u00edngua inglesa para rod\u00edzio liter\u00e1rio (a ser definido no in\u00edcio do ano letivo)<\/p><p>\u2013 1 livro de literatura infantil de leitura obrigat\u00f3ria de Cultura Judaica a ser solicitado no 2\u00ba semestre<\/p><p>\u2013 1 jogo ou brinquedo pedag\u00f3gico adequado \u00e0 faixa et\u00e1ria (a ser definido na primeira reuni\u00e3o com pais);\u00a0<\/p><p>\u2013 ItaLAM (Ferramenta pedag\u00f3gica para desenvolvimento da aprendizagem da L\u00edngua Hebraica no componente curricular de Cultura Judaica) + 1 apostila de L\u00edngua Hebraica e Shirim (M\u00fasicas), que ser\u00e1 entregue aos alunos em sala no retorno \u00e0s aulas. Visando facilitar a log\u00edstica das fam\u00edlias, o valor da assinatura anual da plataforma Italam e da Apostila ser\u00e1 inclu\u00eddo no boleto de cobran\u00e7a da mensalidade com vencimento no m\u00eas de mar\u00e7o.<\/p><p>Valor: R$ 200,00 &#8211; boletos de mar\u00e7o e abril (2x de R$ 100,00)<\/p><p>\u00a0<\/p><p>\u2013 Material de Educa\u00e7\u00e3o Tecnol\u00f3gica: o valor referente ao kit rob\u00f3tica (R$ 260,00) ser\u00e1 inclu\u00eddo no boleto de mensalidade com vencimento no m\u00eas de abril.<\/p><div>\u00a0<\/div>\t\t\t\t\t\t\t\t<\/div>\n\t\t\t\t<\/div>\n\t\t\t\t<\/div>\n\t\t\t\t<\/div>\n\t\t<div class=\"elementor-element elementor-element-184fcc6 e-con-full e-flex e-con e-child\" data-id=\"184fcc6\" data-element_type=\"container\" data-e-type=\"container\">\n\t\t\t\t<div class=\"elementor-element elementor-element-946dd18 elementor-widget elementor-widget-text-editor\" data-id=\"946dd18\" data-element_type=\"widget\" data-e-type=\"widget\" data-widget_type=\"text-editor.default\">\n\t\t\t\t<div class=\"elementor-widget-container\">\n\t\t\t\t\t\t\t\t\t<p>Em caso de d\u00favidas, entre em contato pelo aplicativo, no canal Central de Relacionamento.<\/p>\t\t\t\t\t\t\t\t<\/div>\n\t\t\t\t<\/div>\n\t\t\t\t<div class=\"elementor-element elementor-element-37a3c6f2 elementor-widget elementor-widget-heading\" data-id=\"37a3c6f2\" data-element_type=\"widget\" data-e-type=\"widget\" data-widget_type=\"heading.default\">\n\t\t\t\t<div class=\"elementor-widget-container\">\n\t\t\t\t\t<h2 class=\"elementor-heading-title elementor-size-default\"><span style=\"font-size: 33px;font-weight: 400;text-align: center\">Navega\u00e7\u00e3o&nbsp;<\/span><span style=\"font-size: 33px;font-weight: 400;text-align: center\">EF1<\/span><\/h2>\t\t\t\t<\/div>\n\t\t\t\t<\/div>\n\t\t<div class=\"elementor-element elementor-element-77084dc3 e-grid e-con-full e-con e-child\" data-id=\"77084dc3\" data-element_type=\"container\" data-e-type=\"container\">\n\t\t\t\t<div class=\"elementor-element elementor-element-16e643ab elementor-widget elementor-widget-html\" data-id=\"16e643ab\" data-element_type=\"widget\" data-e-type=\"widget\" data-widget_type=\"html.default\">\n\t\t\t\t<div class=\"elementor-widget-container\">\n\t\t\t\t\t<a href=\"\/guiaescolar\/ensino-fundamental-1\/horarios\" style=\"text-decoration: none;\">\r\n  <button class=\"comic-button\">Hor\u00e1rios<\/button>\r\n<\/a>\t\t\t\t<\/div>\n\t\t\t\t<\/div>\n\t\t\t\t<div class=\"elementor-element elementor-element-3e9317bc elementor-widget elementor-widget-html\" data-id=\"3e9317bc\" data-element_type=\"widget\" data-e-type=\"widget\" data-widget_type=\"html.default\">\n\t\t\t\t<div class=\"elementor-widget-container\">\n\t\t\t\t\t<a href=\"\/guiaescolar\/ensino-fundamental-1\/salas-de-aula-ef1\/\" style=\"text-decoration: none;\">\r\n  <button class=\"comic-button\">Salas<br>de Aula<\/button>\r\n<\/a>\t\t\t\t<\/div>\n\t\t\t\t<\/div>\n\t\t\t\t<div class=\"elementor-element elementor-element-7983e89a elementor-widget elementor-widget-html\" data-id=\"7983e89a\" data-element_type=\"widget\" data-e-type=\"widget\" data-widget_type=\"html.default\">\n\t\t\t\t<div class=\"elementor-widget-container\">\n\t\t\t\t\t<a href=\"\/guiaescolar\/ensino-fundamental-1\/entrada-e-saida\" style=\"text-decoration: none;\">\r\n  <button class=\"comic-button\">Entrada<br>e Sa\u00edda<\/button>\r\n<\/a>\t\t\t\t<\/div>\n\t\t\t\t<\/div>\n\t\t\t\t<\/div>\n\t\t<div class=\"elementor-element elementor-element-3c738d43 e-grid e-con-full e-con e-child\" data-id=\"3c738d43\" data-element_type=\"container\" data-e-type=\"container\">\n\t\t\t\t<div class=\"elementor-element elementor-element-783bcfb6 elementor-widget elementor-widget-html\" data-id=\"783bcfb6\" data-element_type=\"widget\" data-e-type=\"widget\" data-widget_type=\"html.default\">\n\t\t\t\t<div class=\"elementor-widget-container\">\n\t\t\t\t\t<a href=\"\/guiaescolar\/ensino-fundamental-1\/recreacao\" style=\"text-decoration: none;\">\r\n  <button class=\"comic-button\">Recrea\u00e7\u00e3o<\/button>\r\n<\/a>\t\t\t\t<\/div>\n\t\t\t\t<\/div>\n\t\t\t\t<div class=\"elementor-element elementor-element-3836f034 elementor-widget elementor-widget-html\" data-id=\"3836f034\" data-element_type=\"widget\" data-e-type=\"widget\" data-widget_type=\"html.default\">\n\t\t\t\t<div class=\"elementor-widget-container\">\n\t\t\t\t\t<a href=\"\/guiaescolar\/ensino-fundamental-1\/avaliacoes-externas\" style=\"text-decoration: none;\">\r\n  <button class=\"comic-button\">Avalia\u00e7\u00f5es<br>Externas<\/button>\r\n<\/a>\t\t\t\t<\/div>\n\t\t\t\t<\/div>\n\t\t\t\t<div class=\"elementor-element elementor-element-2ddd4db6 elementor-widget elementor-widget-html\" data-id=\"2ddd4db6\" data-element_type=\"widget\" data-e-type=\"widget\" data-widget_type=\"html.default\">\n\t\t\t\t<div class=\"elementor-widget-container\">\n\t\t\t\t\t<a href=\"\/guiaescolar\/ensino-fundamental-1\/lista-de-materiais\" style=\"text-decoration: none;\">\r\n  <button class=\"comic-button\">Lista<br>de Materiais<\/button>\r\n<\/a>\t\t\t\t<\/div>\n\t\t\t\t<\/div>\n\t\t\t\t<\/div>\n\t\t<div class=\"elementor-element elementor-element-11802f93 e-grid e-con-full e-con e-child\" data-id=\"11802f93\" data-element_type=\"container\" data-e-type=\"container\">\n\t\t\t\t<div class=\"elementor-element elementor-element-27aeef76 elementor-widget elementor-widget-html\" data-id=\"27aeef76\" data-element_type=\"widget\" data-e-type=\"widget\" data-widget_type=\"html.default\">\n\t\t\t\t<div class=\"elementor-widget-container\">\n\t\t\t\t\t<a href=\"\/guiaescolar\/ensino-fundamental-1\/extra-curriculares\" style=\"text-decoration: none;\">\r\n  <button class=\"comic-button\">Extra-<br>curriculares<\/button>\r\n<\/a>\t\t\t\t<\/div>\n\t\t\t\t<\/div>\n\t\t\t\t<div class=\"elementor-element elementor-element-52547f2 elementor-widget elementor-widget-html\" data-id=\"52547f2\" data-element_type=\"widget\" data-e-type=\"widget\" data-widget_type=\"html.default\">\n\t\t\t\t<div class=\"elementor-widget-container\">\n\t\t\t\t\t<a href=\"\/guiaescolar\/ensino-fundamental-1\/plataformas-educacionais\" style=\"text-decoration: none;\">\r\n  <button class=\"comic-button\">Plataformas<br>Educacionais<\/button>\r\n<\/a>\t\t\t\t<\/div>\n\t\t\t\t<\/div>\n\t\t\t\t<div class=\"elementor-element elementor-element-3289dbe5 elementor-widget elementor-widget-html\" data-id=\"3289dbe5\" data-element_type=\"widget\" data-e-type=\"widget\" data-widget_type=\"html.default\">\n\t\t\t\t<div class=\"elementor-widget-container\">\n\t\t\t\t\t<a href=\"\/guiaescolar\/ensino-fundamental-1\/saida-de-estudos\" style=\"text-decoration: none;\">\r\n  <button class=\"comic-button\">Sa\u00eddas<br>de Estudos<\/button>\r\n<\/a>\t\t\t\t<\/div>\n\t\t\t\t<\/div>\n\t\t\t\t<\/div>\n\t\t<div class=\"elementor-element elementor-element-1f6b503 e-grid e-con-full e-con e-child\" data-id=\"1f6b503\" data-element_type=\"container\" data-e-type=\"container\">\n\t\t\t\t<div class=\"elementor-element elementor-element-5cf3ea53 elementor-widget elementor-widget-html\" data-id=\"5cf3ea53\" data-element_type=\"widget\" data-e-type=\"widget\" data-widget_type=\"html.default\">\n\t\t\t\t<div class=\"elementor-widget-container\">\n\t\t\t\t\t<a href=\"\/guiaescolar\/ensino-fundamental-1\/aniversario\" style=\"text-decoration: none;\">\r\n  <button class=\"comic-button\">Anivers\u00e1rio<\/button>\r\n<\/a>\t\t\t\t<\/div>\n\t\t\t\t<\/div>\n\t\t\t\t<div class=\"elementor-element elementor-element-1e409992 elementor-widget elementor-widget-html\" data-id=\"1e409992\" data-element_type=\"widget\" data-e-type=\"widget\" data-widget_type=\"html.default\">\n\t\t\t\t<div class=\"elementor-widget-container\">\n\t\t\t\t\t<a href=\"\/guiaescolar\/ensino-fundamental-1\/reunioes-de-turmas\" style=\"text-decoration: none;\">\r\n  <button class=\"comic-button\">Reuni\u00f5es<br> de Turmas<\/button>\r\n<\/a>\t\t\t\t<\/div>\n\t\t\t\t<\/div>\n\t\t\t\t<div class=\"elementor-element elementor-element-2b249760 elementor-widget elementor-widget-html\" data-id=\"2b249760\" data-element_type=\"widget\" data-e-type=\"widget\" data-widget_type=\"html.default\">\n\t\t\t\t<div class=\"elementor-widget-container\">\n\t\t\t\t\t<a href=\"\/guiaescolar\/ensino-fundamental-1\/ir-ktana\" style=\"text-decoration: none;\">\r\n  <button class=\"comic-button\">Ir Ktan\u00e1<\/button>\r\n<\/a>\t\t\t\t<\/div>\n\t\t\t\t<\/div>\n\t\t\t\t<\/div>\n\t\t<div class=\"elementor-element elementor-element-2e968404 e-grid e-con-full e-con e-child\" data-id=\"2e968404\" data-element_type=\"container\" data-e-type=\"container\">\n\t\t\t\t<div class=\"elementor-element elementor-element-1c06eded elementor-widget elementor-widget-html\" data-id=\"1c06eded\" data-element_type=\"widget\" data-e-type=\"widget\" data-widget_type=\"html.default\">\n\t\t\t\t<div class=\"elementor-widget-container\">\n\t\t\t\t\t<a href=\"\/guiaescolar\/ensino-fundamental-1\/shabat-com-familias\" style=\"text-decoration: none;\">\r\n  <button class=\"comic-button\">Shabat<br>com Fam\u00edlias<\/button>\r\n<\/a>\t\t\t\t<\/div>\n\t\t\t\t<\/div>\n\t\t\t\t<\/div>\n\t\t\t\t<\/div>\n\t\t\t\t\t<\/div>\n\t\t\t\t<\/div>\n\t\t\t\t<\/div>\n\t\t","protected":false},"excerpt":{"rendered":"<p>GUIA ESCOLAR Lista de Materiais 4\u00ba ano Os materiais escolares adotados para 2026 estar\u00e3o dispon\u00edveis para venda na loja Letral, localizada na escola.\u00a0Em raz\u00e3o de obras, a loja estar\u00e1 temporariamente localizada na Sala de M\u00fasica. Informa\u00e7\u00f5es e or\u00e7amentos pelo WhatsApp 51 9819-9186. A loja tamb\u00e9m faz a entrega direta em sala de aula, do maternal [&hellip;]<\/p>\n","protected":false},"author":6,"featured_media":0,"parent":1043,"menu_order":0,"comment_status":"closed","ping_status":"closed","template":"","meta":{"footnotes":""},"class_list":["post-1074","page","type-page","status-publish","hentry"],"_links":{"self":[{"href":"https:\/\/israelitaedu.com.br\/guiaescolar\/wp-json\/wp\/v2\/pages\/1074","targetHints":{"allow":["GET"]}}],"collection":[{"href":"https:\/\/israelitaedu.com.br\/guiaescolar\/wp-json\/wp\/v2\/pages"}],"about":[{"href":"https:\/\/israelitaedu.com.br\/guiaescolar\/wp-json\/wp\/v2\/types\/page"}],"author":[{"embeddable":true,"href":"https:\/\/israelitaedu.com.br\/guiaescolar\/wp-json\/wp\/v2\/users\/6"}],"replies":[{"embeddable":true,"href":"https:\/\/israelitaedu.com.br\/guiaescolar\/wp-json\/wp\/v2\/comments?post=1074"}],"version-history":[{"count":24,"href":"https:\/\/israelitaedu.com.br\/guiaescolar\/wp-json\/wp\/v2\/pages\/1074\/revisions"}],"predecessor-version":[{"id":7500,"href":"https:\/\/israelitaedu.com.br\/guiaescolar\/wp-json\/wp\/v2\/pages\/1074\/revisions\/7500"}],"up":[{"embeddable":true,"href":"https:\/\/israelitaedu.com.br\/guiaescolar\/wp-json\/wp\/v2\/pages\/1043"}],"wp:attachment":[{"href":"https:\/\/israelitaedu.com.br\/guiaescolar\/wp-json\/wp\/v2\/media?parent=1074"}],"curies":[{"name":"wp","href":"https:\/\/api.w.org\/{rel}","templated":true}]}}