{"id":1068,"date":"2025-04-22T12:30:34","date_gmt":"2025-04-22T15:30:34","guid":{"rendered":"https:\/\/israelitaedu.com.br\/guiaescolar\/?page_id=1068"},"modified":"2026-02-09T16:42:59","modified_gmt":"2026-02-09T19:42:59","slug":"3-ano","status":"publish","type":"page","link":"https:\/\/israelitaedu.com.br\/guiaescolar\/ensino-fundamental-1\/lista-de-materiais\/3-ano\/","title":{"rendered":"Lista de Materiais &#8211; 3\u00ba ano"},"content":{"rendered":"\t\t<div data-elementor-type=\"wp-page\" data-elementor-id=\"1068\" class=\"elementor elementor-1068\" data-elementor-post-type=\"page\">\n\t\t\t\t<div class=\"elementor-element elementor-element-fde6bb6 e-flex e-con-boxed e-con e-parent\" data-id=\"fde6bb6\" data-element_type=\"container\" data-e-type=\"container\">\n\t\t\t\t\t<div class=\"e-con-inner\">\n\t\t<div class=\"elementor-element elementor-element-24235628 e-con-full e-flex e-con e-child\" data-id=\"24235628\" data-element_type=\"container\" data-e-type=\"container\">\n\t\t\t\t<div class=\"elementor-element elementor-element-1bf6e1a3 elementor-widget elementor-widget-heading\" data-id=\"1bf6e1a3\" data-element_type=\"widget\" data-e-type=\"widget\" data-widget_type=\"heading.default\">\n\t\t\t\t<div class=\"elementor-widget-container\">\n\t\t\t\t\t<h2 class=\"elementor-heading-title elementor-size-default\">GUIA ESCOLAR<\/h2>\t\t\t\t<\/div>\n\t\t\t\t<\/div>\n\t\t\t\t<\/div>\n\t\t<div class=\"elementor-element elementor-element-13c7e868 e-con-full e-flex e-con e-child\" data-id=\"13c7e868\" data-element_type=\"container\" data-e-type=\"container\">\n\t\t\t\t<div class=\"elementor-element elementor-element-4b78ec40 elementor-widget elementor-widget-heading\" data-id=\"4b78ec40\" data-element_type=\"widget\" data-e-type=\"widget\" data-widget_type=\"heading.default\">\n\t\t\t\t<div class=\"elementor-widget-container\">\n\t\t\t\t\t<h2 class=\"elementor-heading-title elementor-size-default\">Lista de Materiais<\/h2>\t\t\t\t<\/div>\n\t\t\t\t<\/div>\n\t\t\t\t<div class=\"elementor-element elementor-element-1396c4ac elementor-widget elementor-widget-heading\" data-id=\"1396c4ac\" data-element_type=\"widget\" data-e-type=\"widget\" data-widget_type=\"heading.default\">\n\t\t\t\t<div class=\"elementor-widget-container\">\n\t\t\t\t\t<h2 class=\"elementor-heading-title elementor-size-default\">3\u00ba ano<\/h2>\t\t\t\t<\/div>\n\t\t\t\t<\/div>\n\t\t<div class=\"elementor-element elementor-element-739c04a7 e-con-full e-flex e-con e-child\" data-id=\"739c04a7\" data-element_type=\"container\" data-e-type=\"container\">\n\t\t\t\t<div class=\"elementor-element elementor-element-66cc74eb elementor-widget elementor-widget-text-editor\" data-id=\"66cc74eb\" data-element_type=\"widget\" data-e-type=\"widget\" data-widget_type=\"text-editor.default\">\n\t\t\t\t<div class=\"elementor-widget-container\">\n\t\t\t\t\t\t\t\t\t<p>Os materiais escolares adotados para 2026 estar\u00e3o dispon\u00edveis para venda na loja Letral, localizada na escola.\u00a0<strong>Em raz\u00e3o de obras, a loja estar\u00e1 temporariamente localizada na Sala de M\u00fasica.<\/strong> Informa\u00e7\u00f5es e or\u00e7amentos pelo WhatsApp 51 9819-9186. A loja tamb\u00e9m faz a entrega direta em sala de aula, do maternal 1 ao 5\u00ba ano.<\/p><p>Caso a fam\u00edlia prefira, poder\u00e1 adquirir o material em outro estabelecimento at\u00e9 o in\u00edcio do ano letivo.<\/p>\t\t\t\t\t\t\t\t<\/div>\n\t\t\t\t<\/div>\n\t\t\t\t<\/div>\n\t\t\t\t<\/div>\n\t\t<div class=\"elementor-element elementor-element-69fab30 e-con-full forcar-cor-texto-preto e-flex e-con e-child\" data-id=\"69fab30\" data-element_type=\"container\" data-e-type=\"container\" data-settings=\"{&quot;background_background&quot;:&quot;classic&quot;}\">\n\t\t<div class=\"elementor-element elementor-element-6adfd84e e-con-full e-flex e-con e-child\" data-id=\"6adfd84e\" data-element_type=\"container\" data-e-type=\"container\">\n\t\t\t\t<div class=\"elementor-element elementor-element-37fb3c elementor-widget elementor-widget-heading\" data-id=\"37fb3c\" data-element_type=\"widget\" data-e-type=\"widget\" data-widget_type=\"heading.default\">\n\t\t\t\t<div class=\"elementor-widget-container\">\n\t\t\t\t\t<h2 class=\"elementor-heading-title elementor-size-default\">ITENS DIVERSOS<\/h2>\t\t\t\t<\/div>\n\t\t\t\t<\/div>\n\t\t\t\t<div class=\"elementor-element elementor-element-66d63cb6 elementor-widget elementor-widget-text-editor\" data-id=\"66d63cb6\" data-element_type=\"widget\" data-e-type=\"widget\" data-widget_type=\"text-editor.default\">\n\t\t\t\t<div class=\"elementor-widget-container\">\n\t\t\t\t\t\t\t\t\t<p>Os itens devem ser entregues em sacolas identificadas de 18 a 21 de fevereiro para a professora tutora.<\/p><p><span style=\"font-size: 1rem;\">\u2013 3 pastas arquivo espiral com 50 sacos pl\u00e1sticos<\/span><\/p><p><span style=\"font-size: 1rem;\">\u2013 1 pasta\u00a0 arquivo espiral com 20 sacos pl\u00e1sticos para M\u00fasica<\/span><\/p><p><span style=\"font-size: 1rem;\">\u2013 1 Dicion\u00e1rio \u2013 Nova Ortografia<\/span><\/p><p><span style=\"font-size: 1rem;\">\u2013 100 folhas A4 brancas 120g<\/span><\/p><p><span style=\"font-size: 1rem;\">\u2013 50 folhas A3 brancas 120g<\/span><\/p><p><span style=\"font-size: 1rem;\">\u2013 100 folhas de papel sulfite A4 colorido 4 cores<\/span><\/p><p><span style=\"font-size: 1rem;\">\u2013 1 pacote de folhas de papel A4 colorset card\u00a0 ou canson coloridos<\/span><\/p><p><span style=\"font-size: 1rem;\">\u2013 2 gibis<\/span><\/p><p><span style=\"font-size: 1rem;\">\u2013 1 revista Picol\u00e9 n\u00edvel m\u00e9dio em l\u00edngua portuguesa<\/span><\/p><p><span style=\"font-size: 1rem;\">\u2013 1 revista Picol\u00e9 em l\u00edngua inglesa<\/span><\/p><p><span style=\"font-size: 1rem;\">\u2013 1 revista para recorte (adequada \u00e0 faixa et\u00e1ria)<\/span><\/p><p><span style=\"font-size: 1rem;\">\u2013 3 pacotes de massa de modelar 12 cores soft<\/span><\/p><p><span style=\"font-size: 1rem;\">\u2013 2 envelopes tamanho A4<\/span><\/p><p><span style=\"font-size: 1rem;\">\u2013 2 envelopes tamanho 15\u00d721<\/span><\/p><p><span style=\"font-size: 1rem;\">\u2013 1 l\u00e1pis 6B<\/span><\/p><p><span style=\"font-size: 1rem;\">\u2013 1 caixa de l\u00e1pis de cor com tons de pele<\/span><\/p><div>\u00a0<\/div>\t\t\t\t\t\t\t\t<\/div>\n\t\t\t\t<\/div>\n\t\t\t\t<\/div>\n\t\t<div class=\"elementor-element elementor-element-9627fa e-con-full e-flex e-con e-child\" data-id=\"9627fa\" data-element_type=\"container\" data-e-type=\"container\">\n\t\t\t\t<div class=\"elementor-element elementor-element-505a626f elementor-widget elementor-widget-heading\" data-id=\"505a626f\" data-element_type=\"widget\" data-e-type=\"widget\" data-widget_type=\"heading.default\">\n\t\t\t\t<div class=\"elementor-widget-container\">\n\t\t\t\t\t<h2 class=\"elementor-heading-title elementor-size-default\">ITENS DA MOCHILA<\/h2>\t\t\t\t<\/div>\n\t\t\t\t<\/div>\n\t\t\t\t<div class=\"elementor-element elementor-element-18fc59b6 elementor-widget elementor-widget-text-editor\" data-id=\"18fc59b6\" data-element_type=\"widget\" data-e-type=\"widget\" data-widget_type=\"text-editor.default\">\n\t\t\t\t<div class=\"elementor-widget-container\">\n\t\t\t\t\t\t\t\t\t<p>Manter diariamente na mochila, identificando todos os itens e repondo sempre que necess\u00e1rio:\u00a0<\/p><p><span style=\"font-size: 1rem;\">\u2013 1 caderno universit\u00e1rio 96 folhas (evitar cadernos inteligentes e destac\u00e1veis) A4<\/span><\/p><p><span style=\"font-size: 1rem;\">\u2013 1 caderno meia pauta espiral com 48 folhas para Cultura Judaica para alunos novos (alunos que frequentaram o 2\u00ba ano no Col\u00e9gio, utilizar\u00e3o o mesmo material)<\/span><\/p><p><span style=\"font-size: 1rem;\">\u2013 1 caderno meia pauta espiral com\u00a0 48 folhas para L\u00edngua Inglesa<\/span><\/p><p><span style=\"font-size: 1rem;\">\u2013 1 pasta pl\u00e1stica fina com 4 abas<\/span><\/p><p><span style=\"font-size: 1rem;\">\u2013 1 r\u00e9gua transparente de 30 cm<\/span><\/p><p><span style=\"font-size: 1rem;\">\u2013 1 fone de ouvido com fio identificado<\/span><\/p><p><span style=\"font-size: 1rem;\">\u2013 1 kip\u00e1 para os meninos (identificada com nome completo)<\/span><\/p><p><span style=\"font-size: 1rem;\"><br \/>Um estojo organizado com os seguintes materiais (a serem repostos sempre que necess\u00e1rio):\u00a0<\/span><\/p><p><span style=\"font-size: 1rem;\">\u2013 2 l\u00e1pis pretos n\u00ba2<\/span><\/p><p><span style=\"font-size: 1rem;\">\u2013 1 apontador com dep\u00f3sito<\/span><\/p><p><span style=\"font-size: 1rem;\">\u2013 1 borracha macia<\/span><\/p><p><span style=\"font-size: 1rem;\">\u2013 1 tubo de cola bast\u00e3o grande<\/span><\/p><p><span style=\"font-size: 1rem;\">\u2013 1 tesoura de ponta redonda<\/span><\/p><p><span style=\"font-size: 1rem;\">\u2013 1 estojo de canetas hidrocor 12 cores<\/span><\/p><p><span style=\"font-size: 1rem;\">\u2013 1 caixa de l\u00e1pis de cor 12 cores<\/span><\/p><p><span style=\"font-size: 1rem;\">\u2013 1 necessaire com itens de higiene bucal (escova e creme dental)<\/span><\/p><p><span style=\"font-size: 1rem;\">\u2013 1 garrafa de \u00e1gua\u00a0<\/span><\/p><div>\u00a0<\/div>\t\t\t\t\t\t\t\t<\/div>\n\t\t\t\t<\/div>\n\t\t\t\t<\/div>\n\t\t<div class=\"elementor-element elementor-element-e7b7d24 e-con-full e-flex e-con e-child\" data-id=\"e7b7d24\" data-element_type=\"container\" data-e-type=\"container\">\n\t\t\t\t<div class=\"elementor-element elementor-element-669ffb36 elementor-widget elementor-widget-heading\" data-id=\"669ffb36\" data-element_type=\"widget\" data-e-type=\"widget\" data-widget_type=\"heading.default\">\n\t\t\t\t<div class=\"elementor-widget-container\">\n\t\t\t\t\t<h2 class=\"elementor-heading-title elementor-size-default\">MATERIAL DE ARTE \n\n<\/h2>\t\t\t\t<\/div>\n\t\t\t\t<\/div>\n\t\t\t\t<div class=\"elementor-element elementor-element-690f5521 elementor-widget elementor-widget-text-editor\" data-id=\"690f5521\" data-element_type=\"widget\" data-e-type=\"widget\" data-widget_type=\"text-editor.default\">\n\t\t\t\t<div class=\"elementor-widget-container\">\n\t\t\t\t\t\t\t\t\t<p><span class=\"TextRun SCXW228261335 BCX0\" lang=\"PT-BR\" xml:lang=\"PT-BR\" data-contrast=\"auto\"><span class=\"NormalTextRun SCXW228261335 BCX0\">Deve ser entregue em sacola identificada com nome e turma do(a) aluno na primeira aula de Artes:\u00a0<\/span><\/span><\/p><p>\u2013 1 l\u00e1pis 6B<\/p><p><span data-contrast=\"auto\">\u2013 1 borracha desenho\u00a0<\/span><\/p><p><span data-contrast=\"auto\">\u2013 1 caixa de giz pastel oleoso 12 cores<\/span><\/p><p>\u2013 20 folhas de desenho A3 75g<\/p><p>\u2013 1 revista para recorte\u00a0adequada para a faixa et\u00e1ria<\/p>\t\t\t\t\t\t\t\t<\/div>\n\t\t\t\t<\/div>\n\t\t\t\t<\/div>\n\t\t<div class=\"elementor-element elementor-element-4181f7d1 e-con-full e-flex e-con e-child\" data-id=\"4181f7d1\" data-element_type=\"container\" data-e-type=\"container\">\n\t\t\t\t<div class=\"elementor-element elementor-element-7f5f33bd elementor-widget elementor-widget-heading\" data-id=\"7f5f33bd\" data-element_type=\"widget\" data-e-type=\"widget\" data-widget_type=\"heading.default\">\n\t\t\t\t<div class=\"elementor-widget-container\">\n\t\t\t\t\t<h2 class=\"elementor-heading-title elementor-size-default\">MATERIAIS DID\u00c1TICOS E LITER\u00c1RIOS<\/h2>\t\t\t\t<\/div>\n\t\t\t\t<\/div>\n\t\t\t\t<div class=\"elementor-element elementor-element-7f09f71 elementor-widget elementor-widget-text-editor\" data-id=\"7f09f71\" data-element_type=\"widget\" data-e-type=\"widget\" data-widget_type=\"text-editor.default\">\n\t\t\t\t<div class=\"elementor-widget-container\">\n\t\t\t\t\t\t\t\t\t<p>\u2013 1 livro de literatura infantil em l\u00edngua portuguesa (a ser definido no in\u00edcio do ano letivo)<\/p><p>\u2013 1 livro de literatura infantil em l\u00edngua inglesa (a ser definido no in\u00edcio do ano letivo)<\/p><p>\u2013 Livro \u201cPorto Alegre na palma da m\u00e3o: a evolu\u00e7\u00e3o urbana da cidade para quem (ainda) n\u00e3o \u00e9 urbanista\u201d, autora Ana Paula Alcantara. Dispon\u00edvel em Porto Alegre na palma da m\u00e3o, com desconto para os alunos do CIB.<\/p><p>\u2013 1 jogo ou brinquedo pedag\u00f3gico adequado \u00e0 faixa et\u00e1ria (a ser definido na primeira reuni\u00e3o com pais)<\/p><p>\u2013 ItaLAM (ferramenta pedag\u00f3gica para desenvolvimento da aprendizagem de L\u00edngua Hebraica no componente curricular de Cultura Judaica) + 1 Apostila de l\u00edngua Hebraica e Shirim (m\u00fasicas) que ser\u00e1 entregue aos alunos em sala no retorno \u00e0s aulas. Visando facilitar a log\u00edstica das fam\u00edlias, o valor da assinatura anual da plataforma e da apostila ser\u00e1 inclu\u00eddo no boleto de cobran\u00e7a da mensalidade com vencimento no m\u00eas de mar\u00e7o.<\/p><p>Valor: R$ 200,00 &#8211; boletos de mar\u00e7o e abril (2x de R$ 100,00)<\/p><div>\u00a0<\/div>\t\t\t\t\t\t\t\t<\/div>\n\t\t\t\t<\/div>\n\t\t\t\t<\/div>\n\t\t\t\t<\/div>\n\t\t<div class=\"elementor-element elementor-element-57ab5baa e-con-full e-flex e-con e-child\" data-id=\"57ab5baa\" data-element_type=\"container\" data-e-type=\"container\">\n\t\t\t\t<div class=\"elementor-element elementor-element-1de12cc8 elementor-widget elementor-widget-text-editor\" data-id=\"1de12cc8\" data-element_type=\"widget\" data-e-type=\"widget\" data-widget_type=\"text-editor.default\">\n\t\t\t\t<div class=\"elementor-widget-container\">\n\t\t\t\t\t\t\t\t\t<p>Em caso de d\u00favidas, entre em contato pelo aplicativo, no canal Central de Relacionamento.<\/p>\t\t\t\t\t\t\t\t<\/div>\n\t\t\t\t<\/div>\n\t\t\t\t<div class=\"elementor-element elementor-element-3c5485c5 elementor-widget elementor-widget-heading\" data-id=\"3c5485c5\" data-element_type=\"widget\" data-e-type=\"widget\" data-widget_type=\"heading.default\">\n\t\t\t\t<div class=\"elementor-widget-container\">\n\t\t\t\t\t<h2 class=\"elementor-heading-title elementor-size-default\"><span style=\"font-size: 33px;font-weight: 400;text-align: center\">Navega\u00e7\u00e3o&nbsp;<\/span><span style=\"font-size: 33px;font-weight: 400;text-align: center\">EF1<\/span><\/h2>\t\t\t\t<\/div>\n\t\t\t\t<\/div>\n\t\t<div class=\"elementor-element elementor-element-5a4eef09 e-grid e-con-full e-con e-child\" data-id=\"5a4eef09\" data-element_type=\"container\" data-e-type=\"container\">\n\t\t\t\t<div class=\"elementor-element elementor-element-12080d98 elementor-widget elementor-widget-html\" data-id=\"12080d98\" data-element_type=\"widget\" data-e-type=\"widget\" data-widget_type=\"html.default\">\n\t\t\t\t<div class=\"elementor-widget-container\">\n\t\t\t\t\t<a href=\"\/guiaescolar\/ensino-fundamental-1\/horarios\" style=\"text-decoration: none;\">\r\n  <button class=\"comic-button\">Hor\u00e1rios<\/button>\r\n<\/a>\t\t\t\t<\/div>\n\t\t\t\t<\/div>\n\t\t\t\t<div class=\"elementor-element elementor-element-2868effc elementor-widget elementor-widget-html\" data-id=\"2868effc\" data-element_type=\"widget\" data-e-type=\"widget\" data-widget_type=\"html.default\">\n\t\t\t\t<div class=\"elementor-widget-container\">\n\t\t\t\t\t<a href=\"\/guiaescolar\/ensino-fundamental-1\/salas-de-aula-ef1\/\" style=\"text-decoration: none;\">\r\n  <button class=\"comic-button\">Salas<br>de Aula<\/button>\r\n<\/a>\t\t\t\t<\/div>\n\t\t\t\t<\/div>\n\t\t\t\t<div class=\"elementor-element elementor-element-7549b556 elementor-widget elementor-widget-html\" data-id=\"7549b556\" data-element_type=\"widget\" data-e-type=\"widget\" data-widget_type=\"html.default\">\n\t\t\t\t<div class=\"elementor-widget-container\">\n\t\t\t\t\t<a href=\"\/guiaescolar\/ensino-fundamental-1\/entrada-e-saida\" style=\"text-decoration: none;\">\r\n  <button class=\"comic-button\">Entrada<br>e Sa\u00edda<\/button>\r\n<\/a>\t\t\t\t<\/div>\n\t\t\t\t<\/div>\n\t\t\t\t<\/div>\n\t\t<div class=\"elementor-element elementor-element-16b99238 e-grid e-con-full e-con e-child\" data-id=\"16b99238\" data-element_type=\"container\" data-e-type=\"container\">\n\t\t\t\t<div class=\"elementor-element elementor-element-4e4aab8c elementor-widget elementor-widget-html\" data-id=\"4e4aab8c\" data-element_type=\"widget\" data-e-type=\"widget\" data-widget_type=\"html.default\">\n\t\t\t\t<div class=\"elementor-widget-container\">\n\t\t\t\t\t<a href=\"\/guiaescolar\/ensino-fundamental-1\/recreacao\" style=\"text-decoration: none;\">\r\n  <button class=\"comic-button\">Recrea\u00e7\u00e3o<\/button>\r\n<\/a>\t\t\t\t<\/div>\n\t\t\t\t<\/div>\n\t\t\t\t<div class=\"elementor-element elementor-element-51d0ac39 elementor-widget elementor-widget-html\" data-id=\"51d0ac39\" data-element_type=\"widget\" data-e-type=\"widget\" data-widget_type=\"html.default\">\n\t\t\t\t<div class=\"elementor-widget-container\">\n\t\t\t\t\t<a href=\"\/guiaescolar\/ensino-fundamental-1\/avaliacoes-externas\" style=\"text-decoration: none;\">\r\n  <button class=\"comic-button\">Avalia\u00e7\u00f5es<br>Externas<\/button>\r\n<\/a>\t\t\t\t<\/div>\n\t\t\t\t<\/div>\n\t\t\t\t<div class=\"elementor-element elementor-element-3a6adf6a elementor-widget elementor-widget-html\" data-id=\"3a6adf6a\" data-element_type=\"widget\" data-e-type=\"widget\" data-widget_type=\"html.default\">\n\t\t\t\t<div class=\"elementor-widget-container\">\n\t\t\t\t\t<a href=\"\/guiaescolar\/ensino-fundamental-1\/lista-de-materiais\" style=\"text-decoration: none;\">\r\n  <button class=\"comic-button\">Lista<br>de Materiais<\/button>\r\n<\/a>\t\t\t\t<\/div>\n\t\t\t\t<\/div>\n\t\t\t\t<\/div>\n\t\t<div class=\"elementor-element elementor-element-55a58c89 e-grid e-con-full e-con e-child\" data-id=\"55a58c89\" data-element_type=\"container\" data-e-type=\"container\">\n\t\t\t\t<div class=\"elementor-element elementor-element-37388bf4 elementor-widget elementor-widget-html\" data-id=\"37388bf4\" data-element_type=\"widget\" data-e-type=\"widget\" data-widget_type=\"html.default\">\n\t\t\t\t<div class=\"elementor-widget-container\">\n\t\t\t\t\t<a href=\"\/guiaescolar\/ensino-fundamental-1\/extra-curriculares\" style=\"text-decoration: none;\">\r\n  <button class=\"comic-button\">Extra-<br>curriculares<\/button>\r\n<\/a>\t\t\t\t<\/div>\n\t\t\t\t<\/div>\n\t\t\t\t<div class=\"elementor-element elementor-element-607d1084 elementor-widget elementor-widget-html\" data-id=\"607d1084\" data-element_type=\"widget\" data-e-type=\"widget\" data-widget_type=\"html.default\">\n\t\t\t\t<div class=\"elementor-widget-container\">\n\t\t\t\t\t<a href=\"\/guiaescolar\/ensino-fundamental-1\/plataformas-educacionais\" style=\"text-decoration: none;\">\r\n  <button class=\"comic-button\">Plataformas<br>Educacionais<\/button>\r\n<\/a>\t\t\t\t<\/div>\n\t\t\t\t<\/div>\n\t\t\t\t<div class=\"elementor-element elementor-element-5f14fcd4 elementor-widget elementor-widget-html\" data-id=\"5f14fcd4\" data-element_type=\"widget\" data-e-type=\"widget\" data-widget_type=\"html.default\">\n\t\t\t\t<div class=\"elementor-widget-container\">\n\t\t\t\t\t<a href=\"\/guiaescolar\/ensino-fundamental-1\/saida-de-estudos\" style=\"text-decoration: none;\">\r\n  <button class=\"comic-button\">Sa\u00eddas<br>de Estudos<\/button>\r\n<\/a>\t\t\t\t<\/div>\n\t\t\t\t<\/div>\n\t\t\t\t<\/div>\n\t\t<div class=\"elementor-element elementor-element-1f5bfb0d e-grid e-con-full e-con e-child\" data-id=\"1f5bfb0d\" data-element_type=\"container\" data-e-type=\"container\">\n\t\t\t\t<div class=\"elementor-element elementor-element-59d1e7bc elementor-widget elementor-widget-html\" data-id=\"59d1e7bc\" data-element_type=\"widget\" data-e-type=\"widget\" data-widget_type=\"html.default\">\n\t\t\t\t<div class=\"elementor-widget-container\">\n\t\t\t\t\t<a href=\"\/guiaescolar\/ensino-fundamental-1\/aniversario\" style=\"text-decoration: none;\">\r\n  <button class=\"comic-button\">Anivers\u00e1rio<\/button>\r\n<\/a>\t\t\t\t<\/div>\n\t\t\t\t<\/div>\n\t\t\t\t<div class=\"elementor-element elementor-element-624dd5cc elementor-widget elementor-widget-html\" data-id=\"624dd5cc\" data-element_type=\"widget\" data-e-type=\"widget\" data-widget_type=\"html.default\">\n\t\t\t\t<div class=\"elementor-widget-container\">\n\t\t\t\t\t<a href=\"\/guiaescolar\/ensino-fundamental-1\/reunioes-de-turmas\" style=\"text-decoration: none;\">\r\n  <button class=\"comic-button\">Reuni\u00f5es<br> de Turmas<\/button>\r\n<\/a>\t\t\t\t<\/div>\n\t\t\t\t<\/div>\n\t\t\t\t<div class=\"elementor-element elementor-element-27bcd7be elementor-widget elementor-widget-html\" data-id=\"27bcd7be\" data-element_type=\"widget\" data-e-type=\"widget\" data-widget_type=\"html.default\">\n\t\t\t\t<div class=\"elementor-widget-container\">\n\t\t\t\t\t<a href=\"\/guiaescolar\/ensino-fundamental-1\/ir-ktana\" style=\"text-decoration: none;\">\r\n  <button class=\"comic-button\">Ir Ktan\u00e1<\/button>\r\n<\/a>\t\t\t\t<\/div>\n\t\t\t\t<\/div>\n\t\t\t\t<\/div>\n\t\t<div class=\"elementor-element elementor-element-3476048a e-grid e-con-full e-con e-child\" data-id=\"3476048a\" data-element_type=\"container\" data-e-type=\"container\">\n\t\t\t\t<div class=\"elementor-element elementor-element-65b1d68f elementor-widget elementor-widget-html\" data-id=\"65b1d68f\" data-element_type=\"widget\" data-e-type=\"widget\" data-widget_type=\"html.default\">\n\t\t\t\t<div class=\"elementor-widget-container\">\n\t\t\t\t\t<a href=\"\/guiaescolar\/ensino-fundamental-1\/shabat-com-familias\" style=\"text-decoration: none;\">\r\n  <button class=\"comic-button\">Shabat<br>com Fam\u00edlias<\/button>\r\n<\/a>\t\t\t\t<\/div>\n\t\t\t\t<\/div>\n\t\t\t\t<\/div>\n\t\t\t\t<\/div>\n\t\t\t\t\t<\/div>\n\t\t\t\t<\/div>\n\t\t\t\t<\/div>\n\t\t","protected":false},"excerpt":{"rendered":"<p>GUIA ESCOLAR Lista de Materiais 3\u00ba ano Os materiais escolares adotados para 2026 estar\u00e3o dispon\u00edveis para venda na loja Letral, localizada na escola.\u00a0Em raz\u00e3o de obras, a loja estar\u00e1 temporariamente localizada na Sala de M\u00fasica. Informa\u00e7\u00f5es e or\u00e7amentos pelo WhatsApp 51 9819-9186. A loja tamb\u00e9m faz a entrega direta em sala de aula, do maternal [&hellip;]<\/p>\n","protected":false},"author":6,"featured_media":0,"parent":1043,"menu_order":0,"comment_status":"closed","ping_status":"closed","template":"","meta":{"footnotes":""},"class_list":["post-1068","page","type-page","status-publish","hentry"],"_links":{"self":[{"href":"https:\/\/israelitaedu.com.br\/guiaescolar\/wp-json\/wp\/v2\/pages\/1068","targetHints":{"allow":["GET"]}}],"collection":[{"href":"https:\/\/israelitaedu.com.br\/guiaescolar\/wp-json\/wp\/v2\/pages"}],"about":[{"href":"https:\/\/israelitaedu.com.br\/guiaescolar\/wp-json\/wp\/v2\/types\/page"}],"author":[{"embeddable":true,"href":"https:\/\/israelitaedu.com.br\/guiaescolar\/wp-json\/wp\/v2\/users\/6"}],"replies":[{"embeddable":true,"href":"https:\/\/israelitaedu.com.br\/guiaescolar\/wp-json\/wp\/v2\/comments?post=1068"}],"version-history":[{"count":21,"href":"https:\/\/israelitaedu.com.br\/guiaescolar\/wp-json\/wp\/v2\/pages\/1068\/revisions"}],"predecessor-version":[{"id":7494,"href":"https:\/\/israelitaedu.com.br\/guiaescolar\/wp-json\/wp\/v2\/pages\/1068\/revisions\/7494"}],"up":[{"embeddable":true,"href":"https:\/\/israelitaedu.com.br\/guiaescolar\/wp-json\/wp\/v2\/pages\/1043"}],"wp:attachment":[{"href":"https:\/\/israelitaedu.com.br\/guiaescolar\/wp-json\/wp\/v2\/media?parent=1068"}],"curies":[{"name":"wp","href":"https:\/\/api.w.org\/{rel}","templated":true}]}}