{"id":1062,"date":"2025-04-22T12:27:19","date_gmt":"2025-04-22T15:27:19","guid":{"rendered":"https:\/\/israelitaedu.com.br\/guiaescolar\/?page_id=1062"},"modified":"2026-02-09T16:40:06","modified_gmt":"2026-02-09T19:40:06","slug":"2-ano","status":"publish","type":"page","link":"https:\/\/israelitaedu.com.br\/guiaescolar\/ensino-fundamental-1\/lista-de-materiais\/2-ano\/","title":{"rendered":"Lista de Materiais &#8211; 2\u00ba ano"},"content":{"rendered":"\t\t<div data-elementor-type=\"wp-page\" data-elementor-id=\"1062\" class=\"elementor elementor-1062\" data-elementor-post-type=\"page\">\n\t\t\t\t<div class=\"elementor-element elementor-element-7ac016fa e-flex e-con-boxed e-con e-parent\" data-id=\"7ac016fa\" data-element_type=\"container\" data-e-type=\"container\">\n\t\t\t\t\t<div class=\"e-con-inner\">\n\t\t<div class=\"elementor-element elementor-element-230114db e-con-full e-flex e-con e-child\" data-id=\"230114db\" data-element_type=\"container\" data-e-type=\"container\">\n\t\t\t\t<div class=\"elementor-element elementor-element-4731b727 elementor-widget elementor-widget-heading\" data-id=\"4731b727\" data-element_type=\"widget\" data-e-type=\"widget\" data-widget_type=\"heading.default\">\n\t\t\t\t<div class=\"elementor-widget-container\">\n\t\t\t\t\t<h2 class=\"elementor-heading-title elementor-size-default\">GUIA ESCOLAR<\/h2>\t\t\t\t<\/div>\n\t\t\t\t<\/div>\n\t\t\t\t<\/div>\n\t\t<div class=\"elementor-element elementor-element-4a9ac7b8 e-con-full e-flex e-con e-child\" data-id=\"4a9ac7b8\" data-element_type=\"container\" data-e-type=\"container\">\n\t\t\t\t<div class=\"elementor-element elementor-element-63258445 elementor-widget elementor-widget-heading\" data-id=\"63258445\" data-element_type=\"widget\" data-e-type=\"widget\" data-widget_type=\"heading.default\">\n\t\t\t\t<div class=\"elementor-widget-container\">\n\t\t\t\t\t<h2 class=\"elementor-heading-title elementor-size-default\">Lista de Materiais<\/h2>\t\t\t\t<\/div>\n\t\t\t\t<\/div>\n\t\t\t\t<div class=\"elementor-element elementor-element-31c94b5e elementor-widget elementor-widget-heading\" data-id=\"31c94b5e\" data-element_type=\"widget\" data-e-type=\"widget\" data-widget_type=\"heading.default\">\n\t\t\t\t<div class=\"elementor-widget-container\">\n\t\t\t\t\t<h2 class=\"elementor-heading-title elementor-size-default\">2\u00ba ano<\/h2>\t\t\t\t<\/div>\n\t\t\t\t<\/div>\n\t\t<div class=\"elementor-element elementor-element-230db2fd e-con-full e-flex e-con e-child\" data-id=\"230db2fd\" data-element_type=\"container\" data-e-type=\"container\">\n\t\t\t\t<div class=\"elementor-element elementor-element-5e2ea649 elementor-widget elementor-widget-text-editor\" data-id=\"5e2ea649\" data-element_type=\"widget\" data-e-type=\"widget\" data-widget_type=\"text-editor.default\">\n\t\t\t\t<div class=\"elementor-widget-container\">\n\t\t\t\t\t\t\t\t\t<p>Os materiais escolares adotados para 2026 estar\u00e3o dispon\u00edveis para venda na loja Letral, localizada na escola.\u00a0<strong>Em raz\u00e3o de obras, a loja estar\u00e1 temporariamente localizada na Sala de M\u00fasica.<\/strong> Informa\u00e7\u00f5es e or\u00e7amentos pelo WhatsApp 51 9819-9186. A loja tamb\u00e9m faz a entrega direta em sala de aula, do maternal 1 ao 5\u00ba ano.<\/p><p>Caso a fam\u00edlia prefira, poder\u00e1 adquirir o material em outro estabelecimento at\u00e9 o in\u00edcio do ano letivo.<\/p>\t\t\t\t\t\t\t\t<\/div>\n\t\t\t\t<\/div>\n\t\t\t\t<\/div>\n\t\t\t\t<\/div>\n\t\t<div class=\"elementor-element elementor-element-4aa5f7f e-con-full forcar-cor-texto-preto e-flex e-con e-child\" data-id=\"4aa5f7f\" data-element_type=\"container\" data-e-type=\"container\" data-settings=\"{&quot;background_background&quot;:&quot;classic&quot;}\">\n\t\t<div class=\"elementor-element elementor-element-11ed42c e-con-full e-flex e-con e-child\" data-id=\"11ed42c\" data-element_type=\"container\" data-e-type=\"container\">\n\t\t\t\t<div class=\"elementor-element elementor-element-e9ffa5e elementor-widget elementor-widget-heading\" data-id=\"e9ffa5e\" data-element_type=\"widget\" data-e-type=\"widget\" data-widget_type=\"heading.default\">\n\t\t\t\t<div class=\"elementor-widget-container\">\n\t\t\t\t\t<h2 class=\"elementor-heading-title elementor-size-default\">ITENS DIVERSOS<\/h2>\t\t\t\t<\/div>\n\t\t\t\t<\/div>\n\t\t\t\t<div class=\"elementor-element elementor-element-592e2ac8 elementor-widget elementor-widget-text-editor\" data-id=\"592e2ac8\" data-element_type=\"widget\" data-e-type=\"widget\" data-widget_type=\"text-editor.default\">\n\t\t\t\t<div class=\"elementor-widget-container\">\n\t\t\t\t\t\t\t\t\t<p>Os itens devem ser entregues em sacolas identificadas de 18 a 21 de fevereiro para a professora tutora.<\/p><p><span style=\"font-size: 1rem;\">\u2013 2 pastas arquivo espiral com 50 sacos de pl\u00e1stico espessos<\/span><\/p><p><span style=\"font-size: 1rem;\">\u2013 1 pasta arquivo espiral com 30 sacos de pl\u00e1stico espessos<\/span><\/p><p><span style=\"font-size: 1rem;\">\u2013 1 caderno universit\u00e1rio com espiral 96 folhas ( A4)<\/span><\/p><p><span style=\"font-size: 1rem;\">\u2013 2 cadernos meia pauta espiral 48 folhas para L\u00edngua Inglesa e para Projeto Liter\u00e1rio<\/span><\/p><p><span style=\"font-size: 1rem;\">\u2013 200 folhas\u00a0 A4 120g<\/span><\/p><p><span style=\"font-size: 1rem;\">\u2013 1 tubo de cola l\u00edquida 35g<\/span><\/p><p><span style=\"font-size: 1rem;\">\u2013 2 revistas com passatempos (tipo revista Picol\u00e9) identificadas<\/span><\/p><p><span style=\"font-size: 1rem;\">\u2013 1 fone de ouvido de fio identificado<\/span><\/p><p><span style=\"font-size: 1rem;\">\u2013 2 pacotes de folhas colorset cards<\/span><\/p><p><span style=\"font-size: 1rem;\">\u2013 2 envelopes pardos A4<\/span><\/p><p><span style=\"font-size: 1rem;\">\u2013 1 tubo de cola glitter<\/span><\/p><p><span style=\"font-size: 1rem;\">\u2013 1 kip\u00e1 para os meninos (identificada com nome completo)<\/span><\/p><p><span style=\"font-size: 1rem;\">\u2013 1 revista para recorte (adequada \u00e0 faixa et\u00e1ria)<br \/><\/span><\/p><p><span style=\"font-size: 1rem;\">\u2013 1 Material Dourado individual 111 pe\u00e7as em madeira, que pode ser reutilizado do ano anterior<\/span><\/p><p><span style=\"font-size: 1rem;\">\u2013 2 gibis (adequado \u00e0 faixa et\u00e1ria)<\/span><\/p><p><span style=\"font-size: 1rem;\">\u2013 4 pacotes de massa de modelar 12 cores soft<\/span><\/p><p><span style=\"font-size: 1rem;\">\u2013 1 folha de papel crepom<\/span><\/p><p><span style=\"font-size: 1rem;\">\u2013 1 cartela de dinheirinho de brinquedo (50 pe\u00e7as)<\/span><\/p><p><span style=\"font-size: 1rem;\">\u2013 1 caixa de l\u00e1pis de cor com tons de pele<\/span><\/p><p><span style=\"font-size: 1rem;\">&#8211; 1 pacote de palitos de picol\u00e9 (100 unidades)<\/span><\/p><div>\u00a0<\/div><div>\u00a0<\/div>\t\t\t\t\t\t\t\t<\/div>\n\t\t\t\t<\/div>\n\t\t\t\t<\/div>\n\t\t<div class=\"elementor-element elementor-element-7eb617ce e-con-full e-flex e-con e-child\" data-id=\"7eb617ce\" data-element_type=\"container\" data-e-type=\"container\">\n\t\t\t\t<div class=\"elementor-element elementor-element-8618075 elementor-widget elementor-widget-heading\" data-id=\"8618075\" data-element_type=\"widget\" data-e-type=\"widget\" data-widget_type=\"heading.default\">\n\t\t\t\t<div class=\"elementor-widget-container\">\n\t\t\t\t\t<h2 class=\"elementor-heading-title elementor-size-default\">ITENS DA MOCHILA<\/h2>\t\t\t\t<\/div>\n\t\t\t\t<\/div>\n\t\t\t\t<div class=\"elementor-element elementor-element-514e3682 elementor-widget elementor-widget-text-editor\" data-id=\"514e3682\" data-element_type=\"widget\" data-e-type=\"widget\" data-widget_type=\"text-editor.default\">\n\t\t\t\t<div class=\"elementor-widget-container\">\n\t\t\t\t\t\t\t\t\t<p><span class=\"TextRun SCXW61900727 BCX0\" lang=\"PT-BR\" xml:lang=\"PT-BR\" data-contrast=\"auto\"><span class=\"NormalTextRun SCXW61900727 BCX0\">Manter diariamente na mochila, repondo sempre que necess\u00e1rio:<\/span><\/span><\/p><p>\u2013 1 pastas pl\u00e1sticas finas de 4 abas para temas<\/p><p>\u2013 3 l\u00e1pis preto n\u00ba2<\/p><p>\u2013 1 borracha macia<\/p><p>\u2013 1 apontador com dep\u00f3sito<\/p><p>\u2013 1 caixa de l\u00e1pis de cor 12 cores<\/p><p>\u2013 1 estojo de canetas hidrocor 12 cores<\/p><p>\u2013 1 tubo de cola bast\u00e3o 40g<\/p><p>\u2013 1 tesoura de ponta redonda<\/p><p>\u2013 1 r\u00e9gua transparente 30 cm<\/p><p>\u2013 1 necessaire com itens de higiene bucal (escova e creme dental)<\/p><p>\u2013 1 garrafa de \u00e1gua<\/p>\t\t\t\t\t\t\t\t<\/div>\n\t\t\t\t<\/div>\n\t\t\t\t<\/div>\n\t\t<div class=\"elementor-element elementor-element-65ae546c e-con-full e-flex e-con e-child\" data-id=\"65ae546c\" data-element_type=\"container\" data-e-type=\"container\">\n\t\t\t\t<div class=\"elementor-element elementor-element-7a600eac elementor-widget elementor-widget-heading\" data-id=\"7a600eac\" data-element_type=\"widget\" data-e-type=\"widget\" data-widget_type=\"heading.default\">\n\t\t\t\t<div class=\"elementor-widget-container\">\n\t\t\t\t\t<h2 class=\"elementor-heading-title elementor-size-default\">MATERIAL DE ARTE \n\n<\/h2>\t\t\t\t<\/div>\n\t\t\t\t<\/div>\n\t\t\t\t<div class=\"elementor-element elementor-element-3311c223 elementor-widget elementor-widget-text-editor\" data-id=\"3311c223\" data-element_type=\"widget\" data-e-type=\"widget\" data-widget_type=\"text-editor.default\">\n\t\t\t\t<div class=\"elementor-widget-container\">\n\t\t\t\t\t\t\t\t\t<p><span lang=\"PT-BR\" xml:lang=\"PT-BR\" data-contrast=\"auto\">Deve ser entregue em sacola identificada com nome e turma do(a) aluno na primeira aula de Artes:\u00a0<\/span><\/p><p>\u2013 1 l\u00e1pis 6B<\/p><p>\u2013 20 folhas de desenho A4 120g<\/p><p>\u2013 1 apontador com dep\u00f3sito<\/p><p>\u2013 1 cola bast\u00e3o<\/p><p><span style=\"font-size: 1rem;\">\u2013 1 pacote de folhas coloridas colorset ou canson tamanho A4<\/span><\/p>\t\t\t\t\t\t\t\t<\/div>\n\t\t\t\t<\/div>\n\t\t\t\t<\/div>\n\t\t<div class=\"elementor-element elementor-element-5e04470a e-con-full e-flex e-con e-child\" data-id=\"5e04470a\" data-element_type=\"container\" data-e-type=\"container\">\n\t\t\t\t<div class=\"elementor-element elementor-element-49feffa7 elementor-widget elementor-widget-heading\" data-id=\"49feffa7\" data-element_type=\"widget\" data-e-type=\"widget\" data-widget_type=\"heading.default\">\n\t\t\t\t<div class=\"elementor-widget-container\">\n\t\t\t\t\t<h2 class=\"elementor-heading-title elementor-size-default\">MATERIAIS DID\u00c1TICOS E LITER\u00c1RIOS<\/h2>\t\t\t\t<\/div>\n\t\t\t\t<\/div>\n\t\t\t\t<div class=\"elementor-element elementor-element-4de71676 elementor-widget elementor-widget-text-editor\" data-id=\"4de71676\" data-element_type=\"widget\" data-e-type=\"widget\" data-widget_type=\"text-editor.default\">\n\t\t\t\t<div class=\"elementor-widget-container\">\n\t\t\t\t\t\t\t\t\t<p>\u2013 1 livro de literatura infantil em l\u00edngua portuguesa a ser definido no in\u00edcio do ano letivo que deve ser enviado dentro de uma pasta pl\u00e1stica A4 com el\u00e1stico.\u00a0<\/p><p>\u2013 1 livro de literatura infantil em l\u00edngua inglesa a ser definido no in\u00edcio do ano letivo<\/p><p>\u2013 1 jogo ou brinquedo pedag\u00f3gico (a ser definido na primeira reuni\u00e3o com fam\u00edlias)<\/p><p>\u2013 ItaLAM (ferramenta pedag\u00f3gica para desenvolvimento da aprendizagem de L\u00edngua Hebraica no componente curricular de Cultura Judaica) + 1 apostila de L\u00edngua Hebraica e Shirim (m\u00fasicas) que ser\u00e1 entregue aos alunos em sala no retorno \u00e0s aulas. Visando facilitar a log\u00edstica das fam\u00edlias, o valor da assinatura anual da plataforma e da apostila ser\u00e1 inclu\u00eddo no boleto de cobran\u00e7a da mensalidade com vencimento no m\u00eas de mar\u00e7o.<\/p><div>Valor: R$ 200,00 &#8211; boletos de mar\u00e7o e abril (2x de R$ 100,00)<\/div>\t\t\t\t\t\t\t\t<\/div>\n\t\t\t\t<\/div>\n\t\t\t\t<\/div>\n\t\t\t\t<\/div>\n\t\t<div class=\"elementor-element elementor-element-5f54a15a e-con-full e-flex e-con e-child\" data-id=\"5f54a15a\" data-element_type=\"container\" data-e-type=\"container\">\n\t\t\t\t<div class=\"elementor-element elementor-element-7648f953 elementor-widget elementor-widget-text-editor\" data-id=\"7648f953\" data-element_type=\"widget\" data-e-type=\"widget\" data-widget_type=\"text-editor.default\">\n\t\t\t\t<div class=\"elementor-widget-container\">\n\t\t\t\t\t\t\t\t\t<p>Em caso de d\u00favidas, entre em contato pelo aplicativo, no canal Central de Relacionamento.<\/p>\t\t\t\t\t\t\t\t<\/div>\n\t\t\t\t<\/div>\n\t\t\t\t<div class=\"elementor-element elementor-element-6303b943 elementor-widget elementor-widget-heading\" data-id=\"6303b943\" data-element_type=\"widget\" data-e-type=\"widget\" data-widget_type=\"heading.default\">\n\t\t\t\t<div class=\"elementor-widget-container\">\n\t\t\t\t\t<h2 class=\"elementor-heading-title elementor-size-default\"><span style=\"font-size: 33px;font-weight: 400;text-align: center\">Navega\u00e7\u00e3o&nbsp;<\/span><span style=\"font-size: 33px;font-weight: 400;text-align: center\">EF1<\/span><\/h2>\t\t\t\t<\/div>\n\t\t\t\t<\/div>\n\t\t<div class=\"elementor-element elementor-element-2f049122 e-grid e-con-full e-con e-child\" data-id=\"2f049122\" data-element_type=\"container\" data-e-type=\"container\">\n\t\t\t\t<div class=\"elementor-element elementor-element-55818e6c elementor-widget elementor-widget-html\" data-id=\"55818e6c\" data-element_type=\"widget\" data-e-type=\"widget\" data-widget_type=\"html.default\">\n\t\t\t\t<div class=\"elementor-widget-container\">\n\t\t\t\t\t<a href=\"\/guiaescolar\/ensino-fundamental-1\/horarios\" style=\"text-decoration: none;\">\r\n  <button class=\"comic-button\">Hor\u00e1rios<\/button>\r\n<\/a>\t\t\t\t<\/div>\n\t\t\t\t<\/div>\n\t\t\t\t<div class=\"elementor-element elementor-element-64c215bf elementor-widget elementor-widget-html\" data-id=\"64c215bf\" data-element_type=\"widget\" data-e-type=\"widget\" data-widget_type=\"html.default\">\n\t\t\t\t<div class=\"elementor-widget-container\">\n\t\t\t\t\t<a href=\"\/guiaescolar\/ensino-fundamental-1\/salas-de-aula-ef1\/\" style=\"text-decoration: none;\">\r\n  <button class=\"comic-button\">Salas<br>de Aula<\/button>\r\n<\/a>\t\t\t\t<\/div>\n\t\t\t\t<\/div>\n\t\t\t\t<div class=\"elementor-element elementor-element-a03b5a4 elementor-widget elementor-widget-html\" data-id=\"a03b5a4\" data-element_type=\"widget\" data-e-type=\"widget\" data-widget_type=\"html.default\">\n\t\t\t\t<div class=\"elementor-widget-container\">\n\t\t\t\t\t<a href=\"\/guiaescolar\/ensino-fundamental-1\/entrada-e-saida\" style=\"text-decoration: none;\">\r\n  <button class=\"comic-button\">Entrada<br>e Sa\u00edda<\/button>\r\n<\/a>\t\t\t\t<\/div>\n\t\t\t\t<\/div>\n\t\t\t\t<\/div>\n\t\t<div class=\"elementor-element elementor-element-76e1abc5 e-grid e-con-full e-con e-child\" data-id=\"76e1abc5\" data-element_type=\"container\" data-e-type=\"container\">\n\t\t\t\t<div class=\"elementor-element elementor-element-31bd08a4 elementor-widget elementor-widget-html\" data-id=\"31bd08a4\" data-element_type=\"widget\" data-e-type=\"widget\" data-widget_type=\"html.default\">\n\t\t\t\t<div class=\"elementor-widget-container\">\n\t\t\t\t\t<a href=\"\/guiaescolar\/ensino-fundamental-1\/recreacao\" style=\"text-decoration: none;\">\r\n  <button class=\"comic-button\">Recrea\u00e7\u00e3o<\/button>\r\n<\/a>\t\t\t\t<\/div>\n\t\t\t\t<\/div>\n\t\t\t\t<div class=\"elementor-element elementor-element-605b8c2c elementor-widget elementor-widget-html\" data-id=\"605b8c2c\" data-element_type=\"widget\" data-e-type=\"widget\" data-widget_type=\"html.default\">\n\t\t\t\t<div class=\"elementor-widget-container\">\n\t\t\t\t\t<a href=\"\/guiaescolar\/ensino-fundamental-1\/avaliacoes-externas\" style=\"text-decoration: none;\">\r\n  <button class=\"comic-button\">Avalia\u00e7\u00f5es<br>Externas<\/button>\r\n<\/a>\t\t\t\t<\/div>\n\t\t\t\t<\/div>\n\t\t\t\t<div class=\"elementor-element elementor-element-139486f1 elementor-widget elementor-widget-html\" data-id=\"139486f1\" data-element_type=\"widget\" data-e-type=\"widget\" data-widget_type=\"html.default\">\n\t\t\t\t<div class=\"elementor-widget-container\">\n\t\t\t\t\t<a href=\"\/guiaescolar\/ensino-fundamental-1\/lista-de-materiais\" style=\"text-decoration: none;\">\r\n  <button class=\"comic-button\">Lista<br>de Materiais<\/button>\r\n<\/a>\t\t\t\t<\/div>\n\t\t\t\t<\/div>\n\t\t\t\t<\/div>\n\t\t<div class=\"elementor-element elementor-element-1daf4aed e-grid e-con-full e-con e-child\" data-id=\"1daf4aed\" data-element_type=\"container\" data-e-type=\"container\">\n\t\t\t\t<div class=\"elementor-element elementor-element-4d072fb2 elementor-widget elementor-widget-html\" data-id=\"4d072fb2\" data-element_type=\"widget\" data-e-type=\"widget\" data-widget_type=\"html.default\">\n\t\t\t\t<div class=\"elementor-widget-container\">\n\t\t\t\t\t<a href=\"\/guiaescolar\/ensino-fundamental-1\/extra-curriculares\" style=\"text-decoration: none;\">\r\n  <button class=\"comic-button\">Extra-<br>curriculares<\/button>\r\n<\/a>\t\t\t\t<\/div>\n\t\t\t\t<\/div>\n\t\t\t\t<div class=\"elementor-element elementor-element-2b56e61f elementor-widget elementor-widget-html\" data-id=\"2b56e61f\" data-element_type=\"widget\" data-e-type=\"widget\" data-widget_type=\"html.default\">\n\t\t\t\t<div class=\"elementor-widget-container\">\n\t\t\t\t\t<a href=\"\/guiaescolar\/ensino-fundamental-1\/plataformas-educacionais\" style=\"text-decoration: none;\">\r\n  <button class=\"comic-button\">Plataformas<br>Educacionais<\/button>\r\n<\/a>\t\t\t\t<\/div>\n\t\t\t\t<\/div>\n\t\t\t\t<div class=\"elementor-element elementor-element-67ef2f46 elementor-widget elementor-widget-html\" data-id=\"67ef2f46\" data-element_type=\"widget\" data-e-type=\"widget\" data-widget_type=\"html.default\">\n\t\t\t\t<div class=\"elementor-widget-container\">\n\t\t\t\t\t<a href=\"\/guiaescolar\/ensino-fundamental-1\/saida-de-estudos\" style=\"text-decoration: none;\">\r\n  <button class=\"comic-button\">Sa\u00eddas<br>de Estudos<\/button>\r\n<\/a>\t\t\t\t<\/div>\n\t\t\t\t<\/div>\n\t\t\t\t<\/div>\n\t\t<div class=\"elementor-element elementor-element-ecf38e2 e-grid e-con-full e-con e-child\" data-id=\"ecf38e2\" data-element_type=\"container\" data-e-type=\"container\">\n\t\t\t\t<div class=\"elementor-element elementor-element-42111a9a elementor-widget elementor-widget-html\" data-id=\"42111a9a\" data-element_type=\"widget\" data-e-type=\"widget\" data-widget_type=\"html.default\">\n\t\t\t\t<div class=\"elementor-widget-container\">\n\t\t\t\t\t<a href=\"\/guiaescolar\/ensino-fundamental-1\/aniversario\" style=\"text-decoration: none;\">\r\n  <button class=\"comic-button\">Anivers\u00e1rio<\/button>\r\n<\/a>\t\t\t\t<\/div>\n\t\t\t\t<\/div>\n\t\t\t\t<div class=\"elementor-element elementor-element-1c07e327 elementor-widget elementor-widget-html\" data-id=\"1c07e327\" data-element_type=\"widget\" data-e-type=\"widget\" data-widget_type=\"html.default\">\n\t\t\t\t<div class=\"elementor-widget-container\">\n\t\t\t\t\t<a href=\"\/guiaescolar\/ensino-fundamental-1\/reunioes-de-turmas\" style=\"text-decoration: none;\">\r\n  <button class=\"comic-button\">Reuni\u00f5es<br> de Turmas<\/button>\r\n<\/a>\t\t\t\t<\/div>\n\t\t\t\t<\/div>\n\t\t\t\t<div class=\"elementor-element elementor-element-21409e5b elementor-widget elementor-widget-html\" data-id=\"21409e5b\" data-element_type=\"widget\" data-e-type=\"widget\" data-widget_type=\"html.default\">\n\t\t\t\t<div class=\"elementor-widget-container\">\n\t\t\t\t\t<a href=\"\/guiaescolar\/ensino-fundamental-1\/ir-ktana\" style=\"text-decoration: none;\">\r\n  <button class=\"comic-button\">Ir Ktan\u00e1<\/button>\r\n<\/a>\t\t\t\t<\/div>\n\t\t\t\t<\/div>\n\t\t\t\t<\/div>\n\t\t<div class=\"elementor-element elementor-element-335e4f6 e-grid e-con-full e-con e-child\" data-id=\"335e4f6\" data-element_type=\"container\" data-e-type=\"container\">\n\t\t\t\t<div class=\"elementor-element elementor-element-ec01394 elementor-widget elementor-widget-html\" data-id=\"ec01394\" data-element_type=\"widget\" data-e-type=\"widget\" data-widget_type=\"html.default\">\n\t\t\t\t<div class=\"elementor-widget-container\">\n\t\t\t\t\t<a href=\"\/guiaescolar\/ensino-fundamental-1\/shabat-com-familias\" style=\"text-decoration: none;\">\r\n  <button class=\"comic-button\">Shabat<br>com Fam\u00edlias<\/button>\r\n<\/a>\t\t\t\t<\/div>\n\t\t\t\t<\/div>\n\t\t\t\t<\/div>\n\t\t\t\t<\/div>\n\t\t\t\t\t<\/div>\n\t\t\t\t<\/div>\n\t\t\t\t<\/div>\n\t\t","protected":false},"excerpt":{"rendered":"<p>GUIA ESCOLAR Lista de Materiais 2\u00ba ano Os materiais escolares adotados para 2026 estar\u00e3o dispon\u00edveis para venda na loja Letral, localizada na escola.\u00a0Em raz\u00e3o de obras, a loja estar\u00e1 temporariamente localizada na Sala de M\u00fasica. Informa\u00e7\u00f5es e or\u00e7amentos pelo WhatsApp 51 9819-9186. A loja tamb\u00e9m faz a entrega direta em sala de aula, do maternal [&hellip;]<\/p>\n","protected":false},"author":6,"featured_media":0,"parent":1043,"menu_order":0,"comment_status":"closed","ping_status":"closed","template":"","meta":{"footnotes":""},"class_list":["post-1062","page","type-page","status-publish","hentry"],"_links":{"self":[{"href":"https:\/\/israelitaedu.com.br\/guiaescolar\/wp-json\/wp\/v2\/pages\/1062","targetHints":{"allow":["GET"]}}],"collection":[{"href":"https:\/\/israelitaedu.com.br\/guiaescolar\/wp-json\/wp\/v2\/pages"}],"about":[{"href":"https:\/\/israelitaedu.com.br\/guiaescolar\/wp-json\/wp\/v2\/types\/page"}],"author":[{"embeddable":true,"href":"https:\/\/israelitaedu.com.br\/guiaescolar\/wp-json\/wp\/v2\/users\/6"}],"replies":[{"embeddable":true,"href":"https:\/\/israelitaedu.com.br\/guiaescolar\/wp-json\/wp\/v2\/comments?post=1062"}],"version-history":[{"count":21,"href":"https:\/\/israelitaedu.com.br\/guiaescolar\/wp-json\/wp\/v2\/pages\/1062\/revisions"}],"predecessor-version":[{"id":7490,"href":"https:\/\/israelitaedu.com.br\/guiaescolar\/wp-json\/wp\/v2\/pages\/1062\/revisions\/7490"}],"up":[{"embeddable":true,"href":"https:\/\/israelitaedu.com.br\/guiaescolar\/wp-json\/wp\/v2\/pages\/1043"}],"wp:attachment":[{"href":"https:\/\/israelitaedu.com.br\/guiaescolar\/wp-json\/wp\/v2\/media?parent=1062"}],"curies":[{"name":"wp","href":"https:\/\/api.w.org\/{rel}","templated":true}]}}