{"id":1028,"date":"2025-04-22T12:05:51","date_gmt":"2025-04-22T15:05:51","guid":{"rendered":"https:\/\/israelitaedu.com.br\/guiaescolar\/?page_id=1028"},"modified":"2025-12-08T16:02:25","modified_gmt":"2025-12-08T19:02:25","slug":"avaliacoes","status":"publish","type":"page","link":"https:\/\/israelitaedu.com.br\/guiaescolar\/ensino-fundamental-1\/avaliacoes\/","title":{"rendered":"Avalia\u00e7\u00f5es"},"content":{"rendered":"\t\t<div data-elementor-type=\"wp-page\" data-elementor-id=\"1028\" class=\"elementor elementor-1028\" data-elementor-post-type=\"page\">\n\t\t\t\t<div class=\"elementor-element elementor-element-660b119c e-flex e-con-boxed e-con e-parent\" data-id=\"660b119c\" data-element_type=\"container\" data-e-type=\"container\">\n\t\t\t\t\t<div class=\"e-con-inner\">\n\t\t<div class=\"elementor-element elementor-element-2a038d06 e-con-full e-flex e-con e-child\" data-id=\"2a038d06\" data-element_type=\"container\" data-e-type=\"container\">\n\t\t\t\t<div class=\"elementor-element elementor-element-49ba98d0 elementor-widget elementor-widget-heading\" data-id=\"49ba98d0\" data-element_type=\"widget\" data-e-type=\"widget\" data-widget_type=\"heading.default\">\n\t\t\t\t<div class=\"elementor-widget-container\">\n\t\t\t\t\t<h2 class=\"elementor-heading-title elementor-size-default\">Avalia\u00e7\u00e3o<\/h2>\t\t\t\t<\/div>\n\t\t\t\t<\/div>\n\t\t\t\t<\/div>\n\t\t<div class=\"elementor-element elementor-element-294ed999 e-con-full e-flex e-con e-child\" data-id=\"294ed999\" data-element_type=\"container\" data-e-type=\"container\">\n\t\t\t\t<div class=\"elementor-element elementor-element-30153528 elementor-widget elementor-widget-text-editor\" data-id=\"30153528\" data-element_type=\"widget\" data-e-type=\"widget\" data-widget_type=\"text-editor.default\">\n\t\t\t\t<div class=\"elementor-widget-container\">\n\t\t\t\t\t\t\t\t\t<p>A avalia\u00e7\u00e3o no CIB \u00e9 cont\u00ednua e formativa, orientada para compreender percursos, identificar avan\u00e7os e necessidades e qualificar as pr\u00e1ticas de ensino. Organizada em dois semestres, articula diferentes instrumentos e evid\u00eancias, sempre alinhada aos Planos de Ensino e \u00e0s diretrizes curriculares de cada etapa.<br \/>O processo avaliativo contempla tr\u00eas fun\u00e7\u00f5es complementares:<br \/>Diagn\u00f3stica, para identificar repert\u00f3rios iniciais;<br \/>Formativa, para acompanhar o desenvolvimento ao longo do percurso;<br \/>Somativa, para registrar os n\u00edveis de profici\u00eancia ao final dos ciclos.<br \/>Esse modelo garante intencionalidade, acompanhamento pedag\u00f3gico consistente e visibilidade ao desenvolvimento dos estudantes, fortalecendo a aprendizagem em todas as etapas.<\/p>\t\t\t\t\t\t\t\t<\/div>\n\t\t\t\t<\/div>\n\t\t\t\t<div class=\"elementor-element elementor-element-38841a4 elementor-widget elementor-widget-heading\" data-id=\"38841a4\" data-element_type=\"widget\" data-e-type=\"widget\" data-widget_type=\"heading.default\">\n\t\t\t\t<div class=\"elementor-widget-container\">\n\t\t\t\t\t<h2 class=\"elementor-heading-title elementor-size-default\">Relat\u00f3rio de Avalia\u00e7\u00e3o<\/h2>\t\t\t\t<\/div>\n\t\t\t\t<\/div>\n\t\t\t\t<div class=\"elementor-element elementor-element-c89075d elementor-widget elementor-widget-text-editor\" data-id=\"c89075d\" data-element_type=\"widget\" data-e-type=\"widget\" data-widget_type=\"text-editor.default\">\n\t\t\t\t<div class=\"elementor-widget-container\">\n\t\t\t\t\t\t\t\t\t<p><span style=\"font-weight: 400;\">\u00a0A avalia\u00e7\u00e3o \u00e9 registrada ao longo dos dois semestres e comunicada \u00e0s fam\u00edlias por meio do <\/span><b>Relat\u00f3rio de Avalia\u00e7\u00e3o<\/b><span style=\"font-weight: 400;\">, documento oficial que sintetiza o percurso do estudante.<\/span><\/p><p><b>No Ensino Fundamental l, <\/b><span style=\"font-weight: 400;\">\u00a0o Relat\u00f3rio apresenta as habilidades desenvolvidas e seus respectivos <\/span><b>n\u00edveis de profici\u00eancia<\/b><span style=\"font-weight: 400;\">, indicando o grau de dom\u00ednio e complexidade alcan\u00e7ados.<\/span><\/p>\t\t\t\t\t\t\t\t<\/div>\n\t\t\t\t<\/div>\n\t\t\t\t<div class=\"elementor-element elementor-element-4d6f2bb elementor-widget elementor-widget-heading\" data-id=\"4d6f2bb\" data-element_type=\"widget\" data-e-type=\"widget\" data-widget_type=\"heading.default\">\n\t\t\t\t<div class=\"elementor-widget-container\">\n\t\t\t\t\t<h2 class=\"elementor-heading-title elementor-size-default\">Escala de Profici\u00eancia<\/h2>\t\t\t\t<\/div>\n\t\t\t\t<\/div>\n\t\t\t\t<div class=\"elementor-element elementor-element-a72dba5 elementor-widget elementor-widget-text-editor\" data-id=\"a72dba5\" data-element_type=\"widget\" data-e-type=\"widget\" data-widget_type=\"text-editor.default\">\n\t\t\t\t<div class=\"elementor-widget-container\">\n\t\t\t\t\t\t\t\t\t<p><span style=\"font-weight: 400;\">As habilidades s\u00e3o traduzidas em descritores organizados em uma escala de profici\u00eancia, que expressa o n\u00edvel de dom\u00ednio do estudante.<\/span><\/p>\t\t\t\t\t\t\t\t<\/div>\n\t\t\t\t<\/div>\n\t\t\t\t<div class=\"elementor-element elementor-element-6335fec elementor-widget elementor-widget-text-editor\" data-id=\"6335fec\" data-element_type=\"widget\" data-e-type=\"widget\" data-widget_type=\"text-editor.default\">\n\t\t\t\t<div class=\"elementor-widget-container\">\n\t\t\t\t\t\t\t\t\t<table data-path-to-node=\"2\"><thead><tr><td><strong>N\u00edvel de Profici\u00eancia<\/strong><\/td><td><strong>C\u00f3digo<\/strong><\/td><td><strong>Descri\u00e7\u00e3o<\/strong><\/td><\/tr><\/thead><tbody><tr><td><span data-path-to-node=\"2,1,0,0\"><b>AVAN\u00c7ADO<\/b><\/span><\/td><td><span data-path-to-node=\"2,1,1,0\"><b>A<\/b><\/span><\/td><td><span data-path-to-node=\"2,1,2,0\">O discente demonstra um <b>entendimento sofisticado<\/b> e uma <b>aplicabilidade em situa\u00e7\u00f5es complexas<\/b>, dos conceitos, atitudes e\/ou procedimentos relevantes \u00e0 aprendizagem esperada.<\/span><\/td><\/tr><tr><td><span data-path-to-node=\"2,2,0,0\"><b>PROFICIENTE<\/b><\/span><\/td><td><span data-path-to-node=\"2,2,1,0\"><b>P<\/b><\/span><\/td><td><span data-path-to-node=\"2,2,2,0\">O discente demonstra um <b>entendimento consistente<\/b> e uma <b>s\u00f3lida aplicabilidade<\/b> dos conceitos, atitudes e\/ou procedimentos relevantes \u00e0 aprendizagem esperada.<\/span><\/td><\/tr><tr><td><span data-path-to-node=\"2,3,0,0\"><b>B\u00c1SICO<\/b><\/span><\/td><td><span data-path-to-node=\"2,3,1,0\"><b>B<\/b><\/span><\/td><td><span data-path-to-node=\"2,3,2,0\">O discente demonstra um <b>entendimento suficiente<\/b> e uma <b>aplicabilidade parcial<\/b> dos conceitos, atitudes e\/ou procedimentos relevantes \u00e0 aprendizagem esperada.<\/span><\/td><\/tr><tr><td><span data-path-to-node=\"2,4,0,0\"><b>INSUFICIENTE<\/b><\/span><\/td><td><span data-path-to-node=\"2,4,1,0\"><b>I<\/b><\/span><\/td><td><span data-path-to-node=\"2,4,2,0\">O discente demonstra um <b>entendimento inicial<\/b> e uma <b>restrita aplicabilidade<\/b> dos conceitos, atitudes e\/ou procedimentos relevantes \u00e0 aprendizagem esperada.<\/span><\/td><\/tr><tr><td><span data-path-to-node=\"2,5,0,0\"><b>Aus\u00eancia de profici\u00eancia<\/b><\/span><\/td><td><span data-path-to-node=\"2,5,1,0\"><b>C\u00f3digo<\/b><\/span><\/td><td><span data-path-to-node=\"2,5,2,0\"><b>Descri\u00e7\u00e3o<\/b><\/span><\/td><\/tr><tr><td><span data-path-to-node=\"2,6,0,0\"><b>N\u00c3O REALIZADO<\/b><\/span><\/td><td><span data-path-to-node=\"2,6,1,0\"><b>NR<\/b><\/span><\/td><td><span data-path-to-node=\"2,6,2,0\">N\u00e3o houve entrega\/produ\u00e7\u00e3o de evid\u00eancias do aprendizado por parte do discente, impossibilitando confirmar a compreens\u00e3o dos conceitos e o desenvolvimento da habilidade<\/span><\/td><\/tr><tr><td><span data-path-to-node=\"2,7,0,0\"><b>N\u00c3O AVALIADO<\/b><\/span><\/td><td><span data-path-to-node=\"2,7,1,0\"><b>NA<\/b><\/span><\/td><td><span data-path-to-node=\"2,7,2,0\">O discente n\u00e3o foi avaliado, nesta habilidade, por parte da escola.<\/span><\/td><\/tr><\/tbody><\/table>\t\t\t\t\t\t\t\t<\/div>\n\t\t\t\t<\/div>\n\t\t\t\t<\/div>\n\t\t\t\t\t<\/div>\n\t\t\t\t<\/div>\n\t\t<div class=\"elementor-element elementor-element-3cf3fcea e-con-full e-flex e-con e-child\" data-id=\"3cf3fcea\" data-element_type=\"container\" data-e-type=\"container\">\n\t\t\t\t<div class=\"elementor-element elementor-element-7f880410 elementor-widget elementor-widget-heading\" data-id=\"7f880410\" data-element_type=\"widget\" data-e-type=\"widget\" data-widget_type=\"heading.default\">\n\t\t\t\t<div class=\"elementor-widget-container\">\n\t\t\t\t\t<h2 class=\"elementor-heading-title elementor-size-default\"><span style=\"font-size: 33px;font-weight: 400;text-align: center\">Navega\u00e7\u00e3o&nbsp;<\/span><span style=\"font-size: 33px;font-weight: 400;text-align: center\">EF1<\/span><\/h2>\t\t\t\t<\/div>\n\t\t\t\t<\/div>\n\t\t<div class=\"elementor-element elementor-element-6289e76b e-grid e-con-full e-con e-child\" data-id=\"6289e76b\" data-element_type=\"container\" data-e-type=\"container\">\n\t\t\t\t<div class=\"elementor-element elementor-element-db0f043 elementor-widget elementor-widget-html\" data-id=\"db0f043\" data-element_type=\"widget\" data-e-type=\"widget\" data-widget_type=\"html.default\">\n\t\t\t\t<div class=\"elementor-widget-container\">\n\t\t\t\t\t<a href=\"\/guiaescolar\/ensino-fundamental-1\/horarios\" style=\"text-decoration: none;\">\r\n  <button class=\"comic-button\">Hor\u00e1rios<\/button>\r\n<\/a>\t\t\t\t<\/div>\n\t\t\t\t<\/div>\n\t\t\t\t<div class=\"elementor-element elementor-element-41a30c12 elementor-widget elementor-widget-html\" data-id=\"41a30c12\" data-element_type=\"widget\" data-e-type=\"widget\" data-widget_type=\"html.default\">\n\t\t\t\t<div class=\"elementor-widget-container\">\n\t\t\t\t\t<a href=\"\/guiaescolar\/ensino-fundamental-1\/salas-de-aula-ef1\/\" style=\"text-decoration: none;\">\r\n  <button class=\"comic-button\">Salas<br>de Aula<\/button>\r\n<\/a>\t\t\t\t<\/div>\n\t\t\t\t<\/div>\n\t\t\t\t<div class=\"elementor-element elementor-element-66fcc148 elementor-widget elementor-widget-html\" data-id=\"66fcc148\" data-element_type=\"widget\" data-e-type=\"widget\" data-widget_type=\"html.default\">\n\t\t\t\t<div class=\"elementor-widget-container\">\n\t\t\t\t\t<a href=\"\/guiaescolar\/ensino-fundamental-1\/entrada-e-saida\" style=\"text-decoration: none;\">\r\n  <button class=\"comic-button\">Entrada<br>e Sa\u00edda<\/button>\r\n<\/a>\t\t\t\t<\/div>\n\t\t\t\t<\/div>\n\t\t\t\t<\/div>\n\t\t<div class=\"elementor-element elementor-element-75a69aad e-grid e-con-full e-con e-child\" data-id=\"75a69aad\" data-element_type=\"container\" data-e-type=\"container\">\n\t\t\t\t<div class=\"elementor-element elementor-element-10ff62f7 elementor-widget elementor-widget-html\" data-id=\"10ff62f7\" data-element_type=\"widget\" data-e-type=\"widget\" data-widget_type=\"html.default\">\n\t\t\t\t<div class=\"elementor-widget-container\">\n\t\t\t\t\t<a href=\"\/guiaescolar\/ensino-fundamental-1\/recreacao\" style=\"text-decoration: none;\">\r\n  <button class=\"comic-button\">Recrea\u00e7\u00e3o<\/button>\r\n<\/a>\t\t\t\t<\/div>\n\t\t\t\t<\/div>\n\t\t\t\t<div class=\"elementor-element elementor-element-702c3972 elementor-widget elementor-widget-html\" data-id=\"702c3972\" data-element_type=\"widget\" data-e-type=\"widget\" data-widget_type=\"html.default\">\n\t\t\t\t<div class=\"elementor-widget-container\">\n\t\t\t\t\t<a href=\"\/guiaescolar\/ensino-fundamental-1\/avaliacoes\" style=\"text-decoration: none;\">\r\n  <button class=\"comic-button\">Avalia\u00e7\u00f5es<\/button>\r\n<\/a>\t\t\t\t<\/div>\n\t\t\t\t<\/div>\n\t\t\t\t<div class=\"elementor-element elementor-element-72f49fe8 elementor-widget elementor-widget-html\" data-id=\"72f49fe8\" data-element_type=\"widget\" data-e-type=\"widget\" data-widget_type=\"html.default\">\n\t\t\t\t<div class=\"elementor-widget-container\">\n\t\t\t\t\t<a href=\"\/guiaescolar\/ensino-fundamental-1\/lista-de-materiais\" style=\"text-decoration: none;\">\r\n  <button class=\"comic-button\">Lista<br>de Materiais<\/button>\r\n<\/a>\t\t\t\t<\/div>\n\t\t\t\t<\/div>\n\t\t\t\t<\/div>\n\t\t<div class=\"elementor-element elementor-element-729f332e e-grid e-con-full e-con e-child\" data-id=\"729f332e\" data-element_type=\"container\" data-e-type=\"container\">\n\t\t\t\t<div class=\"elementor-element elementor-element-6bde0d4 elementor-widget elementor-widget-html\" data-id=\"6bde0d4\" data-element_type=\"widget\" data-e-type=\"widget\" data-widget_type=\"html.default\">\n\t\t\t\t<div class=\"elementor-widget-container\">\n\t\t\t\t\t<a href=\"\/guiaescolar\/extracurriculares\/\" style=\"text-decoration: none;\">\r\n  <button class=\"comic-button\">Extra-<br>curriculares<\/button>\r\n<\/a>\t\t\t\t<\/div>\n\t\t\t\t<\/div>\n\t\t\t\t<div class=\"elementor-element elementor-element-253f6f92 elementor-widget elementor-widget-html\" data-id=\"253f6f92\" data-element_type=\"widget\" data-e-type=\"widget\" data-widget_type=\"html.default\">\n\t\t\t\t<div class=\"elementor-widget-container\">\n\t\t\t\t\t<a href=\"\/guiaescolar\/ensino-fundamental-1\/saida-de-estudos\" style=\"text-decoration: none;\">\r\n  <button class=\"comic-button\">Sa\u00eddas<br>de Estudos<\/button>\r\n<\/a>\t\t\t\t<\/div>\n\t\t\t\t<\/div>\n\t\t\t\t<div class=\"elementor-element elementor-element-6e4bc843 elementor-widget elementor-widget-html\" data-id=\"6e4bc843\" data-element_type=\"widget\" data-e-type=\"widget\" data-widget_type=\"html.default\">\n\t\t\t\t<div class=\"elementor-widget-container\">\n\t\t\t\t\t<a href=\"\/guiaescolar\/ensino-fundamental-1\/plataformas-educacionais\" style=\"text-decoration: none;\">\r\n  <button class=\"comic-button\">Plataformas<br>Educacionais<\/button>\r\n<\/a>\t\t\t\t<\/div>\n\t\t\t\t<\/div>\n\t\t\t\t<\/div>\n\t\t<div class=\"elementor-element elementor-element-fe8cdfb e-grid e-con-full e-con e-child\" data-id=\"fe8cdfb\" data-element_type=\"container\" data-e-type=\"container\">\n\t\t\t\t<div class=\"elementor-element elementor-element-19bee8ba elementor-widget elementor-widget-html\" data-id=\"19bee8ba\" data-element_type=\"widget\" data-e-type=\"widget\" data-widget_type=\"html.default\">\n\t\t\t\t<div class=\"elementor-widget-container\">\n\t\t\t\t\t<a href=\"\/guiaescolar\/ensino-fundamental-1\/aniversario\" style=\"text-decoration: none;\">\r\n  <button class=\"comic-button\">Anivers\u00e1rio<\/button>\r\n<\/a>\t\t\t\t<\/div>\n\t\t\t\t<\/div>\n\t\t\t\t<div class=\"elementor-element elementor-element-27de1aef elementor-widget elementor-widget-html\" data-id=\"27de1aef\" data-element_type=\"widget\" data-e-type=\"widget\" data-widget_type=\"html.default\">\n\t\t\t\t<div class=\"elementor-widget-container\">\n\t\t\t\t\t<a href=\"\/guiaescolar\/ensino-fundamental-1\/reunioes-de-turmas\" style=\"text-decoration: none;\">\r\n  <button class=\"comic-button\">Reuni\u00f5es<br> de Turmas<\/button>\r\n<\/a>\t\t\t\t<\/div>\n\t\t\t\t<\/div>\n\t\t\t\t<div class=\"elementor-element elementor-element-5310802a elementor-widget elementor-widget-html\" data-id=\"5310802a\" data-element_type=\"widget\" data-e-type=\"widget\" data-widget_type=\"html.default\">\n\t\t\t\t<div class=\"elementor-widget-container\">\n\t\t\t\t\t<a href=\"\/guiaescolar\/ensino-fundamental-1\/ir-ktana\" style=\"text-decoration: none;\">\r\n  <button class=\"comic-button\">Ir Ktan\u00e1<\/button>\r\n<\/a>\t\t\t\t<\/div>\n\t\t\t\t<\/div>\n\t\t\t\t<\/div>\n\t\t<div class=\"elementor-element elementor-element-544260a6 e-grid e-con-full e-con e-child\" data-id=\"544260a6\" data-element_type=\"container\" data-e-type=\"container\">\n\t\t\t\t<div class=\"elementor-element elementor-element-316039e4 elementor-widget elementor-widget-html\" data-id=\"316039e4\" data-element_type=\"widget\" data-e-type=\"widget\" data-widget_type=\"html.default\">\n\t\t\t\t<div class=\"elementor-widget-container\">\n\t\t\t\t\t<a href=\"\/guiaescolar\/ensino-fundamental-1\/shabat-com-familias\" style=\"text-decoration: none;\">\r\n  <button class=\"comic-button\">Shabat<br>com Fam\u00edlias<\/button>\r\n<\/a>\t\t\t\t<\/div>\n\t\t\t\t<\/div>\n\t\t\t\t<div class=\"elementor-element elementor-element-230ef0c5 elementor-widget elementor-widget-html\" data-id=\"230ef0c5\" data-element_type=\"widget\" data-e-type=\"widget\" data-widget_type=\"html.default\">\n\t\t\t\t<div class=\"elementor-widget-container\">\n\t\t\t\t\t<a href=\"\/guiaescolar\/planos-de-ensino-ensino-fundamental-1\/\" style=\"text-decoration: none;\">\r\n  <button class=\"comic-button\">Planos<br>de Ensino<\/button>\r\n<\/a>\t\t\t\t<\/div>\n\t\t\t\t<\/div>\n\t\t\t\t<div class=\"elementor-element elementor-element-afa4a64 elementor-widget elementor-widget-html\" data-id=\"afa4a64\" data-element_type=\"widget\" data-e-type=\"widget\" data-widget_type=\"html.default\">\n\t\t\t\t<div class=\"elementor-widget-container\">\n\t\t\t\t\t<a href=\"\/guiaescolar\/aee\/\" style=\"text-decoration: none;\">\r\n  <button class=\"comic-button\">AEE<\/button>\r\n<\/a>\t\t\t\t<\/div>\n\t\t\t\t<\/div>\n\t\t\t\t<\/div>\n\t\t<div class=\"elementor-element elementor-element-4edbcc44 e-grid e-con-full e-con e-child\" data-id=\"4edbcc44\" data-element_type=\"container\" data-e-type=\"container\">\n\t\t\t\t<div class=\"elementor-element elementor-element-6548dda8 elementor-widget elementor-widget-html\" data-id=\"6548dda8\" data-element_type=\"widget\" data-e-type=\"widget\" data-widget_type=\"html.default\">\n\t\t\t\t<div class=\"elementor-widget-container\">\n\t\t\t\t\t<a href=\"\/guiaescolar\/ensino-fundamental-1\/avaliacoes-externas\" style=\"text-decoration: none;\">\r\n  <button class=\"comic-button\">Avalia\u00e7\u00f5es<br>Externas<\/button>\r\n<\/a>\t\t\t\t<\/div>\n\t\t\t\t<\/div>\n\t\t\t\t<\/div>\n\t\t\t\t<\/div>\n\t\t\t\t<\/div>\n\t\t","protected":false},"excerpt":{"rendered":"<p>Avalia\u00e7\u00e3o A avalia\u00e7\u00e3o no CIB \u00e9 cont\u00ednua e formativa, orientada para compreender percursos, identificar avan\u00e7os e necessidades e qualificar as pr\u00e1ticas de ensino. Organizada em dois semestres, articula diferentes instrumentos e evid\u00eancias, sempre alinhada aos Planos de Ensino e \u00e0s diretrizes curriculares de cada etapa.O processo avaliativo contempla tr\u00eas fun\u00e7\u00f5es complementares:Diagn\u00f3stica, para identificar repert\u00f3rios iniciais;Formativa, [&hellip;]<\/p>\n","protected":false},"author":6,"featured_media":0,"parent":888,"menu_order":0,"comment_status":"closed","ping_status":"closed","template":"","meta":{"footnotes":""},"class_list":["post-1028","page","type-page","status-publish","hentry"],"_links":{"self":[{"href":"https:\/\/israelitaedu.com.br\/guiaescolar\/wp-json\/wp\/v2\/pages\/1028","targetHints":{"allow":["GET"]}}],"collection":[{"href":"https:\/\/israelitaedu.com.br\/guiaescolar\/wp-json\/wp\/v2\/pages"}],"about":[{"href":"https:\/\/israelitaedu.com.br\/guiaescolar\/wp-json\/wp\/v2\/types\/page"}],"author":[{"embeddable":true,"href":"https:\/\/israelitaedu.com.br\/guiaescolar\/wp-json\/wp\/v2\/users\/6"}],"replies":[{"embeddable":true,"href":"https:\/\/israelitaedu.com.br\/guiaescolar\/wp-json\/wp\/v2\/comments?post=1028"}],"version-history":[{"count":52,"href":"https:\/\/israelitaedu.com.br\/guiaescolar\/wp-json\/wp\/v2\/pages\/1028\/revisions"}],"predecessor-version":[{"id":6310,"href":"https:\/\/israelitaedu.com.br\/guiaescolar\/wp-json\/wp\/v2\/pages\/1028\/revisions\/6310"}],"up":[{"embeddable":true,"href":"https:\/\/israelitaedu.com.br\/guiaescolar\/wp-json\/wp\/v2\/pages\/888"}],"wp:attachment":[{"href":"https:\/\/israelitaedu.com.br\/guiaescolar\/wp-json\/wp\/v2\/media?parent=1028"}],"curies":[{"name":"wp","href":"https:\/\/api.w.org\/{rel}","templated":true}]}}